{"id":7941,"date":"2026-03-24T18:48:34","date_gmt":"2026-03-24T18:48:34","guid":{"rendered":"https:\/\/kiosque.acadienouvelle.com\/inauguration-centre-uni-caraquet-2026\/?page_id=7941"},"modified":"2026-04-08T19:49:18","modified_gmt":"2026-04-08T19:49:18","slug":"installations-service-communautaires","status":"publish","type":"page","link":"https:\/\/kiosque.acadienouvelle.com\/inauguration-centre-uni-caraquet-2026\/installations-service-communautaires\/","title":{"rendered":"Des installations au service de groupes communautaires"},"content":{"rendered":"\t\t<div data-elementor-type=\"wp-page\" data-elementor-id=\"7941\" class=\"elementor elementor-7941\" data-elementor-post-type=\"page\">\n\t\t\t\t\t\t<section class=\"elementor-section elementor-top-section elementor-element elementor-element-50c1b6e elementor-section-height-min-height header_title banner_img elementor-section-boxed elementor-section-height-default elementor-section-items-middle\" data-id=\"50c1b6e\" data-element_type=\"section\" data-e-type=\"section\" data-settings=\"{&quot;background_background&quot;:&quot;classic&quot;}\">\n\t\t\t\t\t\t\t<div class=\"elementor-background-overlay\"><\/div>\n\t\t\t\t\t\t\t<div class=\"elementor-container elementor-column-gap-default\">\n\t\t\t\t\t<div class=\"elementor-column elementor-col-100 elementor-top-column elementor-element elementor-element-3a2d241\" data-id=\"3a2d241\" data-element_type=\"column\" data-e-type=\"column\">\n\t\t\t<div class=\"elementor-widget-wrap elementor-element-populated\">\n\t\t\t\t\t\t<div class=\"elementor-element elementor-element-9673cd2 elementor-widget elementor-widget-heading\" data-id=\"9673cd2\" data-element_type=\"widget\" data-e-type=\"widget\" data-widget_type=\"heading.default\">\n\t\t\t\t<div class=\"elementor-widget-container\">\n\t\t\t\t\t<h2 class=\"elementor-heading-title elementor-size-default\">Des installations au service de groupes communautaires<\/h2>\t\t\t\t<\/div>\n\t\t\t\t<\/div>\n\t\t\t\t\t<\/div>\n\t\t<\/div>\n\t\t\t\t\t<\/div>\n\t\t<\/section>\n\t\t\t\t<section class=\"elementor-section elementor-top-section elementor-element elementor-element-d9a853a elementor-section-boxed elementor-section-height-default elementor-section-height-default\" data-id=\"d9a853a\" data-element_type=\"section\" data-e-type=\"section\">\n\t\t\t\t\t\t<div class=\"elementor-container elementor-column-gap-default\">\n\t\t\t\t\t<div class=\"elementor-column elementor-col-100 elementor-top-column elementor-element elementor-element-68d9c5a page_contain\" data-id=\"68d9c5a\" data-element_type=\"column\" data-e-type=\"column\" data-settings=\"{&quot;background_background&quot;:&quot;classic&quot;}\">\n\t\t\t<div class=\"elementor-widget-wrap elementor-element-populated\">\n\t\t\t\t<link rel=\"stylesheet\" href=\"https:\/\/use.fontawesome.com\/releases\/v5.5.0\/css\/all.css\" integrity=\"sha384-B4dIYHKNBt8Bc12p+WXckhzcICo0wtJAoU8YZTY5qE0Id1GSseTk6S+L3BlXeVIU\" crossorigin=\"anonymous\">\r\n\t\t<div class=\"elementor-element elementor-element-d0a0a3b mobile_pera elementor-widget elementor-widget-text-editor\" data-id=\"d0a0a3b\" data-element_type=\"widget\" data-e-type=\"widget\" data-widget_type=\"text-editor.default\">\n\t\t\t\t<div class=\"elementor-widget-container\">\n\t\t\t\t\t\t\t\t\tL\u2019Universit\u00e9 du troisi\u00e8me \u00e2ge (UTA) de Caraquet est un autre groupe qui profite des nouvelles installations du Centre UNI de Caraquet. Cet organisme pour les personnes de 50\u00a0ans et plus y occupe un local, utilise r\u00e9guli\u00e8rement la salle de r\u00e9union et pr\u00e9voit lancer une ligue de Scrabble qui tiendra ses parties au Centre.\t\t\t\t\t\t\t\t<\/div>\n\t\t\t\t<\/div>\n\t\t\t\t<div class=\"elementor-element elementor-element-a57f78a elementor-widget elementor-widget-advertisement\" data-id=\"a57f78a\" data-element_type=\"widget\" data-e-type=\"widget\" data-widget_type=\"advertisement.default\">\n\t\t\t\t<div class=\"elementor-widget-container\">\n\t\t\t\t\t<div class=\"ads-align-center\"><div data-m32-ad data-options='{\"sizes\":\"[[300,250]]\",\"dfpId\":\"21658289790,27729547\",\"dfpAdUnitPath\":\"acadienouvelle\/cahiers_quarterpage_300x250\"}'><\/div><\/div>\t\t\t\t<\/div>\n\t\t\t\t<\/div>\n\t\t\t\t<div class=\"elementor-element elementor-element-50f1f9b elementor-widget elementor-widget-image\" data-id=\"50f1f9b\" data-element_type=\"widget\" data-e-type=\"widget\" data-widget_type=\"image.default\">\n\t\t\t\t<div class=\"elementor-widget-container\">\n\t\t\t\t\t\t\t\t\t\t\t\t<figure class=\"wp-caption\">\n\t\t\t\t\t\t\t\t\t\t<img fetchpriority=\"high\" decoding=\"async\" width=\"1366\" height=\"768\" src=\"https:\/\/kiosque.acadienouvelle.com\/inauguration-centre-uni-caraquet-2026\/wp-content\/uploads\/sites\/388\/2026\/03\/13_IMG_9934b_land.jpg\" class=\"attachment-full size-full wp-image-7754\" alt=\"\" srcset=\"https:\/\/kiosque.acadienouvelle.com\/inauguration-centre-uni-caraquet-2026\/wp-content\/uploads\/sites\/388\/2026\/03\/13_IMG_9934b_land.jpg 1366w, https:\/\/kiosque.acadienouvelle.com\/inauguration-centre-uni-caraquet-2026\/wp-content\/uploads\/sites\/388\/2026\/03\/13_IMG_9934b_land-300x169.jpg 300w, https:\/\/kiosque.acadienouvelle.com\/inauguration-centre-uni-caraquet-2026\/wp-content\/uploads\/sites\/388\/2026\/03\/13_IMG_9934b_land-1024x576.jpg 1024w, https:\/\/kiosque.acadienouvelle.com\/inauguration-centre-uni-caraquet-2026\/wp-content\/uploads\/sites\/388\/2026\/03\/13_IMG_9934b_land-768x432.jpg 768w\" sizes=\"(max-width: 1366px) 100vw, 1366px\" \/>\t\t\t\t\t\t\t\t\t\t\t<figcaption class=\"widget-image-caption wp-caption-text\">Club plein air<\/figcaption>\n\t\t\t\t\t\t\t\t\t\t<\/figure>\n\t\t\t\t\t\t\t\t\t<\/div>\n\t\t\t\t<\/div>\n\t\t\t\t<div class=\"elementor-element elementor-element-2e2e382 mobile_pera elementor-widget elementor-widget-text-editor\" data-id=\"2e2e382\" data-element_type=\"widget\" data-e-type=\"widget\" data-widget_type=\"text-editor.default\">\n\t\t\t\t<div class=\"elementor-widget-container\">\n\t\t\t\t\t\t\t\t\tLe pr\u00e9sident, Jean Saint-Cyr, explique que son organisme a appuy\u00e9 le projet du Centre UNI en participant \u00e0 la campagne de financement. Aujourd\u2019hui, il est tr\u00e8s heureux de pouvoir profiter des installations. \n\t\t\t\t\t\t\t\t<\/div>\n\t\t\t\t<\/div>\n\t\t\t\t<div class=\"elementor-element elementor-element-c95185f mobile_pera elementor-widget elementor-widget-text-editor\" data-id=\"c95185f\" data-element_type=\"widget\" data-e-type=\"widget\" data-widget_type=\"text-editor.default\">\n\t\t\t\t<div class=\"elementor-widget-container\">\n\t\t\t\t\t\t\t\t\t\u00ab\u00a0Nous avons un local \u00e0 la disposition de l\u2019organisme et nous avons commenc\u00e9 \u00e0 tenir nos r\u00e9unions du conseil dans la magnifique salle de conf\u00e9rence du Centre UNI\u00a0\u00bb, pr\u00e9cise-t-il.\n\t\t\t\t\t\t\t\t<\/div>\n\t\t\t\t<\/div>\n\t\t\t\t<div class=\"elementor-element elementor-element-d927239 mobile_pera elementor-widget elementor-widget-text-editor\" data-id=\"d927239\" data-element_type=\"widget\" data-e-type=\"widget\" data-widget_type=\"text-editor.default\">\n\t\t\t\t<div class=\"elementor-widget-container\">\n\t\t\t\t\t\t\t\t\tL\u2019endroit avec table, chaises et ordinateur se pr\u00eate donc tr\u00e8s bien aux discussions lors de leurs r\u00e9unions hebdomadaires. \u00ab\u00a0C\u2019est vraiment une belle salle, tr\u00e8s bien \u00e9clair\u00e9e, et tr\u00e8s pratique pour les organismes\u00a0\u00bb, ajoute-t-il.\n\t\t\t\t\t\t\t\t<\/div>\n\t\t\t\t<\/div>\n\t\t\t\t<div class=\"elementor-element elementor-element-361e43c mobile_pera elementor-widget elementor-widget-text-editor\" data-id=\"361e43c\" data-element_type=\"widget\" data-e-type=\"widget\" data-widget_type=\"text-editor.default\">\n\t\t\t\t<div class=\"elementor-widget-container\">\n\t\t\t\t\t\t\t\t\tLes installations du Centre UNI ont aussi permis \u00e0 l\u2019UTA de lancer ce printemps une ligue de Scrabble avec un volet comp\u00e9titif et un volet r\u00e9cr\u00e9atif. \u00ab\u00a0Les parties auront lieu dans la salle de conf\u00e9rence si elle est disponible, sinon nous les tiendrons au troisi\u00e8me \u00e9tage o\u00f9 il y a plusieurs petites tables avec des chaises qui s\u2019appr\u00eatent parfaitement \u00e0 une partie de Scrabble\u00a0\u00bb, avance-t-il.\n\t\t\t\t\t\t\t\t<\/div>\n\t\t\t\t<\/div>\n\t\t\t\t<div class=\"elementor-element elementor-element-b796404 mobile_pera elementor-widget elementor-widget-text-editor\" data-id=\"b796404\" data-element_type=\"widget\" data-e-type=\"widget\" data-widget_type=\"text-editor.default\">\n\t\t\t\t<div class=\"elementor-widget-container\">\n\t\t\t\t\t\t\t\t\tEnfin, Jean Saint-Cyr souligne qu\u2019il a eu l\u2019occasion d\u2019effectuer une visite guid\u00e9e du Centre UNI et il se dit tr\u00e8s impressionn\u00e9 par la qualit\u00e9 des lieux. Il salue l\u2019esprit d\u2019ouverture et l\u2019invitation aux gens de tous les \u00e2ges pour profiter des installations. \u00ab\u00a0Le centre a vraiment \u00e9t\u00e9 bien con\u00e7u pour favoriser la participation communautaire et la participation citoyenne. Ce n\u2019est pas juste pour le hockey et, par exemple, beaucoup de personnes y vont tous les jours pour marcher sur la piste\u00a0\u00bb, conclut-il.\t\t\t\t\t\t\t\t<\/div>\n\t\t\t\t<\/div>\n\t\t\t\t\t<\/div>\n\t\t<\/div>\n\t\t\t\t\t<\/div>\n\t\t<\/section>\n\t\t\t\t<\/div>\n\t\t","protected":false},"excerpt":{"rendered":"<p>Des installations au service de groupes communautaires L\u2019Universit\u00e9 du troisi\u00e8me \u00e2ge (UTA) de Caraquet est un autre groupe qui profite des nouvelles installations du Centre UNI de Caraquet. Cet organisme pour les personnes de 50\u00a0ans et plus y occupe un local, utilise r\u00e9guli\u00e8rement la salle de r\u00e9union et pr\u00e9voit lancer une ligue de Scrabble qui [&hellip;]<\/p>\n","protected":false},"author":1,"featured_media":0,"parent":0,"menu_order":13,"comment_status":"closed","ping_status":"closed","template":"","meta":{"site-sidebar-layout":"no-sidebar","site-content-layout":"page-builder","ast-site-content-layout":"default","site-content-style":"default","site-sidebar-style":"default","ast-global-header-display":"","ast-banner-title-visibility":"","ast-main-header-display":"","ast-hfb-above-header-display":"","ast-hfb-below-header-display":"","ast-hfb-mobile-header-display":"","site-post-title":"disabled","ast-breadcrumbs-content":"","ast-featured-img":"disabled","footer-sml-layout":"","ast-disable-related-posts":"","theme-transparent-header-meta":"default","adv-header-id-meta":"","stick-header-meta":"","header-above-stick-meta":"","header-main-stick-meta":"","header-below-stick-meta":"","astra-migrate-meta-layouts":"default","ast-page-background-enabled":"default","ast-page-background-meta":{"desktop":{"background-color":"var(--ast-global-color-4)","background-image":"","background-repeat":"repeat","background-position":"center center","background-size":"auto","background-attachment":"scroll","background-type":"","background-media":"","overlay-type":"","overlay-color":"","overlay-opacity":"","overlay-gradient":""},"tablet":{"background-color":"","background-image":"","background-repeat":"repeat","background-position":"center center","background-size":"auto","background-attachment":"scroll","background-type":"","background-media":"","overlay-type":"","overlay-color":"","overlay-opacity":"","overlay-gradient":""},"mobile":{"background-color":"","background-image":"","background-repeat":"repeat","background-position":"center center","background-size":"auto","background-attachment":"scroll","background-type":"","background-media":"","overlay-type":"","overlay-color":"","overlay-opacity":"","overlay-gradient":""}},"ast-content-background-meta":{"desktop":{"background-color":"var(--ast-global-color-5)","background-image":"","background-repeat":"repeat","background-position":"center center","background-size":"auto","background-attachment":"scroll","background-type":"","background-media":"","overlay-type":"","overlay-color":"","overlay-opacity":"","overlay-gradient":""},"tablet":{"background-color":"var(--ast-global-color-5)","background-image":"","background-repeat":"repeat","background-position":"center center","background-size":"auto","background-attachment":"scroll","background-type":"","background-media":"","overlay-type":"","overlay-color":"","overlay-opacity":"","overlay-gradient":""},"mobile":{"background-color":"var(--ast-global-color-5)","background-image":"","background-repeat":"repeat","background-position":"center center","background-size":"auto","background-attachment":"scroll","background-type":"","background-media":"","overlay-type":"","overlay-color":"","overlay-opacity":"","overlay-gradient":""}},"footnotes":""},"page-categories":[],"class_list":["post-7941","page","type-page","status-publish","hentry"],"_links":{"self":[{"href":"https:\/\/kiosque.acadienouvelle.com\/inauguration-centre-uni-caraquet-2026\/wp-json\/wp\/v2\/pages\/7941","targetHints":{"allow":["GET"]}}],"collection":[{"href":"https:\/\/kiosque.acadienouvelle.com\/inauguration-centre-uni-caraquet-2026\/wp-json\/wp\/v2\/pages"}],"about":[{"href":"https:\/\/kiosque.acadienouvelle.com\/inauguration-centre-uni-caraquet-2026\/wp-json\/wp\/v2\/types\/page"}],"author":[{"embeddable":true,"href":"https:\/\/kiosque.acadienouvelle.com\/inauguration-centre-uni-caraquet-2026\/wp-json\/wp\/v2\/users\/1"}],"replies":[{"embeddable":true,"href":"https:\/\/kiosque.acadienouvelle.com\/inauguration-centre-uni-caraquet-2026\/wp-json\/wp\/v2\/comments?post=7941"}],"version-history":[{"count":13,"href":"https:\/\/kiosque.acadienouvelle.com\/inauguration-centre-uni-caraquet-2026\/wp-json\/wp\/v2\/pages\/7941\/revisions"}],"predecessor-version":[{"id":8147,"href":"https:\/\/kiosque.acadienouvelle.com\/inauguration-centre-uni-caraquet-2026\/wp-json\/wp\/v2\/pages\/7941\/revisions\/8147"}],"wp:attachment":[{"href":"https:\/\/kiosque.acadienouvelle.com\/inauguration-centre-uni-caraquet-2026\/wp-json\/wp\/v2\/media?parent=7941"}],"wp:term":[{"taxonomy":"page-categories","embeddable":true,"href":"https:\/\/kiosque.acadienouvelle.com\/inauguration-centre-uni-caraquet-2026\/wp-json\/wp\/v2\/page-categories?post=7941"}],"curies":[{"name":"wp","href":"https:\/\/api.w.org\/{rel}","templated":true}]}}