{"id":7788,"date":"2026-02-19T19:38:27","date_gmt":"2026-02-19T19:38:27","guid":{"rendered":"https:\/\/kiosque.acadienouvelle.com\/jour-femme-2026\/?page_id=7788"},"modified":"2026-02-23T18:55:06","modified_gmt":"2026-02-23T18:55:06","slug":"fin-iniquite-salariale","status":"publish","type":"page","link":"https:\/\/kiosque.acadienouvelle.com\/jour-femme-2026\/fin-iniquite-salariale\/","title":{"rendered":"\u00ab Ensemble, mettons fin pour  de bon \u00e0 l\u2019iniquit\u00e9 salariale! \u00bb"},"content":{"rendered":"\t\t<div data-elementor-type=\"wp-page\" data-elementor-id=\"7788\" class=\"elementor elementor-7788\" data-elementor-post-type=\"page\">\n\t\t\t\t\t\t<section class=\"elementor-section elementor-top-section elementor-element elementor-element-50c1b6e elementor-section-height-min-height header_title banner_img elementor-section-boxed elementor-section-height-default elementor-section-items-middle\" data-id=\"50c1b6e\" data-element_type=\"section\" data-e-type=\"section\" data-settings=\"{&quot;background_background&quot;:&quot;classic&quot;}\">\n\t\t\t\t\t\t\t<div class=\"elementor-background-overlay\"><\/div>\n\t\t\t\t\t\t\t<div class=\"elementor-container elementor-column-gap-default\">\n\t\t\t\t\t<div class=\"elementor-column elementor-col-100 elementor-top-column elementor-element elementor-element-3a2d241\" data-id=\"3a2d241\" data-element_type=\"column\" data-e-type=\"column\">\n\t\t\t<div class=\"elementor-widget-wrap elementor-element-populated\">\n\t\t\t\t\t\t<div class=\"elementor-element elementor-element-9673cd2 elementor-widget elementor-widget-heading\" data-id=\"9673cd2\" data-element_type=\"widget\" data-e-type=\"widget\" data-widget_type=\"heading.default\">\n\t\t\t\t<div class=\"elementor-widget-container\">\n\t\t\t\t\t<h2 class=\"elementor-heading-title elementor-size-default\">\u00ab Ensemble, mettons fin pour de bon \u00e0 l\u2019iniquit\u00e9 salariale! \u00bb<\/h2>\t\t\t\t<\/div>\n\t\t\t\t<\/div>\n\t\t\t\t\t<\/div>\n\t\t<\/div>\n\t\t\t\t\t<\/div>\n\t\t<\/section>\n\t\t\t\t<section class=\"elementor-section elementor-top-section elementor-element elementor-element-d9a853a elementor-section-boxed elementor-section-height-default elementor-section-height-default\" data-id=\"d9a853a\" data-element_type=\"section\" data-e-type=\"section\">\n\t\t\t\t\t\t<div class=\"elementor-container elementor-column-gap-default\">\n\t\t\t\t\t<div class=\"elementor-column elementor-col-100 elementor-top-column elementor-element elementor-element-68d9c5a page_contain\" data-id=\"68d9c5a\" data-element_type=\"column\" data-e-type=\"column\" data-settings=\"{&quot;background_background&quot;:&quot;classic&quot;}\">\n\t\t\t<div class=\"elementor-widget-wrap elementor-element-populated\">\n\t\t\t\t\t\t<div class=\"elementor-element elementor-element-50f1f9b elementor-widget elementor-widget-image\" data-id=\"50f1f9b\" data-element_type=\"widget\" data-e-type=\"widget\" data-widget_type=\"image.default\">\n\t\t\t\t<div class=\"elementor-widget-container\">\n\t\t\t\t\t\t\t\t\t\t\t\t<figure class=\"wp-caption\">\n\t\t\t\t\t\t\t\t\t\t<img fetchpriority=\"high\" decoding=\"async\" width=\"1366\" height=\"768\" src=\"https:\/\/kiosque.acadienouvelle.com\/jour-femme-2026\/wp-content\/uploads\/sites\/380\/2026\/02\/03_Raphaelle-Valay-Nadeau_land.jpg\" class=\"attachment-full size-full wp-image-7729\" alt=\"\" srcset=\"https:\/\/kiosque.acadienouvelle.com\/jour-femme-2026\/wp-content\/uploads\/sites\/380\/2026\/02\/03_Raphaelle-Valay-Nadeau_land.jpg 1366w, https:\/\/kiosque.acadienouvelle.com\/jour-femme-2026\/wp-content\/uploads\/sites\/380\/2026\/02\/03_Raphaelle-Valay-Nadeau_land-300x169.jpg 300w, https:\/\/kiosque.acadienouvelle.com\/jour-femme-2026\/wp-content\/uploads\/sites\/380\/2026\/02\/03_Raphaelle-Valay-Nadeau_land-1024x576.jpg 1024w, https:\/\/kiosque.acadienouvelle.com\/jour-femme-2026\/wp-content\/uploads\/sites\/380\/2026\/02\/03_Raphaelle-Valay-Nadeau_land-768x432.jpg 768w\" sizes=\"(max-width: 1366px) 100vw, 1366px\" \/>\t\t\t\t\t\t\t\t\t\t\t<figcaption class=\"widget-image-caption wp-caption-text\">Rapha\u00eblle Valay-Nadeau<\/figcaption>\n\t\t\t\t\t\t\t\t\t\t<\/figure>\n\t\t\t\t\t\t\t\t\t<\/div>\n\t\t\t\t<\/div>\n\t\t<link rel=\"stylesheet\" href=\"https:\/\/use.fontawesome.com\/releases\/v5.5.0\/css\/all.css\" integrity=\"sha384-B4dIYHKNBt8Bc12p+WXckhzcICo0wtJAoU8YZTY5qE0Id1GSseTk6S+L3BlXeVIU\" crossorigin=\"anonymous\">\r\n\t\t<div class=\"elementor-element elementor-element-d0a0a3b mobile_pera elementor-widget elementor-widget-text-editor\" data-id=\"d0a0a3b\" data-element_type=\"widget\" data-e-type=\"widget\" data-widget_type=\"text-editor.default\">\n\t\t\t\t<div class=\"elementor-widget-container\">\n\t\t\t\t\t\t\t\t\t<p><b>Rapha\u00eblle Valay-Nadeau<br \/><\/b><i> Pr\u00e9sidente de la Coalition\u00a0pour l\u2019\u00e9quit\u00e9 salariale<\/i><\/p>\t\t\t\t\t\t\t\t<\/div>\n\t\t\t\t<\/div>\n\t\t\t\t<div class=\"elementor-element elementor-element-74263c8 mobile_pera elementor-widget elementor-widget-text-editor\" data-id=\"74263c8\" data-element_type=\"widget\" data-e-type=\"widget\" data-widget_type=\"text-editor.default\">\n\t\t\t\t<div class=\"elementor-widget-container\">\n\t\t\t\t\t\t\t\t\t\u00ab Quand la Coalition pour l\u2019\u00e9quit\u00e9 salariale du Nouveau-Brunswick a \u00e9t\u00e9 fond\u00e9e en 2001, l\u2019une des cofondatrices, la regrett\u00e9e Huberte Gautreau, croyait que ce combat serait r\u00e9gl\u00e9 \u201cen quelques ann\u00e9es\u201d, parce que l\u2019\u00e9quit\u00e9 salariale allait de soi. Vingt-cinq ans plus tard, on se bat encore pour quelque chose de fondamental : le respect de nos droits.\t\t\t\t\t\t\t\t<\/div>\n\t\t\t\t<\/div>\n\t\t\t\t<div class=\"elementor-element elementor-element-281a53e elementor-widget elementor-widget-advertisement\" data-id=\"281a53e\" data-element_type=\"widget\" data-e-type=\"widget\" data-widget_type=\"advertisement.default\">\n\t\t\t\t<div class=\"elementor-widget-container\">\n\t\t\t\t\t<div class=\"ads-align-center\"><div data-m32-ad data-options='{\"sizes\":\"[[300,100]]\",\"dfpId\":\"21658289790,27729547\",\"dfpAdUnitPath\":\"acadienouvelle\/cahiers_onefifthpage_300x100\"}'><\/div><\/div>\t\t\t\t<\/div>\n\t\t\t\t<\/div>\n\t\t\t\t<div class=\"elementor-element elementor-element-070c32f mobile_pera elementor-widget elementor-widget-text-editor\" data-id=\"070c32f\" data-element_type=\"widget\" data-e-type=\"widget\" data-widget_type=\"text-editor.default\">\n\t\t\t\t<div class=\"elementor-widget-container\">\n\t\t\t\t\t\t\t\t\tCette lutte est port\u00e9e par des centaines, voire des milliers, de personnes de tous genres, milieux de travail et coins de la province. Elle repose sur une conviction simple&nbsp;: le travail majoritairement effectu\u00e9 par des femmes m\u00e9rite d\u2019\u00eatre reconnu et pay\u00e9 \u00e0 sa juste valeur. L\u2019appui du public a toujours \u00e9t\u00e9 pr\u00e9sent ; c\u2019est la volont\u00e9 politique qui a trop souvent manqu\u00e9.\t\t\t\t\t\t\t\t<\/div>\n\t\t\t\t<\/div>\n\t\t\t\t<div class=\"elementor-element elementor-element-0b6ad93 mobile_pera elementor-widget elementor-widget-text-editor\" data-id=\"0b6ad93\" data-element_type=\"widget\" data-e-type=\"widget\" data-widget_type=\"text-editor.default\">\n\t\t\t\t<div class=\"elementor-widget-container\">\n\t\t\t\t\t\t\t\t\t<p><b>Nous sommes rendus\u00a0<\/b><b style=\"font-style: inherit;\">\u00e0 un moment charni\u00e8re<\/b><\/p>\t\t\t\t\t\t\t\t<\/div>\n\t\t\t\t<\/div>\n\t\t\t\t<div class=\"elementor-element elementor-element-2ce602f mobile_pera elementor-widget elementor-widget-text-editor\" data-id=\"2ce602f\" data-element_type=\"widget\" data-e-type=\"widget\" data-widget_type=\"text-editor.default\">\n\t\t\t\t<div class=\"elementor-widget-container\">\n\t\t\t\t\t\t\t\t\tEn cette Journ\u00e9e internationale des droits des femmes, le Nouveau-Brunswick se trouve \u00e0 un moment charni\u00e8re. La volont\u00e9 politique semble enfin \u00e0 port\u00e9e de main. Le gouvernement provincial pr\u00e9voit de d\u00e9poser une loi sur la transparence salariale cette ann\u00e9e, ainsi qu\u2019une loi sur l\u2019\u00e9quit\u00e9 salariale pour le secteur priv\u00e9 en 2027. Il s\u2019agit d\u2019une fen\u00eatre politique rare pour faire respecter, par la loi, le droit \u00e0 un salaire sans discrimination.\n\t\t\t\t\t\t\t\t<\/div>\n\t\t\t\t<\/div>\n\t\t\t\t<div class=\"elementor-element elementor-element-1ab7c2d elementor-widget elementor-widget-advertisement\" data-id=\"1ab7c2d\" data-element_type=\"widget\" data-e-type=\"widget\" data-widget_type=\"advertisement.default\">\n\t\t\t\t<div class=\"elementor-widget-container\">\n\t\t\t\t\t<div class=\"ads-align-center\"><div data-m32-ad data-options='{\"sizes\":\"[[300,100]]\",\"dfpId\":\"21658289790,27729547\",\"dfpAdUnitPath\":\"acadienouvelle\/cahiers_onefifthpage02_300x100\"}'><\/div><\/div>\t\t\t\t<\/div>\n\t\t\t\t<\/div>\n\t\t\t\t<div class=\"elementor-element elementor-element-eb524f0 mobile_pera elementor-widget elementor-widget-text-editor\" data-id=\"eb524f0\" data-element_type=\"widget\" data-e-type=\"widget\" data-widget_type=\"text-editor.default\">\n\t\t\t\t<div class=\"elementor-widget-container\">\n\t\t\t\t\t\t\t\t\tLa transparence salariale met en lumi\u00e8re les \u00e9carts de r\u00e9mun\u00e9ration et aide \u00e0 faire respecter la parit\u00e9 salariale. L\u2019\u00e9quit\u00e9 salariale garantit que les emplois surtout occup\u00e9s par des femmes sont r\u00e9mun\u00e9r\u00e9s \u00e0 la hauteur de leur valeur, au m\u00eame titre que ceux surtout occup\u00e9s par des hommes. \n\t\t\t\t\t\t\t\t<\/div>\n\t\t\t\t<\/div>\n\t\t\t\t<div class=\"elementor-element elementor-element-64ff6e9 mobile_pera elementor-widget elementor-widget-text-editor\" data-id=\"64ff6e9\" data-element_type=\"widget\" data-e-type=\"widget\" data-widget_type=\"text-editor.default\">\n\t\t\t\t<div class=\"elementor-widget-container\">\n\t\t\t\t\t\t\t\t\tEnsemble, ces deux lois peuvent enfin mettre fin \u00e0 des in\u00e9galit\u00e9s qui persistent depuis trop longtemps. Leur port\u00e9e va bien au-del\u00e0 des ch\u00e8ques de paie. Elles peuvent transformer la fa\u00e7on dont notre soci\u00e9t\u00e9 et notre \u00e9conomie reconnaissent la valeur du travail des femmes. La sous-valorisation de ce travail limite l\u2019autonomie des femmes et fragilise leur s\u00e9curit\u00e9 au quotidien. Dans un contexte o\u00f9 le co\u00fbt de la vie augmente et o\u00f9 les \u00e9carts de richesse se creusent, ses effets se font sentir encore plus durement.\n\t\t\t\t\t\t\t\t<\/div>\n\t\t\t\t<\/div>\n\t\t\t\t<div class=\"elementor-element elementor-element-d9ea614 mobile_pera elementor-widget elementor-widget-text-editor\" data-id=\"d9ea614\" data-element_type=\"widget\" data-e-type=\"widget\" data-widget_type=\"text-editor.default\">\n\t\t\t\t<div class=\"elementor-widget-container\">\n\t\t\t\t\t\t\t\t\t<p><b>On a aujourd\u2019hui une vraie occasion de r\u00e9gler cette injustice pour de bon.\u00a0<\/b><b style=\"font-style: inherit;\">On est plus pr\u00e8s que jamais du but. Mais pour aller jusqu\u2019au bout, on a besoin de rester solidaire. \u00bb<\/b><\/p>\t\t\t\t\t\t\t\t<\/div>\n\t\t\t\t<\/div>\n\t\t\t\t<div class=\"elementor-element elementor-element-70db0fd elementor-widget elementor-widget-heading\" data-id=\"70db0fd\" data-element_type=\"widget\" data-e-type=\"widget\" data-widget_type=\"heading.default\">\n\t\t\t\t<div class=\"elementor-widget-container\">\n\t\t\t\t\t<h3 class=\"elementor-heading-title elementor-size-default\">Rhum cannelle-citron<\/h3>\t\t\t\t<\/div>\n\t\t\t\t<\/div>\n\t\t\t\t\t<\/div>\n\t\t<\/div>\n\t\t\t\t\t<\/div>\n\t\t<\/section>\n\t\t\t\t<\/div>\n\t\t","protected":false},"excerpt":{"rendered":"<p>\u00ab Ensemble, mettons fin pour de bon \u00e0 l\u2019iniquit\u00e9 salariale! \u00bb Rapha\u00eblle Valay-Nadeau Rapha\u00eblle Valay-Nadeau Pr\u00e9sidente de la Coalition\u00a0pour l\u2019\u00e9quit\u00e9 salariale \u00ab Quand la Coalition pour l\u2019\u00e9quit\u00e9 salariale du Nouveau-Brunswick a \u00e9t\u00e9 fond\u00e9e en 2001, l\u2019une des cofondatrices, la regrett\u00e9e Huberte Gautreau, croyait que ce combat serait r\u00e9gl\u00e9 \u201cen quelques ann\u00e9es\u201d, parce que l\u2019\u00e9quit\u00e9 salariale [&hellip;]<\/p>\n","protected":false},"author":1,"featured_media":0,"parent":0,"menu_order":3,"comment_status":"closed","ping_status":"closed","template":"","meta":{"site-sidebar-layout":"no-sidebar","site-content-layout":"page-builder","ast-site-content-layout":"default","site-content-style":"default","site-sidebar-style":"default","ast-global-header-display":"","ast-banner-title-visibility":"","ast-main-header-display":"","ast-hfb-above-header-display":"","ast-hfb-below-header-display":"","ast-hfb-mobile-header-display":"","site-post-title":"disabled","ast-breadcrumbs-content":"","ast-featured-img":"disabled","footer-sml-layout":"","ast-disable-related-posts":"","theme-transparent-header-meta":"default","adv-header-id-meta":"","stick-header-meta":"","header-above-stick-meta":"","header-main-stick-meta":"","header-below-stick-meta":"","astra-migrate-meta-layouts":"default","ast-page-background-enabled":"default","ast-page-background-meta":{"desktop":{"background-color":"var(--ast-global-color-4)","background-image":"","background-repeat":"repeat","background-position":"center center","background-size":"auto","background-attachment":"scroll","background-type":"","background-media":"","overlay-type":"","overlay-color":"","overlay-opacity":"","overlay-gradient":""},"tablet":{"background-color":"","background-image":"","background-repeat":"repeat","background-position":"center center","background-size":"auto","background-attachment":"scroll","background-type":"","background-media":"","overlay-type":"","overlay-color":"","overlay-opacity":"","overlay-gradient":""},"mobile":{"background-color":"","background-image":"","background-repeat":"repeat","background-position":"center center","background-size":"auto","background-attachment":"scroll","background-type":"","background-media":"","overlay-type":"","overlay-color":"","overlay-opacity":"","overlay-gradient":""}},"ast-content-background-meta":{"desktop":{"background-color":"var(--ast-global-color-5)","background-image":"","background-repeat":"repeat","background-position":"center center","background-size":"auto","background-attachment":"scroll","background-type":"","background-media":"","overlay-type":"","overlay-color":"","overlay-opacity":"","overlay-gradient":""},"tablet":{"background-color":"var(--ast-global-color-5)","background-image":"","background-repeat":"repeat","background-position":"center center","background-size":"auto","background-attachment":"scroll","background-type":"","background-media":"","overlay-type":"","overlay-color":"","overlay-opacity":"","overlay-gradient":""},"mobile":{"background-color":"var(--ast-global-color-5)","background-image":"","background-repeat":"repeat","background-position":"center center","background-size":"auto","background-attachment":"scroll","background-type":"","background-media":"","overlay-type":"","overlay-color":"","overlay-opacity":"","overlay-gradient":""}},"footnotes":""},"page-categories":[],"class_list":["post-7788","page","type-page","status-publish","hentry"],"_links":{"self":[{"href":"https:\/\/kiosque.acadienouvelle.com\/jour-femme-2026\/wp-json\/wp\/v2\/pages\/7788","targetHints":{"allow":["GET"]}}],"collection":[{"href":"https:\/\/kiosque.acadienouvelle.com\/jour-femme-2026\/wp-json\/wp\/v2\/pages"}],"about":[{"href":"https:\/\/kiosque.acadienouvelle.com\/jour-femme-2026\/wp-json\/wp\/v2\/types\/page"}],"author":[{"embeddable":true,"href":"https:\/\/kiosque.acadienouvelle.com\/jour-femme-2026\/wp-json\/wp\/v2\/users\/1"}],"replies":[{"embeddable":true,"href":"https:\/\/kiosque.acadienouvelle.com\/jour-femme-2026\/wp-json\/wp\/v2\/comments?post=7788"}],"version-history":[{"count":10,"href":"https:\/\/kiosque.acadienouvelle.com\/jour-femme-2026\/wp-json\/wp\/v2\/pages\/7788\/revisions"}],"predecessor-version":[{"id":7903,"href":"https:\/\/kiosque.acadienouvelle.com\/jour-femme-2026\/wp-json\/wp\/v2\/pages\/7788\/revisions\/7903"}],"wp:attachment":[{"href":"https:\/\/kiosque.acadienouvelle.com\/jour-femme-2026\/wp-json\/wp\/v2\/media?parent=7788"}],"wp:term":[{"taxonomy":"page-categories","embeddable":true,"href":"https:\/\/kiosque.acadienouvelle.com\/jour-femme-2026\/wp-json\/wp\/v2\/page-categories?post=7788"}],"curies":[{"name":"wp","href":"https:\/\/api.w.org\/{rel}","templated":true}]}}