{"id":7796,"date":"2026-02-19T19:46:56","date_gmt":"2026-02-19T19:46:56","guid":{"rendered":"https:\/\/kiosque.acadienouvelle.com\/jour-femme-2026\/?page_id=7796"},"modified":"2026-02-20T20:18:40","modified_gmt":"2026-02-20T20:18:40","slug":"annee-2025-positive","status":"publish","type":"page","link":"https:\/\/kiosque.acadienouvelle.com\/jour-femme-2026\/annee-2025-positive\/","title":{"rendered":"L\u2019ann\u00e9e 2025 fut g\u00e9n\u00e9ralement positive!"},"content":{"rendered":"\t\t<div data-elementor-type=\"wp-page\" data-elementor-id=\"7796\" class=\"elementor elementor-7796\" data-elementor-post-type=\"page\">\n\t\t\t\t\t\t<section class=\"elementor-section elementor-top-section elementor-element elementor-element-50c1b6e elementor-section-height-min-height header_title banner_img elementor-section-boxed elementor-section-height-default elementor-section-items-middle\" data-id=\"50c1b6e\" data-element_type=\"section\" data-e-type=\"section\" data-settings=\"{&quot;background_background&quot;:&quot;classic&quot;}\">\n\t\t\t\t\t\t\t<div class=\"elementor-background-overlay\"><\/div>\n\t\t\t\t\t\t\t<div class=\"elementor-container elementor-column-gap-default\">\n\t\t\t\t\t<div class=\"elementor-column elementor-col-100 elementor-top-column elementor-element elementor-element-3a2d241\" data-id=\"3a2d241\" data-element_type=\"column\" data-e-type=\"column\">\n\t\t\t<div class=\"elementor-widget-wrap elementor-element-populated\">\n\t\t\t\t\t\t<div class=\"elementor-element elementor-element-9673cd2 elementor-widget elementor-widget-heading\" data-id=\"9673cd2\" data-element_type=\"widget\" data-e-type=\"widget\" data-widget_type=\"heading.default\">\n\t\t\t\t<div class=\"elementor-widget-container\">\n\t\t\t\t\t<h2 class=\"elementor-heading-title elementor-size-default\">L\u2019ann\u00e9e 2025 fut g\u00e9n\u00e9ralement positive!<\/h2>\t\t\t\t<\/div>\n\t\t\t\t<\/div>\n\t\t\t\t\t<\/div>\n\t\t<\/div>\n\t\t\t\t\t<\/div>\n\t\t<\/section>\n\t\t\t\t<section class=\"elementor-section elementor-top-section elementor-element elementor-element-d9a853a elementor-section-boxed elementor-section-height-default elementor-section-height-default\" data-id=\"d9a853a\" data-element_type=\"section\" data-e-type=\"section\">\n\t\t\t\t\t\t<div class=\"elementor-container elementor-column-gap-default\">\n\t\t\t\t\t<div class=\"elementor-column elementor-col-100 elementor-top-column elementor-element elementor-element-68d9c5a page_contain\" data-id=\"68d9c5a\" data-element_type=\"column\" data-e-type=\"column\" data-settings=\"{&quot;background_background&quot;:&quot;classic&quot;}\">\n\t\t\t<div class=\"elementor-widget-wrap elementor-element-populated\">\n\t\t\t\t\t\t<div class=\"elementor-element elementor-element-50f1f9b elementor-widget elementor-widget-image\" data-id=\"50f1f9b\" data-element_type=\"widget\" data-e-type=\"widget\" data-widget_type=\"image.default\">\n\t\t\t\t<div class=\"elementor-widget-container\">\n\t\t\t\t\t\t\t\t\t\t\t\t<figure class=\"wp-caption\">\n\t\t\t\t\t\t\t\t\t\t<img fetchpriority=\"high\" decoding=\"async\" width=\"1366\" height=\"768\" src=\"https:\/\/kiosque.acadienouvelle.com\/jour-femme-2026\/wp-content\/uploads\/sites\/380\/2026\/02\/04_Arianne-Melara_land.jpg\" class=\"attachment-full size-full wp-image-7731\" alt=\"\" srcset=\"https:\/\/kiosque.acadienouvelle.com\/jour-femme-2026\/wp-content\/uploads\/sites\/380\/2026\/02\/04_Arianne-Melara_land.jpg 1366w, https:\/\/kiosque.acadienouvelle.com\/jour-femme-2026\/wp-content\/uploads\/sites\/380\/2026\/02\/04_Arianne-Melara_land-300x169.jpg 300w, https:\/\/kiosque.acadienouvelle.com\/jour-femme-2026\/wp-content\/uploads\/sites\/380\/2026\/02\/04_Arianne-Melara_land-1024x576.jpg 1024w, https:\/\/kiosque.acadienouvelle.com\/jour-femme-2026\/wp-content\/uploads\/sites\/380\/2026\/02\/04_Arianne-Melara_land-768x432.jpg 768w\" sizes=\"(max-width: 1366px) 100vw, 1366px\" \/>\t\t\t\t\t\t\t\t\t\t\t<figcaption class=\"widget-image-caption wp-caption-text\">Arianne Melara Orellana<\/figcaption>\n\t\t\t\t\t\t\t\t\t\t<\/figure>\n\t\t\t\t\t\t\t\t\t<\/div>\n\t\t\t\t<\/div>\n\t\t<link rel=\"stylesheet\" href=\"https:\/\/use.fontawesome.com\/releases\/v5.5.0\/css\/all.css\" integrity=\"sha384-B4dIYHKNBt8Bc12p+WXckhzcICo0wtJAoU8YZTY5qE0Id1GSseTk6S+L3BlXeVIU\" crossorigin=\"anonymous\">\r\n\t\t<div class=\"elementor-element elementor-element-d0a0a3b mobile_pera elementor-widget elementor-widget-text-editor\" data-id=\"d0a0a3b\" data-element_type=\"widget\" data-e-type=\"widget\" data-widget_type=\"text-editor.default\">\n\t\t\t\t<div class=\"elementor-widget-container\">\n\t\t\t\t\t\t\t\t\tQuand elle pose un regard sur les dossiers des droits et int\u00e9r\u00eats des femmes et des minorit\u00e9s de genre au cours de la derni\u00e8re ann\u00e9e, la copr\u00e9sidente du Regroupement f\u00e9ministe du Nouveau-Brunswick (RFNB) dresse un bilan g\u00e9n\u00e9ralement positif. Un contexte d\u2019incertitude a r\u00e9gn\u00e9, mais Arianne Melara Orellana a \u00e9galement not\u00e9 plusieurs projets collaboratifs qui ont donn\u00e9 d\u2019excellents r\u00e9sultats.\t\t\t\t\t\t\t\t<\/div>\n\t\t\t\t<\/div>\n\t\t\t\t<div class=\"elementor-element elementor-element-c771d82 elementor-widget elementor-widget-advertisement\" data-id=\"c771d82\" data-element_type=\"widget\" data-e-type=\"widget\" data-widget_type=\"advertisement.default\">\n\t\t\t\t<div class=\"elementor-widget-container\">\n\t\t\t\t\t<div class=\"ads-align-center\"><div data-m32-ad data-options='{\"sizes\":\"[[300,100]]\",\"dfpId\":\"21658289790,27729547\",\"dfpAdUnitPath\":\"acadienouvelle\/cahiers_onefifthpage_300x100\"}'><\/div><\/div>\t\t\t\t<\/div>\n\t\t\t\t<\/div>\n\t\t\t\t<div class=\"elementor-element elementor-element-58a903d mobile_pera elementor-widget elementor-widget-text-editor\" data-id=\"58a903d\" data-element_type=\"widget\" data-e-type=\"widget\" data-widget_type=\"text-editor.default\">\n\t\t\t\t<div class=\"elementor-widget-container\">\n\t\t\t\t\t\t\t\t\t\u00ab Il est difficile de penser \u00e0 la derni\u00e8re ann\u00e9e sans penser au contexte volatile d\u2019incertitude, d\u2019ambigu\u00eft\u00e9  et de complexit\u00e9 dans lequel nous nous retrouvons en tant qu\u2019organisme \u00e0 but non lucratif dont la mission est d\u2019appuyer les luttes contre toutes les oppressions \u00bb, affirme-t-elle.\n\t\t\t\t\t\t\t\t<\/div>\n\t\t\t\t<\/div>\n\t\t\t\t<div class=\"elementor-element elementor-element-cf3d3a4 mobile_pera elementor-widget elementor-widget-text-editor\" data-id=\"cf3d3a4\" data-element_type=\"widget\" data-e-type=\"widget\" data-widget_type=\"text-editor.default\">\n\t\t\t\t<div class=\"elementor-widget-container\">\n\t\t\t\t\t\t\t\t\tElle souligne aussi l\u2019incertitude li\u00e9e aux annonces anticip\u00e9es d\u2019aust\u00e9rit\u00e9 budg\u00e9taire du gouvernement f\u00e9d\u00e9ral qui affectera les organismes comme le RFNB. \u00ab Ceci met beaucoup de pression sur le secteur \u00e0 but non lucratif qui, justement, a besoin d\u2019avoir des investissements concrets et durables en mati\u00e8re de renforcement de filets sociaux&nbsp;\u00bb, signale-t-elle.\t\t\t\t\t\t\t\t<\/div>\n\t\t\t\t<\/div>\n\t\t\t\t<div class=\"elementor-element elementor-element-1acb6fb elementor-widget elementor-widget-advertisement\" data-id=\"1acb6fb\" data-element_type=\"widget\" data-e-type=\"widget\" data-widget_type=\"advertisement.default\">\n\t\t\t\t<div class=\"elementor-widget-container\">\n\t\t\t\t\t<div class=\"ads-align-center\"><div data-m32-ad data-options='{\"sizes\":\"[[300,100]]\",\"dfpId\":\"21658289790,27729547\",\"dfpAdUnitPath\":\"acadienouvelle\/cahiers_onefifthpage02_300x100\"}'><\/div><\/div>\t\t\t\t<\/div>\n\t\t\t\t<\/div>\n\t\t\t\t<div class=\"elementor-element elementor-element-520655f mobile_pera elementor-widget elementor-widget-text-editor\" data-id=\"520655f\" data-element_type=\"widget\" data-e-type=\"widget\" data-widget_type=\"text-editor.default\">\n\t\t\t\t<div class=\"elementor-widget-container\">\n\t\t\t\t\t\t\t\t\t<p>Toutefois, ceci a entra\u00een\u00e9 une solidarit\u00e9 entre les organismes f\u00e9ministes et communautaires dans une lev\u00e9e de boucliers nationale avec des prises de position communes pour d\u00e9noncer les risques de compressions budg\u00e9taires sur les populations vuln\u00e9rables.<\/p>\t\t\t\t\t\t\t\t<\/div>\n\t\t\t\t<\/div>\n\t\t\t\t<div class=\"elementor-element elementor-element-0b6ad93 mobile_pera elementor-widget elementor-widget-text-editor\" data-id=\"0b6ad93\" data-element_type=\"widget\" data-e-type=\"widget\" data-widget_type=\"text-editor.default\">\n\t\t\t\t<div class=\"elementor-widget-container\">\n\t\t\t\t\t\t\t\t\t<p><b>Une approche collaborative<\/b><\/p>\t\t\t\t\t\t\t\t<\/div>\n\t\t\t\t<\/div>\n\t\t\t\t<div class=\"elementor-element elementor-element-74263c8 mobile_pera elementor-widget elementor-widget-text-editor\" data-id=\"74263c8\" data-element_type=\"widget\" data-e-type=\"widget\" data-widget_type=\"text-editor.default\">\n\t\t\t\t<div class=\"elementor-widget-container\">\n\t\t\t\t\t\t\t\t\t\u00c0 l\u2019\u00e9chelle provinciale, le RFNB a \u00e9galement pr\u00e9conis\u00e9 une approche multisectorielle pour appuyer la lutte contre les oppressions. \u00ab Par exemple, nous travaillons avec des employeurs, des d\u00e9cideurs et des d\u00e9cideuses au niveau politique pour les accompagner afin d\u2019int\u00e9grer de fa\u00e7on concr\u00e8te l\u2019analyse comparative selon les sexes +. Nous voyons un int\u00e9r\u00eat et des r\u00e9actions concr\u00e8tes pour r\u00e9pondre aux besoins des femmes et des minorit\u00e9s de genre \u00bb, avance-t-elle.\n\t\t\t\t\t\t\t\t<\/div>\n\t\t\t\t<\/div>\n\t\t\t\t<div class=\"elementor-element elementor-element-777de26 mobile_pera elementor-widget elementor-widget-text-editor\" data-id=\"777de26\" data-element_type=\"widget\" data-e-type=\"widget\" data-widget_type=\"text-editor.default\">\n\t\t\t\t<div class=\"elementor-widget-container\">\n\t\t\t\t\t\t\t\t\tDe plus, le RFNB \u0153uvre \u00e9troitement avec le milieu \u00e9ducatif pour d\u00e9velopper des espaces inclusifs pour tout le monde, par exemple avec des ateliers artistiques qui renforcent le pouvoir d\u2019agir par la cr\u00e9ation. \n\t\t\t\t\t\t\t\t<\/div>\n\t\t\t\t<\/div>\n\t\t\t\t<div class=\"elementor-element elementor-element-99a3c1b mobile_pera elementor-widget elementor-widget-text-editor\" data-id=\"99a3c1b\" data-element_type=\"widget\" data-e-type=\"widget\" data-widget_type=\"text-editor.default\">\n\t\t\t\t<div class=\"elementor-widget-container\">\n\t\t\t\t\t\t\t\t\tEnfin, Arianne Melara Orellana salue l\u2019ouverture en janvier d\u2019un bureau de lutte contre le racisme au Nouveau-Brunswick. \u00ab C\u2019est un pas important, mais il est important que ce soit fait de fa\u00e7on constructive, bas\u00e9e sur la r\u00e9alit\u00e9 du terrain. Le RFNB est int\u00e9ress\u00e9 et engag\u00e9 pour voir comment nous pourrons collaborer \u00e0 cette partie prenante \u00bb, ajoute-t-elle.\n\t\t\t\t\t\t\t\t<\/div>\n\t\t\t\t<\/div>\n\t\t\t\t<div class=\"elementor-element elementor-element-e504a69 elementor-widget elementor-widget-image\" data-id=\"e504a69\" data-element_type=\"widget\" data-e-type=\"widget\" data-widget_type=\"image.default\">\n\t\t\t\t<div class=\"elementor-widget-container\">\n\t\t\t\t\t\t\t\t\t\t\t\t\t\t\t<img decoding=\"async\" width=\"400\" height=\"315\" src=\"https:\/\/kiosque.acadienouvelle.com\/jour-femme-2026\/wp-content\/uploads\/sites\/380\/2026\/02\/04_logo.jpg\" class=\"attachment-large size-large wp-image-7732\" alt=\"\" srcset=\"https:\/\/kiosque.acadienouvelle.com\/jour-femme-2026\/wp-content\/uploads\/sites\/380\/2026\/02\/04_logo.jpg 400w, https:\/\/kiosque.acadienouvelle.com\/jour-femme-2026\/wp-content\/uploads\/sites\/380\/2026\/02\/04_logo-300x236.jpg 300w\" sizes=\"(max-width: 400px) 100vw, 400px\" \/>\t\t\t\t\t\t\t\t\t\t\t\t\t\t\t<\/div>\n\t\t\t\t<\/div>\n\t\t\t\t\t<\/div>\n\t\t<\/div>\n\t\t\t\t\t<\/div>\n\t\t<\/section>\n\t\t\t\t<\/div>\n\t\t","protected":false},"excerpt":{"rendered":"<p>L\u2019ann\u00e9e 2025 fut g\u00e9n\u00e9ralement positive! Arianne Melara Orellana Quand elle pose un regard sur les dossiers des droits et int\u00e9r\u00eats des femmes et des minorit\u00e9s de genre au cours de la derni\u00e8re ann\u00e9e, la copr\u00e9sidente du Regroupement f\u00e9ministe du Nouveau-Brunswick (RFNB) dresse un bilan g\u00e9n\u00e9ralement positif. Un contexte d\u2019incertitude a r\u00e9gn\u00e9, mais Arianne Melara Orellana [&hellip;]<\/p>\n","protected":false},"author":1,"featured_media":0,"parent":0,"menu_order":4,"comment_status":"closed","ping_status":"closed","template":"","meta":{"site-sidebar-layout":"no-sidebar","site-content-layout":"page-builder","ast-site-content-layout":"default","site-content-style":"default","site-sidebar-style":"default","ast-global-header-display":"","ast-banner-title-visibility":"","ast-main-header-display":"","ast-hfb-above-header-display":"","ast-hfb-below-header-display":"","ast-hfb-mobile-header-display":"","site-post-title":"disabled","ast-breadcrumbs-content":"","ast-featured-img":"disabled","footer-sml-layout":"","ast-disable-related-posts":"","theme-transparent-header-meta":"default","adv-header-id-meta":"","stick-header-meta":"","header-above-stick-meta":"","header-main-stick-meta":"","header-below-stick-meta":"","astra-migrate-meta-layouts":"default","ast-page-background-enabled":"default","ast-page-background-meta":{"desktop":{"background-color":"var(--ast-global-color-4)","background-image":"","background-repeat":"repeat","background-position":"center center","background-size":"auto","background-attachment":"scroll","background-type":"","background-media":"","overlay-type":"","overlay-color":"","overlay-opacity":"","overlay-gradient":""},"tablet":{"background-color":"","background-image":"","background-repeat":"repeat","background-position":"center center","background-size":"auto","background-attachment":"scroll","background-type":"","background-media":"","overlay-type":"","overlay-color":"","overlay-opacity":"","overlay-gradient":""},"mobile":{"background-color":"","background-image":"","background-repeat":"repeat","background-position":"center center","background-size":"auto","background-attachment":"scroll","background-type":"","background-media":"","overlay-type":"","overlay-color":"","overlay-opacity":"","overlay-gradient":""}},"ast-content-background-meta":{"desktop":{"background-color":"var(--ast-global-color-5)","background-image":"","background-repeat":"repeat","background-position":"center center","background-size":"auto","background-attachment":"scroll","background-type":"","background-media":"","overlay-type":"","overlay-color":"","overlay-opacity":"","overlay-gradient":""},"tablet":{"background-color":"var(--ast-global-color-5)","background-image":"","background-repeat":"repeat","background-position":"center center","background-size":"auto","background-attachment":"scroll","background-type":"","background-media":"","overlay-type":"","overlay-color":"","overlay-opacity":"","overlay-gradient":""},"mobile":{"background-color":"var(--ast-global-color-5)","background-image":"","background-repeat":"repeat","background-position":"center center","background-size":"auto","background-attachment":"scroll","background-type":"","background-media":"","overlay-type":"","overlay-color":"","overlay-opacity":"","overlay-gradient":""}},"footnotes":""},"page-categories":[],"class_list":["post-7796","page","type-page","status-publish","hentry"],"_links":{"self":[{"href":"https:\/\/kiosque.acadienouvelle.com\/jour-femme-2026\/wp-json\/wp\/v2\/pages\/7796","targetHints":{"allow":["GET"]}}],"collection":[{"href":"https:\/\/kiosque.acadienouvelle.com\/jour-femme-2026\/wp-json\/wp\/v2\/pages"}],"about":[{"href":"https:\/\/kiosque.acadienouvelle.com\/jour-femme-2026\/wp-json\/wp\/v2\/types\/page"}],"author":[{"embeddable":true,"href":"https:\/\/kiosque.acadienouvelle.com\/jour-femme-2026\/wp-json\/wp\/v2\/users\/1"}],"replies":[{"embeddable":true,"href":"https:\/\/kiosque.acadienouvelle.com\/jour-femme-2026\/wp-json\/wp\/v2\/comments?post=7796"}],"version-history":[{"count":10,"href":"https:\/\/kiosque.acadienouvelle.com\/jour-femme-2026\/wp-json\/wp\/v2\/pages\/7796\/revisions"}],"predecessor-version":[{"id":7876,"href":"https:\/\/kiosque.acadienouvelle.com\/jour-femme-2026\/wp-json\/wp\/v2\/pages\/7796\/revisions\/7876"}],"wp:attachment":[{"href":"https:\/\/kiosque.acadienouvelle.com\/jour-femme-2026\/wp-json\/wp\/v2\/media?parent=7796"}],"wp:term":[{"taxonomy":"page-categories","embeddable":true,"href":"https:\/\/kiosque.acadienouvelle.com\/jour-femme-2026\/wp-json\/wp\/v2\/page-categories?post=7796"}],"curies":[{"name":"wp","href":"https:\/\/api.w.org\/{rel}","templated":true}]}}