{"id":7807,"date":"2026-02-19T20:53:01","date_gmt":"2026-02-19T20:53:01","guid":{"rendered":"https:\/\/kiosque.acadienouvelle.com\/jour-femme-2026\/?page_id=7807"},"modified":"2026-03-06T19:51:57","modified_gmt":"2026-03-06T19:51:57","slug":"rfnb-sept-priorites","status":"publish","type":"page","link":"https:\/\/kiosque.acadienouvelle.com\/jour-femme-2026\/rfnb-sept-priorites\/","title":{"rendered":"Le RFNB : ses revendications s\u2019articulent autour de sept grandes priorit\u00e9s!"},"content":{"rendered":"\t\t<div data-elementor-type=\"wp-page\" data-elementor-id=\"7807\" class=\"elementor elementor-7807\" data-elementor-post-type=\"page\">\n\t\t\t\t\t\t<section class=\"elementor-section elementor-top-section elementor-element elementor-element-50c1b6e elementor-section-height-min-height header_title banner_img elementor-section-boxed elementor-section-height-default elementor-section-items-middle\" data-id=\"50c1b6e\" data-element_type=\"section\" data-e-type=\"section\" data-settings=\"{&quot;background_background&quot;:&quot;classic&quot;}\">\n\t\t\t\t\t\t\t<div class=\"elementor-background-overlay\"><\/div>\n\t\t\t\t\t\t\t<div class=\"elementor-container elementor-column-gap-default\">\n\t\t\t\t\t<div class=\"elementor-column elementor-col-100 elementor-top-column elementor-element elementor-element-3a2d241\" data-id=\"3a2d241\" data-element_type=\"column\" data-e-type=\"column\">\n\t\t\t<div class=\"elementor-widget-wrap elementor-element-populated\">\n\t\t\t\t\t\t<div class=\"elementor-element elementor-element-9673cd2 elementor-widget elementor-widget-heading\" data-id=\"9673cd2\" data-element_type=\"widget\" data-e-type=\"widget\" data-widget_type=\"heading.default\">\n\t\t\t\t<div class=\"elementor-widget-container\">\n\t\t\t\t\t<h2 class=\"elementor-heading-title elementor-size-default\">Le RFNB : ses revendications s\u2019articulent autour de sept grandes priorit\u00e9s!<\/h2>\t\t\t\t<\/div>\n\t\t\t\t<\/div>\n\t\t\t\t\t<\/div>\n\t\t<\/div>\n\t\t\t\t\t<\/div>\n\t\t<\/section>\n\t\t\t\t<section class=\"elementor-section elementor-top-section elementor-element elementor-element-d9a853a elementor-section-boxed elementor-section-height-default elementor-section-height-default\" data-id=\"d9a853a\" data-element_type=\"section\" data-e-type=\"section\">\n\t\t\t\t\t\t<div class=\"elementor-container elementor-column-gap-default\">\n\t\t\t\t\t<div class=\"elementor-column elementor-col-100 elementor-top-column elementor-element elementor-element-68d9c5a page_contain\" data-id=\"68d9c5a\" data-element_type=\"column\" data-e-type=\"column\" data-settings=\"{&quot;background_background&quot;:&quot;classic&quot;}\">\n\t\t\t<div class=\"elementor-widget-wrap elementor-element-populated\">\n\t\t\t\t\t\t<div class=\"elementor-element elementor-element-50f1f9b elementor-widget elementor-widget-image\" data-id=\"50f1f9b\" data-element_type=\"widget\" data-e-type=\"widget\" data-widget_type=\"image.default\">\n\t\t\t\t<div class=\"elementor-widget-container\">\n\t\t\t\t\t\t\t\t\t\t\t\t\t\t\t<img fetchpriority=\"high\" decoding=\"async\" width=\"1366\" height=\"768\" src=\"https:\/\/kiosque.acadienouvelle.com\/jour-femme-2026\/wp-content\/uploads\/sites\/380\/2026\/02\/05_visuel_land.jpg\" class=\"attachment-full size-full wp-image-7734\" alt=\"\" srcset=\"https:\/\/kiosque.acadienouvelle.com\/jour-femme-2026\/wp-content\/uploads\/sites\/380\/2026\/02\/05_visuel_land.jpg 1366w, https:\/\/kiosque.acadienouvelle.com\/jour-femme-2026\/wp-content\/uploads\/sites\/380\/2026\/02\/05_visuel_land-300x169.jpg 300w, https:\/\/kiosque.acadienouvelle.com\/jour-femme-2026\/wp-content\/uploads\/sites\/380\/2026\/02\/05_visuel_land-1024x576.jpg 1024w, https:\/\/kiosque.acadienouvelle.com\/jour-femme-2026\/wp-content\/uploads\/sites\/380\/2026\/02\/05_visuel_land-768x432.jpg 768w\" sizes=\"(max-width: 1366px) 100vw, 1366px\" \/>\t\t\t\t\t\t\t\t\t\t\t\t\t\t\t<\/div>\n\t\t\t\t<\/div>\n\t\t<link rel=\"stylesheet\" href=\"https:\/\/use.fontawesome.com\/releases\/v5.5.0\/css\/all.css\" integrity=\"sha384-B4dIYHKNBt8Bc12p+WXckhzcICo0wtJAoU8YZTY5qE0Id1GSseTk6S+L3BlXeVIU\" crossorigin=\"anonymous\">\r\n\t\t<div class=\"elementor-element elementor-element-d0a0a3b mobile_pera elementor-widget elementor-widget-text-editor\" data-id=\"d0a0a3b\" data-element_type=\"widget\" data-e-type=\"widget\" data-widget_type=\"text-editor.default\">\n\t\t\t\t<div class=\"elementor-widget-container\">\n\t\t\t\t\t\t\t\t\tLe Regroupement f\u00e9ministe du Nouveau-Brunswick (RFNB) articule toutes ses interventions autour de sept grandes priorit\u00e9s afin de d\u00e9fendre les droits et int\u00e9r\u00eats des femmes et des minorit\u00e9s de genre francophones de la province. Ces enjeux sont la justice reproductive, la f\u00e9minisation de la pauvret\u00e9, le f\u00e9minisme d\u00e9colonial et antiracisme, l\u2019\u00e9cof\u00e9minisme, les services de garde d\u2019enfants, le consentement sexuel, ainsi que la repr\u00e9sentation f\u00e9ministe en politique.\n\t\t\t\t\t\t\t\t<\/div>\n\t\t\t\t<\/div>\n\t\t\t\t<div class=\"elementor-element elementor-element-c142338 elementor-widget elementor-widget-advertisement\" data-id=\"c142338\" data-element_type=\"widget\" data-e-type=\"widget\" data-widget_type=\"advertisement.default\">\n\t\t\t\t<div class=\"elementor-widget-container\">\n\t\t\t\t\t<div class=\"ads-align-center\"><div data-m32-ad data-options='{\"sizes\":\"[[300,250]]\",\"dfpId\":\"21658289790,27729547\",\"dfpAdUnitPath\":\"acadienouvelle\/cahiers_quarterpage_300x250\"}'><\/div><\/div>\t\t\t\t<\/div>\n\t\t\t\t<\/div>\n\t\t\t\t<div class=\"elementor-element elementor-element-3270674 mobile_pera elementor-widget elementor-widget-text-editor\" data-id=\"3270674\" data-element_type=\"widget\" data-e-type=\"widget\" data-widget_type=\"text-editor.default\">\n\t\t\t\t<div class=\"elementor-widget-container\">\n\t\t\t\t\t\t\t\t\t\u00ab Ces priorit\u00e9s guident notre mission, nos prises de position, nos actions de revendication et notre mobilisation, tout en tenant compte des capacit\u00e9s r\u00e9elles de notre organisme \u00bb, explique la copr\u00e9sidente Arianne Melara Orellana.\n\t\t\t\t\t\t\t\t<\/div>\n\t\t\t\t<\/div>\n\t\t\t\t<div class=\"elementor-element elementor-element-0b6ad93 mobile_pera elementor-widget elementor-widget-text-editor\" data-id=\"0b6ad93\" data-element_type=\"widget\" data-e-type=\"widget\" data-widget_type=\"text-editor.default\">\n\t\t\t\t<div class=\"elementor-widget-container\">\n\t\t\t\t\t\t\t\t\t<p><b>La trousse d\u2019outils appel\u00e9e \u00ab Cultivons la culture de consentement \u00bb<\/b><\/p>\t\t\t\t\t\t\t\t<\/div>\n\t\t\t\t<\/div>\n\t\t\t\t<div class=\"elementor-element elementor-element-d88e528 mobile_pera elementor-widget elementor-widget-text-editor\" data-id=\"d88e528\" data-element_type=\"widget\" data-e-type=\"widget\" data-widget_type=\"text-editor.default\">\n\t\t\t\t<div class=\"elementor-widget-container\">\n\t\t\t\t\t\t\t\t\tParmi les dossiers actuels, elle mentionne la trousse d\u2019outils \u00ab\u00a0Cultivons la culture de consentement\u00a0\u00bb lanc\u00e9e lors de la r\u00e9cente Semaine d\u2019\u00e9galit\u00e9 des genres. \u00ab Nous avons d\u00e9velopp\u00e9 des balados, des vid\u00e9os, des fiches p\u00e9dagogiques et des ressources multim\u00e9dias pour \u00eatre utilis\u00e9s dans les milieux communautaires scolaires pour contribuer \u00e0 des changements pour la pr\u00e9vention de la violence sexuelle \u00bb, pr\u00e9cise-t-elle. Ces ressources sont maintenant disponibles sur les m\u00e9dias sociaux du RFNB ou sur son site rfnb.ca.\t\t\t\t\t\t\t\t<\/div>\n\t\t\t\t<\/div>\n\t\t\t\t<div class=\"elementor-element elementor-element-7e63386 elementor-widget elementor-widget-advertisement\" data-id=\"7e63386\" data-element_type=\"widget\" data-e-type=\"widget\" data-widget_type=\"advertisement.default\">\n\t\t\t\t<div class=\"elementor-widget-container\">\n\t\t\t\t\t<div class=\"ads-align-center\"><div data-m32-ad data-options='{\"sizes\":\"[[300,100]]\",\"dfpId\":\"21658289790,27729547\",\"dfpAdUnitPath\":\"acadienouvelle\/cahiers_onefifthpage_300x100\"}'><\/div><\/div>\t\t\t\t<\/div>\n\t\t\t\t<\/div>\n\t\t\t\t<div class=\"elementor-element elementor-element-8a1d93f mobile_pera elementor-widget elementor-widget-text-editor\" data-id=\"8a1d93f\" data-element_type=\"widget\" data-e-type=\"widget\" data-widget_type=\"text-editor.default\">\n\t\t\t\t<div class=\"elementor-widget-container\">\n\t\t\t\t\t\t\t\t\tL\u2019offre d\u2019ateliers constitue un autre dossier important pour l\u2019organisme, notamment en ce qui concerne l\u2019int\u00e9gration pratique et concr\u00e8te de l\u2019analyse comparative selon les sexes + (ACS+). \u00ab L\u2019ACS+ renforce et am\u00e9liore la situation pour les femmes et les minorit\u00e9s de genre dans les politiques, les budgets et les pratiques. Elle permet souvent de voir comment un projet va non seulement \u00eatre r\u00e9alis\u00e9, mais aussi v\u00e9cu par les diff\u00e9rentes personnes en tenant compte de leur intersectionnalit\u00e9 \u00bb, explique-t-elle.\n\t\t\t\t\t\t\t\t<\/div>\n\t\t\t\t<\/div>\n\t\t\t\t<div class=\"elementor-element elementor-element-d4bfe69 mobile_pera elementor-widget elementor-widget-text-editor\" data-id=\"d4bfe69\" data-element_type=\"widget\" data-e-type=\"widget\" data-widget_type=\"text-editor.default\">\n\t\t\t\t<div class=\"elementor-widget-container\">\n\t\t\t\t\t\t\t\t\tD\u2019ailleurs, un autre projet du RFNB a lieu en collaboration avec le minist\u00e8re de l\u2019\u00c9ducation et D\u00e9veloppement de la petite enfance pour offrir des ateliers interactifs pour les jeunes. Ces activit\u00e9s explorent de fa\u00e7on ludique des termes comme l\u2019\u00e9quit\u00e9, l\u2019\u00e9ducation et l\u2019intersectionnalit\u00e9. \u00ab Ceci s\u2019effectue dans le cadre de sensibilisation pour cr\u00e9er des espaces plus justes et inclusifs\u00a0\u00bb, ajoute-t-elle.\t\t\t\t\t\t\t\t<\/div>\n\t\t\t\t<\/div>\n\t\t\t\t\t<\/div>\n\t\t<\/div>\n\t\t\t\t\t<\/div>\n\t\t<\/section>\n\t\t\t\t<\/div>\n\t\t","protected":false},"excerpt":{"rendered":"<p>Le RFNB : ses revendications s\u2019articulent autour de sept grandes priorit\u00e9s! Le Regroupement f\u00e9ministe du Nouveau-Brunswick (RFNB) articule toutes ses interventions autour de sept grandes priorit\u00e9s afin de d\u00e9fendre les droits et int\u00e9r\u00eats des femmes et des minorit\u00e9s de genre francophones de la province. Ces enjeux sont la justice reproductive, la f\u00e9minisation de la pauvret\u00e9, [&hellip;]<\/p>\n","protected":false},"author":1,"featured_media":0,"parent":0,"menu_order":5,"comment_status":"closed","ping_status":"closed","template":"","meta":{"site-sidebar-layout":"no-sidebar","site-content-layout":"page-builder","ast-site-content-layout":"default","site-content-style":"default","site-sidebar-style":"default","ast-global-header-display":"","ast-banner-title-visibility":"","ast-main-header-display":"","ast-hfb-above-header-display":"","ast-hfb-below-header-display":"","ast-hfb-mobile-header-display":"","site-post-title":"disabled","ast-breadcrumbs-content":"","ast-featured-img":"disabled","footer-sml-layout":"","ast-disable-related-posts":"","theme-transparent-header-meta":"default","adv-header-id-meta":"","stick-header-meta":"","header-above-stick-meta":"","header-main-stick-meta":"","header-below-stick-meta":"","astra-migrate-meta-layouts":"default","ast-page-background-enabled":"default","ast-page-background-meta":{"desktop":{"background-color":"var(--ast-global-color-4)","background-image":"","background-repeat":"repeat","background-position":"center center","background-size":"auto","background-attachment":"scroll","background-type":"","background-media":"","overlay-type":"","overlay-color":"","overlay-opacity":"","overlay-gradient":""},"tablet":{"background-color":"","background-image":"","background-repeat":"repeat","background-position":"center center","background-size":"auto","background-attachment":"scroll","background-type":"","background-media":"","overlay-type":"","overlay-color":"","overlay-opacity":"","overlay-gradient":""},"mobile":{"background-color":"","background-image":"","background-repeat":"repeat","background-position":"center center","background-size":"auto","background-attachment":"scroll","background-type":"","background-media":"","overlay-type":"","overlay-color":"","overlay-opacity":"","overlay-gradient":""}},"ast-content-background-meta":{"desktop":{"background-color":"var(--ast-global-color-5)","background-image":"","background-repeat":"repeat","background-position":"center center","background-size":"auto","background-attachment":"scroll","background-type":"","background-media":"","overlay-type":"","overlay-color":"","overlay-opacity":"","overlay-gradient":""},"tablet":{"background-color":"var(--ast-global-color-5)","background-image":"","background-repeat":"repeat","background-position":"center center","background-size":"auto","background-attachment":"scroll","background-type":"","background-media":"","overlay-type":"","overlay-color":"","overlay-opacity":"","overlay-gradient":""},"mobile":{"background-color":"var(--ast-global-color-5)","background-image":"","background-repeat":"repeat","background-position":"center center","background-size":"auto","background-attachment":"scroll","background-type":"","background-media":"","overlay-type":"","overlay-color":"","overlay-opacity":"","overlay-gradient":""}},"footnotes":""},"page-categories":[],"class_list":["post-7807","page","type-page","status-publish","hentry"],"_links":{"self":[{"href":"https:\/\/kiosque.acadienouvelle.com\/jour-femme-2026\/wp-json\/wp\/v2\/pages\/7807","targetHints":{"allow":["GET"]}}],"collection":[{"href":"https:\/\/kiosque.acadienouvelle.com\/jour-femme-2026\/wp-json\/wp\/v2\/pages"}],"about":[{"href":"https:\/\/kiosque.acadienouvelle.com\/jour-femme-2026\/wp-json\/wp\/v2\/types\/page"}],"author":[{"embeddable":true,"href":"https:\/\/kiosque.acadienouvelle.com\/jour-femme-2026\/wp-json\/wp\/v2\/users\/1"}],"replies":[{"embeddable":true,"href":"https:\/\/kiosque.acadienouvelle.com\/jour-femme-2026\/wp-json\/wp\/v2\/comments?post=7807"}],"version-history":[{"count":22,"href":"https:\/\/kiosque.acadienouvelle.com\/jour-femme-2026\/wp-json\/wp\/v2\/pages\/7807\/revisions"}],"predecessor-version":[{"id":7930,"href":"https:\/\/kiosque.acadienouvelle.com\/jour-femme-2026\/wp-json\/wp\/v2\/pages\/7807\/revisions\/7930"}],"wp:attachment":[{"href":"https:\/\/kiosque.acadienouvelle.com\/jour-femme-2026\/wp-json\/wp\/v2\/media?parent=7807"}],"wp:term":[{"taxonomy":"page-categories","embeddable":true,"href":"https:\/\/kiosque.acadienouvelle.com\/jour-femme-2026\/wp-json\/wp\/v2\/page-categories?post=7807"}],"curies":[{"name":"wp","href":"https:\/\/api.w.org\/{rel}","templated":true}]}}