{"id":7833,"date":"2026-02-20T18:51:44","date_gmt":"2026-02-20T18:51:44","guid":{"rendered":"https:\/\/kiosque.acadienouvelle.com\/jour-femme-2026\/?page_id=7833"},"modified":"2026-02-23T19:00:54","modified_gmt":"2026-02-23T19:00:54","slug":"exposition-fait-reflechir","status":"publish","type":"page","link":"https:\/\/kiosque.acadienouvelle.com\/jour-femme-2026\/exposition-fait-reflechir\/","title":{"rendered":"L\u2019exposition  \u00ab Qu\u2019est-ce que tu portais ? \u00bb  fait r\u00e9fl\u00e9chir!"},"content":{"rendered":"\t\t<div data-elementor-type=\"wp-page\" data-elementor-id=\"7833\" class=\"elementor elementor-7833\" data-elementor-post-type=\"page\">\n\t\t\t\t\t\t<section class=\"elementor-section elementor-top-section elementor-element elementor-element-50c1b6e elementor-section-height-min-height header_title banner_img elementor-section-boxed elementor-section-height-default elementor-section-items-middle\" data-id=\"50c1b6e\" data-element_type=\"section\" data-e-type=\"section\" data-settings=\"{&quot;background_background&quot;:&quot;classic&quot;}\">\n\t\t\t\t\t\t\t<div class=\"elementor-background-overlay\"><\/div>\n\t\t\t\t\t\t\t<div class=\"elementor-container elementor-column-gap-default\">\n\t\t\t\t\t<div class=\"elementor-column elementor-col-100 elementor-top-column elementor-element elementor-element-3a2d241\" data-id=\"3a2d241\" data-element_type=\"column\" data-e-type=\"column\">\n\t\t\t<div class=\"elementor-widget-wrap elementor-element-populated\">\n\t\t\t\t\t\t<div class=\"elementor-element elementor-element-9673cd2 elementor-widget elementor-widget-heading\" data-id=\"9673cd2\" data-element_type=\"widget\" data-e-type=\"widget\" data-widget_type=\"heading.default\">\n\t\t\t\t<div class=\"elementor-widget-container\">\n\t\t\t\t\t<h2 class=\"elementor-heading-title elementor-size-default\">L\u2019exposition \u00ab Qu\u2019est-ce que tu portais ? \u00bb fait r\u00e9fl\u00e9chir!<\/h2>\t\t\t\t<\/div>\n\t\t\t\t<\/div>\n\t\t\t\t\t<\/div>\n\t\t<\/div>\n\t\t\t\t\t<\/div>\n\t\t<\/section>\n\t\t\t\t<section class=\"elementor-section elementor-top-section elementor-element elementor-element-d9a853a elementor-section-boxed elementor-section-height-default elementor-section-height-default\" data-id=\"d9a853a\" data-element_type=\"section\" data-e-type=\"section\">\n\t\t\t\t\t\t<div class=\"elementor-container elementor-column-gap-default\">\n\t\t\t\t\t<div class=\"elementor-column elementor-col-100 elementor-top-column elementor-element elementor-element-68d9c5a page_contain\" data-id=\"68d9c5a\" data-element_type=\"column\" data-e-type=\"column\" data-settings=\"{&quot;background_background&quot;:&quot;classic&quot;}\">\n\t\t\t<div class=\"elementor-widget-wrap elementor-element-populated\">\n\t\t\t\t\t\t<div class=\"elementor-element elementor-element-50f1f9b elementor-widget elementor-widget-image\" data-id=\"50f1f9b\" data-element_type=\"widget\" data-e-type=\"widget\" data-widget_type=\"image.default\">\n\t\t\t\t<div class=\"elementor-widget-container\">\n\t\t\t\t\t\t\t\t\t\t\t\t<figure class=\"wp-caption\">\n\t\t\t\t\t\t\t\t\t\t<img fetchpriority=\"high\" decoding=\"async\" width=\"1366\" height=\"768\" src=\"https:\/\/kiosque.acadienouvelle.com\/jour-femme-2026\/wp-content\/uploads\/sites\/380\/2026\/02\/07_photo-1_land.jpg\" class=\"attachment-full size-full wp-image-7738\" alt=\"\" srcset=\"https:\/\/kiosque.acadienouvelle.com\/jour-femme-2026\/wp-content\/uploads\/sites\/380\/2026\/02\/07_photo-1_land.jpg 1366w, https:\/\/kiosque.acadienouvelle.com\/jour-femme-2026\/wp-content\/uploads\/sites\/380\/2026\/02\/07_photo-1_land-300x169.jpg 300w, https:\/\/kiosque.acadienouvelle.com\/jour-femme-2026\/wp-content\/uploads\/sites\/380\/2026\/02\/07_photo-1_land-1024x576.jpg 1024w, https:\/\/kiosque.acadienouvelle.com\/jour-femme-2026\/wp-content\/uploads\/sites\/380\/2026\/02\/07_photo-1_land-768x432.jpg 768w\" sizes=\"(max-width: 1366px) 100vw, 1366px\" \/>\t\t\t\t\t\t\t\t\t\t\t<figcaption class=\"widget-image-caption wp-caption-text\">Nous remercions toutes les personnes qui ont pris le temps de visiter l\u2019exposition, de s\u2019informer et de d\u00e9montrer leur soutien. Leur participation a contribu\u00e9 \u00e0 l\u2019ampleur et \u00e0 la port\u00e9e de cette initiative.<\/figcaption>\n\t\t\t\t\t\t\t\t\t\t<\/figure>\n\t\t\t\t\t\t\t\t\t<\/div>\n\t\t\t\t<\/div>\n\t\t<link rel=\"stylesheet\" href=\"https:\/\/use.fontawesome.com\/releases\/v5.5.0\/css\/all.css\" integrity=\"sha384-B4dIYHKNBt8Bc12p+WXckhzcICo0wtJAoU8YZTY5qE0Id1GSseTk6S+L3BlXeVIU\" crossorigin=\"anonymous\">\r\n\t\t<div class=\"elementor-element elementor-element-01befba elementor-widget elementor-widget-advertisement\" data-id=\"01befba\" data-element_type=\"widget\" data-e-type=\"widget\" data-widget_type=\"advertisement.default\">\n\t\t\t\t<div class=\"elementor-widget-container\">\n\t\t\t\t\t<div class=\"ads-align-center\"><div data-m32-ad data-options='{\"sizes\":\"[[300,250]]\",\"dfpId\":\"21658289790,27729547\",\"dfpAdUnitPath\":\"acadienouvelle\/cahiers_quarterpage_300x250\"}'><\/div><\/div>\t\t\t\t<\/div>\n\t\t\t\t<\/div>\n\t\t\t\t<div class=\"elementor-element elementor-element-d0a0a3b mobile_pera elementor-widget elementor-widget-text-editor\" data-id=\"d0a0a3b\" data-element_type=\"widget\" data-e-type=\"widget\" data-widget_type=\"text-editor.default\">\n\t\t\t\t<div class=\"elementor-widget-container\">\n\t\t\t\t\t\t\t\t\tL\u2019\u00e9v\u00e9nement a \u00e9t\u00e9 pr\u00e9sent\u00e9 le 26 janvier dernier au site de Bathurst du campus de Shippagan de l\u2019Universit\u00e9 de Moncton. Oragnis\u00e9e par le Comit\u00e9 Femmes et \u00e9galit\u00e9 entre les genres, en collaboration avec la Table de concertation pour contrer la violence familiale et conjugale dans la P\u00e9ninsule acadienne, l\u2019activit\u00e9 a permis de mettre en lumi\u00e8re une r\u00e9alit\u00e9 encore trop souvent minimis\u00e9e.\t\t\t\t\t\t\t\t<\/div>\n\t\t\t\t<\/div>\n\t\t\t\t<div class=\"elementor-element elementor-element-b4fbe44 elementor-widget elementor-widget-advertisement\" data-id=\"b4fbe44\" data-element_type=\"widget\" data-e-type=\"widget\" data-widget_type=\"advertisement.default\">\n\t\t\t\t<div class=\"elementor-widget-container\">\n\t\t\t\t\t<div class=\"ads-align-center\"><div data-m32-ad data-options='{\"sizes\":\"[[300,250]]\",\"dfpId\":\"21658289790,27729547\",\"dfpAdUnitPath\":\"acadienouvelle\/cahiers_quarterpage02_300x250\"}'><\/div><\/div>\t\t\t\t<\/div>\n\t\t\t\t<\/div>\n\t\t\t\t<div class=\"elementor-element elementor-element-cda6a06 mobile_pera elementor-widget elementor-widget-text-editor\" data-id=\"cda6a06\" data-element_type=\"widget\" data-e-type=\"widget\" data-widget_type=\"text-editor.default\">\n\t\t\t\t<div class=\"elementor-widget-container\">\n\t\t\t\t\t\t\t\t\tL\u2019exposition a offert un espace de r\u00e9flexion important en d\u00e9construisant des id\u00e9es re\u00e7ues li\u00e9es aux violences sexuelles. Les t\u00e9moignages pr\u00e9sent\u00e9s ont rappel\u00e9 la n\u00e9cessit\u00e9 de sensibiliser, de soutenir et de cr\u00e9er des environnements o\u00f9 la parole peut \u00eatre entendue et respect\u00e9e. \t\t\t\t\t\t\t\t<\/div>\n\t\t\t\t<\/div>\n\t\t\t\t<div class=\"elementor-element elementor-element-9e32863 elementor-widget elementor-widget-image\" data-id=\"9e32863\" data-element_type=\"widget\" data-e-type=\"widget\" data-widget_type=\"image.default\">\n\t\t\t\t<div class=\"elementor-widget-container\">\n\t\t\t\t\t\t\t\t\t\t\t\t<figure class=\"wp-caption\">\n\t\t\t\t\t\t\t\t\t\t<img decoding=\"async\" width=\"1300\" height=\"469\" src=\"https:\/\/kiosque.acadienouvelle.com\/jour-femme-2026\/wp-content\/uploads\/sites\/380\/2026\/02\/07_photo-2.jpg\" class=\"attachment-full size-full wp-image-7739\" alt=\"\" srcset=\"https:\/\/kiosque.acadienouvelle.com\/jour-femme-2026\/wp-content\/uploads\/sites\/380\/2026\/02\/07_photo-2.jpg 1300w, https:\/\/kiosque.acadienouvelle.com\/jour-femme-2026\/wp-content\/uploads\/sites\/380\/2026\/02\/07_photo-2-300x108.jpg 300w, https:\/\/kiosque.acadienouvelle.com\/jour-femme-2026\/wp-content\/uploads\/sites\/380\/2026\/02\/07_photo-2-1024x369.jpg 1024w, https:\/\/kiosque.acadienouvelle.com\/jour-femme-2026\/wp-content\/uploads\/sites\/380\/2026\/02\/07_photo-2-768x277.jpg 768w\" sizes=\"(max-width: 1300px) 100vw, 1300px\" \/>\t\t\t\t\t\t\t\t\t\t\t<figcaption class=\"widget-image-caption wp-caption-text\">Voici un certain nombre de v\u00eatements qui \u00e9taient expos\u00e9s!<\/figcaption>\n\t\t\t\t\t\t\t\t\t\t<\/figure>\n\t\t\t\t\t\t\t\t\t<\/div>\n\t\t\t\t<\/div>\n\t\t\t\t\t<\/div>\n\t\t<\/div>\n\t\t\t\t\t<\/div>\n\t\t<\/section>\n\t\t\t\t<\/div>\n\t\t","protected":false},"excerpt":{"rendered":"<p>L\u2019exposition \u00ab Qu\u2019est-ce que tu portais ? \u00bb fait r\u00e9fl\u00e9chir! Nous remercions toutes les personnes qui ont pris le temps de visiter l\u2019exposition, de s\u2019informer et de d\u00e9montrer leur soutien. Leur participation a contribu\u00e9 \u00e0 l\u2019ampleur et \u00e0 la port\u00e9e de cette initiative. L\u2019\u00e9v\u00e9nement a \u00e9t\u00e9 pr\u00e9sent\u00e9 le 26 janvier dernier au site de Bathurst [&hellip;]<\/p>\n","protected":false},"author":1,"featured_media":0,"parent":0,"menu_order":7,"comment_status":"closed","ping_status":"closed","template":"","meta":{"site-sidebar-layout":"no-sidebar","site-content-layout":"page-builder","ast-site-content-layout":"default","site-content-style":"default","site-sidebar-style":"default","ast-global-header-display":"","ast-banner-title-visibility":"","ast-main-header-display":"","ast-hfb-above-header-display":"","ast-hfb-below-header-display":"","ast-hfb-mobile-header-display":"","site-post-title":"disabled","ast-breadcrumbs-content":"","ast-featured-img":"disabled","footer-sml-layout":"","ast-disable-related-posts":"","theme-transparent-header-meta":"default","adv-header-id-meta":"","stick-header-meta":"","header-above-stick-meta":"","header-main-stick-meta":"","header-below-stick-meta":"","astra-migrate-meta-layouts":"default","ast-page-background-enabled":"default","ast-page-background-meta":{"desktop":{"background-color":"var(--ast-global-color-4)","background-image":"","background-repeat":"repeat","background-position":"center center","background-size":"auto","background-attachment":"scroll","background-type":"","background-media":"","overlay-type":"","overlay-color":"","overlay-opacity":"","overlay-gradient":""},"tablet":{"background-color":"","background-image":"","background-repeat":"repeat","background-position":"center center","background-size":"auto","background-attachment":"scroll","background-type":"","background-media":"","overlay-type":"","overlay-color":"","overlay-opacity":"","overlay-gradient":""},"mobile":{"background-color":"","background-image":"","background-repeat":"repeat","background-position":"center center","background-size":"auto","background-attachment":"scroll","background-type":"","background-media":"","overlay-type":"","overlay-color":"","overlay-opacity":"","overlay-gradient":""}},"ast-content-background-meta":{"desktop":{"background-color":"var(--ast-global-color-5)","background-image":"","background-repeat":"repeat","background-position":"center center","background-size":"auto","background-attachment":"scroll","background-type":"","background-media":"","overlay-type":"","overlay-color":"","overlay-opacity":"","overlay-gradient":""},"tablet":{"background-color":"var(--ast-global-color-5)","background-image":"","background-repeat":"repeat","background-position":"center center","background-size":"auto","background-attachment":"scroll","background-type":"","background-media":"","overlay-type":"","overlay-color":"","overlay-opacity":"","overlay-gradient":""},"mobile":{"background-color":"var(--ast-global-color-5)","background-image":"","background-repeat":"repeat","background-position":"center center","background-size":"auto","background-attachment":"scroll","background-type":"","background-media":"","overlay-type":"","overlay-color":"","overlay-opacity":"","overlay-gradient":""}},"footnotes":""},"page-categories":[],"class_list":["post-7833","page","type-page","status-publish","hentry"],"_links":{"self":[{"href":"https:\/\/kiosque.acadienouvelle.com\/jour-femme-2026\/wp-json\/wp\/v2\/pages\/7833","targetHints":{"allow":["GET"]}}],"collection":[{"href":"https:\/\/kiosque.acadienouvelle.com\/jour-femme-2026\/wp-json\/wp\/v2\/pages"}],"about":[{"href":"https:\/\/kiosque.acadienouvelle.com\/jour-femme-2026\/wp-json\/wp\/v2\/types\/page"}],"author":[{"embeddable":true,"href":"https:\/\/kiosque.acadienouvelle.com\/jour-femme-2026\/wp-json\/wp\/v2\/users\/1"}],"replies":[{"embeddable":true,"href":"https:\/\/kiosque.acadienouvelle.com\/jour-femme-2026\/wp-json\/wp\/v2\/comments?post=7833"}],"version-history":[{"count":13,"href":"https:\/\/kiosque.acadienouvelle.com\/jour-femme-2026\/wp-json\/wp\/v2\/pages\/7833\/revisions"}],"predecessor-version":[{"id":7918,"href":"https:\/\/kiosque.acadienouvelle.com\/jour-femme-2026\/wp-json\/wp\/v2\/pages\/7833\/revisions\/7918"}],"wp:attachment":[{"href":"https:\/\/kiosque.acadienouvelle.com\/jour-femme-2026\/wp-json\/wp\/v2\/media?parent=7833"}],"wp:term":[{"taxonomy":"page-categories","embeddable":true,"href":"https:\/\/kiosque.acadienouvelle.com\/jour-femme-2026\/wp-json\/wp\/v2\/page-categories?post=7833"}],"curies":[{"name":"wp","href":"https:\/\/api.w.org\/{rel}","templated":true}]}}