{"id":7844,"date":"2026-02-20T18:54:57","date_gmt":"2026-02-20T18:54:57","guid":{"rendered":"https:\/\/kiosque.acadienouvelle.com\/jour-femme-2026\/?page_id=7844"},"modified":"2026-02-20T20:23:41","modified_gmt":"2026-02-20T20:23:41","slug":"nouvelles-mesures","status":"publish","type":"page","link":"https:\/\/kiosque.acadienouvelle.com\/jour-femme-2026\/nouvelles-mesures\/","title":{"rendered":"De nouvelles mesures pour soutenir les femmes en situation de handicap qui ont v\u00e9cu de la violence!"},"content":{"rendered":"\t\t<div data-elementor-type=\"wp-page\" data-elementor-id=\"7844\" class=\"elementor elementor-7844\" data-elementor-post-type=\"page\">\n\t\t\t\t\t\t<section class=\"elementor-section elementor-top-section elementor-element elementor-element-50c1b6e elementor-section-height-min-height header_title banner_img elementor-section-boxed elementor-section-height-default elementor-section-items-middle\" data-id=\"50c1b6e\" data-element_type=\"section\" data-e-type=\"section\" data-settings=\"{&quot;background_background&quot;:&quot;classic&quot;}\">\n\t\t\t\t\t\t\t<div class=\"elementor-background-overlay\"><\/div>\n\t\t\t\t\t\t\t<div class=\"elementor-container elementor-column-gap-default\">\n\t\t\t\t\t<div class=\"elementor-column elementor-col-100 elementor-top-column elementor-element elementor-element-3a2d241\" data-id=\"3a2d241\" data-element_type=\"column\" data-e-type=\"column\">\n\t\t\t<div class=\"elementor-widget-wrap elementor-element-populated\">\n\t\t\t\t\t\t<div class=\"elementor-element elementor-element-9673cd2 elementor-widget elementor-widget-heading\" data-id=\"9673cd2\" data-element_type=\"widget\" data-e-type=\"widget\" data-widget_type=\"heading.default\">\n\t\t\t\t<div class=\"elementor-widget-container\">\n\t\t\t\t\t<h2 class=\"elementor-heading-title elementor-size-default\">De nouvelles mesures pour soutenir les femmes en situation de handicap qui ont v\u00e9cu de la violence!<\/h2>\t\t\t\t<\/div>\n\t\t\t\t<\/div>\n\t\t\t\t\t<\/div>\n\t\t<\/div>\n\t\t\t\t\t<\/div>\n\t\t<\/section>\n\t\t\t\t<section class=\"elementor-section elementor-top-section elementor-element elementor-element-d9a853a elementor-section-boxed elementor-section-height-default elementor-section-height-default\" data-id=\"d9a853a\" data-element_type=\"section\" data-e-type=\"section\">\n\t\t\t\t\t\t<div class=\"elementor-container elementor-column-gap-default\">\n\t\t\t\t\t<div class=\"elementor-column elementor-col-100 elementor-top-column elementor-element elementor-element-68d9c5a page_contain\" data-id=\"68d9c5a\" data-element_type=\"column\" data-e-type=\"column\" data-settings=\"{&quot;background_background&quot;:&quot;classic&quot;}\">\n\t\t\t<div class=\"elementor-widget-wrap elementor-element-populated\">\n\t\t\t\t\t\t<div class=\"elementor-element elementor-element-50f1f9b elementor-widget elementor-widget-image\" data-id=\"50f1f9b\" data-element_type=\"widget\" data-e-type=\"widget\" data-widget_type=\"image.default\">\n\t\t\t\t<div class=\"elementor-widget-container\">\n\t\t\t\t\t\t\t\t\t\t\t\t<figure class=\"wp-caption\">\n\t\t\t\t\t\t\t\t\t\t<img fetchpriority=\"high\" decoding=\"async\" width=\"485\" height=\"382\" src=\"https:\/\/kiosque.acadienouvelle.com\/jour-femme-2026\/wp-content\/uploads\/sites\/380\/2026\/02\/08_ministre-Valdez.jpg\" class=\"attachment-full size-full wp-image-7741\" alt=\"\" srcset=\"https:\/\/kiosque.acadienouvelle.com\/jour-femme-2026\/wp-content\/uploads\/sites\/380\/2026\/02\/08_ministre-Valdez.jpg 485w, https:\/\/kiosque.acadienouvelle.com\/jour-femme-2026\/wp-content\/uploads\/sites\/380\/2026\/02\/08_ministre-Valdez-300x236.jpg 300w\" sizes=\"(max-width: 485px) 100vw, 485px\" \/>\t\t\t\t\t\t\t\t\t\t\t<figcaption class=\"widget-image-caption wp-caption-text\">Rechie Valdez<\/figcaption>\n\t\t\t\t\t\t\t\t\t\t<\/figure>\n\t\t\t\t\t\t\t\t\t<\/div>\n\t\t\t\t<\/div>\n\t\t<link rel=\"stylesheet\" href=\"https:\/\/use.fontawesome.com\/releases\/v5.5.0\/css\/all.css\" integrity=\"sha384-B4dIYHKNBt8Bc12p+WXckhzcICo0wtJAoU8YZTY5qE0Id1GSseTk6S+L3BlXeVIU\" crossorigin=\"anonymous\">\r\n\t\t<div class=\"elementor-element elementor-element-d0a0a3b mobile_pera elementor-widget elementor-widget-text-editor\" data-id=\"d0a0a3b\" data-element_type=\"widget\" data-e-type=\"widget\" data-widget_type=\"text-editor.default\">\n\t\t\t\t<div class=\"elementor-widget-container\">\n\t\t\t\t\t\t\t\t\tAu mois de d\u00e9cembre dernier, Rechie Valdez, ministre des Femmes et de l\u2019\u00c9galit\u00e9 des genres et secr\u00e9taire d\u2019\u00c9tat (Petites Entreprises et Tourisme), a annonc\u00e9 un financement de 1 334 000 $ au R\u00e9seau d\u2019action des femmes handicap\u00e9es du Canada (DAWN Canada) pour le projet Accro\u00eetre la r\u00e9silience et le changement.\n\t\t\t\t\t\t\t\t<\/div>\n\t\t\t\t<\/div>\n\t\t\t\t<div class=\"elementor-element elementor-element-c1191a8 elementor-widget elementor-widget-advertisement\" data-id=\"c1191a8\" data-element_type=\"widget\" data-e-type=\"widget\" data-widget_type=\"advertisement.default\">\n\t\t\t\t<div class=\"elementor-widget-container\">\n\t\t\t\t\t<div class=\"ads-align-center\"><div data-m32-ad data-options='{\"sizes\":\"[[300,250]]\",\"dfpId\":\"21658289790,27729547\",\"dfpAdUnitPath\":\"acadienouvelle\/cahiers_quarterpage_300x250\"}'><\/div><\/div>\t\t\t\t<\/div>\n\t\t\t\t<\/div>\n\t\t\t\t<div class=\"elementor-element elementor-element-b3f0ee1 mobile_pera elementor-widget elementor-widget-text-editor\" data-id=\"b3f0ee1\" data-element_type=\"widget\" data-e-type=\"widget\" data-widget_type=\"text-editor.default\">\n\t\t\t\t<div class=\"elementor-widget-container\">\n\t\t\t\t\t\t\t\t\tDAWN Canada travaillera avec des partenaires pour \u00e9largir un mod\u00e8le de soutien par les pairs pour les femmes et les personnes 2ELGBTQI+ qui ont v\u00e9cu de la violence fond\u00e9e sur le sexe. Cela comprend les collectivit\u00e9s noires, autochtones, racis\u00e9es, francophones ou sourdes qui pourraient \u00eatre confront\u00e9es \u00e0 de nombreux obstacles pour demeurer en s\u00e9curit\u00e9. \n\t\t\t\t\t\t\t\t<\/div>\n\t\t\t\t<\/div>\n\t\t\t\t<div class=\"elementor-element elementor-element-3abe4a4 mobile_pera elementor-widget elementor-widget-text-editor\" data-id=\"3abe4a4\" data-element_type=\"widget\" data-e-type=\"widget\" data-widget_type=\"text-editor.default\">\n\t\t\t\t<div class=\"elementor-widget-container\">\n\t\t\t\t\t\t\t\t\tCette pratique prometteuse aura d\u00e9sormais des retomb\u00e9es plus larges en atteignant de nouveaux emplacements, \u00e9tant donn\u00e9 que l\u2019organisme cr\u00e9era un nouveau programme de formation destin\u00e9 aux mentors pairs et aidera les organismes partenaires \u00e0 utiliser ce programme au sein de leurs propres collectivit\u00e9s. Le mentorat par les pairs permet aux gens d\u2019\u00e9tablir des liens avec des personnes ayant v\u00e9cu des exp\u00e9riences semblables, ce qui renforce la confiance, r\u00e9duit l\u2019isolement et offre du soutien pratique et \u00e9motionnel.\n\t\t\t\t\t\t\t\t<\/div>\n\t\t\t\t<\/div>\n\t\t\t\t<div class=\"elementor-element elementor-element-ba83a54 elementor-widget elementor-widget-advertisement\" data-id=\"ba83a54\" data-element_type=\"widget\" data-e-type=\"widget\" data-widget_type=\"advertisement.default\">\n\t\t\t\t<div class=\"elementor-widget-container\">\n\t\t\t\t\t<div class=\"ads-align-center\"><div data-m32-ad data-options='{\"sizes\":\"[[300,250]]\",\"dfpId\":\"21658289790,27729547\",\"dfpAdUnitPath\":\"acadienouvelle\/cahiers_quarterpage02_300x250\"}'><\/div><\/div>\t\t\t\t<\/div>\n\t\t\t\t<\/div>\n\t\t\t\t<div class=\"elementor-element elementor-element-0b6ad93 mobile_pera elementor-widget elementor-widget-text-editor\" data-id=\"0b6ad93\" data-element_type=\"widget\" data-e-type=\"widget\" data-widget_type=\"text-editor.default\">\n\t\t\t\t<div class=\"elementor-widget-container\">\n\t\t\t\t\t\t\t\t\t<p><b>La ministre Valdez a \u00e9mis cette d\u00e9claration :<\/b><\/p>\t\t\t\t\t\t\t\t<\/div>\n\t\t\t\t<\/div>\n\t\t\t\t<div class=\"elementor-element elementor-element-74263c8 mobile_pera elementor-widget elementor-widget-text-editor\" data-id=\"74263c8\" data-element_type=\"widget\" data-e-type=\"widget\" data-widget_type=\"text-editor.default\">\n\t\t\t\t<div class=\"elementor-widget-container\">\n\t\t\t\t\t\t\t\t\t\u00ab Les femmes en situation de handicap sont beaucoup plus souvent victimes de violence fond\u00e9e sur le sexe et se heurtent fr\u00e9quemment \u00e0 d\u2019importants obstacles lorsqu\u2019elles demandent de l\u2019aide. Le mod\u00e8le de soutien par les pairs de DAWN Canada cr\u00e9e un espace s\u00fbr o\u00f9 les femmes peuvent communiquer avec des personnes qui comprennent leurs exp\u00e9riences et leurs besoins uniques. En soutenant l\u2019expansion de cette approche prometteuse \u00e0 l\u2019ensemble du pays, le gouvernement f\u00e9d\u00e9ral aide \u00e0 b\u00e2tir des collectivit\u00e9s plus s\u00fbres et plus inclusives et \u00e0 faire en sorte que les victimes et les personnes survivantes re\u00e7oivent le soutien qu\u2019elles m\u00e9ritent, peu importe leur identit\u00e9 ou l\u2019endroit o\u00f9 elles habitent.\u00a0\u00bb\n\t\t\t\t\t\t\t\t<\/div>\n\t\t\t\t<\/div>\n\t\t\t\t<div class=\"elementor-element elementor-element-16b0e19 mobile_pera elementor-widget elementor-widget-text-editor\" data-id=\"16b0e19\" data-element_type=\"widget\" data-e-type=\"widget\" data-widget_type=\"text-editor.default\">\n\t\t\t\t<div class=\"elementor-widget-container\">\n\t\t\t\t\t\t\t\t\t<p><i>Source : Femmes et \u00c9galit\u00e9 des genres Canada<\/i><\/p>\t\t\t\t\t\t\t\t<\/div>\n\t\t\t\t<\/div>\n\t\t\t\t<div class=\"elementor-element elementor-element-0ff856a elementor-widget elementor-widget-image\" data-id=\"0ff856a\" data-element_type=\"widget\" data-e-type=\"widget\" data-widget_type=\"image.default\">\n\t\t\t\t<div class=\"elementor-widget-container\">\n\t\t\t\t\t\t\t\t\t\t\t\t\t\t\t<img decoding=\"async\" width=\"1024\" height=\"576\" src=\"https:\/\/kiosque.acadienouvelle.com\/jour-femme-2026\/wp-content\/uploads\/sites\/380\/2026\/02\/08_drapeau-1024x576.jpg\" class=\"attachment-large size-large wp-image-7740\" alt=\"\" srcset=\"https:\/\/kiosque.acadienouvelle.com\/jour-femme-2026\/wp-content\/uploads\/sites\/380\/2026\/02\/08_drapeau-1024x576.jpg 1024w, https:\/\/kiosque.acadienouvelle.com\/jour-femme-2026\/wp-content\/uploads\/sites\/380\/2026\/02\/08_drapeau-300x169.jpg 300w, https:\/\/kiosque.acadienouvelle.com\/jour-femme-2026\/wp-content\/uploads\/sites\/380\/2026\/02\/08_drapeau-768x432.jpg 768w, https:\/\/kiosque.acadienouvelle.com\/jour-femme-2026\/wp-content\/uploads\/sites\/380\/2026\/02\/08_drapeau.jpg 1366w\" sizes=\"(max-width: 1024px) 100vw, 1024px\" \/>\t\t\t\t\t\t\t\t\t\t\t\t\t\t\t<\/div>\n\t\t\t\t<\/div>\n\t\t\t\t\t<\/div>\n\t\t<\/div>\n\t\t\t\t\t<\/div>\n\t\t<\/section>\n\t\t\t\t<\/div>\n\t\t","protected":false},"excerpt":{"rendered":"<p>De nouvelles mesures pour soutenir les femmes en situation de handicap qui ont v\u00e9cu de la violence! Rechie Valdez Au mois de d\u00e9cembre dernier, Rechie Valdez, ministre des Femmes et de l\u2019\u00c9galit\u00e9 des genres et secr\u00e9taire d\u2019\u00c9tat (Petites Entreprises et Tourisme), a annonc\u00e9 un financement de 1 334 000 $ au R\u00e9seau d\u2019action des femmes [&hellip;]<\/p>\n","protected":false},"author":1,"featured_media":0,"parent":0,"menu_order":8,"comment_status":"closed","ping_status":"closed","template":"","meta":{"site-sidebar-layout":"no-sidebar","site-content-layout":"page-builder","ast-site-content-layout":"default","site-content-style":"default","site-sidebar-style":"default","ast-global-header-display":"","ast-banner-title-visibility":"","ast-main-header-display":"","ast-hfb-above-header-display":"","ast-hfb-below-header-display":"","ast-hfb-mobile-header-display":"","site-post-title":"disabled","ast-breadcrumbs-content":"","ast-featured-img":"disabled","footer-sml-layout":"","ast-disable-related-posts":"","theme-transparent-header-meta":"default","adv-header-id-meta":"","stick-header-meta":"","header-above-stick-meta":"","header-main-stick-meta":"","header-below-stick-meta":"","astra-migrate-meta-layouts":"default","ast-page-background-enabled":"default","ast-page-background-meta":{"desktop":{"background-color":"var(--ast-global-color-4)","background-image":"","background-repeat":"repeat","background-position":"center center","background-size":"auto","background-attachment":"scroll","background-type":"","background-media":"","overlay-type":"","overlay-color":"","overlay-opacity":"","overlay-gradient":""},"tablet":{"background-color":"","background-image":"","background-repeat":"repeat","background-position":"center center","background-size":"auto","background-attachment":"scroll","background-type":"","background-media":"","overlay-type":"","overlay-color":"","overlay-opacity":"","overlay-gradient":""},"mobile":{"background-color":"","background-image":"","background-repeat":"repeat","background-position":"center center","background-size":"auto","background-attachment":"scroll","background-type":"","background-media":"","overlay-type":"","overlay-color":"","overlay-opacity":"","overlay-gradient":""}},"ast-content-background-meta":{"desktop":{"background-color":"var(--ast-global-color-5)","background-image":"","background-repeat":"repeat","background-position":"center center","background-size":"auto","background-attachment":"scroll","background-type":"","background-media":"","overlay-type":"","overlay-color":"","overlay-opacity":"","overlay-gradient":""},"tablet":{"background-color":"var(--ast-global-color-5)","background-image":"","background-repeat":"repeat","background-position":"center center","background-size":"auto","background-attachment":"scroll","background-type":"","background-media":"","overlay-type":"","overlay-color":"","overlay-opacity":"","overlay-gradient":""},"mobile":{"background-color":"var(--ast-global-color-5)","background-image":"","background-repeat":"repeat","background-position":"center center","background-size":"auto","background-attachment":"scroll","background-type":"","background-media":"","overlay-type":"","overlay-color":"","overlay-opacity":"","overlay-gradient":""}},"footnotes":""},"page-categories":[],"class_list":["post-7844","page","type-page","status-publish","hentry"],"_links":{"self":[{"href":"https:\/\/kiosque.acadienouvelle.com\/jour-femme-2026\/wp-json\/wp\/v2\/pages\/7844","targetHints":{"allow":["GET"]}}],"collection":[{"href":"https:\/\/kiosque.acadienouvelle.com\/jour-femme-2026\/wp-json\/wp\/v2\/pages"}],"about":[{"href":"https:\/\/kiosque.acadienouvelle.com\/jour-femme-2026\/wp-json\/wp\/v2\/types\/page"}],"author":[{"embeddable":true,"href":"https:\/\/kiosque.acadienouvelle.com\/jour-femme-2026\/wp-json\/wp\/v2\/users\/1"}],"replies":[{"embeddable":true,"href":"https:\/\/kiosque.acadienouvelle.com\/jour-femme-2026\/wp-json\/wp\/v2\/comments?post=7844"}],"version-history":[{"count":10,"href":"https:\/\/kiosque.acadienouvelle.com\/jour-femme-2026\/wp-json\/wp\/v2\/pages\/7844\/revisions"}],"predecessor-version":[{"id":7891,"href":"https:\/\/kiosque.acadienouvelle.com\/jour-femme-2026\/wp-json\/wp\/v2\/pages\/7844\/revisions\/7891"}],"wp:attachment":[{"href":"https:\/\/kiosque.acadienouvelle.com\/jour-femme-2026\/wp-json\/wp\/v2\/media?parent=7844"}],"wp:term":[{"taxonomy":"page-categories","embeddable":true,"href":"https:\/\/kiosque.acadienouvelle.com\/jour-femme-2026\/wp-json\/wp\/v2\/page-categories?post=7844"}],"curies":[{"name":"wp","href":"https:\/\/api.w.org\/{rel}","templated":true}]}}