{"id":7754,"date":"2026-04-15T18:26:44","date_gmt":"2026-04-15T18:26:44","guid":{"rendered":"https:\/\/kiosque.acadienouvelle.com\/jour-terre-2026\/?page_id=7754"},"modified":"2026-04-15T18:50:32","modified_gmt":"2026-04-15T18:50:32","slug":"club-feu-vert","status":"publish","type":"page","link":"https:\/\/kiosque.acadienouvelle.com\/jour-terre-2026\/club-feu-vert\/","title":{"rendered":"Club Feu Vert : Un club pour prot\u00e9ger les merveilles du Nouveau-Brunswick"},"content":{"rendered":"\t\t<div data-elementor-type=\"wp-page\" data-elementor-id=\"7754\" class=\"elementor elementor-7754\" data-elementor-post-type=\"page\">\n\t\t\t\t\t\t<section class=\"elementor-section elementor-top-section elementor-element elementor-element-50c1b6e elementor-section-height-min-height header_title banner_img elementor-section-boxed elementor-section-height-default elementor-section-items-middle\" data-id=\"50c1b6e\" data-element_type=\"section\" data-e-type=\"section\" data-settings=\"{&quot;background_background&quot;:&quot;classic&quot;}\">\n\t\t\t\t\t\t\t<div class=\"elementor-background-overlay\"><\/div>\n\t\t\t\t\t\t\t<div class=\"elementor-container elementor-column-gap-default\">\n\t\t\t\t\t<div class=\"elementor-column elementor-col-100 elementor-top-column elementor-element elementor-element-3a2d241\" data-id=\"3a2d241\" data-element_type=\"column\" data-e-type=\"column\">\n\t\t\t<div class=\"elementor-widget-wrap elementor-element-populated\">\n\t\t\t\t\t\t<div class=\"elementor-element elementor-element-9673cd2 elementor-widget elementor-widget-heading\" data-id=\"9673cd2\" data-element_type=\"widget\" data-e-type=\"widget\" data-widget_type=\"heading.default\">\n\t\t\t\t<div class=\"elementor-widget-container\">\n\t\t\t\t\t<h2 class=\"elementor-heading-title elementor-size-default\">Club Feu Vert<\/h2>\t\t\t\t<\/div>\n\t\t\t\t<\/div>\n\t\t\t\t<div class=\"elementor-element elementor-element-ec88f97 elementor-widget elementor-widget-heading\" data-id=\"ec88f97\" data-element_type=\"widget\" data-e-type=\"widget\" data-widget_type=\"heading.default\">\n\t\t\t\t<div class=\"elementor-widget-container\">\n\t\t\t\t\t<h2 class=\"elementor-heading-title elementor-size-default\">Un club pour prot\u00e9ger les merveilles du Nouveau-Brunswick<\/h2>\t\t\t\t<\/div>\n\t\t\t\t<\/div>\n\t\t\t\t\t<\/div>\n\t\t<\/div>\n\t\t\t\t\t<\/div>\n\t\t<\/section>\n\t\t\t\t<section class=\"elementor-section elementor-top-section elementor-element elementor-element-d9a853a elementor-section-boxed elementor-section-height-default elementor-section-height-default\" data-id=\"d9a853a\" data-element_type=\"section\" data-e-type=\"section\">\n\t\t\t\t\t\t<div class=\"elementor-container elementor-column-gap-default\">\n\t\t\t\t\t<div class=\"elementor-column elementor-col-100 elementor-top-column elementor-element elementor-element-68d9c5a page_contain\" data-id=\"68d9c5a\" data-element_type=\"column\" data-e-type=\"column\" data-settings=\"{&quot;background_background&quot;:&quot;classic&quot;}\">\n\t\t\t<div class=\"elementor-widget-wrap elementor-element-populated\">\n\t\t\t\t\t\t<div class=\"elementor-element elementor-element-50f1f9b elementor-widget elementor-widget-image\" data-id=\"50f1f9b\" data-element_type=\"widget\" data-e-type=\"widget\" data-widget_type=\"image.default\">\n\t\t\t\t<div class=\"elementor-widget-container\">\n\t\t\t\t\t\t\t\t\t\t\t\t<figure class=\"wp-caption\">\n\t\t\t\t\t\t\t\t\t\t<img fetchpriority=\"high\" decoding=\"async\" width=\"1366\" height=\"768\" src=\"https:\/\/kiosque.acadienouvelle.com\/jour-terre-2026\/wp-content\/uploads\/sites\/395\/2026\/04\/02_jardin-pollinisateur_land.jpg\" class=\"attachment-full size-full wp-image-7738\" alt=\"\" srcset=\"https:\/\/kiosque.acadienouvelle.com\/jour-terre-2026\/wp-content\/uploads\/sites\/395\/2026\/04\/02_jardin-pollinisateur_land.jpg 1366w, https:\/\/kiosque.acadienouvelle.com\/jour-terre-2026\/wp-content\/uploads\/sites\/395\/2026\/04\/02_jardin-pollinisateur_land-300x169.jpg 300w, https:\/\/kiosque.acadienouvelle.com\/jour-terre-2026\/wp-content\/uploads\/sites\/395\/2026\/04\/02_jardin-pollinisateur_land-1024x576.jpg 1024w, https:\/\/kiosque.acadienouvelle.com\/jour-terre-2026\/wp-content\/uploads\/sites\/395\/2026\/04\/02_jardin-pollinisateur_land-768x432.jpg 768w\" sizes=\"(max-width: 1366px) 100vw, 1366px\" \/>\t\t\t\t\t\t\t\t\t\t\t<figcaption class=\"widget-image-caption wp-caption-text\">Le Club Feu Vert encourage la plantation de fleurs indig\u00e8nes pour aider les pollinisateurs durant toute la saison estivale. (Gracieuset\u00e9\u00a0: Club Feu Vert)<\/figcaption>\n\t\t\t\t\t\t\t\t\t\t<\/figure>\n\t\t\t\t\t\t\t\t\t<\/div>\n\t\t\t\t<\/div>\n\t\t<link rel=\"stylesheet\" href=\"https:\/\/use.fontawesome.com\/releases\/v5.5.0\/css\/all.css\" integrity=\"sha384-B4dIYHKNBt8Bc12p+WXckhzcICo0wtJAoU8YZTY5qE0Id1GSseTk6S+L3BlXeVIU\" crossorigin=\"anonymous\">\r\n\t\t<div class=\"elementor-element elementor-element-d0a0a3b mobile_pera elementor-widget elementor-widget-text-editor\" data-id=\"d0a0a3b\" data-element_type=\"widget\" data-e-type=\"widget\" data-widget_type=\"text-editor.default\">\n\t\t\t\t<div class=\"elementor-widget-container\">\n\t\t\t\t\t\t\t\t\tDes gens passionn\u00e9s par l\u2019environnement forment depuis 2019 le Club Feu vert dans \nla municipalit\u00e9 r\u00e9gionale de Grand-Sault. \nCe mouvement environnemental veut ainsi \nprot\u00e9ger les merveilles du Nouveau-Brunswick par le biais de plusieurs initiatives.\n\t\t\t\t\t\t\t\t<\/div>\n\t\t\t\t<\/div>\n\t\t\t\t<div class=\"elementor-element elementor-element-30a3b07 elementor-widget elementor-widget-advertisement\" data-id=\"30a3b07\" data-element_type=\"widget\" data-e-type=\"widget\" data-widget_type=\"advertisement.default\">\n\t\t\t\t<div class=\"elementor-widget-container\">\n\t\t\t\t\t<div class=\"ads-align-center\"><div style=\"min-width:300px\" data-m32-ad data-options='{\"sizes\":\"[[300,100]]\",\"dfpId\":\"21658289790,27729547\",\"dfpAdUnitPath\":\"acadienouvelle\/cahiers_onefifthpage_300x100\"}'><\/div><\/div>\t\t\t\t<\/div>\n\t\t\t\t<\/div>\n\t\t\t\t<div class=\"elementor-element elementor-element-ee04901 mobile_pera elementor-widget elementor-widget-text-editor\" data-id=\"ee04901\" data-element_type=\"widget\" data-e-type=\"widget\" data-widget_type=\"text-editor.default\">\n\t\t\t\t<div class=\"elementor-widget-container\">\n\t\t\t\t\t\t\t\t\tSa pr\u00e9sidente, Nicole McLaughlin, souligne que le printemps co\u00efncide avec leurs efforts pour favoriser les pollinisateurs. \u00ab\u00a0Initialement, nous faisons la promotion du mois de mai sans tondeuse, mais nous mettons maintenant plus d\u2019accent sur les zones pour les pollinisateurs. Nous demandons aux gens de r\u00e9server un espace sur leur terrain pendant toute la saison estivale pour bien les nourrir avec des plantes indig\u00e8nes\u00a0\u00bb, explique-t-elle.\t\t\t\t\t\t\t\t<\/div>\n\t\t\t\t<\/div>\n\t\t\t\t<div class=\"elementor-element elementor-element-b06e847 mobile_pera elementor-widget elementor-widget-text-editor\" data-id=\"b06e847\" data-element_type=\"widget\" data-e-type=\"widget\" data-widget_type=\"text-editor.default\">\n\t\t\t\t<div class=\"elementor-widget-container\">\n\t\t\t\t\t\t\t\t\tElle mentionne la verveine bleue, l\u2019aster de la Nouvelle-Angleterre, l\u2019ascl\u00e9piade commun (une plante tr\u00e8s importante pour les monarques) ou encore des arbres et arbustes tels que le rosier de Virginie et le lilas commun. \u00ab\u00a0Pour bien choisir les plantes pour votre zone pour les pollinisateurs, il faut consid\u00e9rer combien d\u2019espace que vous avez et les conditions dans lesquelles les plantes vont pousser.\u00a0Par exemple, si c\u2019est un endroit\u00a0plut\u00f4t \u00e0 l\u2019ombre, l\u2019ancolie du Canada et la violette cucull\u00e9e vont bien y pousser. Si c\u2019est un endroit en plein soleil, l\u2019aster \u00e0 ombelles et la rudbeckie h\u00e9riss\u00e9e y profiteront. Les rosiers, quant \u00e0 eux, peuvent profiter en plein soleil, mais aussi tol\u00e8rent un peu d\u2019ombre\u00a0\u00bb, poursuit-elle.\n\t\t\t\t\t\t\t\t<\/div>\n\t\t\t\t<\/div>\n\t\t\t\t<div class=\"elementor-element elementor-element-2b5a3ab mobile_pera elementor-widget elementor-widget-text-editor\" data-id=\"2b5a3ab\" data-element_type=\"widget\" data-e-type=\"widget\" data-widget_type=\"text-editor.default\">\n\t\t\t\t<div class=\"elementor-widget-container\">\n\t\t\t\t\t\t\t\t\tMme\u00a0McLaughlin souligne que chaque personne peut ainsi faire une diff\u00e9rence, car un grand nombre d\u2019insectes et de petits animaux pollinisateurs sont en d\u00e9clin. \u00ab\u00a0Toute cette diversit\u00e9 est importante pour nous, puisque 30\u00a0pour cent de notre nourriture provient des efforts des pollinisateurs\u00a0\u00bb, pr\u00e9cise-t-elle.\n\t\t\t\t\t\t\t\t<\/div>\n\t\t\t\t<\/div>\n\t\t\t\t<div class=\"elementor-element elementor-element-10bec91 mobile_pera elementor-widget elementor-widget-text-editor\" data-id=\"10bec91\" data-element_type=\"widget\" data-e-type=\"widget\" data-widget_type=\"text-editor.default\">\n\t\t\t\t<div class=\"elementor-widget-container\">\n\t\t\t\t\t\t\t\t\tLe club a ainsi plant\u00e9 des jardins pollinisateurs dans la r\u00e9gion et travaille avec la municipalit\u00e9 pour d\u00e9signer des zones pour les pollinisateurs, en plus d\u2019avoir cr\u00e9\u00e9 un jardin communautaire \u00e0 Grand-Sault. Ses membres \u0153uvrent maintenant avec des foyers des soins pour construire des bacs \u00e0 jardinage sur\u00e9lev\u00e9s pour les personnes r\u00e9sidentes.\n\t\t\t\t\t\t\t\t<\/div>\n\t\t\t\t<\/div>\n\t\t\t\t<div class=\"elementor-element elementor-element-cc66f72 elementor-widget elementor-widget-heading\" data-id=\"cc66f72\" data-element_type=\"widget\" data-e-type=\"widget\" data-widget_type=\"heading.default\">\n\t\t\t\t<div class=\"elementor-widget-container\">\n\t\t\t\t\t<h2 class=\"elementor-heading-title elementor-size-default\">Le jardinage \u00e9cologique pour cultiver des aliments sains<\/h2>\t\t\t\t<\/div>\n\t\t\t\t<\/div>\n\t\t\t\t<div class=\"elementor-element elementor-element-93ff769 elementor-widget elementor-widget-image\" data-id=\"93ff769\" data-element_type=\"widget\" data-e-type=\"widget\" data-widget_type=\"image.default\">\n\t\t\t\t<div class=\"elementor-widget-container\">\n\t\t\t\t\t\t\t\t\t\t\t\t<figure class=\"wp-caption\">\n\t\t\t\t\t\t\t\t\t\t<img decoding=\"async\" width=\"1366\" height=\"768\" src=\"https:\/\/kiosque.acadienouvelle.com\/jour-terre-2026\/wp-content\/uploads\/sites\/395\/2026\/04\/02_IMG_1984.jpg\" class=\"attachment-full size-full wp-image-7727\" alt=\"\" srcset=\"https:\/\/kiosque.acadienouvelle.com\/jour-terre-2026\/wp-content\/uploads\/sites\/395\/2026\/04\/02_IMG_1984.jpg 1366w, https:\/\/kiosque.acadienouvelle.com\/jour-terre-2026\/wp-content\/uploads\/sites\/395\/2026\/04\/02_IMG_1984-300x169.jpg 300w, https:\/\/kiosque.acadienouvelle.com\/jour-terre-2026\/wp-content\/uploads\/sites\/395\/2026\/04\/02_IMG_1984-1024x576.jpg 1024w, https:\/\/kiosque.acadienouvelle.com\/jour-terre-2026\/wp-content\/uploads\/sites\/395\/2026\/04\/02_IMG_1984-768x432.jpg 768w\" sizes=\"(max-width: 1366px) 100vw, 1366px\" \/>\t\t\t\t\t\t\t\t\t\t\t<figcaption class=\"widget-image-caption wp-caption-text\">Les visites de jardins sont l\u2019une des activit\u00e9s populaires du Regroupement des jardiniers \u00e9cologiques de la P\u00e9ninsule acadienne. (Gracieuset\u00e9 : Regroupement des jardiniers \u00e9cologiques de la P\u00e9ninsule acadienne)<\/figcaption>\n\t\t\t\t\t\t\t\t\t\t<\/figure>\n\t\t\t\t\t\t\t\t\t<\/div>\n\t\t\t\t<\/div>\n\t\t\t\t<div class=\"elementor-element elementor-element-74263c8 mobile_pera elementor-widget elementor-widget-text-editor\" data-id=\"74263c8\" data-element_type=\"widget\" data-e-type=\"widget\" data-widget_type=\"text-editor.default\">\n\t\t\t\t<div class=\"elementor-widget-container\">\n\t\t\t\t\t\t\t\t\tCultiver des aliments sains sans recourir aux produits chimiques se retrouve au c\u0153ur des activit\u00e9s du Regroupement des jardiniers \u00e9cologiques de la P\u00e9ninsule acadienne. Rencontres, ateliers, causeries et visites de jardins ponctuent la belle saison pour favoriser l\u2019\u00e9change de trucs et astuces entre ses membres. \n\t\t\t\t\t\t\t\t<\/div>\n\t\t\t\t<\/div>\n\t\t\t\t<div class=\"elementor-element elementor-element-e00f0a2 mobile_pera elementor-widget elementor-widget-text-editor\" data-id=\"e00f0a2\" data-element_type=\"widget\" data-e-type=\"widget\" data-widget_type=\"text-editor.default\">\n\t\t\t\t<div class=\"elementor-widget-container\">\n\t\t\t\t\t\t\t\t\t\u00ab\u00a0Avec le co\u00fbt de la vie super \u00e9lev\u00e9 derni\u00e8rement, il est de plus en plus difficile de se nourrir convenablement. La nourriture qu\u2019on mange est tellement importante pour nous maintenir en sant\u00e9. L\u2019autosuffisance dans la communaut\u00e9 est un autre aspect important\u00a0\u00bb, \u00e9num\u00e8re la coordinatrice du regroupement, St\u00e9phanie Belanger, au sujet du jardinage \u00e9cologique.\n\t\t\t\t\t\t\t\t<\/div>\n\t\t\t\t<\/div>\n\t\t\t\t<div class=\"elementor-element elementor-element-a5de709 mobile_pera elementor-widget elementor-widget-text-editor\" data-id=\"a5de709\" data-element_type=\"widget\" data-e-type=\"widget\" data-widget_type=\"text-editor.default\">\n\t\t\t\t<div class=\"elementor-widget-container\">\n\t\t\t\t\t\t\t\t\tElle rappelle qu\u2019en utilisant des produits chimiques dans son jardin, ceux-ci se retrouveront dans les fruits et l\u00e9gumes cultiv\u00e9s et seront absorb\u00e9s par les personnes humaines. \u00ab\u00a0Aussi, quand nous encourageons le jardinage dans la communaut\u00e9, on n\u2019a pas besoin d\u2019acheter des produits export\u00e9s d\u2019ailleurs. Ceci r\u00e9duit les co\u00fbts et le gaspillage alimentaire\u00a0\u00bb, ajoute-t-elle.\n\t\t\t\t\t\t\t\t<\/div>\n\t\t\t\t<\/div>\n\t\t\t\t<div class=\"elementor-element elementor-element-708fc3c mobile_pera elementor-widget elementor-widget-text-editor\" data-id=\"708fc3c\" data-element_type=\"widget\" data-e-type=\"widget\" data-widget_type=\"text-editor.default\">\n\t\t\t\t<div class=\"elementor-widget-container\">\n\t\t\t\t\t\t\t\t\tLes membres du regroupement partagent donc leurs exp\u00e9riences personnelles pour jardiner de fa\u00e7on plus \u00e9cologique \u00e0 l\u2019aide d\u2019informations d\u00e9taill\u00e9es et de ressources disponibles. Leur site web (rjepa.ca) contient d\u2019ailleurs une trentaine de vid\u00e9os sur la culture de fruits et l\u00e9gumes ou encore sur des th\u00e9matiques comme le compostage, la mise en conserve \net la pr\u00e9servation des r\u00e9coltes. \t\t\t\t\t\t\t\t<\/div>\n\t\t\t\t<\/div>\n\t\t\t\t\t<\/div>\n\t\t<\/div>\n\t\t\t\t\t<\/div>\n\t\t<\/section>\n\t\t\t\t<\/div>\n\t\t","protected":false},"excerpt":{"rendered":"<p>Club Feu Vert Un club pour prot\u00e9ger les merveilles du Nouveau-Brunswick Le Club Feu Vert encourage la plantation de fleurs indig\u00e8nes pour aider les pollinisateurs durant toute la saison estivale. (Gracieuset\u00e9\u00a0: Club Feu Vert) Des gens passionn\u00e9s par l\u2019environnement forment depuis 2019 le Club Feu vert dans la municipalit\u00e9 r\u00e9gionale de Grand-Sault. Ce mouvement environnemental [&hellip;]<\/p>\n","protected":false},"author":1,"featured_media":0,"parent":0,"menu_order":2,"comment_status":"closed","ping_status":"closed","template":"","meta":{"site-sidebar-layout":"no-sidebar","site-content-layout":"page-builder","ast-site-content-layout":"default","site-content-style":"default","site-sidebar-style":"default","ast-global-header-display":"","ast-banner-title-visibility":"","ast-main-header-display":"","ast-hfb-above-header-display":"","ast-hfb-below-header-display":"","ast-hfb-mobile-header-display":"","site-post-title":"disabled","ast-breadcrumbs-content":"","ast-featured-img":"disabled","footer-sml-layout":"","ast-disable-related-posts":"","theme-transparent-header-meta":"default","adv-header-id-meta":"","stick-header-meta":"","header-above-stick-meta":"","header-main-stick-meta":"","header-below-stick-meta":"","astra-migrate-meta-layouts":"default","ast-page-background-enabled":"default","ast-page-background-meta":{"desktop":{"background-color":"var(--ast-global-color-4)","background-image":"","background-repeat":"repeat","background-position":"center center","background-size":"auto","background-attachment":"scroll","background-type":"","background-media":"","overlay-type":"","overlay-color":"","overlay-opacity":"","overlay-gradient":""},"tablet":{"background-color":"","background-image":"","background-repeat":"repeat","background-position":"center center","background-size":"auto","background-attachment":"scroll","background-type":"","background-media":"","overlay-type":"","overlay-color":"","overlay-opacity":"","overlay-gradient":""},"mobile":{"background-color":"","background-image":"","background-repeat":"repeat","background-position":"center center","background-size":"auto","background-attachment":"scroll","background-type":"","background-media":"","overlay-type":"","overlay-color":"","overlay-opacity":"","overlay-gradient":""}},"ast-content-background-meta":{"desktop":{"background-color":"var(--ast-global-color-5)","background-image":"","background-repeat":"repeat","background-position":"center center","background-size":"auto","background-attachment":"scroll","background-type":"","background-media":"","overlay-type":"","overlay-color":"","overlay-opacity":"","overlay-gradient":""},"tablet":{"background-color":"var(--ast-global-color-5)","background-image":"","background-repeat":"repeat","background-position":"center center","background-size":"auto","background-attachment":"scroll","background-type":"","background-media":"","overlay-type":"","overlay-color":"","overlay-opacity":"","overlay-gradient":""},"mobile":{"background-color":"var(--ast-global-color-5)","background-image":"","background-repeat":"repeat","background-position":"center center","background-size":"auto","background-attachment":"scroll","background-type":"","background-media":"","overlay-type":"","overlay-color":"","overlay-opacity":"","overlay-gradient":""}},"footnotes":""},"page-categories":[],"class_list":["post-7754","page","type-page","status-publish","hentry"],"_links":{"self":[{"href":"https:\/\/kiosque.acadienouvelle.com\/jour-terre-2026\/wp-json\/wp\/v2\/pages\/7754","targetHints":{"allow":["GET"]}}],"collection":[{"href":"https:\/\/kiosque.acadienouvelle.com\/jour-terre-2026\/wp-json\/wp\/v2\/pages"}],"about":[{"href":"https:\/\/kiosque.acadienouvelle.com\/jour-terre-2026\/wp-json\/wp\/v2\/types\/page"}],"author":[{"embeddable":true,"href":"https:\/\/kiosque.acadienouvelle.com\/jour-terre-2026\/wp-json\/wp\/v2\/users\/1"}],"replies":[{"embeddable":true,"href":"https:\/\/kiosque.acadienouvelle.com\/jour-terre-2026\/wp-json\/wp\/v2\/comments?post=7754"}],"version-history":[{"count":10,"href":"https:\/\/kiosque.acadienouvelle.com\/jour-terre-2026\/wp-json\/wp\/v2\/pages\/7754\/revisions"}],"predecessor-version":[{"id":7801,"href":"https:\/\/kiosque.acadienouvelle.com\/jour-terre-2026\/wp-json\/wp\/v2\/pages\/7754\/revisions\/7801"}],"wp:attachment":[{"href":"https:\/\/kiosque.acadienouvelle.com\/jour-terre-2026\/wp-json\/wp\/v2\/media?parent=7754"}],"wp:term":[{"taxonomy":"page-categories","embeddable":true,"href":"https:\/\/kiosque.acadienouvelle.com\/jour-terre-2026\/wp-json\/wp\/v2\/page-categories?post=7754"}],"curies":[{"name":"wp","href":"https:\/\/api.w.org\/{rel}","templated":true}]}}