{"id":7769,"date":"2026-04-15T18:35:08","date_gmt":"2026-04-15T18:35:08","guid":{"rendered":"https:\/\/kiosque.acadienouvelle.com\/jour-terre-2026\/?page_id=7769"},"modified":"2026-04-15T19:22:49","modified_gmt":"2026-04-15T19:22:49","slug":"petits-gestes","status":"publish","type":"page","link":"https:\/\/kiosque.acadienouvelle.com\/jour-terre-2026\/petits-gestes\/","title":{"rendered":"Des petits gestes qui font une grande diff\u00e9rence"},"content":{"rendered":"\t\t<div data-elementor-type=\"wp-page\" data-elementor-id=\"7769\" class=\"elementor elementor-7769\" data-elementor-post-type=\"page\">\n\t\t\t\t\t\t<section class=\"elementor-section elementor-top-section elementor-element elementor-element-50c1b6e elementor-section-height-min-height header_title banner_img elementor-section-boxed elementor-section-height-default elementor-section-items-middle\" data-id=\"50c1b6e\" data-element_type=\"section\" data-e-type=\"section\" data-settings=\"{&quot;background_background&quot;:&quot;classic&quot;}\">\n\t\t\t\t\t\t\t<div class=\"elementor-background-overlay\"><\/div>\n\t\t\t\t\t\t\t<div class=\"elementor-container elementor-column-gap-default\">\n\t\t\t\t\t<div class=\"elementor-column elementor-col-100 elementor-top-column elementor-element elementor-element-3a2d241\" data-id=\"3a2d241\" data-element_type=\"column\" data-e-type=\"column\">\n\t\t\t<div class=\"elementor-widget-wrap elementor-element-populated\">\n\t\t\t\t\t\t<div class=\"elementor-element elementor-element-9673cd2 elementor-widget elementor-widget-heading\" data-id=\"9673cd2\" data-element_type=\"widget\" data-e-type=\"widget\" data-widget_type=\"heading.default\">\n\t\t\t\t<div class=\"elementor-widget-container\">\n\t\t\t\t\t<h2 class=\"elementor-heading-title elementor-size-default\">Des petits gestes qui font une grande diff\u00e9rence<\/h2>\t\t\t\t<\/div>\n\t\t\t\t<\/div>\n\t\t\t\t\t<\/div>\n\t\t<\/div>\n\t\t\t\t\t<\/div>\n\t\t<\/section>\n\t\t\t\t<section class=\"elementor-section elementor-top-section elementor-element elementor-element-d9a853a elementor-section-boxed elementor-section-height-default elementor-section-height-default\" data-id=\"d9a853a\" data-element_type=\"section\" data-e-type=\"section\">\n\t\t\t\t\t\t<div class=\"elementor-container elementor-column-gap-default\">\n\t\t\t\t\t<div class=\"elementor-column elementor-col-100 elementor-top-column elementor-element elementor-element-68d9c5a page_contain\" data-id=\"68d9c5a\" data-element_type=\"column\" data-e-type=\"column\" data-settings=\"{&quot;background_background&quot;:&quot;classic&quot;}\">\n\t\t\t<div class=\"elementor-widget-wrap elementor-element-populated\">\n\t\t\t\t\t\t<div class=\"elementor-element elementor-element-50f1f9b elementor-widget elementor-widget-image\" data-id=\"50f1f9b\" data-element_type=\"widget\" data-e-type=\"widget\" data-widget_type=\"image.default\">\n\t\t\t\t<div class=\"elementor-widget-container\">\n\t\t\t\t\t\t\t\t\t\t\t\t<figure class=\"wp-caption\">\n\t\t\t\t\t\t\t\t\t\t<img fetchpriority=\"high\" decoding=\"async\" width=\"1366\" height=\"768\" src=\"https:\/\/kiosque.acadienouvelle.com\/jour-terre-2026\/wp-content\/uploads\/sites\/395\/2026\/04\/03_Dune-Restoration-3_land.jpg\" class=\"attachment-full size-full wp-image-7730\" alt=\"\" srcset=\"https:\/\/kiosque.acadienouvelle.com\/jour-terre-2026\/wp-content\/uploads\/sites\/395\/2026\/04\/03_Dune-Restoration-3_land.jpg 1366w, https:\/\/kiosque.acadienouvelle.com\/jour-terre-2026\/wp-content\/uploads\/sites\/395\/2026\/04\/03_Dune-Restoration-3_land-300x169.jpg 300w, https:\/\/kiosque.acadienouvelle.com\/jour-terre-2026\/wp-content\/uploads\/sites\/395\/2026\/04\/03_Dune-Restoration-3_land-1024x576.jpg 1024w, https:\/\/kiosque.acadienouvelle.com\/jour-terre-2026\/wp-content\/uploads\/sites\/395\/2026\/04\/03_Dune-Restoration-3_land-768x432.jpg 768w\" sizes=\"(max-width: 1366px) 100vw, 1366px\" \/>\t\t\t\t\t\t\t\t\t\t\t<figcaption class=\"widget-image-caption wp-caption-text\">Des arbres de No\u00ebl sont r\u00e9utilis\u00e9s pour restaurer et reconstruire la dune. (Gracieuset\u00e9\u00a0: Association du bassin versant de la baie de Shediac)<\/figcaption>\n\t\t\t\t\t\t\t\t\t\t<\/figure>\n\t\t\t\t\t\t\t\t\t<\/div>\n\t\t\t\t<\/div>\n\t\t<link rel=\"stylesheet\" href=\"https:\/\/use.fontawesome.com\/releases\/v5.5.0\/css\/all.css\" integrity=\"sha384-B4dIYHKNBt8Bc12p+WXckhzcICo0wtJAoU8YZTY5qE0Id1GSseTk6S+L3BlXeVIU\" crossorigin=\"anonymous\">\r\n\t\t<div class=\"elementor-element elementor-element-d0a0a3b mobile_pera elementor-widget elementor-widget-text-editor\" data-id=\"d0a0a3b\" data-element_type=\"widget\" data-e-type=\"widget\" data-widget_type=\"text-editor.default\">\n\t\t\t\t<div class=\"elementor-widget-container\">\n\t\t\t\t\t\t\t\t\tLe Jour de la Terre co\u00efncide souvent avec des initiatives communautaires un peu partout en province. Chacune d\u2019entre elles donne un coup de pouce \u00e0 la protection de l\u2019environnement qui nous entoure et, ensemble, elles font une grande diff\u00e9rence.\t\t\t\t\t\t\t\t<\/div>\n\t\t\t\t<\/div>\n\t\t\t\t<div class=\"elementor-element elementor-element-c9255da elementor-widget elementor-widget-advertisement\" data-id=\"c9255da\" data-element_type=\"widget\" data-e-type=\"widget\" data-widget_type=\"advertisement.default\">\n\t\t\t\t<div class=\"elementor-widget-container\">\n\t\t\t\t\t<div class=\"ads-align-center\"><div style=\"min-width:300px\" data-m32-ad data-options='{\"sizes\":\"[[300,100]]\",\"dfpId\":\"21658289790,27729547\",\"dfpAdUnitPath\":\"acadienouvelle\/cahiers_onefifthpage_300x100\"}'><\/div><\/div>\t\t\t\t<\/div>\n\t\t\t\t<\/div>\n\t\t\t\t<div class=\"elementor-element elementor-element-f2c03c6 mobile_pera elementor-widget elementor-widget-text-editor\" data-id=\"f2c03c6\" data-element_type=\"widget\" data-e-type=\"widget\" data-widget_type=\"text-editor.default\">\n\t\t\t\t<div class=\"elementor-widget-container\">\n\t\t\t\t\t\t\t\t\tMais le 22\u00a0avril ne repr\u00e9sente pas la seule occasion d\u2019aider la plan\u00e8te Terre et des organismes comme l\u2019Association du bassin versant de la baie de Shediac (ABVBS) convient les gens \u00e0 plusieurs activit\u00e9s au cours des prochains mois.\t\t\t\t\t\t\t\t<\/div>\n\t\t\t\t<\/div>\n\t\t\t\t<div class=\"elementor-element elementor-element-0b6ad93 mobile_pera elementor-widget elementor-widget-text-editor\" data-id=\"0b6ad93\" data-element_type=\"widget\" data-e-type=\"widget\" data-widget_type=\"text-editor.default\">\n\t\t\t\t<div class=\"elementor-widget-container\">\n\t\t\t\t\t\t\t\t\t<p><b>Restauration d\u2019une dune<\/b><\/p>\t\t\t\t\t\t\t\t<\/div>\n\t\t\t\t<\/div>\n\t\t\t\t<div class=\"elementor-element elementor-element-6bb3801 mobile_pera elementor-widget elementor-widget-text-editor\" data-id=\"6bb3801\" data-element_type=\"widget\" data-e-type=\"widget\" data-widget_type=\"text-editor.default\">\n\t\t\t\t<div class=\"elementor-widget-container\">\n\t\t\t\t\t\t\t\t\tL\u2019ouragan Fiona a d\u00e9ferl\u00e9 sur le Nouveau-Brunswick en 2022 et a presque compl\u00e8tement d\u00e9truit la dune de la plage Belliveau \u00e0 quelques pas de la plage Parlee de Shediac. \n\t\t\t\t\t\t\t\t<\/div>\n\t\t\t\t<\/div>\n\t\t\t\t<div class=\"elementor-element elementor-element-e81a3c4 mobile_pera elementor-widget elementor-widget-text-editor\" data-id=\"e81a3c4\" data-element_type=\"widget\" data-e-type=\"widget\" data-widget_type=\"text-editor.default\">\n\t\t\t\t<div class=\"elementor-widget-container\">\n\t\t\t\t\t\t\t\t\t\u00ab\u00a0Depuis quelques ann\u00e9es, nous avons notre \u00e9v\u00e8nement annuel de restauration de la dune au d\u00e9but mai. La Ville de Shediac amasse les vieux arbres de No\u00ebl et les entrepose pour nous jusqu\u2019au printemps. Nous avons une journ\u00e9e de b\u00e9n\u00e9volat pour installer les arbres le long de la dune avec des piquets et des cordes\u00a0\u00bb, explique Olivia DeYoung, technicienne en environnement pour l\u2019ABVBS.\n\t\t\t\t\t\t\t\t<\/div>\n\t\t\t\t<\/div>\n\t\t\t\t<div class=\"elementor-element elementor-element-7184b33 mobile_pera elementor-widget elementor-widget-text-editor\" data-id=\"7184b33\" data-element_type=\"widget\" data-e-type=\"widget\" data-widget_type=\"text-editor.default\">\n\t\t\t\t<div class=\"elementor-widget-container\">\n\t\t\t\t\t\t\t\t\tCes arbres capturent le sable en mouvance avec les mar\u00e9es et, au fil des ann\u00e9es, permettront de reb\u00e2tir le syst\u00e8me de dunes.\n\t\t\t\t\t\t\t\t<\/div>\n\t\t\t\t<\/div>\n\t\t\t\t<div class=\"elementor-element elementor-element-4c4d92f mobile_pera elementor-widget elementor-widget-text-editor\" data-id=\"4c4d92f\" data-element_type=\"widget\" data-e-type=\"widget\" data-widget_type=\"text-editor.default\">\n\t\t\t\t<div class=\"elementor-widget-container\">\n\t\t\t\t\t\t\t\t\t<p><b>M\u00e9nage ton rivage<\/b><\/p>\t\t\t\t\t\t\t\t<\/div>\n\t\t\t\t<\/div>\n\t\t\t\t<div class=\"elementor-element elementor-element-ba3aa18 mobile_pera elementor-widget elementor-widget-text-editor\" data-id=\"ba3aa18\" data-element_type=\"widget\" data-e-type=\"widget\" data-widget_type=\"text-editor.default\">\n\t\t\t\t<div class=\"elementor-widget-container\">\n\t\t\t\t\t\t\t\t\tL\u2019ABVBS organise \u00e9galement une journ\u00e9e de nettoyage des c\u00f4tes la premi\u00e8re fin de semaine de juin. Ceci permet d\u2019amasser les d\u00e9chets qui se sont accumul\u00e9s pendant l\u2019hiver pour \u00e9viter qu\u2019ils soient emport\u00e9s par les mar\u00e9es.\n\t\t\t\t\t\t\t\t<\/div>\n\t\t\t\t<\/div>\n\t\t\t\t<div class=\"elementor-element elementor-element-eb8fe0d mobile_pera elementor-widget elementor-widget-text-editor\" data-id=\"eb8fe0d\" data-element_type=\"widget\" data-e-type=\"widget\" data-widget_type=\"text-editor.default\">\n\t\t\t\t<div class=\"elementor-widget-container\">\n\t\t\t\t\t\t\t\t\t<p><b>Une c\u00f4te vivante<\/b><\/p>\t\t\t\t\t\t\t\t<\/div>\n\t\t\t\t<\/div>\n\t\t\t\t<div class=\"elementor-element elementor-element-24673bf mobile_pera elementor-widget elementor-widget-text-editor\" data-id=\"24673bf\" data-element_type=\"widget\" data-e-type=\"widget\" data-widget_type=\"text-editor.default\">\n\t\t\t\t<div class=\"elementor-widget-container\">\n\t\t\t\t\t\t\t\t\tCet \u00e9t\u00e9, des b\u00e9n\u00e9voles auront aussi l\u2019occasion de participer \u00e0 un projet de c\u00f4te vivante au quai de la Pointe-du-Ch\u00eane o\u00f9 d\u2019immenses rochers le long du quai prot\u00e8gent les infrastructures des temp\u00eates. \u00ab\u00a0Nous allons avoir une journ\u00e9e pour cr\u00e9er une c\u00f4te vivante et aider \u00e0 naturaliser ces surfaces dures avec des plantes et des mat\u00e9riaux naturels\u00a0\u00bb, explique-t-elle.\t\t\t\t\t\t\t\t<\/div>\n\t\t\t\t<\/div>\n\t\t\t\t<div class=\"elementor-element elementor-element-a716d59 mobile_pera elementor-widget elementor-widget-text-editor\" data-id=\"a716d59\" data-element_type=\"widget\" data-e-type=\"widget\" data-widget_type=\"text-editor.default\">\n\t\t\t\t<div class=\"elementor-widget-container\">\n\t\t\t\t\t\t\t\t\tDes plantes indig\u00e8nes contribueront \u00e0 \nstabiliser ces rochers et formeront des habitats naturels pour les pollinisateurs, les oiseaux \net petits animaux.\n\t\t\t\t\t\t\t\t<\/div>\n\t\t\t\t<\/div>\n\t\t\t\t\t<\/div>\n\t\t<\/div>\n\t\t\t\t\t<\/div>\n\t\t<\/section>\n\t\t\t\t<\/div>\n\t\t","protected":false},"excerpt":{"rendered":"<p>Des petits gestes qui font une grande diff\u00e9rence Des arbres de No\u00ebl sont r\u00e9utilis\u00e9s pour restaurer et reconstruire la dune. (Gracieuset\u00e9\u00a0: Association du bassin versant de la baie de Shediac) Le Jour de la Terre co\u00efncide souvent avec des initiatives communautaires un peu partout en province. Chacune d\u2019entre elles donne un coup de pouce \u00e0 [&hellip;]<\/p>\n","protected":false},"author":1,"featured_media":0,"parent":0,"menu_order":3,"comment_status":"closed","ping_status":"closed","template":"","meta":{"site-sidebar-layout":"no-sidebar","site-content-layout":"page-builder","ast-site-content-layout":"default","site-content-style":"default","site-sidebar-style":"default","ast-global-header-display":"","ast-banner-title-visibility":"","ast-main-header-display":"","ast-hfb-above-header-display":"","ast-hfb-below-header-display":"","ast-hfb-mobile-header-display":"","site-post-title":"disabled","ast-breadcrumbs-content":"","ast-featured-img":"disabled","footer-sml-layout":"","ast-disable-related-posts":"","theme-transparent-header-meta":"default","adv-header-id-meta":"","stick-header-meta":"","header-above-stick-meta":"","header-main-stick-meta":"","header-below-stick-meta":"","astra-migrate-meta-layouts":"default","ast-page-background-enabled":"default","ast-page-background-meta":{"desktop":{"background-color":"var(--ast-global-color-4)","background-image":"","background-repeat":"repeat","background-position":"center center","background-size":"auto","background-attachment":"scroll","background-type":"","background-media":"","overlay-type":"","overlay-color":"","overlay-opacity":"","overlay-gradient":""},"tablet":{"background-color":"","background-image":"","background-repeat":"repeat","background-position":"center center","background-size":"auto","background-attachment":"scroll","background-type":"","background-media":"","overlay-type":"","overlay-color":"","overlay-opacity":"","overlay-gradient":""},"mobile":{"background-color":"","background-image":"","background-repeat":"repeat","background-position":"center center","background-size":"auto","background-attachment":"scroll","background-type":"","background-media":"","overlay-type":"","overlay-color":"","overlay-opacity":"","overlay-gradient":""}},"ast-content-background-meta":{"desktop":{"background-color":"var(--ast-global-color-5)","background-image":"","background-repeat":"repeat","background-position":"center center","background-size":"auto","background-attachment":"scroll","background-type":"","background-media":"","overlay-type":"","overlay-color":"","overlay-opacity":"","overlay-gradient":""},"tablet":{"background-color":"var(--ast-global-color-5)","background-image":"","background-repeat":"repeat","background-position":"center center","background-size":"auto","background-attachment":"scroll","background-type":"","background-media":"","overlay-type":"","overlay-color":"","overlay-opacity":"","overlay-gradient":""},"mobile":{"background-color":"var(--ast-global-color-5)","background-image":"","background-repeat":"repeat","background-position":"center center","background-size":"auto","background-attachment":"scroll","background-type":"","background-media":"","overlay-type":"","overlay-color":"","overlay-opacity":"","overlay-gradient":""}},"footnotes":""},"page-categories":[],"class_list":["post-7769","page","type-page","status-publish","hentry"],"_links":{"self":[{"href":"https:\/\/kiosque.acadienouvelle.com\/jour-terre-2026\/wp-json\/wp\/v2\/pages\/7769","targetHints":{"allow":["GET"]}}],"collection":[{"href":"https:\/\/kiosque.acadienouvelle.com\/jour-terre-2026\/wp-json\/wp\/v2\/pages"}],"about":[{"href":"https:\/\/kiosque.acadienouvelle.com\/jour-terre-2026\/wp-json\/wp\/v2\/types\/page"}],"author":[{"embeddable":true,"href":"https:\/\/kiosque.acadienouvelle.com\/jour-terre-2026\/wp-json\/wp\/v2\/users\/1"}],"replies":[{"embeddable":true,"href":"https:\/\/kiosque.acadienouvelle.com\/jour-terre-2026\/wp-json\/wp\/v2\/comments?post=7769"}],"version-history":[{"count":10,"href":"https:\/\/kiosque.acadienouvelle.com\/jour-terre-2026\/wp-json\/wp\/v2\/pages\/7769\/revisions"}],"predecessor-version":[{"id":7810,"href":"https:\/\/kiosque.acadienouvelle.com\/jour-terre-2026\/wp-json\/wp\/v2\/pages\/7769\/revisions\/7810"}],"wp:attachment":[{"href":"https:\/\/kiosque.acadienouvelle.com\/jour-terre-2026\/wp-json\/wp\/v2\/media?parent=7769"}],"wp:term":[{"taxonomy":"page-categories","embeddable":true,"href":"https:\/\/kiosque.acadienouvelle.com\/jour-terre-2026\/wp-json\/wp\/v2\/page-categories?post=7769"}],"curies":[{"name":"wp","href":"https:\/\/api.w.org\/{rel}","templated":true}]}}