{"id":7777,"date":"2026-04-15T18:40:44","date_gmt":"2026-04-15T18:40:44","guid":{"rendered":"https:\/\/kiosque.acadienouvelle.com\/jour-terre-2026\/?page_id=7777"},"modified":"2026-04-15T18:52:46","modified_gmt":"2026-04-15T18:52:46","slug":"infrastructures-vertes","status":"publish","type":"page","link":"https:\/\/kiosque.acadienouvelle.com\/jour-terre-2026\/infrastructures-vertes\/","title":{"rendered":"Des infrastructures vertes pour mieux g\u00e9rer les eaux de pluie"},"content":{"rendered":"\t\t<div data-elementor-type=\"wp-page\" data-elementor-id=\"7777\" class=\"elementor elementor-7777\" data-elementor-post-type=\"page\">\n\t\t\t\t\t\t<section class=\"elementor-section elementor-top-section elementor-element elementor-element-50c1b6e elementor-section-height-min-height header_title banner_img elementor-section-boxed elementor-section-height-default elementor-section-items-middle\" data-id=\"50c1b6e\" data-element_type=\"section\" data-e-type=\"section\" data-settings=\"{&quot;background_background&quot;:&quot;classic&quot;}\">\n\t\t\t\t\t\t\t<div class=\"elementor-background-overlay\"><\/div>\n\t\t\t\t\t\t\t<div class=\"elementor-container elementor-column-gap-default\">\n\t\t\t\t\t<div class=\"elementor-column elementor-col-100 elementor-top-column elementor-element elementor-element-3a2d241\" data-id=\"3a2d241\" data-element_type=\"column\" data-e-type=\"column\">\n\t\t\t<div class=\"elementor-widget-wrap elementor-element-populated\">\n\t\t\t\t\t\t<div class=\"elementor-element elementor-element-9673cd2 elementor-widget elementor-widget-heading\" data-id=\"9673cd2\" data-element_type=\"widget\" data-e-type=\"widget\" data-widget_type=\"heading.default\">\n\t\t\t\t<div class=\"elementor-widget-container\">\n\t\t\t\t\t<h2 class=\"elementor-heading-title elementor-size-default\">Des infrastructures vertes pour mieux g\u00e9rer les eaux de pluie<\/h2>\t\t\t\t<\/div>\n\t\t\t\t<\/div>\n\t\t\t\t\t<\/div>\n\t\t<\/div>\n\t\t\t\t\t<\/div>\n\t\t<\/section>\n\t\t\t\t<section class=\"elementor-section elementor-top-section elementor-element elementor-element-d9a853a elementor-section-boxed elementor-section-height-default elementor-section-height-default\" data-id=\"d9a853a\" data-element_type=\"section\" data-e-type=\"section\">\n\t\t\t\t\t\t<div class=\"elementor-container elementor-column-gap-default\">\n\t\t\t\t\t<div class=\"elementor-column elementor-col-100 elementor-top-column elementor-element elementor-element-68d9c5a page_contain\" data-id=\"68d9c5a\" data-element_type=\"column\" data-e-type=\"column\" data-settings=\"{&quot;background_background&quot;:&quot;classic&quot;}\">\n\t\t\t<div class=\"elementor-widget-wrap elementor-element-populated\">\n\t\t\t\t\t\t<div class=\"elementor-element elementor-element-50f1f9b elementor-widget elementor-widget-image\" data-id=\"50f1f9b\" data-element_type=\"widget\" data-e-type=\"widget\" data-widget_type=\"image.default\">\n\t\t\t\t<div class=\"elementor-widget-container\">\n\t\t\t\t\t\t\t\t\t\t\t\t<figure class=\"wp-caption\">\n\t\t\t\t\t\t\t\t\t\t<img fetchpriority=\"high\" decoding=\"async\" width=\"1366\" height=\"768\" src=\"https:\/\/kiosque.acadienouvelle.com\/jour-terre-2026\/wp-content\/uploads\/sites\/395\/2026\/04\/04_Residential-Rain-Garden-rue-Rachel_land.jpg\" class=\"attachment-full size-full wp-image-7743\" alt=\"\" srcset=\"https:\/\/kiosque.acadienouvelle.com\/jour-terre-2026\/wp-content\/uploads\/sites\/395\/2026\/04\/04_Residential-Rain-Garden-rue-Rachel_land.jpg 1366w, https:\/\/kiosque.acadienouvelle.com\/jour-terre-2026\/wp-content\/uploads\/sites\/395\/2026\/04\/04_Residential-Rain-Garden-rue-Rachel_land-300x169.jpg 300w, https:\/\/kiosque.acadienouvelle.com\/jour-terre-2026\/wp-content\/uploads\/sites\/395\/2026\/04\/04_Residential-Rain-Garden-rue-Rachel_land-1024x576.jpg 1024w, https:\/\/kiosque.acadienouvelle.com\/jour-terre-2026\/wp-content\/uploads\/sites\/395\/2026\/04\/04_Residential-Rain-Garden-rue-Rachel_land-768x432.jpg 768w\" sizes=\"(max-width: 1366px) 100vw, 1366px\" \/>\t\t\t\t\t\t\t\t\t\t\t<figcaption class=\"widget-image-caption wp-caption-text\">Ce jardin pluvial r\u00e9sidentiel sur la rue Rachel  \u00e0 Shediac contribue \u00e0 absorber l\u2019eau de pluie. (Gracieuset\u00e9\u00a0: Association du bassin versant  de la baie de Shediac)<\/figcaption>\n\t\t\t\t\t\t\t\t\t\t<\/figure>\n\t\t\t\t\t\t\t\t\t<\/div>\n\t\t\t\t<\/div>\n\t\t<link rel=\"stylesheet\" href=\"https:\/\/use.fontawesome.com\/releases\/v5.5.0\/css\/all.css\" integrity=\"sha384-B4dIYHKNBt8Bc12p+WXckhzcICo0wtJAoU8YZTY5qE0Id1GSseTk6S+L3BlXeVIU\" crossorigin=\"anonymous\">\r\n\t\t<div class=\"elementor-element elementor-element-d0a0a3b mobile_pera elementor-widget elementor-widget-text-editor\" data-id=\"d0a0a3b\" data-element_type=\"widget\" data-e-type=\"widget\" data-widget_type=\"text-editor.default\">\n\t\t\t\t<div class=\"elementor-widget-container\">\n\t\t\t\t\t\t\t\t\tEn pleine nature, les eaux de pluie s\u2019infiltrent dans le sol ou s\u2019\u00e9coulent doucement vers les cours d\u2019eau pour recharger les nappes phr\u00e9atiques. Toutefois, les zones urbaines compos\u00e9es de surface dure, comme les routes, les toits et les stationnements, ne suivent pas ce rythme naturel et favorisent le ruiss\u00e8lement rapide des eaux pluviales. Des infrastructures vertes comme un jardin pluvial repr\u00e9sentent une fa\u00e7on de capturer et mieux g\u00e9rer les eaux de pluie.\t\t\t\t\t\t\t\t<\/div>\n\t\t\t\t<\/div>\n\t\t\t\t<div class=\"elementor-element elementor-element-54c463c elementor-widget elementor-widget-advertisement\" data-id=\"54c463c\" data-element_type=\"widget\" data-e-type=\"widget\" data-widget_type=\"advertisement.default\">\n\t\t\t\t<div class=\"elementor-widget-container\">\n\t\t\t\t\t<div class=\"ads-align-center\"><div style=\"min-width:300px\"  data-m32-ad data-options='{\"sizes\":\"[[300,250]]\",\"dfpId\":\"21658289790,27729547\",\"dfpAdUnitPath\":\"acadienouvelle\/cahiers_quarterpage_300x250\"}'><\/div><\/div>\t\t\t\t<\/div>\n\t\t\t\t<\/div>\n\t\t\t\t<div class=\"elementor-element elementor-element-f2c03c6 mobile_pera elementor-widget elementor-widget-text-editor\" data-id=\"f2c03c6\" data-element_type=\"widget\" data-e-type=\"widget\" data-widget_type=\"text-editor.default\">\n\t\t\t\t<div class=\"elementor-widget-container\">\n\t\t\t\t\t\t\t\t\t\u00ab\u00a0Les syst\u00e8mes conventionnels, comme les tuyaux, les drains et les ponceaux, sont con\u00e7us pour \u00e9vacuer rapidement les eaux des temp\u00eates et les \u00e9vacuer vers la baie\u00a0\u00bb, explique Olivia DeYoung, technicienne en environnement \u00e0 l\u2019Association du bassin versant de la baie de Shediac. Le probl\u00e8me survient quand des pr\u00e9cipitations soudaines submergent les \u00e9gouts pluviaux et le ruiss\u00e8lement des eaux entraine des s\u00e9diments, des nutriments et des polluants vers les cours d\u2019eau. \u00ab\u00a0L\u2019id\u00e9e des infrastructures vertes est de capturer et de g\u00e9rer les eaux de pluie \u00e0 proximit\u00e9 d\u2019o\u00f9 elles tombent\u00a0\u00bb, pr\u00e9cise-t-elle.\n\t\t\t\t\t\t\t\t<\/div>\n\t\t\t\t<\/div>\n\t\t\t\t<div class=\"elementor-element elementor-element-0b6ad93 mobile_pera elementor-widget elementor-widget-text-editor\" data-id=\"0b6ad93\" data-element_type=\"widget\" data-e-type=\"widget\" data-widget_type=\"text-editor.default\">\n\t\t\t\t<div class=\"elementor-widget-container\">\n\t\t\t\t\t\t\t\t\t<p><b>Des barils et des jardins pluviaux<\/b><\/p>\t\t\t\t\t\t\t\t<\/div>\n\t\t\t\t<\/div>\n\t\t\t\t<div class=\"elementor-element elementor-element-6bb3801 mobile_pera elementor-widget elementor-widget-text-editor\" data-id=\"6bb3801\" data-element_type=\"widget\" data-e-type=\"widget\" data-widget_type=\"text-editor.default\">\n\t\t\t\t<div class=\"elementor-widget-container\">\n\t\t\t\t\t\t\t\t\tL\u2019ABVBS encourage donc la population \u00e0 faire leur part sur leur propri\u00e9t\u00e9. Un moyen tout simple est d\u2019installer un baril sous la goutti\u00e8re pour recueillir l\u2019eau de pluie qui coule du toit de sa maison. Les gens peuvent ensuite la r\u00e9utiliser pour arroser les parterres et les platebandes ou laver la voiture.\n\t\t\t\t\t\t\t\t<\/div>\n\t\t\t\t<\/div>\n\t\t\t\t<div class=\"elementor-element elementor-element-ff69a97 elementor-widget elementor-widget-advertisement\" data-id=\"ff69a97\" data-element_type=\"widget\" data-e-type=\"widget\" data-widget_type=\"advertisement.default\">\n\t\t\t\t<div class=\"elementor-widget-container\">\n\t\t\t\t\t<div class=\"ads-align-center\"><div style=\"min-width:300px\"  data-m32-ad data-options='{\"sizes\":\"[[300,250]]\",\"dfpId\":\"21658289790,27729547\",\"dfpAdUnitPath\":\"acadienouvelle\/cahiers_quarterpage02_300x250\"}'><\/div><\/div>\t\t\t\t<\/div>\n\t\t\t\t<\/div>\n\t\t\t\t<div class=\"elementor-element elementor-element-e81a3c4 mobile_pera elementor-widget elementor-widget-text-editor\" data-id=\"e81a3c4\" data-element_type=\"widget\" data-e-type=\"widget\" data-widget_type=\"text-editor.default\">\n\t\t\t\t<div class=\"elementor-widget-container\">\n\t\t\t\t\t\t\t\t\tUne autre option est d\u2019\u00e9tablir un jardin pluvial. \u00ab\u00a0Un jardin pluvial absorbe 30\u00a0pour cent plus d\u2019eau qu\u2019un gazon, car il contient des plantes aux racines profondes qui aiment pousser dans les endroits humides. Pensez \u00e0 un jardin pluvial comme une \u00e9ponge qui absorbe l\u2019eau de pluie et la filtre lentement \u00e0 travers ces racines\u00a0\u00bb, explique-t-elle.\n\t\t\t\t\t\t\t\t<\/div>\n\t\t\t\t<\/div>\n\t\t\t\t<div class=\"elementor-element elementor-element-7184b33 mobile_pera elementor-widget elementor-widget-text-editor\" data-id=\"7184b33\" data-element_type=\"widget\" data-e-type=\"widget\" data-widget_type=\"text-editor.default\">\n\t\t\t\t<div class=\"elementor-widget-container\">\n\t\t\t\t\t\t\t\t\tL\u2019ABVBS a d\u00e9velopp\u00e9 un guide du propri\u00e9taire pour la conception et la construction d\u2019un jardin pluvial avec des instructions d\u00e9taill\u00e9es pour mieux g\u00e9rer les eaux de pluie sur sa propri\u00e9t\u00e9. Ce guide est disponible gratuitement sous l\u2019onglet \u00ab\u00a0\u00c9ducation\u00a0\u00bb du site shediacbayassociation.org\/fr.\n\t\t\t\t\t\t\t\t<\/div>\n\t\t\t\t<\/div>\n\t\t\t\t\t<\/div>\n\t\t<\/div>\n\t\t\t\t\t<\/div>\n\t\t<\/section>\n\t\t\t\t<\/div>\n\t\t","protected":false},"excerpt":{"rendered":"<p>Des infrastructures vertes pour mieux g\u00e9rer les eaux de pluie Ce jardin pluvial r\u00e9sidentiel sur la rue Rachel \u00e0 Shediac contribue \u00e0 absorber l\u2019eau de pluie. (Gracieuset\u00e9\u00a0: Association du bassin versant de la baie de Shediac) En pleine nature, les eaux de pluie s\u2019infiltrent dans le sol ou s\u2019\u00e9coulent doucement vers les cours d\u2019eau pour [&hellip;]<\/p>\n","protected":false},"author":1,"featured_media":0,"parent":0,"menu_order":4,"comment_status":"closed","ping_status":"closed","template":"","meta":{"site-sidebar-layout":"no-sidebar","site-content-layout":"page-builder","ast-site-content-layout":"default","site-content-style":"default","site-sidebar-style":"default","ast-global-header-display":"","ast-banner-title-visibility":"","ast-main-header-display":"","ast-hfb-above-header-display":"","ast-hfb-below-header-display":"","ast-hfb-mobile-header-display":"","site-post-title":"disabled","ast-breadcrumbs-content":"","ast-featured-img":"disabled","footer-sml-layout":"","ast-disable-related-posts":"","theme-transparent-header-meta":"default","adv-header-id-meta":"","stick-header-meta":"","header-above-stick-meta":"","header-main-stick-meta":"","header-below-stick-meta":"","astra-migrate-meta-layouts":"default","ast-page-background-enabled":"default","ast-page-background-meta":{"desktop":{"background-color":"var(--ast-global-color-4)","background-image":"","background-repeat":"repeat","background-position":"center center","background-size":"auto","background-attachment":"scroll","background-type":"","background-media":"","overlay-type":"","overlay-color":"","overlay-opacity":"","overlay-gradient":""},"tablet":{"background-color":"","background-image":"","background-repeat":"repeat","background-position":"center center","background-size":"auto","background-attachment":"scroll","background-type":"","background-media":"","overlay-type":"","overlay-color":"","overlay-opacity":"","overlay-gradient":""},"mobile":{"background-color":"","background-image":"","background-repeat":"repeat","background-position":"center center","background-size":"auto","background-attachment":"scroll","background-type":"","background-media":"","overlay-type":"","overlay-color":"","overlay-opacity":"","overlay-gradient":""}},"ast-content-background-meta":{"desktop":{"background-color":"var(--ast-global-color-5)","background-image":"","background-repeat":"repeat","background-position":"center center","background-size":"auto","background-attachment":"scroll","background-type":"","background-media":"","overlay-type":"","overlay-color":"","overlay-opacity":"","overlay-gradient":""},"tablet":{"background-color":"var(--ast-global-color-5)","background-image":"","background-repeat":"repeat","background-position":"center center","background-size":"auto","background-attachment":"scroll","background-type":"","background-media":"","overlay-type":"","overlay-color":"","overlay-opacity":"","overlay-gradient":""},"mobile":{"background-color":"var(--ast-global-color-5)","background-image":"","background-repeat":"repeat","background-position":"center center","background-size":"auto","background-attachment":"scroll","background-type":"","background-media":"","overlay-type":"","overlay-color":"","overlay-opacity":"","overlay-gradient":""}},"footnotes":""},"page-categories":[],"class_list":["post-7777","page","type-page","status-publish","hentry"],"_links":{"self":[{"href":"https:\/\/kiosque.acadienouvelle.com\/jour-terre-2026\/wp-json\/wp\/v2\/pages\/7777","targetHints":{"allow":["GET"]}}],"collection":[{"href":"https:\/\/kiosque.acadienouvelle.com\/jour-terre-2026\/wp-json\/wp\/v2\/pages"}],"about":[{"href":"https:\/\/kiosque.acadienouvelle.com\/jour-terre-2026\/wp-json\/wp\/v2\/types\/page"}],"author":[{"embeddable":true,"href":"https:\/\/kiosque.acadienouvelle.com\/jour-terre-2026\/wp-json\/wp\/v2\/users\/1"}],"replies":[{"embeddable":true,"href":"https:\/\/kiosque.acadienouvelle.com\/jour-terre-2026\/wp-json\/wp\/v2\/comments?post=7777"}],"version-history":[{"count":10,"href":"https:\/\/kiosque.acadienouvelle.com\/jour-terre-2026\/wp-json\/wp\/v2\/pages\/7777\/revisions"}],"predecessor-version":[{"id":7807,"href":"https:\/\/kiosque.acadienouvelle.com\/jour-terre-2026\/wp-json\/wp\/v2\/pages\/7777\/revisions\/7807"}],"wp:attachment":[{"href":"https:\/\/kiosque.acadienouvelle.com\/jour-terre-2026\/wp-json\/wp\/v2\/media?parent=7777"}],"wp:term":[{"taxonomy":"page-categories","embeddable":true,"href":"https:\/\/kiosque.acadienouvelle.com\/jour-terre-2026\/wp-json\/wp\/v2\/page-categories?post=7777"}],"curies":[{"name":"wp","href":"https:\/\/api.w.org\/{rel}","templated":true}]}}