{"id":7781,"date":"2025-11-17T17:06:04","date_gmt":"2025-11-17T17:06:04","guid":{"rendered":"https:\/\/kiosque.acadienouvelle.com\/lecture-en-cadeau-2025\/?page_id=7781"},"modified":"2025-11-18T19:22:42","modified_gmt":"2025-11-18T19:22:42","slug":"offrir-la-lecture-en-cadeau","status":"publish","type":"page","link":"https:\/\/kiosque.acadienouvelle.com\/lecture-en-cadeau-2025\/offrir-la-lecture-en-cadeau\/","title":{"rendered":"Offrir la lecture en cadeau, un geste qui ira loin"},"content":{"rendered":"\t\t<div data-elementor-type=\"wp-page\" data-elementor-id=\"7781\" class=\"elementor elementor-7781\" data-elementor-post-type=\"page\">\n\t\t\t\t\t\t<section class=\"elementor-section elementor-top-section elementor-element elementor-element-50c1b6e elementor-section-height-min-height header_title banner_img elementor-section-boxed elementor-section-height-default elementor-section-items-middle\" data-id=\"50c1b6e\" data-element_type=\"section\" data-e-type=\"section\" data-settings=\"{&quot;background_background&quot;:&quot;classic&quot;}\">\n\t\t\t\t\t\t\t<div class=\"elementor-background-overlay\"><\/div>\n\t\t\t\t\t\t\t<div class=\"elementor-container elementor-column-gap-default\">\n\t\t\t\t\t<div class=\"elementor-column elementor-col-100 elementor-top-column elementor-element elementor-element-3a2d241\" data-id=\"3a2d241\" data-element_type=\"column\" data-e-type=\"column\">\n\t\t\t<div class=\"elementor-widget-wrap elementor-element-populated\">\n\t\t\t\t\t\t<div class=\"elementor-element elementor-element-9673cd2 elementor-widget elementor-widget-heading\" data-id=\"9673cd2\" data-element_type=\"widget\" data-e-type=\"widget\" data-widget_type=\"heading.default\">\n\t\t\t\t<div class=\"elementor-widget-container\">\n\t\t\t\t\t<h2 class=\"elementor-heading-title elementor-size-default\">Offrir la lecture en cadeau, un geste qui ira loin<\/h2>\t\t\t\t<\/div>\n\t\t\t\t<\/div>\n\t\t\t\t\t<\/div>\n\t\t<\/div>\n\t\t\t\t\t<\/div>\n\t\t<\/section>\n\t\t\t\t<section class=\"elementor-section elementor-top-section elementor-element elementor-element-23b5f4a elementor-section-boxed elementor-section-height-default elementor-section-height-default\" data-id=\"23b5f4a\" data-element_type=\"section\" data-e-type=\"section\">\n\t\t\t\t\t\t<div class=\"elementor-container elementor-column-gap-default\">\n\t\t\t\t\t<div class=\"elementor-column elementor-col-100 elementor-top-column elementor-element elementor-element-f506d01\" data-id=\"f506d01\" data-element_type=\"column\" data-e-type=\"column\">\n\t\t\t<div class=\"elementor-widget-wrap elementor-element-populated\">\n\t\t\t\t<link rel=\"stylesheet\" href=\"https:\/\/use.fontawesome.com\/releases\/v5.5.0\/css\/all.css\" integrity=\"sha384-B4dIYHKNBt8Bc12p+WXckhzcICo0wtJAoU8YZTY5qE0Id1GSseTk6S+L3BlXeVIU\" crossorigin=\"anonymous\">\r\n\t\t<div class=\"elementor-element elementor-element-3ecc57d elementor-widget elementor-widget-advertisement\" data-id=\"3ecc57d\" data-element_type=\"widget\" data-e-type=\"widget\" data-widget_type=\"advertisement.default\">\n\t\t\t\t<div class=\"elementor-widget-container\">\n\t\t\t\t\t<div class=\"ads-align-center\"><div data-m32-ad data-options='{\"sizes\":\"[[300,600]]\",\"dfpId\":\"21658289790,27729547\",\"dfpAdUnitPath\":\"acadienouvelle\/cahiers_fullpage_300x600\"}'><\/div><\/div>\t\t\t\t<\/div>\n\t\t\t\t<\/div>\n\t\t\t\t\t<\/div>\n\t\t<\/div>\n\t\t\t\t\t<\/div>\n\t\t<\/section>\n\t\t\t\t<section class=\"elementor-section elementor-top-section elementor-element elementor-element-d9a853a elementor-section-boxed elementor-section-height-default elementor-section-height-default\" data-id=\"d9a853a\" data-element_type=\"section\" data-e-type=\"section\">\n\t\t\t\t\t\t<div class=\"elementor-container elementor-column-gap-default\">\n\t\t\t\t\t<div class=\"elementor-column elementor-col-100 elementor-top-column elementor-element elementor-element-68d9c5a page_contain\" data-id=\"68d9c5a\" data-element_type=\"column\" data-e-type=\"column\" data-settings=\"{&quot;background_background&quot;:&quot;classic&quot;}\">\n\t\t\t<div class=\"elementor-widget-wrap elementor-element-populated\">\n\t\t\t\t\t\t<div class=\"elementor-element elementor-element-50f1f9b elementor-widget elementor-widget-image\" data-id=\"50f1f9b\" data-element_type=\"widget\" data-e-type=\"widget\" data-widget_type=\"image.default\">\n\t\t\t\t<div class=\"elementor-widget-container\">\n\t\t\t\t\t\t\t\t\t\t\t\t<figure class=\"wp-caption\">\n\t\t\t\t\t\t\t\t\t\t<img fetchpriority=\"high\" decoding=\"async\" width=\"1366\" height=\"768\" src=\"https:\/\/kiosque.acadienouvelle.com\/lecture-en-cadeau-2025\/wp-content\/uploads\/sites\/368\/2025\/11\/1-offrir_la_lecture_landing.jpg\" class=\"attachment-full size-full wp-image-7783\" alt=\"\" srcset=\"https:\/\/kiosque.acadienouvelle.com\/lecture-en-cadeau-2025\/wp-content\/uploads\/sites\/368\/2025\/11\/1-offrir_la_lecture_landing.jpg 1366w, https:\/\/kiosque.acadienouvelle.com\/lecture-en-cadeau-2025\/wp-content\/uploads\/sites\/368\/2025\/11\/1-offrir_la_lecture_landing-300x169.jpg 300w, https:\/\/kiosque.acadienouvelle.com\/lecture-en-cadeau-2025\/wp-content\/uploads\/sites\/368\/2025\/11\/1-offrir_la_lecture_landing-1024x576.jpg 1024w, https:\/\/kiosque.acadienouvelle.com\/lecture-en-cadeau-2025\/wp-content\/uploads\/sites\/368\/2025\/11\/1-offrir_la_lecture_landing-768x432.jpg 768w\" sizes=\"(max-width: 1366px) 100vw, 1366px\" \/>\t\t\t\t\t\t\t\t\t\t\t<figcaption class=\"widget-image-caption wp-caption-text\"><\/figcaption>\n\t\t\t\t\t\t\t\t\t\t<\/figure>\n\t\t\t\t\t\t\t\t\t<\/div>\n\t\t\t\t<\/div>\n\t\t\t\t<div class=\"elementor-element elementor-element-d0a0a3b mobile_pera elementor-widget elementor-widget-text-editor\" data-id=\"d0a0a3b\" data-element_type=\"widget\" data-e-type=\"widget\" data-widget_type=\"text-editor.default\">\n\t\t\t\t<div class=\"elementor-widget-container\">\n\t\t\t\t\t\t\t\t\t<p>Offrir un livre en cadeau \u00e0 un \u00eatre cher \u00e9voque \u00e0 la fois la chaleur du temps des F\u00eates et le plaisir de transmettre le go\u00fbt de la lecture. Peu importent l\u2019\u00e2ge ou les champs d\u2019int\u00e9r\u00eat de vos \u00eatres chers, vous trouverez surement des livres fascinants \u00e0 glisser sous le sapin.<\/p>\t\t\t\t\t\t\t\t<\/div>\n\t\t\t\t<\/div>\n\t\t\t\t<div class=\"elementor-element elementor-element-e191ee1 mobile_pera elementor-widget elementor-widget-text-editor\" data-id=\"e191ee1\" data-element_type=\"widget\" data-e-type=\"widget\" data-widget_type=\"text-editor.default\">\n\t\t\t\t<div class=\"elementor-widget-container\">\n\t\t\t\t\t\t\t\t\t<p>Mais comment savoir quel livre choisir, puisque les choix sont pratiquement illimit\u00e9s\u2009? Vous pouvez tout d\u2019abord vous laisser guider par les champs d\u2019int\u00e9r\u00eat de votre \u00eatre cher. Est-ce que cette personne aime la cuisine, parcourir le monde ou s\u2019\u00e9vader dans un univers imaginaire\u2009? Est-elle attir\u00e9e par les myst\u00e8res et les \u00e9nigmes, le bien-\u00eatre ou l\u2019histoire\u2009?<\/p>\t\t\t\t\t\t\t\t<\/div>\n\t\t\t\t<\/div>\n\t\t\t\t<div class=\"elementor-element elementor-element-0e49359 mobile_pera elementor-widget elementor-widget-text-editor\" data-id=\"0e49359\" data-element_type=\"widget\" data-e-type=\"widget\" data-widget_type=\"text-editor.default\">\n\t\t\t\t<div class=\"elementor-widget-container\">\n\t\t\t\t\t\t\t\t\t<p>Une autre option est de choisir le dernier titre de votre autrice ou auteur pr\u00e9f\u00e9r\u00e9(e) ou l\u2019ouvrage qui vous aura le plus marqu\u00e9. Ceci offrira en plus l\u2019occasion d\u2019en discuter avec votre \u00eatre cher pour explorer ensemble les th\u00e9matiques qui vous ont interpel\u00e9, un personnage particuli\u00e8rement m\u00e9morable ou le style d\u2019\u00e9criture. Les conversations enrichissantes qui s\u2019ensuivront ajouteront un \u00e9l\u00e9ment de plus \u00e0 votre cadeau.<\/p>\t\t\t\t\t\t\t\t<\/div>\n\t\t\t\t<\/div>\n\t\t\t\t<div class=\"elementor-element elementor-element-74263c8 mobile_pera elementor-widget elementor-widget-text-editor\" data-id=\"74263c8\" data-element_type=\"widget\" data-e-type=\"widget\" data-widget_type=\"text-editor.default\">\n\t\t\t\t<div class=\"elementor-widget-container\">\n\t\t\t\t\t\t\t\t\t<p>Demandez \u00e0 votre libraire pour une recommandation, parcourez les livres \u00e9crits par des gens d\u2019ici ou choisissez simplement un livre au hasard pour une surprise inoubliable.<\/p>\t\t\t\t\t\t\t\t<\/div>\n\t\t\t\t<\/div>\n\t\t\t\t\t<\/div>\n\t\t<\/div>\n\t\t\t\t\t<\/div>\n\t\t<\/section>\n\t\t\t\t<\/div>\n\t\t","protected":false},"excerpt":{"rendered":"<p>Offrir la lecture en cadeau, un geste qui ira loin Offrir un livre en cadeau \u00e0 un \u00eatre cher \u00e9voque \u00e0 la fois la chaleur du temps des F\u00eates et le plaisir de transmettre le go\u00fbt de la lecture. Peu importent l\u2019\u00e2ge ou les champs d\u2019int\u00e9r\u00eat de vos \u00eatres chers, vous trouverez surement des livres [&hellip;]<\/p>\n","protected":false},"author":7,"featured_media":0,"parent":0,"menu_order":2,"comment_status":"closed","ping_status":"closed","template":"","meta":{"site-sidebar-layout":"no-sidebar","site-content-layout":"page-builder","ast-site-content-layout":"default","site-content-style":"default","site-sidebar-style":"default","ast-global-header-display":"","ast-banner-title-visibility":"","ast-main-header-display":"","ast-hfb-above-header-display":"","ast-hfb-below-header-display":"","ast-hfb-mobile-header-display":"","site-post-title":"disabled","ast-breadcrumbs-content":"","ast-featured-img":"disabled","footer-sml-layout":"","ast-disable-related-posts":"","theme-transparent-header-meta":"default","adv-header-id-meta":"","stick-header-meta":"","header-above-stick-meta":"","header-main-stick-meta":"","header-below-stick-meta":"","astra-migrate-meta-layouts":"default","ast-page-background-enabled":"default","ast-page-background-meta":{"desktop":{"background-color":"var(--ast-global-color-4)","background-image":"","background-repeat":"repeat","background-position":"center center","background-size":"auto","background-attachment":"scroll","background-type":"","background-media":"","overlay-type":"","overlay-color":"","overlay-opacity":"","overlay-gradient":""},"tablet":{"background-color":"","background-image":"","background-repeat":"repeat","background-position":"center center","background-size":"auto","background-attachment":"scroll","background-type":"","background-media":"","overlay-type":"","overlay-color":"","overlay-opacity":"","overlay-gradient":""},"mobile":{"background-color":"","background-image":"","background-repeat":"repeat","background-position":"center center","background-size":"auto","background-attachment":"scroll","background-type":"","background-media":"","overlay-type":"","overlay-color":"","overlay-opacity":"","overlay-gradient":""}},"ast-content-background-meta":{"desktop":{"background-color":"var(--ast-global-color-5)","background-image":"","background-repeat":"repeat","background-position":"center center","background-size":"auto","background-attachment":"scroll","background-type":"","background-media":"","overlay-type":"","overlay-color":"","overlay-opacity":"","overlay-gradient":""},"tablet":{"background-color":"var(--ast-global-color-5)","background-image":"","background-repeat":"repeat","background-position":"center center","background-size":"auto","background-attachment":"scroll","background-type":"","background-media":"","overlay-type":"","overlay-color":"","overlay-opacity":"","overlay-gradient":""},"mobile":{"background-color":"var(--ast-global-color-5)","background-image":"","background-repeat":"repeat","background-position":"center center","background-size":"auto","background-attachment":"scroll","background-type":"","background-media":"","overlay-type":"","overlay-color":"","overlay-opacity":"","overlay-gradient":""}},"footnotes":""},"page-categories":[],"class_list":["post-7781","page","type-page","status-publish","hentry"],"_links":{"self":[{"href":"https:\/\/kiosque.acadienouvelle.com\/lecture-en-cadeau-2025\/wp-json\/wp\/v2\/pages\/7781","targetHints":{"allow":["GET"]}}],"collection":[{"href":"https:\/\/kiosque.acadienouvelle.com\/lecture-en-cadeau-2025\/wp-json\/wp\/v2\/pages"}],"about":[{"href":"https:\/\/kiosque.acadienouvelle.com\/lecture-en-cadeau-2025\/wp-json\/wp\/v2\/types\/page"}],"author":[{"embeddable":true,"href":"https:\/\/kiosque.acadienouvelle.com\/lecture-en-cadeau-2025\/wp-json\/wp\/v2\/users\/7"}],"replies":[{"embeddable":true,"href":"https:\/\/kiosque.acadienouvelle.com\/lecture-en-cadeau-2025\/wp-json\/wp\/v2\/comments?post=7781"}],"version-history":[{"count":16,"href":"https:\/\/kiosque.acadienouvelle.com\/lecture-en-cadeau-2025\/wp-json\/wp\/v2\/pages\/7781\/revisions"}],"predecessor-version":[{"id":8047,"href":"https:\/\/kiosque.acadienouvelle.com\/lecture-en-cadeau-2025\/wp-json\/wp\/v2\/pages\/7781\/revisions\/8047"}],"wp:attachment":[{"href":"https:\/\/kiosque.acadienouvelle.com\/lecture-en-cadeau-2025\/wp-json\/wp\/v2\/media?parent=7781"}],"wp:term":[{"taxonomy":"page-categories","embeddable":true,"href":"https:\/\/kiosque.acadienouvelle.com\/lecture-en-cadeau-2025\/wp-json\/wp\/v2\/page-categories?post=7781"}],"curies":[{"name":"wp","href":"https:\/\/api.w.org\/{rel}","templated":true}]}}