{"id":7793,"date":"2025-11-17T17:23:19","date_gmt":"2025-11-17T17:23:19","guid":{"rendered":"https:\/\/kiosque.acadienouvelle.com\/lecture-en-cadeau-2025\/?page_id=7793"},"modified":"2025-11-18T14:48:07","modified_gmt":"2025-11-18T14:48:07","slug":"la-lecture-une-expression-essentielle","status":"publish","type":"page","link":"https:\/\/kiosque.acadienouvelle.com\/lecture-en-cadeau-2025\/la-lecture-une-expression-essentielle\/","title":{"rendered":"La lecture, une expression essentielle de la culture"},"content":{"rendered":"\t\t<div data-elementor-type=\"wp-page\" data-elementor-id=\"7793\" class=\"elementor elementor-7793\" data-elementor-post-type=\"page\">\n\t\t\t\t\t\t<section class=\"elementor-section elementor-top-section elementor-element elementor-element-50c1b6e elementor-section-height-min-height header_title banner_img elementor-section-boxed elementor-section-height-default elementor-section-items-middle\" data-id=\"50c1b6e\" data-element_type=\"section\" data-e-type=\"section\" data-settings=\"{&quot;background_background&quot;:&quot;classic&quot;}\">\n\t\t\t\t\t\t\t<div class=\"elementor-background-overlay\"><\/div>\n\t\t\t\t\t\t\t<div class=\"elementor-container elementor-column-gap-default\">\n\t\t\t\t\t<div class=\"elementor-column elementor-col-100 elementor-top-column elementor-element elementor-element-3a2d241\" data-id=\"3a2d241\" data-element_type=\"column\" data-e-type=\"column\">\n\t\t\t<div class=\"elementor-widget-wrap elementor-element-populated\">\n\t\t\t\t\t\t<div class=\"elementor-element elementor-element-9673cd2 elementor-widget elementor-widget-heading\" data-id=\"9673cd2\" data-element_type=\"widget\" data-e-type=\"widget\" data-widget_type=\"heading.default\">\n\t\t\t\t<div class=\"elementor-widget-container\">\n\t\t\t\t\t<h2 class=\"elementor-heading-title elementor-size-default\">La lecture, une expression essentielle de la culture<\/h2>\t\t\t\t<\/div>\n\t\t\t\t<\/div>\n\t\t\t\t\t<\/div>\n\t\t<\/div>\n\t\t\t\t\t<\/div>\n\t\t<\/section>\n\t\t\t\t<section class=\"elementor-section elementor-top-section elementor-element elementor-element-6fb59c5 elementor-section-boxed elementor-section-height-default elementor-section-height-default\" data-id=\"6fb59c5\" data-element_type=\"section\" data-e-type=\"section\">\n\t\t\t\t\t\t<div class=\"elementor-container elementor-column-gap-default\">\n\t\t\t\t\t<div class=\"elementor-column elementor-col-100 elementor-top-column elementor-element elementor-element-86a182d\" data-id=\"86a182d\" data-element_type=\"column\" data-e-type=\"column\">\n\t\t\t<div class=\"elementor-widget-wrap elementor-element-populated\">\n\t\t\t\t<link rel=\"stylesheet\" href=\"https:\/\/use.fontawesome.com\/releases\/v5.5.0\/css\/all.css\" integrity=\"sha384-B4dIYHKNBt8Bc12p+WXckhzcICo0wtJAoU8YZTY5qE0Id1GSseTk6S+L3BlXeVIU\" crossorigin=\"anonymous\">\r\n\t\t<div class=\"elementor-element elementor-element-92e3b2f elementor-widget elementor-widget-advertisement\" data-id=\"92e3b2f\" data-element_type=\"widget\" data-e-type=\"widget\" data-widget_type=\"advertisement.default\">\n\t\t\t\t<div class=\"elementor-widget-container\">\n\t\t\t\t\t<div class=\"ads-align-center\"><div data-m32-ad data-options='{\"sizes\":\"[[300,600]]\",\"dfpId\":\"21658289790,27729547\",\"dfpAdUnitPath\":\"acadienouvelle\/cahiers_fullpage_300x600\"}'><\/div><\/div>\t\t\t\t<\/div>\n\t\t\t\t<\/div>\n\t\t\t\t\t<\/div>\n\t\t<\/div>\n\t\t\t\t\t<\/div>\n\t\t<\/section>\n\t\t\t\t<section class=\"elementor-section elementor-top-section elementor-element elementor-element-d9a853a elementor-section-boxed elementor-section-height-default elementor-section-height-default\" data-id=\"d9a853a\" data-element_type=\"section\" data-e-type=\"section\">\n\t\t\t\t\t\t<div class=\"elementor-container elementor-column-gap-default\">\n\t\t\t\t\t<div class=\"elementor-column elementor-col-100 elementor-top-column elementor-element elementor-element-68d9c5a page_contain\" data-id=\"68d9c5a\" data-element_type=\"column\" data-e-type=\"column\" data-settings=\"{&quot;background_background&quot;:&quot;classic&quot;}\">\n\t\t\t<div class=\"elementor-widget-wrap elementor-element-populated\">\n\t\t\t\t\t\t<div class=\"elementor-element elementor-element-50f1f9b elementor-widget elementor-widget-image\" data-id=\"50f1f9b\" data-element_type=\"widget\" data-e-type=\"widget\" data-widget_type=\"image.default\">\n\t\t\t\t<div class=\"elementor-widget-container\">\n\t\t\t\t\t\t\t\t\t\t\t\t<figure class=\"wp-caption\">\n\t\t\t\t\t\t\t\t\t\t<img fetchpriority=\"high\" decoding=\"async\" width=\"1366\" height=\"768\" src=\"https:\/\/kiosque.acadienouvelle.com\/lecture-en-cadeau-2025\/wp-content\/uploads\/sites\/368\/2025\/11\/2-la_lecture_une_expression_landing.jpg\" class=\"attachment-full size-full wp-image-7798\" alt=\"\" srcset=\"https:\/\/kiosque.acadienouvelle.com\/lecture-en-cadeau-2025\/wp-content\/uploads\/sites\/368\/2025\/11\/2-la_lecture_une_expression_landing.jpg 1366w, https:\/\/kiosque.acadienouvelle.com\/lecture-en-cadeau-2025\/wp-content\/uploads\/sites\/368\/2025\/11\/2-la_lecture_une_expression_landing-300x169.jpg 300w, https:\/\/kiosque.acadienouvelle.com\/lecture-en-cadeau-2025\/wp-content\/uploads\/sites\/368\/2025\/11\/2-la_lecture_une_expression_landing-1024x576.jpg 1024w, https:\/\/kiosque.acadienouvelle.com\/lecture-en-cadeau-2025\/wp-content\/uploads\/sites\/368\/2025\/11\/2-la_lecture_une_expression_landing-768x432.jpg 768w\" sizes=\"(max-width: 1366px) 100vw, 1366px\" \/>\t\t\t\t\t\t\t\t\t\t\t<figcaption class=\"widget-image-caption wp-caption-text\">St\u00e9phanie Dugas est passionn\u00e9e par la lecture et l\u2019\u00e9criture.<\/figcaption>\n\t\t\t\t\t\t\t\t\t\t<\/figure>\n\t\t\t\t\t\t\t\t\t<\/div>\n\t\t\t\t<\/div>\n\t\t\t\t<div class=\"elementor-element elementor-element-d0a0a3b mobile_pera elementor-widget elementor-widget-text-editor\" data-id=\"d0a0a3b\" data-element_type=\"widget\" data-e-type=\"widget\" data-widget_type=\"text-editor.default\">\n\t\t\t\t<div class=\"elementor-widget-container\">\n\t\t\t\t\t\t\t\t\t<p>Adjointe aux \u00c9ditions de la Francophonie, responsable des \u00e9valuations des manuscrits, et auteure : la vie de St\u00e9phanie Dugas est berc\u00e9e par les livres et elle d\u00e9borde d\u2019enthousiasme pour en discuter.<\/p>\t\t\t\t\t\t\t\t<\/div>\n\t\t\t\t<\/div>\n\t\t\t\t<div class=\"elementor-element elementor-element-d9ea614 mobile_pera elementor-widget elementor-widget-text-editor\" data-id=\"d9ea614\" data-element_type=\"widget\" data-e-type=\"widget\" data-widget_type=\"text-editor.default\">\n\t\t\t\t<div class=\"elementor-widget-container\">\n\t\t\t\t\t\t\t\t\t<p>\u00ab La lecture est essentielle. C\u2019est ainsi que notre culture s\u2019encre\/s\u2019ancre, se raconte, \u00e9volue\u2009! Comment pourrions-nous savoir ce qu\u2019ont v\u00e9cu nos anc\u00eatres si nous n\u2019avions pas des \u00e9crits pour d\u00e9couvrir leur r\u00e9alit\u00e9\u2009? Eh bien, je crois que chaque g\u00e9n\u00e9ration porte, en quelque sorte, un peu cette mission de s\u2019assurer que l\u2019on continue d\u2019exister \u00bb, affirme-t-elle.<\/p>\t\t\t\t\t\t\t\t<\/div>\n\t\t\t\t<\/div>\n\t\t\t\t<div class=\"elementor-element elementor-element-25ad74e mobile_pera elementor-widget elementor-widget-text-editor\" data-id=\"25ad74e\" data-element_type=\"widget\" data-e-type=\"widget\" data-widget_type=\"text-editor.default\">\n\t\t\t\t<div class=\"elementor-widget-container\">\n\t\t\t\t\t\t\t\t\t<p>Des livres pour enfants aux r\u00e9cits de vie, l\u2019\u00e9ventail de livres disponibles est vaste et elle encourage les gens \u00e0 choisir un livre qui touche un sujet qui rejoint leurs champs d\u2019int\u00e9r\u00eat ou ceux de l\u2019\u00eatre cher. \u00ab Je me fais souvent demander des histoires vraies. Je crois que ce qui attire les gens, c\u2019est la d\u00e9couverte de l\u2019humain derri\u00e8re le r\u00e9cit. Ils cherchent \u00e0 \u00eatre touch\u00e9s, \u00e0 s\u2019inspirer du parcours d\u2019une autre vie \u00bb, souligne-t-elle.<\/p>\t\t\t\t\t\t\t\t<\/div>\n\t\t\t\t<\/div>\n\t\t\t\t<div class=\"elementor-element elementor-element-77bdd48 mobile_pera elementor-widget elementor-widget-text-editor\" data-id=\"77bdd48\" data-element_type=\"widget\" data-e-type=\"widget\" data-widget_type=\"text-editor.default\">\n\t\t\t\t<div class=\"elementor-widget-container\">\n\t\t\t\t\t\t\t\t\t<p>Selon elle, donner un livre en cadeau est un voyage, une aventure \u00e0 petit prix, une histoire d\u2019amour puissante ou encore une escapade o\u00f9 mille \u00e9motions sont possibles. \u00ab C\u2019est pouvoir porter les souliers d\u2019un autre le temps de quelques pages. C\u2019est apprendre, grandir, r\u00eaver\u2009! C\u2019est se questionner, se remettre en question et s\u2019ouvrir aux autres. Lire, c\u2019est vivre, mais dans le confort de son salon \u00bb, \u00e9num\u00e8re-t-elle.<\/p>\t\t\t\t\t\t\t\t<\/div>\n\t\t\t\t<\/div>\n\t\t\t\t<div class=\"elementor-element elementor-element-59fb44c mobile_pera elementor-widget elementor-widget-text-editor\" data-id=\"59fb44c\" data-element_type=\"widget\" data-e-type=\"widget\" data-widget_type=\"text-editor.default\">\n\t\t\t\t<div class=\"elementor-widget-container\">\n\t\t\t\t\t\t\t\t\t<p>Enfin, elle encourage les gens \u00e0 offrir des livres \u00e9crits par des gens d\u2019ici. \u00ab Lire local, c\u2019est investir dans notre identit\u00e9, c\u2019est participer \u00e0 son \u00e9panouissement. C\u2019est aussi offrir \u00e0 nos cr\u00e9ateurs la reconnaissance qu\u2019ils m\u00e9ritent. Choisir une histoire d\u2019ici, c\u2019est tisser un lien entre le lecteur et l\u2019auteur, entre la m\u00e9moire et le pr\u00e9sent. C\u2019est contribuer \u00e0 renforcer ce sentiment d\u2019appartenance qui nous unit, et qui fait vivre notre culture \u00bb, conclut-elle.<\/p>\t\t\t\t\t\t\t\t<\/div>\n\t\t\t\t<\/div>\n\t\t\t\t\t<\/div>\n\t\t<\/div>\n\t\t\t\t\t<\/div>\n\t\t<\/section>\n\t\t\t\t<\/div>\n\t\t","protected":false},"excerpt":{"rendered":"<p>La lecture, une expression essentielle de la culture St\u00e9phanie Dugas est passionn\u00e9e par la lecture et l\u2019\u00e9criture. Adjointe aux \u00c9ditions de la Francophonie, responsable des \u00e9valuations des manuscrits, et auteure : la vie de St\u00e9phanie Dugas est berc\u00e9e par les livres et elle d\u00e9borde d\u2019enthousiasme pour en discuter. \u00ab La lecture est essentielle. C\u2019est ainsi [&hellip;]<\/p>\n","protected":false},"author":7,"featured_media":0,"parent":0,"menu_order":4,"comment_status":"closed","ping_status":"closed","template":"","meta":{"site-sidebar-layout":"no-sidebar","site-content-layout":"page-builder","ast-site-content-layout":"default","site-content-style":"default","site-sidebar-style":"default","ast-global-header-display":"","ast-banner-title-visibility":"","ast-main-header-display":"","ast-hfb-above-header-display":"","ast-hfb-below-header-display":"","ast-hfb-mobile-header-display":"","site-post-title":"disabled","ast-breadcrumbs-content":"","ast-featured-img":"disabled","footer-sml-layout":"","ast-disable-related-posts":"","theme-transparent-header-meta":"default","adv-header-id-meta":"","stick-header-meta":"","header-above-stick-meta":"","header-main-stick-meta":"","header-below-stick-meta":"","astra-migrate-meta-layouts":"default","ast-page-background-enabled":"default","ast-page-background-meta":{"desktop":{"background-color":"var(--ast-global-color-4)","background-image":"","background-repeat":"repeat","background-position":"center center","background-size":"auto","background-attachment":"scroll","background-type":"","background-media":"","overlay-type":"","overlay-color":"","overlay-opacity":"","overlay-gradient":""},"tablet":{"background-color":"","background-image":"","background-repeat":"repeat","background-position":"center center","background-size":"auto","background-attachment":"scroll","background-type":"","background-media":"","overlay-type":"","overlay-color":"","overlay-opacity":"","overlay-gradient":""},"mobile":{"background-color":"","background-image":"","background-repeat":"repeat","background-position":"center center","background-size":"auto","background-attachment":"scroll","background-type":"","background-media":"","overlay-type":"","overlay-color":"","overlay-opacity":"","overlay-gradient":""}},"ast-content-background-meta":{"desktop":{"background-color":"var(--ast-global-color-5)","background-image":"","background-repeat":"repeat","background-position":"center center","background-size":"auto","background-attachment":"scroll","background-type":"","background-media":"","overlay-type":"","overlay-color":"","overlay-opacity":"","overlay-gradient":""},"tablet":{"background-color":"var(--ast-global-color-5)","background-image":"","background-repeat":"repeat","background-position":"center center","background-size":"auto","background-attachment":"scroll","background-type":"","background-media":"","overlay-type":"","overlay-color":"","overlay-opacity":"","overlay-gradient":""},"mobile":{"background-color":"var(--ast-global-color-5)","background-image":"","background-repeat":"repeat","background-position":"center center","background-size":"auto","background-attachment":"scroll","background-type":"","background-media":"","overlay-type":"","overlay-color":"","overlay-opacity":"","overlay-gradient":""}},"footnotes":""},"page-categories":[],"class_list":["post-7793","page","type-page","status-publish","hentry"],"_links":{"self":[{"href":"https:\/\/kiosque.acadienouvelle.com\/lecture-en-cadeau-2025\/wp-json\/wp\/v2\/pages\/7793","targetHints":{"allow":["GET"]}}],"collection":[{"href":"https:\/\/kiosque.acadienouvelle.com\/lecture-en-cadeau-2025\/wp-json\/wp\/v2\/pages"}],"about":[{"href":"https:\/\/kiosque.acadienouvelle.com\/lecture-en-cadeau-2025\/wp-json\/wp\/v2\/types\/page"}],"author":[{"embeddable":true,"href":"https:\/\/kiosque.acadienouvelle.com\/lecture-en-cadeau-2025\/wp-json\/wp\/v2\/users\/7"}],"replies":[{"embeddable":true,"href":"https:\/\/kiosque.acadienouvelle.com\/lecture-en-cadeau-2025\/wp-json\/wp\/v2\/comments?post=7793"}],"version-history":[{"count":16,"href":"https:\/\/kiosque.acadienouvelle.com\/lecture-en-cadeau-2025\/wp-json\/wp\/v2\/pages\/7793\/revisions"}],"predecessor-version":[{"id":7889,"href":"https:\/\/kiosque.acadienouvelle.com\/lecture-en-cadeau-2025\/wp-json\/wp\/v2\/pages\/7793\/revisions\/7889"}],"wp:attachment":[{"href":"https:\/\/kiosque.acadienouvelle.com\/lecture-en-cadeau-2025\/wp-json\/wp\/v2\/media?parent=7793"}],"wp:term":[{"taxonomy":"page-categories","embeddable":true,"href":"https:\/\/kiosque.acadienouvelle.com\/lecture-en-cadeau-2025\/wp-json\/wp\/v2\/page-categories?post=7793"}],"curies":[{"name":"wp","href":"https:\/\/api.w.org\/{rel}","templated":true}]}}