{"id":7811,"date":"2025-11-17T17:34:51","date_gmt":"2025-11-17T17:34:51","guid":{"rendered":"https:\/\/kiosque.acadienouvelle.com\/lecture-en-cadeau-2025\/?page_id=7811"},"modified":"2025-11-19T21:00:09","modified_gmt":"2025-11-19T21:00:09","slug":"pour-aider-votre-enfant","status":"publish","type":"page","link":"https:\/\/kiosque.acadienouvelle.com\/lecture-en-cadeau-2025\/pour-aider-votre-enfant\/","title":{"rendered":"Pour aider votre enfant \u00e0 apprivoiser la lecture"},"content":{"rendered":"\t\t<div data-elementor-type=\"wp-page\" data-elementor-id=\"7811\" class=\"elementor elementor-7811\" data-elementor-post-type=\"page\">\n\t\t\t\t\t\t<section class=\"elementor-section elementor-top-section elementor-element elementor-element-50c1b6e elementor-section-height-min-height header_title banner_img elementor-section-boxed elementor-section-height-default elementor-section-items-middle\" data-id=\"50c1b6e\" data-element_type=\"section\" data-e-type=\"section\" data-settings=\"{&quot;background_background&quot;:&quot;classic&quot;}\">\n\t\t\t\t\t\t\t<div class=\"elementor-background-overlay\"><\/div>\n\t\t\t\t\t\t\t<div class=\"elementor-container elementor-column-gap-default\">\n\t\t\t\t\t<div class=\"elementor-column elementor-col-100 elementor-top-column elementor-element elementor-element-3a2d241\" data-id=\"3a2d241\" data-element_type=\"column\" data-e-type=\"column\">\n\t\t\t<div class=\"elementor-widget-wrap elementor-element-populated\">\n\t\t\t\t\t\t<div class=\"elementor-element elementor-element-9673cd2 elementor-widget elementor-widget-heading\" data-id=\"9673cd2\" data-element_type=\"widget\" data-e-type=\"widget\" data-widget_type=\"heading.default\">\n\t\t\t\t<div class=\"elementor-widget-container\">\n\t\t\t\t\t<h2 class=\"elementor-heading-title elementor-size-default\">Pour aider votre enfant \u00e0 apprivoiser \nla lecture<\/h2>\t\t\t\t<\/div>\n\t\t\t\t<\/div>\n\t\t\t\t\t<\/div>\n\t\t<\/div>\n\t\t\t\t\t<\/div>\n\t\t<\/section>\n\t\t\t\t<section class=\"elementor-section elementor-top-section elementor-element elementor-element-c5fe610 elementor-section-boxed elementor-section-height-default elementor-section-height-default\" data-id=\"c5fe610\" data-element_type=\"section\" data-e-type=\"section\">\n\t\t\t\t\t\t<div class=\"elementor-container elementor-column-gap-default\">\n\t\t\t\t\t<div class=\"elementor-column elementor-col-100 elementor-top-column elementor-element elementor-element-aba20b2\" data-id=\"aba20b2\" data-element_type=\"column\" data-e-type=\"column\">\n\t\t\t<div class=\"elementor-widget-wrap elementor-element-populated\">\n\t\t\t\t<link rel=\"stylesheet\" href=\"https:\/\/use.fontawesome.com\/releases\/v5.5.0\/css\/all.css\" integrity=\"sha384-B4dIYHKNBt8Bc12p+WXckhzcICo0wtJAoU8YZTY5qE0Id1GSseTk6S+L3BlXeVIU\" crossorigin=\"anonymous\">\r\n\t\t<div class=\"elementor-element elementor-element-cb026b4 elementor-widget elementor-widget-advertisement\" data-id=\"cb026b4\" data-element_type=\"widget\" data-e-type=\"widget\" data-widget_type=\"advertisement.default\">\n\t\t\t\t<div class=\"elementor-widget-container\">\n\t\t\t\t\t<div class=\"ads-align-center\"><div data-m32-ad data-options='{\"sizes\":\"[[300,600]]\",\"dfpId\":\"21658289790,27729547\",\"dfpAdUnitPath\":\"acadienouvelle\/cahiers_fullpage_300x600\"}'><\/div><\/div>\t\t\t\t<\/div>\n\t\t\t\t<\/div>\n\t\t\t\t\t<\/div>\n\t\t<\/div>\n\t\t\t\t\t<\/div>\n\t\t<\/section>\n\t\t\t\t<section class=\"elementor-section elementor-top-section elementor-element elementor-element-d9a853a elementor-section-boxed elementor-section-height-default elementor-section-height-default\" data-id=\"d9a853a\" data-element_type=\"section\" data-e-type=\"section\">\n\t\t\t\t\t\t<div class=\"elementor-container elementor-column-gap-default\">\n\t\t\t\t\t<div class=\"elementor-column elementor-col-100 elementor-top-column elementor-element elementor-element-68d9c5a page_contain\" data-id=\"68d9c5a\" data-element_type=\"column\" data-e-type=\"column\" data-settings=\"{&quot;background_background&quot;:&quot;classic&quot;}\">\n\t\t\t<div class=\"elementor-widget-wrap elementor-element-populated\">\n\t\t\t\t\t\t<div class=\"elementor-element elementor-element-50f1f9b elementor-widget elementor-widget-image\" data-id=\"50f1f9b\" data-element_type=\"widget\" data-e-type=\"widget\" data-widget_type=\"image.default\">\n\t\t\t\t<div class=\"elementor-widget-container\">\n\t\t\t\t\t\t\t\t\t\t\t\t<figure class=\"wp-caption\">\n\t\t\t\t\t\t\t\t\t\t<img fetchpriority=\"high\" decoding=\"async\" width=\"1366\" height=\"768\" src=\"https:\/\/kiosque.acadienouvelle.com\/lecture-en-cadeau-2025\/wp-content\/uploads\/sites\/368\/2025\/11\/4-pour_aider_landing.jpg\" class=\"attachment-full size-full wp-image-7813\" alt=\"\" srcset=\"https:\/\/kiosque.acadienouvelle.com\/lecture-en-cadeau-2025\/wp-content\/uploads\/sites\/368\/2025\/11\/4-pour_aider_landing.jpg 1366w, https:\/\/kiosque.acadienouvelle.com\/lecture-en-cadeau-2025\/wp-content\/uploads\/sites\/368\/2025\/11\/4-pour_aider_landing-300x169.jpg 300w, https:\/\/kiosque.acadienouvelle.com\/lecture-en-cadeau-2025\/wp-content\/uploads\/sites\/368\/2025\/11\/4-pour_aider_landing-1024x576.jpg 1024w, https:\/\/kiosque.acadienouvelle.com\/lecture-en-cadeau-2025\/wp-content\/uploads\/sites\/368\/2025\/11\/4-pour_aider_landing-768x432.jpg 768w\" sizes=\"(max-width: 1366px) 100vw, 1366px\" \/>\t\t\t\t\t\t\t\t\t\t\t<figcaption class=\"widget-image-caption wp-caption-text\">Sophie LeBlanc Roy<\/figcaption>\n\t\t\t\t\t\t\t\t\t\t<\/figure>\n\t\t\t\t\t\t\t\t\t<\/div>\n\t\t\t\t<\/div>\n\t\t\t\t<div class=\"elementor-element elementor-element-d0a0a3b mobile_pera elementor-widget elementor-widget-text-editor\" data-id=\"d0a0a3b\" data-element_type=\"widget\" data-e-type=\"widget\" data-widget_type=\"text-editor.default\">\n\t\t\t\t<div class=\"elementor-widget-container\">\n\t\t\t\t\t\t\t\t\t<p>Saviez-vous qu\u2019un enfant qui \u00e9prouve de la difficult\u00e9 en lecture conna\u00eet des difficult\u00e9s d\u2019apprentissage dans pratiquement toutes ses mati\u00e8res scolaires? Ceci pourrait \u00e9galement avoir un impact sur la confiance et l\u2019estime de soi, ainsi que la motivation scolaire. Voici donc quelques conseils pour aider votre enfant \u00e0 apprivoiser la lecture.<\/p>\t\t\t\t\t\t\t\t<\/div>\n\t\t\t\t<\/div>\n\t\t\t\t<div class=\"elementor-element elementor-element-d9ea614 mobile_pera elementor-widget elementor-widget-text-editor\" data-id=\"d9ea614\" data-element_type=\"widget\" data-e-type=\"widget\" data-widget_type=\"text-editor.default\">\n\t\t\t\t<div class=\"elementor-widget-container\">\n\t\t\t\t\t\t\t\t\t<p>\u00ab Tout d\u2019abord, \u00e7a prend beaucoup de patience et de bienveillance. Un parent peut \u00eatre un bon mod\u00e8le pour son enfant en d\u00e9but d\u2019apprentissage, surtout si l\u2019enfant a des difficult\u00e9s \u00bb, affirme Martine Cadieux, enseignante, influenceuse et consultante en litt\u00e9ratie. Elle recommande toujours d\u2019en parler avec la personne enseignante de l\u2019enfant pour cerner la source de la difficult\u00e9, \u00e9tablir une strat\u00e9gie ou m\u00eame consulter des professionnels en cas de besoin.<\/p>\t\t\t\t\t\t\t\t<\/div>\n\t\t\t\t<\/div>\n\t\t\t\t<div class=\"elementor-element elementor-element-cae96c8 elementor-widget elementor-widget-advertisement\" data-id=\"cae96c8\" data-element_type=\"widget\" data-e-type=\"widget\" data-widget_type=\"advertisement.default\">\n\t\t\t\t<div class=\"elementor-widget-container\">\n\t\t\t\t\t<div class=\"ads-align-center\"><div data-m32-ad data-options='{\"sizes\":\"[[300,250]]\",\"dfpId\":\"21658289790,27729547\",\"dfpAdUnitPath\":\"acadienouvelle\/cahiers_quarterpage_300x250\"}'><\/div><\/div>\t\t\t\t<\/div>\n\t\t\t\t<\/div>\n\t\t\t\t<div class=\"elementor-element elementor-element-ef6165f mobile_pera elementor-widget elementor-widget-text-editor\" data-id=\"ef6165f\" data-element_type=\"widget\" data-e-type=\"widget\" data-widget_type=\"text-editor.default\">\n\t\t\t\t<div class=\"elementor-widget-container\">\n\t\t\t\t\t\t\t\t\t<p>Elle sugg\u00e8re aussi de choisir des livres selon le niveau de lecture de l\u2019enfant, \u00e0 commencer par des livres qui \u00e9vitent les combinaisons comme \u00ab CH \u00bb ou \u00ab GN \u00bb qui pourraient porter \u00e0 confusion. \u00ab Il est important d\u2019encourager l\u2019enfant \u00e0 d\u00e9coder les mots puisqu\u2019on ne veut pas qu\u2019il le devine par la premi\u00e8re lettre ou l\u2019image. On ne veut pas non plus sauter les mots difficiles. Si l\u2019enfant a de la difficult\u00e9 \u00e0 lire un mot, on lui donne un petit moment pour l\u2019essayer. S\u2019il \u00e9prouve toujours de la difficult\u00e9, on lui montre comment on d\u00e9code le mot, une lettre \u00e0 la fois \u00bb, sugg\u00e8re-t-elle.<\/p>\t\t\t\t\t\t\t\t<\/div>\n\t\t\t\t<\/div>\n\t\t\t\t<div class=\"elementor-element elementor-element-74263c8 mobile_pera elementor-widget elementor-widget-text-editor\" data-id=\"74263c8\" data-element_type=\"widget\" data-e-type=\"widget\" data-widget_type=\"text-editor.default\">\n\t\t\t\t<div class=\"elementor-widget-container\">\n\t\t\t\t\t\t\t\t\t<p>Une autre strat\u00e9gie consiste \u00e0 changer un peu le rythme. Un parent peut ainsi faire de la lecture partag\u00e9e avec son enfant avec un parent qui lit une phrase et l\u2019enfant qui le r\u00e9p\u00e8te. Chacun peut aussi lire une phrase ou une page \u00e0 tour de r\u00f4le ou encore les deux peuvent lire en ch\u0153ur.<\/p>\t\t\t\t\t\t\t\t<\/div>\n\t\t\t\t<\/div>\n\t\t\t\t<div class=\"elementor-element elementor-element-80abbeb mobile_pera elementor-widget elementor-widget-text-editor\" data-id=\"80abbeb\" data-element_type=\"widget\" data-e-type=\"widget\" data-widget_type=\"text-editor.default\">\n\t\t\t\t<div class=\"elementor-widget-container\">\n\t\t\t\t\t\t\t\t\t<p>\u00ab Il faut aussi lire dans les int\u00e9r\u00eats de l\u2019enfant et laisser l\u2019enfant choisir ce qu\u2019il veut lire \u00bb, ajoute-t-elle. Elle pr\u00e9cise \u00e9galement que toute lecture est bonne, que ce soit une bande dessin\u00e9e, un magazine, un article informatif, etc. \u00ab Plus un enfant s\u2019int\u00e9resse au sujet, plus il sera motiv\u00e9 \u00e0 lire. \u00bb<\/p>\t\t\t\t\t\t\t\t<\/div>\n\t\t\t\t<\/div>\n\t\t\t\t<div class=\"elementor-element elementor-element-95ba1ba mobile_pera elementor-widget elementor-widget-text-editor\" data-id=\"95ba1ba\" data-element_type=\"widget\" data-e-type=\"widget\" data-widget_type=\"text-editor.default\">\n\t\t\t\t<div class=\"elementor-widget-container\">\n\t\t\t\t\t\t\t\t\t<p>Aussi, une strat\u00e9gie qui fonctionne aujourd\u2019hui pourrait ne plus plaire demain. Ajustez selon l\u2019humeur et la fatigue de l\u2019enfant. \u00ab Il est aussi important que les parents lisent \u00e0 leurs enfants \u00e0 tous les \u00e2ges, m\u00eame les plus vieux. Les enfants aiment se faire lire des histoires ou des livres informatifs. Ceci leur permet d\u2019acc\u00e9der \u00e0 des textes peut-\u00eatre un peu plus avanc\u00e9s que s\u2019ils lisaient seuls. C\u2019est une autre fa\u00e7on de d\u00e9velopper le vocabulaire, la syntaxe et la compr\u00e9hension \u00bb, conclut-elle.<\/p>\t\t\t\t\t\t\t\t<\/div>\n\t\t\t\t<\/div>\n\t\t\t\t\t<\/div>\n\t\t<\/div>\n\t\t\t\t\t<\/div>\n\t\t<\/section>\n\t\t\t\t<\/div>\n\t\t","protected":false},"excerpt":{"rendered":"<p>Pour aider votre enfant \u00e0 apprivoiser la lecture Sophie LeBlanc Roy Saviez-vous qu\u2019un enfant qui \u00e9prouve de la difficult\u00e9 en lecture conna\u00eet des difficult\u00e9s d\u2019apprentissage dans pratiquement toutes ses mati\u00e8res scolaires? Ceci pourrait \u00e9galement avoir un impact sur la confiance et l\u2019estime de soi, ainsi que la motivation scolaire. Voici donc quelques conseils pour aider [&hellip;]<\/p>\n","protected":false},"author":7,"featured_media":0,"parent":0,"menu_order":6,"comment_status":"closed","ping_status":"closed","template":"","meta":{"site-sidebar-layout":"no-sidebar","site-content-layout":"page-builder","ast-site-content-layout":"default","site-content-style":"default","site-sidebar-style":"default","ast-global-header-display":"","ast-banner-title-visibility":"","ast-main-header-display":"","ast-hfb-above-header-display":"","ast-hfb-below-header-display":"","ast-hfb-mobile-header-display":"","site-post-title":"disabled","ast-breadcrumbs-content":"","ast-featured-img":"disabled","footer-sml-layout":"","ast-disable-related-posts":"","theme-transparent-header-meta":"default","adv-header-id-meta":"","stick-header-meta":"","header-above-stick-meta":"","header-main-stick-meta":"","header-below-stick-meta":"","astra-migrate-meta-layouts":"default","ast-page-background-enabled":"default","ast-page-background-meta":{"desktop":{"background-color":"var(--ast-global-color-4)","background-image":"","background-repeat":"repeat","background-position":"center center","background-size":"auto","background-attachment":"scroll","background-type":"","background-media":"","overlay-type":"","overlay-color":"","overlay-opacity":"","overlay-gradient":""},"tablet":{"background-color":"","background-image":"","background-repeat":"repeat","background-position":"center center","background-size":"auto","background-attachment":"scroll","background-type":"","background-media":"","overlay-type":"","overlay-color":"","overlay-opacity":"","overlay-gradient":""},"mobile":{"background-color":"","background-image":"","background-repeat":"repeat","background-position":"center center","background-size":"auto","background-attachment":"scroll","background-type":"","background-media":"","overlay-type":"","overlay-color":"","overlay-opacity":"","overlay-gradient":""}},"ast-content-background-meta":{"desktop":{"background-color":"var(--ast-global-color-5)","background-image":"","background-repeat":"repeat","background-position":"center center","background-size":"auto","background-attachment":"scroll","background-type":"","background-media":"","overlay-type":"","overlay-color":"","overlay-opacity":"","overlay-gradient":""},"tablet":{"background-color":"var(--ast-global-color-5)","background-image":"","background-repeat":"repeat","background-position":"center center","background-size":"auto","background-attachment":"scroll","background-type":"","background-media":"","overlay-type":"","overlay-color":"","overlay-opacity":"","overlay-gradient":""},"mobile":{"background-color":"var(--ast-global-color-5)","background-image":"","background-repeat":"repeat","background-position":"center center","background-size":"auto","background-attachment":"scroll","background-type":"","background-media":"","overlay-type":"","overlay-color":"","overlay-opacity":"","overlay-gradient":""}},"footnotes":""},"page-categories":[],"class_list":["post-7811","page","type-page","status-publish","hentry"],"_links":{"self":[{"href":"https:\/\/kiosque.acadienouvelle.com\/lecture-en-cadeau-2025\/wp-json\/wp\/v2\/pages\/7811","targetHints":{"allow":["GET"]}}],"collection":[{"href":"https:\/\/kiosque.acadienouvelle.com\/lecture-en-cadeau-2025\/wp-json\/wp\/v2\/pages"}],"about":[{"href":"https:\/\/kiosque.acadienouvelle.com\/lecture-en-cadeau-2025\/wp-json\/wp\/v2\/types\/page"}],"author":[{"embeddable":true,"href":"https:\/\/kiosque.acadienouvelle.com\/lecture-en-cadeau-2025\/wp-json\/wp\/v2\/users\/7"}],"replies":[{"embeddable":true,"href":"https:\/\/kiosque.acadienouvelle.com\/lecture-en-cadeau-2025\/wp-json\/wp\/v2\/comments?post=7811"}],"version-history":[{"count":34,"href":"https:\/\/kiosque.acadienouvelle.com\/lecture-en-cadeau-2025\/wp-json\/wp\/v2\/pages\/7811\/revisions"}],"predecessor-version":[{"id":8075,"href":"https:\/\/kiosque.acadienouvelle.com\/lecture-en-cadeau-2025\/wp-json\/wp\/v2\/pages\/7811\/revisions\/8075"}],"wp:attachment":[{"href":"https:\/\/kiosque.acadienouvelle.com\/lecture-en-cadeau-2025\/wp-json\/wp\/v2\/media?parent=7811"}],"wp:term":[{"taxonomy":"page-categories","embeddable":true,"href":"https:\/\/kiosque.acadienouvelle.com\/lecture-en-cadeau-2025\/wp-json\/wp\/v2\/page-categories?post=7811"}],"curies":[{"name":"wp","href":"https:\/\/api.w.org\/{rel}","templated":true}]}}