{"id":7838,"date":"2025-11-17T17:48:17","date_gmt":"2025-11-17T17:48:17","guid":{"rendered":"https:\/\/kiosque.acadienouvelle.com\/lecture-en-cadeau-2025\/?page_id=7838"},"modified":"2025-11-19T21:00:25","modified_gmt":"2025-11-19T21:00:25","slug":"quelques_conseils_pour_engager","status":"publish","type":"page","link":"https:\/\/kiosque.acadienouvelle.com\/lecture-en-cadeau-2025\/quelques_conseils_pour_engager\/","title":{"rendered":"Quelques conseils pour engager votre enfant pendant la lecture"},"content":{"rendered":"\t\t<div data-elementor-type=\"wp-page\" data-elementor-id=\"7838\" class=\"elementor elementor-7838\" data-elementor-post-type=\"page\">\n\t\t\t\t\t\t<section class=\"elementor-section elementor-top-section elementor-element elementor-element-50c1b6e elementor-section-height-min-height header_title banner_img elementor-section-boxed elementor-section-height-default elementor-section-items-middle\" data-id=\"50c1b6e\" data-element_type=\"section\" data-e-type=\"section\" data-settings=\"{&quot;background_background&quot;:&quot;classic&quot;}\">\n\t\t\t\t\t\t\t<div class=\"elementor-background-overlay\"><\/div>\n\t\t\t\t\t\t\t<div class=\"elementor-container elementor-column-gap-default\">\n\t\t\t\t\t<div class=\"elementor-column elementor-col-100 elementor-top-column elementor-element elementor-element-3a2d241\" data-id=\"3a2d241\" data-element_type=\"column\" data-e-type=\"column\">\n\t\t\t<div class=\"elementor-widget-wrap elementor-element-populated\">\n\t\t\t\t\t\t<div class=\"elementor-element elementor-element-9673cd2 elementor-widget elementor-widget-heading\" data-id=\"9673cd2\" data-element_type=\"widget\" data-e-type=\"widget\" data-widget_type=\"heading.default\">\n\t\t\t\t<div class=\"elementor-widget-container\">\n\t\t\t\t\t<h2 class=\"elementor-heading-title elementor-size-default\">Quelques conseils pour engager votre enfant pendant la lecture<\/h2>\t\t\t\t<\/div>\n\t\t\t\t<\/div>\n\t\t\t\t\t<\/div>\n\t\t<\/div>\n\t\t\t\t\t<\/div>\n\t\t<\/section>\n\t\t\t\t<section class=\"elementor-section elementor-top-section elementor-element elementor-element-ba04be8 elementor-section-boxed elementor-section-height-default elementor-section-height-default\" data-id=\"ba04be8\" data-element_type=\"section\" data-e-type=\"section\">\n\t\t\t\t\t\t<div class=\"elementor-container elementor-column-gap-default\">\n\t\t\t\t\t<div class=\"elementor-column elementor-col-100 elementor-top-column elementor-element elementor-element-f284f81\" data-id=\"f284f81\" data-element_type=\"column\" data-e-type=\"column\">\n\t\t\t<div class=\"elementor-widget-wrap elementor-element-populated\">\n\t\t\t\t<link rel=\"stylesheet\" href=\"https:\/\/use.fontawesome.com\/releases\/v5.5.0\/css\/all.css\" integrity=\"sha384-B4dIYHKNBt8Bc12p+WXckhzcICo0wtJAoU8YZTY5qE0Id1GSseTk6S+L3BlXeVIU\" crossorigin=\"anonymous\">\r\n\t\t<div class=\"elementor-element elementor-element-ca775f0 elementor-widget elementor-widget-advertisement\" data-id=\"ca775f0\" data-element_type=\"widget\" data-e-type=\"widget\" data-widget_type=\"advertisement.default\">\n\t\t\t\t<div class=\"elementor-widget-container\">\n\t\t\t\t\t<div class=\"ads-align-center\"><div data-m32-ad data-options='{\"sizes\":\"[[300,600]]\",\"dfpId\":\"21658289790,27729547\",\"dfpAdUnitPath\":\"acadienouvelle\/cahiers_fullpage_300x600\"}'><\/div><\/div>\t\t\t\t<\/div>\n\t\t\t\t<\/div>\n\t\t\t\t\t<\/div>\n\t\t<\/div>\n\t\t\t\t\t<\/div>\n\t\t<\/section>\n\t\t\t\t<section class=\"elementor-section elementor-top-section elementor-element elementor-element-d9a853a elementor-section-boxed elementor-section-height-default elementor-section-height-default\" data-id=\"d9a853a\" data-element_type=\"section\" data-e-type=\"section\">\n\t\t\t\t\t\t<div class=\"elementor-container elementor-column-gap-default\">\n\t\t\t\t\t<div class=\"elementor-column elementor-col-100 elementor-top-column elementor-element elementor-element-68d9c5a page_contain\" data-id=\"68d9c5a\" data-element_type=\"column\" data-e-type=\"column\" data-settings=\"{&quot;background_background&quot;:&quot;classic&quot;}\">\n\t\t\t<div class=\"elementor-widget-wrap elementor-element-populated\">\n\t\t\t\t\t\t<div class=\"elementor-element elementor-element-50f1f9b elementor-widget elementor-widget-image\" data-id=\"50f1f9b\" data-element_type=\"widget\" data-e-type=\"widget\" data-widget_type=\"image.default\">\n\t\t\t\t<div class=\"elementor-widget-container\">\n\t\t\t\t\t\t\t\t\t\t\t\t<figure class=\"wp-caption\">\n\t\t\t\t\t\t\t\t\t\t<img fetchpriority=\"high\" decoding=\"async\" width=\"1366\" height=\"768\" src=\"https:\/\/kiosque.acadienouvelle.com\/lecture-en-cadeau-2025\/wp-content\/uploads\/sites\/368\/2025\/11\/12-quelques_conseils_landing.jpg\" class=\"attachment-full size-full wp-image-7843\" alt=\"\" srcset=\"https:\/\/kiosque.acadienouvelle.com\/lecture-en-cadeau-2025\/wp-content\/uploads\/sites\/368\/2025\/11\/12-quelques_conseils_landing.jpg 1366w, https:\/\/kiosque.acadienouvelle.com\/lecture-en-cadeau-2025\/wp-content\/uploads\/sites\/368\/2025\/11\/12-quelques_conseils_landing-300x169.jpg 300w, https:\/\/kiosque.acadienouvelle.com\/lecture-en-cadeau-2025\/wp-content\/uploads\/sites\/368\/2025\/11\/12-quelques_conseils_landing-1024x576.jpg 1024w, https:\/\/kiosque.acadienouvelle.com\/lecture-en-cadeau-2025\/wp-content\/uploads\/sites\/368\/2025\/11\/12-quelques_conseils_landing-768x432.jpg 768w\" sizes=\"(max-width: 1366px) 100vw, 1366px\" \/>\t\t\t\t\t\t\t\t\t\t\t<figcaption class=\"widget-image-caption wp-caption-text\"><\/figcaption>\n\t\t\t\t\t\t\t\t\t\t<\/figure>\n\t\t\t\t\t\t\t\t\t<\/div>\n\t\t\t\t<\/div>\n\t\t\t\t<div class=\"elementor-element elementor-element-d0a0a3b mobile_pera elementor-widget elementor-widget-text-editor\" data-id=\"d0a0a3b\" data-element_type=\"widget\" data-e-type=\"widget\" data-widget_type=\"text-editor.default\">\n\t\t\t\t<div class=\"elementor-widget-container\">\n\t\t\t\t\t\t\t\t\t<p>Martine Cadieux, enseignante, influenceuse et consultante en litt\u00e9ratie, d\u00e9borde de bons conseils pour engager un enfant pendant la lecture. En voici quelques-uns tir\u00e9s de son site \u00ab La bo\u00eete de Madame Martine \u00bb :<\/p>\t\t\t\t\t\t\t\t<\/div>\n\t\t\t\t<\/div>\n\t\t\t\t<div class=\"elementor-element elementor-element-74263c8 mobile_pera elementor-widget elementor-widget-text-editor\" data-id=\"74263c8\" data-element_type=\"widget\" data-e-type=\"widget\" data-widget_type=\"text-editor.default\">\n\t\t\t\t<div class=\"elementor-widget-container\">\n\t\t\t\t\t\t\t\t\t<ul><li>Laissez l\u2019enfant choisir le livre, le tenir et tourner les pages.<\/li><li>Changez le pr\u00e9nom du personnage principal pour celui de votre enfant.<\/li><li>Encouragez votre enfant \u00e0 trouver des dessins, des lettres ou des mots qu\u2019il connait. Demandez o\u00f9 est le chien ou encore o\u00f9 est la lettre A.<\/li><li>Invitez l\u2019enfant \u00e0 faire des effets sonores, comme le son des animaux, des v\u00e9hicules ou celui d\u2019une horloge.<\/li><li>Encouragez l\u2019enfant \u00e0 dire la partie r\u00e9p\u00e9titive de l\u2019histoire ou arr\u00eatez pour qu\u2019il finisse la phrase. Par exemple, dites \u00ab il a mang\u00e9 la\u2026 \u00bb et laissez l\u2019enfant compl\u00e9ter la phrase.<\/li><li>Posez des questions sur ce que l\u2019enfant a compris et appr\u00e9ci\u00e9 de l\u2019histoire.<\/li><\/ul>\t\t\t\t\t\t\t\t<\/div>\n\t\t\t\t<\/div>\n\t\t\t\t<div class=\"elementor-element elementor-element-bb60170 mobile_pera elementor-widget elementor-widget-text-editor\" data-id=\"bb60170\" data-element_type=\"widget\" data-e-type=\"widget\" data-widget_type=\"text-editor.default\">\n\t\t\t\t<div class=\"elementor-widget-container\">\n\t\t\t\t\t\t\t\t\t<p>Aussi, vous pouvez rendre votre lecture plus captivante avec ces quelques trucs :<\/p>\t\t\t\t\t\t\t\t<\/div>\n\t\t\t\t<\/div>\n\t\t\t\t<div class=\"elementor-element elementor-element-b58e209 mobile_pera elementor-widget elementor-widget-text-editor\" data-id=\"b58e209\" data-element_type=\"widget\" data-e-type=\"widget\" data-widget_type=\"text-editor.default\">\n\t\t\t\t<div class=\"elementor-widget-container\">\n\t\t\t\t\t\t\t\t\t<ul><li>Variez votre voix pour qu\u2019elle soit plus grave pour le loup et plus aig\u00fce pour la souris. \u00c9levez la voix pour qu\u2019elle soit plus forte quand le personnage est f\u00e2ch\u00e9 ou utilisez une voix douce quand le personnage dort. Votre d\u00e9bit peut \u00e9galement \u00eatre plus rapide dans l\u2019action et plus lent dans les moments calmes.<\/li><li>Ajoutez des effets sonores et faites des pauses pour garder le suspense.<\/li><li>Exprimez-vous avec le visage et le corps.<\/li><\/ul>\t\t\t\t\t\t\t\t<\/div>\n\t\t\t\t<\/div>\n\t\t\t\t<div class=\"elementor-element elementor-element-d3ffd3d mobile_pera elementor-widget elementor-widget-text-editor\" data-id=\"d3ffd3d\" data-element_type=\"widget\" data-e-type=\"widget\" data-widget_type=\"text-editor.default\">\n\t\t\t\t<div class=\"elementor-widget-container\">\n\t\t\t\t\t\t\t\t\t<p>Enfin, exag\u00e9rez un peu et amusez-vous bien\u2009!<\/p>\t\t\t\t\t\t\t\t<\/div>\n\t\t\t\t<\/div>\n\t\t\t\t\t<\/div>\n\t\t<\/div>\n\t\t\t\t\t<\/div>\n\t\t<\/section>\n\t\t\t\t<\/div>\n\t\t","protected":false},"excerpt":{"rendered":"<p>Quelques conseils pour engager votre enfant pendant la lecture Martine Cadieux, enseignante, influenceuse et consultante en litt\u00e9ratie, d\u00e9borde de bons conseils pour engager un enfant pendant la lecture. En voici quelques-uns tir\u00e9s de son site \u00ab La bo\u00eete de Madame Martine \u00bb : Laissez l\u2019enfant choisir le livre, le tenir et tourner les pages. Changez [&hellip;]<\/p>\n","protected":false},"author":7,"featured_media":0,"parent":0,"menu_order":8,"comment_status":"closed","ping_status":"closed","template":"","meta":{"site-sidebar-layout":"no-sidebar","site-content-layout":"page-builder","ast-site-content-layout":"default","site-content-style":"default","site-sidebar-style":"default","ast-global-header-display":"","ast-banner-title-visibility":"","ast-main-header-display":"","ast-hfb-above-header-display":"","ast-hfb-below-header-display":"","ast-hfb-mobile-header-display":"","site-post-title":"disabled","ast-breadcrumbs-content":"","ast-featured-img":"disabled","footer-sml-layout":"","ast-disable-related-posts":"","theme-transparent-header-meta":"default","adv-header-id-meta":"","stick-header-meta":"","header-above-stick-meta":"","header-main-stick-meta":"","header-below-stick-meta":"","astra-migrate-meta-layouts":"default","ast-page-background-enabled":"default","ast-page-background-meta":{"desktop":{"background-color":"var(--ast-global-color-4)","background-image":"","background-repeat":"repeat","background-position":"center center","background-size":"auto","background-attachment":"scroll","background-type":"","background-media":"","overlay-type":"","overlay-color":"","overlay-opacity":"","overlay-gradient":""},"tablet":{"background-color":"","background-image":"","background-repeat":"repeat","background-position":"center center","background-size":"auto","background-attachment":"scroll","background-type":"","background-media":"","overlay-type":"","overlay-color":"","overlay-opacity":"","overlay-gradient":""},"mobile":{"background-color":"","background-image":"","background-repeat":"repeat","background-position":"center center","background-size":"auto","background-attachment":"scroll","background-type":"","background-media":"","overlay-type":"","overlay-color":"","overlay-opacity":"","overlay-gradient":""}},"ast-content-background-meta":{"desktop":{"background-color":"var(--ast-global-color-5)","background-image":"","background-repeat":"repeat","background-position":"center center","background-size":"auto","background-attachment":"scroll","background-type":"","background-media":"","overlay-type":"","overlay-color":"","overlay-opacity":"","overlay-gradient":""},"tablet":{"background-color":"var(--ast-global-color-5)","background-image":"","background-repeat":"repeat","background-position":"center center","background-size":"auto","background-attachment":"scroll","background-type":"","background-media":"","overlay-type":"","overlay-color":"","overlay-opacity":"","overlay-gradient":""},"mobile":{"background-color":"var(--ast-global-color-5)","background-image":"","background-repeat":"repeat","background-position":"center center","background-size":"auto","background-attachment":"scroll","background-type":"","background-media":"","overlay-type":"","overlay-color":"","overlay-opacity":"","overlay-gradient":""}},"footnotes":""},"page-categories":[],"class_list":["post-7838","page","type-page","status-publish","hentry"],"_links":{"self":[{"href":"https:\/\/kiosque.acadienouvelle.com\/lecture-en-cadeau-2025\/wp-json\/wp\/v2\/pages\/7838","targetHints":{"allow":["GET"]}}],"collection":[{"href":"https:\/\/kiosque.acadienouvelle.com\/lecture-en-cadeau-2025\/wp-json\/wp\/v2\/pages"}],"about":[{"href":"https:\/\/kiosque.acadienouvelle.com\/lecture-en-cadeau-2025\/wp-json\/wp\/v2\/types\/page"}],"author":[{"embeddable":true,"href":"https:\/\/kiosque.acadienouvelle.com\/lecture-en-cadeau-2025\/wp-json\/wp\/v2\/users\/7"}],"replies":[{"embeddable":true,"href":"https:\/\/kiosque.acadienouvelle.com\/lecture-en-cadeau-2025\/wp-json\/wp\/v2\/comments?post=7838"}],"version-history":[{"count":22,"href":"https:\/\/kiosque.acadienouvelle.com\/lecture-en-cadeau-2025\/wp-json\/wp\/v2\/pages\/7838\/revisions"}],"predecessor-version":[{"id":8078,"href":"https:\/\/kiosque.acadienouvelle.com\/lecture-en-cadeau-2025\/wp-json\/wp\/v2\/pages\/7838\/revisions\/8078"}],"wp:attachment":[{"href":"https:\/\/kiosque.acadienouvelle.com\/lecture-en-cadeau-2025\/wp-json\/wp\/v2\/media?parent=7838"}],"wp:term":[{"taxonomy":"page-categories","embeddable":true,"href":"https:\/\/kiosque.acadienouvelle.com\/lecture-en-cadeau-2025\/wp-json\/wp\/v2\/page-categories?post=7838"}],"curies":[{"name":"wp","href":"https:\/\/api.w.org\/{rel}","templated":true}]}}