{"id":7860,"date":"2025-11-17T18:02:04","date_gmt":"2025-11-17T18:02:04","guid":{"rendered":"https:\/\/kiosque.acadienouvelle.com\/lecture-en-cadeau-2025\/?page_id=7860"},"modified":"2025-11-18T19:57:39","modified_gmt":"2025-11-18T19:57:39","slug":"petit-guide-pour-choisir","status":"publish","type":"page","link":"https:\/\/kiosque.acadienouvelle.com\/lecture-en-cadeau-2025\/petit-guide-pour-choisir\/","title":{"rendered":"Petit guide pour choisir un bon  livre en cadeau"},"content":{"rendered":"\t\t<div data-elementor-type=\"wp-page\" data-elementor-id=\"7860\" class=\"elementor elementor-7860\" data-elementor-post-type=\"page\">\n\t\t\t\t<link rel=\"stylesheet\" href=\"https:\/\/use.fontawesome.com\/releases\/v5.5.0\/css\/all.css\" integrity=\"sha384-B4dIYHKNBt8Bc12p+WXckhzcICo0wtJAoU8YZTY5qE0Id1GSseTk6S+L3BlXeVIU\" crossorigin=\"anonymous\">\r\n\t\t<section class=\"elementor-section elementor-top-section elementor-element elementor-element-50c1b6e elementor-section-height-min-height header_title banner_img elementor-section-boxed elementor-section-height-default elementor-section-items-middle\" data-id=\"50c1b6e\" data-element_type=\"section\" data-e-type=\"section\" data-settings=\"{&quot;background_background&quot;:&quot;classic&quot;}\">\n\t\t\t\t\t\t\t<div class=\"elementor-background-overlay\"><\/div>\n\t\t\t\t\t\t\t<div class=\"elementor-container elementor-column-gap-default\">\n\t\t\t\t\t<div class=\"elementor-column elementor-col-100 elementor-top-column elementor-element elementor-element-3a2d241\" data-id=\"3a2d241\" data-element_type=\"column\" data-e-type=\"column\">\n\t\t\t<div class=\"elementor-widget-wrap elementor-element-populated\">\n\t\t\t\t\t\t<div class=\"elementor-element elementor-element-9673cd2 elementor-widget elementor-widget-heading\" data-id=\"9673cd2\" data-element_type=\"widget\" data-e-type=\"widget\" data-widget_type=\"heading.default\">\n\t\t\t\t<div class=\"elementor-widget-container\">\n\t\t\t\t\t<h2 class=\"elementor-heading-title elementor-size-default\">Petit guide pour choisir un bon \nlivre en cadeau<\/h2>\t\t\t\t<\/div>\n\t\t\t\t<\/div>\n\t\t\t\t\t<\/div>\n\t\t<\/div>\n\t\t\t\t\t<\/div>\n\t\t<\/section>\n\t\t\t\t<section class=\"elementor-section elementor-top-section elementor-element elementor-element-5d1f3f9 elementor-section-boxed elementor-section-height-default elementor-section-height-default\" data-id=\"5d1f3f9\" data-element_type=\"section\" data-e-type=\"section\">\n\t\t\t\t\t\t<div class=\"elementor-container elementor-column-gap-default\">\n\t\t\t\t\t<div class=\"elementor-column elementor-col-100 elementor-top-column elementor-element elementor-element-e78f51c\" data-id=\"e78f51c\" data-element_type=\"column\" data-e-type=\"column\">\n\t\t\t<div class=\"elementor-widget-wrap elementor-element-populated\">\n\t\t\t\t<link rel=\"stylesheet\" href=\"https:\/\/use.fontawesome.com\/releases\/v5.5.0\/css\/all.css\" integrity=\"sha384-B4dIYHKNBt8Bc12p+WXckhzcICo0wtJAoU8YZTY5qE0Id1GSseTk6S+L3BlXeVIU\" crossorigin=\"anonymous\">\r\n\t\t<div class=\"elementor-element elementor-element-9585fe5 elementor-widget elementor-widget-advertisement\" data-id=\"9585fe5\" data-element_type=\"widget\" data-e-type=\"widget\" data-widget_type=\"advertisement.default\">\n\t\t\t\t<div class=\"elementor-widget-container\">\n\t\t\t\t\t<div class=\"ads-align-center\"><div data-m32-ad data-options='{\"sizes\":\"[[300,600]]\",\"dfpId\":\"21658289790,27729547\",\"dfpAdUnitPath\":\"acadienouvelle\/cahiers_fullpage_300x600\"}'><\/div><\/div>\t\t\t\t<\/div>\n\t\t\t\t<\/div>\n\t\t\t\t\t<\/div>\n\t\t<\/div>\n\t\t\t\t\t<\/div>\n\t\t<\/section>\n\t\t\t\t<section class=\"elementor-section elementor-top-section elementor-element elementor-element-d9a853a elementor-section-boxed elementor-section-height-default elementor-section-height-default\" data-id=\"d9a853a\" data-element_type=\"section\" data-e-type=\"section\">\n\t\t\t\t\t\t<div class=\"elementor-container elementor-column-gap-default\">\n\t\t\t\t\t<div class=\"elementor-column elementor-col-100 elementor-top-column elementor-element elementor-element-68d9c5a page_contain\" data-id=\"68d9c5a\" data-element_type=\"column\" data-e-type=\"column\" data-settings=\"{&quot;background_background&quot;:&quot;classic&quot;}\">\n\t\t\t<div class=\"elementor-widget-wrap elementor-element-populated\">\n\t\t\t\t\t\t<div class=\"elementor-element elementor-element-50f1f9b elementor-widget elementor-widget-image\" data-id=\"50f1f9b\" data-element_type=\"widget\" data-e-type=\"widget\" data-widget_type=\"image.default\">\n\t\t\t\t<div class=\"elementor-widget-container\">\n\t\t\t\t\t\t\t\t\t\t\t\t<figure class=\"wp-caption\">\n\t\t\t\t\t\t\t\t\t\t<img fetchpriority=\"high\" decoding=\"async\" width=\"1366\" height=\"768\" src=\"https:\/\/kiosque.acadienouvelle.com\/lecture-en-cadeau-2025\/wp-content\/uploads\/sites\/368\/2025\/11\/14-petit_guide_landing.jpg\" class=\"attachment-full size-full wp-image-7862\" alt=\"\" srcset=\"https:\/\/kiosque.acadienouvelle.com\/lecture-en-cadeau-2025\/wp-content\/uploads\/sites\/368\/2025\/11\/14-petit_guide_landing.jpg 1366w, https:\/\/kiosque.acadienouvelle.com\/lecture-en-cadeau-2025\/wp-content\/uploads\/sites\/368\/2025\/11\/14-petit_guide_landing-300x169.jpg 300w, https:\/\/kiosque.acadienouvelle.com\/lecture-en-cadeau-2025\/wp-content\/uploads\/sites\/368\/2025\/11\/14-petit_guide_landing-1024x576.jpg 1024w, https:\/\/kiosque.acadienouvelle.com\/lecture-en-cadeau-2025\/wp-content\/uploads\/sites\/368\/2025\/11\/14-petit_guide_landing-768x432.jpg 768w\" sizes=\"(max-width: 1366px) 100vw, 1366px\" \/>\t\t\t\t\t\t\t\t\t\t\t<figcaption class=\"widget-image-caption wp-caption-text\">Annie Chiasson, copropri\u00e9taire de la Librairie P\u00e9lagie et propri\u00e9taire des \u00c9ditions Bouton d\u2019or Acadie.<\/figcaption>\n\t\t\t\t\t\t\t\t\t\t<\/figure>\n\t\t\t\t\t\t\t\t\t<\/div>\n\t\t\t\t<\/div>\n\t\t\t\t<div class=\"elementor-element elementor-element-d0a0a3b mobile_pera elementor-widget elementor-widget-text-editor\" data-id=\"d0a0a3b\" data-element_type=\"widget\" data-e-type=\"widget\" data-widget_type=\"text-editor.default\">\n\t\t\t\t<div class=\"elementor-widget-container\">\n\t\t\t\t\t\t\t\t\t<p>Comme libraire et copropri\u00e9taire de la Librairie P\u00e9lagie, Annie Chiasson appuie souvent sa client\u00e8le lors de l\u2019achat d\u2019un livre pour un \u00eatre cher. Elle nous offre ici quelques conseils pour vous guider un peu dans le vaste choix devant vous.<\/p>\t\t\t\t\t\t\t\t<\/div>\n\t\t\t\t<\/div>\n\t\t\t\t<div class=\"elementor-element elementor-element-af3e767 mobile_pera elementor-widget elementor-widget-text-editor\" data-id=\"af3e767\" data-element_type=\"widget\" data-e-type=\"widget\" data-widget_type=\"text-editor.default\">\n\t\t\t\t<div class=\"elementor-widget-container\">\n\t\t\t\t\t\t\t\t\t<p>\u00ab Notre \u00e9quipe a l\u2019habitude de cr\u00e9er une connexion personnalis\u00e9e avec les gens et de poser les bonnes questions pour pouvoir les aider. C\u2019est le travail quotidien de tout bon libraire d\u2019apprendre \u00e0 conna\u00eetre la personne devant soi pour pouvoir l\u2019accompagner \u00bb, explique celle qui est devenue r\u00e9cemment propri\u00e9taire des \u00c9ditions Bouton d\u2019or Acadie.<\/p>\t\t\t\t\t\t\t\t<\/div>\n\t\t\t\t<\/div>\n\t\t\t\t<div class=\"elementor-element elementor-element-1d62c33 mobile_pera elementor-widget elementor-widget-text-editor\" data-id=\"1d62c33\" data-element_type=\"widget\" data-e-type=\"widget\" data-widget_type=\"text-editor.default\">\n\t\t\t\t<div class=\"elementor-widget-container\">\n\t\t\t\t\t\t\t\t\t<p>\u00ab Plus on conna\u00eet la personne et ses int\u00e9r\u00eats, plus il devient facile de trouver un bon livre\u2009! On peut aussi s\u2019amuser \u00e0 questionner sur les autrices et les auteurs favoris ou encore, les livres pass\u00e9s d\u00e9j\u00e0 lus et pr\u00e9f\u00e9r\u00e9s. Cela nous donne de pr\u00e9cieuses pistes pour mieux guider \u00bb, ajoute-t-elle.<\/p>\t\t\t\t\t\t\t\t<\/div>\n\t\t\t\t<\/div>\n\t\t\t\t<div class=\"elementor-element elementor-element-d9ea614 mobile_pera elementor-widget elementor-widget-text-editor\" data-id=\"d9ea614\" data-element_type=\"widget\" data-e-type=\"widget\" data-widget_type=\"text-editor.default\">\n\t\t\t\t<div class=\"elementor-widget-container\">\n\t\t\t\t\t\t\t\t\t<p>Selon elle, un livre repr\u00e9sente un cadeau id\u00e9al pour de nombreuses raisons. Un livre offre une d\u00e9connexion aux multiples \u00e9crans, en plus de nourrir la curiosit\u00e9, l\u2019intellect et l\u2019\u00e2me. \u00ab C\u2019est une fa\u00e7on d\u2019apprendre, de voyager, de se d\u00e9tendre et de naviguer vers d\u2019autres univers. Le livre est une oeuvre d\u2019art en soi, vous encouragez tout un \u00e9cosyst\u00e8me et plusieurs cr\u00e9ateurs en faisant son achat \u00bb, \u00e9num\u00e8re-t-elle avec enthousiasme.<\/p>\t\t\t\t\t\t\t\t<\/div>\n\t\t\t\t<\/div>\n\t\t\t\t<div class=\"elementor-element elementor-element-74263c8 mobile_pera elementor-widget elementor-widget-text-editor\" data-id=\"74263c8\" data-element_type=\"widget\" data-e-type=\"widget\" data-widget_type=\"text-editor.default\">\n\t\t\t\t<div class=\"elementor-widget-container\">\n\t\t\t\t\t\t\t\t\t<p>Annie Chiasson consid\u00e8re que la lecture a toujours eu sa place et qu\u2019elle l\u2019aura toujours. \u00ab Elle est d\u2019autant plus essentielle chez nos jeunes qui sont aujourd\u2019hui davantage expos\u00e9s \u00e0 une langue souvent abr\u00e9g\u00e9e ou mal \u00e9crite sur les r\u00e9seaux sociaux. Comme soci\u00e9t\u00e9 francophone et acadienne, nous devrions d\u2019ailleurs en \u00eatre pr\u00e9occup\u00e9s \u00bb, avance-t-elle.<\/p>\t\t\t\t\t\t\t\t<\/div>\n\t\t\t\t<\/div>\n\t\t\t\t<div class=\"elementor-element elementor-element-5ef60c9 mobile_pera elementor-widget elementor-widget-text-editor\" data-id=\"5ef60c9\" data-element_type=\"widget\" data-e-type=\"widget\" data-widget_type=\"text-editor.default\">\n\t\t\t\t<div class=\"elementor-widget-container\">\n\t\t\t\t\t\t\t\t\t<p>Elle encourage donc \u00e0 offrir des livres en cadeaux, surtout ceux \u00e9crits par des gens locaux. \u00ab Cette autrice ou cet auteur y a mis tout son c\u0153ur et tellement de travail. En choisissant un livre \u00e9crit par une autrice ou un auteur d\u2019ici, vous vous retrouverez davantage dans le langage employ\u00e9, ainsi que dans les personnages ou les lieux \u00bb, conclut-elle.<\/p>\t\t\t\t\t\t\t\t<\/div>\n\t\t\t\t<\/div>\n\t\t\t\t\t<\/div>\n\t\t<\/div>\n\t\t\t\t\t<\/div>\n\t\t<\/section>\n\t\t\t\t<\/div>\n\t\t","protected":false},"excerpt":{"rendered":"<p>Petit guide pour choisir un bon livre en cadeau Annie Chiasson, copropri\u00e9taire de la Librairie P\u00e9lagie et propri\u00e9taire des \u00c9ditions Bouton d\u2019or Acadie. Comme libraire et copropri\u00e9taire de la Librairie P\u00e9lagie, Annie Chiasson appuie souvent sa client\u00e8le lors de l\u2019achat d\u2019un livre pour un \u00eatre cher. Elle nous offre ici quelques conseils pour vous guider [&hellip;]<\/p>\n","protected":false},"author":7,"featured_media":0,"parent":0,"menu_order":10,"comment_status":"closed","ping_status":"closed","template":"","meta":{"site-sidebar-layout":"no-sidebar","site-content-layout":"page-builder","ast-site-content-layout":"default","site-content-style":"default","site-sidebar-style":"default","ast-global-header-display":"","ast-banner-title-visibility":"","ast-main-header-display":"","ast-hfb-above-header-display":"","ast-hfb-below-header-display":"","ast-hfb-mobile-header-display":"","site-post-title":"disabled","ast-breadcrumbs-content":"","ast-featured-img":"disabled","footer-sml-layout":"","ast-disable-related-posts":"","theme-transparent-header-meta":"default","adv-header-id-meta":"","stick-header-meta":"","header-above-stick-meta":"","header-main-stick-meta":"","header-below-stick-meta":"","astra-migrate-meta-layouts":"default","ast-page-background-enabled":"default","ast-page-background-meta":{"desktop":{"background-color":"var(--ast-global-color-4)","background-image":"","background-repeat":"repeat","background-position":"center center","background-size":"auto","background-attachment":"scroll","background-type":"","background-media":"","overlay-type":"","overlay-color":"","overlay-opacity":"","overlay-gradient":""},"tablet":{"background-color":"","background-image":"","background-repeat":"repeat","background-position":"center center","background-size":"auto","background-attachment":"scroll","background-type":"","background-media":"","overlay-type":"","overlay-color":"","overlay-opacity":"","overlay-gradient":""},"mobile":{"background-color":"","background-image":"","background-repeat":"repeat","background-position":"center center","background-size":"auto","background-attachment":"scroll","background-type":"","background-media":"","overlay-type":"","overlay-color":"","overlay-opacity":"","overlay-gradient":""}},"ast-content-background-meta":{"desktop":{"background-color":"var(--ast-global-color-5)","background-image":"","background-repeat":"repeat","background-position":"center center","background-size":"auto","background-attachment":"scroll","background-type":"","background-media":"","overlay-type":"","overlay-color":"","overlay-opacity":"","overlay-gradient":""},"tablet":{"background-color":"var(--ast-global-color-5)","background-image":"","background-repeat":"repeat","background-position":"center center","background-size":"auto","background-attachment":"scroll","background-type":"","background-media":"","overlay-type":"","overlay-color":"","overlay-opacity":"","overlay-gradient":""},"mobile":{"background-color":"var(--ast-global-color-5)","background-image":"","background-repeat":"repeat","background-position":"center center","background-size":"auto","background-attachment":"scroll","background-type":"","background-media":"","overlay-type":"","overlay-color":"","overlay-opacity":"","overlay-gradient":""}},"footnotes":""},"page-categories":[],"class_list":["post-7860","page","type-page","status-publish","hentry"],"_links":{"self":[{"href":"https:\/\/kiosque.acadienouvelle.com\/lecture-en-cadeau-2025\/wp-json\/wp\/v2\/pages\/7860","targetHints":{"allow":["GET"]}}],"collection":[{"href":"https:\/\/kiosque.acadienouvelle.com\/lecture-en-cadeau-2025\/wp-json\/wp\/v2\/pages"}],"about":[{"href":"https:\/\/kiosque.acadienouvelle.com\/lecture-en-cadeau-2025\/wp-json\/wp\/v2\/types\/page"}],"author":[{"embeddable":true,"href":"https:\/\/kiosque.acadienouvelle.com\/lecture-en-cadeau-2025\/wp-json\/wp\/v2\/users\/7"}],"replies":[{"embeddable":true,"href":"https:\/\/kiosque.acadienouvelle.com\/lecture-en-cadeau-2025\/wp-json\/wp\/v2\/comments?post=7860"}],"version-history":[{"count":28,"href":"https:\/\/kiosque.acadienouvelle.com\/lecture-en-cadeau-2025\/wp-json\/wp\/v2\/pages\/7860\/revisions"}],"predecessor-version":[{"id":8056,"href":"https:\/\/kiosque.acadienouvelle.com\/lecture-en-cadeau-2025\/wp-json\/wp\/v2\/pages\/7860\/revisions\/8056"}],"wp:attachment":[{"href":"https:\/\/kiosque.acadienouvelle.com\/lecture-en-cadeau-2025\/wp-json\/wp\/v2\/media?parent=7860"}],"wp:term":[{"taxonomy":"page-categories","embeddable":true,"href":"https:\/\/kiosque.acadienouvelle.com\/lecture-en-cadeau-2025\/wp-json\/wp\/v2\/page-categories?post=7860"}],"curies":[{"name":"wp","href":"https:\/\/api.w.org\/{rel}","templated":true}]}}