{"id":7806,"date":"2026-03-19T16:19:10","date_gmt":"2026-03-19T16:19:10","guid":{"rendered":"https:\/\/kiosque.acadienouvelle.com\/les-specialistes-01-2026\/testaments-et-procuration-quelques-termes-de-base-connaitre-2\/"},"modified":"2026-03-19T16:26:18","modified_gmt":"2026-03-19T16:26:18","slug":"testaments-et-procuration-quelques-termes-de-base-connaitre-2","status":"publish","type":"page","link":"https:\/\/kiosque.acadienouvelle.com\/les-specialistes-01-2026\/testaments-et-procuration-quelques-termes-de-base-connaitre-2\/","title":{"rendered":"Testaments et procuration &#8211; Quelques termes de base \u00e0 connaitre"},"content":{"rendered":"\t\t<div data-elementor-type=\"wp-page\" data-elementor-id=\"7806\" class=\"elementor elementor-7806\" data-elementor-post-type=\"page\">\n\t\t\t\t\t\t<section class=\"elementor-section elementor-top-section elementor-element elementor-element-50c1b6e elementor-section-height-min-height header_title banner_img elementor-section-boxed elementor-section-height-default elementor-section-items-middle\" data-id=\"50c1b6e\" data-element_type=\"section\" data-e-type=\"section\" data-settings=\"{&quot;background_background&quot;:&quot;classic&quot;}\">\n\t\t\t\t\t\t\t<div class=\"elementor-background-overlay\"><\/div>\n\t\t\t\t\t\t\t<div class=\"elementor-container elementor-column-gap-default\">\n\t\t\t\t\t<div class=\"elementor-column elementor-col-100 elementor-top-column elementor-element elementor-element-3a2d241\" data-id=\"3a2d241\" data-element_type=\"column\" data-e-type=\"column\">\n\t\t\t<div class=\"elementor-widget-wrap elementor-element-populated\">\n\t\t\t\t\t\t<div class=\"elementor-element elementor-element-9673cd2 elementor-widget elementor-widget-heading\" data-id=\"9673cd2\" data-element_type=\"widget\" data-e-type=\"widget\" data-widget_type=\"heading.default\">\n\t\t\t\t<div class=\"elementor-widget-container\">\n\t\t\t\t\t<h2 class=\"elementor-heading-title elementor-size-default\">Testaments et procuration\n - Quelques termes de base \u00e0 connaitre <\/h2>\t\t\t\t<\/div>\n\t\t\t\t<\/div>\n\t\t\t\t\t<\/div>\n\t\t<\/div>\n\t\t\t\t\t<\/div>\n\t\t<\/section>\n\t\t\t\t<section class=\"elementor-section elementor-top-section elementor-element elementor-element-d9a853a elementor-section-boxed elementor-section-height-default elementor-section-height-default\" data-id=\"d9a853a\" data-element_type=\"section\" data-e-type=\"section\">\n\t\t\t\t\t\t<div class=\"elementor-container elementor-column-gap-default\">\n\t\t\t\t\t<div class=\"elementor-column elementor-col-100 elementor-top-column elementor-element elementor-element-68d9c5a page_contain\" data-id=\"68d9c5a\" data-element_type=\"column\" data-e-type=\"column\" data-settings=\"{&quot;background_background&quot;:&quot;classic&quot;}\">\n\t\t\t<div class=\"elementor-widget-wrap elementor-element-populated\">\n\t\t\t\t\t\t<div class=\"elementor-element elementor-element-50f1f9b elementor-widget elementor-widget-image\" data-id=\"50f1f9b\" data-element_type=\"widget\" data-e-type=\"widget\" data-widget_type=\"image.default\">\n\t\t\t\t<div class=\"elementor-widget-container\">\n\t\t\t\t\t\t\t\t\t\t\t\t<figure class=\"wp-caption\">\n\t\t\t\t\t\t\t\t\t\t<img fetchpriority=\"high\" decoding=\"async\" width=\"1366\" height=\"768\" src=\"https:\/\/kiosque.acadienouvelle.com\/les-specialistes-01-2026\/wp-content\/uploads\/sites\/387\/2026\/03\/4_Testaments_landing.jpg\" class=\"attachment-full size-full wp-image-7814\" alt=\"\" srcset=\"https:\/\/kiosque.acadienouvelle.com\/les-specialistes-01-2026\/wp-content\/uploads\/sites\/387\/2026\/03\/4_Testaments_landing.jpg 1366w, https:\/\/kiosque.acadienouvelle.com\/les-specialistes-01-2026\/wp-content\/uploads\/sites\/387\/2026\/03\/4_Testaments_landing-300x169.jpg 300w, https:\/\/kiosque.acadienouvelle.com\/les-specialistes-01-2026\/wp-content\/uploads\/sites\/387\/2026\/03\/4_Testaments_landing-1024x576.jpg 1024w, https:\/\/kiosque.acadienouvelle.com\/les-specialistes-01-2026\/wp-content\/uploads\/sites\/387\/2026\/03\/4_Testaments_landing-768x432.jpg 768w\" sizes=\"(max-width: 1366px) 100vw, 1366px\" \/>\t\t\t\t\t\t\t\t\t\t\t<figcaption class=\"widget-image-caption wp-caption-text\"><\/figcaption>\n\t\t\t\t\t\t\t\t\t\t<\/figure>\n\t\t\t\t\t\t\t\t\t<\/div>\n\t\t\t\t<\/div>\n\t\t<link rel=\"stylesheet\" href=\"https:\/\/use.fontawesome.com\/releases\/v5.5.0\/css\/all.css\" integrity=\"sha384-B4dIYHKNBt8Bc12p+WXckhzcICo0wtJAoU8YZTY5qE0Id1GSseTk6S+L3BlXeVIU\" crossorigin=\"anonymous\">\r\n\t\t<div class=\"elementor-element elementor-element-d0a0a3b mobile_pera elementor-widget elementor-widget-text-editor\" data-id=\"d0a0a3b\" data-element_type=\"widget\" data-e-type=\"widget\" data-widget_type=\"text-editor.default\">\n\t\t\t\t<div class=\"elementor-widget-container\">\n\t\t\t\t\t\t\t\t\t<p>Personne n\u2019aime penser \u00e0 son d\u00e9c\u00e8s, mais il s\u2019agit d\u2019une r\u00e9alit\u00e9 in\u00e9vitable. Bien planifier aujourd\u2019hui permet d\u2019assurer que vos biens soient distribu\u00e9s comme vous le d\u00e9sirez. Voici quelques \u00e9l\u00e9ments de base importants \u00e0 connaitre pour s\u2019y retrouver plus facilement.<\/p>\t\t\t\t\t\t\t\t<\/div>\n\t\t\t\t<\/div>\n\t\t\t\t<div class=\"elementor-element elementor-element-2dafd09 elementor-widget elementor-widget-advertisement\" data-id=\"2dafd09\" data-element_type=\"widget\" data-e-type=\"widget\" data-widget_type=\"advertisement.default\">\n\t\t\t\t<div class=\"elementor-widget-container\">\n\t\t\t\t\t<div class=\"ads-align-center\"><div data-m32-ad data-options='{\"sizes\":\"[[320,480]]\",\"dfpId\":\"21658289790,27729547\",\"dfpAdUnitPath\":\"acadienouvelle\/cahiers_halfpage_320x480\"}'><\/div><\/div>\t\t\t\t<\/div>\n\t\t\t\t<\/div>\n\t\t\t\t<div class=\"elementor-element elementor-element-663010a mobile_pera elementor-widget elementor-widget-text-editor\" data-id=\"663010a\" data-element_type=\"widget\" data-e-type=\"widget\" data-widget_type=\"text-editor.default\">\n\t\t\t\t<div class=\"elementor-widget-container\">\n\t\t\t\t\t\t\t\t\t<p>Le Service public d\u2019\u00e9ducation et d\u2019information juridiques du Nouveau-Brunswick d\u00e9finit tout d\u2019abord le <b>testament<\/b> comme le document juridique qui vous permet d\u2019indiquer ce que vous souhaitez qu\u2019il advienne de vos biens apr\u00e8s votre d\u00e9c\u00e8s. Ces biens deviennent alors votre <b>succession<\/b>. Les indications dans le testament comprennent \u00e9galement qui est votre <b>ex\u00e9cuteur<\/b>, soit la personne charg\u00e9e de g\u00e9rer et de distribuer votre succession. Les personnes qui re\u00e7oivent votre succession apr\u00e8s votre d\u00e9c\u00e8s sont nomm\u00e9es les <b>b\u00e9n\u00e9ficiaires<\/b>.<\/p>\t\t\t\t\t\t\t\t<\/div>\n\t\t\t\t<\/div>\n\t\t\t\t<div class=\"elementor-element elementor-element-6734f87 mobile_pera elementor-widget elementor-widget-text-editor\" data-id=\"6734f87\" data-element_type=\"widget\" data-e-type=\"widget\" data-widget_type=\"text-editor.default\">\n\t\t\t\t<div class=\"elementor-widget-container\">\n\t\t\t\t\t\t\t\t\t<p>Une personne doit \u00e9tablir une <b>procuration<\/b> afin de d\u00e9signer une autre personne pour g\u00e9rer ses biens de son vivant dans l\u2019\u00e9ventualit\u00e9 o\u00f9 elle n\u2019est plus en mesure de le faire elle-m\u00eame.<\/p>\t\t\t\t\t\t\t\t<\/div>\n\t\t\t\t<\/div>\n\t\t\t\t<div class=\"elementor-element elementor-element-0b6ad93 mobile_pera elementor-widget elementor-widget-text-editor\" data-id=\"0b6ad93\" data-element_type=\"widget\" data-e-type=\"widget\" data-widget_type=\"text-editor.default\">\n\t\t\t\t<div class=\"elementor-widget-container\">\n\t\t\t\t\t\t\t\t\t<p><b>Les avantages d\u2019un testament<\/b><\/p>\t\t\t\t\t\t\t\t<\/div>\n\t\t\t\t<\/div>\n\t\t\t\t<div class=\"elementor-element elementor-element-74263c8 mobile_pera elementor-widget elementor-widget-text-editor\" data-id=\"74263c8\" data-element_type=\"widget\" data-e-type=\"widget\" data-widget_type=\"text-editor.default\">\n\t\t\t\t<div class=\"elementor-widget-container\">\n\t\t\t\t\t\t\t\t\t<p>Si une personne au Nouveau-Brunswick d\u00e9c\u00e8de sans testament, sa succession est distribu\u00e9e selon les r\u00e8gles de la Loi sur les d\u00e9volutions des successions de la province. Celle-ci d\u00e9termine la r\u00e9partition des biens parmi les parents les plus proches et le tribunal d\u00e9termine qui deviendra administrateur de la succession pour la distribuer.<\/p>\t\t\t\t\t\t\t\t<\/div>\n\t\t\t\t<\/div>\n\t\t\t\t<div class=\"elementor-element elementor-element-0feadcb mobile_pera elementor-widget elementor-widget-text-editor\" data-id=\"0feadcb\" data-element_type=\"widget\" data-e-type=\"widget\" data-widget_type=\"text-editor.default\">\n\t\t\t\t<div class=\"elementor-widget-container\">\n\t\t\t\t\t\t\t\t\t<p>L\u2019avantage principal d\u2019un testament est donc de d\u00e9terminer vous-m\u00eame de quelle fa\u00e7on votre succession sera distribu\u00e9e. Vous pouvez ainsi d\u00e9signer quelles personnes recevront vos biens et ce qu\u2019elles recevront. Si vous d\u00e9sirez r\u00e9partir vos biens ou certains objets \u00e0 une personne particuli\u00e8re qui n\u2019est pas un parent proche, vous devez avoir un testament. Ce document juridique permet \u00e9galement de choisir l\u2019ex\u00e9cuteur, soit la personne qui s\u2019occupera de la distribution de votre succession selon vos volont\u00e9s. <\/p>\t\t\t\t\t\t\t\t<\/div>\n\t\t\t\t<\/div>\n\t\t\t\t<div class=\"elementor-element elementor-element-4ba0a09 mobile_pera elementor-widget elementor-widget-text-editor\" data-id=\"4ba0a09\" data-element_type=\"widget\" data-e-type=\"widget\" data-widget_type=\"text-editor.default\">\n\t\t\t\t<div class=\"elementor-widget-container\">\n\t\t\t\t\t\t\t\t\t<p>Encore une fois, une bonne planification aujourd\u2019hui assurera votre tranquillit\u00e9 d\u2019esprit.<\/p>\t\t\t\t\t\t\t\t<\/div>\n\t\t\t\t<\/div>\n\t\t\t\t\t<\/div>\n\t\t<\/div>\n\t\t\t\t\t<\/div>\n\t\t<\/section>\n\t\t\t\t<\/div>\n\t\t","protected":false},"excerpt":{"rendered":"<p>Testaments et procuration &#8211; Quelques termes de base \u00e0 connaitre Personne n\u2019aime penser \u00e0 son d\u00e9c\u00e8s, mais il s\u2019agit d\u2019une r\u00e9alit\u00e9 in\u00e9vitable. Bien planifier aujourd\u2019hui permet d\u2019assurer que vos biens soient distribu\u00e9s comme vous le d\u00e9sirez. Voici quelques \u00e9l\u00e9ments de base importants \u00e0 connaitre pour s\u2019y retrouver plus facilement. Le Service public d\u2019\u00e9ducation et d\u2019information [&hellip;]<\/p>\n","protected":false},"author":7,"featured_media":0,"parent":0,"menu_order":4,"comment_status":"closed","ping_status":"closed","template":"","meta":{"site-sidebar-layout":"no-sidebar","site-content-layout":"page-builder","ast-site-content-layout":"default","site-content-style":"default","site-sidebar-style":"default","ast-global-header-display":"","ast-banner-title-visibility":"","ast-main-header-display":"","ast-hfb-above-header-display":"","ast-hfb-below-header-display":"","ast-hfb-mobile-header-display":"","site-post-title":"disabled","ast-breadcrumbs-content":"","ast-featured-img":"disabled","footer-sml-layout":"","ast-disable-related-posts":"","theme-transparent-header-meta":"default","adv-header-id-meta":"","stick-header-meta":"","header-above-stick-meta":"","header-main-stick-meta":"","header-below-stick-meta":"","astra-migrate-meta-layouts":"default","ast-page-background-enabled":"default","ast-page-background-meta":{"desktop":{"background-color":"var(--ast-global-color-4)","background-image":"","background-repeat":"repeat","background-position":"center center","background-size":"auto","background-attachment":"scroll","background-type":"","background-media":"","overlay-type":"","overlay-color":"","overlay-opacity":"","overlay-gradient":""},"tablet":{"background-color":"","background-image":"","background-repeat":"repeat","background-position":"center center","background-size":"auto","background-attachment":"scroll","background-type":"","background-media":"","overlay-type":"","overlay-color":"","overlay-opacity":"","overlay-gradient":""},"mobile":{"background-color":"","background-image":"","background-repeat":"repeat","background-position":"center center","background-size":"auto","background-attachment":"scroll","background-type":"","background-media":"","overlay-type":"","overlay-color":"","overlay-opacity":"","overlay-gradient":""}},"ast-content-background-meta":{"desktop":{"background-color":"var(--ast-global-color-5)","background-image":"","background-repeat":"repeat","background-position":"center center","background-size":"auto","background-attachment":"scroll","background-type":"","background-media":"","overlay-type":"","overlay-color":"","overlay-opacity":"","overlay-gradient":""},"tablet":{"background-color":"var(--ast-global-color-5)","background-image":"","background-repeat":"repeat","background-position":"center center","background-size":"auto","background-attachment":"scroll","background-type":"","background-media":"","overlay-type":"","overlay-color":"","overlay-opacity":"","overlay-gradient":""},"mobile":{"background-color":"var(--ast-global-color-5)","background-image":"","background-repeat":"repeat","background-position":"center center","background-size":"auto","background-attachment":"scroll","background-type":"","background-media":"","overlay-type":"","overlay-color":"","overlay-opacity":"","overlay-gradient":""}},"footnotes":""},"page-categories":[],"class_list":["post-7806","page","type-page","status-publish","hentry"],"_links":{"self":[{"href":"https:\/\/kiosque.acadienouvelle.com\/les-specialistes-01-2026\/wp-json\/wp\/v2\/pages\/7806","targetHints":{"allow":["GET"]}}],"collection":[{"href":"https:\/\/kiosque.acadienouvelle.com\/les-specialistes-01-2026\/wp-json\/wp\/v2\/pages"}],"about":[{"href":"https:\/\/kiosque.acadienouvelle.com\/les-specialistes-01-2026\/wp-json\/wp\/v2\/types\/page"}],"author":[{"embeddable":true,"href":"https:\/\/kiosque.acadienouvelle.com\/les-specialistes-01-2026\/wp-json\/wp\/v2\/users\/7"}],"replies":[{"embeddable":true,"href":"https:\/\/kiosque.acadienouvelle.com\/les-specialistes-01-2026\/wp-json\/wp\/v2\/comments?post=7806"}],"version-history":[{"count":19,"href":"https:\/\/kiosque.acadienouvelle.com\/les-specialistes-01-2026\/wp-json\/wp\/v2\/pages\/7806\/revisions"}],"predecessor-version":[{"id":7826,"href":"https:\/\/kiosque.acadienouvelle.com\/les-specialistes-01-2026\/wp-json\/wp\/v2\/pages\/7806\/revisions\/7826"}],"wp:attachment":[{"href":"https:\/\/kiosque.acadienouvelle.com\/les-specialistes-01-2026\/wp-json\/wp\/v2\/media?parent=7806"}],"wp:term":[{"taxonomy":"page-categories","embeddable":true,"href":"https:\/\/kiosque.acadienouvelle.com\/les-specialistes-01-2026\/wp-json\/wp\/v2\/page-categories?post=7806"}],"curies":[{"name":"wp","href":"https:\/\/api.w.org\/{rel}","templated":true}]}}