{"id":7830,"date":"2026-03-19T16:28:24","date_gmt":"2026-03-19T16:28:24","guid":{"rendered":"https:\/\/kiosque.acadienouvelle.com\/les-specialistes-01-2026\/les-titres-de-conseiller-financier-et-de-planificateur-financier-sont-dsormais-des-titres-protgs-au-nouveau-brunswick\/"},"modified":"2026-03-19T17:08:37","modified_gmt":"2026-03-19T17:08:37","slug":"les-titres-de-conseiller-financier-et-de-planificateur-financier-sont-dsormais-des-titres-protgs-au-nouveau-brunswick","status":"publish","type":"page","link":"https:\/\/kiosque.acadienouvelle.com\/les-specialistes-01-2026\/les-titres-de-conseiller-financier-et-de-planificateur-financier-sont-dsormais-des-titres-protgs-au-nouveau-brunswick\/","title":{"rendered":"Les titres de conseiller financier et de planificateur financier sont d\u00e9sormais des titres prot\u00e9g\u00e9s au Nouveau-Brunswick"},"content":{"rendered":"\t\t<div data-elementor-type=\"wp-page\" data-elementor-id=\"7830\" class=\"elementor elementor-7830\" data-elementor-post-type=\"page\">\n\t\t\t\t\t\t<section class=\"elementor-section elementor-top-section elementor-element elementor-element-50c1b6e elementor-section-height-min-height header_title banner_img elementor-section-boxed elementor-section-height-default elementor-section-items-middle\" data-id=\"50c1b6e\" data-element_type=\"section\" data-e-type=\"section\" data-settings=\"{&quot;background_background&quot;:&quot;classic&quot;}\">\n\t\t\t\t\t\t\t<div class=\"elementor-background-overlay\"><\/div>\n\t\t\t\t\t\t\t<div class=\"elementor-container elementor-column-gap-default\">\n\t\t\t\t\t<div class=\"elementor-column elementor-col-100 elementor-top-column elementor-element elementor-element-3a2d241\" data-id=\"3a2d241\" data-element_type=\"column\" data-e-type=\"column\">\n\t\t\t<div class=\"elementor-widget-wrap elementor-element-populated\">\n\t\t\t\t\t\t<div class=\"elementor-element elementor-element-9673cd2 elementor-widget elementor-widget-heading\" data-id=\"9673cd2\" data-element_type=\"widget\" data-e-type=\"widget\" data-widget_type=\"heading.default\">\n\t\t\t\t<div class=\"elementor-widget-container\">\n\t\t\t\t\t<h2 class=\"elementor-heading-title elementor-size-default\">Les titres de conseiller financier et de planificateur financier sont d\u00e9sormais des titres prot\u00e9g\u00e9s au Nouveau-Brunswick<\/h2>\t\t\t\t<\/div>\n\t\t\t\t<\/div>\n\t\t\t\t\t<\/div>\n\t\t<\/div>\n\t\t\t\t\t<\/div>\n\t\t<\/section>\n\t\t\t\t<section class=\"elementor-section elementor-top-section elementor-element elementor-element-d9a853a elementor-section-boxed elementor-section-height-default elementor-section-height-default\" data-id=\"d9a853a\" data-element_type=\"section\" data-e-type=\"section\">\n\t\t\t\t\t\t<div class=\"elementor-container elementor-column-gap-default\">\n\t\t\t\t\t<div class=\"elementor-column elementor-col-100 elementor-top-column elementor-element elementor-element-68d9c5a page_contain\" data-id=\"68d9c5a\" data-element_type=\"column\" data-e-type=\"column\" data-settings=\"{&quot;background_background&quot;:&quot;classic&quot;}\">\n\t\t\t<div class=\"elementor-widget-wrap elementor-element-populated\">\n\t\t\t\t\t\t<div class=\"elementor-element elementor-element-50f1f9b elementor-widget elementor-widget-image\" data-id=\"50f1f9b\" data-element_type=\"widget\" data-e-type=\"widget\" data-widget_type=\"image.default\">\n\t\t\t\t<div class=\"elementor-widget-container\">\n\t\t\t\t\t\t\t\t\t\t\t\t<figure class=\"wp-caption\">\n\t\t\t\t\t\t\t\t\t\t<img fetchpriority=\"high\" decoding=\"async\" width=\"1366\" height=\"768\" src=\"https:\/\/kiosque.acadienouvelle.com\/les-specialistes-01-2026\/wp-content\/uploads\/sites\/387\/2026\/03\/5_conseiller_financier_landing.jpg\" class=\"attachment-full size-full wp-image-7838\" alt=\"\" srcset=\"https:\/\/kiosque.acadienouvelle.com\/les-specialistes-01-2026\/wp-content\/uploads\/sites\/387\/2026\/03\/5_conseiller_financier_landing.jpg 1366w, https:\/\/kiosque.acadienouvelle.com\/les-specialistes-01-2026\/wp-content\/uploads\/sites\/387\/2026\/03\/5_conseiller_financier_landing-300x169.jpg 300w, https:\/\/kiosque.acadienouvelle.com\/les-specialistes-01-2026\/wp-content\/uploads\/sites\/387\/2026\/03\/5_conseiller_financier_landing-1024x576.jpg 1024w, https:\/\/kiosque.acadienouvelle.com\/les-specialistes-01-2026\/wp-content\/uploads\/sites\/387\/2026\/03\/5_conseiller_financier_landing-768x432.jpg 768w\" sizes=\"(max-width: 1366px) 100vw, 1366px\" \/>\t\t\t\t\t\t\t\t\t\t\t<figcaption class=\"widget-image-caption wp-caption-text\"><\/figcaption>\n\t\t\t\t\t\t\t\t\t\t<\/figure>\n\t\t\t\t\t\t\t\t\t<\/div>\n\t\t\t\t<\/div>\n\t\t<link rel=\"stylesheet\" href=\"https:\/\/use.fontawesome.com\/releases\/v5.5.0\/css\/all.css\" integrity=\"sha384-B4dIYHKNBt8Bc12p+WXckhzcICo0wtJAoU8YZTY5qE0Id1GSseTk6S+L3BlXeVIU\" crossorigin=\"anonymous\">\r\n\t\t<div class=\"elementor-element elementor-element-d0a0a3b mobile_pera elementor-widget elementor-widget-text-editor\" data-id=\"d0a0a3b\" data-element_type=\"widget\" data-e-type=\"widget\" data-widget_type=\"text-editor.default\">\n\t\t\t\t<div class=\"elementor-widget-container\">\n\t\t\t\t\t\t\t\t\t<p><img decoding=\"async\" class=\"alignleft size-full wp-image-7860\" src=\"https:\/\/kiosque.acadienouvelle.com\/les-specialistes-01-2026\/wp-content\/uploads\/sites\/387\/2026\/03\/5_conseiller_financier_photo.jpg\" alt=\"\" width=\"1366\" height=\"768\" srcset=\"https:\/\/kiosque.acadienouvelle.com\/les-specialistes-01-2026\/wp-content\/uploads\/sites\/387\/2026\/03\/5_conseiller_financier_photo.jpg 1366w, https:\/\/kiosque.acadienouvelle.com\/les-specialistes-01-2026\/wp-content\/uploads\/sites\/387\/2026\/03\/5_conseiller_financier_photo-300x169.jpg 300w, https:\/\/kiosque.acadienouvelle.com\/les-specialistes-01-2026\/wp-content\/uploads\/sites\/387\/2026\/03\/5_conseiller_financier_photo-1024x576.jpg 1024w, https:\/\/kiosque.acadienouvelle.com\/les-specialistes-01-2026\/wp-content\/uploads\/sites\/387\/2026\/03\/5_conseiller_financier_photo-768x432.jpg 768w\" sizes=\"(max-width: 1366px) 100vw, 1366px\" \/><\/p>\t\t\t\t\t\t\t\t<\/div>\n\t\t\t\t<\/div>\n\t\t\t\t<div class=\"elementor-element elementor-element-8cb591c mobile_pera elementor-widget elementor-widget-text-editor\" data-id=\"8cb591c\" data-element_type=\"widget\" data-e-type=\"widget\" data-widget_type=\"text-editor.default\">\n\t\t\t\t<div class=\"elementor-widget-container\">\n\t\t\t\t\t\t\t\t\t<p>Les gens du Nouveau-Brunswick devraient pouvoir prendre des d\u00e9cisions financi\u00e8res importantes avec assurance et en connaissance de cause lorsqu\u2019ils ont recours aux services d\u2019un professionnel pour les aider \u00e0 prendre ces d\u00e9cisions. C\u2019est pourquoi la province a adopt\u00e9 la <i>Loi sur la protection des titres de conseiller financier et de planificateur financier<\/i>, qui est entr\u00e9e en vigueur le 1er janvier 2026.<\/p>\t\t\t\t\t\t\t\t<\/div>\n\t\t\t\t<\/div>\n\t\t\t\t<div class=\"elementor-element elementor-element-f9370e1 mobile_pera elementor-widget elementor-widget-text-editor\" data-id=\"f9370e1\" data-element_type=\"widget\" data-e-type=\"widget\" data-widget_type=\"text-editor.default\">\n\t\t\t\t<div class=\"elementor-widget-container\">\n\t\t\t\t\t\t\t\t\t<p>En vertu de cette nouvelle loi, quiconque se qualifie de \u00ab\u2009conseiller financier\u2009\u00bb ou de \u00ab\u2009planificateur financier\u2009\u00bb doit satisfaire aux normes de formation et de comp\u00e9tence \u00e9tablies et \u00eatre supervis\u00e9 par un organisme d\u2019accr\u00e9ditation reconnu. Les conseillers financiers et les planificateurs financiers devront r\u00e9ussir un examen leur permettant de d\u00e9montrer qu\u2019ils poss\u00e8dent les connaissances n\u00e9cessaires pour exercer leur profession. Ils devront \u00e9galement demeurer en r\u00e8gle aupr\u00e8s de leur organisme d\u2019accr\u00e9ditation, se conformer \u00e0 un code de d\u00e9ontologie et suivre des cours de formation continue.<\/p>\t\t\t\t\t\t\t\t<\/div>\n\t\t\t\t<\/div>\n\t\t\t\t<div class=\"elementor-element elementor-element-b62143c mobile_pera elementor-widget elementor-widget-text-editor\" data-id=\"b62143c\" data-element_type=\"widget\" data-e-type=\"widget\" data-widget_type=\"text-editor.default\">\n\t\t\t\t<div class=\"elementor-widget-container\">\n\t\t\t\t\t\t\t\t\t<p>Ce nouveau r\u00e9gime est mis en \u0153uvre progressivement afin d\u2019aider ces professionnels et leur client\u00e8le \u00e0 s\u2019y adapter. <\/p>\t\t\t\t\t\t\t\t<\/div>\n\t\t\t\t<\/div>\n\t\t\t\t<div class=\"elementor-element elementor-element-74263c8 mobile_pera elementor-widget elementor-widget-text-editor\" data-id=\"74263c8\" data-element_type=\"widget\" data-e-type=\"widget\" data-widget_type=\"text-editor.default\">\n\t\t\t\t<div class=\"elementor-widget-container\">\n\t\t\t\t\t\t\t\t\t<p>Concr\u00e8tement, la l\u00e9gislation permettra d\u2019assurer l\u2019int\u00e9grit\u00e9 des professionnels des services financiers et de favoriser le bien-\u00eatre financier des gens du Nouveau-Brunswick. L\u2019utilisation d\u2019un titre prot\u00e9g\u00e9 signifie que le ou la titulaire poss\u00e8de les connaissances n\u00e9cessaires et satisfait aux exigences relatives aux titres de comp\u00e9tences pr\u00e9vues par la l\u00e9gislation. Ainsi, les professionnels pourront faire valoir \u00e0 leur client\u00e8le les avantages de travailler avec une personne qui utilise ces titres prot\u00e9g\u00e9s, et les gens du Nouveau-Brunswick auront l\u2019assurance que leur conseiller financier ou leur planificateur financier est d\u00fbment accr\u00e9dit\u00e9 et qu\u2019il est encadr\u00e9 par un organisme d\u2019accr\u00e9ditation reconnu. La l\u00e9gislation jette les bases d\u2019un march\u00e9 financier fiable et transparent pour tous. <\/p>\t\t\t\t\t\t\t\t<\/div>\n\t\t\t\t<\/div>\n\t\t\t\t<div class=\"elementor-element elementor-element-1885b9e mobile_pera elementor-widget elementor-widget-text-editor\" data-id=\"1885b9e\" data-element_type=\"widget\" data-e-type=\"widget\" data-widget_type=\"text-editor.default\">\n\t\t\t\t<div class=\"elementor-widget-container\">\n\t\t\t\t\t\t\t\t\t<p>La proclamation de la Loi marque une \u00e9tape importante et s\u2019inscrit r\u00e9solument dans une d\u00e9marche continue de renforcement des normes et de la protection du consommateur. La mise en \u0153uvre du r\u00e9gime n\u2019est qu\u2019un d\u00e9but, puisque la Commission continuera de cerner les occasions de le renforcer davantage, tout en veillant \u00e0 ce qu\u2019il demeure pertinent pour les professionnels et qu\u2019il continue de garantir la protection du consommateur.<\/p>\t\t\t\t\t\t\t\t<\/div>\n\t\t\t\t<\/div>\n\t\t\t\t<div class=\"elementor-element elementor-element-3ee696b mobile_pera elementor-widget elementor-widget-text-editor\" data-id=\"3ee696b\" data-element_type=\"widget\" data-e-type=\"widget\" data-widget_type=\"text-editor.default\">\n\t\t\t\t<div class=\"elementor-widget-container\">\n\t\t\t\t\t\t\t\t\t<p>Vous trouverez \u00e0 la page <u>Conseillers financiers et planificateurs financiers<\/u> du site Web de la Commission de plus amples renseignements sur la Loi, les avantages pour les consommateurs et les professionnels, la p\u00e9riode de transition, etc.<\/p>\t\t\t\t\t\t\t\t<\/div>\n\t\t\t\t<\/div>\n\t\t\t\t<div class=\"elementor-element elementor-element-a143d51 mobile_pera elementor-widget elementor-widget-text-editor\" data-id=\"a143d51\" data-element_type=\"widget\" data-e-type=\"widget\" data-widget_type=\"text-editor.default\">\n\t\t\t\t<div class=\"elementor-widget-container\">\n\t\t\t\t\t\t\t\t\t<p>Pour en savoir davantage, consultez le site FCNB.ca.<\/p>\t\t\t\t\t\t\t\t<\/div>\n\t\t\t\t<\/div>\n\t\t\t\t<div class=\"elementor-element elementor-element-8227aed mobile_pera elementor-widget elementor-widget-text-editor\" data-id=\"8227aed\" data-element_type=\"widget\" data-e-type=\"widget\" data-widget_type=\"text-editor.default\">\n\t\t\t\t<div class=\"elementor-widget-container\">\n\t\t\t\t\t\t\t\t\t<p><em>Contenu commandit\u00e9<\/em><\/p>\t\t\t\t\t\t\t\t<\/div>\n\t\t\t\t<\/div>\n\t\t\t\t<div class=\"elementor-element elementor-element-886a00b mobile_pera elementor-widget elementor-widget-text-editor\" data-id=\"886a00b\" data-element_type=\"widget\" data-e-type=\"widget\" data-widget_type=\"text-editor.default\">\n\t\t\t\t<div class=\"elementor-widget-container\">\n\t\t\t\t\t\t\t\t\t<p><img decoding=\"async\" class=\"alignleft wp-image-7849 size-medium\" src=\"https:\/\/kiosque.acadienouvelle.com\/les-specialistes-01-2026\/wp-content\/uploads\/sites\/387\/2026\/03\/logo-300x68.png\" alt=\"\" width=\"300\" height=\"68\" srcset=\"https:\/\/kiosque.acadienouvelle.com\/les-specialistes-01-2026\/wp-content\/uploads\/sites\/387\/2026\/03\/logo-300x68.png 300w, https:\/\/kiosque.acadienouvelle.com\/les-specialistes-01-2026\/wp-content\/uploads\/sites\/387\/2026\/03\/logo-1024x231.png 1024w, https:\/\/kiosque.acadienouvelle.com\/les-specialistes-01-2026\/wp-content\/uploads\/sites\/387\/2026\/03\/logo-768x174.png 768w, https:\/\/kiosque.acadienouvelle.com\/les-specialistes-01-2026\/wp-content\/uploads\/sites\/387\/2026\/03\/logo-1536x347.png 1536w, https:\/\/kiosque.acadienouvelle.com\/les-specialistes-01-2026\/wp-content\/uploads\/sites\/387\/2026\/03\/logo.png 1845w\" sizes=\"(max-width: 300px) 100vw, 300px\" \/><\/p>\t\t\t\t\t\t\t\t<\/div>\n\t\t\t\t<\/div>\n\t\t\t\t<div class=\"elementor-element elementor-element-105f613 mobile_pera elementor-widget elementor-widget-text-editor\" data-id=\"105f613\" data-element_type=\"widget\" data-e-type=\"widget\" data-widget_type=\"text-editor.default\">\n\t\t\t\t<div class=\"elementor-widget-container\">\n\t\t\t\t\t\t\t\t\t<p>85, rue Charlotte, bureau\u00a0300<br \/>Saint John (N.-B.) E2L 2J2<br \/>+1\u00a0866-933-2222 <br \/><b>www.fcnb.ca<\/b><\/p>\t\t\t\t\t\t\t\t<\/div>\n\t\t\t\t<\/div>\n\t\t\t\t\t<\/div>\n\t\t<\/div>\n\t\t\t\t\t<\/div>\n\t\t<\/section>\n\t\t\t\t<\/div>\n\t\t","protected":false},"excerpt":{"rendered":"<p>Les titres de conseiller financier et de planificateur financier sont d\u00e9sormais des titres prot\u00e9g\u00e9s au Nouveau-Brunswick Les gens du Nouveau-Brunswick devraient pouvoir prendre des d\u00e9cisions financi\u00e8res importantes avec assurance et en connaissance de cause lorsqu\u2019ils ont recours aux services d\u2019un professionnel pour les aider \u00e0 prendre ces d\u00e9cisions. C\u2019est pourquoi la province a adopt\u00e9 la [&hellip;]<\/p>\n","protected":false},"author":7,"featured_media":0,"parent":0,"menu_order":5,"comment_status":"closed","ping_status":"closed","template":"","meta":{"site-sidebar-layout":"no-sidebar","site-content-layout":"page-builder","ast-site-content-layout":"default","site-content-style":"default","site-sidebar-style":"default","ast-global-header-display":"","ast-banner-title-visibility":"","ast-main-header-display":"","ast-hfb-above-header-display":"","ast-hfb-below-header-display":"","ast-hfb-mobile-header-display":"","site-post-title":"disabled","ast-breadcrumbs-content":"","ast-featured-img":"disabled","footer-sml-layout":"","ast-disable-related-posts":"","theme-transparent-header-meta":"default","adv-header-id-meta":"","stick-header-meta":"","header-above-stick-meta":"","header-main-stick-meta":"","header-below-stick-meta":"","astra-migrate-meta-layouts":"default","ast-page-background-enabled":"default","ast-page-background-meta":{"desktop":{"background-color":"var(--ast-global-color-4)","background-image":"","background-repeat":"repeat","background-position":"center center","background-size":"auto","background-attachment":"scroll","background-type":"","background-media":"","overlay-type":"","overlay-color":"","overlay-opacity":"","overlay-gradient":""},"tablet":{"background-color":"","background-image":"","background-repeat":"repeat","background-position":"center center","background-size":"auto","background-attachment":"scroll","background-type":"","background-media":"","overlay-type":"","overlay-color":"","overlay-opacity":"","overlay-gradient":""},"mobile":{"background-color":"","background-image":"","background-repeat":"repeat","background-position":"center center","background-size":"auto","background-attachment":"scroll","background-type":"","background-media":"","overlay-type":"","overlay-color":"","overlay-opacity":"","overlay-gradient":""}},"ast-content-background-meta":{"desktop":{"background-color":"var(--ast-global-color-5)","background-image":"","background-repeat":"repeat","background-position":"center center","background-size":"auto","background-attachment":"scroll","background-type":"","background-media":"","overlay-type":"","overlay-color":"","overlay-opacity":"","overlay-gradient":""},"tablet":{"background-color":"var(--ast-global-color-5)","background-image":"","background-repeat":"repeat","background-position":"center center","background-size":"auto","background-attachment":"scroll","background-type":"","background-media":"","overlay-type":"","overlay-color":"","overlay-opacity":"","overlay-gradient":""},"mobile":{"background-color":"var(--ast-global-color-5)","background-image":"","background-repeat":"repeat","background-position":"center center","background-size":"auto","background-attachment":"scroll","background-type":"","background-media":"","overlay-type":"","overlay-color":"","overlay-opacity":"","overlay-gradient":""}},"footnotes":""},"page-categories":[],"class_list":["post-7830","page","type-page","status-publish","hentry"],"_links":{"self":[{"href":"https:\/\/kiosque.acadienouvelle.com\/les-specialistes-01-2026\/wp-json\/wp\/v2\/pages\/7830","targetHints":{"allow":["GET"]}}],"collection":[{"href":"https:\/\/kiosque.acadienouvelle.com\/les-specialistes-01-2026\/wp-json\/wp\/v2\/pages"}],"about":[{"href":"https:\/\/kiosque.acadienouvelle.com\/les-specialistes-01-2026\/wp-json\/wp\/v2\/types\/page"}],"author":[{"embeddable":true,"href":"https:\/\/kiosque.acadienouvelle.com\/les-specialistes-01-2026\/wp-json\/wp\/v2\/users\/7"}],"replies":[{"embeddable":true,"href":"https:\/\/kiosque.acadienouvelle.com\/les-specialistes-01-2026\/wp-json\/wp\/v2\/comments?post=7830"}],"version-history":[{"count":43,"href":"https:\/\/kiosque.acadienouvelle.com\/les-specialistes-01-2026\/wp-json\/wp\/v2\/pages\/7830\/revisions"}],"predecessor-version":[{"id":7899,"href":"https:\/\/kiosque.acadienouvelle.com\/les-specialistes-01-2026\/wp-json\/wp\/v2\/pages\/7830\/revisions\/7899"}],"wp:attachment":[{"href":"https:\/\/kiosque.acadienouvelle.com\/les-specialistes-01-2026\/wp-json\/wp\/v2\/media?parent=7830"}],"wp:term":[{"taxonomy":"page-categories","embeddable":true,"href":"https:\/\/kiosque.acadienouvelle.com\/les-specialistes-01-2026\/wp-json\/wp\/v2\/page-categories?post=7830"}],"curies":[{"name":"wp","href":"https:\/\/api.w.org\/{rel}","templated":true}]}}