{"id":7800,"date":"2026-01-19T19:25:51","date_gmt":"2026-01-19T19:25:51","guid":{"rendered":"https:\/\/kiosque.acadienouvelle.com\/mon-avenir-2026\/?page_id=7800"},"modified":"2026-01-20T18:41:22","modified_gmt":"2026-01-20T18:41:22","slug":"programme-seed","status":"publish","type":"page","link":"https:\/\/kiosque.acadienouvelle.com\/mon-avenir-2026\/programme-seed\/","title":{"rendered":"Le programme SEED 2026 est officiellement en vigueur!"},"content":{"rendered":"\t\t<div data-elementor-type=\"wp-page\" data-elementor-id=\"7800\" class=\"elementor elementor-7800\" data-elementor-post-type=\"page\">\n\t\t\t\t\t\t<section class=\"elementor-section elementor-top-section elementor-element elementor-element-50c1b6e elementor-section-height-min-height header_title banner_img elementor-section-boxed elementor-section-height-default elementor-section-items-middle\" data-id=\"50c1b6e\" data-element_type=\"section\" data-e-type=\"section\" data-settings=\"{&quot;background_background&quot;:&quot;classic&quot;}\">\n\t\t\t\t\t\t\t<div class=\"elementor-background-overlay\"><\/div>\n\t\t\t\t\t\t\t<div class=\"elementor-container elementor-column-gap-default\">\n\t\t\t\t\t<div class=\"elementor-column elementor-col-100 elementor-top-column elementor-element elementor-element-3a2d241\" data-id=\"3a2d241\" data-element_type=\"column\" data-e-type=\"column\">\n\t\t\t<div class=\"elementor-widget-wrap elementor-element-populated\">\n\t\t\t\t\t\t<div class=\"elementor-element elementor-element-9673cd2 elementor-widget elementor-widget-heading\" data-id=\"9673cd2\" data-element_type=\"widget\" data-e-type=\"widget\" data-widget_type=\"heading.default\">\n\t\t\t\t<div class=\"elementor-widget-container\">\n\t\t\t\t\t<h2 class=\"elementor-heading-title elementor-size-default\">Le programme SEED 2026 est officiellement en vigueur!<\/h2>\t\t\t\t<\/div>\n\t\t\t\t<\/div>\n\t\t\t\t\t<\/div>\n\t\t<\/div>\n\t\t\t\t\t<\/div>\n\t\t<\/section>\n\t\t\t\t<section class=\"elementor-section elementor-top-section elementor-element elementor-element-d9a853a elementor-section-boxed elementor-section-height-default elementor-section-height-default\" data-id=\"d9a853a\" data-element_type=\"section\" data-e-type=\"section\">\n\t\t\t\t\t\t<div class=\"elementor-container elementor-column-gap-default\">\n\t\t\t\t\t<div class=\"elementor-column elementor-col-100 elementor-top-column elementor-element elementor-element-68d9c5a page_contain\" data-id=\"68d9c5a\" data-element_type=\"column\" data-e-type=\"column\" data-settings=\"{&quot;background_background&quot;:&quot;classic&quot;}\">\n\t\t\t<div class=\"elementor-widget-wrap elementor-element-populated\">\n\t\t\t\t\t\t<div class=\"elementor-element elementor-element-50f1f9b elementor-widget elementor-widget-image\" data-id=\"50f1f9b\" data-element_type=\"widget\" data-e-type=\"widget\" data-widget_type=\"image.default\">\n\t\t\t\t<div class=\"elementor-widget-container\">\n\t\t\t\t\t\t\t\t\t\t\t\t\t\t\t<img fetchpriority=\"high\" decoding=\"async\" width=\"800\" height=\"810\" src=\"https:\/\/kiosque.acadienouvelle.com\/mon-avenir-2026\/wp-content\/uploads\/sites\/377\/2026\/01\/06_visuel-programme-SEED_lead.jpg\" class=\"attachment-full size-full wp-image-7730\" alt=\"\" srcset=\"https:\/\/kiosque.acadienouvelle.com\/mon-avenir-2026\/wp-content\/uploads\/sites\/377\/2026\/01\/06_visuel-programme-SEED_lead.jpg 800w, https:\/\/kiosque.acadienouvelle.com\/mon-avenir-2026\/wp-content\/uploads\/sites\/377\/2026\/01\/06_visuel-programme-SEED_lead-296x300.jpg 296w, https:\/\/kiosque.acadienouvelle.com\/mon-avenir-2026\/wp-content\/uploads\/sites\/377\/2026\/01\/06_visuel-programme-SEED_lead-768x778.jpg 768w\" sizes=\"(max-width: 800px) 100vw, 800px\" \/>\t\t\t\t\t\t\t\t\t\t\t\t\t\t\t<\/div>\n\t\t\t\t<\/div>\n\t\t<link rel=\"stylesheet\" href=\"https:\/\/use.fontawesome.com\/releases\/v5.5.0\/css\/all.css\" integrity=\"sha384-B4dIYHKNBt8Bc12p+WXckhzcICo0wtJAoU8YZTY5qE0Id1GSseTk6S+L3BlXeVIU\" crossorigin=\"anonymous\">\r\n\t\t<div class=\"elementor-element elementor-element-03718d7 elementor-widget elementor-widget-advertisement\" data-id=\"03718d7\" data-element_type=\"widget\" data-e-type=\"widget\" data-widget_type=\"advertisement.default\">\n\t\t\t\t<div class=\"elementor-widget-container\">\n\t\t\t\t\t<div class=\"ads-align-center\"><div data-m32-ad data-options='{\"sizes\":\"[[300,250]]\",\"dfpId\":\"21658289790,27729547\",\"dfpAdUnitPath\":\"acadienouvelle\/cahiers_quarterpage_300x250\"}'><\/div><\/div>\t\t\t\t<\/div>\n\t\t\t\t<\/div>\n\t\t\t\t<div class=\"elementor-element elementor-element-d0a0a3b mobile_pera elementor-widget elementor-widget-text-editor\" data-id=\"d0a0a3b\" data-element_type=\"widget\" data-e-type=\"widget\" data-widget_type=\"text-editor.default\">\n\t\t\t\t<div class=\"elementor-widget-container\">\n\t\t\t\t\t\t\t\t\tLe programme Stage d\u2019emploi \u00e9tudiant pour demain (SEED) offre du financement aux employeurs afin de cr\u00e9er des possibilit\u00e9s d\u2019emploi d\u2019\u00e9t\u00e9 pour les \u00e9tudiants. \nLe programme offre aux \u00e9tudiants admissibles un emploi d\u2019\u00e9t\u00e9 d\u2019une dur\u00e9e maximale de douze (12) semaines aupr\u00e8s d\u2019un employeur du Nouveau-Brunswick entre le 20 avril et le 4 septembre 2026.\t\t\t\t\t\t\t\t<\/div>\n\t\t\t\t<\/div>\n\t\t\t\t<div class=\"elementor-element elementor-element-0b6ad93 mobile_pera elementor-widget elementor-widget-text-editor\" data-id=\"0b6ad93\" data-element_type=\"widget\" data-e-type=\"widget\" data-widget_type=\"text-editor.default\">\n\t\t\t\t<div class=\"elementor-widget-container\">\n\t\t\t\t\t\t\t\t\t<p><b>Objectifs du programme<\/b><\/p>\t\t\t\t\t\t\t\t<\/div>\n\t\t\t\t<\/div>\n\t\t\t\t<div class=\"elementor-element elementor-element-f9f4e8f mobile_pera elementor-widget elementor-widget-text-editor\" data-id=\"f9f4e8f\" data-element_type=\"widget\" data-e-type=\"widget\" data-widget_type=\"text-editor.default\">\n\t\t\t\t<div class=\"elementor-widget-container\">\n\t\t\t\t\t\t\t\t\t<ul><li>Offrir une subvention salariale aux organismes \u00e0 but non lucratif, aux communaut\u00e9s des Premi\u00e8res Nations et aux municipalit\u00e9s pour les aider \u00e0 offrir des emplois d\u2019\u00e9t\u00e9 aux \u00e9tudiants;<\/li><li>Offrir une exp\u00e9rience de travail aux \u00e9tudiants, un apprentissage exp\u00e9rientiel, un mentorat et un encadrement;<\/li><li>Aider les \u00e9tudiants \u00e0 d\u00e9velopper et \u00e0 acqu\u00e9rir des comp\u00e9tences transf\u00e9rables ou \u00e0 trouver un emploi dans leur domaine d\u2019\u00e9tudes;<\/li><li>Am\u00e9liorer les perspectives d\u2019emploi des \u00e9tudiants \u00e0 la fin de leurs \u00e9tudes;\u00a0<\/li><li>Permettre aux \u00e9tudiants postsecondaires de financer la poursuite de leurs \u00e9tudes.<\/li><\/ul>\t\t\t\t\t\t\t\t<\/div>\n\t\t\t\t<\/div>\n\t\t\t\t<div class=\"elementor-element elementor-element-63558b1 mobile_pera elementor-widget elementor-widget-text-editor\" data-id=\"63558b1\" data-element_type=\"widget\" data-e-type=\"widget\" data-widget_type=\"text-editor.default\">\n\t\t\t\t<div class=\"elementor-widget-container\">\n\t\t\t\t\t\t\t\t\t<p><b>Employeurs admissibles<\/b><\/p>\t\t\t\t\t\t\t\t<\/div>\n\t\t\t\t<\/div>\n\t\t\t\t<div class=\"elementor-element elementor-element-be27d99 mobile_pera elementor-widget elementor-widget-text-editor\" data-id=\"be27d99\" data-element_type=\"widget\" data-e-type=\"widget\" data-widget_type=\"text-editor.default\">\n\t\t\t\t<div class=\"elementor-widget-container\">\n\t\t\t\t\t\t\t\t\t<ul><li><!--StartFragment--><span style=\"margin: 0px;\" data-olk-copy-source=\"MessageBody\">Communaut\u00e9s des Premi\u00e8res\u202fNations \u2013 municipalit\u00e9s \u2013 organismes \u00e0 but non lucratif enregistr\u00e9 \u2013 organismes religieux \u00e0 but non lucratif.<\/span><!--EndFragment--><\/li><\/ul>\t\t\t\t\t\t\t\t<\/div>\n\t\t\t\t<\/div>\n\t\t\t\t<div class=\"elementor-element elementor-element-28d4e44 mobile_pera elementor-widget elementor-widget-text-editor\" data-id=\"28d4e44\" data-element_type=\"widget\" data-e-type=\"widget\" data-widget_type=\"text-editor.default\">\n\t\t\t\t<div class=\"elementor-widget-container\">\n\t\t\t\t\t\t\t\t\t<p><b>Le placement<\/b><\/p>\t\t\t\t\t\t\t\t<\/div>\n\t\t\t\t<\/div>\n\t\t\t\t<div class=\"elementor-element elementor-element-de1c2b8 mobile_pera elementor-widget elementor-widget-text-editor\" data-id=\"de1c2b8\" data-element_type=\"widget\" data-e-type=\"widget\" data-widget_type=\"text-editor.default\">\n\t\t\t\t<div class=\"elementor-widget-container\">\n\t\t\t\t\t\t\t\t\t<ul><li>doit \u00eatre d\u2019une dur\u00e9e maximale de douze (12) semaines cons\u00e9cutives;<\/li><li>doit se terminer au plus tard le 4 septembre 2026;<\/li><li>doit offrir un minimum de 35 heures par semaine.<\/li><\/ul>\t\t\t\t\t\t\t\t<\/div>\n\t\t\t\t<\/div>\n\t\t\t\t<div class=\"elementor-element elementor-element-279ef52 mobile_pera elementor-widget elementor-widget-text-editor\" data-id=\"279ef52\" data-element_type=\"widget\" data-e-type=\"widget\" data-widget_type=\"text-editor.default\">\n\t\t\t\t<div class=\"elementor-widget-container\">\n\t\t\t\t\t\t\t\t\t<p><b>Un candidat (\u00e9tudiant)<\/b><\/p>\t\t\t\t\t\t\t\t<\/div>\n\t\t\t\t<\/div>\n\t\t\t\t<div class=\"elementor-element elementor-element-0a1f3d9 mobile_pera elementor-widget elementor-widget-text-editor\" data-id=\"0a1f3d9\" data-element_type=\"widget\" data-e-type=\"widget\" data-widget_type=\"text-editor.default\">\n\t\t\t\t<div class=\"elementor-widget-container\">\n\t\t\t\t\t\t\t\t\t<ul><li>doit \u00eatre r\u00e9sident du Nouveau-Brunswick ou d\u2019une communaut\u00e9 des Premi\u00e8res Nations au Nouveau-Brunswick;<\/li><li>doit \u00eatre autoris\u00e9 \u00e0 travailler au Canada;\u00a0<\/li><li>NE DOIT PAS \u00eatre un membre de la famille imm\u00e9diate (conjoint, enfants, parent, fr\u00e8re ou s\u0153ur) de l\u2019employeur;<\/li><li>doit \u00eatre un \u00e9tudiant d\u2019\u00e9cole secondaire entrant en 10e, 11e ou 12e ann\u00e9e en septembre 2026;<\/li><li><b>OU <\/b>doit \u00eatre un \u00e9tudiant \u00e0 plein temps en 12e ann\u00e9e, \u00e0 l\u2019universit\u00e9 ou au coll\u00e8ge pendant l\u2019ann\u00e9e scolaire 2025-2026 <b>ET <\/b>inscrit \u00e0 plein temps dans un \u00e9tablissement d\u2019\u00e9tudes postsecondaire \u00e0 l\u2019automne 2026.<\/li><\/ul>\t\t\t\t\t\t\t\t<\/div>\n\t\t\t\t<\/div>\n\t\t\t\t<div class=\"elementor-element elementor-element-8f519f3 mobile_pera elementor-widget elementor-widget-text-editor\" data-id=\"8f519f3\" data-element_type=\"widget\" data-e-type=\"widget\" data-widget_type=\"text-editor.default\">\n\t\t\t\t<div class=\"elementor-widget-container\">\n\t\t\t\t\t\t\t\t\t<p><b>Les employeurs DOIVENT trouver des candidats pour leur(s) poste(s) SEED avant le 15 mai 2026.<\/b> La liste des employeurs et des emplois approuv\u00e9s sera mise \u00e0 la disposition des \u00e9tudiants par le <b>R\u00e9pertoire des employeurs<\/b> \u00e0 www.NBSEED.ca \u00e0 partir du 2 mars 2026. Les offres d\u2019emploi provenant de la plupart des sites d\u2019emploi externes seront automatiquement publi\u00e9es sur&nbsp;www.emploisNB.ca.<\/p>\t\t\t\t\t\t\t\t<\/div>\n\t\t\t\t<\/div>\n\t\t\t\t<div class=\"elementor-element elementor-element-74263c8 mobile_pera elementor-widget elementor-widget-text-editor\" data-id=\"74263c8\" data-element_type=\"widget\" data-e-type=\"widget\" data-widget_type=\"text-editor.default\">\n\t\t\t\t<div class=\"elementor-widget-container\">\n\t\t\t\t\t\t\t\t\t<p><b>Pour tous les d\u00e9tails du programme : www2.gnb.ca &#8211; minist\u00e8re de l\u2019\u00c9ducation postsecondaire, de la Formation et du Travail.<\/b><\/p>\t\t\t\t\t\t\t\t<\/div>\n\t\t\t\t<\/div>\n\t\t\t\t<div class=\"elementor-element elementor-element-166374c box_pera elementor-widget elementor-widget-text-editor\" data-id=\"166374c\" data-element_type=\"widget\" data-e-type=\"widget\" data-widget_type=\"text-editor.default\">\n\t\t\t\t<div class=\"elementor-widget-container\">\n\t\t\t\t\t\t\t\t\t<h6>Choix de carri\u00e8re : vous vous posez plein de questions!<\/h6><div><div>Vous vous posez mille et une questions sur la profession que vous voulez exercer dans le futur. Pour ceux et celles qui envisagent d\u2019entreprendre leurs \u00e9tudes postsecondaires en septembre prochain, le temps passe \u00e0 la vitesse de l\u2019\u00e9clair. Vous avez discut\u00e9 avec plein de monde : orienteurs, enseignants, parents et amis et vous \u00eates encore confus.<\/div><div>Sachez qu\u2019un conseiller en emploi peut vous aider \u00e0 explorer les options de formation postsecondaire et \u00e9laborer avec vous un plan d\u2019action-emploi. Communiquez avec le bureau de TravailNB le plus pr\u00e8s de chez vous pour prendre rendez-vous avec un conseiller en emploi (www.travailnb.ca).<\/div><div>D\u00e9couvrez vos valeurs, vos champs d\u2019int\u00e9r\u00eat et vos comp\u00e9tences pour d\u00e9terminer le choix de carri\u00e8re qui vous convient le mieux. Prenez connaissance du dernier Bulletin sur les emplois en demande au Nouveau-Brunswick publi\u00e9 en octobre dernier dans cette publication. \u00c7a pourrait aussi vous aider dans votre r\u00e9flexion. Rien ne vous emp\u00eache \u00e9galement de retourner voir votre conseiller en orientation.<\/div><\/div>\t\t\t\t\t\t\t\t<\/div>\n\t\t\t\t<\/div>\n\t\t\t\t\t<\/div>\n\t\t<\/div>\n\t\t\t\t\t<\/div>\n\t\t<\/section>\n\t\t\t\t<\/div>\n\t\t","protected":false},"excerpt":{"rendered":"<p>Le programme SEED 2026 est officiellement en vigueur! Le programme Stage d\u2019emploi \u00e9tudiant pour demain (SEED) offre du financement aux employeurs afin de cr\u00e9er des possibilit\u00e9s d\u2019emploi d\u2019\u00e9t\u00e9 pour les \u00e9tudiants. Le programme offre aux \u00e9tudiants admissibles un emploi d\u2019\u00e9t\u00e9 d\u2019une dur\u00e9e maximale de douze (12) semaines aupr\u00e8s d\u2019un employeur du Nouveau-Brunswick entre le 20 [&hellip;]<\/p>\n","protected":false},"author":1,"featured_media":0,"parent":0,"menu_order":6,"comment_status":"closed","ping_status":"closed","template":"","meta":{"site-sidebar-layout":"no-sidebar","site-content-layout":"page-builder","ast-site-content-layout":"default","site-content-style":"default","site-sidebar-style":"default","ast-global-header-display":"","ast-banner-title-visibility":"","ast-main-header-display":"","ast-hfb-above-header-display":"","ast-hfb-below-header-display":"","ast-hfb-mobile-header-display":"","site-post-title":"disabled","ast-breadcrumbs-content":"","ast-featured-img":"disabled","footer-sml-layout":"","ast-disable-related-posts":"","theme-transparent-header-meta":"default","adv-header-id-meta":"","stick-header-meta":"","header-above-stick-meta":"","header-main-stick-meta":"","header-below-stick-meta":"","astra-migrate-meta-layouts":"default","ast-page-background-enabled":"default","ast-page-background-meta":{"desktop":{"background-color":"var(--ast-global-color-4)","background-image":"","background-repeat":"repeat","background-position":"center center","background-size":"auto","background-attachment":"scroll","background-type":"","background-media":"","overlay-type":"","overlay-color":"","overlay-opacity":"","overlay-gradient":""},"tablet":{"background-color":"","background-image":"","background-repeat":"repeat","background-position":"center center","background-size":"auto","background-attachment":"scroll","background-type":"","background-media":"","overlay-type":"","overlay-color":"","overlay-opacity":"","overlay-gradient":""},"mobile":{"background-color":"","background-image":"","background-repeat":"repeat","background-position":"center center","background-size":"auto","background-attachment":"scroll","background-type":"","background-media":"","overlay-type":"","overlay-color":"","overlay-opacity":"","overlay-gradient":""}},"ast-content-background-meta":{"desktop":{"background-color":"var(--ast-global-color-5)","background-image":"","background-repeat":"repeat","background-position":"center center","background-size":"auto","background-attachment":"scroll","background-type":"","background-media":"","overlay-type":"","overlay-color":"","overlay-opacity":"","overlay-gradient":""},"tablet":{"background-color":"var(--ast-global-color-5)","background-image":"","background-repeat":"repeat","background-position":"center center","background-size":"auto","background-attachment":"scroll","background-type":"","background-media":"","overlay-type":"","overlay-color":"","overlay-opacity":"","overlay-gradient":""},"mobile":{"background-color":"var(--ast-global-color-5)","background-image":"","background-repeat":"repeat","background-position":"center center","background-size":"auto","background-attachment":"scroll","background-type":"","background-media":"","overlay-type":"","overlay-color":"","overlay-opacity":"","overlay-gradient":""}},"footnotes":""},"page-categories":[],"class_list":["post-7800","page","type-page","status-publish","hentry"],"_links":{"self":[{"href":"https:\/\/kiosque.acadienouvelle.com\/mon-avenir-2026\/wp-json\/wp\/v2\/pages\/7800","targetHints":{"allow":["GET"]}}],"collection":[{"href":"https:\/\/kiosque.acadienouvelle.com\/mon-avenir-2026\/wp-json\/wp\/v2\/pages"}],"about":[{"href":"https:\/\/kiosque.acadienouvelle.com\/mon-avenir-2026\/wp-json\/wp\/v2\/types\/page"}],"author":[{"embeddable":true,"href":"https:\/\/kiosque.acadienouvelle.com\/mon-avenir-2026\/wp-json\/wp\/v2\/users\/1"}],"replies":[{"embeddable":true,"href":"https:\/\/kiosque.acadienouvelle.com\/mon-avenir-2026\/wp-json\/wp\/v2\/comments?post=7800"}],"version-history":[{"count":22,"href":"https:\/\/kiosque.acadienouvelle.com\/mon-avenir-2026\/wp-json\/wp\/v2\/pages\/7800\/revisions"}],"predecessor-version":[{"id":7853,"href":"https:\/\/kiosque.acadienouvelle.com\/mon-avenir-2026\/wp-json\/wp\/v2\/pages\/7800\/revisions\/7853"}],"wp:attachment":[{"href":"https:\/\/kiosque.acadienouvelle.com\/mon-avenir-2026\/wp-json\/wp\/v2\/media?parent=7800"}],"wp:term":[{"taxonomy":"page-categories","embeddable":true,"href":"https:\/\/kiosque.acadienouvelle.com\/mon-avenir-2026\/wp-json\/wp\/v2\/page-categories?post=7800"}],"curies":[{"name":"wp","href":"https:\/\/api.w.org\/{rel}","templated":true}]}}