{"id":7808,"date":"2026-01-19T19:35:06","date_gmt":"2026-01-19T19:35:06","guid":{"rendered":"https:\/\/kiosque.acadienouvelle.com\/mon-avenir-2026\/?page_id=7808"},"modified":"2026-01-19T20:33:22","modified_gmt":"2026-01-19T20:33:22","slug":"ccnb-electricite-comptabilite","status":"publish","type":"page","link":"https:\/\/kiosque.acadienouvelle.com\/mon-avenir-2026\/ccnb-electricite-comptabilite\/","title":{"rendered":"CCNB : De l\u2019\u00e9lectricit\u00e9 \u00e0 la comptabilit\u00e9 : un virage payant pour Derick Bourgeois!"},"content":{"rendered":"\t\t<div data-elementor-type=\"wp-page\" data-elementor-id=\"7808\" class=\"elementor elementor-7808\" data-elementor-post-type=\"page\">\n\t\t\t\t\t\t<section class=\"elementor-section elementor-top-section elementor-element elementor-element-50c1b6e elementor-section-height-min-height header_title banner_img elementor-section-boxed elementor-section-height-default elementor-section-items-middle\" data-id=\"50c1b6e\" data-element_type=\"section\" data-e-type=\"section\" data-settings=\"{&quot;background_background&quot;:&quot;classic&quot;}\">\n\t\t\t\t\t\t\t<div class=\"elementor-background-overlay\"><\/div>\n\t\t\t\t\t\t\t<div class=\"elementor-container elementor-column-gap-default\">\n\t\t\t\t\t<div class=\"elementor-column elementor-col-100 elementor-top-column elementor-element elementor-element-3a2d241\" data-id=\"3a2d241\" data-element_type=\"column\" data-e-type=\"column\">\n\t\t\t<div class=\"elementor-widget-wrap elementor-element-populated\">\n\t\t\t\t\t\t<div class=\"elementor-element elementor-element-9673cd2 elementor-widget elementor-widget-heading\" data-id=\"9673cd2\" data-element_type=\"widget\" data-e-type=\"widget\" data-widget_type=\"heading.default\">\n\t\t\t\t<div class=\"elementor-widget-container\">\n\t\t\t\t\t<h2 class=\"elementor-heading-title elementor-size-default\">CCNB<\/h2>\t\t\t\t<\/div>\n\t\t\t\t<\/div>\n\t\t\t\t<div class=\"elementor-element elementor-element-634a11d elementor-widget elementor-widget-heading\" data-id=\"634a11d\" data-element_type=\"widget\" data-e-type=\"widget\" data-widget_type=\"heading.default\">\n\t\t\t\t<div class=\"elementor-widget-container\">\n\t\t\t\t\t<h2 class=\"elementor-heading-title elementor-size-default\">De l\u2019\u00e9lectricit\u00e9 \u00e0 la comptabilit\u00e9 : \nun virage payant pour Derick Bourgeois!<\/h2>\t\t\t\t<\/div>\n\t\t\t\t<\/div>\n\t\t\t\t\t<\/div>\n\t\t<\/div>\n\t\t\t\t\t<\/div>\n\t\t<\/section>\n\t\t\t\t<section class=\"elementor-section elementor-top-section elementor-element elementor-element-d9a853a elementor-section-boxed elementor-section-height-default elementor-section-height-default\" data-id=\"d9a853a\" data-element_type=\"section\" data-e-type=\"section\">\n\t\t\t\t\t\t<div class=\"elementor-container elementor-column-gap-default\">\n\t\t\t\t\t<div class=\"elementor-column elementor-col-100 elementor-top-column elementor-element elementor-element-68d9c5a page_contain\" data-id=\"68d9c5a\" data-element_type=\"column\" data-e-type=\"column\" data-settings=\"{&quot;background_background&quot;:&quot;classic&quot;}\">\n\t\t\t<div class=\"elementor-widget-wrap elementor-element-populated\">\n\t\t\t\t\t\t<div class=\"elementor-element elementor-element-50f1f9b elementor-widget elementor-widget-image\" data-id=\"50f1f9b\" data-element_type=\"widget\" data-e-type=\"widget\" data-widget_type=\"image.default\">\n\t\t\t\t<div class=\"elementor-widget-container\">\n\t\t\t\t\t\t\t\t\t\t\t\t<figure class=\"wp-caption\">\n\t\t\t\t\t\t\t\t\t\t<img fetchpriority=\"high\" decoding=\"async\" width=\"1366\" height=\"768\" src=\"https:\/\/kiosque.acadienouvelle.com\/mon-avenir-2026\/wp-content\/uploads\/sites\/377\/2026\/01\/07_Derick-Bourgeois_land.jpg\" class=\"attachment-full size-full wp-image-7732\" alt=\"\" srcset=\"https:\/\/kiosque.acadienouvelle.com\/mon-avenir-2026\/wp-content\/uploads\/sites\/377\/2026\/01\/07_Derick-Bourgeois_land.jpg 1366w, https:\/\/kiosque.acadienouvelle.com\/mon-avenir-2026\/wp-content\/uploads\/sites\/377\/2026\/01\/07_Derick-Bourgeois_land-300x169.jpg 300w, https:\/\/kiosque.acadienouvelle.com\/mon-avenir-2026\/wp-content\/uploads\/sites\/377\/2026\/01\/07_Derick-Bourgeois_land-1024x576.jpg 1024w, https:\/\/kiosque.acadienouvelle.com\/mon-avenir-2026\/wp-content\/uploads\/sites\/377\/2026\/01\/07_Derick-Bourgeois_land-768x432.jpg 768w\" sizes=\"(max-width: 1366px) 100vw, 1366px\" \/>\t\t\t\t\t\t\t\t\t\t\t<figcaption class=\"widget-image-caption wp-caption-text\">Derick Bourgeois <\/figcaption>\n\t\t\t\t\t\t\t\t\t\t<\/figure>\n\t\t\t\t\t\t\t\t\t<\/div>\n\t\t\t\t<\/div>\n\t\t<link rel=\"stylesheet\" href=\"https:\/\/use.fontawesome.com\/releases\/v5.5.0\/css\/all.css\" integrity=\"sha384-B4dIYHKNBt8Bc12p+WXckhzcICo0wtJAoU8YZTY5qE0Id1GSseTk6S+L3BlXeVIU\" crossorigin=\"anonymous\">\r\n\t\t<div class=\"elementor-element elementor-element-591365e elementor-widget elementor-widget-advertisement\" data-id=\"591365e\" data-element_type=\"widget\" data-e-type=\"widget\" data-widget_type=\"advertisement.default\">\n\t\t\t\t<div class=\"elementor-widget-container\">\n\t\t\t\t\t<div class=\"ads-align-center\"><div data-m32-ad data-options='{\"sizes\":\"[[300,250]]\",\"dfpId\":\"21658289790,27729547\",\"dfpAdUnitPath\":\"acadienouvelle\/cahiers_quarterpage_300x250\"}'><\/div><\/div>\t\t\t\t<\/div>\n\t\t\t\t<\/div>\n\t\t\t\t<div class=\"elementor-element elementor-element-d0a0a3b mobile_pera elementor-widget elementor-widget-text-editor\" data-id=\"d0a0a3b\" data-element_type=\"widget\" data-e-type=\"widget\" data-widget_type=\"text-editor.default\">\n\t\t\t\t<div class=\"elementor-widget-container\">\n\t\t\t\t\t\t\t\t\tTout juste nomm\u00e9 analyste budg\u00e9taire au sein de l\u2019\u00e9quipe des finances du R\u00e9seau de sant\u00e9 Vitalit\u00e9, Derick Bourgeois incarne parfaitement la progression professionnelle rendue possible \npar une formation solide\u2026 \net des choix audacieux.\t\t\t\t\t\t\t\t<\/div>\n\t\t\t\t<\/div>\n\t\t\t\t<div class=\"elementor-element elementor-element-1156c7a mobile_pera elementor-widget elementor-widget-text-editor\" data-id=\"1156c7a\" data-element_type=\"widget\" data-e-type=\"widget\" data-widget_type=\"text-editor.default\">\n\t\t\t\t<div class=\"elementor-widget-container\">\n\t\t\t\t\t\t\t\t\tCe nouveau poste marque une \u00e9tape importante dans le parcours de Derick. Pourtant, il y a quelques ann\u00e9es, rien n\u2019indiquait qu\u2019il \u00e9voluerait dans le monde de la comptabilit\u00e9 et de la gestion financi\u00e8re. \u00c0 l\u2019\u00e9poque, il \u00e9tait \u00e9lectricien, lui qui d\u00e9tient un certificat en \u00e9lectricit\u00e9 du CCNB. \t\t\t\t\t\t\t\t<\/div>\n\t\t\t\t<\/div>\n\t\t\t\t<div class=\"elementor-element elementor-element-bf32ab6 mobile_pera elementor-widget elementor-widget-text-editor\" data-id=\"bf32ab6\" data-element_type=\"widget\" data-e-type=\"widget\" data-widget_type=\"text-editor.default\">\n\t\t\t\t<div class=\"elementor-widget-container\">\n\t\t\t\t\t\t\t\t\t\u00ab Je ne me voyais pas pratiquer ce m\u00e9tier durant toute ma carri\u00e8re et je voulais retourner aux \u00e9tudes. Je connaissais bien le CCNB et je voulais une formation qui me permettrait d\u2019acc\u00e9der rapidement au march\u00e9 du travail. La comptabilit\u00e9 me parlait \u00bb, a-t-il expliqu\u00e9. Son choix s\u2019est arr\u00eat\u00e9 sur le programme d\u2019administration des affaires \u2013 comptabilit\u00e9 du CCNB \u2013 campus de Dieppe, aujourd\u2019hui connu sous le nom de techniques \nen comptabilit\u00e9.\n\t\t\t\t\t\t\t\t<\/div>\n\t\t\t\t<\/div>\n\t\t\t\t<div class=\"elementor-element elementor-element-de21f7e mobile_pera elementor-widget elementor-widget-text-editor\" data-id=\"de21f7e\" data-element_type=\"widget\" data-e-type=\"widget\" data-widget_type=\"text-editor.default\">\n\t\t\t\t<div class=\"elementor-widget-container\">\n\t\t\t\t\t\t\t\t\t\u00ab Les programmes du CCNB sont tr\u00e8s concrets. L\u2019encadrement est excellent, l\u2019environnement est humain et les enseignants sont accessibles. C\u2019est facile de poser des questions \u00bb, a soulign\u00e9 Derick. Au fil de sa formation, le jeune homme originaire de Moncton a d\u00e9velopp\u00e9 une v\u00e9ritable passion pour la comptabilit\u00e9.\n\t\t\t\t\t\t\t\t<\/div>\n\t\t\t\t<\/div>\n\t\t\t\t<div class=\"elementor-element elementor-element-94eaad3 mobile_pera elementor-widget elementor-widget-text-editor\" data-id=\"94eaad3\" data-element_type=\"widget\" data-e-type=\"widget\" data-widget_type=\"text-editor.default\">\n\t\t\t\t<div class=\"elementor-widget-container\">\n\t\t\t\t\t\t\t\t\t\u00ab J\u2019aime prendre des donn\u00e9es brutes et leur donner de l\u2019ordre et de la clart\u00e9. C\u2019est comme un casse-t\u00eate. Ces informations deviennent essentielles pour aider les \u00e9quipes \u00e0 prendre de bonnes d\u00e9cisions. \u00bb Il dit appr\u00e9cier \u00e9galement la stabilit\u00e9 du domaine et sa grande polyvalence. \u00ab Il y a toujours une \u00e9quipe de comptabilit\u00e9 dans une organisation. On touche \u00e0 la fiscalit\u00e9, \u00e0 la gestion et aux finances. C\u2019est tr\u00e8s analytique et orient\u00e9 vers les solutions. \u00bb\t\t\t\t\t\t\t\t<\/div>\n\t\t\t\t<\/div>\n\t\t\t\t<div class=\"elementor-element elementor-element-db3d88a mobile_pera elementor-widget elementor-widget-text-editor\" data-id=\"db3d88a\" data-element_type=\"widget\" data-e-type=\"widget\" data-widget_type=\"text-editor.default\">\n\t\t\t\t<div class=\"elementor-widget-container\">\n\t\t\t\t\t\t\t\t\tApr\u00e8s avoir obtenu son dipl\u00f4me en comptabilit\u00e9 du CCNB, Derick a choisi de poursuivre son parcours acad\u00e9mique gr\u00e2ce \u00e0 la passerelle 2 + 2, un partenariat entre le CCNB et l\u2019Universit\u00e9 de Moncton. Apr\u00e8s deux ans au CCNB, il a \u00e9t\u00e9 admis en troisi\u00e8me ann\u00e9e du baccalaur\u00e9at. \u00ab La formule 2 + 2 est exceptionnelle. Elle combine le meilleur des deux mondes : une formation pratique et concr\u00e8te au coll\u00e8ge, avec des groupes restreints, suivie d\u2019une formation universitaire plus th\u00e9orique et strat\u00e9gique \u00bb, a indiqu\u00e9 celui qui a gagn\u00e9 son pari en d\u00e9crochant un baccalaur\u00e9at en comptabilit\u00e9 de l\u2019U de M en 2023. \n\t\t\t\t\t\t\t\t<\/div>\n\t\t\t\t<\/div>\n\t\t\t\t<div class=\"elementor-element elementor-element-e58ca79 mobile_pera elementor-widget elementor-widget-text-editor\" data-id=\"e58ca79\" data-element_type=\"widget\" data-e-type=\"widget\" data-widget_type=\"text-editor.default\">\n\t\t\t\t<div class=\"elementor-widget-container\">\n\t\t\t\t\t\t\t\t\t\u00c9tabli avec sa conjointe dans le nord du Nouveau-Brunswick depuis trois ans, Derick continue d\u2019avancer. En plus de son nouveau r\u00f4le d\u2019analyste budg\u00e9taire chez Vitalit\u00e9, il poursuit actuellement une ma\u00eetrise en administration des affaires (MBA) \n\u00e0 temps partiel.\t\t\t\t\t\t\t\t<\/div>\n\t\t\t\t<\/div>\n\t\t\t\t<div class=\"elementor-element elementor-element-07caeea mobile_pera elementor-widget elementor-widget-text-editor\" data-id=\"07caeea\" data-element_type=\"widget\" data-e-type=\"widget\" data-widget_type=\"text-editor.default\">\n\t\t\t\t<div class=\"elementor-widget-container\">\n\t\t\t\t\t\t\t\t\t\u00ab J\u2019aime me perfectionner, d\u00e9velopper mes comp\u00e9tences et progresser. La comptabilit\u00e9 m\u2019a ouvert des portes. \u00bb Un parcours inspirant qui d\u00e9montre que le CCNB peut \u00eatre le point de d\u00e9part d\u2019une carri\u00e8re durable, \u00e9volutive et tourn\u00e9e vers l\u2019avenir.\t\t\t\t\t\t\t\t<\/div>\n\t\t\t\t<\/div>\n\t\t\t\t<div class=\"elementor-element elementor-element-74263c8 mobile_pera elementor-widget elementor-widget-text-editor\" data-id=\"74263c8\" data-element_type=\"widget\" data-e-type=\"widget\" data-widget_type=\"text-editor.default\">\n\t\t\t\t<div class=\"elementor-widget-container\">\n\t\t\t\t\t\t\t\t\t<p><i>Source : texte sign\u00e9 par l\u2019\u00e9quipe&nbsp;de communication, marketing&nbsp;et affaires publiques du CCNB<\/i><\/p>\t\t\t\t\t\t\t\t<\/div>\n\t\t\t\t<\/div>\n\t\t\t\t\t<\/div>\n\t\t<\/div>\n\t\t\t\t\t<\/div>\n\t\t<\/section>\n\t\t\t\t<\/div>\n\t\t","protected":false},"excerpt":{"rendered":"<p>CCNB De l\u2019\u00e9lectricit\u00e9 \u00e0 la comptabilit\u00e9 : un virage payant pour Derick Bourgeois! Derick Bourgeois Tout juste nomm\u00e9 analyste budg\u00e9taire au sein de l\u2019\u00e9quipe des finances du R\u00e9seau de sant\u00e9 Vitalit\u00e9, Derick Bourgeois incarne parfaitement la progression professionnelle rendue possible par une formation solide\u2026 et des choix audacieux.Ce nouveau poste marque une \u00e9tape importante dans [&hellip;]<\/p>\n","protected":false},"author":1,"featured_media":0,"parent":0,"menu_order":7,"comment_status":"closed","ping_status":"closed","template":"","meta":{"site-sidebar-layout":"no-sidebar","site-content-layout":"page-builder","ast-site-content-layout":"default","site-content-style":"default","site-sidebar-style":"default","ast-global-header-display":"","ast-banner-title-visibility":"","ast-main-header-display":"","ast-hfb-above-header-display":"","ast-hfb-below-header-display":"","ast-hfb-mobile-header-display":"","site-post-title":"disabled","ast-breadcrumbs-content":"","ast-featured-img":"disabled","footer-sml-layout":"","ast-disable-related-posts":"","theme-transparent-header-meta":"default","adv-header-id-meta":"","stick-header-meta":"","header-above-stick-meta":"","header-main-stick-meta":"","header-below-stick-meta":"","astra-migrate-meta-layouts":"default","ast-page-background-enabled":"default","ast-page-background-meta":{"desktop":{"background-color":"var(--ast-global-color-4)","background-image":"","background-repeat":"repeat","background-position":"center center","background-size":"auto","background-attachment":"scroll","background-type":"","background-media":"","overlay-type":"","overlay-color":"","overlay-opacity":"","overlay-gradient":""},"tablet":{"background-color":"","background-image":"","background-repeat":"repeat","background-position":"center center","background-size":"auto","background-attachment":"scroll","background-type":"","background-media":"","overlay-type":"","overlay-color":"","overlay-opacity":"","overlay-gradient":""},"mobile":{"background-color":"","background-image":"","background-repeat":"repeat","background-position":"center center","background-size":"auto","background-attachment":"scroll","background-type":"","background-media":"","overlay-type":"","overlay-color":"","overlay-opacity":"","overlay-gradient":""}},"ast-content-background-meta":{"desktop":{"background-color":"var(--ast-global-color-5)","background-image":"","background-repeat":"repeat","background-position":"center center","background-size":"auto","background-attachment":"scroll","background-type":"","background-media":"","overlay-type":"","overlay-color":"","overlay-opacity":"","overlay-gradient":""},"tablet":{"background-color":"var(--ast-global-color-5)","background-image":"","background-repeat":"repeat","background-position":"center center","background-size":"auto","background-attachment":"scroll","background-type":"","background-media":"","overlay-type":"","overlay-color":"","overlay-opacity":"","overlay-gradient":""},"mobile":{"background-color":"var(--ast-global-color-5)","background-image":"","background-repeat":"repeat","background-position":"center center","background-size":"auto","background-attachment":"scroll","background-type":"","background-media":"","overlay-type":"","overlay-color":"","overlay-opacity":"","overlay-gradient":""}},"footnotes":""},"page-categories":[],"class_list":["post-7808","page","type-page","status-publish","hentry"],"_links":{"self":[{"href":"https:\/\/kiosque.acadienouvelle.com\/mon-avenir-2026\/wp-json\/wp\/v2\/pages\/7808","targetHints":{"allow":["GET"]}}],"collection":[{"href":"https:\/\/kiosque.acadienouvelle.com\/mon-avenir-2026\/wp-json\/wp\/v2\/pages"}],"about":[{"href":"https:\/\/kiosque.acadienouvelle.com\/mon-avenir-2026\/wp-json\/wp\/v2\/types\/page"}],"author":[{"embeddable":true,"href":"https:\/\/kiosque.acadienouvelle.com\/mon-avenir-2026\/wp-json\/wp\/v2\/users\/1"}],"replies":[{"embeddable":true,"href":"https:\/\/kiosque.acadienouvelle.com\/mon-avenir-2026\/wp-json\/wp\/v2\/comments?post=7808"}],"version-history":[{"count":13,"href":"https:\/\/kiosque.acadienouvelle.com\/mon-avenir-2026\/wp-json\/wp\/v2\/pages\/7808\/revisions"}],"predecessor-version":[{"id":7838,"href":"https:\/\/kiosque.acadienouvelle.com\/mon-avenir-2026\/wp-json\/wp\/v2\/pages\/7808\/revisions\/7838"}],"wp:attachment":[{"href":"https:\/\/kiosque.acadienouvelle.com\/mon-avenir-2026\/wp-json\/wp\/v2\/media?parent=7808"}],"wp:term":[{"taxonomy":"page-categories","embeddable":true,"href":"https:\/\/kiosque.acadienouvelle.com\/mon-avenir-2026\/wp-json\/wp\/v2\/page-categories?post=7808"}],"curies":[{"name":"wp","href":"https:\/\/api.w.org\/{rel}","templated":true}]}}