{"id":7890,"date":"2026-01-22T17:41:55","date_gmt":"2026-01-22T17:41:55","guid":{"rendered":"https:\/\/kiosque.acadienouvelle.com\/mon-portefeuille-2026\/protgez-vous-contre-les-arnaques-lies-lintelligence-artificielle-et-lhypertrucage\/"},"modified":"2026-01-22T19:04:20","modified_gmt":"2026-01-22T19:04:20","slug":"protgez-vous-contre-les-arnaques-lies-lintelligence-artificielle-et-lhypertrucage","status":"publish","type":"page","link":"https:\/\/kiosque.acadienouvelle.com\/mon-portefeuille-2026\/protgez-vous-contre-les-arnaques-lies-lintelligence-artificielle-et-lhypertrucage\/","title":{"rendered":"Prot\u00e9gez-vous contre les arnaques li\u00e9es \u00e0 l\u2019intelligence artificielle et \u00e0 l\u2019hypertrucage"},"content":{"rendered":"\t\t<div data-elementor-type=\"wp-page\" data-elementor-id=\"7890\" class=\"elementor elementor-7890\" data-elementor-post-type=\"page\">\n\t\t\t\t\t\t<section class=\"elementor-section elementor-top-section elementor-element elementor-element-50c1b6e elementor-section-height-min-height header_title banner_img elementor-section-boxed elementor-section-height-default elementor-section-items-middle\" data-id=\"50c1b6e\" data-element_type=\"section\" data-e-type=\"section\" data-settings=\"{&quot;background_background&quot;:&quot;classic&quot;}\">\n\t\t\t\t\t\t\t<div class=\"elementor-background-overlay\"><\/div>\n\t\t\t\t\t\t\t<div class=\"elementor-container elementor-column-gap-default\">\n\t\t\t\t\t<div class=\"elementor-column elementor-col-100 elementor-top-column elementor-element elementor-element-3a2d241\" data-id=\"3a2d241\" data-element_type=\"column\" data-e-type=\"column\">\n\t\t\t<div class=\"elementor-widget-wrap elementor-element-populated\">\n\t\t\t\t\t\t<div class=\"elementor-element elementor-element-9673cd2 elementor-widget elementor-widget-heading\" data-id=\"9673cd2\" data-element_type=\"widget\" data-e-type=\"widget\" data-widget_type=\"heading.default\">\n\t\t\t\t<div class=\"elementor-widget-container\">\n\t\t\t\t\t<h2 class=\"elementor-heading-title elementor-size-default\">Prot\u00e9gez-vous contre les arnaques li\u00e9es \u00e0 l\u2019intelligence artificielle et \u00e0 l\u2019hypertrucage<\/h2>\t\t\t\t<\/div>\n\t\t\t\t<\/div>\n\t\t\t\t\t<\/div>\n\t\t<\/div>\n\t\t\t\t\t<\/div>\n\t\t<\/section>\n\t\t\t\t<section class=\"elementor-section elementor-top-section elementor-element elementor-element-d9a853a elementor-section-boxed elementor-section-height-default elementor-section-height-default\" data-id=\"d9a853a\" data-element_type=\"section\" data-e-type=\"section\">\n\t\t\t\t\t\t<div class=\"elementor-container elementor-column-gap-default\">\n\t\t\t\t\t<div class=\"elementor-column elementor-col-100 elementor-top-column elementor-element elementor-element-68d9c5a page_contain\" data-id=\"68d9c5a\" data-element_type=\"column\" data-e-type=\"column\" data-settings=\"{&quot;background_background&quot;:&quot;classic&quot;}\">\n\t\t\t<div class=\"elementor-widget-wrap elementor-element-populated\">\n\t\t\t\t\t\t<div class=\"elementor-element elementor-element-50f1f9b elementor-widget elementor-widget-image\" data-id=\"50f1f9b\" data-element_type=\"widget\" data-e-type=\"widget\" data-widget_type=\"image.default\">\n\t\t\t\t<div class=\"elementor-widget-container\">\n\t\t\t\t\t\t\t\t\t\t\t\t<figure class=\"wp-caption\">\n\t\t\t\t\t\t\t\t\t\t<img fetchpriority=\"high\" decoding=\"async\" width=\"1366\" height=\"768\" src=\"https:\/\/kiosque.acadienouvelle.com\/mon-portefeuille-2026\/wp-content\/uploads\/sites\/379\/2026\/01\/4_protegez-vous_landing.jpg\" class=\"attachment-full size-full wp-image-7895\" alt=\"\" srcset=\"https:\/\/kiosque.acadienouvelle.com\/mon-portefeuille-2026\/wp-content\/uploads\/sites\/379\/2026\/01\/4_protegez-vous_landing.jpg 1366w, https:\/\/kiosque.acadienouvelle.com\/mon-portefeuille-2026\/wp-content\/uploads\/sites\/379\/2026\/01\/4_protegez-vous_landing-300x169.jpg 300w, https:\/\/kiosque.acadienouvelle.com\/mon-portefeuille-2026\/wp-content\/uploads\/sites\/379\/2026\/01\/4_protegez-vous_landing-1024x576.jpg 1024w, https:\/\/kiosque.acadienouvelle.com\/mon-portefeuille-2026\/wp-content\/uploads\/sites\/379\/2026\/01\/4_protegez-vous_landing-768x432.jpg 768w\" sizes=\"(max-width: 1366px) 100vw, 1366px\" \/>\t\t\t\t\t\t\t\t\t\t\t<figcaption class=\"widget-image-caption wp-caption-text\"><\/figcaption>\n\t\t\t\t\t\t\t\t\t\t<\/figure>\n\t\t\t\t\t\t\t\t\t<\/div>\n\t\t\t\t<\/div>\n\t\t<link rel=\"stylesheet\" href=\"https:\/\/use.fontawesome.com\/releases\/v5.5.0\/css\/all.css\" integrity=\"sha384-B4dIYHKNBt8Bc12p+WXckhzcICo0wtJAoU8YZTY5qE0Id1GSseTk6S+L3BlXeVIU\" crossorigin=\"anonymous\">\r\n\t\t<div class=\"elementor-element elementor-element-d0a0a3b mobile_pera elementor-widget elementor-widget-text-editor\" data-id=\"d0a0a3b\" data-element_type=\"widget\" data-e-type=\"widget\" data-widget_type=\"text-editor.default\">\n\t\t\t\t<div class=\"elementor-widget-container\">\n\t\t\t\t\t\t\t\t\t<p>L\u2019intelligence artificielle a ouvert de nouveaux horizons pour les fraudeurs. En effet, cet outil peut \u00eatre utilis\u00e9 pour modifier une photo, une voix, une vid\u00e9o ou un message \u00e9crit et ces changements sont tr\u00e8s difficiles \u00e0 d\u00e9tecter. C\u2019est ce qu\u2019on appelle un \u00ab hypertrucage\u2009\u00bb. Les fraudeurs peuvent se faire passer pour des personnes en vue, comme des chefs d\u2019entreprise ou des personnalit\u00e9s politiques, dans le but de promouvoir des placements qui n\u2019existent pas. Ils peuvent m\u00eame imiter la voix d\u2019un ami ou d\u2019un membre de la famille pour obtenir de l\u2019argent. R\u00e9cemment, des fraudeurs ont cr\u00e9\u00e9 des hypertrucages vid\u00e9o de personnalit\u00e9s, notamment du premier ministre du Canada, pour promouvoir une fausse cryptomonnaie dans les r\u00e9seaux sociaux.<\/p>\t\t\t\t\t\t\t\t<\/div>\n\t\t\t\t<\/div>\n\t\t\t\t<div class=\"elementor-element elementor-element-bf9ab8f elementor-widget elementor-widget-advertisement\" data-id=\"bf9ab8f\" data-element_type=\"widget\" data-e-type=\"widget\" data-widget_type=\"advertisement.default\">\n\t\t\t\t<div class=\"elementor-widget-container\">\n\t\t\t\t\t<div class=\"ads-align-center\"><div data-m32-ad data-options='{\"sizes\":\"[[300,250]]\",\"dfpId\":\"21658289790,27729547\",\"dfpAdUnitPath\":\"acadienouvelle\/cahiers_quarterpage_300x250\"}'><\/div><\/div>\t\t\t\t<\/div>\n\t\t\t\t<\/div>\n\t\t\t\t<div class=\"elementor-element elementor-element-0b6ad93 mobile_pera elementor-widget elementor-widget-text-editor\" data-id=\"0b6ad93\" data-element_type=\"widget\" data-e-type=\"widget\" data-widget_type=\"text-editor.default\">\n\t\t\t\t<div class=\"elementor-widget-container\">\n\t\t\t\t\t\t\t\t\t<p><b>Comment se prot\u00e9ger<\/b><\/p>\t\t\t\t\t\t\t\t<\/div>\n\t\t\t\t<\/div>\n\t\t\t\t<div class=\"elementor-element elementor-element-74263c8 mobile_pera elementor-widget elementor-widget-text-editor\" data-id=\"74263c8\" data-element_type=\"widget\" data-e-type=\"widget\" data-widget_type=\"text-editor.default\">\n\t\t\t\t<div class=\"elementor-widget-container\">\n\t\t\t\t\t\t\t\t\t<p><b>Restez sur vos gardes lorsque vous recevez un appel t\u00e9l\u00e9phonique ou vid\u00e9o inattendu provenant d\u2019une personne que vous connaissez.<\/b> Si quelque chose semble anormal, vous devriez raccrocher et vous servir d\u2019une autre m\u00e9thode pour v\u00e9rifier l\u2019identit\u00e9 de l\u2019appelant. Une autre bonne id\u00e9e est d\u2019avoir un \u00ab\u2009mot code\u2009\u00bb pour la famille. Cela pourrait \u00eatre une question ou un mot de passe que seule votre famille conna\u00eet.<\/p>\t\t\t\t\t\t\t\t<\/div>\n\t\t\t\t<\/div>\n\t\t\t\t<div class=\"elementor-element elementor-element-c78d251 mobile_pera elementor-widget elementor-widget-text-editor\" data-id=\"c78d251\" data-element_type=\"widget\" data-e-type=\"widget\" data-widget_type=\"text-editor.default\">\n\t\t\t\t<div class=\"elementor-widget-container\">\n\t\t\t\t\t\t\t\t\t<p><b>Revoyez les param\u00e8tres de confidentialit\u00e9 de vos r\u00e9seaux sociaux.<\/b> Si vous diffusez tous les d\u00e9tails de votre vie personnelle, vous risquez de fournir aux fraudeurs l\u2019information dont ils ont besoin pour usurper votre identit\u00e9 ou celle d\u2019un proche. Ne partagez pas n\u2019importe quoi avec n\u2019importe qui. Pensez \u00e0 limiter la liste des personnes qui peuvent voir vos publications.<\/p>\t\t\t\t\t\t\t\t<\/div>\n\t\t\t\t<\/div>\n\t\t\t\t<div class=\"elementor-element elementor-element-4ef42ae mobile_pera elementor-widget elementor-widget-text-editor\" data-id=\"4ef42ae\" data-element_type=\"widget\" data-e-type=\"widget\" data-widget_type=\"text-editor.default\">\n\t\t\t\t<div class=\"elementor-widget-container\">\n\t\t\t\t\t\t\t\t\t<p><b>Renseignez-vous sur les tactiques courantes d\u2019hame\u00e7onnage.<\/b> La simple habitude de ne jamais ouvrir de liens suspects ni t\u00e9l\u00e9charger de fichiers inconnus demeure un excellent moyen de prot\u00e9ger votre argent.<\/p>\t\t\t\t\t\t\t\t<\/div>\n\t\t\t\t<\/div>\n\t\t\t\t<div class=\"elementor-element elementor-element-894bc2b mobile_pera elementor-widget elementor-widget-text-editor\" data-id=\"894bc2b\" data-element_type=\"widget\" data-e-type=\"widget\" data-widget_type=\"text-editor.default\">\n\t\t\t\t<div class=\"elementor-widget-container\">\n\t\t\t\t\t\t\t\t\t<p><b>Avant de vous rendre sur une plateforme de n\u00e9gociation ou de travailler avec un professionnel en placement, v\u00e9rifiez toujours l\u2019autorisation d\u2019exercice de la plateforme ou du professionnel.<\/b> Communiquez avec la Commission des services financiers et des services aux consommateurs du Nouveau-Brunswick si vous avez des doutes concernant la l\u00e9gitimit\u00e9 d\u2019un placement.<\/p>\t\t\t\t\t\t\t\t<\/div>\n\t\t\t\t<\/div>\n\t\t\t\t<div class=\"elementor-element elementor-element-65b6c60 mobile_pera elementor-widget elementor-widget-text-editor\" data-id=\"65b6c60\" data-element_type=\"widget\" data-e-type=\"widget\" data-widget_type=\"text-editor.default\">\n\t\t\t\t<div class=\"elementor-widget-container\">\n\t\t\t\t\t\t\t\t\t<p><b>Renseignez-vous avant de prendre une d\u00e9cision.<\/b> La sensibilisation est un outil puissant. Renseignez-vous sur les diff\u00e9rents types d\u2019arnaques en consultant notre base de donn\u00e9es sur les fraudes et les escroqueries \u00e0 FCNB.ca.<\/p>\t\t\t\t\t\t\t\t<\/div>\n\t\t\t\t<\/div>\n\t\t\t\t<div class=\"elementor-element elementor-element-45f3fa7 mobile_pera elementor-widget elementor-widget-text-editor\" data-id=\"45f3fa7\" data-element_type=\"widget\" data-e-type=\"widget\" data-widget_type=\"text-editor.default\">\n\t\t\t\t<div class=\"elementor-widget-container\">\n\t\t\t\t\t\t\t\t\t<p><em>Contenu commandit\u00e9<\/em><\/p>\t\t\t\t\t\t\t\t<\/div>\n\t\t\t\t<\/div>\n\t\t\t\t\t<\/div>\n\t\t<\/div>\n\t\t\t\t\t<\/div>\n\t\t<\/section>\n\t\t\t\t<\/div>\n\t\t","protected":false},"excerpt":{"rendered":"<p>Prot\u00e9gez-vous contre les arnaques li\u00e9es \u00e0 l\u2019intelligence artificielle et \u00e0 l\u2019hypertrucage L\u2019intelligence artificielle a ouvert de nouveaux horizons pour les fraudeurs. En effet, cet outil peut \u00eatre utilis\u00e9 pour modifier une photo, une voix, une vid\u00e9o ou un message \u00e9crit et ces changements sont tr\u00e8s difficiles \u00e0 d\u00e9tecter. C\u2019est ce qu\u2019on appelle un \u00ab hypertrucage\u2009\u00bb. [&hellip;]<\/p>\n","protected":false},"author":7,"featured_media":0,"parent":0,"menu_order":5,"comment_status":"closed","ping_status":"closed","template":"","meta":{"site-sidebar-layout":"no-sidebar","site-content-layout":"page-builder","ast-site-content-layout":"default","site-content-style":"default","site-sidebar-style":"default","ast-global-header-display":"","ast-banner-title-visibility":"","ast-main-header-display":"","ast-hfb-above-header-display":"","ast-hfb-below-header-display":"","ast-hfb-mobile-header-display":"","site-post-title":"disabled","ast-breadcrumbs-content":"","ast-featured-img":"disabled","footer-sml-layout":"","ast-disable-related-posts":"","theme-transparent-header-meta":"default","adv-header-id-meta":"","stick-header-meta":"","header-above-stick-meta":"","header-main-stick-meta":"","header-below-stick-meta":"","astra-migrate-meta-layouts":"default","ast-page-background-enabled":"default","ast-page-background-meta":{"desktop":{"background-color":"var(--ast-global-color-4)","background-image":"","background-repeat":"repeat","background-position":"center center","background-size":"auto","background-attachment":"scroll","background-type":"","background-media":"","overlay-type":"","overlay-color":"","overlay-opacity":"","overlay-gradient":""},"tablet":{"background-color":"","background-image":"","background-repeat":"repeat","background-position":"center center","background-size":"auto","background-attachment":"scroll","background-type":"","background-media":"","overlay-type":"","overlay-color":"","overlay-opacity":"","overlay-gradient":""},"mobile":{"background-color":"","background-image":"","background-repeat":"repeat","background-position":"center center","background-size":"auto","background-attachment":"scroll","background-type":"","background-media":"","overlay-type":"","overlay-color":"","overlay-opacity":"","overlay-gradient":""}},"ast-content-background-meta":{"desktop":{"background-color":"var(--ast-global-color-5)","background-image":"","background-repeat":"repeat","background-position":"center center","background-size":"auto","background-attachment":"scroll","background-type":"","background-media":"","overlay-type":"","overlay-color":"","overlay-opacity":"","overlay-gradient":""},"tablet":{"background-color":"var(--ast-global-color-5)","background-image":"","background-repeat":"repeat","background-position":"center center","background-size":"auto","background-attachment":"scroll","background-type":"","background-media":"","overlay-type":"","overlay-color":"","overlay-opacity":"","overlay-gradient":""},"mobile":{"background-color":"var(--ast-global-color-5)","background-image":"","background-repeat":"repeat","background-position":"center center","background-size":"auto","background-attachment":"scroll","background-type":"","background-media":"","overlay-type":"","overlay-color":"","overlay-opacity":"","overlay-gradient":""}},"footnotes":""},"page-categories":[],"class_list":["post-7890","page","type-page","status-publish","hentry"],"_links":{"self":[{"href":"https:\/\/kiosque.acadienouvelle.com\/mon-portefeuille-2026\/wp-json\/wp\/v2\/pages\/7890","targetHints":{"allow":["GET"]}}],"collection":[{"href":"https:\/\/kiosque.acadienouvelle.com\/mon-portefeuille-2026\/wp-json\/wp\/v2\/pages"}],"about":[{"href":"https:\/\/kiosque.acadienouvelle.com\/mon-portefeuille-2026\/wp-json\/wp\/v2\/types\/page"}],"author":[{"embeddable":true,"href":"https:\/\/kiosque.acadienouvelle.com\/mon-portefeuille-2026\/wp-json\/wp\/v2\/users\/7"}],"replies":[{"embeddable":true,"href":"https:\/\/kiosque.acadienouvelle.com\/mon-portefeuille-2026\/wp-json\/wp\/v2\/comments?post=7890"}],"version-history":[{"count":43,"href":"https:\/\/kiosque.acadienouvelle.com\/mon-portefeuille-2026\/wp-json\/wp\/v2\/pages\/7890\/revisions"}],"predecessor-version":[{"id":7949,"href":"https:\/\/kiosque.acadienouvelle.com\/mon-portefeuille-2026\/wp-json\/wp\/v2\/pages\/7890\/revisions\/7949"}],"wp:attachment":[{"href":"https:\/\/kiosque.acadienouvelle.com\/mon-portefeuille-2026\/wp-json\/wp\/v2\/media?parent=7890"}],"wp:term":[{"taxonomy":"page-categories","embeddable":true,"href":"https:\/\/kiosque.acadienouvelle.com\/mon-portefeuille-2026\/wp-json\/wp\/v2\/page-categories?post=7890"}],"curies":[{"name":"wp","href":"https:\/\/api.w.org\/{rel}","templated":true}]}}