{"id":7753,"date":"2026-03-26T14:32:57","date_gmt":"2026-03-26T14:32:57","guid":{"rendered":"https:\/\/kiosque.acadienouvelle.com\/municipalite-kedgwick-2026\/kedgwick-un-royaume-du-plein-air\/"},"modified":"2026-03-30T16:19:49","modified_gmt":"2026-03-30T16:19:49","slug":"kedgwick-un-royaume-du-plein-air","status":"publish","type":"page","link":"https:\/\/kiosque.acadienouvelle.com\/municipalite-kedgwick-2026\/kedgwick-un-royaume-du-plein-air\/","title":{"rendered":"Kedgwick, un royaume du plein air"},"content":{"rendered":"\t\t<div data-elementor-type=\"wp-page\" data-elementor-id=\"7753\" class=\"elementor elementor-7753\" data-elementor-post-type=\"page\">\n\t\t\t\t<link rel=\"stylesheet\" href=\"https:\/\/use.fontawesome.com\/releases\/v5.5.0\/css\/all.css\" integrity=\"sha384-B4dIYHKNBt8Bc12p+WXckhzcICo0wtJAoU8YZTY5qE0Id1GSseTk6S+L3BlXeVIU\" crossorigin=\"anonymous\">\r\n\t\t<section class=\"elementor-section elementor-top-section elementor-element elementor-element-50c1b6e elementor-section-height-min-height header_title banner_img elementor-section-boxed elementor-section-height-default elementor-section-items-middle\" data-id=\"50c1b6e\" data-element_type=\"section\" data-e-type=\"section\" data-settings=\"{&quot;background_background&quot;:&quot;classic&quot;}\">\n\t\t\t\t\t\t\t<div class=\"elementor-background-overlay\"><\/div>\n\t\t\t\t\t\t\t<div class=\"elementor-container elementor-column-gap-default\">\n\t\t\t\t\t<div class=\"elementor-column elementor-col-100 elementor-top-column elementor-element elementor-element-3a2d241\" data-id=\"3a2d241\" data-element_type=\"column\" data-e-type=\"column\">\n\t\t\t<div class=\"elementor-widget-wrap elementor-element-populated\">\n\t\t\t\t\t\t<div class=\"elementor-element elementor-element-9673cd2 elementor-widget elementor-widget-heading\" data-id=\"9673cd2\" data-element_type=\"widget\" data-e-type=\"widget\" data-widget_type=\"heading.default\">\n\t\t\t\t<div class=\"elementor-widget-container\">\n\t\t\t\t\t<h2 class=\"elementor-heading-title elementor-size-default\">Kedgwick, un royaume du plein air<\/h2>\t\t\t\t<\/div>\n\t\t\t\t<\/div>\n\t\t\t\t\t<\/div>\n\t\t<\/div>\n\t\t\t\t\t<\/div>\n\t\t<\/section>\n\t\t\t\t<section class=\"elementor-section elementor-top-section elementor-element elementor-element-d9a853a elementor-section-boxed elementor-section-height-default elementor-section-height-default\" data-id=\"d9a853a\" data-element_type=\"section\" data-e-type=\"section\">\n\t\t\t\t\t\t<div class=\"elementor-container elementor-column-gap-default\">\n\t\t\t\t\t<div class=\"elementor-column elementor-col-100 elementor-top-column elementor-element elementor-element-68d9c5a page_contain\" data-id=\"68d9c5a\" data-element_type=\"column\" data-e-type=\"column\" data-settings=\"{&quot;background_background&quot;:&quot;classic&quot;}\">\n\t\t\t<div class=\"elementor-widget-wrap elementor-element-populated\">\n\t\t\t\t\t\t<div class=\"elementor-element elementor-element-50f1f9b elementor-widget elementor-widget-image\" data-id=\"50f1f9b\" data-element_type=\"widget\" data-e-type=\"widget\" data-widget_type=\"image.default\">\n\t\t\t\t<div class=\"elementor-widget-container\">\n\t\t\t\t\t\t\t\t\t\t\t\t<figure class=\"wp-caption\">\n\t\t\t\t\t\t\t\t\t\t<img fetchpriority=\"high\" decoding=\"async\" width=\"1366\" height=\"768\" src=\"https:\/\/kiosque.acadienouvelle.com\/municipalite-kedgwick-2026\/wp-content\/uploads\/sites\/390\/2026\/03\/02_Zone6_land.jpg\" class=\"attachment-full size-full wp-image-7777\" alt=\"\" srcset=\"https:\/\/kiosque.acadienouvelle.com\/municipalite-kedgwick-2026\/wp-content\/uploads\/sites\/390\/2026\/03\/02_Zone6_land.jpg 1366w, https:\/\/kiosque.acadienouvelle.com\/municipalite-kedgwick-2026\/wp-content\/uploads\/sites\/390\/2026\/03\/02_Zone6_land-300x169.jpg 300w, https:\/\/kiosque.acadienouvelle.com\/municipalite-kedgwick-2026\/wp-content\/uploads\/sites\/390\/2026\/03\/02_Zone6_land-1024x576.jpg 1024w, https:\/\/kiosque.acadienouvelle.com\/municipalite-kedgwick-2026\/wp-content\/uploads\/sites\/390\/2026\/03\/02_Zone6_land-768x432.jpg 768w\" sizes=\"(max-width: 1366px) 100vw, 1366px\" \/>\t\t\t\t\t\t\t\t\t\t\t<figcaption class=\"widget-image-caption wp-caption-text\">La for\u00eat est au c\u0153ur de la qualit\u00e9 de vie de Kedgwick.\/Photo : Gracieuset\u00e9<\/figcaption>\n\t\t\t\t\t\t\t\t\t\t<\/figure>\n\t\t\t\t\t\t\t\t\t<\/div>\n\t\t\t\t<\/div>\n\t\t<link rel=\"stylesheet\" href=\"https:\/\/use.fontawesome.com\/releases\/v5.5.0\/css\/all.css\" integrity=\"sha384-B4dIYHKNBt8Bc12p+WXckhzcICo0wtJAoU8YZTY5qE0Id1GSseTk6S+L3BlXeVIU\" crossorigin=\"anonymous\">\r\n\t\t<div class=\"elementor-element elementor-element-d0a0a3b mobile_pera elementor-widget elementor-widget-text-editor\" data-id=\"d0a0a3b\" data-element_type=\"widget\" data-e-type=\"widget\" data-widget_type=\"text-editor.default\">\n\t\t\t\t<div class=\"elementor-widget-container\">\n\t\t\t\t\t\t\t\t\tQuand on lui demande de d\u00e9crire sa municipalit\u00e9, le maire de la Communaut\u00e9 rurale de Kedgwick r\u00e9pond sans h\u00e9sitation que \u00ab Kedwick est le royaume du plein air \u00bb. \u00c9ric Gagnon \u00e9num\u00e8re ensuite rapidement les nombreuses activit\u00e9s ext\u00e9rieures comme la p\u00eache \u00e0 la truite sur glace, la p\u00eache au saumon dans les rivi\u00e8res, la motoneige et le VTT, la chasse \u00e0 l\u2019orignal et au chevreuil et bien d\u2019autres. La for\u00eat n\u2019est jamais loin et fait partie de la vie quotidienne d\u2019une grande partie de la population.\t\t\t\t\t\t\t\t<\/div>\n\t\t\t\t<\/div>\n\t\t\t\t<div class=\"elementor-element elementor-element-c087cee mobile_pera elementor-widget elementor-widget-text-editor\" data-id=\"c087cee\" data-element_type=\"widget\" data-e-type=\"widget\" data-widget_type=\"text-editor.default\">\n\t\t\t\t<div class=\"elementor-widget-container\">\n\t\t\t\t\t\t\t\t\tLe maire souligne \u00e9galement l\u2019esprit communautaire qui r\u00e8gne \u00e0 Kedgwick avec une excellente collaboration entre les organismes pour contribuer \u00e0 la qualit\u00e9 de vie. Il mentionne notamment la magnifique activit\u00e9 en plein air sur un lac gel\u00e9 \u00e0 l\u2019occasion de la Journ\u00e9e de la famille en f\u00e9vrier. Des centaines de personnes y ont particip\u00e9 pour p\u00eacher la truite et s\u2019amuser en famille et, d\u00e9j\u00e0, la communaut\u00e9 r\u00e9fl\u00e9chit ensemble \u00e0 la prochaine \u00e9dition de cet \u00e9v\u00e8nement.\n\t\t\t\t\t\t\t\t<\/div>\n\t\t\t\t<\/div>\n\t\t\t\t<div class=\"elementor-element elementor-element-267196b mobile_pera elementor-widget elementor-widget-text-editor\" data-id=\"267196b\" data-element_type=\"widget\" data-e-type=\"widget\" data-widget_type=\"text-editor.default\">\n\t\t\t\t<div class=\"elementor-widget-container\">\n\t\t\t\t\t\t\t\t\tLa for\u00eat se retrouve \u00e9galement au c\u0153ur de l\u2019activit\u00e9 \u00e9conomique de la r\u00e9gion et l\u2019industrie foresti\u00e8re repr\u00e9sente un moteur \u00e9conomique majeur qui cr\u00e9e des centaines d\u2019emplois directs et indirects. L\u2019ac\u00e9riculture repr\u00e9sente une autre activit\u00e9 \u00e9conomique importante reli\u00e9e \u00e0 la for\u00eat. \u00c9ric Gagnon estime d\u2019ailleurs que la r\u00e9gion compterait pr\u00e8s d\u2019un million d\u2019entailles et produirait plus de 22 % du sirop d\u2019\u00e9rable r\u00e9colt\u00e9 dans la province.\t\t\t\t\t\t\t\t<\/div>\n\t\t\t\t<\/div>\n\t\t\t\t<div class=\"elementor-element elementor-element-b419af8 elementor-widget elementor-widget-image\" data-id=\"b419af8\" data-element_type=\"widget\" data-e-type=\"widget\" data-widget_type=\"image.default\">\n\t\t\t\t<div class=\"elementor-widget-container\">\n\t\t\t\t\t\t\t\t\t\t\t\t<figure class=\"wp-caption\">\n\t\t\t\t\t\t\t\t\t\t<img decoding=\"async\" width=\"485\" height=\"382\" src=\"https:\/\/kiosque.acadienouvelle.com\/municipalite-kedgwick-2026\/wp-content\/uploads\/sites\/390\/2026\/03\/02_Eric.jpg\" class=\"attachment-large size-large wp-image-7779\" alt=\"\" srcset=\"https:\/\/kiosque.acadienouvelle.com\/municipalite-kedgwick-2026\/wp-content\/uploads\/sites\/390\/2026\/03\/02_Eric.jpg 485w, https:\/\/kiosque.acadienouvelle.com\/municipalite-kedgwick-2026\/wp-content\/uploads\/sites\/390\/2026\/03\/02_Eric-300x236.jpg 300w\" sizes=\"(max-width: 485px) 100vw, 485px\" \/>\t\t\t\t\t\t\t\t\t\t\t<figcaption class=\"widget-image-caption wp-caption-text\">\u00c9ric Gagnon, maire\/Photo : Gracieuset\u00e9<\/figcaption>\n\t\t\t\t\t\t\t\t\t\t<\/figure>\n\t\t\t\t\t\t\t\t\t<\/div>\n\t\t\t\t<\/div>\n\t\t\t\t\t<\/div>\n\t\t<\/div>\n\t\t\t\t\t<\/div>\n\t\t<\/section>\n\t\t\t\t<\/div>\n\t\t","protected":false},"excerpt":{"rendered":"<p>Kedgwick, un royaume du plein air La for\u00eat est au c\u0153ur de la qualit\u00e9 de vie de Kedgwick.\/Photo : Gracieuset\u00e9 Quand on lui demande de d\u00e9crire sa municipalit\u00e9, le maire de la Communaut\u00e9 rurale de Kedgwick r\u00e9pond sans h\u00e9sitation que \u00ab Kedwick est le royaume du plein air \u00bb. \u00c9ric Gagnon \u00e9num\u00e8re ensuite rapidement les [&hellip;]<\/p>\n","protected":false},"author":1,"featured_media":0,"parent":0,"menu_order":2,"comment_status":"closed","ping_status":"closed","template":"","meta":{"site-sidebar-layout":"no-sidebar","site-content-layout":"page-builder","ast-site-content-layout":"default","site-content-style":"default","site-sidebar-style":"default","ast-global-header-display":"","ast-banner-title-visibility":"","ast-main-header-display":"","ast-hfb-above-header-display":"","ast-hfb-below-header-display":"","ast-hfb-mobile-header-display":"","site-post-title":"disabled","ast-breadcrumbs-content":"","ast-featured-img":"disabled","footer-sml-layout":"","ast-disable-related-posts":"","theme-transparent-header-meta":"default","adv-header-id-meta":"","stick-header-meta":"","header-above-stick-meta":"","header-main-stick-meta":"","header-below-stick-meta":"","astra-migrate-meta-layouts":"default","ast-page-background-enabled":"default","ast-page-background-meta":{"desktop":{"background-color":"var(--ast-global-color-4)","background-image":"","background-repeat":"repeat","background-position":"center center","background-size":"auto","background-attachment":"scroll","background-type":"","background-media":"","overlay-type":"","overlay-color":"","overlay-opacity":"","overlay-gradient":""},"tablet":{"background-color":"","background-image":"","background-repeat":"repeat","background-position":"center center","background-size":"auto","background-attachment":"scroll","background-type":"","background-media":"","overlay-type":"","overlay-color":"","overlay-opacity":"","overlay-gradient":""},"mobile":{"background-color":"","background-image":"","background-repeat":"repeat","background-position":"center center","background-size":"auto","background-attachment":"scroll","background-type":"","background-media":"","overlay-type":"","overlay-color":"","overlay-opacity":"","overlay-gradient":""}},"ast-content-background-meta":{"desktop":{"background-color":"var(--ast-global-color-5)","background-image":"","background-repeat":"repeat","background-position":"center center","background-size":"auto","background-attachment":"scroll","background-type":"","background-media":"","overlay-type":"","overlay-color":"","overlay-opacity":"","overlay-gradient":""},"tablet":{"background-color":"var(--ast-global-color-5)","background-image":"","background-repeat":"repeat","background-position":"center center","background-size":"auto","background-attachment":"scroll","background-type":"","background-media":"","overlay-type":"","overlay-color":"","overlay-opacity":"","overlay-gradient":""},"mobile":{"background-color":"var(--ast-global-color-5)","background-image":"","background-repeat":"repeat","background-position":"center center","background-size":"auto","background-attachment":"scroll","background-type":"","background-media":"","overlay-type":"","overlay-color":"","overlay-opacity":"","overlay-gradient":""}},"footnotes":""},"page-categories":[],"class_list":["post-7753","page","type-page","status-publish","hentry"],"_links":{"self":[{"href":"https:\/\/kiosque.acadienouvelle.com\/municipalite-kedgwick-2026\/wp-json\/wp\/v2\/pages\/7753","targetHints":{"allow":["GET"]}}],"collection":[{"href":"https:\/\/kiosque.acadienouvelle.com\/municipalite-kedgwick-2026\/wp-json\/wp\/v2\/pages"}],"about":[{"href":"https:\/\/kiosque.acadienouvelle.com\/municipalite-kedgwick-2026\/wp-json\/wp\/v2\/types\/page"}],"author":[{"embeddable":true,"href":"https:\/\/kiosque.acadienouvelle.com\/municipalite-kedgwick-2026\/wp-json\/wp\/v2\/users\/1"}],"replies":[{"embeddable":true,"href":"https:\/\/kiosque.acadienouvelle.com\/municipalite-kedgwick-2026\/wp-json\/wp\/v2\/comments?post=7753"}],"version-history":[{"count":7,"href":"https:\/\/kiosque.acadienouvelle.com\/municipalite-kedgwick-2026\/wp-json\/wp\/v2\/pages\/7753\/revisions"}],"predecessor-version":[{"id":7826,"href":"https:\/\/kiosque.acadienouvelle.com\/municipalite-kedgwick-2026\/wp-json\/wp\/v2\/pages\/7753\/revisions\/7826"}],"wp:attachment":[{"href":"https:\/\/kiosque.acadienouvelle.com\/municipalite-kedgwick-2026\/wp-json\/wp\/v2\/media?parent=7753"}],"wp:term":[{"taxonomy":"page-categories","embeddable":true,"href":"https:\/\/kiosque.acadienouvelle.com\/municipalite-kedgwick-2026\/wp-json\/wp\/v2\/page-categories?post=7753"}],"curies":[{"name":"wp","href":"https:\/\/api.w.org\/{rel}","templated":true}]}}