{"id":7757,"date":"2026-03-26T14:37:53","date_gmt":"2026-03-26T14:37:53","guid":{"rendered":"https:\/\/kiosque.acadienouvelle.com\/municipalite-kedgwick-2026\/le-festival-daccordeon-et-de-folklore\/"},"modified":"2026-03-30T16:22:05","modified_gmt":"2026-03-30T16:22:05","slug":"le-festival-daccordeon-et-de-folklore","status":"publish","type":"page","link":"https:\/\/kiosque.acadienouvelle.com\/municipalite-kedgwick-2026\/le-festival-daccordeon-et-de-folklore\/","title":{"rendered":"Le Festival d\u2019accord\u00e9on et de folklore c\u00e9l\u00e8bre la musique, les traditions et la fiert\u00e9 rurale"},"content":{"rendered":"\t\t<div data-elementor-type=\"wp-page\" data-elementor-id=\"7757\" class=\"elementor elementor-7757\" data-elementor-post-type=\"page\">\n\t\t\t\t\t\t<section class=\"elementor-section elementor-top-section elementor-element elementor-element-50c1b6e elementor-section-height-min-height header_title banner_img elementor-section-boxed elementor-section-height-default elementor-section-items-middle\" data-id=\"50c1b6e\" data-element_type=\"section\" data-e-type=\"section\" data-settings=\"{&quot;background_background&quot;:&quot;classic&quot;}\">\n\t\t\t\t\t\t\t<div class=\"elementor-background-overlay\"><\/div>\n\t\t\t\t\t\t\t<div class=\"elementor-container elementor-column-gap-default\">\n\t\t\t\t\t<div class=\"elementor-column elementor-col-100 elementor-top-column elementor-element elementor-element-3a2d241\" data-id=\"3a2d241\" data-element_type=\"column\" data-e-type=\"column\">\n\t\t\t<div class=\"elementor-widget-wrap elementor-element-populated\">\n\t\t\t\t\t\t<div class=\"elementor-element elementor-element-9673cd2 elementor-widget elementor-widget-heading\" data-id=\"9673cd2\" data-element_type=\"widget\" data-e-type=\"widget\" data-widget_type=\"heading.default\">\n\t\t\t\t<div class=\"elementor-widget-container\">\n\t\t\t\t\t<h2 class=\"elementor-heading-title elementor-size-default\">Le Festival d\u2019accord\u00e9on et de folklore c\u00e9l\u00e8bre la musique, les traditions et la fiert\u00e9 rurale<\/h2>\t\t\t\t<\/div>\n\t\t\t\t<\/div>\n\t\t\t\t\t<\/div>\n\t\t<\/div>\n\t\t\t\t\t<\/div>\n\t\t<\/section>\n\t\t\t\t<section class=\"elementor-section elementor-top-section elementor-element elementor-element-d9a853a elementor-section-boxed elementor-section-height-default elementor-section-height-default\" data-id=\"d9a853a\" data-element_type=\"section\" data-e-type=\"section\">\n\t\t\t\t\t\t<div class=\"elementor-container elementor-column-gap-default\">\n\t\t\t\t\t<div class=\"elementor-column elementor-col-100 elementor-top-column elementor-element elementor-element-68d9c5a page_contain\" data-id=\"68d9c5a\" data-element_type=\"column\" data-e-type=\"column\" data-settings=\"{&quot;background_background&quot;:&quot;classic&quot;}\">\n\t\t\t<div class=\"elementor-widget-wrap elementor-element-populated\">\n\t\t\t\t\t\t<div class=\"elementor-element elementor-element-50f1f9b elementor-widget elementor-widget-image\" data-id=\"50f1f9b\" data-element_type=\"widget\" data-e-type=\"widget\" data-widget_type=\"image.default\">\n\t\t\t\t<div class=\"elementor-widget-container\">\n\t\t\t\t\t\t\t\t\t\t\t\t<figure class=\"wp-caption\">\n\t\t\t\t\t\t\t\t\t\t<img fetchpriority=\"high\" decoding=\"async\" width=\"1366\" height=\"768\" src=\"https:\/\/kiosque.acadienouvelle.com\/municipalite-kedgwick-2026\/wp-content\/uploads\/sites\/390\/2026\/03\/04_DSC_0070_land.jpg\" class=\"attachment-full size-full wp-image-7789\" alt=\"\" srcset=\"https:\/\/kiosque.acadienouvelle.com\/municipalite-kedgwick-2026\/wp-content\/uploads\/sites\/390\/2026\/03\/04_DSC_0070_land.jpg 1366w, https:\/\/kiosque.acadienouvelle.com\/municipalite-kedgwick-2026\/wp-content\/uploads\/sites\/390\/2026\/03\/04_DSC_0070_land-300x169.jpg 300w, https:\/\/kiosque.acadienouvelle.com\/municipalite-kedgwick-2026\/wp-content\/uploads\/sites\/390\/2026\/03\/04_DSC_0070_land-1024x576.jpg 1024w, https:\/\/kiosque.acadienouvelle.com\/municipalite-kedgwick-2026\/wp-content\/uploads\/sites\/390\/2026\/03\/04_DSC_0070_land-768x432.jpg 768w\" sizes=\"(max-width: 1366px) 100vw, 1366px\" \/>\t\t\t\t\t\t\t\t\t\t\t<figcaption class=\"widget-image-caption wp-caption-text\">L\u2019accord\u00e9on est en vedette toute la fin de semaine du festival.\/Photo : Gracieuset\u00e9 de Diane Thompson<\/figcaption>\n\t\t\t\t\t\t\t\t\t\t<\/figure>\n\t\t\t\t\t\t\t\t\t<\/div>\n\t\t\t\t<\/div>\n\t\t<link rel=\"stylesheet\" href=\"https:\/\/use.fontawesome.com\/releases\/v5.5.0\/css\/all.css\" integrity=\"sha384-B4dIYHKNBt8Bc12p+WXckhzcICo0wtJAoU8YZTY5qE0Id1GSseTk6S+L3BlXeVIU\" crossorigin=\"anonymous\">\r\n\t\t<div class=\"elementor-element elementor-element-d0a0a3b mobile_pera elementor-widget elementor-widget-text-editor\" data-id=\"d0a0a3b\" data-element_type=\"widget\" data-e-type=\"widget\" data-widget_type=\"text-editor.default\">\n\t\t\t\t<div class=\"elementor-widget-container\">\n\t\t\t\t\t\t\t\t\tL\u2019accord\u00e9on est \u00e0 l\u2019honneur chaque \u00e9t\u00e9 \u00e0 Kedgwick \u00e0 l\u2019occasion du Festival d\u2019accord\u00e9on et de folklore. Sa 9<sup>e<\/sup> \u00e9dition aura lieu du 31 juillet au 2 ao\u00fbt prochain et c\u00e9l\u00e8brera la musique, les traditions et la fiert\u00e9 rurale.\t\t\t\t\t\t\t\t<\/div>\n\t\t\t\t<\/div>\n\t\t\t\t<div class=\"elementor-element elementor-element-cdf74b9 mobile_pera elementor-widget elementor-widget-text-editor\" data-id=\"cdf74b9\" data-element_type=\"widget\" data-e-type=\"widget\" data-widget_type=\"text-editor.default\">\n\t\t\t\t<div class=\"elementor-widget-container\">\n\t\t\t\t\t\t\t\t\t\u00ab Cet \u00e9v\u00e8nement phare de la Soci\u00e9t\u00e9 culturelle r\u00e9gionale de Kedgwick, devenu un incontournable de la r\u00e9gion, rassemble chaque ann\u00e9e des passionn\u00e9s de musique traditionnelle, de danse et de culture vivante \u00bb, explique la secr\u00e9taire de la Soci\u00e9t\u00e9 culturelle, Diane Thompson.\t\t\t\t\t\t\t\t<\/div>\n\t\t\t\t<\/div>\n\t\t\t\t<div class=\"elementor-element elementor-element-2022ddb mobile_pera elementor-widget elementor-widget-text-editor\" data-id=\"2022ddb\" data-element_type=\"widget\" data-e-type=\"widget\" data-widget_type=\"text-editor.default\">\n\t\t\t\t<div class=\"elementor-widget-container\">\n\t\t\t\t\t\t\t\t\tLe festival accueille ainsi pendant trois jours une impressionnante vari\u00e9t\u00e9 d\u2019artistes qui proviennent du Qu\u00e9bec, des Maritimes et d\u2019ailleurs. Le festival a \u00e9galement l\u2019honneur de recevoir depuis trois ans des gens de l\u2019American Accordionists\u2019 Association, bas\u00e9e \u00e0 New York. Selon Mme Thompson, ceci t\u00e9moigne du rayonnement grandissant de l\u2019\u00e9v\u00e8nement au-del\u00e0 des fronti\u00e8res canadiennes.\t\t\t\t\t\t\t\t<\/div>\n\t\t\t\t<\/div>\n\t\t\t\t<div class=\"elementor-element elementor-element-f36ee68 elementor-widget elementor-widget-advertisement\" data-id=\"f36ee68\" data-element_type=\"widget\" data-e-type=\"widget\" data-widget_type=\"advertisement.default\">\n\t\t\t\t<div class=\"elementor-widget-container\">\n\t\t\t\t\t<div class=\"ads-align-center\"><div data-m32-ad data-options='{\"sizes\":\"[[300,250]]\",\"dfpId\":\"21658289790,27729547\",\"dfpAdUnitPath\":\"acadienouvelle\/cahiers_quarterpage_300x250\"}'><\/div><\/div>\t\t\t\t<\/div>\n\t\t\t\t<\/div>\n\t\t\t\t<div class=\"elementor-element elementor-element-4ffce5a mobile_pera elementor-widget elementor-widget-text-editor\" data-id=\"4ffce5a\" data-element_type=\"widget\" data-e-type=\"widget\" data-widget_type=\"text-editor.default\">\n\t\t\t\t<div class=\"elementor-widget-container\">\n\t\t\t\t\t\t\t\t\tEncore une fois cet \u00e9t\u00e9, le public pourra profiter de prestations vibrantes offertes par des artistes en musique et en chant de renom de diff\u00e9rentes r\u00e9gions. Le comit\u00e9 organisateur pr\u00e9voit aussi la pr\u00e9sence d\u2019un groupe de \u00ab cloggers \u00bb et d\u2019un groupe de danse \u00e0 claquettes, tous les deux du nord du Nouveau-Brunswick. \u00ab Ces performances vari\u00e9es contribuent \u00e0 faire du festival un lieu de c\u00e9l\u00e9bration authentique des traditions musicales et dans\u00e9es \u00bb, ajoute Mme Thompson.\t\t\t\t\t\t\t\t<\/div>\n\t\t\t\t<\/div>\n\t\t\t\t<div class=\"elementor-element elementor-element-87245fb mobile_pera elementor-widget elementor-widget-text-editor\" data-id=\"87245fb\" data-element_type=\"widget\" data-e-type=\"widget\" data-widget_type=\"text-editor.default\">\n\t\t\t\t<div class=\"elementor-widget-container\">\n\t\t\t\t\t\t\t\t\tSelon elle, le Festival d\u2019accord\u00e9on et de folklore de Kedgwick repr\u00e9sente un moment de rassemblement, de fiert\u00e9 et de transmission. La population est invit\u00e9e \u00e0 venir c\u00e9l\u00e9brer la culture, la musique et les traditions qui unissent la communaut\u00e9 depuis pr\u00e8s d\u2019une d\u00e9cennie.\t\t\t\t\t\t\t\t<\/div>\n\t\t\t\t<\/div>\n\t\t\t\t<div class=\"elementor-element elementor-element-49c4dbc mobile_pera elementor-widget elementor-widget-text-editor\" data-id=\"49c4dbc\" data-element_type=\"widget\" data-e-type=\"widget\" data-widget_type=\"text-editor.default\">\n\t\t\t\t<div class=\"elementor-widget-container\">\n\t\t\t\t\t\t\t\t\tEnfin, le festival continue de soutenir la cr\u00e9ativit\u00e9 locale avec un espace d\u2019exposition et de vente aux artisanes, artisans et artistes de la r\u00e9gion. Cette vitrine permet de valoriser le savoir-faire du milieu et de renforcer le sentiment d\u2019appartenance \u00e0 la culture locale.\t\t\t\t\t\t\t\t<\/div>\n\t\t\t\t<\/div>\n\t\t\t\t<div class=\"elementor-element elementor-element-02bb49d elementor-widget elementor-widget-image\" data-id=\"02bb49d\" data-element_type=\"widget\" data-e-type=\"widget\" data-widget_type=\"image.default\">\n\t\t\t\t<div class=\"elementor-widget-container\">\n\t\t\t\t\t\t\t\t\t\t\t\t<figure class=\"wp-caption\">\n\t\t\t\t\t\t\t\t\t\t<img decoding=\"async\" width=\"601\" height=\"382\" src=\"https:\/\/kiosque.acadienouvelle.com\/municipalite-kedgwick-2026\/wp-content\/uploads\/sites\/390\/2026\/03\/04_Jam.jpg\" class=\"attachment-large size-large wp-image-7795\" alt=\"\" srcset=\"https:\/\/kiosque.acadienouvelle.com\/municipalite-kedgwick-2026\/wp-content\/uploads\/sites\/390\/2026\/03\/04_Jam.jpg 601w, https:\/\/kiosque.acadienouvelle.com\/municipalite-kedgwick-2026\/wp-content\/uploads\/sites\/390\/2026\/03\/04_Jam-300x191.jpg 300w\" sizes=\"(max-width: 601px) 100vw, 601px\" \/>\t\t\t\t\t\t\t\t\t\t\t<figcaption class=\"widget-image-caption wp-caption-text\">Photo : Gracieuset\u00e9 de Diane Thompson<\/figcaption>\n\t\t\t\t\t\t\t\t\t\t<\/figure>\n\t\t\t\t\t\t\t\t\t<\/div>\n\t\t\t\t<\/div>\n\t\t\t\t\t<\/div>\n\t\t<\/div>\n\t\t\t\t\t<\/div>\n\t\t<\/section>\n\t\t\t\t<\/div>\n\t\t","protected":false},"excerpt":{"rendered":"<p>Le Festival d\u2019accord\u00e9on et de folklore c\u00e9l\u00e8bre la musique, les traditions et la fiert\u00e9 rurale L\u2019accord\u00e9on est en vedette toute la fin de semaine du festival.\/Photo : Gracieuset\u00e9 de Diane Thompson L\u2019accord\u00e9on est \u00e0 l\u2019honneur chaque \u00e9t\u00e9 \u00e0 Kedgwick \u00e0 l\u2019occasion du Festival d\u2019accord\u00e9on et de folklore. Sa 9e \u00e9dition aura lieu du 31 juillet [&hellip;]<\/p>\n","protected":false},"author":1,"featured_media":0,"parent":0,"menu_order":4,"comment_status":"closed","ping_status":"closed","template":"","meta":{"site-sidebar-layout":"no-sidebar","site-content-layout":"page-builder","ast-site-content-layout":"default","site-content-style":"default","site-sidebar-style":"default","ast-global-header-display":"","ast-banner-title-visibility":"","ast-main-header-display":"","ast-hfb-above-header-display":"","ast-hfb-below-header-display":"","ast-hfb-mobile-header-display":"","site-post-title":"disabled","ast-breadcrumbs-content":"","ast-featured-img":"disabled","footer-sml-layout":"","ast-disable-related-posts":"","theme-transparent-header-meta":"default","adv-header-id-meta":"","stick-header-meta":"","header-above-stick-meta":"","header-main-stick-meta":"","header-below-stick-meta":"","astra-migrate-meta-layouts":"default","ast-page-background-enabled":"default","ast-page-background-meta":{"desktop":{"background-color":"var(--ast-global-color-4)","background-image":"","background-repeat":"repeat","background-position":"center center","background-size":"auto","background-attachment":"scroll","background-type":"","background-media":"","overlay-type":"","overlay-color":"","overlay-opacity":"","overlay-gradient":""},"tablet":{"background-color":"","background-image":"","background-repeat":"repeat","background-position":"center center","background-size":"auto","background-attachment":"scroll","background-type":"","background-media":"","overlay-type":"","overlay-color":"","overlay-opacity":"","overlay-gradient":""},"mobile":{"background-color":"","background-image":"","background-repeat":"repeat","background-position":"center center","background-size":"auto","background-attachment":"scroll","background-type":"","background-media":"","overlay-type":"","overlay-color":"","overlay-opacity":"","overlay-gradient":""}},"ast-content-background-meta":{"desktop":{"background-color":"var(--ast-global-color-5)","background-image":"","background-repeat":"repeat","background-position":"center center","background-size":"auto","background-attachment":"scroll","background-type":"","background-media":"","overlay-type":"","overlay-color":"","overlay-opacity":"","overlay-gradient":""},"tablet":{"background-color":"var(--ast-global-color-5)","background-image":"","background-repeat":"repeat","background-position":"center center","background-size":"auto","background-attachment":"scroll","background-type":"","background-media":"","overlay-type":"","overlay-color":"","overlay-opacity":"","overlay-gradient":""},"mobile":{"background-color":"var(--ast-global-color-5)","background-image":"","background-repeat":"repeat","background-position":"center center","background-size":"auto","background-attachment":"scroll","background-type":"","background-media":"","overlay-type":"","overlay-color":"","overlay-opacity":"","overlay-gradient":""}},"footnotes":""},"page-categories":[],"class_list":["post-7757","page","type-page","status-publish","hentry"],"_links":{"self":[{"href":"https:\/\/kiosque.acadienouvelle.com\/municipalite-kedgwick-2026\/wp-json\/wp\/v2\/pages\/7757","targetHints":{"allow":["GET"]}}],"collection":[{"href":"https:\/\/kiosque.acadienouvelle.com\/municipalite-kedgwick-2026\/wp-json\/wp\/v2\/pages"}],"about":[{"href":"https:\/\/kiosque.acadienouvelle.com\/municipalite-kedgwick-2026\/wp-json\/wp\/v2\/types\/page"}],"author":[{"embeddable":true,"href":"https:\/\/kiosque.acadienouvelle.com\/municipalite-kedgwick-2026\/wp-json\/wp\/v2\/users\/1"}],"replies":[{"embeddable":true,"href":"https:\/\/kiosque.acadienouvelle.com\/municipalite-kedgwick-2026\/wp-json\/wp\/v2\/comments?post=7757"}],"version-history":[{"count":13,"href":"https:\/\/kiosque.acadienouvelle.com\/municipalite-kedgwick-2026\/wp-json\/wp\/v2\/pages\/7757\/revisions"}],"predecessor-version":[{"id":7829,"href":"https:\/\/kiosque.acadienouvelle.com\/municipalite-kedgwick-2026\/wp-json\/wp\/v2\/pages\/7757\/revisions\/7829"}],"wp:attachment":[{"href":"https:\/\/kiosque.acadienouvelle.com\/municipalite-kedgwick-2026\/wp-json\/wp\/v2\/media?parent=7757"}],"wp:term":[{"taxonomy":"page-categories","embeddable":true,"href":"https:\/\/kiosque.acadienouvelle.com\/municipalite-kedgwick-2026\/wp-json\/wp\/v2\/page-categories?post=7757"}],"curies":[{"name":"wp","href":"https:\/\/api.w.org\/{rel}","templated":true}]}}