{"id":7759,"date":"2026-03-26T14:39:10","date_gmt":"2026-03-26T14:39:10","guid":{"rendered":"https:\/\/kiosque.acadienouvelle.com\/municipalite-kedgwick-2026\/le-festival-dautomne-un-evenement-rassembleur\/"},"modified":"2026-03-30T19:58:54","modified_gmt":"2026-03-30T19:58:54","slug":"le-festival-dautomne-un-evenement-rassembleur","status":"publish","type":"page","link":"https:\/\/kiosque.acadienouvelle.com\/municipalite-kedgwick-2026\/le-festival-dautomne-un-evenement-rassembleur\/","title":{"rendered":"Le Festival d\u2019automne, un \u00e9v\u00e8nement rassembleur"},"content":{"rendered":"\t\t<div data-elementor-type=\"wp-page\" data-elementor-id=\"7759\" class=\"elementor elementor-7759\" data-elementor-post-type=\"page\">\n\t\t\t\t\t\t<section class=\"elementor-section elementor-top-section elementor-element elementor-element-50c1b6e elementor-section-height-min-height header_title banner_img elementor-section-boxed elementor-section-height-default elementor-section-items-middle\" data-id=\"50c1b6e\" data-element_type=\"section\" data-e-type=\"section\" data-settings=\"{&quot;background_background&quot;:&quot;classic&quot;}\">\n\t\t\t\t\t\t\t<div class=\"elementor-background-overlay\"><\/div>\n\t\t\t\t\t\t\t<div class=\"elementor-container elementor-column-gap-default\">\n\t\t\t\t\t<div class=\"elementor-column elementor-col-100 elementor-top-column elementor-element elementor-element-3a2d241\" data-id=\"3a2d241\" data-element_type=\"column\" data-e-type=\"column\">\n\t\t\t<div class=\"elementor-widget-wrap elementor-element-populated\">\n\t\t\t\t\t\t<div class=\"elementor-element elementor-element-9673cd2 elementor-widget elementor-widget-heading\" data-id=\"9673cd2\" data-element_type=\"widget\" data-e-type=\"widget\" data-widget_type=\"heading.default\">\n\t\t\t\t<div class=\"elementor-widget-container\">\n\t\t\t\t\t<h2 class=\"elementor-heading-title elementor-size-default\">Le Festival d\u2019automne, un \u00e9v\u00e8nement rassembleur<\/h2>\t\t\t\t<\/div>\n\t\t\t\t<\/div>\n\t\t\t\t\t<\/div>\n\t\t<\/div>\n\t\t\t\t\t<\/div>\n\t\t<\/section>\n\t\t\t\t<section class=\"elementor-section elementor-top-section elementor-element elementor-element-d9a853a elementor-section-boxed elementor-section-height-default elementor-section-height-default\" data-id=\"d9a853a\" data-element_type=\"section\" data-e-type=\"section\">\n\t\t\t\t\t\t<div class=\"elementor-container elementor-column-gap-default\">\n\t\t\t\t\t<div class=\"elementor-column elementor-col-100 elementor-top-column elementor-element elementor-element-68d9c5a page_contain\" data-id=\"68d9c5a\" data-element_type=\"column\" data-e-type=\"column\" data-settings=\"{&quot;background_background&quot;:&quot;classic&quot;}\">\n\t\t\t<div class=\"elementor-widget-wrap elementor-element-populated\">\n\t\t\t\t\t\t<div class=\"elementor-element elementor-element-50f1f9b elementor-widget elementor-widget-image\" data-id=\"50f1f9b\" data-element_type=\"widget\" data-e-type=\"widget\" data-widget_type=\"image.default\">\n\t\t\t\t<div class=\"elementor-widget-container\">\n\t\t\t\t\t\t\t\t\t\t\t\t<figure class=\"wp-caption\">\n\t\t\t\t\t\t\t\t\t\t<img fetchpriority=\"high\" decoding=\"async\" width=\"1366\" height=\"768\" src=\"https:\/\/kiosque.acadienouvelle.com\/municipalite-kedgwick-2026\/wp-content\/uploads\/sites\/390\/2026\/03\/05_Defile-du-Festival_land.jpg\" class=\"attachment-full size-full wp-image-7802\" alt=\"\" srcset=\"https:\/\/kiosque.acadienouvelle.com\/municipalite-kedgwick-2026\/wp-content\/uploads\/sites\/390\/2026\/03\/05_Defile-du-Festival_land.jpg 1366w, https:\/\/kiosque.acadienouvelle.com\/municipalite-kedgwick-2026\/wp-content\/uploads\/sites\/390\/2026\/03\/05_Defile-du-Festival_land-300x169.jpg 300w, https:\/\/kiosque.acadienouvelle.com\/municipalite-kedgwick-2026\/wp-content\/uploads\/sites\/390\/2026\/03\/05_Defile-du-Festival_land-1024x576.jpg 1024w, https:\/\/kiosque.acadienouvelle.com\/municipalite-kedgwick-2026\/wp-content\/uploads\/sites\/390\/2026\/03\/05_Defile-du-Festival_land-768x432.jpg 768w\" sizes=\"(max-width: 1366px) 100vw, 1366px\" \/>\t\t\t\t\t\t\t\t\t\t\t<figcaption class=\"widget-image-caption wp-caption-text\">Le d\u00e9fil\u00e9 du festival est populaire chez les petits et grands.\/Photo : Festival d\u2019automne de Kedgwick<\/figcaption>\n\t\t\t\t\t\t\t\t\t\t<\/figure>\n\t\t\t\t\t\t\t\t\t<\/div>\n\t\t\t\t<\/div>\n\t\t<link rel=\"stylesheet\" href=\"https:\/\/use.fontawesome.com\/releases\/v5.5.0\/css\/all.css\" integrity=\"sha384-B4dIYHKNBt8Bc12p+WXckhzcICo0wtJAoU8YZTY5qE0Id1GSseTk6S+L3BlXeVIU\" crossorigin=\"anonymous\">\r\n\t\t<div class=\"elementor-element elementor-element-d0a0a3b mobile_pera elementor-widget elementor-widget-text-editor\" data-id=\"d0a0a3b\" data-element_type=\"widget\" data-e-type=\"widget\" data-widget_type=\"text-editor.default\">\n\t\t\t\t<div class=\"elementor-widget-container\">\n\t\t\t\t\t\t\t\t\tChaque ann\u00e9e en octobre, le Festival d\u2019automne de Kedgwick se veut un \u00e9v\u00e8nement qui rassemble toute la communaut\u00e9 et de nombreux visiteurs. La nature se rev\u00eat de ses plus beaux atouts et les gens sont convi\u00e9s \u00e0 plusieurs activit\u00e9s pour c\u00e9l\u00e9brer la saison en famille et entre amis.\t\t\t\t\t\t\t\t<\/div>\n\t\t\t\t<\/div>\n\t\t\t\t<div class=\"elementor-element elementor-element-1a7ae86 mobile_pera elementor-widget elementor-widget-text-editor\" data-id=\"1a7ae86\" data-element_type=\"widget\" data-e-type=\"widget\" data-widget_type=\"text-editor.default\">\n\t\t\t\t<div class=\"elementor-widget-container\">\n\t\t\t\t\t\t\t\t\t<p>Le pr\u00e9sident, C\u00e9dric Comeau, souligne avec fiert\u00e9 que 2026 marquera la 47<sup>e<\/sup> \u00e9dition du festival qui se tiendra du 7 au 11 octobre prochain. Le comit\u00e9 organisateur est d\u00e9j\u00e0 \u00e0 pied d\u2019\u0153uvre pour finaliser les d\u00e9tails de la programmation qui sera d\u00e9voil\u00e9e bient\u00f4t. \u00ab Nous nous mettons au d\u00e9fi de faire encore une fois une des plus belles \u00e9ditions \u00bb, affirme-t-il.<\/p>\t\t\t\t\t\t\t\t<\/div>\n\t\t\t\t<\/div>\n\t\t\t\t<div class=\"elementor-element elementor-element-7d00c56 mobile_pera elementor-widget elementor-widget-text-editor\" data-id=\"7d00c56\" data-element_type=\"widget\" data-e-type=\"widget\" data-widget_type=\"text-editor.default\">\n\t\t\t\t<div class=\"elementor-widget-container\">\n\t\t\t\t\t\t\t\t\tLa programmation compte plusieurs activit\u00e9s devenues des incontournables comme le concours de chasse \u00e0 la perdrix, le M\u00e9ga bingo, la comp\u00e9tition de 4&#215;4, le rallye et le d\u00e9jeuner du chasseur. \u00c0 cela s\u2019ajoutent le Party du Festival et le Festibi\u00e8re, qui promettent encore une fois des soir\u00e9es m\u00e9morables.\t\t\t\t\t\t\t\t<\/div>\n\t\t\t\t<\/div>\n\t\t\t\t<div class=\"elementor-element elementor-element-963adee elementor-widget elementor-widget-advertisement\" data-id=\"963adee\" data-element_type=\"widget\" data-e-type=\"widget\" data-widget_type=\"advertisement.default\">\n\t\t\t\t<div class=\"elementor-widget-container\">\n\t\t\t\t\t<div class=\"ads-align-center\"><div data-m32-ad data-options='{\"sizes\":\"[[320,480]]\",\"dfpId\":\"21658289790,27729547\",\"dfpAdUnitPath\":\"acadienouvelle\/cahiers_halfpage_320x480\"}'><\/div><\/div>\t\t\t\t<\/div>\n\t\t\t\t<\/div>\n\t\t\t\t<div class=\"elementor-element elementor-element-758cade mobile_pera elementor-widget elementor-widget-text-editor\" data-id=\"758cade\" data-element_type=\"widget\" data-e-type=\"widget\" data-widget_type=\"text-editor.default\">\n\t\t\t\t<div class=\"elementor-widget-container\">\n\t\t\t\t\t\t\t\t\tPour bonifier la programmation d\u2019ann\u00e9e en ann\u00e9e, le comit\u00e9 organisateur avec ses pr\u00e9cieux partenaires, collaborateurs et les duchesses mettent les bouch\u00e9es doubles pour offrir une exp\u00e9rience toujours plus riche aux festivaliers. Dans cet esprit, le Wick Bazar sera de retour pour une deuxi\u00e8me ann\u00e9e et proposera une journ\u00e9e familiale remplie d\u2019activit\u00e9s gratuites pour les enfants, combin\u00e9e \u00e0 une exposition d\u2019artistes et d\u2019artisans de talent.\t\t\t\t\t\t\t\t<\/div>\n\t\t\t\t<\/div>\n\t\t\t\t<div class=\"elementor-element elementor-element-e63c405 mobile_pera elementor-widget elementor-widget-text-editor\" data-id=\"e63c405\" data-element_type=\"widget\" data-e-type=\"widget\" data-widget_type=\"text-editor.default\">\n\t\t\t\t<div class=\"elementor-widget-container\">\n\t\t\t\t\t\t\t\t\t\u00ab La traditionnelle activit\u00e9 de 4\u00d74 pr\u00e9sentera un circuit am\u00e9nag\u00e9 avec un parcours court, mais relev\u00e9 qui promet autant de plaisir pour les participants que de spectacles pour le public \u00bb, pr\u00e9cise M. Comeau.\t\t\t\t\t\t\t\t<\/div>\n\t\t\t\t<\/div>\n\t\t\t\t<div class=\"elementor-element elementor-element-ecbe164 mobile_pera elementor-widget elementor-widget-text-editor\" data-id=\"ecbe164\" data-element_type=\"widget\" data-e-type=\"widget\" data-widget_type=\"text-editor.default\">\n\t\t\t\t<div class=\"elementor-widget-container\">\n\t\t\t\t\t\t\t\t\t\u00ab Le Festival d\u2019automne de Kedgwick, c\u2019est tout simplement un WOW \u00e0 vivre au c\u0153ur des plus belles couleurs de la saison. Une ambiance unique, des activit\u00e9s pour tous et une communaut\u00e9 accueillante font de cet \u00e9v\u00e8nement un rendez-vous qui vaut assur\u00e9ment le d\u00e9tour \u00e0 cette p\u00e9riode de l\u2019ann\u00e9e. On vous attend \u00bb, conclut M. Comeau.\t\t\t\t\t\t\t\t<\/div>\n\t\t\t\t<\/div>\n\t\t\t\t\t<\/div>\n\t\t<\/div>\n\t\t\t\t\t<\/div>\n\t\t<\/section>\n\t\t\t\t<\/div>\n\t\t","protected":false},"excerpt":{"rendered":"<p>Le Festival d\u2019automne, un \u00e9v\u00e8nement rassembleur Le d\u00e9fil\u00e9 du festival est populaire chez les petits et grands.\/Photo : Festival d\u2019automne de Kedgwick Chaque ann\u00e9e en octobre, le Festival d\u2019automne de Kedgwick se veut un \u00e9v\u00e8nement qui rassemble toute la communaut\u00e9 et de nombreux visiteurs. La nature se rev\u00eat de ses plus beaux atouts et les [&hellip;]<\/p>\n","protected":false},"author":1,"featured_media":0,"parent":0,"menu_order":5,"comment_status":"closed","ping_status":"closed","template":"","meta":{"site-sidebar-layout":"no-sidebar","site-content-layout":"page-builder","ast-site-content-layout":"default","site-content-style":"default","site-sidebar-style":"default","ast-global-header-display":"","ast-banner-title-visibility":"","ast-main-header-display":"","ast-hfb-above-header-display":"","ast-hfb-below-header-display":"","ast-hfb-mobile-header-display":"","site-post-title":"disabled","ast-breadcrumbs-content":"","ast-featured-img":"disabled","footer-sml-layout":"","ast-disable-related-posts":"","theme-transparent-header-meta":"default","adv-header-id-meta":"","stick-header-meta":"","header-above-stick-meta":"","header-main-stick-meta":"","header-below-stick-meta":"","astra-migrate-meta-layouts":"default","ast-page-background-enabled":"default","ast-page-background-meta":{"desktop":{"background-color":"var(--ast-global-color-4)","background-image":"","background-repeat":"repeat","background-position":"center center","background-size":"auto","background-attachment":"scroll","background-type":"","background-media":"","overlay-type":"","overlay-color":"","overlay-opacity":"","overlay-gradient":""},"tablet":{"background-color":"","background-image":"","background-repeat":"repeat","background-position":"center center","background-size":"auto","background-attachment":"scroll","background-type":"","background-media":"","overlay-type":"","overlay-color":"","overlay-opacity":"","overlay-gradient":""},"mobile":{"background-color":"","background-image":"","background-repeat":"repeat","background-position":"center center","background-size":"auto","background-attachment":"scroll","background-type":"","background-media":"","overlay-type":"","overlay-color":"","overlay-opacity":"","overlay-gradient":""}},"ast-content-background-meta":{"desktop":{"background-color":"var(--ast-global-color-5)","background-image":"","background-repeat":"repeat","background-position":"center center","background-size":"auto","background-attachment":"scroll","background-type":"","background-media":"","overlay-type":"","overlay-color":"","overlay-opacity":"","overlay-gradient":""},"tablet":{"background-color":"var(--ast-global-color-5)","background-image":"","background-repeat":"repeat","background-position":"center center","background-size":"auto","background-attachment":"scroll","background-type":"","background-media":"","overlay-type":"","overlay-color":"","overlay-opacity":"","overlay-gradient":""},"mobile":{"background-color":"var(--ast-global-color-5)","background-image":"","background-repeat":"repeat","background-position":"center center","background-size":"auto","background-attachment":"scroll","background-type":"","background-media":"","overlay-type":"","overlay-color":"","overlay-opacity":"","overlay-gradient":""}},"footnotes":""},"page-categories":[],"class_list":["post-7759","page","type-page","status-publish","hentry"],"_links":{"self":[{"href":"https:\/\/kiosque.acadienouvelle.com\/municipalite-kedgwick-2026\/wp-json\/wp\/v2\/pages\/7759","targetHints":{"allow":["GET"]}}],"collection":[{"href":"https:\/\/kiosque.acadienouvelle.com\/municipalite-kedgwick-2026\/wp-json\/wp\/v2\/pages"}],"about":[{"href":"https:\/\/kiosque.acadienouvelle.com\/municipalite-kedgwick-2026\/wp-json\/wp\/v2\/types\/page"}],"author":[{"embeddable":true,"href":"https:\/\/kiosque.acadienouvelle.com\/municipalite-kedgwick-2026\/wp-json\/wp\/v2\/users\/1"}],"replies":[{"embeddable":true,"href":"https:\/\/kiosque.acadienouvelle.com\/municipalite-kedgwick-2026\/wp-json\/wp\/v2\/comments?post=7759"}],"version-history":[{"count":10,"href":"https:\/\/kiosque.acadienouvelle.com\/municipalite-kedgwick-2026\/wp-json\/wp\/v2\/pages\/7759\/revisions"}],"predecessor-version":[{"id":7835,"href":"https:\/\/kiosque.acadienouvelle.com\/municipalite-kedgwick-2026\/wp-json\/wp\/v2\/pages\/7759\/revisions\/7835"}],"wp:attachment":[{"href":"https:\/\/kiosque.acadienouvelle.com\/municipalite-kedgwick-2026\/wp-json\/wp\/v2\/media?parent=7759"}],"wp:term":[{"taxonomy":"page-categories","embeddable":true,"href":"https:\/\/kiosque.acadienouvelle.com\/municipalite-kedgwick-2026\/wp-json\/wp\/v2\/page-categories?post=7759"}],"curies":[{"name":"wp","href":"https:\/\/api.w.org\/{rel}","templated":true}]}}