{"id":7761,"date":"2026-03-26T14:40:00","date_gmt":"2026-03-26T14:40:00","guid":{"rendered":"https:\/\/kiosque.acadienouvelle.com\/municipalite-kedgwick-2026\/le-club-amical-de-lage-dor-de-kedgwick\/"},"modified":"2026-03-30T13:00:36","modified_gmt":"2026-03-30T13:00:36","slug":"le-club-amical-de-lage-dor-de-kedgwick","status":"publish","type":"page","link":"https:\/\/kiosque.acadienouvelle.com\/municipalite-kedgwick-2026\/le-club-amical-de-lage-dor-de-kedgwick\/","title":{"rendered":"Le Club amical de l\u2019\u00e2ge d\u2019or de Kedgwick organise bien des activit\u00e9s"},"content":{"rendered":"\t\t<div data-elementor-type=\"wp-page\" data-elementor-id=\"7761\" class=\"elementor elementor-7761\" data-elementor-post-type=\"page\">\n\t\t\t\t\t\t<section class=\"elementor-section elementor-top-section elementor-element elementor-element-50c1b6e elementor-section-height-min-height header_title banner_img elementor-section-boxed elementor-section-height-default elementor-section-items-middle\" data-id=\"50c1b6e\" data-element_type=\"section\" data-e-type=\"section\" data-settings=\"{&quot;background_background&quot;:&quot;classic&quot;}\">\n\t\t\t\t\t\t\t<div class=\"elementor-background-overlay\"><\/div>\n\t\t\t\t\t\t\t<div class=\"elementor-container elementor-column-gap-default\">\n\t\t\t\t\t<div class=\"elementor-column elementor-col-100 elementor-top-column elementor-element elementor-element-3a2d241\" data-id=\"3a2d241\" data-element_type=\"column\" data-e-type=\"column\">\n\t\t\t<div class=\"elementor-widget-wrap elementor-element-populated\">\n\t\t\t\t\t\t<div class=\"elementor-element elementor-element-9673cd2 elementor-widget elementor-widget-heading\" data-id=\"9673cd2\" data-element_type=\"widget\" data-e-type=\"widget\" data-widget_type=\"heading.default\">\n\t\t\t\t<div class=\"elementor-widget-container\">\n\t\t\t\t\t<h2 class=\"elementor-heading-title elementor-size-default\">Le Club amical de l\u2019\u00e2ge d\u2019or de Kedgwick organise bien des activit\u00e9s<\/h2>\t\t\t\t<\/div>\n\t\t\t\t<\/div>\n\t\t\t\t\t<\/div>\n\t\t<\/div>\n\t\t\t\t\t<\/div>\n\t\t<\/section>\n\t\t\t\t<section class=\"elementor-section elementor-top-section elementor-element elementor-element-d9a853a elementor-section-boxed elementor-section-height-default elementor-section-height-default\" data-id=\"d9a853a\" data-element_type=\"section\" data-e-type=\"section\">\n\t\t\t\t\t\t<div class=\"elementor-container elementor-column-gap-default\">\n\t\t\t\t\t<div class=\"elementor-column elementor-col-100 elementor-top-column elementor-element elementor-element-68d9c5a page_contain\" data-id=\"68d9c5a\" data-element_type=\"column\" data-e-type=\"column\" data-settings=\"{&quot;background_background&quot;:&quot;classic&quot;}\">\n\t\t\t<div class=\"elementor-widget-wrap elementor-element-populated\">\n\t\t\t\t\t\t<div class=\"elementor-element elementor-element-50f1f9b elementor-widget elementor-widget-image\" data-id=\"50f1f9b\" data-element_type=\"widget\" data-e-type=\"widget\" data-widget_type=\"image.default\">\n\t\t\t\t<div class=\"elementor-widget-container\">\n\t\t\t\t\t\t\t\t\t\t\t\t<figure class=\"wp-caption\">\n\t\t\t\t\t\t\t\t\t\t<img fetchpriority=\"high\" decoding=\"async\" width=\"1366\" height=\"768\" src=\"https:\/\/kiosque.acadienouvelle.com\/municipalite-kedgwick-2026\/wp-content\/uploads\/sites\/390\/2026\/03\/06_tire-sur-la-neige_land.jpg\" class=\"attachment-full size-full wp-image-7806\" alt=\"\" srcset=\"https:\/\/kiosque.acadienouvelle.com\/municipalite-kedgwick-2026\/wp-content\/uploads\/sites\/390\/2026\/03\/06_tire-sur-la-neige_land.jpg 1366w, https:\/\/kiosque.acadienouvelle.com\/municipalite-kedgwick-2026\/wp-content\/uploads\/sites\/390\/2026\/03\/06_tire-sur-la-neige_land-300x169.jpg 300w, https:\/\/kiosque.acadienouvelle.com\/municipalite-kedgwick-2026\/wp-content\/uploads\/sites\/390\/2026\/03\/06_tire-sur-la-neige_land-1024x576.jpg 1024w, https:\/\/kiosque.acadienouvelle.com\/municipalite-kedgwick-2026\/wp-content\/uploads\/sites\/390\/2026\/03\/06_tire-sur-la-neige_land-768x432.jpg 768w\" sizes=\"(max-width: 1366px) 100vw, 1366px\" \/>\t\t\t\t\t\t\t\t\t\t\t<figcaption class=\"widget-image-caption wp-caption-text\">La tire sur la neige par Edgard B\u00e9chard et le comit\u00e9 de la paroisse Immacul\u00e9e-Conception de Kedgwick a ajout\u00e9 chaleur et convivialit\u00e9 \u00e0 un apr\u00e8s-midi d\u2019activit\u00e9s du  Club amical de l\u2019\u00e2ge d\u2019or en f\u00e9vrier dernier.\/Photo : Page Facebook du Club amical de l\u2019\u00e2ge d\u2019or de Kedgwick<\/figcaption>\n\t\t\t\t\t\t\t\t\t\t<\/figure>\n\t\t\t\t\t\t\t\t\t<\/div>\n\t\t\t\t<\/div>\n\t\t<link rel=\"stylesheet\" href=\"https:\/\/use.fontawesome.com\/releases\/v5.5.0\/css\/all.css\" integrity=\"sha384-B4dIYHKNBt8Bc12p+WXckhzcICo0wtJAoU8YZTY5qE0Id1GSseTk6S+L3BlXeVIU\" crossorigin=\"anonymous\">\r\n\t\t<div class=\"elementor-element elementor-element-d0a0a3b mobile_pera elementor-widget elementor-widget-text-editor\" data-id=\"d0a0a3b\" data-element_type=\"widget\" data-e-type=\"widget\" data-widget_type=\"text-editor.default\">\n\t\t\t\t<div class=\"elementor-widget-container\">\n\t\t\t\t\t\t\t\t\tTournois de cartes, yoga sur chaise, danses, conf\u00e9rences et bien d\u2019autres : le Club amical de l\u2019\u00e2ge d\u2019or de Kedgwick organise de nombreuses activit\u00e9s pour ses quelque 200 membres. Les gens s\u2019y retrouvent avec convivialit\u00e9, amiti\u00e9 et partage.\t\t\t\t\t\t\t\t<\/div>\n\t\t\t\t<\/div>\n\t\t\t\t<div class=\"elementor-element elementor-element-fc80458 mobile_pera elementor-widget elementor-widget-text-editor\" data-id=\"fc80458\" data-element_type=\"widget\" data-e-type=\"widget\" data-widget_type=\"text-editor.default\">\n\t\t\t\t<div class=\"elementor-widget-container\">\n\t\t\t\t\t\t\t\t\t\u00ab Vraiment, le but de notre club est de garder nos gens en assez bonne forme physique et mentale. Ils viennent ici faire des activit\u00e9s, des exercices physiques et du social \u00bb, explique la pr\u00e9sidente du club, Lorraine Chouinard.\t\t\t\t\t\t\t\t<\/div>\n\t\t\t\t<\/div>\n\t\t\t\t<div class=\"elementor-element elementor-element-236d614 mobile_pera elementor-widget elementor-widget-text-editor\" data-id=\"236d614\" data-element_type=\"widget\" data-e-type=\"widget\" data-widget_type=\"text-editor.default\">\n\t\t\t\t<div class=\"elementor-widget-container\">\n\t\t\t\t\t\t\t\t\tLa programmation comprend ainsi des tournois de cartes de 45 tous les vendredis soirs \u00e0 partir de l\u2019automne jusqu\u2019au mois de mai, ainsi que du yoga sur chaise tous les deux mercredis. \u00ab Tous les dimanches apr\u00e8s-midi, nous avons une danse de 14 h \u00e0 17 h avec des petits orchestres de diff\u00e9rents endroits de la r\u00e9gion \u00bb, ajoute-t-elle en pr\u00e9cisant que de 60 \u00e0 80 personnes s\u2019y pr\u00e9sentent chaque semaine.\t\t\t\t\t\t\t\t<\/div>\n\t\t\t\t<\/div>\n\t\t\t\t<div class=\"elementor-element elementor-element-afee89f elementor-widget elementor-widget-advertisement\" data-id=\"afee89f\" data-element_type=\"widget\" data-e-type=\"widget\" data-widget_type=\"advertisement.default\">\n\t\t\t\t<div class=\"elementor-widget-container\">\n\t\t\t\t\t<div class=\"ads-align-center\"><div data-m32-ad data-options='{\"sizes\":\"[[300,250]]\",\"dfpId\":\"21658289790,27729547\",\"dfpAdUnitPath\":\"acadienouvelle\/cahiers_quarterpage_300x250\"}'><\/div><\/div>\t\t\t\t<\/div>\n\t\t\t\t<\/div>\n\t\t\t\t<div class=\"elementor-element elementor-element-105f204 mobile_pera elementor-widget elementor-widget-text-editor\" data-id=\"105f204\" data-element_type=\"widget\" data-e-type=\"widget\" data-widget_type=\"text-editor.default\">\n\t\t\t\t<div class=\"elementor-widget-container\">\n\t\t\t\t\t\t\t\t\tMme Chouinard et son comit\u00e9 ne manquent pas non plus de souligner les occasions sp\u00e9ciales comme No\u00ebl ou organisent des journ\u00e9es th\u00e9matiques. La plus r\u00e9cente en f\u00e9vrier dernier a permis aux gens d\u2019assister \u00e0 une conf\u00e9rence sur la cybers\u00e9curit\u00e9 et \u00e0 une pr\u00e9sentation des pompiers sur la s\u00e9curit\u00e9 \u00e0 la maison, en plus d\u2019avoir l\u2019occasion de go\u00fbter de la tire sur la neige.\t\t\t\t\t\t\t\t<\/div>\n\t\t\t\t<\/div>\n\t\t\t\t<div class=\"elementor-element elementor-element-13614b9 mobile_pera elementor-widget elementor-widget-text-editor\" data-id=\"13614b9\" data-element_type=\"widget\" data-e-type=\"widget\" data-widget_type=\"text-editor.default\">\n\t\t\t\t<div class=\"elementor-widget-container\">\n\t\t\t\t\t\t\t\t\t\u00ab \u00c0 P\u00e2ques, nous allons faire un souper avec une danse et notre participation devrait \u00eatre de 100 \u00e0 125 personnes \u00bb, ajoute Mme Chouinard.\t\t\t\t\t\t\t\t<\/div>\n\t\t\t\t<\/div>\n\t\t\t\t<div class=\"elementor-element elementor-element-630dbea mobile_pera elementor-widget elementor-widget-text-editor\" data-id=\"630dbea\" data-element_type=\"widget\" data-e-type=\"widget\" data-widget_type=\"text-editor.default\">\n\t\t\t\t<div class=\"elementor-widget-container\">\n\t\t\t\t\t\t\t\t\tLa programmation estivale propose quant \u00e0 elle des soir\u00e9es musicales ext\u00e9rieures chaque mardi qui attirent autant les membres que les familles et les touristes en visite dans la r\u00e9gion. Enfin, Mme Chouinard pr\u00e9cise que le club organise une sortie sp\u00e9ciale une fois par ann\u00e9e pour aller visiter des attractions comme le mont Carleton ou le Pays de la Sagouine.\t\t\t\t\t\t\t\t<\/div>\n\t\t\t\t<\/div>\n\t\t\t\t<div class=\"elementor-element elementor-element-be32216 elementor-widget elementor-widget-heading\" data-id=\"be32216\" data-element_type=\"widget\" data-e-type=\"widget\" data-widget_type=\"heading.default\">\n\t\t\t\t<div class=\"elementor-widget-container\">\n\t\t\t\t\t<h2 class=\"elementor-heading-title elementor-size-default\">La Soci\u00e9t\u00e9 culturelle valorise la culture et la rel\u00e8ve artistique<\/h2>\t\t\t\t<\/div>\n\t\t\t\t<\/div>\n\t\t\t\t<div class=\"elementor-element elementor-element-1a85596 box_pera elementor-widget elementor-widget-text-editor\" data-id=\"1a85596\" data-element_type=\"widget\" data-e-type=\"widget\" data-widget_type=\"text-editor.default\">\n\t\t\t\t<div class=\"elementor-widget-container\">\n\t\t\t\t\t\t\t\t\t<p>En plus de se retrouver derri\u00e8re l\u2019organisation du Festival d\u2019accord\u00e9on et de folklore, la Soci\u00e9t\u00e9 culturelle rurale de Kedgwick (CSRK) valorise la culture et porte l\u2019engagement envers la rel\u00e8ve artistique.<\/p><p>\u00a0<\/p><p>En partenariat avec l\u2019\u00e9cole Marie-Ga\u00e9tane de Kedgwick, la SCRK remet une bourse d\u2019\u00e9tudes \u00e0 un \u00e9l\u00e8ve qui s\u2019est d\u00e9marqu\u00e9 dans les arts et propose des activit\u00e9s culturelles \u00e9ducatives destin\u00e9es \u00e0 inspirer les jeunes. Dans le cadre du Mois de la francophonie 2026, la SCRK offrira ainsi \u00e0 l\u2019\u00e9cole Marie-Ga\u00e9tane la projection d\u2019un film qui d\u00e9montre le parcours de dix jeunes artistes invit\u00e9s au Congr\u00e8s mondial acadien 2024 (CMA) lors d\u2019une r\u00e9sidence d\u2019artistes. Des ateliers gratuits seront ensuite anim\u00e9s par deux artistes ayant particip\u00e9 au projet, soit Zacharie Richard ou Eric Amedekanya.<\/p><p>\u00a0<\/p><p><strong>De nouveaux partenariats<\/strong><\/p><p>\u00a0<\/p><p>La SCRK valorise la culture sous toutes ses formes, soutient les talents locaux et cr\u00e9e des occasions de rassemblement interg\u00e9n\u00e9rationnel. Selon la secr\u00e9taire de la Soci\u00e9t\u00e9, Diane Thompson, des partenariats sont en d\u00e9veloppement avec plusieurs organismes locaux, notamment la Biblioth\u00e8que publique de Kedgwick, le Club amical de l\u2019\u00e2ge d\u2019or, la Boussole communautaire du Restigouche et la Communaut\u00e9 rurale de Kedgwick. Ces partenariats permettront d\u2019offrir des ateliers d\u2019art culinaire et d\u2019autres activit\u00e9s culturelles accessibles \u00e0 toutes et \u00e0 tous.<\/p>\t\t\t\t\t\t\t\t<\/div>\n\t\t\t\t<\/div>\n\t\t\t\t\t<\/div>\n\t\t<\/div>\n\t\t\t\t\t<\/div>\n\t\t<\/section>\n\t\t\t\t<\/div>\n\t\t","protected":false},"excerpt":{"rendered":"<p>Le Club amical de l\u2019\u00e2ge d\u2019or de Kedgwick organise bien des activit\u00e9s La tire sur la neige par Edgard B\u00e9chard et le comit\u00e9 de la paroisse Immacul\u00e9e-Conception de Kedgwick a ajout\u00e9 chaleur et convivialit\u00e9 \u00e0 un apr\u00e8s-midi d\u2019activit\u00e9s du Club amical de l\u2019\u00e2ge d\u2019or en f\u00e9vrier dernier.\/Photo : Page Facebook du Club amical de l\u2019\u00e2ge [&hellip;]<\/p>\n","protected":false},"author":1,"featured_media":0,"parent":0,"menu_order":6,"comment_status":"closed","ping_status":"closed","template":"","meta":{"site-sidebar-layout":"no-sidebar","site-content-layout":"page-builder","ast-site-content-layout":"default","site-content-style":"default","site-sidebar-style":"default","ast-global-header-display":"","ast-banner-title-visibility":"","ast-main-header-display":"","ast-hfb-above-header-display":"","ast-hfb-below-header-display":"","ast-hfb-mobile-header-display":"","site-post-title":"disabled","ast-breadcrumbs-content":"","ast-featured-img":"disabled","footer-sml-layout":"","ast-disable-related-posts":"","theme-transparent-header-meta":"default","adv-header-id-meta":"","stick-header-meta":"","header-above-stick-meta":"","header-main-stick-meta":"","header-below-stick-meta":"","astra-migrate-meta-layouts":"default","ast-page-background-enabled":"default","ast-page-background-meta":{"desktop":{"background-color":"var(--ast-global-color-4)","background-image":"","background-repeat":"repeat","background-position":"center center","background-size":"auto","background-attachment":"scroll","background-type":"","background-media":"","overlay-type":"","overlay-color":"","overlay-opacity":"","overlay-gradient":""},"tablet":{"background-color":"","background-image":"","background-repeat":"repeat","background-position":"center center","background-size":"auto","background-attachment":"scroll","background-type":"","background-media":"","overlay-type":"","overlay-color":"","overlay-opacity":"","overlay-gradient":""},"mobile":{"background-color":"","background-image":"","background-repeat":"repeat","background-position":"center center","background-size":"auto","background-attachment":"scroll","background-type":"","background-media":"","overlay-type":"","overlay-color":"","overlay-opacity":"","overlay-gradient":""}},"ast-content-background-meta":{"desktop":{"background-color":"var(--ast-global-color-5)","background-image":"","background-repeat":"repeat","background-position":"center center","background-size":"auto","background-attachment":"scroll","background-type":"","background-media":"","overlay-type":"","overlay-color":"","overlay-opacity":"","overlay-gradient":""},"tablet":{"background-color":"var(--ast-global-color-5)","background-image":"","background-repeat":"repeat","background-position":"center center","background-size":"auto","background-attachment":"scroll","background-type":"","background-media":"","overlay-type":"","overlay-color":"","overlay-opacity":"","overlay-gradient":""},"mobile":{"background-color":"var(--ast-global-color-5)","background-image":"","background-repeat":"repeat","background-position":"center center","background-size":"auto","background-attachment":"scroll","background-type":"","background-media":"","overlay-type":"","overlay-color":"","overlay-opacity":"","overlay-gradient":""}},"footnotes":""},"page-categories":[],"class_list":["post-7761","page","type-page","status-publish","hentry"],"_links":{"self":[{"href":"https:\/\/kiosque.acadienouvelle.com\/municipalite-kedgwick-2026\/wp-json\/wp\/v2\/pages\/7761","targetHints":{"allow":["GET"]}}],"collection":[{"href":"https:\/\/kiosque.acadienouvelle.com\/municipalite-kedgwick-2026\/wp-json\/wp\/v2\/pages"}],"about":[{"href":"https:\/\/kiosque.acadienouvelle.com\/municipalite-kedgwick-2026\/wp-json\/wp\/v2\/types\/page"}],"author":[{"embeddable":true,"href":"https:\/\/kiosque.acadienouvelle.com\/municipalite-kedgwick-2026\/wp-json\/wp\/v2\/users\/1"}],"replies":[{"embeddable":true,"href":"https:\/\/kiosque.acadienouvelle.com\/municipalite-kedgwick-2026\/wp-json\/wp\/v2\/comments?post=7761"}],"version-history":[{"count":7,"href":"https:\/\/kiosque.acadienouvelle.com\/municipalite-kedgwick-2026\/wp-json\/wp\/v2\/pages\/7761\/revisions"}],"predecessor-version":[{"id":7812,"href":"https:\/\/kiosque.acadienouvelle.com\/municipalite-kedgwick-2026\/wp-json\/wp\/v2\/pages\/7761\/revisions\/7812"}],"wp:attachment":[{"href":"https:\/\/kiosque.acadienouvelle.com\/municipalite-kedgwick-2026\/wp-json\/wp\/v2\/media?parent=7761"}],"wp:term":[{"taxonomy":"page-categories","embeddable":true,"href":"https:\/\/kiosque.acadienouvelle.com\/municipalite-kedgwick-2026\/wp-json\/wp\/v2\/page-categories?post=7761"}],"curies":[{"name":"wp","href":"https:\/\/api.w.org\/{rel}","templated":true}]}}