{"id":7763,"date":"2026-03-26T14:41:03","date_gmt":"2026-03-26T14:41:03","guid":{"rendered":"https:\/\/kiosque.acadienouvelle.com\/municipalite-kedgwick-2026\/une-route-des-chutes-pour-decouvrir\/"},"modified":"2026-03-30T13:04:30","modified_gmt":"2026-03-30T13:04:30","slug":"une-route-des-chutes-pour-decouvrir","status":"publish","type":"page","link":"https:\/\/kiosque.acadienouvelle.com\/municipalite-kedgwick-2026\/une-route-des-chutes-pour-decouvrir\/","title":{"rendered":"Une route des chutes pour d\u00e9couvrir une nature exceptionnelle"},"content":{"rendered":"\t\t<div data-elementor-type=\"wp-page\" data-elementor-id=\"7763\" class=\"elementor elementor-7763\" data-elementor-post-type=\"page\">\n\t\t\t\t\t\t<section class=\"elementor-section elementor-top-section elementor-element elementor-element-50c1b6e elementor-section-height-min-height header_title banner_img elementor-section-boxed elementor-section-height-default elementor-section-items-middle\" data-id=\"50c1b6e\" data-element_type=\"section\" data-e-type=\"section\" data-settings=\"{&quot;background_background&quot;:&quot;classic&quot;}\">\n\t\t\t\t\t\t\t<div class=\"elementor-background-overlay\"><\/div>\n\t\t\t\t\t\t\t<div class=\"elementor-container elementor-column-gap-default\">\n\t\t\t\t\t<div class=\"elementor-column elementor-col-100 elementor-top-column elementor-element elementor-element-3a2d241\" data-id=\"3a2d241\" data-element_type=\"column\" data-e-type=\"column\">\n\t\t\t<div class=\"elementor-widget-wrap elementor-element-populated\">\n\t\t\t\t\t\t<div class=\"elementor-element elementor-element-9673cd2 elementor-widget elementor-widget-heading\" data-id=\"9673cd2\" data-element_type=\"widget\" data-e-type=\"widget\" data-widget_type=\"heading.default\">\n\t\t\t\t<div class=\"elementor-widget-container\">\n\t\t\t\t\t<h2 class=\"elementor-heading-title elementor-size-default\">Une route des chutes pour d\u00e9couvrir une nature exceptionnelle<\/h2>\t\t\t\t<\/div>\n\t\t\t\t<\/div>\n\t\t\t\t\t<\/div>\n\t\t<\/div>\n\t\t\t\t\t<\/div>\n\t\t<\/section>\n\t\t\t\t<section class=\"elementor-section elementor-top-section elementor-element elementor-element-d9a853a elementor-section-boxed elementor-section-height-default elementor-section-height-default\" data-id=\"d9a853a\" data-element_type=\"section\" data-e-type=\"section\">\n\t\t\t\t\t\t<div class=\"elementor-container elementor-column-gap-default\">\n\t\t\t\t\t<div class=\"elementor-column elementor-col-100 elementor-top-column elementor-element elementor-element-68d9c5a page_contain\" data-id=\"68d9c5a\" data-element_type=\"column\" data-e-type=\"column\" data-settings=\"{&quot;background_background&quot;:&quot;classic&quot;}\">\n\t\t\t<div class=\"elementor-widget-wrap elementor-element-populated\">\n\t\t\t\t\t\t<div class=\"elementor-element elementor-element-50f1f9b elementor-widget elementor-widget-image\" data-id=\"50f1f9b\" data-element_type=\"widget\" data-e-type=\"widget\" data-widget_type=\"image.default\">\n\t\t\t\t<div class=\"elementor-widget-container\">\n\t\t\t\t\t\t\t\t\t\t\t\t<figure class=\"wp-caption\">\n\t\t\t\t\t\t\t\t\t\t<img fetchpriority=\"high\" decoding=\"async\" width=\"1366\" height=\"768\" src=\"https:\/\/kiosque.acadienouvelle.com\/municipalite-kedgwick-2026\/wp-content\/uploads\/sites\/390\/2026\/03\/07_Chutes_Clearwater_land.jpg\" class=\"attachment-full size-full wp-image-7813\" alt=\"\" srcset=\"https:\/\/kiosque.acadienouvelle.com\/municipalite-kedgwick-2026\/wp-content\/uploads\/sites\/390\/2026\/03\/07_Chutes_Clearwater_land.jpg 1366w, https:\/\/kiosque.acadienouvelle.com\/municipalite-kedgwick-2026\/wp-content\/uploads\/sites\/390\/2026\/03\/07_Chutes_Clearwater_land-300x169.jpg 300w, https:\/\/kiosque.acadienouvelle.com\/municipalite-kedgwick-2026\/wp-content\/uploads\/sites\/390\/2026\/03\/07_Chutes_Clearwater_land-1024x576.jpg 1024w, https:\/\/kiosque.acadienouvelle.com\/municipalite-kedgwick-2026\/wp-content\/uploads\/sites\/390\/2026\/03\/07_Chutes_Clearwater_land-768x432.jpg 768w\" sizes=\"(max-width: 1366px) 100vw, 1366px\" \/>\t\t\t\t\t\t\t\t\t\t\t<figcaption class=\"widget-image-caption wp-caption-text\">La chute Clearwater est de toute beaut\u00e9.\/Photo : Gracieuset\u00e9 Diane Thompson<\/figcaption>\n\t\t\t\t\t\t\t\t\t\t<\/figure>\n\t\t\t\t\t\t\t\t\t<\/div>\n\t\t\t\t<\/div>\n\t\t<link rel=\"stylesheet\" href=\"https:\/\/use.fontawesome.com\/releases\/v5.5.0\/css\/all.css\" integrity=\"sha384-B4dIYHKNBt8Bc12p+WXckhzcICo0wtJAoU8YZTY5qE0Id1GSseTk6S+L3BlXeVIU\" crossorigin=\"anonymous\">\r\n\t\t<div class=\"elementor-element elementor-element-d0a0a3b mobile_pera elementor-widget elementor-widget-text-editor\" data-id=\"d0a0a3b\" data-element_type=\"widget\" data-e-type=\"widget\" data-widget_type=\"text-editor.default\">\n\t\t\t\t<div class=\"elementor-widget-container\">\n\t\t\t\t\t\t\t\t\tLa communaut\u00e9 rurale de Kedgwick est reconnue pour la beaut\u00e9 de la nature et elle a la particularit\u00e9 d\u2019\u00eatre entour\u00e9e de magnifiques chutes dans les cours d\u2019eau de sa r\u00e9gion imm\u00e9diate. Une route des chutes a ainsi \u00e9t\u00e9 d\u00e9velopp\u00e9e pour faciliter l\u2019exploration de ces petites merveilles de la nature.\t\t\t\t\t\t\t\t<\/div>\n\t\t\t\t<\/div>\n\t\t\t\t<div class=\"elementor-element elementor-element-3de0ace mobile_pera elementor-widget elementor-widget-text-editor\" data-id=\"3de0ace\" data-element_type=\"widget\" data-e-type=\"widget\" data-widget_type=\"text-editor.default\">\n\t\t\t\t<div class=\"elementor-widget-container\">\n\t\t\t\t\t\t\t\t\tDes codes QR \u00e0 balayer avec un t\u00e9l\u00e9phone cellulaire permettent d\u2019\u00e9tablir le trajet sur l\u2019application Google Maps jusqu\u2019\u00e0 chaque chute \u00e0 partir de la halte routi\u00e8re de Kedgwick. La route virtuelle des chutes offre aussi des renseignements sur chacun des arr\u00eats, comme le type de chute, sa hauteur, le type de sentiers pour y acc\u00e9der, la distance et le niveau de difficult\u00e9 du terrain. Des instructions sont fournies sur le chemin \u00e0 suivre pour mieux s\u2019y retrouver.\t\t\t\t\t\t\t\t<\/div>\n\t\t\t\t<\/div>\n\t\t\t\t<div class=\"elementor-element elementor-element-23c3b16 elementor-widget elementor-widget-advertisement\" data-id=\"23c3b16\" data-element_type=\"widget\" data-e-type=\"widget\" data-widget_type=\"advertisement.default\">\n\t\t\t\t<div class=\"elementor-widget-container\">\n\t\t\t\t\t<div class=\"ads-align-center\"><div data-m32-ad data-options='{\"sizes\":\"[[300,100]]\",\"dfpId\":\"21658289790,27729547\",\"dfpAdUnitPath\":\"acadienouvelle\/cahiers_onefifthpage_300x100\"}'><\/div><\/div>\t\t\t\t<\/div>\n\t\t\t\t<\/div>\n\t\t\t\t<div class=\"elementor-element elementor-element-d036baf mobile_pera elementor-widget elementor-widget-text-editor\" data-id=\"d036baf\" data-element_type=\"widget\" data-e-type=\"widget\" data-widget_type=\"text-editor.default\">\n\t\t\t\t<div class=\"elementor-widget-container\">\n\t\t\t\t\t\t\t\t\tParmi ces merveilles \u00e0 d\u00e9couvrir, mentionnons les chutes de la Gounamitz, de Clearwater, Rocky, du ruisseau du diable, ainsi que les chutes du White Brook. Cette derni\u00e8re chute d\u2019une hauteur de 20 m\u00e8tres est d\u2019ailleurs consid\u00e9r\u00e9e comme l\u2019une des plus belles du Restigouche, voire du Nouveau-Brunswick.\t\t\t\t\t\t\t\t<\/div>\n\t\t\t\t<\/div>\n\t\t\t\t<div class=\"elementor-element elementor-element-167e307 mobile_pera elementor-widget elementor-widget-text-editor\" data-id=\"167e307\" data-element_type=\"widget\" data-e-type=\"widget\" data-widget_type=\"text-editor.default\">\n\t\t\t\t<div class=\"elementor-widget-container\">\n\t\t\t\t\t\t\t\t\tSelon le maire \u00c9ric Gagnon, d\u2019autres chutes devraient s\u2019ajouter bient\u00f4t \u00e0 la route qui proposera de nouveaux itin\u00e9raires cet \u00e9t\u00e9. De m\u00eame, de la signalisation sera \u00e9ventuellement ajout\u00e9e.\t\t\t\t\t\t\t\t<\/div>\n\t\t\t\t<\/div>\n\t\t\t\t<div class=\"elementor-element elementor-element-0b6ad93 mobile_pera elementor-widget elementor-widget-text-editor\" data-id=\"0b6ad93\" data-element_type=\"widget\" data-e-type=\"widget\" data-widget_type=\"text-editor.default\">\n\t\t\t\t<div class=\"elementor-widget-container\">\n\t\t\t\t\t\t\t\t\t<p><b>La tour des pionniers \u00e0 ne pas manquer<\/b><\/p>\t\t\t\t\t\t\t\t<\/div>\n\t\t\t\t<\/div>\n\t\t\t\t<div class=\"elementor-element elementor-element-74263c8 mobile_pera elementor-widget elementor-widget-text-editor\" data-id=\"74263c8\" data-element_type=\"widget\" data-e-type=\"widget\" data-widget_type=\"text-editor.default\">\n\t\t\t\t<div class=\"elementor-widget-container\">\n\t\t\t\t\t\t\t\t\tUne autre attraction unique \u00e0 Kedgwick est sans contredit sa tour des pionniers. L\u2019\u00e9difice en bois abrite non seulement le centre d\u2019information aux visiteurs, mais aussi le magnifique arbre des pionniers. Cr\u00e9\u00e9 par des artistes locaux, dont Sylvio Dugas, l\u2019arbre symbolise la nature et la for\u00eat d\u2019antan qui a attir\u00e9 les premiers habitants de la r\u00e9gion. L\u2019arbre des pionniers s\u2019\u00e9lance sur plusieurs \u00e9tages et suscite l\u2019admiration de tous avec ses milliers de feuilles qui arborent le nom des familles pionni\u00e8res.\t\t\t\t\t\t\t\t<\/div>\n\t\t\t\t<\/div>\n\t\t\t\t<div class=\"elementor-element elementor-element-5424d0f mobile_pera elementor-widget elementor-widget-text-editor\" data-id=\"5424d0f\" data-element_type=\"widget\" data-e-type=\"widget\" data-widget_type=\"text-editor.default\">\n\t\t\t\t<div class=\"elementor-widget-container\">\n\t\t\t\t\t\t\t\t\tLa tour des pionniers propose \u00e9galement des expositions d\u2019art et de produits d\u2019artisans locaux durant la saison estivale.\t\t\t\t\t\t\t\t<\/div>\n\t\t\t\t<\/div>\n\t\t\t\t\t<\/div>\n\t\t<\/div>\n\t\t\t\t\t<\/div>\n\t\t<\/section>\n\t\t\t\t<\/div>\n\t\t","protected":false},"excerpt":{"rendered":"<p>Une route des chutes pour d\u00e9couvrir une nature exceptionnelle La chute Clearwater est de toute beaut\u00e9.\/Photo : Gracieuset\u00e9 Diane Thompson La communaut\u00e9 rurale de Kedgwick est reconnue pour la beaut\u00e9 de la nature et elle a la particularit\u00e9 d\u2019\u00eatre entour\u00e9e de magnifiques chutes dans les cours d\u2019eau de sa r\u00e9gion imm\u00e9diate. Une route des chutes [&hellip;]<\/p>\n","protected":false},"author":1,"featured_media":0,"parent":0,"menu_order":7,"comment_status":"closed","ping_status":"closed","template":"","meta":{"site-sidebar-layout":"no-sidebar","site-content-layout":"page-builder","ast-site-content-layout":"default","site-content-style":"default","site-sidebar-style":"default","ast-global-header-display":"","ast-banner-title-visibility":"","ast-main-header-display":"","ast-hfb-above-header-display":"","ast-hfb-below-header-display":"","ast-hfb-mobile-header-display":"","site-post-title":"disabled","ast-breadcrumbs-content":"","ast-featured-img":"disabled","footer-sml-layout":"","ast-disable-related-posts":"","theme-transparent-header-meta":"default","adv-header-id-meta":"","stick-header-meta":"","header-above-stick-meta":"","header-main-stick-meta":"","header-below-stick-meta":"","astra-migrate-meta-layouts":"default","ast-page-background-enabled":"default","ast-page-background-meta":{"desktop":{"background-color":"var(--ast-global-color-4)","background-image":"","background-repeat":"repeat","background-position":"center center","background-size":"auto","background-attachment":"scroll","background-type":"","background-media":"","overlay-type":"","overlay-color":"","overlay-opacity":"","overlay-gradient":""},"tablet":{"background-color":"","background-image":"","background-repeat":"repeat","background-position":"center center","background-size":"auto","background-attachment":"scroll","background-type":"","background-media":"","overlay-type":"","overlay-color":"","overlay-opacity":"","overlay-gradient":""},"mobile":{"background-color":"","background-image":"","background-repeat":"repeat","background-position":"center center","background-size":"auto","background-attachment":"scroll","background-type":"","background-media":"","overlay-type":"","overlay-color":"","overlay-opacity":"","overlay-gradient":""}},"ast-content-background-meta":{"desktop":{"background-color":"var(--ast-global-color-5)","background-image":"","background-repeat":"repeat","background-position":"center center","background-size":"auto","background-attachment":"scroll","background-type":"","background-media":"","overlay-type":"","overlay-color":"","overlay-opacity":"","overlay-gradient":""},"tablet":{"background-color":"var(--ast-global-color-5)","background-image":"","background-repeat":"repeat","background-position":"center center","background-size":"auto","background-attachment":"scroll","background-type":"","background-media":"","overlay-type":"","overlay-color":"","overlay-opacity":"","overlay-gradient":""},"mobile":{"background-color":"var(--ast-global-color-5)","background-image":"","background-repeat":"repeat","background-position":"center center","background-size":"auto","background-attachment":"scroll","background-type":"","background-media":"","overlay-type":"","overlay-color":"","overlay-opacity":"","overlay-gradient":""}},"footnotes":""},"page-categories":[],"class_list":["post-7763","page","type-page","status-publish","hentry"],"_links":{"self":[{"href":"https:\/\/kiosque.acadienouvelle.com\/municipalite-kedgwick-2026\/wp-json\/wp\/v2\/pages\/7763","targetHints":{"allow":["GET"]}}],"collection":[{"href":"https:\/\/kiosque.acadienouvelle.com\/municipalite-kedgwick-2026\/wp-json\/wp\/v2\/pages"}],"about":[{"href":"https:\/\/kiosque.acadienouvelle.com\/municipalite-kedgwick-2026\/wp-json\/wp\/v2\/types\/page"}],"author":[{"embeddable":true,"href":"https:\/\/kiosque.acadienouvelle.com\/municipalite-kedgwick-2026\/wp-json\/wp\/v2\/users\/1"}],"replies":[{"embeddable":true,"href":"https:\/\/kiosque.acadienouvelle.com\/municipalite-kedgwick-2026\/wp-json\/wp\/v2\/comments?post=7763"}],"version-history":[{"count":4,"href":"https:\/\/kiosque.acadienouvelle.com\/municipalite-kedgwick-2026\/wp-json\/wp\/v2\/pages\/7763\/revisions"}],"predecessor-version":[{"id":7816,"href":"https:\/\/kiosque.acadienouvelle.com\/municipalite-kedgwick-2026\/wp-json\/wp\/v2\/pages\/7763\/revisions\/7816"}],"wp:attachment":[{"href":"https:\/\/kiosque.acadienouvelle.com\/municipalite-kedgwick-2026\/wp-json\/wp\/v2\/media?parent=7763"}],"wp:term":[{"taxonomy":"page-categories","embeddable":true,"href":"https:\/\/kiosque.acadienouvelle.com\/municipalite-kedgwick-2026\/wp-json\/wp\/v2\/page-categories?post=7763"}],"curies":[{"name":"wp","href":"https:\/\/api.w.org\/{rel}","templated":true}]}}