{"id":7751,"date":"2025-11-25T17:59:12","date_gmt":"2025-11-25T17:59:12","guid":{"rendered":"https:\/\/kiosque.acadienouvelle.com\/municipalite-miramichi-2025\/?page_id=7751"},"modified":"2025-11-25T18:48:09","modified_gmt":"2025-11-25T18:48:09","slug":"miramichi-une-municipalite","status":"publish","type":"page","link":"https:\/\/kiosque.acadienouvelle.com\/municipalite-miramichi-2025\/miramichi-une-municipalite\/","title":{"rendered":"Miramichi, une municipalit\u00e9 riveraine en croissance"},"content":{"rendered":"\t\t<div data-elementor-type=\"wp-page\" data-elementor-id=\"7751\" class=\"elementor elementor-7751\" data-elementor-post-type=\"page\">\n\t\t\t\t\t\t<section class=\"elementor-section elementor-top-section elementor-element elementor-element-50c1b6e elementor-section-height-min-height header_title banner_img elementor-section-boxed elementor-section-height-default elementor-section-items-middle\" data-id=\"50c1b6e\" data-element_type=\"section\" data-e-type=\"section\" data-settings=\"{&quot;background_background&quot;:&quot;classic&quot;}\">\n\t\t\t\t\t\t\t<div class=\"elementor-background-overlay\"><\/div>\n\t\t\t\t\t\t\t<div class=\"elementor-container elementor-column-gap-default\">\n\t\t\t\t\t<div class=\"elementor-column elementor-col-100 elementor-top-column elementor-element elementor-element-3a2d241\" data-id=\"3a2d241\" data-element_type=\"column\" data-e-type=\"column\">\n\t\t\t<div class=\"elementor-widget-wrap elementor-element-populated\">\n\t\t\t\t\t\t<div class=\"elementor-element elementor-element-9673cd2 elementor-widget elementor-widget-heading\" data-id=\"9673cd2\" data-element_type=\"widget\" data-e-type=\"widget\" data-widget_type=\"heading.default\">\n\t\t\t\t<div class=\"elementor-widget-container\">\n\t\t\t\t\t<h2 class=\"elementor-heading-title elementor-size-default\">Miramichi, une municipalit\u00e9 riveraine en croissance<\/h2>\t\t\t\t<\/div>\n\t\t\t\t<\/div>\n\t\t\t\t\t<\/div>\n\t\t<\/div>\n\t\t\t\t\t<\/div>\n\t\t<\/section>\n\t\t\t\t<section class=\"elementor-section elementor-top-section elementor-element elementor-element-d9a853a elementor-section-boxed elementor-section-height-default elementor-section-height-default\" data-id=\"d9a853a\" data-element_type=\"section\" data-e-type=\"section\">\n\t\t\t\t\t\t<div class=\"elementor-container elementor-column-gap-default\">\n\t\t\t\t\t<div class=\"elementor-column elementor-col-100 elementor-top-column elementor-element elementor-element-68d9c5a page_contain\" data-id=\"68d9c5a\" data-element_type=\"column\" data-e-type=\"column\" data-settings=\"{&quot;background_background&quot;:&quot;classic&quot;}\">\n\t\t\t<div class=\"elementor-widget-wrap elementor-element-populated\">\n\t\t\t\t\t\t<div class=\"elementor-element elementor-element-50f1f9b elementor-widget elementor-widget-image\" data-id=\"50f1f9b\" data-element_type=\"widget\" data-e-type=\"widget\" data-widget_type=\"image.default\">\n\t\t\t\t<div class=\"elementor-widget-container\">\n\t\t\t\t\t\t\t\t\t\t\t\t<figure class=\"wp-caption\">\n\t\t\t\t\t\t\t\t\t\t<img fetchpriority=\"high\" decoding=\"async\" width=\"1366\" height=\"768\" src=\"https:\/\/kiosque.acadienouvelle.com\/municipalite-miramichi-2025\/wp-content\/uploads\/sites\/370\/2025\/11\/2_landing.jpg\" class=\"attachment-full size-full wp-image-7753\" alt=\"\" srcset=\"https:\/\/kiosque.acadienouvelle.com\/municipalite-miramichi-2025\/wp-content\/uploads\/sites\/370\/2025\/11\/2_landing.jpg 1366w, https:\/\/kiosque.acadienouvelle.com\/municipalite-miramichi-2025\/wp-content\/uploads\/sites\/370\/2025\/11\/2_landing-300x169.jpg 300w, https:\/\/kiosque.acadienouvelle.com\/municipalite-miramichi-2025\/wp-content\/uploads\/sites\/370\/2025\/11\/2_landing-1024x576.jpg 1024w, https:\/\/kiosque.acadienouvelle.com\/municipalite-miramichi-2025\/wp-content\/uploads\/sites\/370\/2025\/11\/2_landing-768x432.jpg 768w\" sizes=\"(max-width: 1366px) 100vw, 1366px\" \/>\t\t\t\t\t\t\t\t\t\t\t<figcaption class=\"widget-image-caption wp-caption-text\">Le secteur riverain de Miramichi est propice \u00e0 plusieurs activit\u00e9s r\u00e9cr\u00e9atives.<\/figcaption>\n\t\t\t\t\t\t\t\t\t\t<\/figure>\n\t\t\t\t\t\t\t\t\t<\/div>\n\t\t\t\t<\/div>\n\t\t<link rel=\"stylesheet\" href=\"https:\/\/use.fontawesome.com\/releases\/v5.5.0\/css\/all.css\" integrity=\"sha384-B4dIYHKNBt8Bc12p+WXckhzcICo0wtJAoU8YZTY5qE0Id1GSseTk6S+L3BlXeVIU\" crossorigin=\"anonymous\">\r\n\t\t<div class=\"elementor-element elementor-element-d0a0a3b mobile_pera elementor-widget elementor-widget-text-editor\" data-id=\"d0a0a3b\" data-element_type=\"widget\" data-e-type=\"widget\" data-widget_type=\"text-editor.default\">\n\t\t\t\t<div class=\"elementor-widget-container\">\n\t\t\t\t\t\t\t\t\t<p>Bien install\u00e9e de part et d\u2019autre de la magnifique rivi\u00e8re Miramichi, la cit\u00e9 du m\u00eame nom regorge d\u2019occasions pour profiter de beaut\u00e9s de la nature. Son atmosph\u00e8re amicale et ses nombreux services en font un centre urbain en pleine croissance.<\/p>\t\t\t\t\t\t\t\t<\/div>\n\t\t\t\t<\/div>\n\t\t\t\t<div class=\"elementor-element elementor-element-c5122c9 mobile_pera elementor-widget elementor-widget-text-editor\" data-id=\"c5122c9\" data-element_type=\"widget\" data-e-type=\"widget\" data-widget_type=\"text-editor.default\">\n\t\t\t\t<div class=\"elementor-widget-container\">\n\t\t\t\t\t\t\t\t\t<p>\u00ab Apr\u00e8s des d\u00e9cennies de d\u00e9clin, nous avons connu une croissance de notre population depuis les trois derni\u00e8res ann\u00e9es \u00bb, souligne avec fiert\u00e9 son maire, Adam Lordon, en pr\u00e9cisant que Miramichi compte maintenant plus de 19\u2009000 personnes.<\/p>\t\t\t\t\t\t\t\t<\/div>\n\t\t\t\t<\/div>\n\t\t\t\t<div class=\"elementor-element elementor-element-61ab3ce mobile_pera elementor-widget elementor-widget-text-editor\" data-id=\"61ab3ce\" data-element_type=\"widget\" data-e-type=\"widget\" data-widget_type=\"text-editor.default\">\n\t\t\t\t<div class=\"elementor-widget-container\">\n\t\t\t\t\t\t\t\t\t<p>Cette nouvelle population provient d\u2019ailleurs au Nouveau-Brunswick et des autres provinces canadiennes, mais \u00e9galement de l\u2019international. \u00ab Nous avons une population vieillissante et nous avons besoin d\u2019encore plus de gens. Nos besoins repr\u00e9sentent de belles occasions, puisqu\u2019\u00e0 mesure que les \u201cboomers\u201d prennent leur retraite, nous avons des postes disponibles \u00bb, affirme-t-il.<\/p>\t\t\t\t\t\t\t\t<\/div>\n\t\t\t\t<\/div>\n\t\t\t\t<div class=\"elementor-element elementor-element-d10cb1a mobile_pera elementor-widget elementor-widget-text-editor\" data-id=\"d10cb1a\" data-element_type=\"widget\" data-e-type=\"widget\" data-widget_type=\"text-editor.default\">\n\t\t\t\t<div class=\"elementor-widget-container\">\n\t\t\t\t\t\t\t\t\t<p>Les gens retrouvent donc \u00e0 Miramichi une qualit\u00e9 de vie articul\u00e9e autour de la nature avec une foule d\u2019activit\u00e9s ext\u00e9rieures en for\u00eat ou le long de la rivi\u00e8re. Des kilom\u00e8tres de sentiers permettent d\u2019explorer la r\u00e9gion \u00e0 pied, \u00e0 v\u00e9lo, en VTT ou bien en ski, raquettes et motoneige durant les mois d\u2019hiver. L\u2019\u00e9t\u00e9, la rivi\u00e8re est id\u00e9ale pour les activit\u00e9s nautiques en tout genre et attire un grand nombre d\u2019amateurs de p\u00eache \u00ab Si vous aimez \u00eatre \u00e0 l\u2019ext\u00e9rieur, Miramichi est l\u2019endroit pour vous \u00bb, souligne le maire.<\/p>\t\t\t\t\t\t\t\t<\/div>\n\t\t\t\t<\/div>\n\t\t\t\t<div class=\"elementor-element elementor-element-74263c8 mobile_pera elementor-widget elementor-widget-text-editor\" data-id=\"74263c8\" data-element_type=\"widget\" data-e-type=\"widget\" data-widget_type=\"text-editor.default\">\n\t\t\t\t<div class=\"elementor-widget-container\">\n\t\t\t\t\t\t\t\t\t<p>Enfin, la r\u00e9putation de Miramichi pour la qualit\u00e9 de ses festivals n\u2019est plus \u00e0 faire avec des \u00e9v\u00e8nements qui ponctuent l\u2019ann\u00e9e pour honorer les cultures, la p\u00eache au bar ray\u00e9, l\u2019agriculture et autres. \u00ab Nous avons quelque chose pour tout le monde et toutes les personnes sont les bienvenues \u00bb, conclut Adam Lordon.<\/p>\t\t\t\t\t\t\t\t<\/div>\n\t\t\t\t<\/div>\n\t\t\t\t<div class=\"elementor-element elementor-element-166374c box_pera elementor-widget elementor-widget-text-editor\" data-id=\"166374c\" data-element_type=\"widget\" data-e-type=\"widget\" data-widget_type=\"text-editor.default\">\n\t\t\t\t<div class=\"elementor-widget-container\">\n\t\t\t\t\t\t\t\t\t<h1><b>Le logement et la gestion de la croissance, de hautes priorit\u00e9s<\/b><\/h1>\n<div><b>&nbsp;<\/b><\/div>\n<h1><b><img decoding=\"async\" class=\"size-full wp-image-7757 aligncenter\" src=\"https:\/\/kiosque.acadienouvelle.com\/municipalite-miramichi-2025\/wp-content\/uploads\/sites\/370\/2025\/11\/2_photo.jpg\" alt=\"\" width=\"485\" height=\"432\" srcset=\"https:\/\/kiosque.acadienouvelle.com\/municipalite-miramichi-2025\/wp-content\/uploads\/sites\/370\/2025\/11\/2_photo.jpg 485w, https:\/\/kiosque.acadienouvelle.com\/municipalite-miramichi-2025\/wp-content\/uploads\/sites\/370\/2025\/11\/2_photo-300x267.jpg 300w\" sizes=\"(max-width: 485px) 100vw, 485px\" \/><\/b><\/h1>\n<div><b>&nbsp;<\/b><b>&nbsp;<\/b>&nbsp; &nbsp; &nbsp; &nbsp; &nbsp; &nbsp; &nbsp; &nbsp; &nbsp; &nbsp; &nbsp; &nbsp; &nbsp;Adam Lordon, maire de Miramichi<\/div>\n<div>&nbsp;<\/div>\n<p>Comme beaucoup d\u2019autres municipalit\u00e9s de la province, le dossier du logement constitue l\u2019une des priorit\u00e9s du conseil de la ville de Miramichi. Le maire Adam Lordon pr\u00e9cise toutefois que plusieurs projets sont en cours. La municipalit\u00e9 poursuivra donc ses efforts pour encourager la construction dans ce secteur et s\u2019attardera \u00e0 g\u00e9rer sa croissance.<\/p>\n<p><span style=\"color: var( --e-global-color-text ); font-style: inherit; font-weight: inherit;\">&nbsp;<\/span><\/p>\n<p><span style=\"color: var( --e-global-color-text ); font-style: inherit; font-weight: inherit;\">\u00ab Nous avons eu un succ\u00e8s record pour le nombre d\u2019unit\u00e9s en construction, ce qui comprend des habitations en rang\u00e9e et des unit\u00e9s multiples. Nous b\u00e2tissons \u00e0 deux fois le rythme de la moyenne nationale per capita \u00bb, assure-t-il.<br><\/span><\/p>\n<p><span style=\"color: var( --e-global-color-text ); font-style: inherit; font-weight: inherit;\">&nbsp;<\/span><\/p>\n<p>Il attribue ce succ\u00e8s aux besoins urgents de la r\u00e9gion qui ont entrain\u00e9 des occasions de construction int\u00e9ressantes pour les investisseurs. \u00ab Nous avons cr\u00e9\u00e9 des occasions et nous avions diff\u00e9rentes propri\u00e9t\u00e9s avec des incitatifs robustes \u00bb, ajoute-t-il.<\/p>\n<p><br><\/p>\n<p><\/p>\n<p>La Ville de Miramichi continuera donc ses efforts pour favoriser la construction de logements et elle \u00e9labore pr\u00e9sentement un plan de croissance pour pr\u00e9ciser sa vision \u00e0 long terme. \u00ab Comment voulons-nous grandir au cours des prochaines ann\u00e9es? Quels secteurs de la municipalit\u00e9 sont plus propices pour y installer des logements ou des projets commerciaux? Qu\u2019est-ce qui fonctionne avec nos infrastructures actuelles et de quoi aurons-nous besoin \u00e0 l\u2019avenir? \u00bb, \u00e9num\u00e8re-t-il.<\/p>\n<p><br><\/p>\n<p><\/p>\n<p>Ce plan, ainsi qu\u2019une nouvelle strat\u00e9gie de d\u00e9veloppement \u00e9conomique, est en pr\u00e9paration. Adam Lordon souhaite que le conseil puisse adopter ces deux importants documents avant fin de son mandat afin de mettre la table pour un avenir prometteur.<\/p>\n<p><br><\/p>\n<p><\/p>\n<p>\u00ab L\u2019attraction de la main-d\u2019\u0153uvre continuera aussi d\u2019\u00eatre une priorit\u00e9. Nous continuons d\u2019avoir besoin de plus de gens en \u00e2ge de travailler \u00bb, conclut-il.&nbsp;&nbsp;<\/p>\n<p><\/p>\t\t\t\t\t\t\t\t<\/div>\n\t\t\t\t<\/div>\n\t\t\t\t\t<\/div>\n\t\t<\/div>\n\t\t\t\t\t<\/div>\n\t\t<\/section>\n\t\t\t\t<\/div>\n\t\t","protected":false},"excerpt":{"rendered":"<p>Miramichi, une municipalit\u00e9 riveraine en croissance Le secteur riverain de Miramichi est propice \u00e0 plusieurs activit\u00e9s r\u00e9cr\u00e9atives. Bien install\u00e9e de part et d\u2019autre de la magnifique rivi\u00e8re Miramichi, la cit\u00e9 du m\u00eame nom regorge d\u2019occasions pour profiter de beaut\u00e9s de la nature. Son atmosph\u00e8re amicale et ses nombreux services en font un centre urbain en [&hellip;]<\/p>\n","protected":false},"author":7,"featured_media":0,"parent":0,"menu_order":2,"comment_status":"closed","ping_status":"closed","template":"","meta":{"site-sidebar-layout":"no-sidebar","site-content-layout":"page-builder","ast-site-content-layout":"default","site-content-style":"default","site-sidebar-style":"default","ast-global-header-display":"","ast-banner-title-visibility":"","ast-main-header-display":"","ast-hfb-above-header-display":"","ast-hfb-below-header-display":"","ast-hfb-mobile-header-display":"","site-post-title":"disabled","ast-breadcrumbs-content":"","ast-featured-img":"disabled","footer-sml-layout":"","ast-disable-related-posts":"","theme-transparent-header-meta":"default","adv-header-id-meta":"","stick-header-meta":"","header-above-stick-meta":"","header-main-stick-meta":"","header-below-stick-meta":"","astra-migrate-meta-layouts":"default","ast-page-background-enabled":"default","ast-page-background-meta":{"desktop":{"background-color":"var(--ast-global-color-4)","background-image":"","background-repeat":"repeat","background-position":"center center","background-size":"auto","background-attachment":"scroll","background-type":"","background-media":"","overlay-type":"","overlay-color":"","overlay-opacity":"","overlay-gradient":""},"tablet":{"background-color":"","background-image":"","background-repeat":"repeat","background-position":"center center","background-size":"auto","background-attachment":"scroll","background-type":"","background-media":"","overlay-type":"","overlay-color":"","overlay-opacity":"","overlay-gradient":""},"mobile":{"background-color":"","background-image":"","background-repeat":"repeat","background-position":"center center","background-size":"auto","background-attachment":"scroll","background-type":"","background-media":"","overlay-type":"","overlay-color":"","overlay-opacity":"","overlay-gradient":""}},"ast-content-background-meta":{"desktop":{"background-color":"var(--ast-global-color-5)","background-image":"","background-repeat":"repeat","background-position":"center center","background-size":"auto","background-attachment":"scroll","background-type":"","background-media":"","overlay-type":"","overlay-color":"","overlay-opacity":"","overlay-gradient":""},"tablet":{"background-color":"var(--ast-global-color-5)","background-image":"","background-repeat":"repeat","background-position":"center center","background-size":"auto","background-attachment":"scroll","background-type":"","background-media":"","overlay-type":"","overlay-color":"","overlay-opacity":"","overlay-gradient":""},"mobile":{"background-color":"var(--ast-global-color-5)","background-image":"","background-repeat":"repeat","background-position":"center center","background-size":"auto","background-attachment":"scroll","background-type":"","background-media":"","overlay-type":"","overlay-color":"","overlay-opacity":"","overlay-gradient":""}},"footnotes":""},"page-categories":[],"class_list":["post-7751","page","type-page","status-publish","hentry"],"_links":{"self":[{"href":"https:\/\/kiosque.acadienouvelle.com\/municipalite-miramichi-2025\/wp-json\/wp\/v2\/pages\/7751","targetHints":{"allow":["GET"]}}],"collection":[{"href":"https:\/\/kiosque.acadienouvelle.com\/municipalite-miramichi-2025\/wp-json\/wp\/v2\/pages"}],"about":[{"href":"https:\/\/kiosque.acadienouvelle.com\/municipalite-miramichi-2025\/wp-json\/wp\/v2\/types\/page"}],"author":[{"embeddable":true,"href":"https:\/\/kiosque.acadienouvelle.com\/municipalite-miramichi-2025\/wp-json\/wp\/v2\/users\/7"}],"replies":[{"embeddable":true,"href":"https:\/\/kiosque.acadienouvelle.com\/municipalite-miramichi-2025\/wp-json\/wp\/v2\/comments?post=7751"}],"version-history":[{"count":19,"href":"https:\/\/kiosque.acadienouvelle.com\/municipalite-miramichi-2025\/wp-json\/wp\/v2\/pages\/7751\/revisions"}],"predecessor-version":[{"id":7812,"href":"https:\/\/kiosque.acadienouvelle.com\/municipalite-miramichi-2025\/wp-json\/wp\/v2\/pages\/7751\/revisions\/7812"}],"wp:attachment":[{"href":"https:\/\/kiosque.acadienouvelle.com\/municipalite-miramichi-2025\/wp-json\/wp\/v2\/media?parent=7751"}],"wp:term":[{"taxonomy":"page-categories","embeddable":true,"href":"https:\/\/kiosque.acadienouvelle.com\/municipalite-miramichi-2025\/wp-json\/wp\/v2\/page-categories?post=7751"}],"curies":[{"name":"wp","href":"https:\/\/api.w.org\/{rel}","templated":true}]}}