{"id":7764,"date":"2025-11-25T18:08:57","date_gmt":"2025-11-25T18:08:57","guid":{"rendered":"https:\/\/kiosque.acadienouvelle.com\/municipalite-miramichi-2025\/?page_id=7764"},"modified":"2025-11-25T18:14:37","modified_gmt":"2025-11-25T18:14:37","slug":"un-nouveau-complexe","status":"publish","type":"page","link":"https:\/\/kiosque.acadienouvelle.com\/municipalite-miramichi-2025\/un-nouveau-complexe\/","title":{"rendered":"Un nouveau complexe de bien-\u00eatre ouvrira ses portes en 2026"},"content":{"rendered":"\t\t<div data-elementor-type=\"wp-page\" data-elementor-id=\"7764\" class=\"elementor elementor-7764\" data-elementor-post-type=\"page\">\n\t\t\t\t\t\t<section class=\"elementor-section elementor-top-section elementor-element elementor-element-50c1b6e elementor-section-height-min-height header_title banner_img elementor-section-boxed elementor-section-height-default elementor-section-items-middle\" data-id=\"50c1b6e\" data-element_type=\"section\" data-e-type=\"section\" data-settings=\"{&quot;background_background&quot;:&quot;classic&quot;}\">\n\t\t\t\t\t\t\t<div class=\"elementor-background-overlay\"><\/div>\n\t\t\t\t\t\t\t<div class=\"elementor-container elementor-column-gap-default\">\n\t\t\t\t\t<div class=\"elementor-column elementor-col-100 elementor-top-column elementor-element elementor-element-3a2d241\" data-id=\"3a2d241\" data-element_type=\"column\" data-e-type=\"column\">\n\t\t\t<div class=\"elementor-widget-wrap elementor-element-populated\">\n\t\t\t\t\t\t<div class=\"elementor-element elementor-element-9673cd2 elementor-widget elementor-widget-heading\" data-id=\"9673cd2\" data-element_type=\"widget\" data-e-type=\"widget\" data-widget_type=\"heading.default\">\n\t\t\t\t<div class=\"elementor-widget-container\">\n\t\t\t\t\t<h2 class=\"elementor-heading-title elementor-size-default\">Un nouveau complexe de bien-\u00eatre ouvrira ses portes en 2026<\/h2>\t\t\t\t<\/div>\n\t\t\t\t<\/div>\n\t\t\t\t\t<\/div>\n\t\t<\/div>\n\t\t\t\t\t<\/div>\n\t\t<\/section>\n\t\t\t\t<section class=\"elementor-section elementor-top-section elementor-element elementor-element-d9a853a elementor-section-boxed elementor-section-height-default elementor-section-height-default\" data-id=\"d9a853a\" data-element_type=\"section\" data-e-type=\"section\">\n\t\t\t\t\t\t<div class=\"elementor-container elementor-column-gap-default\">\n\t\t\t\t\t<div class=\"elementor-column elementor-col-100 elementor-top-column elementor-element elementor-element-68d9c5a page_contain\" data-id=\"68d9c5a\" data-element_type=\"column\" data-e-type=\"column\" data-settings=\"{&quot;background_background&quot;:&quot;classic&quot;}\">\n\t\t\t<div class=\"elementor-widget-wrap elementor-element-populated\">\n\t\t\t\t\t\t<div class=\"elementor-element elementor-element-50f1f9b elementor-widget elementor-widget-image\" data-id=\"50f1f9b\" data-element_type=\"widget\" data-e-type=\"widget\" data-widget_type=\"image.default\">\n\t\t\t\t<div class=\"elementor-widget-container\">\n\t\t\t\t\t\t\t\t\t\t\t\t<figure class=\"wp-caption\">\n\t\t\t\t\t\t\t\t\t\t<img fetchpriority=\"high\" decoding=\"async\" width=\"1366\" height=\"768\" src=\"https:\/\/kiosque.acadienouvelle.com\/municipalite-miramichi-2025\/wp-content\/uploads\/sites\/370\/2025\/11\/3_landing.jpg\" class=\"attachment-full size-full wp-image-7772\" alt=\"\" srcset=\"https:\/\/kiosque.acadienouvelle.com\/municipalite-miramichi-2025\/wp-content\/uploads\/sites\/370\/2025\/11\/3_landing.jpg 1366w, https:\/\/kiosque.acadienouvelle.com\/municipalite-miramichi-2025\/wp-content\/uploads\/sites\/370\/2025\/11\/3_landing-300x169.jpg 300w, https:\/\/kiosque.acadienouvelle.com\/municipalite-miramichi-2025\/wp-content\/uploads\/sites\/370\/2025\/11\/3_landing-1024x576.jpg 1024w, https:\/\/kiosque.acadienouvelle.com\/municipalite-miramichi-2025\/wp-content\/uploads\/sites\/370\/2025\/11\/3_landing-768x432.jpg 768w\" sizes=\"(max-width: 1366px) 100vw, 1366px\" \/>\t\t\t\t\t\t\t\t\t\t\t<figcaption class=\"widget-image-caption wp-caption-text\">Les travaux vont bon train pour le futur complexe de bien-\u00eatre de Miramichi.<\/figcaption>\n\t\t\t\t\t\t\t\t\t\t<\/figure>\n\t\t\t\t\t\t\t\t\t<\/div>\n\t\t\t\t<\/div>\n\t\t<link rel=\"stylesheet\" href=\"https:\/\/use.fontawesome.com\/releases\/v5.5.0\/css\/all.css\" integrity=\"sha384-B4dIYHKNBt8Bc12p+WXckhzcICo0wtJAoU8YZTY5qE0Id1GSseTk6S+L3BlXeVIU\" crossorigin=\"anonymous\">\r\n\t\t<div class=\"elementor-element elementor-element-d0a0a3b mobile_pera elementor-widget elementor-widget-text-editor\" data-id=\"d0a0a3b\" data-element_type=\"widget\" data-e-type=\"widget\" data-widget_type=\"text-editor.default\">\n\t\t\t\t<div class=\"elementor-widget-container\">\n\t\t\t\t\t\t\t\t\t<p>Ar\u00e9na, piste pour la marche, un gymnase, une piscine et des espaces communautaires : le futur Complexe de bien-\u00eatre Arbec de Miramichi sera un nouveau joyau r\u00e9cr\u00e9atif pour toute la r\u00e9gion. La construction avance \u00e0 bon train et l\u2019ouverture du multiplexe est pr\u00e9vue pour l\u2019automne 2026. <\/p>\t\t\t\t\t\t\t\t<\/div>\n\t\t\t\t<\/div>\n\t\t\t\t<div class=\"elementor-element elementor-element-9e850a5 elementor-widget elementor-widget-advertisement\" data-id=\"9e850a5\" data-element_type=\"widget\" data-e-type=\"widget\" data-widget_type=\"advertisement.default\">\n\t\t\t\t<div class=\"elementor-widget-container\">\n\t\t\t\t\t<div class=\"ads-align-center\"><div data-m32-ad data-options='{\"sizes\":\"[[300,250]]\",\"dfpId\":\"21658289790,27729547\",\"dfpAdUnitPath\":\"acadienouvelle\/cahiers_quarterpage_300x250\"}'><\/div><\/div>\t\t\t\t<\/div>\n\t\t\t\t<\/div>\n\t\t\t\t<div class=\"elementor-element elementor-element-d9ea614 mobile_pera elementor-widget elementor-widget-text-editor\" data-id=\"d9ea614\" data-element_type=\"widget\" data-e-type=\"widget\" data-widget_type=\"text-editor.default\">\n\t\t\t\t<div class=\"elementor-widget-container\">\n\t\t\t\t\t\t\t\t\t<p><b>\u00ab Nous sommes dans la deuxi\u00e8me moiti\u00e9 de la construction de notre nouveau centre de bien-\u00eatre centralis\u00e9. C\u2019est le plus gros projet dans l\u2019histoire de notre cit\u00e9 et nous aurons une installation de classe mondiale \u00bb, souligne le maire, Adam Lordon, au sujet de ce projet de plus de 80 millions de dollars.<\/b><\/p>\t\t\t\t\t\t\t\t<\/div>\n\t\t\t\t<\/div>\n\t\t\t\t<div class=\"elementor-element elementor-element-74263c8 mobile_pera elementor-widget elementor-widget-text-editor\" data-id=\"74263c8\" data-element_type=\"widget\" data-e-type=\"widget\" data-widget_type=\"text-editor.default\">\n\t\t\t\t<div class=\"elementor-widget-container\">\n\t\t\t\t\t\t\t\t\t<p>Il croit que cette infrastructure r\u00e9pondra \u00e0 la demande actuelle et future pour des installations de loisirs \u00e0 la fine pointe. D\u2019ailleurs, le complexe servira d\u2019attrait pour attirer encore plus de gens dans la r\u00e9gion. <\/p>\t\t\t\t\t\t\t\t<\/div>\n\t\t\t\t<\/div>\n\t\t\t\t<div class=\"elementor-element elementor-element-3b6a39e mobile_pera elementor-widget elementor-widget-text-editor\" data-id=\"3b6a39e\" data-element_type=\"widget\" data-e-type=\"widget\" data-widget_type=\"text-editor.default\">\n\t\t\t\t<div class=\"elementor-widget-container\">\n\t\t\t\t\t\t\t\t\t<p>\u00ab Quand les gens pensent \u00e0 d\u00e9m\u00e9nager, ils recherchent de bons h\u00f4pitaux, de bonnes \u00e9coles, ce que nous avons. En plus, nous aurons bient\u00f4t un centre de bien-\u00eatre moderne \u00bb, se r\u00e9jouit-il.<\/p>\t\t\t\t\t\t\t\t<\/div>\n\t\t\t\t<\/div>\n\t\t\t\t<div class=\"elementor-element elementor-element-b9d55d6 mobile_pera elementor-widget elementor-widget-text-editor\" data-id=\"b9d55d6\" data-element_type=\"widget\" data-e-type=\"widget\" data-widget_type=\"text-editor.default\">\n\t\t\t\t<div class=\"elementor-widget-container\">\n\t\t\t\t\t\t\t\t\t<p>Par ailleurs, ce complexe ancrera l\u2019essor d\u2019un nouveau secteur commercial de 12 acres. \u00ab Nous souhaitons qu\u2019il facilite des d\u00e9veloppements \u00e9conomiques additionnels dans ce secteur. Ce sera une autre pi\u00e8ce de notre \u00e9lan continu pour attirer des gens et la construction de logements \u00bb, ajoute-t-il.<\/p>\t\t\t\t\t\t\t\t<\/div>\n\t\t\t\t<\/div>\n\t\t\t\t<div class=\"elementor-element elementor-element-a427e1f mobile_pera elementor-widget elementor-widget-text-editor\" data-id=\"a427e1f\" data-element_type=\"widget\" data-e-type=\"widget\" data-widget_type=\"text-editor.default\">\n\t\t\t\t<div class=\"elementor-widget-container\">\n\t\t\t\t\t\t\t\t\t<p>Le complexe remplacera cinq installations r\u00e9cr\u00e9atives qui dataient de 50 \u00e0 70 ans avec des services sous un m\u00eame toit. On y retrouvera \u00e9galement le temple de la renomm\u00e9e de Miramichi.<\/p>\t\t\t\t\t\t\t\t<\/div>\n\t\t\t\t<\/div>\n\t\t\t\t<div class=\"elementor-element elementor-element-a274f74 mobile_pera elementor-widget elementor-widget-text-editor\" data-id=\"a274f74\" data-element_type=\"widget\" data-e-type=\"widget\" data-widget_type=\"text-editor.default\">\n\t\t\t\t<div class=\"elementor-widget-container\">\n\t\t\t\t\t\t\t\t\t<p>\u00ab Ce sera d\u00e9finitivement une infrastructure qui incitera les gens \u00e0 vouloir venir et d\u00e9m\u00e9nager chez nous. Nous rempla\u00e7ons quelques-unes des installations r\u00e9cr\u00e9atives les plus vieilles de la province avec un complexe de classe mondiale. Nous pourrons y offrir de meilleurs installations et services. Ce sera un v\u00e9ritable noyau central pour la ville de Miramichi pour les 50 prochaines ann\u00e9es \u00bb, assure-t-il.<\/p>\t\t\t\t\t\t\t\t<\/div>\n\t\t\t\t<\/div>\n\t\t\t\t\t<\/div>\n\t\t<\/div>\n\t\t\t\t\t<\/div>\n\t\t<\/section>\n\t\t\t\t<\/div>\n\t\t","protected":false},"excerpt":{"rendered":"<p>Un nouveau complexe de bien-\u00eatre ouvrira ses portes en 2026 Les travaux vont bon train pour le futur complexe de bien-\u00eatre de Miramichi. Ar\u00e9na, piste pour la marche, un gymnase, une piscine et des espaces communautaires : le futur Complexe de bien-\u00eatre Arbec de Miramichi sera un nouveau joyau r\u00e9cr\u00e9atif pour toute la r\u00e9gion. La [&hellip;]<\/p>\n","protected":false},"author":7,"featured_media":0,"parent":0,"menu_order":3,"comment_status":"closed","ping_status":"closed","template":"","meta":{"site-sidebar-layout":"no-sidebar","site-content-layout":"page-builder","ast-site-content-layout":"default","site-content-style":"default","site-sidebar-style":"default","ast-global-header-display":"","ast-banner-title-visibility":"","ast-main-header-display":"","ast-hfb-above-header-display":"","ast-hfb-below-header-display":"","ast-hfb-mobile-header-display":"","site-post-title":"disabled","ast-breadcrumbs-content":"","ast-featured-img":"disabled","footer-sml-layout":"","ast-disable-related-posts":"","theme-transparent-header-meta":"default","adv-header-id-meta":"","stick-header-meta":"","header-above-stick-meta":"","header-main-stick-meta":"","header-below-stick-meta":"","astra-migrate-meta-layouts":"default","ast-page-background-enabled":"default","ast-page-background-meta":{"desktop":{"background-color":"var(--ast-global-color-4)","background-image":"","background-repeat":"repeat","background-position":"center center","background-size":"auto","background-attachment":"scroll","background-type":"","background-media":"","overlay-type":"","overlay-color":"","overlay-opacity":"","overlay-gradient":""},"tablet":{"background-color":"","background-image":"","background-repeat":"repeat","background-position":"center center","background-size":"auto","background-attachment":"scroll","background-type":"","background-media":"","overlay-type":"","overlay-color":"","overlay-opacity":"","overlay-gradient":""},"mobile":{"background-color":"","background-image":"","background-repeat":"repeat","background-position":"center center","background-size":"auto","background-attachment":"scroll","background-type":"","background-media":"","overlay-type":"","overlay-color":"","overlay-opacity":"","overlay-gradient":""}},"ast-content-background-meta":{"desktop":{"background-color":"var(--ast-global-color-5)","background-image":"","background-repeat":"repeat","background-position":"center center","background-size":"auto","background-attachment":"scroll","background-type":"","background-media":"","overlay-type":"","overlay-color":"","overlay-opacity":"","overlay-gradient":""},"tablet":{"background-color":"var(--ast-global-color-5)","background-image":"","background-repeat":"repeat","background-position":"center center","background-size":"auto","background-attachment":"scroll","background-type":"","background-media":"","overlay-type":"","overlay-color":"","overlay-opacity":"","overlay-gradient":""},"mobile":{"background-color":"var(--ast-global-color-5)","background-image":"","background-repeat":"repeat","background-position":"center center","background-size":"auto","background-attachment":"scroll","background-type":"","background-media":"","overlay-type":"","overlay-color":"","overlay-opacity":"","overlay-gradient":""}},"footnotes":""},"page-categories":[],"class_list":["post-7764","page","type-page","status-publish","hentry"],"_links":{"self":[{"href":"https:\/\/kiosque.acadienouvelle.com\/municipalite-miramichi-2025\/wp-json\/wp\/v2\/pages\/7764","targetHints":{"allow":["GET"]}}],"collection":[{"href":"https:\/\/kiosque.acadienouvelle.com\/municipalite-miramichi-2025\/wp-json\/wp\/v2\/pages"}],"about":[{"href":"https:\/\/kiosque.acadienouvelle.com\/municipalite-miramichi-2025\/wp-json\/wp\/v2\/types\/page"}],"author":[{"embeddable":true,"href":"https:\/\/kiosque.acadienouvelle.com\/municipalite-miramichi-2025\/wp-json\/wp\/v2\/users\/7"}],"replies":[{"embeddable":true,"href":"https:\/\/kiosque.acadienouvelle.com\/municipalite-miramichi-2025\/wp-json\/wp\/v2\/comments?post=7764"}],"version-history":[{"count":10,"href":"https:\/\/kiosque.acadienouvelle.com\/municipalite-miramichi-2025\/wp-json\/wp\/v2\/pages\/7764\/revisions"}],"predecessor-version":[{"id":7778,"href":"https:\/\/kiosque.acadienouvelle.com\/municipalite-miramichi-2025\/wp-json\/wp\/v2\/pages\/7764\/revisions\/7778"}],"wp:attachment":[{"href":"https:\/\/kiosque.acadienouvelle.com\/municipalite-miramichi-2025\/wp-json\/wp\/v2\/media?parent=7764"}],"wp:term":[{"taxonomy":"page-categories","embeddable":true,"href":"https:\/\/kiosque.acadienouvelle.com\/municipalite-miramichi-2025\/wp-json\/wp\/v2\/page-categories?post=7764"}],"curies":[{"name":"wp","href":"https:\/\/api.w.org\/{rel}","templated":true}]}}