{"id":7782,"date":"2025-11-25T18:15:15","date_gmt":"2025-11-25T18:15:15","guid":{"rendered":"https:\/\/kiosque.acadienouvelle.com\/municipalite-miramichi-2025\/?page_id=7782"},"modified":"2025-11-25T18:53:06","modified_gmt":"2025-11-25T18:53:06","slug":"le-carrefour-beausoleil","status":"publish","type":"page","link":"https:\/\/kiosque.acadienouvelle.com\/municipalite-miramichi-2025\/le-carrefour-beausoleil\/","title":{"rendered":"Le Carrefour Beausoleil, le c\u0153ur battant de la communaut\u00e9 francophone \u00e0 Miramichi"},"content":{"rendered":"\t\t<div data-elementor-type=\"wp-page\" data-elementor-id=\"7782\" class=\"elementor elementor-7782\" data-elementor-post-type=\"page\">\n\t\t\t\t\t\t<section class=\"elementor-section elementor-top-section elementor-element elementor-element-50c1b6e elementor-section-height-min-height header_title banner_img elementor-section-boxed elementor-section-height-default elementor-section-items-middle\" data-id=\"50c1b6e\" data-element_type=\"section\" data-e-type=\"section\" data-settings=\"{&quot;background_background&quot;:&quot;classic&quot;}\">\n\t\t\t\t\t\t\t<div class=\"elementor-background-overlay\"><\/div>\n\t\t\t\t\t\t\t<div class=\"elementor-container elementor-column-gap-default\">\n\t\t\t\t\t<div class=\"elementor-column elementor-col-100 elementor-top-column elementor-element elementor-element-3a2d241\" data-id=\"3a2d241\" data-element_type=\"column\" data-e-type=\"column\">\n\t\t\t<div class=\"elementor-widget-wrap elementor-element-populated\">\n\t\t\t\t\t\t<div class=\"elementor-element elementor-element-9673cd2 elementor-widget elementor-widget-heading\" data-id=\"9673cd2\" data-element_type=\"widget\" data-e-type=\"widget\" data-widget_type=\"heading.default\">\n\t\t\t\t<div class=\"elementor-widget-container\">\n\t\t\t\t\t<h2 class=\"elementor-heading-title elementor-size-default\">Le Carrefour Beausoleil, le c\u0153ur battant de la communaut\u00e9 francophone \u00e0 Miramichi<\/h2>\t\t\t\t<\/div>\n\t\t\t\t<\/div>\n\t\t\t\t\t<\/div>\n\t\t<\/div>\n\t\t\t\t\t<\/div>\n\t\t<\/section>\n\t\t\t\t<section class=\"elementor-section elementor-top-section elementor-element elementor-element-d9a853a elementor-section-boxed elementor-section-height-default elementor-section-height-default\" data-id=\"d9a853a\" data-element_type=\"section\" data-e-type=\"section\">\n\t\t\t\t\t\t<div class=\"elementor-container elementor-column-gap-default\">\n\t\t\t\t\t<div class=\"elementor-column elementor-col-100 elementor-top-column elementor-element elementor-element-68d9c5a page_contain\" data-id=\"68d9c5a\" data-element_type=\"column\" data-e-type=\"column\" data-settings=\"{&quot;background_background&quot;:&quot;classic&quot;}\">\n\t\t\t<div class=\"elementor-widget-wrap elementor-element-populated\">\n\t\t\t\t\t\t<div class=\"elementor-element elementor-element-50f1f9b elementor-widget elementor-widget-image\" data-id=\"50f1f9b\" data-element_type=\"widget\" data-e-type=\"widget\" data-widget_type=\"image.default\">\n\t\t\t\t<div class=\"elementor-widget-container\">\n\t\t\t\t\t\t\t\t\t\t\t\t<figure class=\"wp-caption\">\n\t\t\t\t\t\t\t\t\t\t<img fetchpriority=\"high\" decoding=\"async\" width=\"1366\" height=\"768\" src=\"https:\/\/kiosque.acadienouvelle.com\/municipalite-miramichi-2025\/wp-content\/uploads\/sites\/370\/2025\/11\/4_landing.jpg\" class=\"attachment-full size-full wp-image-7784\" alt=\"\" srcset=\"https:\/\/kiosque.acadienouvelle.com\/municipalite-miramichi-2025\/wp-content\/uploads\/sites\/370\/2025\/11\/4_landing.jpg 1366w, https:\/\/kiosque.acadienouvelle.com\/municipalite-miramichi-2025\/wp-content\/uploads\/sites\/370\/2025\/11\/4_landing-300x169.jpg 300w, https:\/\/kiosque.acadienouvelle.com\/municipalite-miramichi-2025\/wp-content\/uploads\/sites\/370\/2025\/11\/4_landing-1024x576.jpg 1024w, https:\/\/kiosque.acadienouvelle.com\/municipalite-miramichi-2025\/wp-content\/uploads\/sites\/370\/2025\/11\/4_landing-768x432.jpg 768w\" sizes=\"(max-width: 1366px) 100vw, 1366px\" \/>\t\t\t\t\t\t\t\t\t\t\t<figcaption class=\"widget-image-caption wp-caption-text\">Line Thibodeau, directrice g\u00e9n\u00e9rale du Carrefour communautaire Beausoleil.<\/figcaption>\n\t\t\t\t\t\t\t\t\t\t<\/figure>\n\t\t\t\t\t\t\t\t\t<\/div>\n\t\t\t\t<\/div>\n\t\t<link rel=\"stylesheet\" href=\"https:\/\/use.fontawesome.com\/releases\/v5.5.0\/css\/all.css\" integrity=\"sha384-B4dIYHKNBt8Bc12p+WXckhzcICo0wtJAoU8YZTY5qE0Id1GSseTk6S+L3BlXeVIU\" crossorigin=\"anonymous\">\r\n\t\t<div class=\"elementor-element elementor-element-d0a0a3b mobile_pera elementor-widget elementor-widget-text-editor\" data-id=\"d0a0a3b\" data-element_type=\"widget\" data-e-type=\"widget\" data-widget_type=\"text-editor.default\">\n\t\t\t\t<div class=\"elementor-widget-container\">\n\t\t\t\t\t\t\t\t\t<p>Le Carrefour communautaire Beausoleil vibre au rythme de la communaut\u00e9 francophone de Miramichi. Ce noyau se retrouve ainsi au c\u0153ur de la vitalit\u00e9 francophone de toute cette r\u00e9gion du Nouveau-Brunswick.<\/p>\t\t\t\t\t\t\t\t<\/div>\n\t\t\t\t<\/div>\n\t\t\t\t<div class=\"elementor-element elementor-element-8d52634 elementor-widget elementor-widget-advertisement\" data-id=\"8d52634\" data-element_type=\"widget\" data-e-type=\"widget\" data-widget_type=\"advertisement.default\">\n\t\t\t\t<div class=\"elementor-widget-container\">\n\t\t\t\t\t<div class=\"ads-align-center\"><div data-m32-ad data-options='{\"sizes\":\"[[320,480]]\",\"dfpId\":\"21658289790,27729547\",\"dfpAdUnitPath\":\"acadienouvelle\/cahiers_halfpage_320x480\"}'><\/div><\/div>\t\t\t\t<\/div>\n\t\t\t\t<\/div>\n\t\t\t\t<div class=\"elementor-element elementor-element-74263c8 mobile_pera elementor-widget elementor-widget-text-editor\" data-id=\"74263c8\" data-element_type=\"widget\" data-e-type=\"widget\" data-widget_type=\"text-editor.default\">\n\t\t\t\t<div class=\"elementor-widget-container\">\n\t\t\t\t\t\t\t\t\t<p>\u00ab Nous sommes un centre scolaire communautaire, donc nous sommes \u00e0 la fois la seule \u00e9cole francophone de Miramichi et le seul centre communautaire francophone pour la r\u00e9gion de Miramichi \u00bb, explique sa directrice, Line Thibodeau. <\/p>\t\t\t\t\t\t\t\t<\/div>\n\t\t\t\t<\/div>\n\t\t\t\t<div class=\"elementor-element elementor-element-60ae036 mobile_pera elementor-widget elementor-widget-text-editor\" data-id=\"60ae036\" data-element_type=\"widget\" data-e-type=\"widget\" data-widget_type=\"text-editor.default\">\n\t\t\t\t<div class=\"elementor-widget-container\">\n\t\t\t\t\t\t\t\t\t<p>Le carrefour abrite une biblioth\u00e8que scolaire et publique, un caf\u00e9, un service de traiteur et une garderie pour 120 enfants, ainsi que les bureaux d\u2019organismes comme le Centre d\u2019accueil et d\u2019accompagnement francophone des immigrants et la radio communautaire francophone. <\/p>\t\t\t\t\t\t\t\t<\/div>\n\t\t\t\t<\/div>\n\t\t\t\t<div class=\"elementor-element elementor-element-8b5fcaa mobile_pera elementor-widget elementor-widget-text-editor\" data-id=\"8b5fcaa\" data-element_type=\"widget\" data-e-type=\"widget\" data-widget_type=\"text-editor.default\">\n\t\t\t\t<div class=\"elementor-widget-container\">\n\t\t\t\t\t\t\t\t\t<p>\u00ab Nous organisons une programmation annuelle d\u2019activit\u00e9s communautaires et culturelles. Nous g\u00e9rons aussi la salle de spectacle et une galerie d\u2019art \u00bb, ajoute-t-elle en notant des spectacles musicaux, d\u2019humour, du th\u00e9\u00e2tre et autres.<\/p>\t\t\t\t\t\t\t\t<\/div>\n\t\t\t\t<\/div>\n\t\t\t\t<div class=\"elementor-element elementor-element-fb14f7a mobile_pera elementor-widget elementor-widget-text-editor\" data-id=\"fb14f7a\" data-element_type=\"widget\" data-e-type=\"widget\" data-widget_type=\"text-editor.default\">\n\t\t\t\t<div class=\"elementor-widget-container\">\n\t\t\t\t\t\t\t\t\t<p>Mme Thibodeau pr\u00e9cise que le Carrefour communautaire Beausoleil collabore \u00e9galement avec plusieurs organismes de la r\u00e9gion et avec la Municipalit\u00e9 de Miramichi. \u00ab Nous pr\u00e9sentons un volet francophone pour plusieurs festivals et \u00e9v\u00e8nements \u00bb, affirme-t-elle en mentionnant notamment un populaire festival de danse et les festivit\u00e9s du 15 ao\u00fbt.<\/p>\t\t\t\t\t\t\t\t<\/div>\n\t\t\t\t<\/div>\n\t\t\t\t<div class=\"elementor-element elementor-element-96eac88 mobile_pera elementor-widget elementor-widget-text-editor\" data-id=\"96eac88\" data-element_type=\"widget\" data-e-type=\"widget\" data-widget_type=\"text-editor.default\">\n\t\t\t\t<div class=\"elementor-widget-container\">\n\t\t\t\t\t\t\t\t\t<p>Line Thibodeau a constat\u00e9 une croissance de la population francophone dans la r\u00e9gion depuis quelques ann\u00e9es. Son \u00e9cole de la maternelle \u00e0 la 12 ann\u00e9e accueille maintenant 315 \u00e9l\u00e8ves, un sommet qui n\u2019avait pas \u00e9t\u00e9 vu depuis une trentaine d\u2019ann\u00e9es quand la base militaire de Miramichi \u00e9tait encore ouverte. <\/p>\t\t\t\t\t\t\t\t<\/div>\n\t\t\t\t<\/div>\n\t\t\t\t<div class=\"elementor-element elementor-element-55428eb mobile_pera elementor-widget elementor-widget-text-editor\" data-id=\"55428eb\" data-element_type=\"widget\" data-e-type=\"widget\" data-widget_type=\"text-editor.default\">\n\t\t\t\t<div class=\"elementor-widget-container\">\n\t\t\t\t\t\t\t\t\t<p>L\u2019ann\u00e9e 2026 marquera le 40e anniversaire du Carrefour communautaire Beausoleil et Mme Thibodeau est fermement convaincue de son \u00e9norme impact sur la r\u00e9gion. \u00ab Nous augmentons le sentiment d\u2019appartenance \u00e0 la communaut\u00e9 et la fiert\u00e9 acadienne et francophone \u00bb, conclut-elle en invitant les gens \u00e0 participer \u00e0 leurs nombreuses activit\u00e9s.<\/p>\t\t\t\t\t\t\t\t<\/div>\n\t\t\t\t<\/div>\n\t\t\t\t\t<\/div>\n\t\t<\/div>\n\t\t\t\t\t<\/div>\n\t\t<\/section>\n\t\t\t\t<\/div>\n\t\t","protected":false},"excerpt":{"rendered":"<p>Le Carrefour Beausoleil, le c\u0153ur battant de la communaut\u00e9 francophone \u00e0 Miramichi Line Thibodeau, directrice g\u00e9n\u00e9rale du Carrefour communautaire Beausoleil. Le Carrefour communautaire Beausoleil vibre au rythme de la communaut\u00e9 francophone de Miramichi. Ce noyau se retrouve ainsi au c\u0153ur de la vitalit\u00e9 francophone de toute cette r\u00e9gion du Nouveau-Brunswick. \u00ab Nous sommes un centre [&hellip;]<\/p>\n","protected":false},"author":7,"featured_media":0,"parent":0,"menu_order":4,"comment_status":"closed","ping_status":"closed","template":"","meta":{"site-sidebar-layout":"no-sidebar","site-content-layout":"page-builder","ast-site-content-layout":"default","site-content-style":"default","site-sidebar-style":"default","ast-global-header-display":"","ast-banner-title-visibility":"","ast-main-header-display":"","ast-hfb-above-header-display":"","ast-hfb-below-header-display":"","ast-hfb-mobile-header-display":"","site-post-title":"disabled","ast-breadcrumbs-content":"","ast-featured-img":"disabled","footer-sml-layout":"","ast-disable-related-posts":"","theme-transparent-header-meta":"default","adv-header-id-meta":"","stick-header-meta":"","header-above-stick-meta":"","header-main-stick-meta":"","header-below-stick-meta":"","astra-migrate-meta-layouts":"default","ast-page-background-enabled":"default","ast-page-background-meta":{"desktop":{"background-color":"var(--ast-global-color-4)","background-image":"","background-repeat":"repeat","background-position":"center center","background-size":"auto","background-attachment":"scroll","background-type":"","background-media":"","overlay-type":"","overlay-color":"","overlay-opacity":"","overlay-gradient":""},"tablet":{"background-color":"","background-image":"","background-repeat":"repeat","background-position":"center center","background-size":"auto","background-attachment":"scroll","background-type":"","background-media":"","overlay-type":"","overlay-color":"","overlay-opacity":"","overlay-gradient":""},"mobile":{"background-color":"","background-image":"","background-repeat":"repeat","background-position":"center center","background-size":"auto","background-attachment":"scroll","background-type":"","background-media":"","overlay-type":"","overlay-color":"","overlay-opacity":"","overlay-gradient":""}},"ast-content-background-meta":{"desktop":{"background-color":"var(--ast-global-color-5)","background-image":"","background-repeat":"repeat","background-position":"center center","background-size":"auto","background-attachment":"scroll","background-type":"","background-media":"","overlay-type":"","overlay-color":"","overlay-opacity":"","overlay-gradient":""},"tablet":{"background-color":"var(--ast-global-color-5)","background-image":"","background-repeat":"repeat","background-position":"center center","background-size":"auto","background-attachment":"scroll","background-type":"","background-media":"","overlay-type":"","overlay-color":"","overlay-opacity":"","overlay-gradient":""},"mobile":{"background-color":"var(--ast-global-color-5)","background-image":"","background-repeat":"repeat","background-position":"center center","background-size":"auto","background-attachment":"scroll","background-type":"","background-media":"","overlay-type":"","overlay-color":"","overlay-opacity":"","overlay-gradient":""}},"footnotes":""},"page-categories":[],"class_list":["post-7782","page","type-page","status-publish","hentry"],"_links":{"self":[{"href":"https:\/\/kiosque.acadienouvelle.com\/municipalite-miramichi-2025\/wp-json\/wp\/v2\/pages\/7782","targetHints":{"allow":["GET"]}}],"collection":[{"href":"https:\/\/kiosque.acadienouvelle.com\/municipalite-miramichi-2025\/wp-json\/wp\/v2\/pages"}],"about":[{"href":"https:\/\/kiosque.acadienouvelle.com\/municipalite-miramichi-2025\/wp-json\/wp\/v2\/types\/page"}],"author":[{"embeddable":true,"href":"https:\/\/kiosque.acadienouvelle.com\/municipalite-miramichi-2025\/wp-json\/wp\/v2\/users\/7"}],"replies":[{"embeddable":true,"href":"https:\/\/kiosque.acadienouvelle.com\/municipalite-miramichi-2025\/wp-json\/wp\/v2\/comments?post=7782"}],"version-history":[{"count":7,"href":"https:\/\/kiosque.acadienouvelle.com\/municipalite-miramichi-2025\/wp-json\/wp\/v2\/pages\/7782\/revisions"}],"predecessor-version":[{"id":7815,"href":"https:\/\/kiosque.acadienouvelle.com\/municipalite-miramichi-2025\/wp-json\/wp\/v2\/pages\/7782\/revisions\/7815"}],"wp:attachment":[{"href":"https:\/\/kiosque.acadienouvelle.com\/municipalite-miramichi-2025\/wp-json\/wp\/v2\/media?parent=7782"}],"wp:term":[{"taxonomy":"page-categories","embeddable":true,"href":"https:\/\/kiosque.acadienouvelle.com\/municipalite-miramichi-2025\/wp-json\/wp\/v2\/page-categories?post=7782"}],"curies":[{"name":"wp","href":"https:\/\/api.w.org\/{rel}","templated":true}]}}