{"id":7753,"date":"2026-03-15T14:02:05","date_gmt":"2026-03-15T14:02:05","guid":{"rendered":"https:\/\/kiosque.acadienouvelle.com\/municipalite-saint-quentin-2026\/saint-quentin-un-petit-paradis\/"},"modified":"2026-03-17T14:20:02","modified_gmt":"2026-03-17T14:20:02","slug":"saint-quentin-un-petit-paradis","status":"publish","type":"page","link":"https:\/\/kiosque.acadienouvelle.com\/municipalite-saint-quentin-2026\/saint-quentin-un-petit-paradis\/","title":{"rendered":"Saint-Quentin, un petit paradis au c\u0153ur de la nature"},"content":{"rendered":"\t\t<div data-elementor-type=\"wp-page\" data-elementor-id=\"7753\" class=\"elementor elementor-7753\" data-elementor-post-type=\"page\">\n\t\t\t\t\t\t<section class=\"elementor-section elementor-top-section elementor-element elementor-element-50c1b6e elementor-section-height-min-height header_title banner_img elementor-section-boxed elementor-section-height-default elementor-section-items-middle\" data-id=\"50c1b6e\" data-element_type=\"section\" data-e-type=\"section\" data-settings=\"{&quot;background_background&quot;:&quot;classic&quot;}\">\n\t\t\t\t\t\t\t<div class=\"elementor-background-overlay\"><\/div>\n\t\t\t\t\t\t\t<div class=\"elementor-container elementor-column-gap-default\">\n\t\t\t\t\t<div class=\"elementor-column elementor-col-100 elementor-top-column elementor-element elementor-element-3a2d241\" data-id=\"3a2d241\" data-element_type=\"column\" data-e-type=\"column\">\n\t\t\t<div class=\"elementor-widget-wrap elementor-element-populated\">\n\t\t\t\t\t\t<div class=\"elementor-element elementor-element-9673cd2 elementor-widget elementor-widget-heading\" data-id=\"9673cd2\" data-element_type=\"widget\" data-e-type=\"widget\" data-widget_type=\"heading.default\">\n\t\t\t\t<div class=\"elementor-widget-container\">\n\t\t\t\t\t<h2 class=\"elementor-heading-title elementor-size-default\">Saint-Quentin, un petit paradis au c\u0153ur de la nature<\/h2>\t\t\t\t<\/div>\n\t\t\t\t<\/div>\n\t\t\t\t\t<\/div>\n\t\t<\/div>\n\t\t\t\t\t<\/div>\n\t\t<\/section>\n\t\t\t\t<section class=\"elementor-section elementor-top-section elementor-element elementor-element-d9a853a elementor-section-boxed elementor-section-height-default elementor-section-height-default\" data-id=\"d9a853a\" data-element_type=\"section\" data-e-type=\"section\">\n\t\t\t\t\t\t<div class=\"elementor-container elementor-column-gap-default\">\n\t\t\t\t\t<div class=\"elementor-column elementor-col-100 elementor-top-column elementor-element elementor-element-68d9c5a page_contain\" data-id=\"68d9c5a\" data-element_type=\"column\" data-e-type=\"column\" data-settings=\"{&quot;background_background&quot;:&quot;classic&quot;}\">\n\t\t\t<div class=\"elementor-widget-wrap elementor-element-populated\">\n\t\t\t\t\t\t<div class=\"elementor-element elementor-element-baa74b8 elementor-widget elementor-widget-image\" data-id=\"baa74b8\" data-element_type=\"widget\" data-e-type=\"widget\" data-widget_type=\"image.default\">\n\t\t\t\t<div class=\"elementor-widget-container\">\n\t\t\t\t\t\t\t\t\t\t\t\t<figure class=\"wp-caption\">\n\t\t\t\t\t\t\t\t\t\t<img fetchpriority=\"high\" decoding=\"async\" width=\"485\" height=\"382\" src=\"https:\/\/kiosque.acadienouvelle.com\/municipalite-saint-quentin-2026\/wp-content\/uploads\/sites\/385\/2026\/03\/02_Nicole.jpg\" class=\"attachment-full size-full wp-image-7806\" alt=\"\" srcset=\"https:\/\/kiosque.acadienouvelle.com\/municipalite-saint-quentin-2026\/wp-content\/uploads\/sites\/385\/2026\/03\/02_Nicole.jpg 485w, https:\/\/kiosque.acadienouvelle.com\/municipalite-saint-quentin-2026\/wp-content\/uploads\/sites\/385\/2026\/03\/02_Nicole-300x236.jpg 300w\" sizes=\"(max-width: 485px) 100vw, 485px\" \/>\t\t\t\t\t\t\t\t\t\t\t<figcaption class=\"widget-image-caption wp-caption-text\">Nicole Somer, maire \/ Source : Ville de Saint-Quentin<\/figcaption>\n\t\t\t\t\t\t\t\t\t\t<\/figure>\n\t\t\t\t\t\t\t\t\t<\/div>\n\t\t\t\t<\/div>\n\t\t<link rel=\"stylesheet\" href=\"https:\/\/use.fontawesome.com\/releases\/v5.5.0\/css\/all.css\" integrity=\"sha384-B4dIYHKNBt8Bc12p+WXckhzcICo0wtJAoU8YZTY5qE0Id1GSseTk6S+L3BlXeVIU\" crossorigin=\"anonymous\">\r\n\t\t<div class=\"elementor-element elementor-element-d0a0a3b mobile_pera elementor-widget elementor-widget-text-editor\" data-id=\"d0a0a3b\" data-element_type=\"widget\" data-e-type=\"widget\" data-widget_type=\"text-editor.default\">\n\t\t\t\t<div class=\"elementor-widget-container\">\n\t\t\t\t\t\t\t\t\tQuand la maire de Saint-Quentin d\u00e9crit sa municipalit\u00e9, elle n\u2019h\u00e9site pas \u00e0 la qualifier de petit paradis.\t\t\t\t\t\t\t\t<\/div>\n\t\t\t\t<\/div>\n\t\t\t\t<div class=\"elementor-element elementor-element-74263c8 mobile_pera elementor-widget elementor-widget-text-editor\" data-id=\"74263c8\" data-element_type=\"widget\" data-e-type=\"widget\" data-widget_type=\"text-editor.default\">\n\t\t\t\t<div class=\"elementor-widget-container\">\n\t\t\t\t\t\t\t\t\t\u00ab Je vante souvent le fait que nous avons un bon PIB, que nous avons des emplois et que les salaires m\u00e9dians sont vraiment comp\u00e9titifs pour une municipalit\u00e9 de notre taille. Nous avons de grands espaces, des activit\u00e9s \u00e0 l\u2019ann\u00e9e avec des gens qui d\u00e9veloppent des services d\u2019amusement ou touristiques, alors il y a presque toujours quelque chose \u00e0 faire \u00bb, \u00e9num\u00e8re Nicole Somers avec enthousiasme.\t\t\t\t\t\t\t\t<\/div>\n\t\t\t\t<\/div>\n\t\t\t\t<div class=\"elementor-element elementor-element-25fe8b3 elementor-widget elementor-widget-advertisement\" data-id=\"25fe8b3\" data-element_type=\"widget\" data-e-type=\"widget\" data-widget_type=\"advertisement.default\">\n\t\t\t\t<div class=\"elementor-widget-container\">\n\t\t\t\t\t<div class=\"ads-align-center\"><div data-m32-ad data-options='{\"sizes\":\"[[300,100]]\",\"dfpId\":\"21658289790,27729547\",\"dfpAdUnitPath\":\"acadienouvelle\/cahiers_onefifthpage_300x100\"}'><\/div><\/div>\t\t\t\t<\/div>\n\t\t\t\t<\/div>\n\t\t\t\t<div class=\"elementor-element elementor-element-e70af58 mobile_pera elementor-widget elementor-widget-text-editor\" data-id=\"e70af58\" data-element_type=\"widget\" data-e-type=\"widget\" data-widget_type=\"text-editor.default\">\n\t\t\t\t<div class=\"elementor-widget-container\">\n\t\t\t\t\t\t\t\t\tSelon elle, Saint-Quentin offre une vie tranquille pour les familles avec tous les services essentiels \u00e0 proximit\u00e9, en plus d\u2019un march\u00e9 immobilier relativement abordable pour l\u2019achat d\u2019une premi\u00e8re maison. En riant, elle conc\u00e8de que Saint-Quentin n\u2019a peut-\u00eatre pas l\u2019\u00e9ventail de commerces d\u2019une grande ville, mais que les magnifiques exp\u00e9riences dans la nature repr\u00e9sentent un net avantage d\u2019y vivre. \t\t\t\t\t\t\t\t<\/div>\n\t\t\t\t<\/div>\n\t\t\t\t<div class=\"elementor-element elementor-element-d00ef41 mobile_pera elementor-widget elementor-widget-text-editor\" data-id=\"d00ef41\" data-element_type=\"widget\" data-e-type=\"widget\" data-widget_type=\"text-editor.default\">\n\t\t\t\t<div class=\"elementor-widget-container\">\n\t\t\t\t\t\t\t\t\tLes gens y sont accueillants et la chaleur humaine est bien pr\u00e9sente lors des nombreuses activit\u00e9s communautaires. Des entreprises locales ont \u00e9galement recrut\u00e9 un grand nombre de travailleurs de l\u2019ext\u00e9rieur pour r\u00e9pondre \u00e0 leurs besoins de main-d\u2019\u0153uvre, ce qui s\u2019est traduit par une belle diversit\u00e9. \t\t\t\t\t\t\t\t<\/div>\n\t\t\t\t<\/div>\n\t\t\t\t<div class=\"elementor-element elementor-element-ed93444 elementor-widget elementor-widget-advertisement\" data-id=\"ed93444\" data-element_type=\"widget\" data-e-type=\"widget\" data-widget_type=\"advertisement.default\">\n\t\t\t\t<div class=\"elementor-widget-container\">\n\t\t\t\t\t<div class=\"ads-align-center\"><div data-m32-ad data-options='{\"sizes\":\"[[300,250]]\",\"dfpId\":\"21658289790,27729547\",\"dfpAdUnitPath\":\"acadienouvelle\/cahiers_quarterpage_300x250\"}'><\/div><\/div>\t\t\t\t<\/div>\n\t\t\t\t<\/div>\n\t\t\t\t<div class=\"elementor-element elementor-element-d9ea614 mobile_pera elementor-widget elementor-widget-text-editor\" data-id=\"d9ea614\" data-element_type=\"widget\" data-e-type=\"widget\" data-widget_type=\"text-editor.default\">\n\t\t\t\t<div class=\"elementor-widget-container\">\n\t\t\t\t\t\t\t\t\t<p><b>\u00ab La municipalit\u00e9 a vraiment une population qui est multiculturelle, ce qui n\u2019\u00e9tait pas le cas dans les ann\u00e9es pass\u00e9es. Nous avons vraiment une diversit\u00e9 de cultures qui s\u2019installent chez nous. Ceci vient agr\u00e9menter la vie sociale et apporte\u00a0<\/b><b style=\"font-style: inherit;\">des changements autant culturels que dans nos loisirs et habitudes de vies, ce qui est vraiment positif \u00bb, ajoute-t-elle.<\/b><\/p>\t\t\t\t\t\t\t\t<\/div>\n\t\t\t\t<\/div>\n\t\t\t\t<div class=\"elementor-element elementor-element-4435e7d mobile_pera elementor-widget elementor-widget-text-editor\" data-id=\"4435e7d\" data-element_type=\"widget\" data-e-type=\"widget\" data-widget_type=\"text-editor.default\">\n\t\t\t\t<div class=\"elementor-widget-container\">\n\t\t\t\t\t\t\t\t\tD\u2019ailleurs, elle encourage la population \u00e0 participer en grand nombre au recensement de 2026 afin que les donn\u00e9es refl\u00e8tent bien la nouvelle r\u00e9alit\u00e9 d\u00e9mographique de la r\u00e9gion. \u00ab C\u2019est \u00e0 partir des donn\u00e9es du recensement qu\u2019on va chercher nos subventions pour nos services, dont nos services de sant\u00e9. C\u2019est donc important pour la population d\u2019y participer puisque tout en d\u00e9coule \u00bb, conclut-elle.\t\t\t\t\t\t\t\t<\/div>\n\t\t\t\t<\/div>\n\t\t\t\t\t<\/div>\n\t\t<\/div>\n\t\t\t\t\t<\/div>\n\t\t<\/section>\n\t\t\t\t<\/div>\n\t\t","protected":false},"excerpt":{"rendered":"<p>Saint-Quentin, un petit paradis au c\u0153ur de la nature Nicole Somer, maire \/ Source : Ville de Saint-Quentin Quand la maire de Saint-Quentin d\u00e9crit sa municipalit\u00e9, elle n\u2019h\u00e9site pas \u00e0 la qualifier de petit paradis.\u00ab Je vante souvent le fait que nous avons un bon PIB, que nous avons des emplois et que les salaires [&hellip;]<\/p>\n","protected":false},"author":1,"featured_media":0,"parent":0,"menu_order":2,"comment_status":"closed","ping_status":"closed","template":"","meta":{"site-sidebar-layout":"no-sidebar","site-content-layout":"page-builder","ast-site-content-layout":"default","site-content-style":"default","site-sidebar-style":"default","ast-global-header-display":"","ast-banner-title-visibility":"","ast-main-header-display":"","ast-hfb-above-header-display":"","ast-hfb-below-header-display":"","ast-hfb-mobile-header-display":"","site-post-title":"disabled","ast-breadcrumbs-content":"","ast-featured-img":"disabled","footer-sml-layout":"","ast-disable-related-posts":"","theme-transparent-header-meta":"default","adv-header-id-meta":"","stick-header-meta":"","header-above-stick-meta":"","header-main-stick-meta":"","header-below-stick-meta":"","astra-migrate-meta-layouts":"default","ast-page-background-enabled":"default","ast-page-background-meta":{"desktop":{"background-color":"var(--ast-global-color-4)","background-image":"","background-repeat":"repeat","background-position":"center center","background-size":"auto","background-attachment":"scroll","background-type":"","background-media":"","overlay-type":"","overlay-color":"","overlay-opacity":"","overlay-gradient":""},"tablet":{"background-color":"","background-image":"","background-repeat":"repeat","background-position":"center center","background-size":"auto","background-attachment":"scroll","background-type":"","background-media":"","overlay-type":"","overlay-color":"","overlay-opacity":"","overlay-gradient":""},"mobile":{"background-color":"","background-image":"","background-repeat":"repeat","background-position":"center center","background-size":"auto","background-attachment":"scroll","background-type":"","background-media":"","overlay-type":"","overlay-color":"","overlay-opacity":"","overlay-gradient":""}},"ast-content-background-meta":{"desktop":{"background-color":"var(--ast-global-color-5)","background-image":"","background-repeat":"repeat","background-position":"center center","background-size":"auto","background-attachment":"scroll","background-type":"","background-media":"","overlay-type":"","overlay-color":"","overlay-opacity":"","overlay-gradient":""},"tablet":{"background-color":"var(--ast-global-color-5)","background-image":"","background-repeat":"repeat","background-position":"center center","background-size":"auto","background-attachment":"scroll","background-type":"","background-media":"","overlay-type":"","overlay-color":"","overlay-opacity":"","overlay-gradient":""},"mobile":{"background-color":"var(--ast-global-color-5)","background-image":"","background-repeat":"repeat","background-position":"center center","background-size":"auto","background-attachment":"scroll","background-type":"","background-media":"","overlay-type":"","overlay-color":"","overlay-opacity":"","overlay-gradient":""}},"footnotes":""},"page-categories":[],"class_list":["post-7753","page","type-page","status-publish","hentry"],"_links":{"self":[{"href":"https:\/\/kiosque.acadienouvelle.com\/municipalite-saint-quentin-2026\/wp-json\/wp\/v2\/pages\/7753","targetHints":{"allow":["GET"]}}],"collection":[{"href":"https:\/\/kiosque.acadienouvelle.com\/municipalite-saint-quentin-2026\/wp-json\/wp\/v2\/pages"}],"about":[{"href":"https:\/\/kiosque.acadienouvelle.com\/municipalite-saint-quentin-2026\/wp-json\/wp\/v2\/types\/page"}],"author":[{"embeddable":true,"href":"https:\/\/kiosque.acadienouvelle.com\/municipalite-saint-quentin-2026\/wp-json\/wp\/v2\/users\/1"}],"replies":[{"embeddable":true,"href":"https:\/\/kiosque.acadienouvelle.com\/municipalite-saint-quentin-2026\/wp-json\/wp\/v2\/comments?post=7753"}],"version-history":[{"count":16,"href":"https:\/\/kiosque.acadienouvelle.com\/municipalite-saint-quentin-2026\/wp-json\/wp\/v2\/pages\/7753\/revisions"}],"predecessor-version":[{"id":7925,"href":"https:\/\/kiosque.acadienouvelle.com\/municipalite-saint-quentin-2026\/wp-json\/wp\/v2\/pages\/7753\/revisions\/7925"}],"wp:attachment":[{"href":"https:\/\/kiosque.acadienouvelle.com\/municipalite-saint-quentin-2026\/wp-json\/wp\/v2\/media?parent=7753"}],"wp:term":[{"taxonomy":"page-categories","embeddable":true,"href":"https:\/\/kiosque.acadienouvelle.com\/municipalite-saint-quentin-2026\/wp-json\/wp\/v2\/page-categories?post=7753"}],"curies":[{"name":"wp","href":"https:\/\/api.w.org\/{rel}","templated":true}]}}