{"id":7755,"date":"2026-03-15T14:03:42","date_gmt":"2026-03-15T14:03:42","guid":{"rendered":"https:\/\/kiosque.acadienouvelle.com\/municipalite-saint-quentin-2026\/un-nouveau-parc-aquatique-ouvrira\/"},"modified":"2026-03-16T15:21:58","modified_gmt":"2026-03-16T15:21:58","slug":"un-nouveau-parc-aquatique-ouvrira","status":"publish","type":"page","link":"https:\/\/kiosque.acadienouvelle.com\/municipalite-saint-quentin-2026\/un-nouveau-parc-aquatique-ouvrira\/","title":{"rendered":"Un nouveau parc aquatique ouvrira ses portes en 2026"},"content":{"rendered":"\t\t<div data-elementor-type=\"wp-page\" data-elementor-id=\"7755\" class=\"elementor elementor-7755\" data-elementor-post-type=\"page\">\n\t\t\t\t\t\t<section class=\"elementor-section elementor-top-section elementor-element elementor-element-50c1b6e elementor-section-height-min-height header_title banner_img elementor-section-boxed elementor-section-height-default elementor-section-items-middle\" data-id=\"50c1b6e\" data-element_type=\"section\" data-e-type=\"section\" data-settings=\"{&quot;background_background&quot;:&quot;classic&quot;}\">\n\t\t\t\t\t\t\t<div class=\"elementor-background-overlay\"><\/div>\n\t\t\t\t\t\t\t<div class=\"elementor-container elementor-column-gap-default\">\n\t\t\t\t\t<div class=\"elementor-column elementor-col-100 elementor-top-column elementor-element elementor-element-3a2d241\" data-id=\"3a2d241\" data-element_type=\"column\" data-e-type=\"column\">\n\t\t\t<div class=\"elementor-widget-wrap elementor-element-populated\">\n\t\t\t\t\t\t<div class=\"elementor-element elementor-element-9673cd2 elementor-widget elementor-widget-heading\" data-id=\"9673cd2\" data-element_type=\"widget\" data-e-type=\"widget\" data-widget_type=\"heading.default\">\n\t\t\t\t<div class=\"elementor-widget-container\">\n\t\t\t\t\t<h2 class=\"elementor-heading-title elementor-size-default\">Un nouveau parc aquatique ouvrira ses portes en 2026<\/h2>\t\t\t\t<\/div>\n\t\t\t\t<\/div>\n\t\t\t\t\t<\/div>\n\t\t<\/div>\n\t\t\t\t\t<\/div>\n\t\t<\/section>\n\t\t\t\t<section class=\"elementor-section elementor-top-section elementor-element elementor-element-d9a853a elementor-section-boxed elementor-section-height-default elementor-section-height-default\" data-id=\"d9a853a\" data-element_type=\"section\" data-e-type=\"section\">\n\t\t\t\t\t\t<div class=\"elementor-container elementor-column-gap-default\">\n\t\t\t\t\t<div class=\"elementor-column elementor-col-100 elementor-top-column elementor-element elementor-element-68d9c5a page_contain\" data-id=\"68d9c5a\" data-element_type=\"column\" data-e-type=\"column\" data-settings=\"{&quot;background_background&quot;:&quot;classic&quot;}\">\n\t\t\t<div class=\"elementor-widget-wrap elementor-element-populated\">\n\t\t\t\t\t\t<div class=\"elementor-element elementor-element-50f1f9b elementor-widget elementor-widget-image\" data-id=\"50f1f9b\" data-element_type=\"widget\" data-e-type=\"widget\" data-widget_type=\"image.default\">\n\t\t\t\t<div class=\"elementor-widget-container\">\n\t\t\t\t\t\t\t\t\t\t\t\t<figure class=\"wp-caption\">\n\t\t\t\t\t\t\t\t\t\t<img fetchpriority=\"high\" decoding=\"async\" width=\"1366\" height=\"768\" src=\"https:\/\/kiosque.acadienouvelle.com\/municipalite-saint-quentin-2026\/wp-content\/uploads\/sites\/385\/2026\/03\/02_Conseil_cmyk_land.jpg\" class=\"attachment-full size-full wp-image-7821\" alt=\"\" srcset=\"https:\/\/kiosque.acadienouvelle.com\/municipalite-saint-quentin-2026\/wp-content\/uploads\/sites\/385\/2026\/03\/02_Conseil_cmyk_land.jpg 1366w, https:\/\/kiosque.acadienouvelle.com\/municipalite-saint-quentin-2026\/wp-content\/uploads\/sites\/385\/2026\/03\/02_Conseil_cmyk_land-300x169.jpg 300w, https:\/\/kiosque.acadienouvelle.com\/municipalite-saint-quentin-2026\/wp-content\/uploads\/sites\/385\/2026\/03\/02_Conseil_cmyk_land-1024x576.jpg 1024w, https:\/\/kiosque.acadienouvelle.com\/municipalite-saint-quentin-2026\/wp-content\/uploads\/sites\/385\/2026\/03\/02_Conseil_cmyk_land-768x432.jpg 768w\" sizes=\"(max-width: 1366px) 100vw, 1366px\" \/>\t\t\t\t\t\t\t\t\t\t\t<figcaption class=\"widget-image-caption wp-caption-text\">L\u2019\u00e9quipe municipale de Saint-Quentin, de gauche \u00e0 droite : Patrick N. Jean, conseiller; Roger Guimond, conseiller; Serge Pineault, conseiller; Nicole Somers, maire; Suzanne Coulombe, directrice g\u00e9n\u00e9rale et greffi\u00e8re; Marie-Jos\u00e9e Th\u00e9riault, conseill\u00e8re; Alain Martel, conseiller; et Jean-Fran\u00e7ois Martel, conseiller et  maire suppl\u00e9ant. \/ Source : Ville de Saint-Quentin<\/figcaption>\n\t\t\t\t\t\t\t\t\t\t<\/figure>\n\t\t\t\t\t\t\t\t\t<\/div>\n\t\t\t\t<\/div>\n\t\t<link rel=\"stylesheet\" href=\"https:\/\/use.fontawesome.com\/releases\/v5.5.0\/css\/all.css\" integrity=\"sha384-B4dIYHKNBt8Bc12p+WXckhzcICo0wtJAoU8YZTY5qE0Id1GSseTk6S+L3BlXeVIU\" crossorigin=\"anonymous\">\r\n\t\t<div class=\"elementor-element elementor-element-d0a0a3b mobile_pera elementor-widget elementor-widget-text-editor\" data-id=\"d0a0a3b\" data-element_type=\"widget\" data-e-type=\"widget\" data-widget_type=\"text-editor.default\">\n\t\t\t\t<div class=\"elementor-widget-container\">\n\t\t\t\t\t\t\t\t\t<p>L\u2019\u00e9t\u00e9 2026 \u00e0 Saint-Quentin sera marqu\u00e9 par l\u2019ouverture d\u2019un nouveau parc aquatique ext\u00e9rieur qui remplacera les installations d\u00e9su\u00e8tes pr\u00e9c\u00e9dentes. Ce projet de pr\u00e8s de <br \/>5 millions $ repr\u00e9sente le plus gros projet d\u2019infrastructure de loisirs de l\u2019histoire <br \/>de la municipalit\u00e9.<\/p>\t\t\t\t\t\t\t\t<\/div>\n\t\t\t\t<\/div>\n\t\t\t\t<div class=\"elementor-element elementor-element-d9ea614 mobile_pera elementor-widget elementor-widget-text-editor\" data-id=\"d9ea614\" data-element_type=\"widget\" data-e-type=\"widget\" data-widget_type=\"text-editor.default\">\n\t\t\t\t<div class=\"elementor-widget-container\">\n\t\t\t\t\t\t\t\t\t<p><b>\u00ab La construction va bon train et l\u2019ouverture est pr\u00e9vue pour le 1er juillet 2026 \u00bb, souligne la maire Nicole Somers.\u00a0<\/b><\/p>\t\t\t\t\t\t\t\t<\/div>\n\t\t\t\t<\/div>\n\t\t\t\t<div class=\"elementor-element elementor-element-403b0a2 elementor-widget elementor-widget-advertisement\" data-id=\"403b0a2\" data-element_type=\"widget\" data-e-type=\"widget\" data-widget_type=\"advertisement.default\">\n\t\t\t\t<div class=\"elementor-widget-container\">\n\t\t\t\t\t<div class=\"ads-align-center\"><div data-m32-ad data-options='{\"sizes\":\"[[300,100]]\",\"dfpId\":\"21658289790,27729547\",\"dfpAdUnitPath\":\"acadienouvelle\/cahiers_onefifthpage_300x100\"}'><\/div><\/div>\t\t\t\t<\/div>\n\t\t\t\t<\/div>\n\t\t\t\t<div class=\"elementor-element elementor-element-b44fbd1 mobile_pera elementor-widget elementor-widget-text-editor\" data-id=\"b44fbd1\" data-element_type=\"widget\" data-e-type=\"widget\" data-widget_type=\"text-editor.default\">\n\t\t\t\t<div class=\"elementor-widget-container\">\n\t\t\t\t\t\t\t\t\t\u00c9videmment, les travaux avaient \n\u00e9t\u00e9 mis sur pause pendant l\u2019hiver et reprendront d\u00e8s que la temp\u00e9rature \nle permettra. \u00ab Notre piscine sera maintenant accessible aux personnes \u00e0 mobilit\u00e9 r\u00e9duite. Si vous \u00eates en fauteuil roulant, vous pourrez entrer tout doucement dans la piscine pour aller vous baigner. La premi\u00e8re section de la piscine permettra \nun acc\u00e8s aux fauteuils roulants et comprend la pataugeuse, alors que l\u2019autre section a une partie plus profonde \u00bb, explique-t-elle. Le projet comprend \u00e9galement un nouvel \u00e9difice pour l\u2019\u00e9quipe de sauvetage, ainsi qu\u2019un parc \u00e0 jets d\u2019eau pour \nles enfants.\n\t\t\t\t\t\t\t\t<\/div>\n\t\t\t\t<\/div>\n\t\t\t\t<div class=\"elementor-element elementor-element-0b6ad93 mobile_pera elementor-widget elementor-widget-text-editor\" data-id=\"0b6ad93\" data-element_type=\"widget\" data-e-type=\"widget\" data-widget_type=\"text-editor.default\">\n\t\t\t\t<div class=\"elementor-widget-container\">\n\t\t\t\t\t\t\t\t\t<p><b>Agrandissement \u00e0 la biblioth\u00e8que<\/b><\/p>\t\t\t\t\t\t\t\t<\/div>\n\t\t\t\t<\/div>\n\t\t\t\t<div class=\"elementor-element elementor-element-1f01751 mobile_pera elementor-widget elementor-widget-text-editor\" data-id=\"1f01751\" data-element_type=\"widget\" data-e-type=\"widget\" data-widget_type=\"text-editor.default\">\n\t\t\t\t<div class=\"elementor-widget-container\">\n\t\t\t\t\t\t\t\t\tNicole Somers a \u00e9galement signal\u00e9 un agrandissement \u00e0 la biblioth\u00e8que municipale qui mettra trois nouvelles salles d\u2019\u00e9tude \u00e0 la disposition de la population. \u00ab \u00c7a fait longtemps que la biblioth\u00e8que n\u2019avait plus l\u2019espace pour r\u00e9pondre \u00e0 la demande \u00bb, souligne-t-elle en mentionnant que ce projet sera lui aussi termin\u00e9 en 2026.\n\t\t\t\t\t\t\t\t<\/div>\n\t\t\t\t<\/div>\n\t\t\t\t<div class=\"elementor-element elementor-element-0870701 elementor-widget elementor-widget-advertisement\" data-id=\"0870701\" data-element_type=\"widget\" data-e-type=\"widget\" data-widget_type=\"advertisement.default\">\n\t\t\t\t<div class=\"elementor-widget-container\">\n\t\t\t\t\t<div class=\"ads-align-center\"><div data-m32-ad data-options='{\"sizes\":\"[[300,100]]\",\"dfpId\":\"21658289790,27729547\",\"dfpAdUnitPath\":\"acadienouvelle\/cahiers_onefifthpage02_300x100\"}'><\/div><\/div>\t\t\t\t<\/div>\n\t\t\t\t<\/div>\n\t\t\t\t<div class=\"elementor-element elementor-element-110f56e mobile_pera elementor-widget elementor-widget-text-editor\" data-id=\"110f56e\" data-element_type=\"widget\" data-e-type=\"widget\" data-widget_type=\"text-editor.default\">\n\t\t\t\t<div class=\"elementor-widget-container\">\n\t\t\t\t\t\t\t\t\t<p><b>R\u00e9servoir d\u2019eau potable<\/b><\/p>\t\t\t\t\t\t\t\t<\/div>\n\t\t\t\t<\/div>\n\t\t\t\t<div class=\"elementor-element elementor-element-e385257 mobile_pera elementor-widget elementor-widget-text-editor\" data-id=\"e385257\" data-element_type=\"widget\" data-e-type=\"widget\" data-widget_type=\"text-editor.default\">\n\t\t\t\t<div class=\"elementor-widget-container\">\n\t\t\t\t\t\t\t\t\tEnfin, un autre important projet d\u2019infrastructure r\u00e9cemment compl\u00e9t\u00e9 est celui du r\u00e9servoir d\u2019eau potable qui a \u00e9t\u00e9 termin\u00e9 en 2025. Mme Somers pr\u00e9cise que cette nouvelle installation permet une autonomie de trois jours en approvisionnement en eau. La municipalit\u00e9 a \u00e9galement install\u00e9 un nouveau syst\u00e8me de filtration et adopt\u00e9 un plan d\u2019action int\u00e9gr\u00e9 de son bassin hydrographique.\t\t\t\t\t\t\t\t<\/div>\n\t\t\t\t<\/div>\n\t\t\t\t<div class=\"elementor-element elementor-element-74263c8 mobile_pera elementor-widget elementor-widget-text-editor\" data-id=\"74263c8\" data-element_type=\"widget\" data-e-type=\"widget\" data-widget_type=\"text-editor.default\">\n\t\t\t\t<div class=\"elementor-widget-container\">\n\t\t\t\t\t\t\t\t\tEnfin, Nicole Somers a annonc\u00e9 qu\u2019elle ne se repr\u00e9sentera pas \u00e0 la mairie lors des \u00e9lections de 2026. Elle quittera la vie municipale apr\u00e8s 21 ans de service au conseil, dont 14 ans comme maire. \u00ab Je suis encore passionn\u00e9e par mon travail, mais \u00e0 un moment donn\u00e9, il faut qu\u2019il y ait une rel\u00e8ve \u00bb, affirme-t-elle.\t\t\t\t\t\t\t\t<\/div>\n\t\t\t\t<\/div>\n\t\t\t\t\t<\/div>\n\t\t<\/div>\n\t\t\t\t\t<\/div>\n\t\t<\/section>\n\t\t\t\t<\/div>\n\t\t","protected":false},"excerpt":{"rendered":"<p>Un nouveau parc aquatique ouvrira ses portes en 2026 L\u2019\u00e9quipe municipale de Saint-Quentin, de gauche \u00e0 droite : Patrick N. Jean, conseiller; Roger Guimond, conseiller; Serge Pineault, conseiller; Nicole Somers, maire; Suzanne Coulombe, directrice g\u00e9n\u00e9rale et greffi\u00e8re; Marie-Jos\u00e9e Th\u00e9riault, conseill\u00e8re; Alain Martel, conseiller; et Jean-Fran\u00e7ois Martel, conseiller et maire suppl\u00e9ant. \/ Source : Ville de [&hellip;]<\/p>\n","protected":false},"author":1,"featured_media":0,"parent":0,"menu_order":3,"comment_status":"closed","ping_status":"closed","template":"","meta":{"site-sidebar-layout":"no-sidebar","site-content-layout":"page-builder","ast-site-content-layout":"default","site-content-style":"default","site-sidebar-style":"default","ast-global-header-display":"","ast-banner-title-visibility":"","ast-main-header-display":"","ast-hfb-above-header-display":"","ast-hfb-below-header-display":"","ast-hfb-mobile-header-display":"","site-post-title":"disabled","ast-breadcrumbs-content":"","ast-featured-img":"disabled","footer-sml-layout":"","ast-disable-related-posts":"","theme-transparent-header-meta":"default","adv-header-id-meta":"","stick-header-meta":"","header-above-stick-meta":"","header-main-stick-meta":"","header-below-stick-meta":"","astra-migrate-meta-layouts":"default","ast-page-background-enabled":"default","ast-page-background-meta":{"desktop":{"background-color":"var(--ast-global-color-4)","background-image":"","background-repeat":"repeat","background-position":"center center","background-size":"auto","background-attachment":"scroll","background-type":"","background-media":"","overlay-type":"","overlay-color":"","overlay-opacity":"","overlay-gradient":""},"tablet":{"background-color":"","background-image":"","background-repeat":"repeat","background-position":"center center","background-size":"auto","background-attachment":"scroll","background-type":"","background-media":"","overlay-type":"","overlay-color":"","overlay-opacity":"","overlay-gradient":""},"mobile":{"background-color":"","background-image":"","background-repeat":"repeat","background-position":"center center","background-size":"auto","background-attachment":"scroll","background-type":"","background-media":"","overlay-type":"","overlay-color":"","overlay-opacity":"","overlay-gradient":""}},"ast-content-background-meta":{"desktop":{"background-color":"var(--ast-global-color-5)","background-image":"","background-repeat":"repeat","background-position":"center center","background-size":"auto","background-attachment":"scroll","background-type":"","background-media":"","overlay-type":"","overlay-color":"","overlay-opacity":"","overlay-gradient":""},"tablet":{"background-color":"var(--ast-global-color-5)","background-image":"","background-repeat":"repeat","background-position":"center center","background-size":"auto","background-attachment":"scroll","background-type":"","background-media":"","overlay-type":"","overlay-color":"","overlay-opacity":"","overlay-gradient":""},"mobile":{"background-color":"var(--ast-global-color-5)","background-image":"","background-repeat":"repeat","background-position":"center center","background-size":"auto","background-attachment":"scroll","background-type":"","background-media":"","overlay-type":"","overlay-color":"","overlay-opacity":"","overlay-gradient":""}},"footnotes":""},"page-categories":[],"class_list":["post-7755","page","type-page","status-publish","hentry"],"_links":{"self":[{"href":"https:\/\/kiosque.acadienouvelle.com\/municipalite-saint-quentin-2026\/wp-json\/wp\/v2\/pages\/7755","targetHints":{"allow":["GET"]}}],"collection":[{"href":"https:\/\/kiosque.acadienouvelle.com\/municipalite-saint-quentin-2026\/wp-json\/wp\/v2\/pages"}],"about":[{"href":"https:\/\/kiosque.acadienouvelle.com\/municipalite-saint-quentin-2026\/wp-json\/wp\/v2\/types\/page"}],"author":[{"embeddable":true,"href":"https:\/\/kiosque.acadienouvelle.com\/municipalite-saint-quentin-2026\/wp-json\/wp\/v2\/users\/1"}],"replies":[{"embeddable":true,"href":"https:\/\/kiosque.acadienouvelle.com\/municipalite-saint-quentin-2026\/wp-json\/wp\/v2\/comments?post=7755"}],"version-history":[{"count":20,"href":"https:\/\/kiosque.acadienouvelle.com\/municipalite-saint-quentin-2026\/wp-json\/wp\/v2\/pages\/7755\/revisions"}],"predecessor-version":[{"id":7927,"href":"https:\/\/kiosque.acadienouvelle.com\/municipalite-saint-quentin-2026\/wp-json\/wp\/v2\/pages\/7755\/revisions\/7927"}],"wp:attachment":[{"href":"https:\/\/kiosque.acadienouvelle.com\/municipalite-saint-quentin-2026\/wp-json\/wp\/v2\/media?parent=7755"}],"wp:term":[{"taxonomy":"page-categories","embeddable":true,"href":"https:\/\/kiosque.acadienouvelle.com\/municipalite-saint-quentin-2026\/wp-json\/wp\/v2\/page-categories?post=7755"}],"curies":[{"name":"wp","href":"https:\/\/api.w.org\/{rel}","templated":true}]}}