{"id":7757,"date":"2026-03-15T14:04:49","date_gmt":"2026-03-15T14:04:49","guid":{"rendered":"https:\/\/kiosque.acadienouvelle.com\/municipalite-saint-quentin-2026\/plusieurs-attraits-suscitent-linteret-des-gens\/"},"modified":"2026-03-16T15:20:46","modified_gmt":"2026-03-16T15:20:46","slug":"plusieurs-attraits-suscitent-linteret-des-gens","status":"publish","type":"page","link":"https:\/\/kiosque.acadienouvelle.com\/municipalite-saint-quentin-2026\/plusieurs-attraits-suscitent-linteret-des-gens\/","title":{"rendered":"Plusieurs attraits suscitent l\u2019int\u00e9r\u00eat des gens"},"content":{"rendered":"\t\t<div data-elementor-type=\"wp-page\" data-elementor-id=\"7757\" class=\"elementor elementor-7757\" data-elementor-post-type=\"page\">\n\t\t\t\t\t\t<section class=\"elementor-section elementor-top-section elementor-element elementor-element-50c1b6e elementor-section-height-min-height header_title banner_img elementor-section-boxed elementor-section-height-default elementor-section-items-middle\" data-id=\"50c1b6e\" data-element_type=\"section\" data-e-type=\"section\" data-settings=\"{&quot;background_background&quot;:&quot;classic&quot;}\">\n\t\t\t\t\t\t\t<div class=\"elementor-background-overlay\"><\/div>\n\t\t\t\t\t\t\t<div class=\"elementor-container elementor-column-gap-default\">\n\t\t\t\t\t<div class=\"elementor-column elementor-col-100 elementor-top-column elementor-element elementor-element-3a2d241\" data-id=\"3a2d241\" data-element_type=\"column\" data-e-type=\"column\">\n\t\t\t<div class=\"elementor-widget-wrap elementor-element-populated\">\n\t\t\t\t\t\t<div class=\"elementor-element elementor-element-9673cd2 elementor-widget elementor-widget-heading\" data-id=\"9673cd2\" data-element_type=\"widget\" data-e-type=\"widget\" data-widget_type=\"heading.default\">\n\t\t\t\t<div class=\"elementor-widget-container\">\n\t\t\t\t\t<h2 class=\"elementor-heading-title elementor-size-default\">Plusieurs attraits suscitent l\u2019int\u00e9r\u00eat des gens<\/h2>\t\t\t\t<\/div>\n\t\t\t\t<\/div>\n\t\t\t\t\t<\/div>\n\t\t<\/div>\n\t\t\t\t\t<\/div>\n\t\t<\/section>\n\t\t\t\t<section class=\"elementor-section elementor-top-section elementor-element elementor-element-d9a853a elementor-section-boxed elementor-section-height-default elementor-section-height-default\" data-id=\"d9a853a\" data-element_type=\"section\" data-e-type=\"section\">\n\t\t\t\t\t\t<div class=\"elementor-container elementor-column-gap-default\">\n\t\t\t\t\t<div class=\"elementor-column elementor-col-100 elementor-top-column elementor-element elementor-element-68d9c5a page_contain\" data-id=\"68d9c5a\" data-element_type=\"column\" data-e-type=\"column\" data-settings=\"{&quot;background_background&quot;:&quot;classic&quot;}\">\n\t\t\t<div class=\"elementor-widget-wrap elementor-element-populated\">\n\t\t\t\t\t\t<div class=\"elementor-element elementor-element-50f1f9b elementor-widget elementor-widget-image\" data-id=\"50f1f9b\" data-element_type=\"widget\" data-e-type=\"widget\" data-widget_type=\"image.default\">\n\t\t\t\t<div class=\"elementor-widget-container\">\n\t\t\t\t\t\t\t\t\t\t\t\t<figure class=\"wp-caption\">\n\t\t\t\t\t\t\t\t\t\t<img fetchpriority=\"high\" decoding=\"async\" width=\"1366\" height=\"768\" src=\"https:\/\/kiosque.acadienouvelle.com\/municipalite-saint-quentin-2026\/wp-content\/uploads\/sites\/385\/2026\/03\/04_MtCarleton_001_2560px_cmyk_land.jpg\" class=\"attachment-full size-full wp-image-7838\" alt=\"\" srcset=\"https:\/\/kiosque.acadienouvelle.com\/municipalite-saint-quentin-2026\/wp-content\/uploads\/sites\/385\/2026\/03\/04_MtCarleton_001_2560px_cmyk_land.jpg 1366w, https:\/\/kiosque.acadienouvelle.com\/municipalite-saint-quentin-2026\/wp-content\/uploads\/sites\/385\/2026\/03\/04_MtCarleton_001_2560px_cmyk_land-300x169.jpg 300w, https:\/\/kiosque.acadienouvelle.com\/municipalite-saint-quentin-2026\/wp-content\/uploads\/sites\/385\/2026\/03\/04_MtCarleton_001_2560px_cmyk_land-1024x576.jpg 1024w, https:\/\/kiosque.acadienouvelle.com\/municipalite-saint-quentin-2026\/wp-content\/uploads\/sites\/385\/2026\/03\/04_MtCarleton_001_2560px_cmyk_land-768x432.jpg 768w\" sizes=\"(max-width: 1366px) 100vw, 1366px\" \/>\t\t\t\t\t\t\t\t\t\t\t<figcaption class=\"widget-image-caption wp-caption-text\">Le mont Carleton propose bien des aventures en pleine nature. \/ Source : Mont Carleton<\/figcaption>\n\t\t\t\t\t\t\t\t\t\t<\/figure>\n\t\t\t\t\t\t\t\t\t<\/div>\n\t\t\t\t<\/div>\n\t\t<link rel=\"stylesheet\" href=\"https:\/\/use.fontawesome.com\/releases\/v5.5.0\/css\/all.css\" integrity=\"sha384-B4dIYHKNBt8Bc12p+WXckhzcICo0wtJAoU8YZTY5qE0Id1GSseTk6S+L3BlXeVIU\" crossorigin=\"anonymous\">\r\n\t\t<div class=\"elementor-element elementor-element-d0a0a3b mobile_pera elementor-widget elementor-widget-text-editor\" data-id=\"d0a0a3b\" data-element_type=\"widget\" data-e-type=\"widget\" data-widget_type=\"text-editor.default\">\n\t\t\t\t<div class=\"elementor-widget-container\">\n\t\t\t\t\t\t\t\t\tAvec un titre comme celui de la capitale de l\u2019\u00e9rable de l\u2019Atlantique, les attraits touristiques de Saint-Quentin touchent beaucoup \u00e0 la nature et aux activit\u00e9s en plein air. Des activit\u00e9s vari\u00e9es sont propos\u00e9es chaque saison et autant les touristes que les gens locaux y trouvent quelque chose \u00e0 leur go\u00fbt.\t\t\t\t\t\t\t\t<\/div>\n\t\t\t\t<\/div>\n\t\t\t\t<div class=\"elementor-element elementor-element-65effec mobile_pera elementor-widget elementor-widget-text-editor\" data-id=\"65effec\" data-element_type=\"widget\" data-e-type=\"widget\" data-widget_type=\"text-editor.default\">\n\t\t\t\t<div class=\"elementor-widget-container\">\n\t\t\t\t\t\t\t\t\tSelon C\u00e9line Savard, directrice de la vie communautaire et tourisme, le printemps est sans aucun doute synonyme avec le sirop d\u2019\u00e9rable. Le liquide dor\u00e9 coule \u00e0 flots dans les \u00e9rabli\u00e8res de la r\u00e9gion et une visite dans une cabane \u00e0 sucre est une tradition bien ancr\u00e9e.\t\t\t\t\t\t\t\t<\/div>\n\t\t\t\t<\/div>\n\t\t\t\t<div class=\"elementor-element elementor-element-5e18ffb elementor-widget elementor-widget-advertisement\" data-id=\"5e18ffb\" data-element_type=\"widget\" data-e-type=\"widget\" data-widget_type=\"advertisement.default\">\n\t\t\t\t<div class=\"elementor-widget-container\">\n\t\t\t\t\t<div class=\"ads-align-center\"><div data-m32-ad data-options='{\"sizes\":\"[[300,100]]\",\"dfpId\":\"21658289790,27729547\",\"dfpAdUnitPath\":\"acadienouvelle\/cahiers_onefifthpage_300x100\"}'><\/div><\/div>\t\t\t\t<\/div>\n\t\t\t\t<\/div>\n\t\t\t\t<div class=\"elementor-element elementor-element-bd1b0c4 mobile_pera elementor-widget elementor-widget-text-editor\" data-id=\"bd1b0c4\" data-element_type=\"widget\" data-e-type=\"widget\" data-widget_type=\"text-editor.default\">\n\t\t\t\t<div class=\"elementor-widget-container\">\n\t\t\t\t\t\t\t\t\t\u00ab Nous avons aussi tout le c\u00f4t\u00e9 plein air et sportif, \u00e9t\u00e9 comme hiver. Le mont Carleton reste notre attrait touristique majeur pour ce qui est des activit\u00e9s en plein air \u00bb, ajoute Mme Savard. Ce parc provincial de 17\u2009000 hectares combine des for\u00eats acadiennes et des sommets escarp\u00e9s, dont le plus haut des Maritimes. L\u2019endroit est donc parfait pour l\u2019exploration dans ses multiples sentiers qui ont des niveaux de difficult\u00e9 vari\u00e9s.\t\t\t\t\t\t\t\t<\/div>\n\t\t\t\t<\/div>\n\t\t\t\t<div class=\"elementor-element elementor-element-89c72cc mobile_pera elementor-widget elementor-widget-text-editor\" data-id=\"89c72cc\" data-element_type=\"widget\" data-e-type=\"widget\" data-widget_type=\"text-editor.default\">\n\t\t\t\t<div class=\"elementor-widget-container\">\n\t\t\t\t\t\t\t\t\tMme Savard mentionne aussi le club de golf de Saint-Quentin qui attire beaucoup de gens, ainsi que les circuits de moto dans toute la grande r\u00e9gion qui offrent des routes sinueuses en pleine for\u00eat.\t\t\t\t\t\t\t\t<\/div>\n\t\t\t\t<\/div>\n\t\t\t\t<div class=\"elementor-element elementor-element-273cde5 mobile_pera elementor-widget elementor-widget-text-editor\" data-id=\"273cde5\" data-element_type=\"widget\" data-e-type=\"widget\" data-widget_type=\"text-editor.default\">\n\t\t\t\t<div class=\"elementor-widget-container\">\n\t\t\t\t\t\t\t\t\tEn ville, les touristes peuvent visiter l\u2019ancienne gare transform\u00e9e en centre d\u2019information. Des wagons y sont restaur\u00e9s et proposent un espace avec terrasse, ainsi qu\u2019un futur centre d\u2019interpr\u00e9tation sur des th\u00e9matiques comme l\u2019agriculture et la foresterie. Le tout nouveau parc Hector Savoie est situ\u00e9 \u00e0 proximit\u00e9 de la gare et procure un endroit parfait pour la relaxation dans la nature.\t\t\t\t\t\t\t\t<\/div>\n\t\t\t\t<\/div>\n\t\t\t\t<div class=\"elementor-element elementor-element-25de97a elementor-widget elementor-widget-advertisement\" data-id=\"25de97a\" data-element_type=\"widget\" data-e-type=\"widget\" data-widget_type=\"advertisement.default\">\n\t\t\t\t<div class=\"elementor-widget-container\">\n\t\t\t\t\t<div class=\"ads-align-center\"><div data-m32-ad data-options='{\"sizes\":\"[[300,100]]\",\"dfpId\":\"21658289790,27729547\",\"dfpAdUnitPath\":\"acadienouvelle\/cahiers_onefifthpage02_300x100\"}'><\/div><\/div>\t\t\t\t<\/div>\n\t\t\t\t<\/div>\n\t\t\t\t<div class=\"elementor-element elementor-element-30b93e9 mobile_pera elementor-widget elementor-widget-text-editor\" data-id=\"30b93e9\" data-element_type=\"widget\" data-e-type=\"widget\" data-widget_type=\"text-editor.default\">\n\t\t\t\t<div class=\"elementor-widget-container\">\n\t\t\t\t\t\t\t\t\tLa Maison patrimoniale Roy a quant \u00e0 elle \u00e9t\u00e9 construite en 1942 et ce site historique int\u00e9ressant propose un mus\u00e9e aux allures d\u2019un magasin g\u00e9n\u00e9ral d\u2019\u00e9poque.\n\t\t\t\t\t\t\t\t<\/div>\n\t\t\t\t<\/div>\n\t\t\t\t<div class=\"elementor-element elementor-element-6ebd1dc mobile_pera elementor-widget elementor-widget-text-editor\" data-id=\"6ebd1dc\" data-element_type=\"widget\" data-e-type=\"widget\" data-widget_type=\"text-editor.default\">\n\t\t\t\t<div class=\"elementor-widget-container\">\n\t\t\t\t\t\t\t\t\tEnfin, Mme Savard mentionne les \u00e9v\u00e8nements incontournables de Saint-Quentin, soit son Festival Western en juillet et le Festival de l\u2019\u00e9rable de l\u2019Atlantique en f\u00e9vrier.\t\t\t\t\t\t\t\t<\/div>\n\t\t\t\t<\/div>\n\t\t\t\t\t<\/div>\n\t\t<\/div>\n\t\t\t\t\t<\/div>\n\t\t<\/section>\n\t\t\t\t<\/div>\n\t\t","protected":false},"excerpt":{"rendered":"<p>Plusieurs attraits suscitent l\u2019int\u00e9r\u00eat des gens Le mont Carleton propose bien des aventures en pleine nature. \/ Source : Mont Carleton Avec un titre comme celui de la capitale de l\u2019\u00e9rable de l\u2019Atlantique, les attraits touristiques de Saint-Quentin touchent beaucoup \u00e0 la nature et aux activit\u00e9s en plein air. Des activit\u00e9s vari\u00e9es sont propos\u00e9es chaque [&hellip;]<\/p>\n","protected":false},"author":1,"featured_media":0,"parent":0,"menu_order":4,"comment_status":"closed","ping_status":"closed","template":"","meta":{"site-sidebar-layout":"no-sidebar","site-content-layout":"page-builder","ast-site-content-layout":"default","site-content-style":"default","site-sidebar-style":"default","ast-global-header-display":"","ast-banner-title-visibility":"","ast-main-header-display":"","ast-hfb-above-header-display":"","ast-hfb-below-header-display":"","ast-hfb-mobile-header-display":"","site-post-title":"disabled","ast-breadcrumbs-content":"","ast-featured-img":"disabled","footer-sml-layout":"","ast-disable-related-posts":"","theme-transparent-header-meta":"default","adv-header-id-meta":"","stick-header-meta":"","header-above-stick-meta":"","header-main-stick-meta":"","header-below-stick-meta":"","astra-migrate-meta-layouts":"default","ast-page-background-enabled":"default","ast-page-background-meta":{"desktop":{"background-color":"var(--ast-global-color-4)","background-image":"","background-repeat":"repeat","background-position":"center center","background-size":"auto","background-attachment":"scroll","background-type":"","background-media":"","overlay-type":"","overlay-color":"","overlay-opacity":"","overlay-gradient":""},"tablet":{"background-color":"","background-image":"","background-repeat":"repeat","background-position":"center center","background-size":"auto","background-attachment":"scroll","background-type":"","background-media":"","overlay-type":"","overlay-color":"","overlay-opacity":"","overlay-gradient":""},"mobile":{"background-color":"","background-image":"","background-repeat":"repeat","background-position":"center center","background-size":"auto","background-attachment":"scroll","background-type":"","background-media":"","overlay-type":"","overlay-color":"","overlay-opacity":"","overlay-gradient":""}},"ast-content-background-meta":{"desktop":{"background-color":"var(--ast-global-color-5)","background-image":"","background-repeat":"repeat","background-position":"center center","background-size":"auto","background-attachment":"scroll","background-type":"","background-media":"","overlay-type":"","overlay-color":"","overlay-opacity":"","overlay-gradient":""},"tablet":{"background-color":"var(--ast-global-color-5)","background-image":"","background-repeat":"repeat","background-position":"center center","background-size":"auto","background-attachment":"scroll","background-type":"","background-media":"","overlay-type":"","overlay-color":"","overlay-opacity":"","overlay-gradient":""},"mobile":{"background-color":"var(--ast-global-color-5)","background-image":"","background-repeat":"repeat","background-position":"center center","background-size":"auto","background-attachment":"scroll","background-type":"","background-media":"","overlay-type":"","overlay-color":"","overlay-opacity":"","overlay-gradient":""}},"footnotes":""},"page-categories":[],"class_list":["post-7757","page","type-page","status-publish","hentry"],"_links":{"self":[{"href":"https:\/\/kiosque.acadienouvelle.com\/municipalite-saint-quentin-2026\/wp-json\/wp\/v2\/pages\/7757","targetHints":{"allow":["GET"]}}],"collection":[{"href":"https:\/\/kiosque.acadienouvelle.com\/municipalite-saint-quentin-2026\/wp-json\/wp\/v2\/pages"}],"about":[{"href":"https:\/\/kiosque.acadienouvelle.com\/municipalite-saint-quentin-2026\/wp-json\/wp\/v2\/types\/page"}],"author":[{"embeddable":true,"href":"https:\/\/kiosque.acadienouvelle.com\/municipalite-saint-quentin-2026\/wp-json\/wp\/v2\/users\/1"}],"replies":[{"embeddable":true,"href":"https:\/\/kiosque.acadienouvelle.com\/municipalite-saint-quentin-2026\/wp-json\/wp\/v2\/comments?post=7757"}],"version-history":[{"count":25,"href":"https:\/\/kiosque.acadienouvelle.com\/municipalite-saint-quentin-2026\/wp-json\/wp\/v2\/pages\/7757\/revisions"}],"predecessor-version":[{"id":7909,"href":"https:\/\/kiosque.acadienouvelle.com\/municipalite-saint-quentin-2026\/wp-json\/wp\/v2\/pages\/7757\/revisions\/7909"}],"wp:attachment":[{"href":"https:\/\/kiosque.acadienouvelle.com\/municipalite-saint-quentin-2026\/wp-json\/wp\/v2\/media?parent=7757"}],"wp:term":[{"taxonomy":"page-categories","embeddable":true,"href":"https:\/\/kiosque.acadienouvelle.com\/municipalite-saint-quentin-2026\/wp-json\/wp\/v2\/page-categories?post=7757"}],"curies":[{"name":"wp","href":"https:\/\/api.w.org\/{rel}","templated":true}]}}