{"id":7759,"date":"2026-03-15T14:05:43","date_gmt":"2026-03-15T14:05:43","guid":{"rendered":"https:\/\/kiosque.acadienouvelle.com\/municipalite-saint-quentin-2026\/le-festival-western-levenement-de-lete\/"},"modified":"2026-03-16T15:19:55","modified_gmt":"2026-03-16T15:19:55","slug":"le-festival-western-levenement-de-lete","status":"publish","type":"page","link":"https:\/\/kiosque.acadienouvelle.com\/municipalite-saint-quentin-2026\/le-festival-western-levenement-de-lete\/","title":{"rendered":"Le Festival Western, l\u2019\u00e9v\u00e8nement de l\u2019\u00e9t\u00e9"},"content":{"rendered":"\t\t<div data-elementor-type=\"wp-page\" data-elementor-id=\"7759\" class=\"elementor elementor-7759\" data-elementor-post-type=\"page\">\n\t\t\t\t\t\t<section class=\"elementor-section elementor-top-section elementor-element elementor-element-50c1b6e elementor-section-height-min-height header_title banner_img elementor-section-boxed elementor-section-height-default elementor-section-items-middle\" data-id=\"50c1b6e\" data-element_type=\"section\" data-e-type=\"section\" data-settings=\"{&quot;background_background&quot;:&quot;classic&quot;}\">\n\t\t\t\t\t\t\t<div class=\"elementor-background-overlay\"><\/div>\n\t\t\t\t\t\t\t<div class=\"elementor-container elementor-column-gap-default\">\n\t\t\t\t\t<div class=\"elementor-column elementor-col-100 elementor-top-column elementor-element elementor-element-3a2d241\" data-id=\"3a2d241\" data-element_type=\"column\" data-e-type=\"column\">\n\t\t\t<div class=\"elementor-widget-wrap elementor-element-populated\">\n\t\t\t\t\t\t<div class=\"elementor-element elementor-element-9673cd2 elementor-widget elementor-widget-heading\" data-id=\"9673cd2\" data-element_type=\"widget\" data-e-type=\"widget\" data-widget_type=\"heading.default\">\n\t\t\t\t<div class=\"elementor-widget-container\">\n\t\t\t\t\t<h2 class=\"elementor-heading-title elementor-size-default\">Le Festival Western, l\u2019\u00e9v\u00e8nement de l\u2019\u00e9t\u00e9<\/h2>\t\t\t\t<\/div>\n\t\t\t\t<\/div>\n\t\t\t\t\t<\/div>\n\t\t<\/div>\n\t\t\t\t\t<\/div>\n\t\t<\/section>\n\t\t\t\t<section class=\"elementor-section elementor-top-section elementor-element elementor-element-d9a853a elementor-section-boxed elementor-section-height-default elementor-section-height-default\" data-id=\"d9a853a\" data-element_type=\"section\" data-e-type=\"section\">\n\t\t\t\t\t\t<div class=\"elementor-container elementor-column-gap-default\">\n\t\t\t\t\t<div class=\"elementor-column elementor-col-100 elementor-top-column elementor-element elementor-element-68d9c5a page_contain\" data-id=\"68d9c5a\" data-element_type=\"column\" data-e-type=\"column\" data-settings=\"{&quot;background_background&quot;:&quot;classic&quot;}\">\n\t\t\t<div class=\"elementor-widget-wrap elementor-element-populated\">\n\t\t\t\t\t\t<div class=\"elementor-element elementor-element-50f1f9b elementor-widget elementor-widget-image\" data-id=\"50f1f9b\" data-element_type=\"widget\" data-e-type=\"widget\" data-widget_type=\"image.default\">\n\t\t\t\t<div class=\"elementor-widget-container\">\n\t\t\t\t\t\t\t\t\t\t\t\t<figure class=\"wp-caption\">\n\t\t\t\t\t\t\t\t\t\t<img fetchpriority=\"high\" decoding=\"async\" width=\"1366\" height=\"768\" src=\"https:\/\/kiosque.acadienouvelle.com\/municipalite-saint-quentin-2026\/wp-content\/uploads\/sites\/385\/2026\/03\/05_festival-western_cmyk_land.jpg\" class=\"attachment-full size-full wp-image-7861\" alt=\"\" srcset=\"https:\/\/kiosque.acadienouvelle.com\/municipalite-saint-quentin-2026\/wp-content\/uploads\/sites\/385\/2026\/03\/05_festival-western_cmyk_land.jpg 1366w, https:\/\/kiosque.acadienouvelle.com\/municipalite-saint-quentin-2026\/wp-content\/uploads\/sites\/385\/2026\/03\/05_festival-western_cmyk_land-300x169.jpg 300w, https:\/\/kiosque.acadienouvelle.com\/municipalite-saint-quentin-2026\/wp-content\/uploads\/sites\/385\/2026\/03\/05_festival-western_cmyk_land-1024x576.jpg 1024w, https:\/\/kiosque.acadienouvelle.com\/municipalite-saint-quentin-2026\/wp-content\/uploads\/sites\/385\/2026\/03\/05_festival-western_cmyk_land-768x432.jpg 768w\" sizes=\"(max-width: 1366px) 100vw, 1366px\" \/>\t\t\t\t\t\t\t\t\t\t\t<figcaption class=\"widget-image-caption wp-caption-text\">Le Festival Western vous invite \u00e0 sa 40<sup>e<\/sup> \u00e9dition du 7 au 12 juillet 2026. \/ Source : Festival Western<\/figcaption>\n\t\t\t\t\t\t\t\t\t\t<\/figure>\n\t\t\t\t\t\t\t\t\t<\/div>\n\t\t\t\t<\/div>\n\t\t<link rel=\"stylesheet\" href=\"https:\/\/use.fontawesome.com\/releases\/v5.5.0\/css\/all.css\" integrity=\"sha384-B4dIYHKNBt8Bc12p+WXckhzcICo0wtJAoU8YZTY5qE0Id1GSseTk6S+L3BlXeVIU\" crossorigin=\"anonymous\">\r\n\t\t<div class=\"elementor-element elementor-element-d0a0a3b mobile_pera elementor-widget elementor-widget-text-editor\" data-id=\"d0a0a3b\" data-element_type=\"widget\" data-e-type=\"widget\" data-widget_type=\"text-editor.default\">\n\t\t\t\t<div class=\"elementor-widget-container\">\n\t\t\t\t\t\t\t\t\tChaque ann\u00e9e en juillet depuis 40 ans, Saint-Quentin vibre au rythme d\u2019un \u00e9v\u00e8nement phare : son fameux Festival Western. Ce rod\u00e9o professionnel attire des cowboys d\u2019aussi loin que le Texas pour participer \u00e0 cette \u00e9tape de qualification de la Coupe Canada.\t\t\t\t\t\t\t\t<\/div>\n\t\t\t\t<\/div>\n\t\t\t\t<div class=\"elementor-element elementor-element-2aeceaf mobile_pera elementor-widget elementor-widget-text-editor\" data-id=\"2aeceaf\" data-element_type=\"widget\" data-e-type=\"widget\" data-widget_type=\"text-editor.default\">\n\t\t\t\t<div class=\"elementor-widget-container\">\n\t\t\t\t\t\t\t\t\t\u00ab Faire partie de la Coupe Canada est notre particularit\u00e9 qui nous d\u00e9marque des autres rod\u00e9os \u00bb, explique avec satisfaction la pr\u00e9sidente du festival, Nicole D. LaBrie. Elle mentionne \u00e9galement qu\u2019il s\u2019agit du seul festival western organis\u00e9 au Nouveau-Brunswick.\t\t\t\t\t\t\t\t<\/div>\n\t\t\t\t<\/div>\n\t\t\t\t<div class=\"elementor-element elementor-element-5729ae1 elementor-widget elementor-widget-advertisement\" data-id=\"5729ae1\" data-element_type=\"widget\" data-e-type=\"widget\" data-widget_type=\"advertisement.default\">\n\t\t\t\t<div class=\"elementor-widget-container\">\n\t\t\t\t\t<div class=\"ads-align-center\"><div data-m32-ad data-options='{\"sizes\":\"[[300,250]]\",\"dfpId\":\"21658289790,27729547\",\"dfpAdUnitPath\":\"acadienouvelle\/cahiers_quarterpage_300x250\"}'><\/div><\/div>\t\t\t\t<\/div>\n\t\t\t\t<\/div>\n\t\t\t\t<div class=\"elementor-element elementor-element-9576285 mobile_pera elementor-widget elementor-widget-text-editor\" data-id=\"9576285\" data-element_type=\"widget\" data-e-type=\"widget\" data-widget_type=\"text-editor.default\">\n\t\t\t\t<div class=\"elementor-widget-container\">\n\t\t\t\t\t\t\t\t\tLes participants au rod\u00e9o sont de calibre professionnel et offrent des prestations de haut niveau durant les diff\u00e9rentes \u00e9preuves de qualification. L\u2019\u00e9dition 2026 se tiendra cette ann\u00e9e du 7 au 12 juillet et les d\u00e9tails de la programmation seront d\u00e9voil\u00e9s en mars. \u00ab C\u2019est toute une exp\u00e9rience de c\u00f4toyer ces cowboys et de voir leurs animaux de grande qualit\u00e9 qui sont trait\u00e9s comme des vedettes \u00bb, avance-t-elle.\t\t\t\t\t\t\t\t<\/div>\n\t\t\t\t<\/div>\n\t\t\t\t<div class=\"elementor-element elementor-element-29bc80b mobile_pera elementor-widget elementor-widget-text-editor\" data-id=\"29bc80b\" data-element_type=\"widget\" data-e-type=\"widget\" data-widget_type=\"text-editor.default\">\n\t\t\t\t<div class=\"elementor-widget-container\">\n\t\t\t\t\t\t\t\t\tEn plus du rod\u00e9o qui attire des milliers de personnes, le festival propose des spectacles de musique pour divertir les amateurs de musique western, ainsi qu\u2019un pageant Miss Cowgirl. \u00ab Depuis quatre ans, nous offrons aussi des cours de danse en ligne dont la popularit\u00e9 est vraiment \u00e0 la hausse. Les gens peuvent venir suivre un cours et venir danser en ligne en soir\u00e9e avec de l\u2019animation \u00bb, ajoute-t-elle.\t\t\t\t\t\t\t\t<\/div>\n\t\t\t\t<\/div>\n\t\t\t\t<div class=\"elementor-element elementor-element-0b08d94 elementor-widget elementor-widget-advertisement\" data-id=\"0b08d94\" data-element_type=\"widget\" data-e-type=\"widget\" data-widget_type=\"advertisement.default\">\n\t\t\t\t<div class=\"elementor-widget-container\">\n\t\t\t\t\t<div class=\"ads-align-center\"><div data-m32-ad data-options='{\"sizes\":\"[[300,250]]\",\"dfpId\":\"21658289790,27729547\",\"dfpAdUnitPath\":\"acadienouvelle\/cahiers_quarterpage02_300x250\"}'><\/div><\/div>\t\t\t\t<\/div>\n\t\t\t\t<\/div>\n\t\t\t\t<div class=\"elementor-element elementor-element-439182a mobile_pera elementor-widget elementor-widget-text-editor\" data-id=\"439182a\" data-element_type=\"widget\" data-e-type=\"widget\" data-widget_type=\"text-editor.default\">\n\t\t\t\t<div class=\"elementor-widget-container\">\n\t\t\t\t\t\t\t\t\tUn espace est \u00e9galement r\u00e9serv\u00e9 pour des kiosques qui offrent un peu de tout, comme des v\u00eatements et accessoires westerns, de la nourriture, etc. Un coin de jeux gonflable est am\u00e9nag\u00e9 pour les enfants.\t\t\t\t\t\t\t\t<\/div>\n\t\t\t\t<\/div>\n\t\t\t\t<div class=\"elementor-element elementor-element-7481745 mobile_pera elementor-widget elementor-widget-text-editor\" data-id=\"7481745\" data-element_type=\"widget\" data-e-type=\"widget\" data-widget_type=\"text-editor.default\">\n\t\t\t\t<div class=\"elementor-widget-container\">\n\t\t\t\t\t\t\t\t\t\u00ab Je pense que la communaut\u00e9 est fi\u00e8re de son festival et \u00e7a se ressent. Les visiteurs nous disent que c\u2019est le fun et qu\u2019ils sont accueillis avec un sourire \u00bb, conclut Mme LaBrie.\t\t\t\t\t\t\t\t<\/div>\n\t\t\t\t<\/div>\n\t\t\t\t\t<\/div>\n\t\t<\/div>\n\t\t\t\t\t<\/div>\n\t\t<\/section>\n\t\t\t\t<\/div>\n\t\t","protected":false},"excerpt":{"rendered":"<p>Le Festival Western, l\u2019\u00e9v\u00e8nement de l\u2019\u00e9t\u00e9 Le Festival Western vous invite \u00e0 sa 40e \u00e9dition du 7 au 12 juillet 2026. \/ Source : Festival Western Chaque ann\u00e9e en juillet depuis 40 ans, Saint-Quentin vibre au rythme d\u2019un \u00e9v\u00e8nement phare : son fameux Festival Western. Ce rod\u00e9o professionnel attire des cowboys d\u2019aussi loin que le [&hellip;]<\/p>\n","protected":false},"author":1,"featured_media":0,"parent":0,"menu_order":5,"comment_status":"closed","ping_status":"closed","template":"","meta":{"site-sidebar-layout":"no-sidebar","site-content-layout":"page-builder","ast-site-content-layout":"default","site-content-style":"default","site-sidebar-style":"default","ast-global-header-display":"","ast-banner-title-visibility":"","ast-main-header-display":"","ast-hfb-above-header-display":"","ast-hfb-below-header-display":"","ast-hfb-mobile-header-display":"","site-post-title":"disabled","ast-breadcrumbs-content":"","ast-featured-img":"disabled","footer-sml-layout":"","ast-disable-related-posts":"","theme-transparent-header-meta":"default","adv-header-id-meta":"","stick-header-meta":"","header-above-stick-meta":"","header-main-stick-meta":"","header-below-stick-meta":"","astra-migrate-meta-layouts":"default","ast-page-background-enabled":"default","ast-page-background-meta":{"desktop":{"background-color":"var(--ast-global-color-4)","background-image":"","background-repeat":"repeat","background-position":"center center","background-size":"auto","background-attachment":"scroll","background-type":"","background-media":"","overlay-type":"","overlay-color":"","overlay-opacity":"","overlay-gradient":""},"tablet":{"background-color":"","background-image":"","background-repeat":"repeat","background-position":"center center","background-size":"auto","background-attachment":"scroll","background-type":"","background-media":"","overlay-type":"","overlay-color":"","overlay-opacity":"","overlay-gradient":""},"mobile":{"background-color":"","background-image":"","background-repeat":"repeat","background-position":"center center","background-size":"auto","background-attachment":"scroll","background-type":"","background-media":"","overlay-type":"","overlay-color":"","overlay-opacity":"","overlay-gradient":""}},"ast-content-background-meta":{"desktop":{"background-color":"var(--ast-global-color-5)","background-image":"","background-repeat":"repeat","background-position":"center center","background-size":"auto","background-attachment":"scroll","background-type":"","background-media":"","overlay-type":"","overlay-color":"","overlay-opacity":"","overlay-gradient":""},"tablet":{"background-color":"var(--ast-global-color-5)","background-image":"","background-repeat":"repeat","background-position":"center center","background-size":"auto","background-attachment":"scroll","background-type":"","background-media":"","overlay-type":"","overlay-color":"","overlay-opacity":"","overlay-gradient":""},"mobile":{"background-color":"var(--ast-global-color-5)","background-image":"","background-repeat":"repeat","background-position":"center center","background-size":"auto","background-attachment":"scroll","background-type":"","background-media":"","overlay-type":"","overlay-color":"","overlay-opacity":"","overlay-gradient":""}},"footnotes":""},"page-categories":[],"class_list":["post-7759","page","type-page","status-publish","hentry"],"_links":{"self":[{"href":"https:\/\/kiosque.acadienouvelle.com\/municipalite-saint-quentin-2026\/wp-json\/wp\/v2\/pages\/7759","targetHints":{"allow":["GET"]}}],"collection":[{"href":"https:\/\/kiosque.acadienouvelle.com\/municipalite-saint-quentin-2026\/wp-json\/wp\/v2\/pages"}],"about":[{"href":"https:\/\/kiosque.acadienouvelle.com\/municipalite-saint-quentin-2026\/wp-json\/wp\/v2\/types\/page"}],"author":[{"embeddable":true,"href":"https:\/\/kiosque.acadienouvelle.com\/municipalite-saint-quentin-2026\/wp-json\/wp\/v2\/users\/1"}],"replies":[{"embeddable":true,"href":"https:\/\/kiosque.acadienouvelle.com\/municipalite-saint-quentin-2026\/wp-json\/wp\/v2\/comments?post=7759"}],"version-history":[{"count":10,"href":"https:\/\/kiosque.acadienouvelle.com\/municipalite-saint-quentin-2026\/wp-json\/wp\/v2\/pages\/7759\/revisions"}],"predecessor-version":[{"id":7906,"href":"https:\/\/kiosque.acadienouvelle.com\/municipalite-saint-quentin-2026\/wp-json\/wp\/v2\/pages\/7759\/revisions\/7906"}],"wp:attachment":[{"href":"https:\/\/kiosque.acadienouvelle.com\/municipalite-saint-quentin-2026\/wp-json\/wp\/v2\/media?parent=7759"}],"wp:term":[{"taxonomy":"page-categories","embeddable":true,"href":"https:\/\/kiosque.acadienouvelle.com\/municipalite-saint-quentin-2026\/wp-json\/wp\/v2\/page-categories?post=7759"}],"curies":[{"name":"wp","href":"https:\/\/api.w.org\/{rel}","templated":true}]}}