{"id":7761,"date":"2026-03-15T14:07:04","date_gmt":"2026-03-15T14:07:04","guid":{"rendered":"https:\/\/kiosque.acadienouvelle.com\/municipalite-saint-quentin-2026\/inauguration-du-parc-hector-savoie\/"},"modified":"2026-03-16T15:18:57","modified_gmt":"2026-03-16T15:18:57","slug":"inauguration-du-parc-hector-savoie","status":"publish","type":"page","link":"https:\/\/kiosque.acadienouvelle.com\/municipalite-saint-quentin-2026\/inauguration-du-parc-hector-savoie\/","title":{"rendered":"Inauguration du parc Hector Savoie"},"content":{"rendered":"\t\t<div data-elementor-type=\"wp-page\" data-elementor-id=\"7761\" class=\"elementor elementor-7761\" data-elementor-post-type=\"page\">\n\t\t\t\t\t\t<section class=\"elementor-section elementor-top-section elementor-element elementor-element-50c1b6e elementor-section-height-min-height header_title banner_img elementor-section-boxed elementor-section-height-default elementor-section-items-middle\" data-id=\"50c1b6e\" data-element_type=\"section\" data-e-type=\"section\" data-settings=\"{&quot;background_background&quot;:&quot;classic&quot;}\">\n\t\t\t\t\t\t\t<div class=\"elementor-background-overlay\"><\/div>\n\t\t\t\t\t\t\t<div class=\"elementor-container elementor-column-gap-default\">\n\t\t\t\t\t<div class=\"elementor-column elementor-col-100 elementor-top-column elementor-element elementor-element-3a2d241\" data-id=\"3a2d241\" data-element_type=\"column\" data-e-type=\"column\">\n\t\t\t<div class=\"elementor-widget-wrap elementor-element-populated\">\n\t\t\t\t\t\t<div class=\"elementor-element elementor-element-9673cd2 elementor-widget elementor-widget-heading\" data-id=\"9673cd2\" data-element_type=\"widget\" data-e-type=\"widget\" data-widget_type=\"heading.default\">\n\t\t\t\t<div class=\"elementor-widget-container\">\n\t\t\t\t\t<h2 class=\"elementor-heading-title elementor-size-default\">Inauguration du parc Hector Savoie<\/h2>\t\t\t\t<\/div>\n\t\t\t\t<\/div>\n\t\t\t\t\t<\/div>\n\t\t<\/div>\n\t\t\t\t\t<\/div>\n\t\t<\/section>\n\t\t\t\t<section class=\"elementor-section elementor-top-section elementor-element elementor-element-d9a853a elementor-section-boxed elementor-section-height-default elementor-section-height-default\" data-id=\"d9a853a\" data-element_type=\"section\" data-e-type=\"section\">\n\t\t\t\t\t\t<div class=\"elementor-container elementor-column-gap-default\">\n\t\t\t\t\t<div class=\"elementor-column elementor-col-100 elementor-top-column elementor-element elementor-element-68d9c5a page_contain\" data-id=\"68d9c5a\" data-element_type=\"column\" data-e-type=\"column\" data-settings=\"{&quot;background_background&quot;:&quot;classic&quot;}\">\n\t\t\t<div class=\"elementor-widget-wrap elementor-element-populated\">\n\t\t\t\t\t\t<div class=\"elementor-element elementor-element-50f1f9b elementor-widget elementor-widget-image\" data-id=\"50f1f9b\" data-element_type=\"widget\" data-e-type=\"widget\" data-widget_type=\"image.default\">\n\t\t\t\t<div class=\"elementor-widget-container\">\n\t\t\t\t\t\t\t\t\t\t\t\t<figure class=\"wp-caption\">\n\t\t\t\t\t\t\t\t\t\t<img fetchpriority=\"high\" decoding=\"async\" width=\"1366\" height=\"768\" src=\"https:\/\/kiosque.acadienouvelle.com\/municipalite-saint-quentin-2026\/wp-content\/uploads\/sites\/385\/2026\/03\/06_photo-60_land.jpg\" class=\"attachment-full size-full wp-image-7870\" alt=\"\" srcset=\"https:\/\/kiosque.acadienouvelle.com\/municipalite-saint-quentin-2026\/wp-content\/uploads\/sites\/385\/2026\/03\/06_photo-60_land.jpg 1366w, https:\/\/kiosque.acadienouvelle.com\/municipalite-saint-quentin-2026\/wp-content\/uploads\/sites\/385\/2026\/03\/06_photo-60_land-300x169.jpg 300w, https:\/\/kiosque.acadienouvelle.com\/municipalite-saint-quentin-2026\/wp-content\/uploads\/sites\/385\/2026\/03\/06_photo-60_land-1024x576.jpg 1024w, https:\/\/kiosque.acadienouvelle.com\/municipalite-saint-quentin-2026\/wp-content\/uploads\/sites\/385\/2026\/03\/06_photo-60_land-768x432.jpg 768w\" sizes=\"(max-width: 1366px) 100vw, 1366px\" \/>\t\t\t\t\t\t\t\t\t\t\t<figcaption class=\"widget-image-caption wp-caption-text\">Le parc Hector Savoie a \u00e9t\u00e9 officiellement inaugur\u00e9 en septembre dernier. \/ Source : Ville de Saint-Quentin<\/figcaption>\n\t\t\t\t\t\t\t\t\t\t<\/figure>\n\t\t\t\t\t\t\t\t\t<\/div>\n\t\t\t\t<\/div>\n\t\t<link rel=\"stylesheet\" href=\"https:\/\/use.fontawesome.com\/releases\/v5.5.0\/css\/all.css\" integrity=\"sha384-B4dIYHKNBt8Bc12p+WXckhzcICo0wtJAoU8YZTY5qE0Id1GSseTk6S+L3BlXeVIU\" crossorigin=\"anonymous\">\r\n\t\t<div class=\"elementor-element elementor-element-d0a0a3b mobile_pera elementor-widget elementor-widget-text-editor\" data-id=\"d0a0a3b\" data-element_type=\"widget\" data-e-type=\"widget\" data-widget_type=\"text-editor.default\">\n\t\t\t\t<div class=\"elementor-widget-container\">\n\t\t\t\t\t\t\t\t\tLa population de Saint-Quentin a re\u00e7u un magnifique cadeau de la part de Jean-Claude Savoie, un entrepreneur local bien connu. Celui-ci a fait don d\u2019un am\u00e9nagement paysager complet, cr\u00e9ation du paysagiste Jean Thibault. Ce nouvel espace vert a \u00e9t\u00e9 inaugur\u00e9 en septembre 2025 en pr\u00e9sence de plusieurs membres de la famille Savoie.\t\t\t\t\t\t\t\t<\/div>\n\t\t\t\t<\/div>\n\t\t\t\t<div class=\"elementor-element elementor-element-c98fbb7 elementor-widget elementor-widget-advertisement\" data-id=\"c98fbb7\" data-element_type=\"widget\" data-e-type=\"widget\" data-widget_type=\"advertisement.default\">\n\t\t\t\t<div class=\"elementor-widget-container\">\n\t\t\t\t\t<div class=\"ads-align-center\"><div data-m32-ad data-options='{\"sizes\":\"[[300,250]]\",\"dfpId\":\"21658289790,27729547\",\"dfpAdUnitPath\":\"acadienouvelle\/cahiers_quarterpage_300x250\"}'><\/div><\/div>\t\t\t\t<\/div>\n\t\t\t\t<\/div>\n\t\t\t\t<div class=\"elementor-element elementor-element-0e35a4d mobile_pera elementor-widget elementor-widget-text-editor\" data-id=\"0e35a4d\" data-element_type=\"widget\" data-e-type=\"widget\" data-widget_type=\"text-editor.default\">\n\t\t\t\t<div class=\"elementor-widget-container\">\n\t\t\t\t\t\t\t\t\t\u00ab C\u2019est de toute beaut\u00e9! \u00bb, souligne la maire Nicole Somers qui exprime toute sa reconnaissance pour cet ajout \u00e0 la qualit\u00e9 de vie de la population.\t\t\t\t\t\t\t\t<\/div>\n\t\t\t\t<\/div>\n\t\t\t\t<div class=\"elementor-element elementor-element-d5b330d mobile_pera elementor-widget elementor-widget-text-editor\" data-id=\"d5b330d\" data-element_type=\"widget\" data-e-type=\"widget\" data-widget_type=\"text-editor.default\">\n\t\t\t\t<div class=\"elementor-widget-container\">\n\t\t\t\t\t\t\t\t\tLe parc d\u2019une superficie de 3,3 acres comprend des sentiers, fleurs, plants, arbres et arbustes. Son emplacement sur la rue Canada pr\u00e8s de l\u2019ancienne gare qui abrite le centre touristique en fait un lieu id\u00e9al pour les personnes r\u00e9sidentes et les touristes. Les gens sont donc invit\u00e9s \u00e0 y marcher, m\u00e9diter, relaxer et s\u2019impr\u00e9gner de la nature en toute tranquillit\u00e9. \t\t\t\t\t\t\t\t<\/div>\n\t\t\t\t<\/div>\n\t\t\t\t<div class=\"elementor-element elementor-element-704bc77 elementor-widget elementor-widget-advertisement\" data-id=\"704bc77\" data-element_type=\"widget\" data-e-type=\"widget\" data-widget_type=\"advertisement.default\">\n\t\t\t\t<div class=\"elementor-widget-container\">\n\t\t\t\t\t<div class=\"ads-align-center\"><div data-m32-ad data-options='{\"sizes\":\"[[320,480]]\",\"dfpId\":\"21658289790,27729547\",\"dfpAdUnitPath\":\"acadienouvelle\/cahiers_halfpage_320x480\"}'><\/div><\/div>\t\t\t\t<\/div>\n\t\t\t\t<\/div>\n\t\t\t\t<div class=\"elementor-element elementor-element-2281f45 mobile_pera elementor-widget elementor-widget-text-editor\" data-id=\"2281f45\" data-element_type=\"widget\" data-e-type=\"widget\" data-widget_type=\"text-editor.default\">\n\t\t\t\t<div class=\"elementor-widget-container\">\n\t\t\t\t\t\t\t\t\t\u00ab Monsieur Savoie a \u00e9galement fait don d\u2019une murale sur la rue Canada r\u00e9alis\u00e9e par un artiste local, Serge Richard, qui repr\u00e9sente les d\u00e9buts de Saint-Quentin \u00bb, ajoute Mme Somers en pr\u00e9cisant que la peinture originale de ce projet est expos\u00e9e dans la salle du conseil.\t\t\t\t\t\t\t\t<\/div>\n\t\t\t\t<\/div>\n\t\t\t\t\t<\/div>\n\t\t<\/div>\n\t\t\t\t\t<\/div>\n\t\t<\/section>\n\t\t\t\t<\/div>\n\t\t","protected":false},"excerpt":{"rendered":"<p>Inauguration du parc Hector Savoie Le parc Hector Savoie a \u00e9t\u00e9 officiellement inaugur\u00e9 en septembre dernier. \/ Source : Ville de Saint-Quentin La population de Saint-Quentin a re\u00e7u un magnifique cadeau de la part de Jean-Claude Savoie, un entrepreneur local bien connu. Celui-ci a fait don d\u2019un am\u00e9nagement paysager complet, cr\u00e9ation du paysagiste Jean Thibault. [&hellip;]<\/p>\n","protected":false},"author":1,"featured_media":0,"parent":0,"menu_order":6,"comment_status":"closed","ping_status":"closed","template":"","meta":{"site-sidebar-layout":"no-sidebar","site-content-layout":"page-builder","ast-site-content-layout":"default","site-content-style":"default","site-sidebar-style":"default","ast-global-header-display":"","ast-banner-title-visibility":"","ast-main-header-display":"","ast-hfb-above-header-display":"","ast-hfb-below-header-display":"","ast-hfb-mobile-header-display":"","site-post-title":"disabled","ast-breadcrumbs-content":"","ast-featured-img":"disabled","footer-sml-layout":"","ast-disable-related-posts":"","theme-transparent-header-meta":"default","adv-header-id-meta":"","stick-header-meta":"","header-above-stick-meta":"","header-main-stick-meta":"","header-below-stick-meta":"","astra-migrate-meta-layouts":"default","ast-page-background-enabled":"default","ast-page-background-meta":{"desktop":{"background-color":"var(--ast-global-color-4)","background-image":"","background-repeat":"repeat","background-position":"center center","background-size":"auto","background-attachment":"scroll","background-type":"","background-media":"","overlay-type":"","overlay-color":"","overlay-opacity":"","overlay-gradient":""},"tablet":{"background-color":"","background-image":"","background-repeat":"repeat","background-position":"center center","background-size":"auto","background-attachment":"scroll","background-type":"","background-media":"","overlay-type":"","overlay-color":"","overlay-opacity":"","overlay-gradient":""},"mobile":{"background-color":"","background-image":"","background-repeat":"repeat","background-position":"center center","background-size":"auto","background-attachment":"scroll","background-type":"","background-media":"","overlay-type":"","overlay-color":"","overlay-opacity":"","overlay-gradient":""}},"ast-content-background-meta":{"desktop":{"background-color":"var(--ast-global-color-5)","background-image":"","background-repeat":"repeat","background-position":"center center","background-size":"auto","background-attachment":"scroll","background-type":"","background-media":"","overlay-type":"","overlay-color":"","overlay-opacity":"","overlay-gradient":""},"tablet":{"background-color":"var(--ast-global-color-5)","background-image":"","background-repeat":"repeat","background-position":"center center","background-size":"auto","background-attachment":"scroll","background-type":"","background-media":"","overlay-type":"","overlay-color":"","overlay-opacity":"","overlay-gradient":""},"mobile":{"background-color":"var(--ast-global-color-5)","background-image":"","background-repeat":"repeat","background-position":"center center","background-size":"auto","background-attachment":"scroll","background-type":"","background-media":"","overlay-type":"","overlay-color":"","overlay-opacity":"","overlay-gradient":""}},"footnotes":""},"page-categories":[],"class_list":["post-7761","page","type-page","status-publish","hentry"],"_links":{"self":[{"href":"https:\/\/kiosque.acadienouvelle.com\/municipalite-saint-quentin-2026\/wp-json\/wp\/v2\/pages\/7761","targetHints":{"allow":["GET"]}}],"collection":[{"href":"https:\/\/kiosque.acadienouvelle.com\/municipalite-saint-quentin-2026\/wp-json\/wp\/v2\/pages"}],"about":[{"href":"https:\/\/kiosque.acadienouvelle.com\/municipalite-saint-quentin-2026\/wp-json\/wp\/v2\/types\/page"}],"author":[{"embeddable":true,"href":"https:\/\/kiosque.acadienouvelle.com\/municipalite-saint-quentin-2026\/wp-json\/wp\/v2\/users\/1"}],"replies":[{"embeddable":true,"href":"https:\/\/kiosque.acadienouvelle.com\/municipalite-saint-quentin-2026\/wp-json\/wp\/v2\/comments?post=7761"}],"version-history":[{"count":13,"href":"https:\/\/kiosque.acadienouvelle.com\/municipalite-saint-quentin-2026\/wp-json\/wp\/v2\/pages\/7761\/revisions"}],"predecessor-version":[{"id":7903,"href":"https:\/\/kiosque.acadienouvelle.com\/municipalite-saint-quentin-2026\/wp-json\/wp\/v2\/pages\/7761\/revisions\/7903"}],"wp:attachment":[{"href":"https:\/\/kiosque.acadienouvelle.com\/municipalite-saint-quentin-2026\/wp-json\/wp\/v2\/media?parent=7761"}],"wp:term":[{"taxonomy":"page-categories","embeddable":true,"href":"https:\/\/kiosque.acadienouvelle.com\/municipalite-saint-quentin-2026\/wp-json\/wp\/v2\/page-categories?post=7761"}],"curies":[{"name":"wp","href":"https:\/\/api.w.org\/{rel}","templated":true}]}}