{"id":7749,"date":"2025-11-19T20:12:56","date_gmt":"2025-11-19T20:12:56","guid":{"rendered":"https:\/\/kiosque.acadienouvelle.com\/municipalite-shippagan-2025\/?page_id=7749"},"modified":"2025-11-21T18:24:15","modified_gmt":"2025-11-21T18:24:15","slug":"terra-experience-des-sejours-uniques","status":"publish","type":"page","link":"https:\/\/kiosque.acadienouvelle.com\/municipalite-shippagan-2025\/terra-experience-des-sejours-uniques\/","title":{"rendered":"Terra Experience, des s\u00e9jours uniques, les yeux sur la mer"},"content":{"rendered":"\t\t<div data-elementor-type=\"wp-page\" data-elementor-id=\"7749\" class=\"elementor elementor-7749\" data-elementor-post-type=\"page\">\n\t\t\t\t\t\t<section class=\"elementor-section elementor-top-section elementor-element elementor-element-50c1b6e elementor-section-height-min-height header_title banner_img elementor-section-boxed elementor-section-height-default elementor-section-items-middle\" data-id=\"50c1b6e\" data-element_type=\"section\" data-e-type=\"section\" data-settings=\"{&quot;background_background&quot;:&quot;classic&quot;}\">\n\t\t\t\t\t\t\t<div class=\"elementor-background-overlay\"><\/div>\n\t\t\t\t\t\t\t<div class=\"elementor-container elementor-column-gap-default\">\n\t\t\t\t\t<div class=\"elementor-column elementor-col-100 elementor-top-column elementor-element elementor-element-3a2d241\" data-id=\"3a2d241\" data-element_type=\"column\" data-e-type=\"column\">\n\t\t\t<div class=\"elementor-widget-wrap elementor-element-populated\">\n\t\t\t\t\t\t<div class=\"elementor-element elementor-element-9673cd2 elementor-widget elementor-widget-heading\" data-id=\"9673cd2\" data-element_type=\"widget\" data-e-type=\"widget\" data-widget_type=\"heading.default\">\n\t\t\t\t<div class=\"elementor-widget-container\">\n\t\t\t\t\t<h2 class=\"elementor-heading-title elementor-size-default\">Terra Experience, des s\u00e9jours uniques, les yeux sur la mer<\/h2>\t\t\t\t<\/div>\n\t\t\t\t<\/div>\n\t\t\t\t\t<\/div>\n\t\t<\/div>\n\t\t\t\t\t<\/div>\n\t\t<\/section>\n\t\t\t\t<section class=\"elementor-section elementor-top-section elementor-element elementor-element-d9a853a elementor-section-boxed elementor-section-height-default elementor-section-height-default\" data-id=\"d9a853a\" data-element_type=\"section\" data-e-type=\"section\">\n\t\t\t\t\t\t<div class=\"elementor-container elementor-column-gap-default\">\n\t\t\t\t\t<div class=\"elementor-column elementor-col-100 elementor-top-column elementor-element elementor-element-68d9c5a page_contain\" data-id=\"68d9c5a\" data-element_type=\"column\" data-e-type=\"column\" data-settings=\"{&quot;background_background&quot;:&quot;classic&quot;}\">\n\t\t\t<div class=\"elementor-widget-wrap elementor-element-populated\">\n\t\t\t\t\t\t<div class=\"elementor-element elementor-element-50f1f9b elementor-widget elementor-widget-image\" data-id=\"50f1f9b\" data-element_type=\"widget\" data-e-type=\"widget\" data-widget_type=\"image.default\">\n\t\t\t\t<div class=\"elementor-widget-container\">\n\t\t\t\t\t\t\t\t\t\t\t\t<figure class=\"wp-caption\">\n\t\t\t\t\t\t\t\t\t\t<img fetchpriority=\"high\" decoding=\"async\" width=\"1366\" height=\"768\" src=\"https:\/\/kiosque.acadienouvelle.com\/municipalite-shippagan-2025\/wp-content\/uploads\/sites\/369\/2025\/11\/02_photo-zone_land.jpg\" class=\"attachment-full size-full wp-image-7803\" alt=\"\" srcset=\"https:\/\/kiosque.acadienouvelle.com\/municipalite-shippagan-2025\/wp-content\/uploads\/sites\/369\/2025\/11\/02_photo-zone_land.jpg 1366w, https:\/\/kiosque.acadienouvelle.com\/municipalite-shippagan-2025\/wp-content\/uploads\/sites\/369\/2025\/11\/02_photo-zone_land-300x169.jpg 300w, https:\/\/kiosque.acadienouvelle.com\/municipalite-shippagan-2025\/wp-content\/uploads\/sites\/369\/2025\/11\/02_photo-zone_land-1024x576.jpg 1024w, https:\/\/kiosque.acadienouvelle.com\/municipalite-shippagan-2025\/wp-content\/uploads\/sites\/369\/2025\/11\/02_photo-zone_land-768x432.jpg 768w\" sizes=\"(max-width: 1366px) 100vw, 1366px\" \/>\t\t\t\t\t\t\t\t\t\t\t<figcaption class=\"widget-image-caption wp-caption-text\">La maison de Hobbits Tr\u00e2n<\/figcaption>\n\t\t\t\t\t\t\t\t\t\t<\/figure>\n\t\t\t\t\t\t\t\t\t<\/div>\n\t\t\t\t<\/div>\n\t\t<link rel=\"stylesheet\" href=\"https:\/\/use.fontawesome.com\/releases\/v5.5.0\/css\/all.css\" integrity=\"sha384-B4dIYHKNBt8Bc12p+WXckhzcICo0wtJAoU8YZTY5qE0Id1GSseTk6S+L3BlXeVIU\" crossorigin=\"anonymous\">\r\n\t\t<div class=\"elementor-element elementor-element-d0a0a3b mobile_pera elementor-widget elementor-widget-text-editor\" data-id=\"d0a0a3b\" data-element_type=\"widget\" data-e-type=\"widget\" data-widget_type=\"text-editor.default\">\n\t\t\t\t<div class=\"elementor-widget-container\">\n\t\t\t\t\t\t\t\t\tSaviez-vous que le Nouveau-Brunswick propose deux h\u00e9bergements uniques qu\u2019on ne trouve nulle part ailleurs dans l\u2019est du pays? D\u00e9couvrez les maisons de Hobbits et les nids d\u2019amour sur pilotis offerts par Terra Experience au bord de la mer \u00e0 Shippagan!\n\t\t\t\t\t\t\t\t<\/div>\n\t\t\t\t<\/div>\n\t\t\t\t<div class=\"elementor-element elementor-element-0f38446 mobile_pera elementor-widget elementor-widget-text-editor\" data-id=\"0f38446\" data-element_type=\"widget\" data-e-type=\"widget\" data-widget_type=\"text-editor.default\">\n\t\t\t\t<div class=\"elementor-widget-container\">\n\t\t\t\t\t\t\t\t\t<p>Inspir\u00e9es du film <em>Le Seigneur des anneaux<\/em>, les maisons de Hobbits accueillent d\u2019un \u00e0 six adultes. La charmante porte d\u2019entr\u00e9e arrondie et le chalet semi-enterr\u00e9 invitent \u00e0 vivre une exp\u00e9rience immersive, entre mer et nature, loin du quotidien. L\u2019int\u00e9rieur, fait de mat\u00e9riaux artisanaux, cr\u00e9e une ambiance f\u00e9\u00e9rique pour un s\u00e9jour inoubliable. Les maisons de Hobbits comprennent deux chambres dont une avec un grand lit (format<br \/>\u00ab\u2009Queen\u2009\u00bb) et l\u2019autre avec un lit superpos\u00e9 double, une literie luxueuse, une cuisine bien \u00e9quip\u00e9e dont une cafeti\u00e8re haut de gamme et parfaite pour se pr\u00e9parer une tasse avec du d\u00e9licieux caf\u00e9 local de la Br\u00fblerie Munro. Dans l\u2019espace ext\u00e9rieur priv\u00e9, vous retrouverez une baignoire \u00e0 remous, un sauna, un BBQ Big Green Egg et des chaises pour relaxer autour d\u2019un feu.<\/p>\t\t\t\t\t\t\t\t<\/div>\n\t\t\t\t<\/div>\n\t\t\t\t<div class=\"elementor-element elementor-element-e4295b9 elementor-widget elementor-widget-advertisement\" data-id=\"e4295b9\" data-element_type=\"widget\" data-e-type=\"widget\" data-widget_type=\"advertisement.default\">\n\t\t\t\t<div class=\"elementor-widget-container\">\n\t\t\t\t\t<div class=\"ads-align-center\"><div data-m32-ad data-options='{\"sizes\":\"[[300,250]]\",\"dfpId\":\"21658289790,27729547\",\"dfpAdUnitPath\":\"acadienouvelle\/cahiers_quarterpage_300x250\"}'><\/div><\/div>\t\t\t\t<\/div>\n\t\t\t\t<\/div>\n\t\t\t\t<div class=\"elementor-element elementor-element-f38adb5 mobile_pera elementor-widget elementor-widget-text-editor\" data-id=\"f38adb5\" data-element_type=\"widget\" data-e-type=\"widget\" data-widget_type=\"text-editor.default\">\n\t\t\t\t<div class=\"elementor-widget-container\">\n\t\t\t\t\t\t\t\t\tLes nids d\u2019amour accueillent d\u2019un \u00e0 quatre\u00a0adultes et proposent deux chambres avec grands lits (format \u00ab\u2009Queen\u2009\u00bb) et les m\u00eames commodit\u00e9s que les maisons de Hobbits avec, en plus, un hamac qui est parfait pour les moments de d\u00e9tente. Des puits de lumi\u00e8re (\u00ab\u2009skylights\u2009\u00bb)\u00a0au-dessus du lit permettent \u00e9galement \nd\u2019observer le ciel \u00e9toil\u00e9. Vivez une exp\u00e9rience inusit\u00e9e du haut des pilotis!\n\t\t\t\t\t\t\t\t<\/div>\n\t\t\t\t<\/div>\n\t\t\t\t<div class=\"elementor-element elementor-element-2d0c3a2 mobile_pera elementor-widget elementor-widget-text-editor\" data-id=\"2d0c3a2\" data-element_type=\"widget\" data-e-type=\"widget\" data-widget_type=\"text-editor.default\">\n\t\t\t\t<div class=\"elementor-widget-container\">\n\t\t\t\t\t\t\t\t\tChaque h\u00e9bergement offre une magnifique vue sur la mer et donne acc\u00e8s \u00e0 la plage. Les enfants sont les bienvenus gratuitement, et les animaux de compagnie sont accept\u00e9s avec un co\u00fbt suppl\u00e9mentaire de\u00a030\u00a0$ par s\u00e9jour. Terra Experience se situe \u00e0 proximit\u00e9 des sentiers de motoneige et, pendant l\u2019\u00e9t\u00e9, les gens peuvent louer de l\u2019\u00e9quipement pour la p\u00eache au bar ray\u00e9.\t\t\t\t\t\t\t\t<\/div>\n\t\t\t\t<\/div>\n\t\t\t\t<div class=\"elementor-element elementor-element-ac2ab8c mobile_pera elementor-widget elementor-widget-text-editor\" data-id=\"ac2ab8c\" data-element_type=\"widget\" data-e-type=\"widget\" data-widget_type=\"text-editor.default\">\n\t\t\t\t<div class=\"elementor-widget-container\">\n\t\t\t\t\t\t\t\t\tQue ce soit pour vous d\u00e9tendre, explorer ou vous ressourcer, vous trouverez ici un moment hors du temps, \u00e0 partager en couple, en famille ou entre amis.\t\t\t\t\t\t\t\t<\/div>\n\t\t\t\t<\/div>\n\t\t\t\t<div class=\"elementor-element elementor-element-28cdfe1 mobile_pera elementor-widget elementor-widget-text-editor\" data-id=\"28cdfe1\" data-element_type=\"widget\" data-e-type=\"widget\" data-widget_type=\"text-editor.default\">\n\t\t\t\t<div class=\"elementor-widget-container\">\n\t\t\t\t\t\t\t\t\tVenez nous voir au 58, rue des Ressources \u00e0 Shippagan et r\u00e9servez d\u00e8s aujourd\u2019hui directement en ligne \u00e0 terraexperience.ca, par courriel \u00e0 contact@terraexperience.ca ou par t\u00e9l\u00e9phone au (506)\u00a0869-0875.\t\t\t\t\t\t\t\t<\/div>\n\t\t\t\t<\/div>\n\t\t\t\t<div class=\"elementor-element elementor-element-1f4405e mobile_pera elementor-widget elementor-widget-text-editor\" data-id=\"1f4405e\" data-element_type=\"widget\" data-e-type=\"widget\" data-widget_type=\"text-editor.default\">\n\t\t\t\t<div class=\"elementor-widget-container\">\n\t\t\t\t\t\t\t\t\tVous \u00eates chez vous, loin du monde, mais tout pr\u00e8s de vous-m\u00eame. Vivez Terra Experience!\t\t\t\t\t\t\t\t<\/div>\n\t\t\t\t<\/div>\n\t\t\t\t<div class=\"elementor-element elementor-element-6455df0 elementor-widget elementor-widget-image\" data-id=\"6455df0\" data-element_type=\"widget\" data-e-type=\"widget\" data-widget_type=\"image.default\">\n\t\t\t\t<div class=\"elementor-widget-container\">\n\t\t\t\t\t\t\t\t\t\t\t\t\t\t\t<img decoding=\"async\" width=\"860\" height=\"680\" src=\"https:\/\/kiosque.acadienouvelle.com\/municipalite-shippagan-2025\/wp-content\/uploads\/sites\/369\/2025\/11\/02_Screenshot-2025-11-21-092435.jpg\" class=\"attachment-large size-large wp-image-7804\" alt=\"\" srcset=\"https:\/\/kiosque.acadienouvelle.com\/municipalite-shippagan-2025\/wp-content\/uploads\/sites\/369\/2025\/11\/02_Screenshot-2025-11-21-092435.jpg 860w, https:\/\/kiosque.acadienouvelle.com\/municipalite-shippagan-2025\/wp-content\/uploads\/sites\/369\/2025\/11\/02_Screenshot-2025-11-21-092435-300x237.jpg 300w, https:\/\/kiosque.acadienouvelle.com\/municipalite-shippagan-2025\/wp-content\/uploads\/sites\/369\/2025\/11\/02_Screenshot-2025-11-21-092435-768x607.jpg 768w\" sizes=\"(max-width: 860px) 100vw, 860px\" \/>\t\t\t\t\t\t\t\t\t\t\t\t\t\t\t<\/div>\n\t\t\t\t<\/div>\n\t\t\t\t<div class=\"elementor-element elementor-element-890f6fe mobile_pera elementor-widget elementor-widget-text-editor\" data-id=\"890f6fe\" data-element_type=\"widget\" data-e-type=\"widget\" data-widget_type=\"text-editor.default\">\n\t\t\t\t<div class=\"elementor-widget-container\">\n\t\t\t\t\t\t\t\t\t<em>Contenu commandit\u00e9<\/em>\t\t\t\t\t\t\t\t<\/div>\n\t\t\t\t<\/div>\n\t\t\t\t\t<\/div>\n\t\t<\/div>\n\t\t\t\t\t<\/div>\n\t\t<\/section>\n\t\t\t\t<\/div>\n\t\t","protected":false},"excerpt":{"rendered":"<p>Terra Experience, des s\u00e9jours uniques, les yeux sur la mer La maison de Hobbits Tr\u00e2n Saviez-vous que le Nouveau-Brunswick propose deux h\u00e9bergements uniques qu\u2019on ne trouve nulle part ailleurs dans l\u2019est du pays? D\u00e9couvrez les maisons de Hobbits et les nids d\u2019amour sur pilotis offerts par Terra Experience au bord de la mer \u00e0 Shippagan! [&hellip;]<\/p>\n","protected":false},"author":1,"featured_media":0,"parent":0,"menu_order":2,"comment_status":"closed","ping_status":"closed","template":"","meta":{"site-sidebar-layout":"no-sidebar","site-content-layout":"page-builder","ast-site-content-layout":"default","site-content-style":"default","site-sidebar-style":"default","ast-global-header-display":"","ast-banner-title-visibility":"","ast-main-header-display":"","ast-hfb-above-header-display":"","ast-hfb-below-header-display":"","ast-hfb-mobile-header-display":"","site-post-title":"disabled","ast-breadcrumbs-content":"","ast-featured-img":"disabled","footer-sml-layout":"","ast-disable-related-posts":"","theme-transparent-header-meta":"default","adv-header-id-meta":"","stick-header-meta":"","header-above-stick-meta":"","header-main-stick-meta":"","header-below-stick-meta":"","astra-migrate-meta-layouts":"default","ast-page-background-enabled":"default","ast-page-background-meta":{"desktop":{"background-color":"var(--ast-global-color-4)","background-image":"","background-repeat":"repeat","background-position":"center center","background-size":"auto","background-attachment":"scroll","background-type":"","background-media":"","overlay-type":"","overlay-color":"","overlay-opacity":"","overlay-gradient":""},"tablet":{"background-color":"","background-image":"","background-repeat":"repeat","background-position":"center center","background-size":"auto","background-attachment":"scroll","background-type":"","background-media":"","overlay-type":"","overlay-color":"","overlay-opacity":"","overlay-gradient":""},"mobile":{"background-color":"","background-image":"","background-repeat":"repeat","background-position":"center center","background-size":"auto","background-attachment":"scroll","background-type":"","background-media":"","overlay-type":"","overlay-color":"","overlay-opacity":"","overlay-gradient":""}},"ast-content-background-meta":{"desktop":{"background-color":"var(--ast-global-color-5)","background-image":"","background-repeat":"repeat","background-position":"center center","background-size":"auto","background-attachment":"scroll","background-type":"","background-media":"","overlay-type":"","overlay-color":"","overlay-opacity":"","overlay-gradient":""},"tablet":{"background-color":"var(--ast-global-color-5)","background-image":"","background-repeat":"repeat","background-position":"center center","background-size":"auto","background-attachment":"scroll","background-type":"","background-media":"","overlay-type":"","overlay-color":"","overlay-opacity":"","overlay-gradient":""},"mobile":{"background-color":"var(--ast-global-color-5)","background-image":"","background-repeat":"repeat","background-position":"center center","background-size":"auto","background-attachment":"scroll","background-type":"","background-media":"","overlay-type":"","overlay-color":"","overlay-opacity":"","overlay-gradient":""}},"footnotes":""},"page-categories":[],"class_list":["post-7749","page","type-page","status-publish","hentry"],"_links":{"self":[{"href":"https:\/\/kiosque.acadienouvelle.com\/municipalite-shippagan-2025\/wp-json\/wp\/v2\/pages\/7749","targetHints":{"allow":["GET"]}}],"collection":[{"href":"https:\/\/kiosque.acadienouvelle.com\/municipalite-shippagan-2025\/wp-json\/wp\/v2\/pages"}],"about":[{"href":"https:\/\/kiosque.acadienouvelle.com\/municipalite-shippagan-2025\/wp-json\/wp\/v2\/types\/page"}],"author":[{"embeddable":true,"href":"https:\/\/kiosque.acadienouvelle.com\/municipalite-shippagan-2025\/wp-json\/wp\/v2\/users\/1"}],"replies":[{"embeddable":true,"href":"https:\/\/kiosque.acadienouvelle.com\/municipalite-shippagan-2025\/wp-json\/wp\/v2\/comments?post=7749"}],"version-history":[{"count":10,"href":"https:\/\/kiosque.acadienouvelle.com\/municipalite-shippagan-2025\/wp-json\/wp\/v2\/pages\/7749\/revisions"}],"predecessor-version":[{"id":7937,"href":"https:\/\/kiosque.acadienouvelle.com\/municipalite-shippagan-2025\/wp-json\/wp\/v2\/pages\/7749\/revisions\/7937"}],"wp:attachment":[{"href":"https:\/\/kiosque.acadienouvelle.com\/municipalite-shippagan-2025\/wp-json\/wp\/v2\/media?parent=7749"}],"wp:term":[{"taxonomy":"page-categories","embeddable":true,"href":"https:\/\/kiosque.acadienouvelle.com\/municipalite-shippagan-2025\/wp-json\/wp\/v2\/page-categories?post=7749"}],"curies":[{"name":"wp","href":"https:\/\/api.w.org\/{rel}","templated":true}]}}