{"id":7751,"date":"2025-11-19T20:14:56","date_gmt":"2025-11-19T20:14:56","guid":{"rendered":"https:\/\/kiosque.acadienouvelle.com\/municipalite-shippagan-2025\/?page_id=7751"},"modified":"2025-11-21T13:42:15","modified_gmt":"2025-11-21T13:42:15","slug":"shippagan-ou-il-fait-bon-vivre","status":"publish","type":"page","link":"https:\/\/kiosque.acadienouvelle.com\/municipalite-shippagan-2025\/shippagan-ou-il-fait-bon-vivre\/","title":{"rendered":"Shippagan, o\u00f9 il fait bon vivre !"},"content":{"rendered":"\t\t<div data-elementor-type=\"wp-page\" data-elementor-id=\"7751\" class=\"elementor elementor-7751\" data-elementor-post-type=\"page\">\n\t\t\t\t\t\t<section class=\"elementor-section elementor-top-section elementor-element elementor-element-50c1b6e elementor-section-height-min-height header_title banner_img elementor-section-boxed elementor-section-height-default elementor-section-items-middle\" data-id=\"50c1b6e\" data-element_type=\"section\" data-e-type=\"section\" data-settings=\"{&quot;background_background&quot;:&quot;classic&quot;}\">\n\t\t\t\t\t\t\t<div class=\"elementor-background-overlay\"><\/div>\n\t\t\t\t\t\t\t<div class=\"elementor-container elementor-column-gap-default\">\n\t\t\t\t\t<div class=\"elementor-column elementor-col-100 elementor-top-column elementor-element elementor-element-3a2d241\" data-id=\"3a2d241\" data-element_type=\"column\" data-e-type=\"column\">\n\t\t\t<div class=\"elementor-widget-wrap elementor-element-populated\">\n\t\t\t\t\t\t<div class=\"elementor-element elementor-element-9673cd2 elementor-widget elementor-widget-heading\" data-id=\"9673cd2\" data-element_type=\"widget\" data-e-type=\"widget\" data-widget_type=\"heading.default\">\n\t\t\t\t<div class=\"elementor-widget-container\">\n\t\t\t\t\t<h2 class=\"elementor-heading-title elementor-size-default\">Shippagan, o\u00f9 il fait bon vivre !<\/h2>\t\t\t\t<\/div>\n\t\t\t\t<\/div>\n\t\t\t\t\t<\/div>\n\t\t<\/div>\n\t\t\t\t\t<\/div>\n\t\t<\/section>\n\t\t\t\t<section class=\"elementor-section elementor-top-section elementor-element elementor-element-d9a853a elementor-section-boxed elementor-section-height-default elementor-section-height-default\" data-id=\"d9a853a\" data-element_type=\"section\" data-e-type=\"section\">\n\t\t\t\t\t\t<div class=\"elementor-container elementor-column-gap-default\">\n\t\t\t\t\t<div class=\"elementor-column elementor-col-100 elementor-top-column elementor-element elementor-element-68d9c5a page_contain\" data-id=\"68d9c5a\" data-element_type=\"column\" data-e-type=\"column\" data-settings=\"{&quot;background_background&quot;:&quot;classic&quot;}\">\n\t\t\t<div class=\"elementor-widget-wrap elementor-element-populated\">\n\t\t\t\t\t\t<div class=\"elementor-element elementor-element-50f1f9b elementor-widget elementor-widget-image\" data-id=\"50f1f9b\" data-element_type=\"widget\" data-e-type=\"widget\" data-widget_type=\"image.default\">\n\t\t\t\t<div class=\"elementor-widget-container\">\n\t\t\t\t\t\t\t\t\t\t\t\t<figure class=\"wp-caption\">\n\t\t\t\t\t\t\t\t\t\t<img fetchpriority=\"high\" decoding=\"async\" width=\"1366\" height=\"768\" src=\"https:\/\/kiosque.acadienouvelle.com\/municipalite-shippagan-2025\/wp-content\/uploads\/sites\/369\/2025\/11\/03_photo-shippagan-soir_cmyk_land.jpg\" class=\"attachment-full size-full wp-image-7809\" alt=\"\" srcset=\"https:\/\/kiosque.acadienouvelle.com\/municipalite-shippagan-2025\/wp-content\/uploads\/sites\/369\/2025\/11\/03_photo-shippagan-soir_cmyk_land.jpg 1366w, https:\/\/kiosque.acadienouvelle.com\/municipalite-shippagan-2025\/wp-content\/uploads\/sites\/369\/2025\/11\/03_photo-shippagan-soir_cmyk_land-300x169.jpg 300w, https:\/\/kiosque.acadienouvelle.com\/municipalite-shippagan-2025\/wp-content\/uploads\/sites\/369\/2025\/11\/03_photo-shippagan-soir_cmyk_land-1024x576.jpg 1024w, https:\/\/kiosque.acadienouvelle.com\/municipalite-shippagan-2025\/wp-content\/uploads\/sites\/369\/2025\/11\/03_photo-shippagan-soir_cmyk_land-768x432.jpg 768w\" sizes=\"(max-width: 1366px) 100vw, 1366px\" \/>\t\t\t\t\t\t\t\t\t\t\t<figcaption class=\"widget-image-caption wp-caption-text\">La mer est \u00e9troitement li\u00e9e au caract\u00e8re de Shippagan. Source : Municipalit\u00e9 de Shippagan<\/figcaption>\n\t\t\t\t\t\t\t\t\t\t<\/figure>\n\t\t\t\t\t\t\t\t\t<\/div>\n\t\t\t\t<\/div>\n\t\t<link rel=\"stylesheet\" href=\"https:\/\/use.fontawesome.com\/releases\/v5.5.0\/css\/all.css\" integrity=\"sha384-B4dIYHKNBt8Bc12p+WXckhzcICo0wtJAoU8YZTY5qE0Id1GSseTk6S+L3BlXeVIU\" crossorigin=\"anonymous\">\r\n\t\t<div class=\"elementor-element elementor-element-d0a0a3b mobile_pera elementor-widget elementor-widget-text-editor\" data-id=\"d0a0a3b\" data-element_type=\"widget\" data-e-type=\"widget\" data-widget_type=\"text-editor.default\">\n\t\t\t\t<div class=\"elementor-widget-container\">\n\t\t\t\t\t\t\t\t\tSitu\u00e9e en bordure de mer, la municipalit\u00e9 de Shippagan dans la P\u00e9ninsule acadienne offre des vues immanquables sur les levers et couchers de soleil. Sa richesse repose sur ses citoyennes et ses citoyens et leur bienveillance, alors que la ville poss\u00e8de un charme qui lui est propre.\t\t\t\t\t\t\t\t<\/div>\n\t\t\t\t<\/div>\n\t\t\t\t<div class=\"elementor-element elementor-element-d9ea614 mobile_pera elementor-widget elementor-widget-text-editor\" data-id=\"d9ea614\" data-element_type=\"widget\" data-e-type=\"widget\" data-widget_type=\"text-editor.default\">\n\t\t\t\t<div class=\"elementor-widget-container\">\n\t\t\t\t\t\t\t\t\t<p><b>\u00ab Shippagan est un havre de paix \u00bb, avance d\u2019embl\u00e9e son maire, <\/b><b style=\"font-style: inherit;\">Kassim Doumbia.<\/b><\/p>\t\t\t\t\t\t\t\t<\/div>\n\t\t\t\t<\/div>\n\t\t\t\t<div class=\"elementor-element elementor-element-49d564a mobile_pera elementor-widget elementor-widget-text-editor\" data-id=\"49d564a\" data-element_type=\"widget\" data-e-type=\"widget\" data-widget_type=\"text-editor.default\">\n\t\t\t\t<div class=\"elementor-widget-container\">\n\t\t\t\t\t\t\t\t\tSes attraits attirent de nombreux touristes pendant la saison estivale et les gens du coin profitent \u00e9galement de ses magnifiques plages, de l\u2019Aquarium et Centre marin du Nouveau-Brunswick, des boutiques et services du centre-ville, etc. \u00ab Nous avons aussi notre belle V\u00e9loroute, le sentier du rivage et le port de mer \u00bb, ajoute M. Doumbia. Il pr\u00e9cise d\u2019ailleurs fi\u00e8rement que Shippagan comprend la plus grande flottille de bateaux pour la p\u00eache au crabe \u00e0 l\u2019est du pays.\t\t\t\t\t\t\t\t<\/div>\n\t\t\t\t<\/div>\n\t\t\t\t<div class=\"elementor-element elementor-element-d81f6fa elementor-widget elementor-widget-advertisement\" data-id=\"d81f6fa\" data-element_type=\"widget\" data-e-type=\"widget\" data-widget_type=\"advertisement.default\">\n\t\t\t\t<div class=\"elementor-widget-container\">\n\t\t\t\t\t<div class=\"ads-align-center\"><div data-m32-ad data-options='{\"sizes\":\"[[300,100]]\",\"dfpId\":\"21658289790,27729547\",\"dfpAdUnitPath\":\"acadienouvelle\/cahiers_onefifthpage_300x100\"}'><\/div><\/div>\t\t\t\t<\/div>\n\t\t\t\t<\/div>\n\t\t\t\t<div class=\"elementor-element elementor-element-67af4ca mobile_pera elementor-widget elementor-widget-text-editor\" data-id=\"67af4ca\" data-element_type=\"widget\" data-e-type=\"widget\" data-widget_type=\"text-editor.default\">\n\t\t\t\t<div class=\"elementor-widget-container\">\n\t\t\t\t\t\t\t\t\tLa qualit\u00e9 de vie y est en plus agr\u00e9ment\u00e9e par \nles activit\u00e9s sociales et communautaires organis\u00e9es \npar la municipalit\u00e9 ou la Maison de la culture. \nDes regroupements de b\u00e9n\u00e9voles contribuent d\u2019innombrables heures pour favoriser les loisirs et organiser des activit\u00e9s sportives pour tous les \u00e2ges. \u00ab Avec nos parcs, nous avons plusieurs endroits qui offrent de la verdure et un environnement tr\u00e8s s\u00e9curitaire pour les parents qui voudraient venir avec leurs enfants dans la r\u00e9gion \u00bb, poursuit le maire.\t\t\t\t\t\t\t\t<\/div>\n\t\t\t\t<\/div>\n\t\t\t\t<div class=\"elementor-element elementor-element-7d5fba5 mobile_pera elementor-widget elementor-widget-text-editor\" data-id=\"7d5fba5\" data-element_type=\"widget\" data-e-type=\"widget\" data-widget_type=\"text-editor.default\">\n\t\t\t\t<div class=\"elementor-widget-container\">\n\t\t\t\t\t\t\t\t\tIl souligne \u00e9galement le dynamisme des personnes entrepreneures du coin qui n\u2019h\u00e9sitent pas \u00e0 lancer \ndes entreprises innovantes pour contribuer \u00e0 l\u2019essor \u00e9conomique.\t\t\t\t\t\t\t\t<\/div>\n\t\t\t\t<\/div>\n\t\t\t\t<div class=\"elementor-element elementor-element-b481d8e mobile_pera elementor-widget elementor-widget-text-editor\" data-id=\"b481d8e\" data-element_type=\"widget\" data-e-type=\"widget\" data-widget_type=\"text-editor.default\">\n\t\t\t\t<div class=\"elementor-widget-container\">\n\t\t\t\t\t\t\t\t\tLa municipalit\u00e9 de Shippagan compte une population de pr\u00e8s de 5\u2009000 personnes depuis la r\u00e9forme de la gouvernance locale. La ville de Shippagan, le village de Le Goulet et plusieurs districts de services locaux environnants ont alors \u00e9t\u00e9 regroup\u00e9s pour former la nouvelle entit\u00e9 qui a conserv\u00e9 le nom de Shippagan.\t\t\t\t\t\t\t\t<\/div>\n\t\t\t\t<\/div>\n\t\t\t\t<div class=\"elementor-element elementor-element-5139d5e elementor-widget elementor-widget-image\" data-id=\"5139d5e\" data-element_type=\"widget\" data-e-type=\"widget\" data-widget_type=\"image.default\">\n\t\t\t\t<div class=\"elementor-widget-container\">\n\t\t\t\t\t\t\t\t\t\t\t\t<figure class=\"wp-caption\">\n\t\t\t\t\t\t\t\t\t\t<img decoding=\"async\" width=\"485\" height=\"382\" src=\"https:\/\/kiosque.acadienouvelle.com\/municipalite-shippagan-2025\/wp-content\/uploads\/sites\/369\/2025\/11\/03_Photo-Kassim-Doumbia_cmyk.jpg\" class=\"attachment-large size-large wp-image-7814\" alt=\"\" srcset=\"https:\/\/kiosque.acadienouvelle.com\/municipalite-shippagan-2025\/wp-content\/uploads\/sites\/369\/2025\/11\/03_Photo-Kassim-Doumbia_cmyk.jpg 485w, https:\/\/kiosque.acadienouvelle.com\/municipalite-shippagan-2025\/wp-content\/uploads\/sites\/369\/2025\/11\/03_Photo-Kassim-Doumbia_cmyk-300x236.jpg 300w\" sizes=\"(max-width: 485px) 100vw, 485px\" \/>\t\t\t\t\t\t\t\t\t\t\t<figcaption class=\"widget-image-caption wp-caption-text\">Le maire de Shippagan, Kassim Doumbia. Source : Municipalit\u00e9 de Shippagan<\/figcaption>\n\t\t\t\t\t\t\t\t\t\t<\/figure>\n\t\t\t\t\t\t\t\t\t<\/div>\n\t\t\t\t<\/div>\n\t\t\t\t\t<\/div>\n\t\t<\/div>\n\t\t\t\t\t<\/div>\n\t\t<\/section>\n\t\t\t\t<\/div>\n\t\t","protected":false},"excerpt":{"rendered":"<p>Shippagan, o\u00f9 il fait bon vivre ! La mer est \u00e9troitement li\u00e9e au caract\u00e8re de Shippagan. Source : Municipalit\u00e9 de Shippagan Situ\u00e9e en bordure de mer, la municipalit\u00e9 de Shippagan dans la P\u00e9ninsule acadienne offre des vues immanquables sur les levers et couchers de soleil. Sa richesse repose sur ses citoyennes et ses citoyens et [&hellip;]<\/p>\n","protected":false},"author":1,"featured_media":0,"parent":0,"menu_order":3,"comment_status":"closed","ping_status":"closed","template":"","meta":{"site-sidebar-layout":"no-sidebar","site-content-layout":"page-builder","ast-site-content-layout":"default","site-content-style":"default","site-sidebar-style":"default","ast-global-header-display":"","ast-banner-title-visibility":"","ast-main-header-display":"","ast-hfb-above-header-display":"","ast-hfb-below-header-display":"","ast-hfb-mobile-header-display":"","site-post-title":"disabled","ast-breadcrumbs-content":"","ast-featured-img":"disabled","footer-sml-layout":"","ast-disable-related-posts":"","theme-transparent-header-meta":"default","adv-header-id-meta":"","stick-header-meta":"","header-above-stick-meta":"","header-main-stick-meta":"","header-below-stick-meta":"","astra-migrate-meta-layouts":"default","ast-page-background-enabled":"default","ast-page-background-meta":{"desktop":{"background-color":"var(--ast-global-color-4)","background-image":"","background-repeat":"repeat","background-position":"center center","background-size":"auto","background-attachment":"scroll","background-type":"","background-media":"","overlay-type":"","overlay-color":"","overlay-opacity":"","overlay-gradient":""},"tablet":{"background-color":"","background-image":"","background-repeat":"repeat","background-position":"center center","background-size":"auto","background-attachment":"scroll","background-type":"","background-media":"","overlay-type":"","overlay-color":"","overlay-opacity":"","overlay-gradient":""},"mobile":{"background-color":"","background-image":"","background-repeat":"repeat","background-position":"center center","background-size":"auto","background-attachment":"scroll","background-type":"","background-media":"","overlay-type":"","overlay-color":"","overlay-opacity":"","overlay-gradient":""}},"ast-content-background-meta":{"desktop":{"background-color":"var(--ast-global-color-5)","background-image":"","background-repeat":"repeat","background-position":"center center","background-size":"auto","background-attachment":"scroll","background-type":"","background-media":"","overlay-type":"","overlay-color":"","overlay-opacity":"","overlay-gradient":""},"tablet":{"background-color":"var(--ast-global-color-5)","background-image":"","background-repeat":"repeat","background-position":"center center","background-size":"auto","background-attachment":"scroll","background-type":"","background-media":"","overlay-type":"","overlay-color":"","overlay-opacity":"","overlay-gradient":""},"mobile":{"background-color":"var(--ast-global-color-5)","background-image":"","background-repeat":"repeat","background-position":"center center","background-size":"auto","background-attachment":"scroll","background-type":"","background-media":"","overlay-type":"","overlay-color":"","overlay-opacity":"","overlay-gradient":""}},"footnotes":""},"page-categories":[],"class_list":["post-7751","page","type-page","status-publish","hentry"],"_links":{"self":[{"href":"https:\/\/kiosque.acadienouvelle.com\/municipalite-shippagan-2025\/wp-json\/wp\/v2\/pages\/7751","targetHints":{"allow":["GET"]}}],"collection":[{"href":"https:\/\/kiosque.acadienouvelle.com\/municipalite-shippagan-2025\/wp-json\/wp\/v2\/pages"}],"about":[{"href":"https:\/\/kiosque.acadienouvelle.com\/municipalite-shippagan-2025\/wp-json\/wp\/v2\/types\/page"}],"author":[{"embeddable":true,"href":"https:\/\/kiosque.acadienouvelle.com\/municipalite-shippagan-2025\/wp-json\/wp\/v2\/users\/1"}],"replies":[{"embeddable":true,"href":"https:\/\/kiosque.acadienouvelle.com\/municipalite-shippagan-2025\/wp-json\/wp\/v2\/comments?post=7751"}],"version-history":[{"count":10,"href":"https:\/\/kiosque.acadienouvelle.com\/municipalite-shippagan-2025\/wp-json\/wp\/v2\/pages\/7751\/revisions"}],"predecessor-version":[{"id":7820,"href":"https:\/\/kiosque.acadienouvelle.com\/municipalite-shippagan-2025\/wp-json\/wp\/v2\/pages\/7751\/revisions\/7820"}],"wp:attachment":[{"href":"https:\/\/kiosque.acadienouvelle.com\/municipalite-shippagan-2025\/wp-json\/wp\/v2\/media?parent=7751"}],"wp:term":[{"taxonomy":"page-categories","embeddable":true,"href":"https:\/\/kiosque.acadienouvelle.com\/municipalite-shippagan-2025\/wp-json\/wp\/v2\/page-categories?post=7751"}],"curies":[{"name":"wp","href":"https:\/\/api.w.org\/{rel}","templated":true}]}}