{"id":7761,"date":"2025-11-20T12:40:01","date_gmt":"2025-11-20T12:40:01","guid":{"rendered":"https:\/\/kiosque.acadienouvelle.com\/municipalite-shippagan-2025\/?page_id=7761"},"modified":"2025-11-21T14:25:39","modified_gmt":"2025-11-21T14:25:39","slug":"plusieurs-activites-communautaires","status":"publish","type":"page","link":"https:\/\/kiosque.acadienouvelle.com\/municipalite-shippagan-2025\/plusieurs-activites-communautaires\/","title":{"rendered":"Plusieurs activit\u00e9s communautaires \u00e0 venir"},"content":{"rendered":"\t\t<div data-elementor-type=\"wp-page\" data-elementor-id=\"7761\" class=\"elementor elementor-7761\" data-elementor-post-type=\"page\">\n\t\t\t\t\t\t<section class=\"elementor-section elementor-top-section elementor-element elementor-element-50c1b6e elementor-section-height-min-height header_title banner_img elementor-section-boxed elementor-section-height-default elementor-section-items-middle\" data-id=\"50c1b6e\" data-element_type=\"section\" data-e-type=\"section\" data-settings=\"{&quot;background_background&quot;:&quot;classic&quot;}\">\n\t\t\t\t\t\t\t<div class=\"elementor-background-overlay\"><\/div>\n\t\t\t\t\t\t\t<div class=\"elementor-container elementor-column-gap-default\">\n\t\t\t\t\t<div class=\"elementor-column elementor-col-100 elementor-top-column elementor-element elementor-element-3a2d241\" data-id=\"3a2d241\" data-element_type=\"column\" data-e-type=\"column\">\n\t\t\t<div class=\"elementor-widget-wrap elementor-element-populated\">\n\t\t\t\t\t\t<div class=\"elementor-element elementor-element-9673cd2 elementor-widget elementor-widget-heading\" data-id=\"9673cd2\" data-element_type=\"widget\" data-e-type=\"widget\" data-widget_type=\"heading.default\">\n\t\t\t\t<div class=\"elementor-widget-container\">\n\t\t\t\t\t<h2 class=\"elementor-heading-title elementor-size-default\">Plusieurs activit\u00e9s communautaires \u00e0 venir<\/h2>\t\t\t\t<\/div>\n\t\t\t\t<\/div>\n\t\t\t\t\t<\/div>\n\t\t<\/div>\n\t\t\t\t\t<\/div>\n\t\t<\/section>\n\t\t\t\t<section class=\"elementor-section elementor-top-section elementor-element elementor-element-d9a853a elementor-section-boxed elementor-section-height-default elementor-section-height-default\" data-id=\"d9a853a\" data-element_type=\"section\" data-e-type=\"section\">\n\t\t\t\t\t\t<div class=\"elementor-container elementor-column-gap-default\">\n\t\t\t\t\t<div class=\"elementor-column elementor-col-100 elementor-top-column elementor-element elementor-element-68d9c5a page_contain\" data-id=\"68d9c5a\" data-element_type=\"column\" data-e-type=\"column\" data-settings=\"{&quot;background_background&quot;:&quot;classic&quot;}\">\n\t\t\t<div class=\"elementor-widget-wrap elementor-element-populated\">\n\t\t\t\t\t\t<div class=\"elementor-element elementor-element-50f1f9b elementor-widget elementor-widget-image\" data-id=\"50f1f9b\" data-element_type=\"widget\" data-e-type=\"widget\" data-widget_type=\"image.default\">\n\t\t\t\t<div class=\"elementor-widget-container\">\n\t\t\t\t\t\t\t\t\t\t\t\t<figure class=\"wp-caption\">\n\t\t\t\t\t\t\t\t\t\t<img fetchpriority=\"high\" decoding=\"async\" width=\"1366\" height=\"768\" src=\"https:\/\/kiosque.acadienouvelle.com\/municipalite-shippagan-2025\/wp-content\/uploads\/sites\/369\/2025\/11\/08_Village-du-Pere-Noel_cmyk_land.jpg\" class=\"attachment-full size-full wp-image-7844\" alt=\"\" srcset=\"https:\/\/kiosque.acadienouvelle.com\/municipalite-shippagan-2025\/wp-content\/uploads\/sites\/369\/2025\/11\/08_Village-du-Pere-Noel_cmyk_land.jpg 1366w, https:\/\/kiosque.acadienouvelle.com\/municipalite-shippagan-2025\/wp-content\/uploads\/sites\/369\/2025\/11\/08_Village-du-Pere-Noel_cmyk_land-300x169.jpg 300w, https:\/\/kiosque.acadienouvelle.com\/municipalite-shippagan-2025\/wp-content\/uploads\/sites\/369\/2025\/11\/08_Village-du-Pere-Noel_cmyk_land-1024x576.jpg 1024w, https:\/\/kiosque.acadienouvelle.com\/municipalite-shippagan-2025\/wp-content\/uploads\/sites\/369\/2025\/11\/08_Village-du-Pere-Noel_cmyk_land-768x432.jpg 768w\" sizes=\"(max-width: 1366px) 100vw, 1366px\" \/>\t\t\t\t\t\t\t\t\t\t\t<figcaption class=\"widget-image-caption wp-caption-text\">Le p\u00e8re No\u00ebl invite les enfants \u00e0 venir le voir dans son village en d\u00e9cembre.  Source : Municipalit\u00e9 de Shippagan<\/figcaption>\n\t\t\t\t\t\t\t\t\t\t<\/figure>\n\t\t\t\t\t\t\t\t\t<\/div>\n\t\t\t\t<\/div>\n\t\t<link rel=\"stylesheet\" href=\"https:\/\/use.fontawesome.com\/releases\/v5.5.0\/css\/all.css\" integrity=\"sha384-B4dIYHKNBt8Bc12p+WXckhzcICo0wtJAoU8YZTY5qE0Id1GSseTk6S+L3BlXeVIU\" crossorigin=\"anonymous\">\r\n\t\t<div class=\"elementor-element elementor-element-d0a0a3b mobile_pera elementor-widget elementor-widget-text-editor\" data-id=\"d0a0a3b\" data-element_type=\"widget\" data-e-type=\"widget\" data-widget_type=\"text-editor.default\">\n\t\t\t\t<div class=\"elementor-widget-container\">\n\t\t\t\t\t\t\t\t\tLes f\u00eates de No\u00ebl arrivent \u00e0 grands pas et plusieurs activit\u00e9s sont pr\u00e9vues pour c\u00e9l\u00e9brer avec faste la magie de la saison.\t\t\t\t\t\t\t\t<\/div>\n\t\t\t\t<\/div>\n\t\t\t\t<div class=\"elementor-element elementor-element-0b6ad93 mobile_pera elementor-widget elementor-widget-text-editor\" data-id=\"0b6ad93\" data-element_type=\"widget\" data-e-type=\"widget\" data-widget_type=\"text-editor.default\">\n\t\t\t\t<div class=\"elementor-widget-container\">\n\t\t\t\t\t\t\t\t\t<p><b>D\u00e9fil\u00e9 de No\u00ebl<\/b><\/p>\t\t\t\t\t\t\t\t<\/div>\n\t\t\t\t<\/div>\n\t\t\t\t<div class=\"elementor-element elementor-element-74263c8 mobile_pera elementor-widget elementor-widget-text-editor\" data-id=\"74263c8\" data-element_type=\"widget\" data-e-type=\"widget\" data-widget_type=\"text-editor.default\">\n\t\t\t\t<div class=\"elementor-widget-container\">\n\t\t\t\t\t\t\t\t\tLe traditionnel D\u00e9fil\u00e9 de No\u00ebl\naura lieu le 6 d\u00e9cembre \u00e0 18 h. Les citoyennes, citoyens, entreprises et organismes sont invit\u00e9s \u00e0 d\u00e9corer un\nchar all\u00e9gorique, leur v\u00e9hicule ou m\u00eame eux-m\u00eames pour d\u00e9filer de la 15<sup>e<\/sup> Rue jusqu\u2019\u00e0 la rue DeGr\u00e2ce, afin d\u2019\u00e9merveiller les yeux des petits et des grands. Cet \u00e9v\u00e8nement, bien ancr\u00e9 dans la communaut\u00e9 depuis plusieurs ann\u00e9es, continue de rayonner et de rassembler\u2009!\t\t\t\t\t\t\t\t<\/div>\n\t\t\t\t<\/div>\n\t\t\t\t<div class=\"elementor-element elementor-element-87ce0dc mobile_pera elementor-widget elementor-widget-text-editor\" data-id=\"87ce0dc\" data-element_type=\"widget\" data-e-type=\"widget\" data-widget_type=\"text-editor.default\">\n\t\t\t\t<div class=\"elementor-widget-container\">\n\t\t\t\t\t\t\t\t\t\u00c0 la suite du d\u00e9fil\u00e9, des activit\u00e9s festives seront propos\u00e9es. Les d\u00e9tails seront bient\u00f4t d\u00e9voil\u00e9s sur la page Facebook de la municipalit\u00e9 de Shippagan, alors demeurez \u00e0 l\u2019affut pour plus de d\u00e9tails.\t\t\t\t\t\t\t\t<\/div>\n\t\t\t\t<\/div>\n\t\t\t\t<div class=\"elementor-element elementor-element-9770f03 mobile_pera elementor-widget elementor-widget-text-editor\" data-id=\"9770f03\" data-element_type=\"widget\" data-e-type=\"widget\" data-widget_type=\"text-editor.default\">\n\t\t\t\t<div class=\"elementor-widget-container\">\n\t\t\t\t\t\t\t\t\tLes personnes qui souhaitent participer \u00e0 cette belle tradition sont invit\u00e9es \u00e0 contacter la municipalit\u00e9 \nau (506) 888-3466.\t\t\t\t\t\t\t\t<\/div>\n\t\t\t\t<\/div>\n\t\t\t\t<div class=\"elementor-element elementor-element-8b267bd elementor-widget elementor-widget-advertisement\" data-id=\"8b267bd\" data-element_type=\"widget\" data-e-type=\"widget\" data-widget_type=\"advertisement.default\">\n\t\t\t\t<div class=\"elementor-widget-container\">\n\t\t\t\t\t<div class=\"ads-align-center\"><div data-m32-ad data-options='{\"sizes\":\"[[300,250]]\",\"dfpId\":\"21658289790,27729547\",\"dfpAdUnitPath\":\"acadienouvelle\/cahiers_quarterpage_300x250\"}'><\/div><\/div>\t\t\t\t<\/div>\n\t\t\t\t<\/div>\n\t\t\t\t<div class=\"elementor-element elementor-element-a12b7f1 mobile_pera elementor-widget elementor-widget-text-editor\" data-id=\"a12b7f1\" data-element_type=\"widget\" data-e-type=\"widget\" data-widget_type=\"text-editor.default\">\n\t\t\t\t<div class=\"elementor-widget-container\">\n\t\t\t\t\t\t\t\t\t<p><b>Village du p\u00e8re No\u00ebl\u00a0<\/b><\/p>\t\t\t\t\t\t\t\t<\/div>\n\t\t\t\t<\/div>\n\t\t\t\t<div class=\"elementor-element elementor-element-b3daaf1 mobile_pera elementor-widget elementor-widget-text-editor\" data-id=\"b3daaf1\" data-element_type=\"widget\" data-e-type=\"widget\" data-widget_type=\"text-editor.default\">\n\t\t\t\t<div class=\"elementor-widget-container\">\n\t\t\t\t\t\t\t\t\tDepuis plus de 20 ans, le Village du p\u00e8re No\u00ebl, compos\u00e9 de plusieurs petites maisons color\u00e9es, vous attend encore cette ann\u00e9e au Centre de \nplein air Les arpents de neige \u00e0 \nHaut-Shippagan. Le village sera ouvert les 5, 6, 7, 12, 13, 14, 19, 20, 21, 22 et 23 d\u00e9cembre, de 18 h \u00e0 21 h.\t\t\t\t\t\t\t\t<\/div>\n\t\t\t\t<\/div>\n\t\t\t\t<div class=\"elementor-element elementor-element-ab60fe7 mobile_pera elementor-widget elementor-widget-text-editor\" data-id=\"ab60fe7\" data-element_type=\"widget\" data-e-type=\"widget\" data-widget_type=\"text-editor.default\">\n\t\t\t\t<div class=\"elementor-widget-container\">\n\t\t\t\t\t\t\t\t\tDes journ\u00e9es th\u00e9matiques avec \ndes activit\u00e9s attrayantes pour toute \nla famille seront \u00e9galement propos\u00e9es. Le p\u00e8re No\u00ebl sera pr\u00e9sent une journ\u00e9e par fin de semaine. Les d\u00e9tails \nseront bient\u00f4t publi\u00e9s sur la page Facebook de la municipalit\u00e9 \nde Shippagan.\t\t\t\t\t\t\t\t<\/div>\n\t\t\t\t<\/div>\n\t\t\t\t<div class=\"elementor-element elementor-element-a2ae395 mobile_pera elementor-widget elementor-widget-text-editor\" data-id=\"a2ae395\" data-element_type=\"widget\" data-e-type=\"widget\" data-widget_type=\"text-editor.default\">\n\t\t\t\t<div class=\"elementor-widget-container\">\n\t\t\t\t\t\t\t\t\tEt attention\u2026 le Grinch vous attend dans son petit train pour vous faire d\u00e9couvrir le village, o\u00f9 la magie de No\u00ebl lui fait litt\u00e9ralement grincer des dents\u2009!\t\t\t\t\t\t\t\t<\/div>\n\t\t\t\t<\/div>\n\t\t\t\t<div class=\"elementor-element elementor-element-3bc5efc mobile_pera elementor-widget elementor-widget-text-editor\" data-id=\"3bc5efc\" data-element_type=\"widget\" data-e-type=\"widget\" data-widget_type=\"text-editor.default\">\n\t\t\t\t<div class=\"elementor-widget-container\">\n\t\t\t\t\t\t\t\t\t<p><b>Carnaval des glaces<\/b><\/p>\t\t\t\t\t\t\t\t<\/div>\n\t\t\t\t<\/div>\n\t\t\t\t<div class=\"elementor-element elementor-element-a260905 mobile_pera elementor-widget elementor-widget-text-editor\" data-id=\"a260905\" data-element_type=\"widget\" data-e-type=\"widget\" data-widget_type=\"text-editor.default\">\n\t\t\t\t<div class=\"elementor-widget-container\">\n\t\t\t\t\t\t\t\t\tLes d\u00e9tails de la programmation \nne sont pas encore d\u00e9voil\u00e9s, mais le Carnaval des glaces de Shippagan aura lieu du 5 au 8 f\u00e9vrier 2026. \nOn y retrouvera probablement des joutes de volleyball sur neige, un brunch, un tournoi de dames de \npique et des surprises. Plus de d\u00e9tails \n\u00e0 venir bient\u00f4t\u2009!\t\t\t\t\t\t\t\t<\/div>\n\t\t\t\t<\/div>\n\t\t\t\t<div class=\"elementor-element elementor-element-bc50370 elementor-widget elementor-widget-image\" data-id=\"bc50370\" data-element_type=\"widget\" data-e-type=\"widget\" data-widget_type=\"image.default\">\n\t\t\t\t<div class=\"elementor-widget-container\">\n\t\t\t\t\t\t\t\t\t\t\t\t<figure class=\"wp-caption\">\n\t\t\t\t\t\t\t\t\t\t<img decoding=\"async\" width=\"1024\" height=\"576\" src=\"https:\/\/kiosque.acadienouvelle.com\/municipalite-shippagan-2025\/wp-content\/uploads\/sites\/369\/2025\/11\/08_Defile-de-Noel-2_cmyk-1024x576.jpg\" class=\"attachment-large size-large wp-image-7849\" alt=\"\" srcset=\"https:\/\/kiosque.acadienouvelle.com\/municipalite-shippagan-2025\/wp-content\/uploads\/sites\/369\/2025\/11\/08_Defile-de-Noel-2_cmyk-1024x576.jpg 1024w, https:\/\/kiosque.acadienouvelle.com\/municipalite-shippagan-2025\/wp-content\/uploads\/sites\/369\/2025\/11\/08_Defile-de-Noel-2_cmyk-300x169.jpg 300w, https:\/\/kiosque.acadienouvelle.com\/municipalite-shippagan-2025\/wp-content\/uploads\/sites\/369\/2025\/11\/08_Defile-de-Noel-2_cmyk-768x432.jpg 768w, https:\/\/kiosque.acadienouvelle.com\/municipalite-shippagan-2025\/wp-content\/uploads\/sites\/369\/2025\/11\/08_Defile-de-Noel-2_cmyk.jpg 1366w\" sizes=\"(max-width: 1024px) 100vw, 1024px\" \/>\t\t\t\t\t\t\t\t\t\t\t<figcaption class=\"widget-image-caption wp-caption-text\">L\u2019esprit des f\u00eates r\u00e8gne lors du populaire d\u00e9fil\u00e9 de No\u00ebl. Source : Municipalit\u00e9 de Shippagan<\/figcaption>\n\t\t\t\t\t\t\t\t\t\t<\/figure>\n\t\t\t\t\t\t\t\t\t<\/div>\n\t\t\t\t<\/div>\n\t\t\t\t\t<\/div>\n\t\t<\/div>\n\t\t\t\t\t<\/div>\n\t\t<\/section>\n\t\t\t\t<\/div>\n\t\t","protected":false},"excerpt":{"rendered":"<p>Plusieurs activit\u00e9s communautaires \u00e0 venir Le p\u00e8re No\u00ebl invite les enfants \u00e0 venir le voir dans son village en d\u00e9cembre. Source : Municipalit\u00e9 de Shippagan Les f\u00eates de No\u00ebl arrivent \u00e0 grands pas et plusieurs activit\u00e9s sont pr\u00e9vues pour c\u00e9l\u00e9brer avec faste la magie de la saison. D\u00e9fil\u00e9 de No\u00ebl Le traditionnel D\u00e9fil\u00e9 de No\u00ebl [&hellip;]<\/p>\n","protected":false},"author":1,"featured_media":0,"parent":0,"menu_order":8,"comment_status":"closed","ping_status":"closed","template":"","meta":{"site-sidebar-layout":"no-sidebar","site-content-layout":"page-builder","ast-site-content-layout":"default","site-content-style":"default","site-sidebar-style":"default","ast-global-header-display":"","ast-banner-title-visibility":"","ast-main-header-display":"","ast-hfb-above-header-display":"","ast-hfb-below-header-display":"","ast-hfb-mobile-header-display":"","site-post-title":"disabled","ast-breadcrumbs-content":"","ast-featured-img":"disabled","footer-sml-layout":"","ast-disable-related-posts":"","theme-transparent-header-meta":"default","adv-header-id-meta":"","stick-header-meta":"","header-above-stick-meta":"","header-main-stick-meta":"","header-below-stick-meta":"","astra-migrate-meta-layouts":"default","ast-page-background-enabled":"default","ast-page-background-meta":{"desktop":{"background-color":"var(--ast-global-color-4)","background-image":"","background-repeat":"repeat","background-position":"center center","background-size":"auto","background-attachment":"scroll","background-type":"","background-media":"","overlay-type":"","overlay-color":"","overlay-opacity":"","overlay-gradient":""},"tablet":{"background-color":"","background-image":"","background-repeat":"repeat","background-position":"center center","background-size":"auto","background-attachment":"scroll","background-type":"","background-media":"","overlay-type":"","overlay-color":"","overlay-opacity":"","overlay-gradient":""},"mobile":{"background-color":"","background-image":"","background-repeat":"repeat","background-position":"center center","background-size":"auto","background-attachment":"scroll","background-type":"","background-media":"","overlay-type":"","overlay-color":"","overlay-opacity":"","overlay-gradient":""}},"ast-content-background-meta":{"desktop":{"background-color":"var(--ast-global-color-5)","background-image":"","background-repeat":"repeat","background-position":"center center","background-size":"auto","background-attachment":"scroll","background-type":"","background-media":"","overlay-type":"","overlay-color":"","overlay-opacity":"","overlay-gradient":""},"tablet":{"background-color":"var(--ast-global-color-5)","background-image":"","background-repeat":"repeat","background-position":"center center","background-size":"auto","background-attachment":"scroll","background-type":"","background-media":"","overlay-type":"","overlay-color":"","overlay-opacity":"","overlay-gradient":""},"mobile":{"background-color":"var(--ast-global-color-5)","background-image":"","background-repeat":"repeat","background-position":"center center","background-size":"auto","background-attachment":"scroll","background-type":"","background-media":"","overlay-type":"","overlay-color":"","overlay-opacity":"","overlay-gradient":""}},"footnotes":""},"page-categories":[],"class_list":["post-7761","page","type-page","status-publish","hentry"],"_links":{"self":[{"href":"https:\/\/kiosque.acadienouvelle.com\/municipalite-shippagan-2025\/wp-json\/wp\/v2\/pages\/7761","targetHints":{"allow":["GET"]}}],"collection":[{"href":"https:\/\/kiosque.acadienouvelle.com\/municipalite-shippagan-2025\/wp-json\/wp\/v2\/pages"}],"about":[{"href":"https:\/\/kiosque.acadienouvelle.com\/municipalite-shippagan-2025\/wp-json\/wp\/v2\/types\/page"}],"author":[{"embeddable":true,"href":"https:\/\/kiosque.acadienouvelle.com\/municipalite-shippagan-2025\/wp-json\/wp\/v2\/users\/1"}],"replies":[{"embeddable":true,"href":"https:\/\/kiosque.acadienouvelle.com\/municipalite-shippagan-2025\/wp-json\/wp\/v2\/comments?post=7761"}],"version-history":[{"count":7,"href":"https:\/\/kiosque.acadienouvelle.com\/municipalite-shippagan-2025\/wp-json\/wp\/v2\/pages\/7761\/revisions"}],"predecessor-version":[{"id":7852,"href":"https:\/\/kiosque.acadienouvelle.com\/municipalite-shippagan-2025\/wp-json\/wp\/v2\/pages\/7761\/revisions\/7852"}],"wp:attachment":[{"href":"https:\/\/kiosque.acadienouvelle.com\/municipalite-shippagan-2025\/wp-json\/wp\/v2\/media?parent=7761"}],"wp:term":[{"taxonomy":"page-categories","embeddable":true,"href":"https:\/\/kiosque.acadienouvelle.com\/municipalite-shippagan-2025\/wp-json\/wp\/v2\/page-categories?post=7761"}],"curies":[{"name":"wp","href":"https:\/\/api.w.org\/{rel}","templated":true}]}}