{"id":7763,"date":"2025-11-20T12:40:58","date_gmt":"2025-11-20T12:40:58","guid":{"rendered":"https:\/\/kiosque.acadienouvelle.com\/municipalite-shippagan-2025\/?page_id=7763"},"modified":"2025-11-21T14:32:09","modified_gmt":"2025-11-21T14:32:09","slug":"ekko-acadie-accelere-lentrepreneuriat","status":"publish","type":"page","link":"https:\/\/kiosque.acadienouvelle.com\/municipalite-shippagan-2025\/ekko-acadie-accelere-lentrepreneuriat\/","title":{"rendered":"Ekko Acadie acc\u00e9l\u00e8re l\u2019entrepreneuriat collaboratif"},"content":{"rendered":"\t\t<div data-elementor-type=\"wp-page\" data-elementor-id=\"7763\" class=\"elementor elementor-7763\" data-elementor-post-type=\"page\">\n\t\t\t\t\t\t<section class=\"elementor-section elementor-top-section elementor-element elementor-element-50c1b6e elementor-section-height-min-height header_title banner_img elementor-section-boxed elementor-section-height-default elementor-section-items-middle\" data-id=\"50c1b6e\" data-element_type=\"section\" data-e-type=\"section\" data-settings=\"{&quot;background_background&quot;:&quot;classic&quot;}\">\n\t\t\t\t\t\t\t<div class=\"elementor-background-overlay\"><\/div>\n\t\t\t\t\t\t\t<div class=\"elementor-container elementor-column-gap-default\">\n\t\t\t\t\t<div class=\"elementor-column elementor-col-100 elementor-top-column elementor-element elementor-element-3a2d241\" data-id=\"3a2d241\" data-element_type=\"column\" data-e-type=\"column\">\n\t\t\t<div class=\"elementor-widget-wrap elementor-element-populated\">\n\t\t\t\t\t\t<div class=\"elementor-element elementor-element-9673cd2 elementor-widget elementor-widget-heading\" data-id=\"9673cd2\" data-element_type=\"widget\" data-e-type=\"widget\" data-widget_type=\"heading.default\">\n\t\t\t\t<div class=\"elementor-widget-container\">\n\t\t\t\t\t<h2 class=\"elementor-heading-title elementor-size-default\">Ekko Acadie acc\u00e9l\u00e8re l\u2019entrepreneuriat collaboratif<\/h2>\t\t\t\t<\/div>\n\t\t\t\t<\/div>\n\t\t\t\t\t<\/div>\n\t\t<\/div>\n\t\t\t\t\t<\/div>\n\t\t<\/section>\n\t\t\t\t<section class=\"elementor-section elementor-top-section elementor-element elementor-element-d9a853a elementor-section-boxed elementor-section-height-default elementor-section-height-default\" data-id=\"d9a853a\" data-element_type=\"section\" data-e-type=\"section\">\n\t\t\t\t\t\t<div class=\"elementor-container elementor-column-gap-default\">\n\t\t\t\t\t<div class=\"elementor-column elementor-col-100 elementor-top-column elementor-element elementor-element-68d9c5a page_contain\" data-id=\"68d9c5a\" data-element_type=\"column\" data-e-type=\"column\" data-settings=\"{&quot;background_background&quot;:&quot;classic&quot;}\">\n\t\t\t<div class=\"elementor-widget-wrap elementor-element-populated\">\n\t\t\t\t\t\t<div class=\"elementor-element elementor-element-50f1f9b elementor-widget elementor-widget-image\" data-id=\"50f1f9b\" data-element_type=\"widget\" data-e-type=\"widget\" data-widget_type=\"image.default\">\n\t\t\t\t<div class=\"elementor-widget-container\">\n\t\t\t\t\t\t\t\t\t\t\t\t<figure class=\"wp-caption\">\n\t\t\t\t\t\t\t\t\t\t<img fetchpriority=\"high\" decoding=\"async\" width=\"1366\" height=\"768\" src=\"https:\/\/kiosque.acadienouvelle.com\/municipalite-shippagan-2025\/wp-content\/uploads\/sites\/369\/2025\/11\/09_Ekko-Acadie_cmyk_land.jpg\" class=\"attachment-full size-full wp-image-7853\" alt=\"\" srcset=\"https:\/\/kiosque.acadienouvelle.com\/municipalite-shippagan-2025\/wp-content\/uploads\/sites\/369\/2025\/11\/09_Ekko-Acadie_cmyk_land.jpg 1366w, https:\/\/kiosque.acadienouvelle.com\/municipalite-shippagan-2025\/wp-content\/uploads\/sites\/369\/2025\/11\/09_Ekko-Acadie_cmyk_land-300x169.jpg 300w, https:\/\/kiosque.acadienouvelle.com\/municipalite-shippagan-2025\/wp-content\/uploads\/sites\/369\/2025\/11\/09_Ekko-Acadie_cmyk_land-1024x576.jpg 1024w, https:\/\/kiosque.acadienouvelle.com\/municipalite-shippagan-2025\/wp-content\/uploads\/sites\/369\/2025\/11\/09_Ekko-Acadie_cmyk_land-768x432.jpg 768w\" sizes=\"(max-width: 1366px) 100vw, 1366px\" \/>\t\t\t\t\t\t\t\t\t\t\t<figcaption class=\"widget-image-caption wp-caption-text\">Un moment croqu\u00e9 lors d\u2019un \u00e9v\u00e8nement r\u00e9cent organis\u00e9 par Ekko Acadie nomm\u00e9 EKKONNEXION.  Source : Page Facebook d\u2019Ekko Acadie<\/figcaption>\n\t\t\t\t\t\t\t\t\t\t<\/figure>\n\t\t\t\t\t\t\t\t\t<\/div>\n\t\t\t\t<\/div>\n\t\t<link rel=\"stylesheet\" href=\"https:\/\/use.fontawesome.com\/releases\/v5.5.0\/css\/all.css\" integrity=\"sha384-B4dIYHKNBt8Bc12p+WXckhzcICo0wtJAoU8YZTY5qE0Id1GSseTk6S+L3BlXeVIU\" crossorigin=\"anonymous\">\r\n\t\t<div class=\"elementor-element elementor-element-d0a0a3b mobile_pera elementor-widget elementor-widget-text-editor\" data-id=\"d0a0a3b\" data-element_type=\"widget\" data-e-type=\"widget\" data-widget_type=\"text-editor.default\">\n\t\t\t\t<div class=\"elementor-widget-container\">\n\t\t\t\t\t\t\t\t\tConnaissez-vous Ekko Acadie\u2009? \nCe programme vise \u00e0 acc\u00e9l\u00e9rer l\u2019entrepreneuriat collaboratif en appuyant un groupe de personnes entrepreneures pour une dur\u00e9e de neuf mois.\t\t\t\t\t\t\t\t<\/div>\n\t\t\t\t<\/div>\n\t\t\t\t<div class=\"elementor-element elementor-element-d635339 mobile_pera elementor-widget elementor-widget-text-editor\" data-id=\"d635339\" data-element_type=\"widget\" data-e-type=\"widget\" data-widget_type=\"text-editor.default\">\n\t\t\t\t<div class=\"elementor-widget-container\">\n\t\t\t\t\t\t\t\t\t\u00ab Ekko Acadie est un regroupement mont\u00e9 par un groupe d\u2019entrepreneurs de la P\u00e9ninsule acadienne et le mandat est de participer au d\u00e9veloppement \nde la culture entrepreneuriale collaborative \u00bb, explique son \ndirecteur g\u00e9n\u00e9ral, Pat Gauvin.\t\t\t\t\t\t\t\t<\/div>\n\t\t\t\t<\/div>\n\t\t\t\t<div class=\"elementor-element elementor-element-f004496 elementor-widget elementor-widget-advertisement\" data-id=\"f004496\" data-element_type=\"widget\" data-e-type=\"widget\" data-widget_type=\"advertisement.default\">\n\t\t\t\t<div class=\"elementor-widget-container\">\n\t\t\t\t\t<div class=\"ads-align-center\"><div data-m32-ad data-options='{\"sizes\":\"[[300,100]]\",\"dfpId\":\"21658289790,27729547\",\"dfpAdUnitPath\":\"acadienouvelle\/cahiers_onefifthpage_300x100\"}'><\/div><\/div>\t\t\t\t<\/div>\n\t\t\t\t<\/div>\n\t\t\t\t<div class=\"elementor-element elementor-element-94eb0df mobile_pera elementor-widget elementor-widget-text-editor\" data-id=\"94eb0df\" data-element_type=\"widget\" data-e-type=\"widget\" data-widget_type=\"text-editor.default\">\n\t\t\t\t<div class=\"elementor-widget-container\">\n\t\t\t\t\t\t\t\t\tJusqu\u2019\u00e0 dix personnes peuvent s\u2019inscrire \u00e0 la troisi\u00e8me cohorte qui d\u00e9butera ses activit\u00e9s en f\u00e9vrier 2026. Le programme comprend six jours de formation qui abordent des piliers cl\u00e9s, comme la vision et le leadership entrepreneurial, le marketing et la strat\u00e9gie de croissance, l\u2019innovation et le d\u00e9veloppement durable, les finances et la performance, ainsi que les ressources humaines et la culture d\u2019\u00e9quipe positive. Les personnes participantes assistent \u00e9galement \u00e0 \ndes s\u00e9ances de \u00ab mastermind \u00bb o\u00f9 elles partagent leurs exp\u00e9riences et leurs d\u00e9fis pour proposer ensemble des solutions. \u00ab C\u2019est l\u2019un des points forts du programme avec des entrepreneurs qui vont \u00e0 la rencontre des autres entrepreneurs qui ont les m\u00eames d\u00e9fis pour lesquels on trouve des solutions \u00bb, ajoute-t-il.\t\t\t\t\t\t\t\t<\/div>\n\t\t\t\t<\/div>\n\t\t\t\t<div class=\"elementor-element elementor-element-198dfc0 mobile_pera elementor-widget elementor-widget-text-editor\" data-id=\"198dfc0\" data-element_type=\"widget\" data-e-type=\"widget\" data-widget_type=\"text-editor.default\">\n\t\t\t\t<div class=\"elementor-widget-container\">\n\t\t\t\t\t\t\t\t\tLes retomb\u00e9es des deux premi\u00e8res cohortes du programme sont vari\u00e9es. Certaines entreprises ont apport\u00e9 des changements majeurs dans leurs op\u00e9rations, d\u2019autres ont connu des expansions. De nouveaux emplois ont \u00e9t\u00e9 cr\u00e9\u00e9s et des investissements ont \u00e9t\u00e9 effectu\u00e9s dans plusieurs projets. \u00ab En termes de d\u00e9veloppement personnel, beaucoup des entrepreneurs ont trouv\u00e9 \u00e7a positif de partager leurs d\u00e9fis. Ils ont aussi \u00e9largi leur r\u00e9seau \nde contacts \u00bb, note M. Gauvin.\t\t\t\t\t\t\t\t<\/div>\n\t\t\t\t<\/div>\n\t\t\t\t<div class=\"elementor-element elementor-element-17ef9cb elementor-widget elementor-widget-advertisement\" data-id=\"17ef9cb\" data-element_type=\"widget\" data-e-type=\"widget\" data-widget_type=\"advertisement.default\">\n\t\t\t\t<div class=\"elementor-widget-container\">\n\t\t\t\t\t<div class=\"ads-align-center\"><div data-m32-ad data-options='{\"sizes\":\"[[300,100]]\",\"dfpId\":\"21658289790,27729547\",\"dfpAdUnitPath\":\"acadienouvelle\/cahiers_onefifthpage02_300x100\"}'><\/div><\/div>\t\t\t\t<\/div>\n\t\t\t\t<\/div>\n\t\t\t\t<div class=\"elementor-element elementor-element-5acf91b mobile_pera elementor-widget elementor-widget-text-editor\" data-id=\"5acf91b\" data-element_type=\"widget\" data-e-type=\"widget\" data-widget_type=\"text-editor.default\">\n\t\t\t\t<div class=\"elementor-widget-container\">\n\t\t\t\t\t\t\t\t\tUne autre des retomb\u00e9es du programme est l\u2019ouverture d\u2019un espace d\u2019entreposage collectif, Ekko Ship, que les membres peuvent louer selon leurs besoins. \t\t\t\t\t\t\t\t<\/div>\n\t\t\t\t<\/div>\n\t\t\t\t<div class=\"elementor-element elementor-element-3d48bc2 mobile_pera elementor-widget elementor-widget-text-editor\" data-id=\"3d48bc2\" data-element_type=\"widget\" data-e-type=\"widget\" data-widget_type=\"text-editor.default\">\n\t\t\t\t<div class=\"elementor-widget-container\">\n\t\t\t\t\t\t\t\t\t\u00ab Il y a aussi l\u2019aspect communautaire, puisque les entrepreneurs travaillent ensemble \net ont d\u00e9velopp\u00e9 des relations de coop\u00e9ration entre eux. \u00c7a permet de se lever ensemble et de s\u2019entraider \u00bb, conclut M. Gauvin en invitant les personnes int\u00e9ress\u00e9es \u00e0 s\u2019inscrire \u00e0 la prochaine cohorte.\t\t\t\t\t\t\t\t<\/div>\n\t\t\t\t<\/div>\n\t\t\t\t\t<\/div>\n\t\t<\/div>\n\t\t\t\t\t<\/div>\n\t\t<\/section>\n\t\t\t\t<\/div>\n\t\t","protected":false},"excerpt":{"rendered":"<p>Ekko Acadie acc\u00e9l\u00e8re l\u2019entrepreneuriat collaboratif Un moment croqu\u00e9 lors d\u2019un \u00e9v\u00e8nement r\u00e9cent organis\u00e9 par Ekko Acadie nomm\u00e9 EKKONNEXION. Source : Page Facebook d\u2019Ekko Acadie Connaissez-vous Ekko Acadie\u2009? Ce programme vise \u00e0 acc\u00e9l\u00e9rer l\u2019entrepreneuriat collaboratif en appuyant un groupe de personnes entrepreneures pour une dur\u00e9e de neuf mois.\u00ab Ekko Acadie est un regroupement mont\u00e9 par un [&hellip;]<\/p>\n","protected":false},"author":1,"featured_media":0,"parent":0,"menu_order":9,"comment_status":"closed","ping_status":"closed","template":"","meta":{"site-sidebar-layout":"no-sidebar","site-content-layout":"page-builder","ast-site-content-layout":"default","site-content-style":"default","site-sidebar-style":"default","ast-global-header-display":"","ast-banner-title-visibility":"","ast-main-header-display":"","ast-hfb-above-header-display":"","ast-hfb-below-header-display":"","ast-hfb-mobile-header-display":"","site-post-title":"disabled","ast-breadcrumbs-content":"","ast-featured-img":"disabled","footer-sml-layout":"","ast-disable-related-posts":"","theme-transparent-header-meta":"default","adv-header-id-meta":"","stick-header-meta":"","header-above-stick-meta":"","header-main-stick-meta":"","header-below-stick-meta":"","astra-migrate-meta-layouts":"default","ast-page-background-enabled":"default","ast-page-background-meta":{"desktop":{"background-color":"var(--ast-global-color-4)","background-image":"","background-repeat":"repeat","background-position":"center center","background-size":"auto","background-attachment":"scroll","background-type":"","background-media":"","overlay-type":"","overlay-color":"","overlay-opacity":"","overlay-gradient":""},"tablet":{"background-color":"","background-image":"","background-repeat":"repeat","background-position":"center center","background-size":"auto","background-attachment":"scroll","background-type":"","background-media":"","overlay-type":"","overlay-color":"","overlay-opacity":"","overlay-gradient":""},"mobile":{"background-color":"","background-image":"","background-repeat":"repeat","background-position":"center center","background-size":"auto","background-attachment":"scroll","background-type":"","background-media":"","overlay-type":"","overlay-color":"","overlay-opacity":"","overlay-gradient":""}},"ast-content-background-meta":{"desktop":{"background-color":"var(--ast-global-color-5)","background-image":"","background-repeat":"repeat","background-position":"center center","background-size":"auto","background-attachment":"scroll","background-type":"","background-media":"","overlay-type":"","overlay-color":"","overlay-opacity":"","overlay-gradient":""},"tablet":{"background-color":"var(--ast-global-color-5)","background-image":"","background-repeat":"repeat","background-position":"center center","background-size":"auto","background-attachment":"scroll","background-type":"","background-media":"","overlay-type":"","overlay-color":"","overlay-opacity":"","overlay-gradient":""},"mobile":{"background-color":"var(--ast-global-color-5)","background-image":"","background-repeat":"repeat","background-position":"center center","background-size":"auto","background-attachment":"scroll","background-type":"","background-media":"","overlay-type":"","overlay-color":"","overlay-opacity":"","overlay-gradient":""}},"footnotes":""},"page-categories":[],"class_list":["post-7763","page","type-page","status-publish","hentry"],"_links":{"self":[{"href":"https:\/\/kiosque.acadienouvelle.com\/municipalite-shippagan-2025\/wp-json\/wp\/v2\/pages\/7763","targetHints":{"allow":["GET"]}}],"collection":[{"href":"https:\/\/kiosque.acadienouvelle.com\/municipalite-shippagan-2025\/wp-json\/wp\/v2\/pages"}],"about":[{"href":"https:\/\/kiosque.acadienouvelle.com\/municipalite-shippagan-2025\/wp-json\/wp\/v2\/types\/page"}],"author":[{"embeddable":true,"href":"https:\/\/kiosque.acadienouvelle.com\/municipalite-shippagan-2025\/wp-json\/wp\/v2\/users\/1"}],"replies":[{"embeddable":true,"href":"https:\/\/kiosque.acadienouvelle.com\/municipalite-shippagan-2025\/wp-json\/wp\/v2\/comments?post=7763"}],"version-history":[{"count":4,"href":"https:\/\/kiosque.acadienouvelle.com\/municipalite-shippagan-2025\/wp-json\/wp\/v2\/pages\/7763\/revisions"}],"predecessor-version":[{"id":7856,"href":"https:\/\/kiosque.acadienouvelle.com\/municipalite-shippagan-2025\/wp-json\/wp\/v2\/pages\/7763\/revisions\/7856"}],"wp:attachment":[{"href":"https:\/\/kiosque.acadienouvelle.com\/municipalite-shippagan-2025\/wp-json\/wp\/v2\/media?parent=7763"}],"wp:term":[{"taxonomy":"page-categories","embeddable":true,"href":"https:\/\/kiosque.acadienouvelle.com\/municipalite-shippagan-2025\/wp-json\/wp\/v2\/page-categories?post=7763"}],"curies":[{"name":"wp","href":"https:\/\/api.w.org\/{rel}","templated":true}]}}