{"id":7773,"date":"2025-11-20T12:45:15","date_gmt":"2025-11-20T12:45:15","guid":{"rendered":"https:\/\/kiosque.acadienouvelle.com\/municipalite-shippagan-2025\/?page_id=7773"},"modified":"2025-11-21T15:28:41","modified_gmt":"2025-11-21T15:28:41","slug":"des-incitatifs-pour-encourager-le-developpement","status":"publish","type":"page","link":"https:\/\/kiosque.acadienouvelle.com\/municipalite-shippagan-2025\/des-incitatifs-pour-encourager-le-developpement\/","title":{"rendered":"Des incitatifs pour encourager le d\u00e9veloppement des entreprises"},"content":{"rendered":"\t\t<div data-elementor-type=\"wp-page\" data-elementor-id=\"7773\" class=\"elementor elementor-7773\" data-elementor-post-type=\"page\">\n\t\t\t\t\t\t<section class=\"elementor-section elementor-top-section elementor-element elementor-element-50c1b6e elementor-section-height-min-height header_title banner_img elementor-section-boxed elementor-section-height-default elementor-section-items-middle\" data-id=\"50c1b6e\" data-element_type=\"section\" data-e-type=\"section\" data-settings=\"{&quot;background_background&quot;:&quot;classic&quot;}\">\n\t\t\t\t\t\t\t<div class=\"elementor-background-overlay\"><\/div>\n\t\t\t\t\t\t\t<div class=\"elementor-container elementor-column-gap-default\">\n\t\t\t\t\t<div class=\"elementor-column elementor-col-100 elementor-top-column elementor-element elementor-element-3a2d241\" data-id=\"3a2d241\" data-element_type=\"column\" data-e-type=\"column\">\n\t\t\t<div class=\"elementor-widget-wrap elementor-element-populated\">\n\t\t\t\t\t\t<div class=\"elementor-element elementor-element-9673cd2 elementor-widget elementor-widget-heading\" data-id=\"9673cd2\" data-element_type=\"widget\" data-e-type=\"widget\" data-widget_type=\"heading.default\">\n\t\t\t\t<div class=\"elementor-widget-container\">\n\t\t\t\t\t<h2 class=\"elementor-heading-title elementor-size-default\">Des incitatifs pour encourager le d\u00e9veloppement des entreprises<\/h2>\t\t\t\t<\/div>\n\t\t\t\t<\/div>\n\t\t\t\t\t<\/div>\n\t\t<\/div>\n\t\t\t\t\t<\/div>\n\t\t<\/section>\n\t\t\t\t<section class=\"elementor-section elementor-top-section elementor-element elementor-element-d9a853a elementor-section-boxed elementor-section-height-default elementor-section-height-default\" data-id=\"d9a853a\" data-element_type=\"section\" data-e-type=\"section\">\n\t\t\t\t\t\t<div class=\"elementor-container elementor-column-gap-default\">\n\t\t\t\t\t<div class=\"elementor-column elementor-col-100 elementor-top-column elementor-element elementor-element-68d9c5a page_contain\" data-id=\"68d9c5a\" data-element_type=\"column\" data-e-type=\"column\" data-settings=\"{&quot;background_background&quot;:&quot;classic&quot;}\">\n\t\t\t<div class=\"elementor-widget-wrap elementor-element-populated\">\n\t\t\t\t\t\t<div class=\"elementor-element elementor-element-50f1f9b elementor-widget elementor-widget-image\" data-id=\"50f1f9b\" data-element_type=\"widget\" data-e-type=\"widget\" data-widget_type=\"image.default\">\n\t\t\t\t<div class=\"elementor-widget-container\">\n\t\t\t\t\t\t\t\t\t\t\t\t<figure class=\"wp-caption\">\n\t\t\t\t\t\t\t\t\t\t<img fetchpriority=\"high\" decoding=\"async\" width=\"1366\" height=\"768\" src=\"https:\/\/kiosque.acadienouvelle.com\/municipalite-shippagan-2025\/wp-content\/uploads\/sites\/369\/2025\/11\/14_483485950_958683466339396_5185344629489345631_n_cmyk_land.jpg\" class=\"attachment-full size-full wp-image-7905\" alt=\"\" srcset=\"https:\/\/kiosque.acadienouvelle.com\/municipalite-shippagan-2025\/wp-content\/uploads\/sites\/369\/2025\/11\/14_483485950_958683466339396_5185344629489345631_n_cmyk_land.jpg 1366w, https:\/\/kiosque.acadienouvelle.com\/municipalite-shippagan-2025\/wp-content\/uploads\/sites\/369\/2025\/11\/14_483485950_958683466339396_5185344629489345631_n_cmyk_land-300x169.jpg 300w, https:\/\/kiosque.acadienouvelle.com\/municipalite-shippagan-2025\/wp-content\/uploads\/sites\/369\/2025\/11\/14_483485950_958683466339396_5185344629489345631_n_cmyk_land-1024x576.jpg 1024w, https:\/\/kiosque.acadienouvelle.com\/municipalite-shippagan-2025\/wp-content\/uploads\/sites\/369\/2025\/11\/14_483485950_958683466339396_5185344629489345631_n_cmyk_land-768x432.jpg 768w\" sizes=\"(max-width: 1366px) 100vw, 1366px\" \/>\t\t\t\t\t\t\t\t\t\t\t<figcaption class=\"widget-image-caption wp-caption-text\">La Municipalit\u00e9 de Shippagan offre maintenant  des incitatifs pour encourager le d\u00e9veloppement \u00e9conomique. Ici, le maire suppl\u00e9ant, Armand Caron, remet un panier-cadeau d\u2019une valeur de 500 $ \u00e0 ma\u00eetre Martine Lanteigne pour l\u2019ouverture de son cabinet d\u2019avocat. Cet incitatif est offert en partenariat avec Centre-Ville Shippagan et la Chambre de commerce  de Shippagan. Source : Municipalit\u00e9 de Shippagan<\/figcaption>\n\t\t\t\t\t\t\t\t\t\t<\/figure>\n\t\t\t\t\t\t\t\t\t<\/div>\n\t\t\t\t<\/div>\n\t\t<link rel=\"stylesheet\" href=\"https:\/\/use.fontawesome.com\/releases\/v5.5.0\/css\/all.css\" integrity=\"sha384-B4dIYHKNBt8Bc12p+WXckhzcICo0wtJAoU8YZTY5qE0Id1GSseTk6S+L3BlXeVIU\" crossorigin=\"anonymous\">\r\n\t\t<div class=\"elementor-element elementor-element-d0a0a3b mobile_pera elementor-widget elementor-widget-text-editor\" data-id=\"d0a0a3b\" data-element_type=\"widget\" data-e-type=\"widget\" data-widget_type=\"text-editor.default\">\n\t\t\t\t<div class=\"elementor-widget-container\">\n\t\t\t\t\t\t\t\t\tEn plus des incitatifs pour acc\u00e9l\u00e9rer la construction de logement, la municipalit\u00e9 de Shippagan a lanc\u00e9 d\u2019autres initiatives pour soutenir le d\u00e9veloppement \u00e9conomique.\t\t\t\t\t\t\t\t<\/div>\n\t\t\t\t<\/div>\n\t\t\t\t<div class=\"elementor-element elementor-element-a381c1c mobile_pera elementor-widget elementor-widget-text-editor\" data-id=\"a381c1c\" data-element_type=\"widget\" data-e-type=\"widget\" data-widget_type=\"text-editor.default\">\n\t\t\t\t<div class=\"elementor-widget-container\">\n\t\t\t\t\t\t\t\t\t\u00ab Nous voulons nous assurer que les personnes qui voudraient \u00e9riger des entreprises dans notre municipalit\u00e9 sont comp\u00e9titives \u00bb, explique le maire Kassim Doumbia en mentionnant que les membres du conseil planifiaient ceci depuis longtemps.\t\t\t\t\t\t\t\t<\/div>\n\t\t\t\t<\/div>\n\t\t\t\t<div class=\"elementor-element elementor-element-01ac485 mobile_pera elementor-widget elementor-widget-text-editor\" data-id=\"01ac485\" data-element_type=\"widget\" data-e-type=\"widget\" data-widget_type=\"text-editor.default\">\n\t\t\t\t<div class=\"elementor-widget-container\">\n\t\t\t\t\t\t\t\t\tCes incitatifs encourageront donc les personnes entrepreneures \u00e0 cr\u00e9er une toute nouvelle entreprise ou \u00e0 mener un projet d\u2019expansion et de croissance d\u2019une entreprise existante. \u00ab Tout d\u00e9pend de l\u2019investissement \nque l\u2019entrepreneur va faire dans son entreprise. Nous avons diff\u00e9rents bar\u00e8mes mis de l\u2019avant \u00bb, pr\u00e9cise le maire en signalant le potentiel de remises de taxes, de rabais pour le raccordement au r\u00e9seau d\u2019eau et d\u2019\u00e9gout et autres.\t\t\t\t\t\t\t\t<\/div>\n\t\t\t\t<\/div>\n\t\t\t\t<div class=\"elementor-element elementor-element-34a9e9e elementor-widget elementor-widget-advertisement\" data-id=\"34a9e9e\" data-element_type=\"widget\" data-e-type=\"widget\" data-widget_type=\"advertisement.default\">\n\t\t\t\t<div class=\"elementor-widget-container\">\n\t\t\t\t\t<div class=\"ads-align-center\"><div data-m32-ad data-options='{\"sizes\":\"[[300,100]]\",\"dfpId\":\"21658289790,27729547\",\"dfpAdUnitPath\":\"acadienouvelle\/cahiers_onefifthpage_300x100\"}'><\/div><\/div>\t\t\t\t<\/div>\n\t\t\t\t<\/div>\n\t\t\t\t<div class=\"elementor-element elementor-element-0b6ad93 mobile_pera elementor-widget elementor-widget-text-editor\" data-id=\"0b6ad93\" data-element_type=\"widget\" data-e-type=\"widget\" data-widget_type=\"text-editor.default\">\n\t\t\t\t<div class=\"elementor-widget-container\">\n\t\t\t\t\t\t\t\t\t<p><b>Portrait \u00e9conomique<\/b><\/p>\t\t\t\t\t\t\t\t<\/div>\n\t\t\t\t<\/div>\n\t\t\t\t<div class=\"elementor-element elementor-element-74263c8 mobile_pera elementor-widget elementor-widget-text-editor\" data-id=\"74263c8\" data-element_type=\"widget\" data-e-type=\"widget\" data-widget_type=\"text-editor.default\">\n\t\t\t\t<div class=\"elementor-widget-container\">\n\t\t\t\t\t\t\t\t\tL\u2019industrie des p\u00eaches repr\u00e9sente le \nprincipal pilier de l\u2019\u00e9conomie \u00e0 Shippagan. \nLa municipalit\u00e9 abrite la plus grande flottille \nde bateaux de p\u00eache au crabe de l\u2019est du Canada \net ce secteur soutient de nombreuses entreprises de services connexes, comme la fabrication de bateaux, leur r\u00e9paration et leur entretien, la vente de produits marins, etc. \t\t\t\t\t\t\t\t<\/div>\n\t\t\t\t<\/div>\n\t\t\t\t<div class=\"elementor-element elementor-element-d6794ee mobile_pera elementor-widget elementor-widget-text-editor\" data-id=\"d6794ee\" data-element_type=\"widget\" data-e-type=\"widget\" data-widget_type=\"text-editor.default\">\n\t\t\t\t<div class=\"elementor-widget-container\">\n\t\t\t\t\t\t\t\t\t\u00ab Nous ne pouvons pas non plus passer sous silence nos deux \u00e9tablissements d\u2019enseignement avec les campus de Shippagan de l\u2019Universit\u00e9 \nde Moncton et du Coll\u00e8ge communautaire du Nouveau-Brunswick. Tous deux contribuent \n\u00e0 d\u00e9velopper les cerveaux d\u2019aujourd\u2019hui et \nde demain avec les gens qui iront travailler \ndans nos entreprises \u00bb, souligne le maire. \nIl mentionne aussi que ces deux \u00e9tablissements repr\u00e9sentent des employeurs importants. \t\t\t\t\t\t\t\t<\/div>\n\t\t\t\t<\/div>\n\t\t\t\t<div class=\"elementor-element elementor-element-8199ff3 mobile_pera elementor-widget elementor-widget-text-editor\" data-id=\"8199ff3\" data-element_type=\"widget\" data-e-type=\"widget\" data-widget_type=\"text-editor.default\">\n\t\t\t\t<div class=\"elementor-widget-container\">\n\t\t\t\t\t\t\t\t\tShippagan compte \u00e9galement de nombreuses entreprises de services, comme les services bancaires et professionnels, sans oublier des compagnies du secteur manufacturier. Des restaurants de qualit\u00e9, des attractions touristiques int\u00e9ressantes et plusieurs options d\u2019h\u00e9bergement s\u2019ajoutent \u00e0 l\u2019offre \u00e9conomique de la r\u00e9gion.\t\t\t\t\t\t\t\t<\/div>\n\t\t\t\t<\/div>\n\t\t\t\t<div class=\"elementor-element elementor-element-89daf0a elementor-widget elementor-widget-heading\" data-id=\"89daf0a\" data-element_type=\"widget\" data-e-type=\"widget\" data-widget_type=\"heading.default\">\n\t\t\t\t<div class=\"elementor-widget-container\">\n\t\t\t\t\t<h2 class=\"elementor-heading-title elementor-size-default\">Un programme d\u2019incitatif pour les nouveau-n\u00e9s<\/h2>\t\t\t\t<\/div>\n\t\t\t\t<\/div>\n\t\t\t\t<div class=\"elementor-element elementor-element-2246211 box_pera elementor-widget elementor-widget-text-editor\" data-id=\"2246211\" data-element_type=\"widget\" data-e-type=\"widget\" data-widget_type=\"text-editor.default\">\n\t\t\t\t<div class=\"elementor-widget-container\">\n\t\t\t\t\t\t\t\t\t<figure id=\"attachment_7907\" aria-describedby=\"caption-attachment-7907\" style=\"width: 600px\" class=\"wp-caption aligncenter\"><img decoding=\"async\" class=\"wp-image-7907\" src=\"https:\/\/kiosque.acadienouvelle.com\/municipalite-shippagan-2025\/wp-content\/uploads\/sites\/369\/2025\/11\/14_Incitatif-nouveau-ne_cmyk.jpg\" alt=\"\" width=\"600\" height=\"628\" srcset=\"https:\/\/kiosque.acadienouvelle.com\/municipalite-shippagan-2025\/wp-content\/uploads\/sites\/369\/2025\/11\/14_Incitatif-nouveau-ne_cmyk.jpg 963w, https:\/\/kiosque.acadienouvelle.com\/municipalite-shippagan-2025\/wp-content\/uploads\/sites\/369\/2025\/11\/14_Incitatif-nouveau-ne_cmyk-287x300.jpg 287w, https:\/\/kiosque.acadienouvelle.com\/municipalite-shippagan-2025\/wp-content\/uploads\/sites\/369\/2025\/11\/14_Incitatif-nouveau-ne_cmyk-768x804.jpg 768w\" sizes=\"(max-width: 600px) 100vw, 600px\" \/><figcaption id=\"caption-attachment-7907\" class=\"wp-caption-text\">Source : Municipalit\u00e9 de Shippagan<\/figcaption><\/figure><p><span style=\"color: var( --e-global-color-text ); font-style: inherit; font-weight: inherit;\">Shippagan offre \u00e9galement un programme d\u2019incitatif pour les nouveau-n\u00e9s, en collaboration avec des partenaires r\u00e9gionaux, soit L\u2019Ind\u00e9pendant, Shoppers Drug Mart, l\u2019\u00c9picerie Le Breton, la Boutique Mini-Folie et la Biblioth\u00e8que publique Laval-Goupil. Ce programme soutient les familles de la communaut\u00e9 en leur remettant des paniers de bienvenue d\u2019une valeur de 300 dollars chacun, \u00e0 l\u2019occasion de la naissance ou de l\u2019adoption d\u2019un enfant. Depuis mai 2025, seize paniers ont \u00e9t\u00e9 distribu\u00e9s \u00e0 de nouveaux citoyennes et citoyens de la municipalit\u00e9 de Shippagan.<\/span><\/p>\t\t\t\t\t\t\t\t<\/div>\n\t\t\t\t<\/div>\n\t\t\t\t\t<\/div>\n\t\t<\/div>\n\t\t\t\t\t<\/div>\n\t\t<\/section>\n\t\t\t\t<\/div>\n\t\t","protected":false},"excerpt":{"rendered":"<p>Des incitatifs pour encourager le d\u00e9veloppement des entreprises La Municipalit\u00e9 de Shippagan offre maintenant des incitatifs pour encourager le d\u00e9veloppement \u00e9conomique. Ici, le maire suppl\u00e9ant, Armand Caron, remet un panier-cadeau d\u2019une valeur de 500 $ \u00e0 ma\u00eetre Martine Lanteigne pour l\u2019ouverture de son cabinet d\u2019avocat. Cet incitatif est offert en partenariat avec Centre-Ville Shippagan et [&hellip;]<\/p>\n","protected":false},"author":1,"featured_media":0,"parent":0,"menu_order":14,"comment_status":"closed","ping_status":"closed","template":"","meta":{"site-sidebar-layout":"no-sidebar","site-content-layout":"page-builder","ast-site-content-layout":"default","site-content-style":"default","site-sidebar-style":"default","ast-global-header-display":"","ast-banner-title-visibility":"","ast-main-header-display":"","ast-hfb-above-header-display":"","ast-hfb-below-header-display":"","ast-hfb-mobile-header-display":"","site-post-title":"disabled","ast-breadcrumbs-content":"","ast-featured-img":"disabled","footer-sml-layout":"","ast-disable-related-posts":"","theme-transparent-header-meta":"default","adv-header-id-meta":"","stick-header-meta":"","header-above-stick-meta":"","header-main-stick-meta":"","header-below-stick-meta":"","astra-migrate-meta-layouts":"default","ast-page-background-enabled":"default","ast-page-background-meta":{"desktop":{"background-color":"var(--ast-global-color-4)","background-image":"","background-repeat":"repeat","background-position":"center center","background-size":"auto","background-attachment":"scroll","background-type":"","background-media":"","overlay-type":"","overlay-color":"","overlay-opacity":"","overlay-gradient":""},"tablet":{"background-color":"","background-image":"","background-repeat":"repeat","background-position":"center center","background-size":"auto","background-attachment":"scroll","background-type":"","background-media":"","overlay-type":"","overlay-color":"","overlay-opacity":"","overlay-gradient":""},"mobile":{"background-color":"","background-image":"","background-repeat":"repeat","background-position":"center center","background-size":"auto","background-attachment":"scroll","background-type":"","background-media":"","overlay-type":"","overlay-color":"","overlay-opacity":"","overlay-gradient":""}},"ast-content-background-meta":{"desktop":{"background-color":"var(--ast-global-color-5)","background-image":"","background-repeat":"repeat","background-position":"center center","background-size":"auto","background-attachment":"scroll","background-type":"","background-media":"","overlay-type":"","overlay-color":"","overlay-opacity":"","overlay-gradient":""},"tablet":{"background-color":"var(--ast-global-color-5)","background-image":"","background-repeat":"repeat","background-position":"center center","background-size":"auto","background-attachment":"scroll","background-type":"","background-media":"","overlay-type":"","overlay-color":"","overlay-opacity":"","overlay-gradient":""},"mobile":{"background-color":"var(--ast-global-color-5)","background-image":"","background-repeat":"repeat","background-position":"center center","background-size":"auto","background-attachment":"scroll","background-type":"","background-media":"","overlay-type":"","overlay-color":"","overlay-opacity":"","overlay-gradient":""}},"footnotes":""},"page-categories":[],"class_list":["post-7773","page","type-page","status-publish","hentry"],"_links":{"self":[{"href":"https:\/\/kiosque.acadienouvelle.com\/municipalite-shippagan-2025\/wp-json\/wp\/v2\/pages\/7773","targetHints":{"allow":["GET"]}}],"collection":[{"href":"https:\/\/kiosque.acadienouvelle.com\/municipalite-shippagan-2025\/wp-json\/wp\/v2\/pages"}],"about":[{"href":"https:\/\/kiosque.acadienouvelle.com\/municipalite-shippagan-2025\/wp-json\/wp\/v2\/types\/page"}],"author":[{"embeddable":true,"href":"https:\/\/kiosque.acadienouvelle.com\/municipalite-shippagan-2025\/wp-json\/wp\/v2\/users\/1"}],"replies":[{"embeddable":true,"href":"https:\/\/kiosque.acadienouvelle.com\/municipalite-shippagan-2025\/wp-json\/wp\/v2\/comments?post=7773"}],"version-history":[{"count":13,"href":"https:\/\/kiosque.acadienouvelle.com\/municipalite-shippagan-2025\/wp-json\/wp\/v2\/pages\/7773\/revisions"}],"predecessor-version":[{"id":7919,"href":"https:\/\/kiosque.acadienouvelle.com\/municipalite-shippagan-2025\/wp-json\/wp\/v2\/pages\/7773\/revisions\/7919"}],"wp:attachment":[{"href":"https:\/\/kiosque.acadienouvelle.com\/municipalite-shippagan-2025\/wp-json\/wp\/v2\/media?parent=7773"}],"wp:term":[{"taxonomy":"page-categories","embeddable":true,"href":"https:\/\/kiosque.acadienouvelle.com\/municipalite-shippagan-2025\/wp-json\/wp\/v2\/page-categories?post=7773"}],"curies":[{"name":"wp","href":"https:\/\/api.w.org\/{rel}","templated":true}]}}