{"id":7782,"date":"2025-11-11T20:07:59","date_gmt":"2025-11-11T20:07:59","guid":{"rendered":"https:\/\/kiosque.acadienouvelle.com\/philanthropie-2025\/?page_id=7782"},"modified":"2025-11-13T18:42:04","modified_gmt":"2025-11-13T18:42:04","slug":"acadiemie-sainte-famille","status":"publish","type":"page","link":"https:\/\/kiosque.acadienouvelle.com\/philanthropie-2025\/acadiemie-sainte-famille\/","title":{"rendered":"Objectif : 1,5 million $ : Campagne de financement  de l\u2019Acad\u00e9mie Sainte-Famille de Tracadie"},"content":{"rendered":"\t\t<div data-elementor-type=\"wp-page\" data-elementor-id=\"7782\" class=\"elementor elementor-7782\" data-elementor-post-type=\"page\">\n\t\t\t\t\t\t<section class=\"elementor-section elementor-top-section elementor-element elementor-element-50c1b6e elementor-section-height-min-height header_title banner_img elementor-section-boxed elementor-section-height-default elementor-section-items-middle\" data-id=\"50c1b6e\" data-element_type=\"section\" data-e-type=\"section\" data-settings=\"{&quot;background_background&quot;:&quot;classic&quot;}\">\n\t\t\t\t\t\t\t<div class=\"elementor-background-overlay\"><\/div>\n\t\t\t\t\t\t\t<div class=\"elementor-container elementor-column-gap-default\">\n\t\t\t\t\t<div class=\"elementor-column elementor-col-100 elementor-top-column elementor-element elementor-element-3a2d241\" data-id=\"3a2d241\" data-element_type=\"column\" data-e-type=\"column\">\n\t\t\t<div class=\"elementor-widget-wrap elementor-element-populated\">\n\t\t\t\t\t\t<div class=\"elementor-element elementor-element-9673cd2 elementor-widget elementor-widget-heading\" data-id=\"9673cd2\" data-element_type=\"widget\" data-e-type=\"widget\" data-widget_type=\"heading.default\">\n\t\t\t\t<div class=\"elementor-widget-container\">\n\t\t\t\t\t<h2 class=\"elementor-heading-title elementor-size-default\">Objectif : 1,5 million $<\/h2>\t\t\t\t<\/div>\n\t\t\t\t<\/div>\n\t\t\t\t<div class=\"elementor-element elementor-element-9e6c546 elementor-widget elementor-widget-heading\" data-id=\"9e6c546\" data-element_type=\"widget\" data-e-type=\"widget\" data-widget_type=\"heading.default\">\n\t\t\t\t<div class=\"elementor-widget-container\">\n\t\t\t\t\t<h1 class=\"elementor-heading-title elementor-size-default\">Campagne de financement \nde l\u2019Acad\u00e9mie Sainte-Famille de Tracadie<\/h1>\t\t\t\t<\/div>\n\t\t\t\t<\/div>\n\t\t\t\t\t<\/div>\n\t\t<\/div>\n\t\t\t\t\t<\/div>\n\t\t<\/section>\n\t\t\t\t<section class=\"elementor-section elementor-top-section elementor-element elementor-element-d9a853a elementor-section-boxed elementor-section-height-default elementor-section-height-default\" data-id=\"d9a853a\" data-element_type=\"section\" data-e-type=\"section\">\n\t\t\t\t\t\t<div class=\"elementor-container elementor-column-gap-default\">\n\t\t\t\t\t<div class=\"elementor-column elementor-col-100 elementor-top-column elementor-element elementor-element-68d9c5a page_contain\" data-id=\"68d9c5a\" data-element_type=\"column\" data-e-type=\"column\" data-settings=\"{&quot;background_background&quot;:&quot;classic&quot;}\">\n\t\t\t<div class=\"elementor-widget-wrap elementor-element-populated\">\n\t\t\t\t\t\t<div class=\"elementor-element elementor-element-50f1f9b elementor-widget elementor-widget-image\" data-id=\"50f1f9b\" data-element_type=\"widget\" data-e-type=\"widget\" data-widget_type=\"image.default\">\n\t\t\t\t<div class=\"elementor-widget-container\">\n\t\t\t\t\t\t\t\t\t\t\t\t<figure class=\"wp-caption\">\n\t\t\t\t\t\t\t\t\t\t<img fetchpriority=\"high\" decoding=\"async\" width=\"1366\" height=\"768\" src=\"https:\/\/kiosque.acadienouvelle.com\/philanthropie-2025\/wp-content\/uploads\/sites\/366\/2025\/11\/02_photos-personnalites_land.jpg\" class=\"attachment-full size-full wp-image-7716\" alt=\"\" srcset=\"https:\/\/kiosque.acadienouvelle.com\/philanthropie-2025\/wp-content\/uploads\/sites\/366\/2025\/11\/02_photos-personnalites_land.jpg 1366w, https:\/\/kiosque.acadienouvelle.com\/philanthropie-2025\/wp-content\/uploads\/sites\/366\/2025\/11\/02_photos-personnalites_land-300x169.jpg 300w, https:\/\/kiosque.acadienouvelle.com\/philanthropie-2025\/wp-content\/uploads\/sites\/366\/2025\/11\/02_photos-personnalites_land-1024x576.jpg 1024w, https:\/\/kiosque.acadienouvelle.com\/philanthropie-2025\/wp-content\/uploads\/sites\/366\/2025\/11\/02_photos-personnalites_land-768x432.jpg 768w\" sizes=\"(max-width: 1366px) 100vw, 1366px\" \/>\t\t\t\t\t\t\t\t\t\t\t<figcaption class=\"widget-image-caption wp-caption-text\">De gauche \u00e0 droite : Denis Losier, maire de Tracadie; Bernard Th\u00e9riault, pr\u00e9sident de la CSRPA et maire de Caraquet; Ronald Losier, copr\u00e9sident de la campagne; Clifford Robichaud, directeur de caisse d\u2019UNI Coop\u00e9ration financi\u00e8re; Jean-Eudes Savoie, copr\u00e9sident de la campagne et Claude Gallant, ma\u00eetre de c\u00e9r\u00e9monie et gestionnaire du d\u00e9veloppement \u00e9conomique \u00e0 la CSRPA. Absent : R\u00e9jean Boudreau, ambassadeur de la campagne.<\/figcaption>\n\t\t\t\t\t\t\t\t\t\t<\/figure>\n\t\t\t\t\t\t\t\t\t<\/div>\n\t\t\t\t<\/div>\n\t\t<link rel=\"stylesheet\" href=\"https:\/\/use.fontawesome.com\/releases\/v5.5.0\/css\/all.css\" integrity=\"sha384-B4dIYHKNBt8Bc12p+WXckhzcICo0wtJAoU8YZTY5qE0Id1GSseTk6S+L3BlXeVIU\" crossorigin=\"anonymous\">\r\n\t\t<div class=\"elementor-element elementor-element-d0a0a3b mobile_pera elementor-widget elementor-widget-text-editor\" data-id=\"d0a0a3b\" data-element_type=\"widget\" data-e-type=\"widget\" data-widget_type=\"text-editor.default\">\n\t\t\t\t<div class=\"elementor-widget-container\">\n\t\t\t\t\t\t\t\t\t\u00c0 la mi-septembre, la campagne de financement de l\u2019Acad\u00e9mie Sainte-Famille \nde Tracadie a \u00e9t\u00e9 lanc\u00e9e. Le comit\u00e9 responsable de la campagne, copr\u00e9sid\u00e9 \npar Jean-Eudes Savoie et Ronald Losier, \nvise \u00e0 r\u00e9colter 1,5 million dans la communaut\u00e9. Le temps des travaux majeurs est arriv\u00e9. \nLe conseil d\u2019administration veut aller de l\u2019avant avec un projet de revitalisation de \n13,4 millions $ pour s\u2019assurer que l\u2019\u00e9tablissement demeure fonctionnel pour \nau moins les 50 prochaines ann\u00e9es.\t\t\t\t\t\t\t\t<\/div>\n\t\t\t\t<\/div>\n\t\t\t\t<div class=\"elementor-element elementor-element-6f4e886 mobile_pera elementor-widget elementor-widget-text-editor\" data-id=\"6f4e886\" data-element_type=\"widget\" data-e-type=\"widget\" data-widget_type=\"text-editor.default\">\n\t\t\t\t<div class=\"elementor-widget-container\">\n\t\t\t\t\t\t\t\t\tM. Savoie souhaite d\u00e9marrer les travaux\nen 2026. On va commencer par consolider \nle sous-sol de l\u2019\u00e9difice et embellir son \napparence. Le rev\u00eatement ext\u00e9rieur respectera \nle concept original. L\u2019entr\u00e9e principale sera agrandie et des balcons et des terrasses seront construits. Une nouvelle entr\u00e9e garantira un meilleur acc\u00e8s au mus\u00e9e et on proc\u00e9dera \u00e0 l\u2019ajout d\u2019un escalier. Les planchers seront r\u00e9nov\u00e9s, de m\u00eame que le syst\u00e8me de chauffage. Les dortoirs du 4e \u00e9tage seront r\u00e9am\u00e9nag\u00e9s pour \u00eatre ensuite offerts en location.\n\t\t\t\t\t\t\t\t<\/div>\n\t\t\t\t<\/div>\n\t\t\t\t<div class=\"elementor-element elementor-element-442ad8a mobile_pera elementor-widget elementor-widget-text-editor\" data-id=\"442ad8a\" data-element_type=\"widget\" data-e-type=\"widget\" data-widget_type=\"text-editor.default\">\n\t\t\t\t<div class=\"elementor-widget-container\">\n\t\t\t\t\t\t\t\t\tPar ailleurs, Ronald Losier a indiqu\u00e9  que revitaliser l\u2019Acad\u00e9mie Sainte-Famille, c\u2019est honorer notre pass\u00e9, enrichir notre pr\u00e9sent et pr\u00e9parer notre avenir.  \t\t\t\t\t\t\t\t<\/div>\n\t\t\t\t<\/div>\n\t\t\t\t<div class=\"elementor-element elementor-element-d9ea614 mobile_pera elementor-widget elementor-widget-text-editor\" data-id=\"d9ea614\" data-element_type=\"widget\" data-e-type=\"widget\" data-widget_type=\"text-editor.default\">\n\t\t\t\t<div class=\"elementor-widget-container\">\n\t\t\t\t\t\t\t\t\t<p><b>La contribution communautaire de\u00a0<\/b><b style=\"font-style: inherit;\">1,5 million $ permettra de compl\u00e9ter un financement assum\u00e9 en grande partie par Patrimoine Canada (50 %), le gouvernement du N.-B. (20 %), l\u2019APECA (15 %) et les Anciens et Anciennes de l\u2019Acad\u00e9mie (15 %).<\/b><\/p>\t\t\t\t\t\t\t\t<\/div>\n\t\t\t\t<\/div>\n\t\t\t\t<div class=\"elementor-element elementor-element-604c6a6 mobile_pera elementor-widget elementor-widget-text-editor\" data-id=\"604c6a6\" data-element_type=\"widget\" data-e-type=\"widget\" data-widget_type=\"text-editor.default\">\n\t\t\t\t<div class=\"elementor-widget-container\">\n\t\t\t\t\t\t\t\t\tDe son c\u00f4t\u00e9, le maire de Tracadie Denis Losier a confirm\u00e9 que sa municipalit\u00e9 allait verser une somme de 150 000 $ r\u00e9partie sur trois ans. Du m\u00eame souffle, Clifford Robichaud a laiss\u00e9 savoir qu\u2019UNI allait verser un don de 100 000 $.  \t\t\t\t\t\t\t\t<\/div>\n\t\t\t\t<\/div>\n\t\t\t\t<div class=\"elementor-element elementor-element-20864be mobile_pera elementor-widget elementor-widget-text-editor\" data-id=\"20864be\" data-element_type=\"widget\" data-e-type=\"widget\" data-widget_type=\"text-editor.default\">\n\t\t\t\t<div class=\"elementor-widget-container\">\n\t\t\t\t\t\t\t\t\t\u00c0 cette annonce, le ma\u00eetre de c\u00e9r\u00e9monie Claude Gallant avait de bonnes nouvelles. Il a indiqu\u00e9 avoir d\u00e9j\u00e0 re\u00e7u des confirmations de la part de diff\u00e9rentes entreprises, ajout\u00e9es aux sommes annonc\u00e9es durant la conf\u00e9rence de presse, totalisant 495&nbsp;000 $. Il a ajout\u00e9 qu\u2019il venait d\u2019\u00eatre inform\u00e9, le matin m\u00eame, d\u2019une \u00ab petite surprise \u00bb qui allait \u00e9lever les sommes amass\u00e9es \u00e0 505 000 $, soit le tiers de l\u2019objectif.\t\t\t\t\t\t\t\t<\/div>\n\t\t\t\t<\/div>\n\t\t\t\t<div class=\"elementor-element elementor-element-d7fbd2c mobile_pera elementor-widget elementor-widget-text-editor\" data-id=\"d7fbd2c\" data-element_type=\"widget\" data-e-type=\"widget\" data-widget_type=\"text-editor.default\">\n\t\t\t\t<div class=\"elementor-widget-container\">\n\t\t\t\t\t\t\t\t\tBref, la campagne de financement est r\u00e9ellement bien partie!\t\t\t\t\t\t\t\t<\/div>\n\t\t\t\t<\/div>\n\t\t\t\t<div class=\"elementor-element elementor-element-5f28ffc mobile_pera elementor-widget elementor-widget-text-editor\" data-id=\"5f28ffc\" data-element_type=\"widget\" data-e-type=\"widget\" data-widget_type=\"text-editor.default\">\n\t\t\t\t<div class=\"elementor-widget-container\">\n\t\t\t\t\t\t\t\t\t<i>(Information recueillie dans le texte de l\u2019Acadie Nouvelle publi\u00e9 le jeudi 18&nbsp;septembre dernier sous la plume du journaliste Bernard Hach\u00e9.)\u00a0<\/i>\t\t\t\t\t\t\t\t<\/div>\n\t\t\t\t<\/div>\n\t\t\t\t\t<\/div>\n\t\t<\/div>\n\t\t\t\t\t<\/div>\n\t\t<\/section>\n\t\t\t\t<\/div>\n\t\t","protected":false},"excerpt":{"rendered":"<p>Objectif : 1,5 million $ Campagne de financement de l\u2019Acad\u00e9mie Sainte-Famille de Tracadie De gauche \u00e0 droite : Denis Losier, maire de Tracadie; Bernard Th\u00e9riault, pr\u00e9sident de la CSRPA et maire de Caraquet; Ronald Losier, copr\u00e9sident de la campagne; Clifford Robichaud, directeur de caisse d\u2019UNI Coop\u00e9ration financi\u00e8re; Jean-Eudes Savoie, copr\u00e9sident de la campagne et Claude [&hellip;]<\/p>\n","protected":false},"author":1,"featured_media":0,"parent":0,"menu_order":2,"comment_status":"closed","ping_status":"closed","template":"","meta":{"site-sidebar-layout":"no-sidebar","site-content-layout":"page-builder","ast-site-content-layout":"default","site-content-style":"default","site-sidebar-style":"default","ast-global-header-display":"","ast-banner-title-visibility":"","ast-main-header-display":"","ast-hfb-above-header-display":"","ast-hfb-below-header-display":"","ast-hfb-mobile-header-display":"","site-post-title":"disabled","ast-breadcrumbs-content":"","ast-featured-img":"disabled","footer-sml-layout":"","ast-disable-related-posts":"","theme-transparent-header-meta":"default","adv-header-id-meta":"","stick-header-meta":"","header-above-stick-meta":"","header-main-stick-meta":"","header-below-stick-meta":"","astra-migrate-meta-layouts":"default","ast-page-background-enabled":"default","ast-page-background-meta":{"desktop":{"background-color":"var(--ast-global-color-4)","background-image":"","background-repeat":"repeat","background-position":"center center","background-size":"auto","background-attachment":"scroll","background-type":"","background-media":"","overlay-type":"","overlay-color":"","overlay-opacity":"","overlay-gradient":""},"tablet":{"background-color":"","background-image":"","background-repeat":"repeat","background-position":"center center","background-size":"auto","background-attachment":"scroll","background-type":"","background-media":"","overlay-type":"","overlay-color":"","overlay-opacity":"","overlay-gradient":""},"mobile":{"background-color":"","background-image":"","background-repeat":"repeat","background-position":"center center","background-size":"auto","background-attachment":"scroll","background-type":"","background-media":"","overlay-type":"","overlay-color":"","overlay-opacity":"","overlay-gradient":""}},"ast-content-background-meta":{"desktop":{"background-color":"var(--ast-global-color-5)","background-image":"","background-repeat":"repeat","background-position":"center center","background-size":"auto","background-attachment":"scroll","background-type":"","background-media":"","overlay-type":"","overlay-color":"","overlay-opacity":"","overlay-gradient":""},"tablet":{"background-color":"var(--ast-global-color-5)","background-image":"","background-repeat":"repeat","background-position":"center center","background-size":"auto","background-attachment":"scroll","background-type":"","background-media":"","overlay-type":"","overlay-color":"","overlay-opacity":"","overlay-gradient":""},"mobile":{"background-color":"var(--ast-global-color-5)","background-image":"","background-repeat":"repeat","background-position":"center center","background-size":"auto","background-attachment":"scroll","background-type":"","background-media":"","overlay-type":"","overlay-color":"","overlay-opacity":"","overlay-gradient":""}},"footnotes":""},"page-categories":[],"class_list":["post-7782","page","type-page","status-publish","hentry"],"_links":{"self":[{"href":"https:\/\/kiosque.acadienouvelle.com\/philanthropie-2025\/wp-json\/wp\/v2\/pages\/7782","targetHints":{"allow":["GET"]}}],"collection":[{"href":"https:\/\/kiosque.acadienouvelle.com\/philanthropie-2025\/wp-json\/wp\/v2\/pages"}],"about":[{"href":"https:\/\/kiosque.acadienouvelle.com\/philanthropie-2025\/wp-json\/wp\/v2\/types\/page"}],"author":[{"embeddable":true,"href":"https:\/\/kiosque.acadienouvelle.com\/philanthropie-2025\/wp-json\/wp\/v2\/users\/1"}],"replies":[{"embeddable":true,"href":"https:\/\/kiosque.acadienouvelle.com\/philanthropie-2025\/wp-json\/wp\/v2\/comments?post=7782"}],"version-history":[{"count":22,"href":"https:\/\/kiosque.acadienouvelle.com\/philanthropie-2025\/wp-json\/wp\/v2\/pages\/7782\/revisions"}],"predecessor-version":[{"id":7961,"href":"https:\/\/kiosque.acadienouvelle.com\/philanthropie-2025\/wp-json\/wp\/v2\/pages\/7782\/revisions\/7961"}],"wp:attachment":[{"href":"https:\/\/kiosque.acadienouvelle.com\/philanthropie-2025\/wp-json\/wp\/v2\/media?parent=7782"}],"wp:term":[{"taxonomy":"page-categories","embeddable":true,"href":"https:\/\/kiosque.acadienouvelle.com\/philanthropie-2025\/wp-json\/wp\/v2\/page-categories?post=7782"}],"curies":[{"name":"wp","href":"https:\/\/api.w.org\/{rel}","templated":true}]}}