{"id":7805,"date":"2025-11-11T20:20:17","date_gmt":"2025-11-11T20:20:17","guid":{"rendered":"https:\/\/kiosque.acadienouvelle.com\/philanthropie-2025\/?page_id=7805"},"modified":"2025-11-12T18:47:31","modified_gmt":"2025-11-12T18:47:31","slug":"fonds-aefnb","status":"publish","type":"page","link":"https:\/\/kiosque.acadienouvelle.com\/philanthropie-2025\/fonds-aefnb\/","title":{"rendered":"\u00c9DUCATION : Place au Fonds AEFNB pour l\u2019enfance!"},"content":{"rendered":"\t\t<div data-elementor-type=\"wp-page\" data-elementor-id=\"7805\" class=\"elementor elementor-7805\" data-elementor-post-type=\"page\">\n\t\t\t\t\t\t<section class=\"elementor-section elementor-top-section elementor-element elementor-element-50c1b6e elementor-section-height-min-height header_title banner_img elementor-section-boxed elementor-section-height-default elementor-section-items-middle\" data-id=\"50c1b6e\" data-element_type=\"section\" data-e-type=\"section\" data-settings=\"{&quot;background_background&quot;:&quot;classic&quot;}\">\n\t\t\t\t\t\t\t<div class=\"elementor-background-overlay\"><\/div>\n\t\t\t\t\t\t\t<div class=\"elementor-container elementor-column-gap-default\">\n\t\t\t\t\t<div class=\"elementor-column elementor-col-100 elementor-top-column elementor-element elementor-element-3a2d241\" data-id=\"3a2d241\" data-element_type=\"column\" data-e-type=\"column\">\n\t\t\t<div class=\"elementor-widget-wrap elementor-element-populated\">\n\t\t\t\t\t\t<div class=\"elementor-element elementor-element-9673cd2 elementor-widget elementor-widget-heading\" data-id=\"9673cd2\" data-element_type=\"widget\" data-e-type=\"widget\" data-widget_type=\"heading.default\">\n\t\t\t\t<div class=\"elementor-widget-container\">\n\t\t\t\t\t<h2 class=\"elementor-heading-title elementor-size-default\">\u00c9DUCATION<\/h2>\t\t\t\t<\/div>\n\t\t\t\t<\/div>\n\t\t\t\t<div class=\"elementor-element elementor-element-8a6699b elementor-widget elementor-widget-heading\" data-id=\"8a6699b\" data-element_type=\"widget\" data-e-type=\"widget\" data-widget_type=\"heading.default\">\n\t\t\t\t<div class=\"elementor-widget-container\">\n\t\t\t\t\t<h2 class=\"elementor-heading-title elementor-size-default\">Place au Fonds AEFNB pour l\u2019enfance!<\/h2>\t\t\t\t<\/div>\n\t\t\t\t<\/div>\n\t\t\t\t\t<\/div>\n\t\t<\/div>\n\t\t\t\t\t<\/div>\n\t\t<\/section>\n\t\t\t\t<section class=\"elementor-section elementor-top-section elementor-element elementor-element-d9a853a elementor-section-boxed elementor-section-height-default elementor-section-height-default\" data-id=\"d9a853a\" data-element_type=\"section\" data-e-type=\"section\">\n\t\t\t\t\t\t<div class=\"elementor-container elementor-column-gap-default\">\n\t\t\t\t\t<div class=\"elementor-column elementor-col-100 elementor-top-column elementor-element elementor-element-68d9c5a page_contain\" data-id=\"68d9c5a\" data-element_type=\"column\" data-e-type=\"column\" data-settings=\"{&quot;background_background&quot;:&quot;classic&quot;}\">\n\t\t\t<div class=\"elementor-widget-wrap elementor-element-populated\">\n\t\t\t\t\t\t<div class=\"elementor-element elementor-element-50f1f9b elementor-widget elementor-widget-image\" data-id=\"50f1f9b\" data-element_type=\"widget\" data-e-type=\"widget\" data-widget_type=\"image.default\">\n\t\t\t\t<div class=\"elementor-widget-container\">\n\t\t\t\t\t\t\t\t\t\t\t\t<figure class=\"wp-caption\">\n\t\t\t\t\t\t\t\t\t\t<img fetchpriority=\"high\" decoding=\"async\" width=\"1366\" height=\"768\" src=\"https:\/\/kiosque.acadienouvelle.com\/philanthropie-2025\/wp-content\/uploads\/sites\/366\/2025\/11\/03_signature-officielle_land.jpg\" class=\"attachment-full size-full wp-image-7718\" alt=\"\" srcset=\"https:\/\/kiosque.acadienouvelle.com\/philanthropie-2025\/wp-content\/uploads\/sites\/366\/2025\/11\/03_signature-officielle_land.jpg 1366w, https:\/\/kiosque.acadienouvelle.com\/philanthropie-2025\/wp-content\/uploads\/sites\/366\/2025\/11\/03_signature-officielle_land-300x169.jpg 300w, https:\/\/kiosque.acadienouvelle.com\/philanthropie-2025\/wp-content\/uploads\/sites\/366\/2025\/11\/03_signature-officielle_land-1024x576.jpg 1024w, https:\/\/kiosque.acadienouvelle.com\/philanthropie-2025\/wp-content\/uploads\/sites\/366\/2025\/11\/03_signature-officielle_land-768x432.jpg 768w\" sizes=\"(max-width: 1366px) 100vw, 1366px\" \/>\t\t\t\t\t\t\t\t\t\t\t<figcaption class=\"widget-image-caption wp-caption-text\">Pour officialiser l\u2019entente avec la Fondation communautaire de la P\u00e9ninsule acadienne qui administre le fonds, une signature officielle a eu lieu il y a d\u00e9j\u00e0 quelques mois. Sur la photo, G\u00e9rald Losier, directeur g\u00e9n\u00e9ral de la FCPA et St\u00e9phanie Babineau, pr\u00e9sidente sortante de l\u2019AEFNB.<\/figcaption>\n\t\t\t\t\t\t\t\t\t\t<\/figure>\n\t\t\t\t\t\t\t\t\t<\/div>\n\t\t\t\t<\/div>\n\t\t<link rel=\"stylesheet\" href=\"https:\/\/use.fontawesome.com\/releases\/v5.5.0\/css\/all.css\" integrity=\"sha384-B4dIYHKNBt8Bc12p+WXckhzcICo0wtJAoU8YZTY5qE0Id1GSseTk6S+L3BlXeVIU\" crossorigin=\"anonymous\">\r\n\t\t<div class=\"elementor-element elementor-element-d0a0a3b mobile_pera elementor-widget elementor-widget-text-editor\" data-id=\"d0a0a3b\" data-element_type=\"widget\" data-e-type=\"widget\" data-widget_type=\"text-editor.default\">\n\t\t\t\t<div class=\"elementor-widget-container\">\n\t\t\t\t\t\t\t\t\tDans une atmosph\u00e8re festive, \u00e0 la veille de conclure son Congr\u00e8s provincial 2025 et au rythme du groupe Aboiteau, l\u2019Association des enseignantes et des enseignants francophones du Nouveau-Brunswick (AEFNB) a lanc\u00e9 officiellement, sur la sc\u00e8ne du Centre scolaire Samuel-de-Champlain, son nouveau fonds de dotation \u00e0 port\u00e9e provinciale : le Fonds AEFNB pour l\u2019enfance.\n\t\t\t\t\t\t\t\t<\/div>\n\t\t\t\t<\/div>\n\t\t\t\t<div class=\"elementor-element elementor-element-e465e40 elementor-widget elementor-widget-advertisement\" data-id=\"e465e40\" data-element_type=\"widget\" data-e-type=\"widget\" data-widget_type=\"advertisement.default\">\n\t\t\t\t<div class=\"elementor-widget-container\">\n\t\t\t\t\t<div class=\"ads-align-center\"><div data-m32-ad data-options='{\"sizes\":\"[[300,600]]\",\"dfpId\":\"21658289790,27729547\",\"dfpAdUnitPath\":\"acadienouvelle\/cahiers_fullpage_300x600\"}'><\/div><\/div>\t\t\t\t<\/div>\n\t\t\t\t<\/div>\n\t\t\t\t<div class=\"elementor-element elementor-element-d9ea614 mobile_pera elementor-widget elementor-widget-text-editor\" data-id=\"d9ea614\" data-element_type=\"widget\" data-e-type=\"widget\" data-widget_type=\"text-editor.default\">\n\t\t\t\t<div class=\"elementor-widget-container\">\n\t\t\t\t\t\t\t\t\t<p><b>L\u2019objectif : amasser un premier million de dollars dont les dividendes permettront aux directions de toutes les \u00e9coles francophones de la province d\u2019intervenir plus rapidement et efficacement aupr\u00e8s des \u00e9l\u00e8ves en situation pr\u00e9caire. Deux mois apr\u00e8s le lancement, plus de 50 % de cet objectif a d\u00e9j\u00e0 \u00e9t\u00e9 atteint.<\/b><\/p>\t\t\t\t\t\t\t\t<\/div>\n\t\t\t\t<\/div>\n\t\t\t\t<div class=\"elementor-element elementor-element-74263c8 mobile_pera elementor-widget elementor-widget-text-editor\" data-id=\"74263c8\" data-element_type=\"widget\" data-e-type=\"widget\" data-widget_type=\"text-editor.default\">\n\t\t\t\t<div class=\"elementor-widget-container\">\n\t\t\t\t\t\t\t\t\t\u00ab Le comit\u00e9 de philanthropie de l\u2019AEFNB a sollicit\u00e9 discr\u00e8tement quelques partenaires au fil des derniers mois pour donner un \u00e9lan gagnant \u00e0 notre premi\u00e8re campagne. Nous sommes bouche b\u00e9e devant la r\u00e9ponse et l\u2019enthousiasme exprim\u00e9! Cela confirme \u00e0 quel point la pauvret\u00e9 infantile nous interpelle toutes et tous \u00bb, souligne Eric Godin, pr\u00e9sident de l\u2019AEFNB.\n\t\t\t\t\t\t\t\t<\/div>\n\t\t\t\t<\/div>\n\t\t\t\t<div class=\"elementor-element elementor-element-d72439e mobile_pera elementor-widget elementor-widget-text-editor\" data-id=\"d72439e\" data-element_type=\"widget\" data-e-type=\"widget\" data-widget_type=\"text-editor.default\">\n\t\t\t\t<div class=\"elementor-widget-container\">\n\t\t\t\t\t\t\t\t\tPour Emma Raphaelle, \u00e9tudiante en sciences de l\u2019\u00e9ducation et copr\u00e9sidente d\u2019honneur de la campagne de financement initiale : \u00ab Avant m\u00eame le lancement officiel, voir autant de personnes s\u2019engager avec autant de g\u00e9n\u00e9rosit\u00e9 me touche profond\u00e9ment. C\u2019est une belle preuve de confiance envers l\u2019AEFNB et une r\u00e9elle lueur d\u2019espoir pour nos \u00e9l\u00e8ves. \u00bb\t\t\t\t\t\t\t\t<\/div>\n\t\t\t\t<\/div>\n\t\t\t\t<div class=\"elementor-element elementor-element-3542241 mobile_pera elementor-widget elementor-widget-text-editor\" data-id=\"3542241\" data-element_type=\"widget\" data-e-type=\"widget\" data-widget_type=\"text-editor.default\">\n\t\t\t\t<div class=\"elementor-widget-container\">\n\t\t\t\t\t\t\t\t\tAlain Lavoie, \u00e9galement copr\u00e9sident d\u2019honneur, ajoute : \u00ab L\u2019invitation est lanc\u00e9e \u00e0 la population, au milieu associatif et aux entreprises de la province de se joindre \u00e0 cet \u00e9lan de solidarit\u00e9! Investissons dans un fonds dont les effets se feront sentir au fil des prochaines d\u00e9cennies. Soyons sages et consacrons une petite portion de notre g\u00e9n\u00e9rosit\u00e9 \u00e0 demain plut\u00f4t qu\u2019\u00e0 aujourd\u2019hui. \u00bb\n\t\t\t\t\t\t\t\t<\/div>\n\t\t\t\t<\/div>\n\t\t\t\t<div class=\"elementor-element elementor-element-abbda5a mobile_pera elementor-widget elementor-widget-text-editor\" data-id=\"abbda5a\" data-element_type=\"widget\" data-e-type=\"widget\" data-widget_type=\"text-editor.default\">\n\t\t\t\t<div class=\"elementor-widget-container\">\n\t\t\t\t\t\t\t\t\tL\u2019AEFNB souligne le leadership du personnel enseignant francophone dans cette initiative et annonce une contribution de d\u00e9marrage de 100 000 $ sur cinq ans, en plus d\u2019assumer l\u2019ensemble des frais administratifs et promotionnels, afin que 100 % des dons soient directement investis dans le Fonds AEFNB pour l\u2019enfance.\n\t\t\t\t\t\t\t\t<\/div>\n\t\t\t\t<\/div>\n\t\t\t\t<div class=\"elementor-element elementor-element-d8a637c mobile_pera elementor-widget elementor-widget-text-editor\" data-id=\"d8a637c\" data-element_type=\"widget\" data-e-type=\"widget\" data-widget_type=\"text-editor.default\">\n\t\t\t\t<div class=\"elementor-widget-container\">\n\t\t\t\t\t\t\t\t\tLes individus, entreprises ou organisations souhaitant contribuer peuvent le faire directement en ligne \u00e0 www.aefnb.ca\/fonds, par t\u00e9l\u00e9phone au 506 764-3364, ou via la Fondation communautaire de la P\u00e9ninsule acadienne qui administre le fonds. Les ch\u00e8ques libell\u00e9s \u00e0 la Fondation communautaire de la P\u00e9ninsule acadienne peuvent \u00eatre envoy\u00e9s au si\u00e8ge social de l\u2019AEFNB au \n650, rue Montgomery, Fredericton, E3B&nbsp;5B4.\t\t\t\t\t\t\t\t<\/div>\n\t\t\t\t<\/div>\n\t\t\t\t<div class=\"elementor-element elementor-element-166374c box_pera elementor-widget elementor-widget-text-editor\" data-id=\"166374c\" data-element_type=\"widget\" data-e-type=\"widget\" data-widget_type=\"text-editor.default\">\n\t\t\t\t<div class=\"elementor-widget-container\">\n\t\t\t\t\t\t\t\t\t<b>Journ\u00e9e nationale de la philanthropie!<\/b>\t\t\t\t\t\t\t\t<\/div>\n\t\t\t\t<\/div>\n\t\t\t\t<div class=\"elementor-element elementor-element-5a904f8 box_pera elementor-widget elementor-widget-text-editor\" data-id=\"5a904f8\" data-element_type=\"widget\" data-e-type=\"widget\" data-widget_type=\"text-editor.default\">\n\t\t\t\t<div class=\"elementor-widget-container\">\n\t\t\t\t\t\t\t\t\t<p>La <b>Journ\u00e9e nationale de la philanthropie<\/b> est c\u00e9l\u00e9br\u00e9e chaque ann\u00e9e le 15 novembre. Instaur\u00e9e en 1986, cette journ\u00e9e du mois de novembre est d\u00e9sign\u00e9e, partout au Canada, comme la Journ\u00e9e nationale de la philanthropie. Elle vise \u00e0 c\u00e9l\u00e9brer l\u2019engagement quotidien des individus, des entreprises et des organisations.<\/p><p>\u00a0<\/p><p><b>Afin de bien se comprendre&#8230;<\/b><\/p><p>\u00a0<\/p><p><b>Philanthropie <\/b>: Action culturelle ou humanitaire qui consiste \u00e0 faire preuve de g\u00e9n\u00e9rosit\u00e9 et soutenir des causes.<\/p><p>\u00a0<\/p><p><b>Organisme \u00e0 but non lucratif<\/b> : Organisme \u00e0 vocation sociale, \u00e9ducative ou caritative qui ne verse aucun profit \u00e0 ses membres et qui ne leur consent aucun avantage financier.<\/p><p>\u00a0<\/p><p><b>Organisme de bienfaisance<\/b> : Organisme qui vient en aide aux personnes dans le besoin qui b\u00e9n\u00e9ficie d\u2019exemptions d\u2019imp\u00f4ts et est autoris\u00e9 \u00e0 \u00e9mettre des re\u00e7us fiscaux \u00e0 ses donateurs.<\/p><p>\u00a0<\/p><p><b>Fondation <\/b>: Organisme qui administre et distribue des fonds qu\u2019il r\u00e9serve \u00e0 une action soci\u00e9tale et caritative.<\/p><p>\u00a0<\/p><h1><b>Merci!<\/b><\/h1><p>\u00a0<\/p><p>Merci aux individus qui, souvent, pr\u00e9f\u00e8rent demeurer dans l\u2019anonymat, aux entreprises et aux diverses organisations qui sont des philanthropes essentiels\u00a0pour la qualit\u00e9 de vie\u00a0<span style=\"font-style: inherit; font-weight: inherit;\">des communaut\u00e9s et\u00a0<\/span><span style=\"font-style: inherit; font-weight: inherit;\">de la population.<\/span><\/p>\t\t\t\t\t\t\t\t<\/div>\n\t\t\t\t<\/div>\n\t\t\t\t\t<\/div>\n\t\t<\/div>\n\t\t\t\t\t<\/div>\n\t\t<\/section>\n\t\t\t\t<\/div>\n\t\t","protected":false},"excerpt":{"rendered":"<p>\u00c9DUCATION Place au Fonds AEFNB pour l\u2019enfance! Pour officialiser l\u2019entente avec la Fondation communautaire de la P\u00e9ninsule acadienne qui administre le fonds, une signature officielle a eu lieu il y a d\u00e9j\u00e0 quelques mois. Sur la photo, G\u00e9rald Losier, directeur g\u00e9n\u00e9ral de la FCPA et St\u00e9phanie Babineau, pr\u00e9sidente sortante de l\u2019AEFNB. Dans une atmosph\u00e8re festive, [&hellip;]<\/p>\n","protected":false},"author":1,"featured_media":0,"parent":0,"menu_order":3,"comment_status":"closed","ping_status":"closed","template":"","meta":{"site-sidebar-layout":"no-sidebar","site-content-layout":"page-builder","ast-site-content-layout":"default","site-content-style":"default","site-sidebar-style":"default","ast-global-header-display":"","ast-banner-title-visibility":"","ast-main-header-display":"","ast-hfb-above-header-display":"","ast-hfb-below-header-display":"","ast-hfb-mobile-header-display":"","site-post-title":"disabled","ast-breadcrumbs-content":"","ast-featured-img":"disabled","footer-sml-layout":"","ast-disable-related-posts":"","theme-transparent-header-meta":"default","adv-header-id-meta":"","stick-header-meta":"","header-above-stick-meta":"","header-main-stick-meta":"","header-below-stick-meta":"","astra-migrate-meta-layouts":"default","ast-page-background-enabled":"default","ast-page-background-meta":{"desktop":{"background-color":"var(--ast-global-color-4)","background-image":"","background-repeat":"repeat","background-position":"center center","background-size":"auto","background-attachment":"scroll","background-type":"","background-media":"","overlay-type":"","overlay-color":"","overlay-opacity":"","overlay-gradient":""},"tablet":{"background-color":"","background-image":"","background-repeat":"repeat","background-position":"center center","background-size":"auto","background-attachment":"scroll","background-type":"","background-media":"","overlay-type":"","overlay-color":"","overlay-opacity":"","overlay-gradient":""},"mobile":{"background-color":"","background-image":"","background-repeat":"repeat","background-position":"center center","background-size":"auto","background-attachment":"scroll","background-type":"","background-media":"","overlay-type":"","overlay-color":"","overlay-opacity":"","overlay-gradient":""}},"ast-content-background-meta":{"desktop":{"background-color":"var(--ast-global-color-5)","background-image":"","background-repeat":"repeat","background-position":"center center","background-size":"auto","background-attachment":"scroll","background-type":"","background-media":"","overlay-type":"","overlay-color":"","overlay-opacity":"","overlay-gradient":""},"tablet":{"background-color":"var(--ast-global-color-5)","background-image":"","background-repeat":"repeat","background-position":"center center","background-size":"auto","background-attachment":"scroll","background-type":"","background-media":"","overlay-type":"","overlay-color":"","overlay-opacity":"","overlay-gradient":""},"mobile":{"background-color":"var(--ast-global-color-5)","background-image":"","background-repeat":"repeat","background-position":"center center","background-size":"auto","background-attachment":"scroll","background-type":"","background-media":"","overlay-type":"","overlay-color":"","overlay-opacity":"","overlay-gradient":""}},"footnotes":""},"page-categories":[],"class_list":["post-7805","page","type-page","status-publish","hentry"],"_links":{"self":[{"href":"https:\/\/kiosque.acadienouvelle.com\/philanthropie-2025\/wp-json\/wp\/v2\/pages\/7805","targetHints":{"allow":["GET"]}}],"collection":[{"href":"https:\/\/kiosque.acadienouvelle.com\/philanthropie-2025\/wp-json\/wp\/v2\/pages"}],"about":[{"href":"https:\/\/kiosque.acadienouvelle.com\/philanthropie-2025\/wp-json\/wp\/v2\/types\/page"}],"author":[{"embeddable":true,"href":"https:\/\/kiosque.acadienouvelle.com\/philanthropie-2025\/wp-json\/wp\/v2\/users\/1"}],"replies":[{"embeddable":true,"href":"https:\/\/kiosque.acadienouvelle.com\/philanthropie-2025\/wp-json\/wp\/v2\/comments?post=7805"}],"version-history":[{"count":16,"href":"https:\/\/kiosque.acadienouvelle.com\/philanthropie-2025\/wp-json\/wp\/v2\/pages\/7805\/revisions"}],"predecessor-version":[{"id":7931,"href":"https:\/\/kiosque.acadienouvelle.com\/philanthropie-2025\/wp-json\/wp\/v2\/pages\/7805\/revisions\/7931"}],"wp:attachment":[{"href":"https:\/\/kiosque.acadienouvelle.com\/philanthropie-2025\/wp-json\/wp\/v2\/media?parent=7805"}],"wp:term":[{"taxonomy":"page-categories","embeddable":true,"href":"https:\/\/kiosque.acadienouvelle.com\/philanthropie-2025\/wp-json\/wp\/v2\/page-categories?post=7805"}],"curies":[{"name":"wp","href":"https:\/\/api.w.org\/{rel}","templated":true}]}}