{"id":7839,"date":"2025-11-11T20:40:26","date_gmt":"2025-11-11T20:40:26","guid":{"rendered":"https:\/\/kiosque.acadienouvelle.com\/philanthropie-2025\/?page_id=7839"},"modified":"2025-11-12T18:49:04","modified_gmt":"2025-11-12T18:49:04","slug":"fondation-communautaire","status":"publish","type":"page","link":"https:\/\/kiosque.acadienouvelle.com\/philanthropie-2025\/fondation-communautaire\/","title":{"rendered":"Fondation communautaire de la P\u00e9ninsule acadienne : Un tournoi de golf qui a rapport\u00e9 pr\u00e8s de 133 000 $"},"content":{"rendered":"\t\t<div data-elementor-type=\"wp-page\" data-elementor-id=\"7839\" class=\"elementor elementor-7839\" data-elementor-post-type=\"page\">\n\t\t\t\t\t\t<section class=\"elementor-section elementor-top-section elementor-element elementor-element-50c1b6e elementor-section-height-min-height header_title banner_img elementor-section-boxed elementor-section-height-default elementor-section-items-middle\" data-id=\"50c1b6e\" data-element_type=\"section\" data-e-type=\"section\" data-settings=\"{&quot;background_background&quot;:&quot;classic&quot;}\">\n\t\t\t\t\t\t\t<div class=\"elementor-background-overlay\"><\/div>\n\t\t\t\t\t\t\t<div class=\"elementor-container elementor-column-gap-default\">\n\t\t\t\t\t<div class=\"elementor-column elementor-col-100 elementor-top-column elementor-element elementor-element-3a2d241\" data-id=\"3a2d241\" data-element_type=\"column\" data-e-type=\"column\">\n\t\t\t<div class=\"elementor-widget-wrap elementor-element-populated\">\n\t\t\t\t\t\t<div class=\"elementor-element elementor-element-9673cd2 elementor-widget elementor-widget-heading\" data-id=\"9673cd2\" data-element_type=\"widget\" data-e-type=\"widget\" data-widget_type=\"heading.default\">\n\t\t\t\t<div class=\"elementor-widget-container\">\n\t\t\t\t\t<h2 class=\"elementor-heading-title elementor-size-default\">Fondation communautaire de la P\u00e9ninsule acadienne<\/h2>\t\t\t\t<\/div>\n\t\t\t\t<\/div>\n\t\t\t\t<div class=\"elementor-element elementor-element-34119d0 elementor-widget elementor-widget-heading\" data-id=\"34119d0\" data-element_type=\"widget\" data-e-type=\"widget\" data-widget_type=\"heading.default\">\n\t\t\t\t<div class=\"elementor-widget-container\">\n\t\t\t\t\t<h2 class=\"elementor-heading-title elementor-size-default\">Un tournoi de golf qui a rapport\u00e9 pr\u00e8s de 133 000 $<\/h2>\t\t\t\t<\/div>\n\t\t\t\t<\/div>\n\t\t\t\t\t<\/div>\n\t\t<\/div>\n\t\t\t\t\t<\/div>\n\t\t<\/section>\n\t\t\t\t<section class=\"elementor-section elementor-top-section elementor-element elementor-element-d9a853a elementor-section-boxed elementor-section-height-default elementor-section-height-default\" data-id=\"d9a853a\" data-element_type=\"section\" data-e-type=\"section\">\n\t\t\t\t\t\t<div class=\"elementor-container elementor-column-gap-default\">\n\t\t\t\t\t<div class=\"elementor-column elementor-col-100 elementor-top-column elementor-element elementor-element-68d9c5a page_contain\" data-id=\"68d9c5a\" data-element_type=\"column\" data-e-type=\"column\" data-settings=\"{&quot;background_background&quot;:&quot;classic&quot;}\">\n\t\t\t<div class=\"elementor-widget-wrap elementor-element-populated\">\n\t\t\t\t\t\t<div class=\"elementor-element elementor-element-50f1f9b elementor-widget elementor-widget-image\" data-id=\"50f1f9b\" data-element_type=\"widget\" data-e-type=\"widget\" data-widget_type=\"image.default\">\n\t\t\t\t<div class=\"elementor-widget-container\">\n\t\t\t\t\t\t\t\t\t\t\t\t<figure class=\"wp-caption\">\n\t\t\t\t\t\t\t\t\t\t<img fetchpriority=\"high\" decoding=\"async\" width=\"1366\" height=\"768\" src=\"https:\/\/kiosque.acadienouvelle.com\/philanthropie-2025\/wp-content\/uploads\/sites\/366\/2025\/11\/06a_photo-tournoi_land.jpg\" class=\"attachment-full size-full wp-image-7721\" alt=\"\" srcset=\"https:\/\/kiosque.acadienouvelle.com\/philanthropie-2025\/wp-content\/uploads\/sites\/366\/2025\/11\/06a_photo-tournoi_land.jpg 1366w, https:\/\/kiosque.acadienouvelle.com\/philanthropie-2025\/wp-content\/uploads\/sites\/366\/2025\/11\/06a_photo-tournoi_land-300x169.jpg 300w, https:\/\/kiosque.acadienouvelle.com\/philanthropie-2025\/wp-content\/uploads\/sites\/366\/2025\/11\/06a_photo-tournoi_land-1024x576.jpg 1024w, https:\/\/kiosque.acadienouvelle.com\/philanthropie-2025\/wp-content\/uploads\/sites\/366\/2025\/11\/06a_photo-tournoi_land-768x432.jpg 768w\" sizes=\"(max-width: 1366px) 100vw, 1366px\" \/>\t\t\t\t\t\t\t\t\t\t\t<figcaption class=\"widget-image-caption wp-caption-text\">Ces personnalit\u00e9s, dont le pr\u00e9sident du tournoi L\u00e9opold Th\u00e9riault, \u00e9taient bien fi\u00e8res de montrer le montant recueilli. Un \u00e9norme succ\u00e8s. (Gracieuset\u00e9)<\/figcaption>\n\t\t\t\t\t\t\t\t\t\t<\/figure>\n\t\t\t\t\t\t\t\t\t<\/div>\n\t\t\t\t<\/div>\n\t\t<link rel=\"stylesheet\" href=\"https:\/\/use.fontawesome.com\/releases\/v5.5.0\/css\/all.css\" integrity=\"sha384-B4dIYHKNBt8Bc12p+WXckhzcICo0wtJAoU8YZTY5qE0Id1GSseTk6S+L3BlXeVIU\" crossorigin=\"anonymous\">\r\n\t\t<div class=\"elementor-element elementor-element-d0a0a3b mobile_pera elementor-widget elementor-widget-text-editor\" data-id=\"d0a0a3b\" data-element_type=\"widget\" data-e-type=\"widget\" data-widget_type=\"text-editor.default\">\n\t\t\t\t<div class=\"elementor-widget-container\">\n\t\t\t\t\t\t\t\t\tLe 8 ao\u00fbt dernier, la Fondation communautaire de la P\u00e9ninsule acadienne (FCPA) a rassembl\u00e9 \n150 golfeuses et golfeurs engag\u00e9s, accompagn\u00e9s de partenaires, b\u00e9n\u00e9voles et membres de la communaut\u00e9, pour une journ\u00e9e exceptionnelle de solidarit\u00e9 et de plaisir sur les parcours. Gr\u00e2ce \u00e0 votre g\u00e9n\u00e9rosit\u00e9, un montant impressionnant de 132 680 $ a \u00e9t\u00e9 recueilli dans le cadre de ce tournoi! \n\t\t\t\t\t\t\t\t<\/div>\n\t\t\t\t<\/div>\n\t\t\t\t<div class=\"elementor-element elementor-element-eeb00d2 elementor-widget elementor-widget-advertisement\" data-id=\"eeb00d2\" data-element_type=\"widget\" data-e-type=\"widget\" data-widget_type=\"advertisement.default\">\n\t\t\t\t<div class=\"elementor-widget-container\">\n\t\t\t\t\t<div class=\"ads-align-center\"><div data-m32-ad data-options='{\"sizes\":\"[[300,250]]\",\"dfpId\":\"21658289790,27729547\",\"dfpAdUnitPath\":\"acadienouvelle\/cahiers_quarterpage_300x250\"}'><\/div><\/div>\t\t\t\t<\/div>\n\t\t\t\t<\/div>\n\t\t\t\t<div class=\"elementor-element elementor-element-1f007cf mobile_pera elementor-widget elementor-widget-text-editor\" data-id=\"1f007cf\" data-element_type=\"widget\" data-e-type=\"widget\" data-widget_type=\"text-editor.default\">\n\t\t\t\t<div class=\"elementor-widget-container\">\n\t\t\t\t\t\t\t\t\t<p><b>Les profits sont distribu\u00e9s \u00e0 des causes significatives et bien ancr\u00e9es dans notre r\u00e9gion :<\/b><\/p>\t\t\t\t\t\t\t\t<\/div>\n\t\t\t\t<\/div>\n\t\t\t\t<div class=\"elementor-element elementor-element-74263c8 mobile_pera elementor-widget elementor-widget-text-editor\" data-id=\"74263c8\" data-element_type=\"widget\" data-e-type=\"widget\" data-widget_type=\"text-editor.default\">\n\t\t\t\t<div class=\"elementor-widget-container\">\n\t\t\t\t\t\t\t\t\t<p>\u2022 <b>L\u2019AUMCS <\/b>\u2013 pour soutenir son programme de <b>bourses \u00e9tudiantes.<\/b><br><span style=\"font-style: inherit; font-weight: inherit;\">\u2022 Les <\/span><span style=\"font-style: inherit;\"><b>quatre banques alimentaires<\/b><\/span><span style=\"font-style: inherit; font-weight: inherit;\"> de la P\u00e9ninsule acadienne :<br><\/span><span style=\"font-style: inherit; font-weight: inherit;\">&nbsp; &nbsp;\u2013 Ami Soleil (Caraquet)<br><\/span><span style=\"font-style: inherit; font-weight: inherit;\">&nbsp; &nbsp;\u2013 Rayon d\u2019Espoir (Tracadie)<br><\/span><span style=\"font-style: inherit; font-weight: inherit;\">&nbsp; &nbsp;\u2013 Centre familial Unique (Neguac)<br><\/span><span style=\"font-style: inherit; font-weight: inherit;\">&nbsp; &nbsp;\u2013 Secours-Amiti\u00e9 (Lam\u00e8que)&nbsp;<br><\/span><span style=\"font-style: inherit; font-weight: inherit;\">\u2022 Le Salon du livre de la P\u00e9ninsule acadienne afin d\u2019encourager la culture et la litt\u00e9ratie.&nbsp;<br><\/span><span style=\"font-style: inherit; font-weight: inherit;\">\u2022 Et bien entendu, la <\/span><span style=\"font-style: inherit;\"><b>Fondation communautaire de la P\u00e9ninsule acadienne<\/b><\/span><span style=\"font-style: inherit; font-weight: inherit;\"> pour poursuivre sa mission de soutenir des projets porteurs et durables dans nos collectivit\u00e9s.&nbsp;<\/span><\/p>\t\t\t\t\t\t\t\t<\/div>\n\t\t\t\t<\/div>\n\t\t\t\t<div class=\"elementor-element elementor-element-a32ec05 mobile_pera elementor-widget elementor-widget-text-editor\" data-id=\"a32ec05\" data-element_type=\"widget\" data-e-type=\"widget\" data-widget_type=\"text-editor.default\">\n\t\t\t\t<div class=\"elementor-widget-container\">\n\t\t\t\t\t\t\t\t\tMerci aux membres du comit\u00e9 organisateur : L\u00e9opold Th\u00e9riault, pr\u00e9sident; G\u00e9rald Losier, directeur g\u00e9n\u00e9ral de la FCPA; Patrice-\u00c9loi Mallet, AUMCS; Denis Mallet, directeur g\u00e9n\u00e9ral du Club de golf Pokemouche et Paul Lanteigne, membre du CA de la fondation.\nMerci \u00e9galement \u00e0 tous nos partenaires et participants.\t\t\t\t\t\t\t\t<\/div>\n\t\t\t\t<\/div>\n\t\t\t\t<div class=\"elementor-element elementor-element-da50659 elementor-widget elementor-widget-image\" data-id=\"da50659\" data-element_type=\"widget\" data-e-type=\"widget\" data-widget_type=\"image.default\">\n\t\t\t\t<div class=\"elementor-widget-container\">\n\t\t\t\t\t\t\t\t\t\t\t\t\t\t\t<img decoding=\"async\" width=\"1024\" height=\"576\" src=\"https:\/\/kiosque.acadienouvelle.com\/philanthropie-2025\/wp-content\/uploads\/sites\/366\/2025\/11\/06b_visuel-1024x576.jpg\" class=\"attachment-large size-large wp-image-7722\" alt=\"\" srcset=\"https:\/\/kiosque.acadienouvelle.com\/philanthropie-2025\/wp-content\/uploads\/sites\/366\/2025\/11\/06b_visuel-1024x576.jpg 1024w, https:\/\/kiosque.acadienouvelle.com\/philanthropie-2025\/wp-content\/uploads\/sites\/366\/2025\/11\/06b_visuel-300x169.jpg 300w, https:\/\/kiosque.acadienouvelle.com\/philanthropie-2025\/wp-content\/uploads\/sites\/366\/2025\/11\/06b_visuel-768x432.jpg 768w, https:\/\/kiosque.acadienouvelle.com\/philanthropie-2025\/wp-content\/uploads\/sites\/366\/2025\/11\/06b_visuel.jpg 1366w\" sizes=\"(max-width: 1024px) 100vw, 1024px\" \/>\t\t\t\t\t\t\t\t\t\t\t\t\t\t\t<\/div>\n\t\t\t\t<\/div>\n\t\t\t\t<div class=\"elementor-element elementor-element-166374c box_pera elementor-widget elementor-widget-text-editor\" data-id=\"166374c\" data-element_type=\"widget\" data-e-type=\"widget\" data-widget_type=\"text-editor.default\">\n\t\t\t\t<div class=\"elementor-widget-container\">\n\t\t\t\t\t\t\t\t\t<h1>Les jeunes\u2026 la voix de l\u2019avenir!<b><br><\/b><\/h1>\n<p>Les jeunes ont envie de changer les choses. Et nous croyons en leur pouvoir de le faire. Aujourd\u2019hui, de plus en plus de jeunes veulent s\u2019impliquer dans leur communaut\u00e9 : donner de leur temps, soutenir une cause, ou simplement faire une diff\u00e9rence autour d\u2019eux. \u00c0 la Fondation communautaire de la P\u00e9ninsule acadienne (FCPA), on pense que la philanthropie n\u2019a pas d\u2019\u00e2ge et que la rel\u00e8ve commence maintenant. Par l\u2019\u00e9ducation, le mentorat, les projets scolaires ou communautaires, on peut semer une culture du don et de l\u2019entraide d\u00e8s le plus jeune \u00e2ge. Mobiliser les jeunes, c\u2019est leur donner une voix. C\u2019est les inviter \u00e0 b\u00e2tir, avec nous, une communaut\u00e9 plus forte, plus inclusive, plus solidaire. Ils sont l\u2019avenir. Donnons-leur les outils pour en faire un avenir qui leur ressemble.<\/p>\n<p><br>#JeunesseEngag\u00e9e<br>#PhilanthropieDesJeunes<br>#PeninsuleAcadienne<br>#FondationFCPA<br>#MobilisationCommunautaire<br>#EngagementJeunesse<br>#EnsemblePourDemain<br>#CCNB<br>#UMCS<\/p>\t\t\t\t\t\t\t\t<\/div>\n\t\t\t\t<\/div>\n\t\t\t\t\t<\/div>\n\t\t<\/div>\n\t\t\t\t\t<\/div>\n\t\t<\/section>\n\t\t\t\t<\/div>\n\t\t","protected":false},"excerpt":{"rendered":"<p>Fondation communautaire de la P\u00e9ninsule acadienne Un tournoi de golf qui a rapport\u00e9 pr\u00e8s de 133 000 $ Ces personnalit\u00e9s, dont le pr\u00e9sident du tournoi L\u00e9opold Th\u00e9riault, \u00e9taient bien fi\u00e8res de montrer le montant recueilli. Un \u00e9norme succ\u00e8s. (Gracieuset\u00e9) Le 8 ao\u00fbt dernier, la Fondation communautaire de la P\u00e9ninsule acadienne (FCPA) a rassembl\u00e9 150 golfeuses [&hellip;]<\/p>\n","protected":false},"author":1,"featured_media":0,"parent":0,"menu_order":6,"comment_status":"closed","ping_status":"closed","template":"","meta":{"site-sidebar-layout":"no-sidebar","site-content-layout":"page-builder","ast-site-content-layout":"default","site-content-style":"default","site-sidebar-style":"default","ast-global-header-display":"","ast-banner-title-visibility":"","ast-main-header-display":"","ast-hfb-above-header-display":"","ast-hfb-below-header-display":"","ast-hfb-mobile-header-display":"","site-post-title":"disabled","ast-breadcrumbs-content":"","ast-featured-img":"disabled","footer-sml-layout":"","ast-disable-related-posts":"","theme-transparent-header-meta":"default","adv-header-id-meta":"","stick-header-meta":"","header-above-stick-meta":"","header-main-stick-meta":"","header-below-stick-meta":"","astra-migrate-meta-layouts":"default","ast-page-background-enabled":"default","ast-page-background-meta":{"desktop":{"background-color":"var(--ast-global-color-4)","background-image":"","background-repeat":"repeat","background-position":"center center","background-size":"auto","background-attachment":"scroll","background-type":"","background-media":"","overlay-type":"","overlay-color":"","overlay-opacity":"","overlay-gradient":""},"tablet":{"background-color":"","background-image":"","background-repeat":"repeat","background-position":"center center","background-size":"auto","background-attachment":"scroll","background-type":"","background-media":"","overlay-type":"","overlay-color":"","overlay-opacity":"","overlay-gradient":""},"mobile":{"background-color":"","background-image":"","background-repeat":"repeat","background-position":"center center","background-size":"auto","background-attachment":"scroll","background-type":"","background-media":"","overlay-type":"","overlay-color":"","overlay-opacity":"","overlay-gradient":""}},"ast-content-background-meta":{"desktop":{"background-color":"var(--ast-global-color-5)","background-image":"","background-repeat":"repeat","background-position":"center center","background-size":"auto","background-attachment":"scroll","background-type":"","background-media":"","overlay-type":"","overlay-color":"","overlay-opacity":"","overlay-gradient":""},"tablet":{"background-color":"var(--ast-global-color-5)","background-image":"","background-repeat":"repeat","background-position":"center center","background-size":"auto","background-attachment":"scroll","background-type":"","background-media":"","overlay-type":"","overlay-color":"","overlay-opacity":"","overlay-gradient":""},"mobile":{"background-color":"var(--ast-global-color-5)","background-image":"","background-repeat":"repeat","background-position":"center center","background-size":"auto","background-attachment":"scroll","background-type":"","background-media":"","overlay-type":"","overlay-color":"","overlay-opacity":"","overlay-gradient":""}},"footnotes":""},"page-categories":[],"class_list":["post-7839","page","type-page","status-publish","hentry"],"_links":{"self":[{"href":"https:\/\/kiosque.acadienouvelle.com\/philanthropie-2025\/wp-json\/wp\/v2\/pages\/7839","targetHints":{"allow":["GET"]}}],"collection":[{"href":"https:\/\/kiosque.acadienouvelle.com\/philanthropie-2025\/wp-json\/wp\/v2\/pages"}],"about":[{"href":"https:\/\/kiosque.acadienouvelle.com\/philanthropie-2025\/wp-json\/wp\/v2\/types\/page"}],"author":[{"embeddable":true,"href":"https:\/\/kiosque.acadienouvelle.com\/philanthropie-2025\/wp-json\/wp\/v2\/users\/1"}],"replies":[{"embeddable":true,"href":"https:\/\/kiosque.acadienouvelle.com\/philanthropie-2025\/wp-json\/wp\/v2\/comments?post=7839"}],"version-history":[{"count":22,"href":"https:\/\/kiosque.acadienouvelle.com\/philanthropie-2025\/wp-json\/wp\/v2\/pages\/7839\/revisions"}],"predecessor-version":[{"id":7937,"href":"https:\/\/kiosque.acadienouvelle.com\/philanthropie-2025\/wp-json\/wp\/v2\/pages\/7839\/revisions\/7937"}],"wp:attachment":[{"href":"https:\/\/kiosque.acadienouvelle.com\/philanthropie-2025\/wp-json\/wp\/v2\/media?parent=7839"}],"wp:term":[{"taxonomy":"page-categories","embeddable":true,"href":"https:\/\/kiosque.acadienouvelle.com\/philanthropie-2025\/wp-json\/wp\/v2\/page-categories?post=7839"}],"curies":[{"name":"wp","href":"https:\/\/api.w.org\/{rel}","templated":true}]}}