{"id":7863,"date":"2025-11-11T20:52:39","date_gmt":"2025-11-11T20:52:39","guid":{"rendered":"https:\/\/kiosque.acadienouvelle.com\/philanthropie-2025\/?page_id=7863"},"modified":"2025-11-12T18:50:04","modified_gmt":"2025-11-12T18:50:04","slug":"signification-philanthropie","status":"publish","type":"page","link":"https:\/\/kiosque.acadienouvelle.com\/philanthropie-2025\/signification-philanthropie\/","title":{"rendered":"Que signifie au juste la philanthropie?"},"content":{"rendered":"\t\t<div data-elementor-type=\"wp-page\" data-elementor-id=\"7863\" class=\"elementor elementor-7863\" data-elementor-post-type=\"page\">\n\t\t\t\t\t\t<section class=\"elementor-section elementor-top-section elementor-element elementor-element-50c1b6e elementor-section-height-min-height header_title banner_img elementor-section-boxed elementor-section-height-default elementor-section-items-middle\" data-id=\"50c1b6e\" data-element_type=\"section\" data-e-type=\"section\" data-settings=\"{&quot;background_background&quot;:&quot;classic&quot;}\">\n\t\t\t\t\t\t\t<div class=\"elementor-background-overlay\"><\/div>\n\t\t\t\t\t\t\t<div class=\"elementor-container elementor-column-gap-default\">\n\t\t\t\t\t<div class=\"elementor-column elementor-col-100 elementor-top-column elementor-element elementor-element-3a2d241\" data-id=\"3a2d241\" data-element_type=\"column\" data-e-type=\"column\">\n\t\t\t<div class=\"elementor-widget-wrap elementor-element-populated\">\n\t\t\t\t\t\t<div class=\"elementor-element elementor-element-9673cd2 elementor-widget elementor-widget-heading\" data-id=\"9673cd2\" data-element_type=\"widget\" data-e-type=\"widget\" data-widget_type=\"heading.default\">\n\t\t\t\t<div class=\"elementor-widget-container\">\n\t\t\t\t\t<h2 class=\"elementor-heading-title elementor-size-default\">Que signifie au juste la philanthropie?<\/h2>\t\t\t\t<\/div>\n\t\t\t\t<\/div>\n\t\t\t\t\t<\/div>\n\t\t<\/div>\n\t\t\t\t\t<\/div>\n\t\t<\/section>\n\t\t\t\t<section class=\"elementor-section elementor-top-section elementor-element elementor-element-d9a853a elementor-section-boxed elementor-section-height-default elementor-section-height-default\" data-id=\"d9a853a\" data-element_type=\"section\" data-e-type=\"section\">\n\t\t\t\t\t\t<div class=\"elementor-container elementor-column-gap-default\">\n\t\t\t\t\t<div class=\"elementor-column elementor-col-100 elementor-top-column elementor-element elementor-element-68d9c5a page_contain\" data-id=\"68d9c5a\" data-element_type=\"column\" data-e-type=\"column\" data-settings=\"{&quot;background_background&quot;:&quot;classic&quot;}\">\n\t\t\t<div class=\"elementor-widget-wrap elementor-element-populated\">\n\t\t\t\t\t\t<div class=\"elementor-element elementor-element-50f1f9b elementor-widget elementor-widget-image\" data-id=\"50f1f9b\" data-element_type=\"widget\" data-e-type=\"widget\" data-widget_type=\"image.default\">\n\t\t\t\t<div class=\"elementor-widget-container\">\n\t\t\t\t\t\t\t\t\t\t\t\t\t\t\t<img fetchpriority=\"high\" decoding=\"async\" width=\"1366\" height=\"768\" src=\"https:\/\/kiosque.acadienouvelle.com\/philanthropie-2025\/wp-content\/uploads\/sites\/366\/2025\/11\/07_iStock-1265668548_land.jpg\" class=\"attachment-full size-full wp-image-7724\" alt=\"\" srcset=\"https:\/\/kiosque.acadienouvelle.com\/philanthropie-2025\/wp-content\/uploads\/sites\/366\/2025\/11\/07_iStock-1265668548_land.jpg 1366w, https:\/\/kiosque.acadienouvelle.com\/philanthropie-2025\/wp-content\/uploads\/sites\/366\/2025\/11\/07_iStock-1265668548_land-300x169.jpg 300w, https:\/\/kiosque.acadienouvelle.com\/philanthropie-2025\/wp-content\/uploads\/sites\/366\/2025\/11\/07_iStock-1265668548_land-1024x576.jpg 1024w, https:\/\/kiosque.acadienouvelle.com\/philanthropie-2025\/wp-content\/uploads\/sites\/366\/2025\/11\/07_iStock-1265668548_land-768x432.jpg 768w\" sizes=\"(max-width: 1366px) 100vw, 1366px\" \/>\t\t\t\t\t\t\t\t\t\t\t\t\t\t\t<\/div>\n\t\t\t\t<\/div>\n\t\t<link rel=\"stylesheet\" href=\"https:\/\/use.fontawesome.com\/releases\/v5.5.0\/css\/all.css\" integrity=\"sha384-B4dIYHKNBt8Bc12p+WXckhzcICo0wtJAoU8YZTY5qE0Id1GSseTk6S+L3BlXeVIU\" crossorigin=\"anonymous\">\r\n\t\t<div class=\"elementor-element elementor-element-d0a0a3b mobile_pera elementor-widget elementor-widget-text-editor\" data-id=\"d0a0a3b\" data-element_type=\"widget\" data-e-type=\"widget\" data-widget_type=\"text-editor.default\">\n\t\t\t\t<div class=\"elementor-widget-container\">\n\t\t\t\t\t\t\t\t\tLes hommes et les femmes qui font quelque chose de bien pour les autres sont consid\u00e9r\u00e9s comme des philanthropes. De m\u00eame, ces personnes sont tr\u00e8s diff\u00e9rentes les unes des autres \u2013 du p\u00e9dagogue Basedow en passant par m\u00e8re Teresa et jusqu\u2019\u00e0 Bill Gates. Notre compr\u00e9hension de la philanthropie se r\u00e9sume en une simple phrase : la philanthropie englobe toutes les actions volontaires priv\u00e9es ayant un but d\u2019utilit\u00e9 publique.\n\t\t\t\t\t\t\t\t<\/div>\n\t\t\t\t<\/div>\n\t\t\t\t<div class=\"elementor-element elementor-element-ac80abd elementor-widget elementor-widget-advertisement\" data-id=\"ac80abd\" data-element_type=\"widget\" data-e-type=\"widget\" data-widget_type=\"advertisement.default\">\n\t\t\t\t<div class=\"elementor-widget-container\">\n\t\t\t\t\t<div class=\"ads-align-center\"><div data-m32-ad data-options='{\"sizes\":\"[[320,480]]\",\"dfpId\":\"21658289790,27729547\",\"dfpAdUnitPath\":\"acadienouvelle\/cahiers_halfpage_320x480\"}'><\/div><\/div>\t\t\t\t<\/div>\n\t\t\t\t<\/div>\n\t\t\t\t<div class=\"elementor-element elementor-element-e522894 mobile_pera elementor-widget elementor-widget-text-editor\" data-id=\"e522894\" data-element_type=\"widget\" data-e-type=\"widget\" data-widget_type=\"text-editor.default\">\n\t\t\t\t<div class=\"elementor-widget-container\">\n\t\t\t\t\t\t\t\t\tLa question qui se pose est de savoir pourquoi nous ne choisissons pas une autre notion plus courante pour d\u00e9crire notre domaine d\u2019activit\u00e9. On pourrait \u00e9galement parler d\u2019utilit\u00e9 publique, de bien public, d\u2019aide sociale ou de soci\u00e9t\u00e9 civile. D\u2019un point de vue organisationnel, les notions utilis\u00e9es sont : organisation \u00e0 but non lucratif, \u00e9conomie du besoin ou organisation non gouvernementale (ONG). Nous avons choisi le terme philanthropie comme d\u00e9finition g\u00e9n\u00e9rique, la notion contenant pour nous quelques particularit\u00e9s pr\u00e9cieuses. \n\t\t\t\t\t\t\t\t<\/div>\n\t\t\t\t<\/div>\n\t\t\t\t<div class=\"elementor-element elementor-element-0b6ad93 mobile_pera elementor-widget elementor-widget-text-editor\" data-id=\"0b6ad93\" data-element_type=\"widget\" data-e-type=\"widget\" data-widget_type=\"text-editor.default\">\n\t\t\t\t<div class=\"elementor-widget-container\">\n\t\t\t\t\t\t\t\t\t<p><b>La philanthropie se rapporte \u00e0 la personne<\/b><\/p>\t\t\t\t\t\t\t\t<\/div>\n\t\t\t\t<\/div>\n\t\t\t\t<div class=\"elementor-element elementor-element-ea44a79 mobile_pera elementor-widget elementor-widget-text-editor\" data-id=\"ea44a79\" data-element_type=\"widget\" data-e-type=\"widget\" data-widget_type=\"text-editor.default\">\n\t\t\t\t<div class=\"elementor-widget-container\">\n\t\t\t\t\t\t\t\t\tLa philanthropie place l\u2019\u00eatre humain et ses actions au centre, alors que les autres notions ont un contexte social. En outre, un grand nombre d\u2019activit\u00e9s philanthropiques ne se d\u00e9roulent pas dans un cadre organis\u00e9. L\u2019aide de voisinage, les dons spontan\u00e9s ou les mouvements sociaux en font partie. Dans un monde marqu\u00e9 par l\u2019individualisme, la philanthropie r\u00e9pond \u00e0 la question consistant \u00e0 savoir pourquoi des personnes s\u2019engagent pour le bien public. \n\t\t\t\t\t\t\t\t<\/div>\n\t\t\t\t<\/div>\n\t\t\t\t<div class=\"elementor-element elementor-element-cb401b9 mobile_pera elementor-widget elementor-widget-text-editor\" data-id=\"cb401b9\" data-element_type=\"widget\" data-e-type=\"widget\" data-widget_type=\"text-editor.default\">\n\t\t\t\t<div class=\"elementor-widget-container\">\n\t\t\t\t\t\t\t\t\t<p><b>Se rapporte aux valeurs<\/b><\/p>\t\t\t\t\t\t\t\t<\/div>\n\t\t\t\t<\/div>\n\t\t\t\t<div class=\"elementor-element elementor-element-0d2e6ff mobile_pera elementor-widget elementor-widget-text-editor\" data-id=\"0d2e6ff\" data-element_type=\"widget\" data-e-type=\"widget\" data-widget_type=\"text-editor.default\">\n\t\t\t\t<div class=\"elementor-widget-container\">\n\t\t\t\t\t\t\t\t\tLa philanthropie exprime une valorisation qui, au sens le plus large, peut \u00eatre d\u00e9finie comme la tendance \u00e0 vouloir le bien des hommes. Les actions philanthropiques expriment comme peu d\u2019autres gestes un comportement \u00e9thique envers d\u2019autres \u00eatres humains. Cela diff\u00e9rencie clairement la philanthropie d\u2019avec l\u2019action \u00e9tatique ou l\u2019\u00e9conomie de march\u00e9. Cette d\u00e9limitation concernant les valeurs nous semble plus importante que l\u2019orientation \u00e9conomique.\n\t\t\t\t\t\t\t\t<\/div>\n\t\t\t\t<\/div>\n\t\t\t\t<div class=\"elementor-element elementor-element-6a0d26b mobile_pera elementor-widget elementor-widget-text-editor\" data-id=\"6a0d26b\" data-element_type=\"widget\" data-e-type=\"widget\" data-widget_type=\"text-editor.default\">\n\t\t\t\t<div class=\"elementor-widget-container\">\n\t\t\t\t\t\t\t\t\t<p><b>La philanthropie\u00a0<\/b><b style=\"font-style: inherit;\">est universelle<\/b><\/p>\t\t\t\t\t\t\t\t<\/div>\n\t\t\t\t<\/div>\n\t\t\t\t<div class=\"elementor-element elementor-element-4534216 mobile_pera elementor-widget elementor-widget-text-editor\" data-id=\"4534216\" data-element_type=\"widget\" data-e-type=\"widget\" data-widget_type=\"text-editor.default\">\n\t\t\t\t<div class=\"elementor-widget-container\">\n\t\t\t\t\t\t\t\t\tLa philanthropie existe dans le monde entier et sa tradition remonte aux d\u00e9buts de la civilisation. Dans toutes les religions du monde, on trouve des r\u00e9glementations et des recommandations philanthropiques. Cependant, la philanthropie est libre de tout lien politique, religieux ou dogmatique.\n\t\t\t\t\t\t\t\t<\/div>\n\t\t\t\t<\/div>\n\t\t\t\t<div class=\"elementor-element elementor-element-801e055 mobile_pera elementor-widget elementor-widget-text-editor\" data-id=\"801e055\" data-element_type=\"widget\" data-e-type=\"widget\" data-widget_type=\"text-editor.default\">\n\t\t\t\t<div class=\"elementor-widget-container\">\n\t\t\t\t\t\t\t\t\t<p><i>Source : Centre d\u2019\u00e9tudes\u00a0en philanthropie <\/i><\/p>\t\t\t\t\t\t\t\t<\/div>\n\t\t\t\t<\/div>\n\t\t\t\t\t<\/div>\n\t\t<\/div>\n\t\t\t\t\t<\/div>\n\t\t<\/section>\n\t\t\t\t<\/div>\n\t\t","protected":false},"excerpt":{"rendered":"<p>Que signifie au juste la philanthropie? Les hommes et les femmes qui font quelque chose de bien pour les autres sont consid\u00e9r\u00e9s comme des philanthropes. De m\u00eame, ces personnes sont tr\u00e8s diff\u00e9rentes les unes des autres \u2013 du p\u00e9dagogue Basedow en passant par m\u00e8re Teresa et jusqu\u2019\u00e0 Bill Gates. Notre compr\u00e9hension de la philanthropie se [&hellip;]<\/p>\n","protected":false},"author":1,"featured_media":0,"parent":0,"menu_order":7,"comment_status":"closed","ping_status":"closed","template":"","meta":{"site-sidebar-layout":"no-sidebar","site-content-layout":"page-builder","ast-site-content-layout":"default","site-content-style":"default","site-sidebar-style":"default","ast-global-header-display":"","ast-banner-title-visibility":"","ast-main-header-display":"","ast-hfb-above-header-display":"","ast-hfb-below-header-display":"","ast-hfb-mobile-header-display":"","site-post-title":"disabled","ast-breadcrumbs-content":"","ast-featured-img":"disabled","footer-sml-layout":"","ast-disable-related-posts":"","theme-transparent-header-meta":"default","adv-header-id-meta":"","stick-header-meta":"","header-above-stick-meta":"","header-main-stick-meta":"","header-below-stick-meta":"","astra-migrate-meta-layouts":"default","ast-page-background-enabled":"default","ast-page-background-meta":{"desktop":{"background-color":"var(--ast-global-color-4)","background-image":"","background-repeat":"repeat","background-position":"center center","background-size":"auto","background-attachment":"scroll","background-type":"","background-media":"","overlay-type":"","overlay-color":"","overlay-opacity":"","overlay-gradient":""},"tablet":{"background-color":"","background-image":"","background-repeat":"repeat","background-position":"center center","background-size":"auto","background-attachment":"scroll","background-type":"","background-media":"","overlay-type":"","overlay-color":"","overlay-opacity":"","overlay-gradient":""},"mobile":{"background-color":"","background-image":"","background-repeat":"repeat","background-position":"center center","background-size":"auto","background-attachment":"scroll","background-type":"","background-media":"","overlay-type":"","overlay-color":"","overlay-opacity":"","overlay-gradient":""}},"ast-content-background-meta":{"desktop":{"background-color":"var(--ast-global-color-5)","background-image":"","background-repeat":"repeat","background-position":"center center","background-size":"auto","background-attachment":"scroll","background-type":"","background-media":"","overlay-type":"","overlay-color":"","overlay-opacity":"","overlay-gradient":""},"tablet":{"background-color":"var(--ast-global-color-5)","background-image":"","background-repeat":"repeat","background-position":"center center","background-size":"auto","background-attachment":"scroll","background-type":"","background-media":"","overlay-type":"","overlay-color":"","overlay-opacity":"","overlay-gradient":""},"mobile":{"background-color":"var(--ast-global-color-5)","background-image":"","background-repeat":"repeat","background-position":"center center","background-size":"auto","background-attachment":"scroll","background-type":"","background-media":"","overlay-type":"","overlay-color":"","overlay-opacity":"","overlay-gradient":""}},"footnotes":""},"page-categories":[],"class_list":["post-7863","page","type-page","status-publish","hentry"],"_links":{"self":[{"href":"https:\/\/kiosque.acadienouvelle.com\/philanthropie-2025\/wp-json\/wp\/v2\/pages\/7863","targetHints":{"allow":["GET"]}}],"collection":[{"href":"https:\/\/kiosque.acadienouvelle.com\/philanthropie-2025\/wp-json\/wp\/v2\/pages"}],"about":[{"href":"https:\/\/kiosque.acadienouvelle.com\/philanthropie-2025\/wp-json\/wp\/v2\/types\/page"}],"author":[{"embeddable":true,"href":"https:\/\/kiosque.acadienouvelle.com\/philanthropie-2025\/wp-json\/wp\/v2\/users\/1"}],"replies":[{"embeddable":true,"href":"https:\/\/kiosque.acadienouvelle.com\/philanthropie-2025\/wp-json\/wp\/v2\/comments?post=7863"}],"version-history":[{"count":7,"href":"https:\/\/kiosque.acadienouvelle.com\/philanthropie-2025\/wp-json\/wp\/v2\/pages\/7863\/revisions"}],"predecessor-version":[{"id":7940,"href":"https:\/\/kiosque.acadienouvelle.com\/philanthropie-2025\/wp-json\/wp\/v2\/pages\/7863\/revisions\/7940"}],"wp:attachment":[{"href":"https:\/\/kiosque.acadienouvelle.com\/philanthropie-2025\/wp-json\/wp\/v2\/media?parent=7863"}],"wp:term":[{"taxonomy":"page-categories","embeddable":true,"href":"https:\/\/kiosque.acadienouvelle.com\/philanthropie-2025\/wp-json\/wp\/v2\/page-categories?post=7863"}],"curies":[{"name":"wp","href":"https:\/\/api.w.org\/{rel}","templated":true}]}}