{"id":7890,"date":"2025-11-11T22:39:10","date_gmt":"2025-11-11T22:39:10","guid":{"rendered":"https:\/\/kiosque.acadienouvelle.com\/philanthropie-2025\/?page_id=7890"},"modified":"2025-11-13T18:52:02","modified_gmt":"2025-11-13T18:52:02","slug":"role-primoordial","status":"publish","type":"page","link":"https:\/\/kiosque.acadienouvelle.com\/philanthropie-2025\/role-primoordial\/","title":{"rendered":"Les fondations dans le domaine de la sant\u00e9 jouent un r\u00f4le primordial!"},"content":{"rendered":"\t\t<div data-elementor-type=\"wp-page\" data-elementor-id=\"7890\" class=\"elementor elementor-7890\" data-elementor-post-type=\"page\">\n\t\t\t\t\t\t<section class=\"elementor-section elementor-top-section elementor-element elementor-element-50c1b6e elementor-section-height-min-height header_title banner_img elementor-section-boxed elementor-section-height-default elementor-section-items-middle\" data-id=\"50c1b6e\" data-element_type=\"section\" data-e-type=\"section\" data-settings=\"{&quot;background_background&quot;:&quot;classic&quot;}\">\n\t\t\t\t\t\t\t<div class=\"elementor-background-overlay\"><\/div>\n\t\t\t\t\t\t\t<div class=\"elementor-container elementor-column-gap-default\">\n\t\t\t\t\t<div class=\"elementor-column elementor-col-100 elementor-top-column elementor-element elementor-element-3a2d241\" data-id=\"3a2d241\" data-element_type=\"column\" data-e-type=\"column\">\n\t\t\t<div class=\"elementor-widget-wrap elementor-element-populated\">\n\t\t\t\t\t\t<div class=\"elementor-element elementor-element-9673cd2 elementor-widget elementor-widget-heading\" data-id=\"9673cd2\" data-element_type=\"widget\" data-e-type=\"widget\" data-widget_type=\"heading.default\">\n\t\t\t\t<div class=\"elementor-widget-container\">\n\t\t\t\t\t<h2 class=\"elementor-heading-title elementor-size-default\">Les fondations dans le domaine de la sant\u00e9 jouent un r\u00f4le primordial!<\/h2>\t\t\t\t<\/div>\n\t\t\t\t<\/div>\n\t\t\t\t\t<\/div>\n\t\t<\/div>\n\t\t\t\t\t<\/div>\n\t\t<\/section>\n\t\t\t\t<section class=\"elementor-section elementor-top-section elementor-element elementor-element-d9a853a elementor-section-boxed elementor-section-height-default elementor-section-height-default\" data-id=\"d9a853a\" data-element_type=\"section\" data-e-type=\"section\">\n\t\t\t\t\t\t<div class=\"elementor-container elementor-column-gap-default\">\n\t\t\t\t\t<div class=\"elementor-column elementor-col-100 elementor-top-column elementor-element elementor-element-68d9c5a page_contain\" data-id=\"68d9c5a\" data-element_type=\"column\" data-e-type=\"column\" data-settings=\"{&quot;background_background&quot;:&quot;classic&quot;}\">\n\t\t\t<div class=\"elementor-widget-wrap elementor-element-populated\">\n\t\t\t\t\t\t<div class=\"elementor-element elementor-element-50f1f9b elementor-widget elementor-widget-image\" data-id=\"50f1f9b\" data-element_type=\"widget\" data-e-type=\"widget\" data-widget_type=\"image.default\">\n\t\t\t\t<div class=\"elementor-widget-container\">\n\t\t\t\t\t\t\t\t\t\t\t\t<figure class=\"wp-caption\">\n\t\t\t\t\t\t\t\t\t\t<img fetchpriority=\"high\" decoding=\"async\" width=\"1366\" height=\"768\" src=\"https:\/\/kiosque.acadienouvelle.com\/philanthropie-2025\/wp-content\/uploads\/sites\/366\/2025\/11\/09_photo_land.jpg\" class=\"attachment-full size-full wp-image-7728\" alt=\"\" srcset=\"https:\/\/kiosque.acadienouvelle.com\/philanthropie-2025\/wp-content\/uploads\/sites\/366\/2025\/11\/09_photo_land.jpg 1366w, https:\/\/kiosque.acadienouvelle.com\/philanthropie-2025\/wp-content\/uploads\/sites\/366\/2025\/11\/09_photo_land-300x169.jpg 300w, https:\/\/kiosque.acadienouvelle.com\/philanthropie-2025\/wp-content\/uploads\/sites\/366\/2025\/11\/09_photo_land-1024x576.jpg 1024w, https:\/\/kiosque.acadienouvelle.com\/philanthropie-2025\/wp-content\/uploads\/sites\/366\/2025\/11\/09_photo_land-768x432.jpg 768w\" sizes=\"(max-width: 1366px) 100vw, 1366px\" \/>\t\t\t\t\t\t\t\t\t\t\t<figcaption class=\"widget-image-caption wp-caption-text\">Cette photo a \u00e9t\u00e9 prise l\u2019an dernier alors David Blanchard, pr\u00e9sident de la campagne \u00c9toile du Nord pour la r\u00e9gion de Caraquet, a re\u00e7u un don g\u00e9n\u00e9reux des \u00e9l\u00e8ves de \u00c9cole Marguerite-Bourgeoys.<\/figcaption>\n\t\t\t\t\t\t\t\t\t\t<\/figure>\n\t\t\t\t\t\t\t\t\t<\/div>\n\t\t\t\t<\/div>\n\t\t<link rel=\"stylesheet\" href=\"https:\/\/use.fontawesome.com\/releases\/v5.5.0\/css\/all.css\" integrity=\"sha384-B4dIYHKNBt8Bc12p+WXckhzcICo0wtJAoU8YZTY5qE0Id1GSseTk6S+L3BlXeVIU\" crossorigin=\"anonymous\">\r\n\t\t<div class=\"elementor-element elementor-element-d0a0a3b mobile_pera elementor-widget elementor-widget-text-editor\" data-id=\"d0a0a3b\" data-element_type=\"widget\" data-e-type=\"widget\" data-widget_type=\"text-editor.default\">\n\t\t\t\t<div class=\"elementor-widget-container\">\n\t\t\t\t\t\t\t\t\tUn total de dix fondations soutiennent le R\u00e9seau de sant\u00e9 Vitalit\u00e9 au N.-B. Leur contribution consid\u00e9rable permet de financer plusieurs initiatives et projets du R\u00e9seau. Les liens \u00e9troits et privil\u00e9gi\u00e9s qui unissent les fondations aux \u00e9tablissements et programmes favorisent l\u2019am\u00e9lioration de la sant\u00e9 et le mieux-\u00eatre de la population. Merci de votre appui. Il y a plusieurs fa\u00e7ons de donner; communiquez avec l\u2019une de \nnos fondations. \n\t\t\t\t\t\t\t\t<\/div>\n\t\t\t\t<\/div>\n\t\t\t\t<div class=\"elementor-element elementor-element-ac060bf elementor-widget elementor-widget-advertisement\" data-id=\"ac060bf\" data-element_type=\"widget\" data-e-type=\"widget\" data-widget_type=\"advertisement.default\">\n\t\t\t\t<div class=\"elementor-widget-container\">\n\t\t\t\t\t<div class=\"ads-align-center\"><div data-m32-ad data-options='{\"sizes\":\"[[300,250]]\",\"dfpId\":\"21658289790,27729547\",\"dfpAdUnitPath\":\"acadienouvelle\/cahiers_quarterpage_300x250\"}'><\/div><\/div>\t\t\t\t<\/div>\n\t\t\t\t<\/div>\n\t\t\t\t<div class=\"elementor-element elementor-element-b793daf mobile_pera elementor-widget elementor-widget-text-editor\" data-id=\"b793daf\" data-element_type=\"widget\" data-e-type=\"widget\" data-widget_type=\"text-editor.default\">\n\t\t\t\t<div class=\"elementor-widget-container\">\n\t\t\t\t\t\t\t\t\tPour conna\u00eetre leurs activit\u00e9s de financement, veuillez consulter les sites web des fondations suivantes :\n\t\t\t\t\t\t\t\t<\/div>\n\t\t\t\t<\/div>\n\t\t\t\t<div class=\"elementor-element elementor-element-0b6ad93 mobile_pera elementor-widget elementor-widget-text-editor\" data-id=\"0b6ad93\" data-element_type=\"widget\" data-e-type=\"widget\" data-widget_type=\"text-editor.default\">\n\t\t\t\t<div class=\"elementor-widget-container\">\n\t\t\t\t\t\t\t\t\t<p><b>Acadie-Bathurst<\/b><\/p>\t\t\t\t\t\t\t\t<\/div>\n\t\t\t\t<\/div>\n\t\t\t\t<div class=\"elementor-element elementor-element-74263c8 mobile_pera elementor-widget elementor-widget-text-editor\" data-id=\"74263c8\" data-element_type=\"widget\" data-e-type=\"widget\" data-widget_type=\"text-editor.default\">\n\t\t\t\t<div class=\"elementor-widget-container\">\n\t\t\t\t\t\t\t\t\t<ul><li>Fondation de l\u2019H\u00f4pital r\u00e9gional Chaleur\u00a0<\/li><li>Fondation de l\u2019H\u00f4pital de Lam\u00e8que<\/li><li>Fondation H\u00f4pital de l\u2019Enfant-J\u00e9sus\u00a0<\/li><li>Fondation Les Amis de l\u2019H\u00f4pital de Tracadie<\/li><\/ul>\t\t\t\t\t\t\t\t<\/div>\n\t\t\t\t<\/div>\n\t\t\t\t<div class=\"elementor-element elementor-element-09c18fc mobile_pera elementor-widget elementor-widget-text-editor\" data-id=\"09c18fc\" data-element_type=\"widget\" data-e-type=\"widget\" data-widget_type=\"text-editor.default\">\n\t\t\t\t<div class=\"elementor-widget-container\">\n\t\t\t\t\t\t\t\t\t<p><b>Beaus\u00e9jour<\/b><\/p>\t\t\t\t\t\t\t\t<\/div>\n\t\t\t\t<\/div>\n\t\t\t\t<div class=\"elementor-element elementor-element-6a44416 mobile_pera elementor-widget elementor-widget-text-editor\" data-id=\"6a44416\" data-element_type=\"widget\" data-e-type=\"widget\" data-widget_type=\"text-editor.default\">\n\t\t\t\t<div class=\"elementor-widget-container\">\n\t\t\t\t\t\t\t\t\t<ul><li>Fondation Les Ami.e.s de l\u2019H\u00f4pital Stella-Maris-de-Kent<\/li><li>Fondation H\u00f4pital Dr-Georges-L.-Dumont\u00a0<\/li><\/ul>\t\t\t\t\t\t\t\t<\/div>\n\t\t\t\t<\/div>\n\t\t\t\t<div class=\"elementor-element elementor-element-9a631e0 mobile_pera elementor-widget elementor-widget-text-editor\" data-id=\"9a631e0\" data-element_type=\"widget\" data-e-type=\"widget\" data-widget_type=\"text-editor.default\">\n\t\t\t\t<div class=\"elementor-widget-container\">\n\t\t\t\t\t\t\t\t\t<p><b>Nord-Ouest<\/b><\/p>\t\t\t\t\t\t\t\t<\/div>\n\t\t\t\t<\/div>\n\t\t\t\t<div class=\"elementor-element elementor-element-e2bcec6 mobile_pera elementor-widget elementor-widget-text-editor\" data-id=\"e2bcec6\" data-element_type=\"widget\" data-e-type=\"widget\" data-widget_type=\"text-editor.default\">\n\t\t\t\t<div class=\"elementor-widget-container\">\n\t\t\t\t\t\t\t\t\t<ul><li>Fondation Dr Romaric Boulay\u00a0<\/li><li>Fondation de l\u2019H\u00f4pital r\u00e9gional d\u2019Edmundston<\/li><li>Fondation des Amis de l\u2019H\u00f4pital g\u00e9n\u00e9ral de Grand-Sault<\/li><li>Restigouche<\/li><li>Fondation des amis de la sant\u00e9\u00a0<\/li><\/ul>\t\t\t\t\t\t\t\t<\/div>\n\t\t\t\t<\/div>\n\t\t\t\t<div class=\"elementor-element elementor-element-882bfbf mobile_pera elementor-widget elementor-widget-text-editor\" data-id=\"882bfbf\" data-element_type=\"widget\" data-e-type=\"widget\" data-widget_type=\"text-editor.default\">\n\t\t\t\t<div class=\"elementor-widget-container\">\n\t\t\t\t\t\t\t\t\t<p>Pour plus d\u2019information :\u00a0https:\/\/vitalitenb.ca<\/p>\t\t\t\t\t\t\t\t<\/div>\n\t\t\t\t<\/div>\n\t\t\t\t<div class=\"elementor-element elementor-element-166374c box_pera elementor-widget elementor-widget-text-editor\" data-id=\"166374c\" data-element_type=\"widget\" data-e-type=\"widget\" data-widget_type=\"text-editor.default\">\n\t\t\t\t<div class=\"elementor-widget-container\">\n\t\t\t\t\t\t\t\t\t<p>La campagne \u00c9toile du Nord&nbsp;<span style=\"font-style: inherit;\">s\u2019en vient!<\/span><\/p>\t\t\t\t\t\t\t\t<\/div>\n\t\t\t\t<\/div>\n\t\t\t\t<div class=\"elementor-element elementor-element-ebd87f1 box_pera elementor-widget elementor-widget-text-editor\" data-id=\"ebd87f1\" data-element_type=\"widget\" data-e-type=\"widget\" data-widget_type=\"text-editor.default\">\n\t\t\t\t<div class=\"elementor-widget-container\">\n\t\t\t\t\t\t\t\t\t<p>Chaque ann\u00e9e, en novembre, on proc\u00e8de au lancement de la campagne \u00c9toile du Nord. C\u2019est une collaboration entre les fondations du R\u00e9seau de sant\u00e9 Vitalit\u00e9 et UNI Coop\u00e9ration.\u00a0<\/p><p>\u00a0<\/p><p>Ensemble, ils unissent leurs forces pour soutenir des initiatives essentielles visant \u00e0 am\u00e9liorer les soins de sant\u00e9 et le bien-\u00eatre des communaut\u00e9s du nord du Nouveau-Brunswick.<\/p><p>\u00a0<\/p><p>Rappelons que la 18e \u00e9dition de la campagne \u00c9toile du Nord en 2024 a permis d\u2019amasser un montant record de 193 180 $!\u00a0<\/p><p>\u00a0<\/p><p>\u00ab Ces fonds visent \u00e0 transformer directement les soins de sant\u00e9 dans nos \u00e9tablissements de sant\u00e9 en permettant l\u2019acquisition d\u2019\u00e9quipements de pointe, en am\u00e9liorant les services pour les patients et en soutenant nos professionnels de la sant\u00e9. \u00bb\u00a0<\/p><p>\u00a0<\/p><p>Depuis ses d\u00e9buts, l\u2019\u00c9toile du Nord a amass\u00e9 plus de 1,7 million de dollars, une preuve \u00e9clatante de la solidarit\u00e9 et de l\u2019esp\u00e9rance qui unissent nos communaut\u00e9s.\u00a0<\/p><p>\u00a0<\/p><p>F\u00e9licitations aux neuf fondations participantes qui travaillent ensemble pour b\u00e2tir un syst\u00e8me de sant\u00e9 plus fort, ici, chez nous!\u00a0<\/p><p>\u00a0<\/p><p>Continuez de briller avec nous pour la sant\u00e9 de tous! Pour en savoir davantage, consultez le site www.cheznousdabord.ca.<\/p>\t\t\t\t\t\t\t\t<\/div>\n\t\t\t\t<\/div>\n\t\t\t\t\t<\/div>\n\t\t<\/div>\n\t\t\t\t\t<\/div>\n\t\t<\/section>\n\t\t\t\t<\/div>\n\t\t","protected":false},"excerpt":{"rendered":"<p>Les fondations dans le domaine de la sant\u00e9 jouent un r\u00f4le primordial! Cette photo a \u00e9t\u00e9 prise l\u2019an dernier alors David Blanchard, pr\u00e9sident de la campagne \u00c9toile du Nord pour la r\u00e9gion de Caraquet, a re\u00e7u un don g\u00e9n\u00e9reux des \u00e9l\u00e8ves de \u00c9cole Marguerite-Bourgeoys. Un total de dix fondations soutiennent le R\u00e9seau de sant\u00e9 Vitalit\u00e9 [&hellip;]<\/p>\n","protected":false},"author":1,"featured_media":0,"parent":0,"menu_order":9,"comment_status":"closed","ping_status":"closed","template":"","meta":{"site-sidebar-layout":"no-sidebar","site-content-layout":"page-builder","ast-site-content-layout":"default","site-content-style":"default","site-sidebar-style":"default","ast-global-header-display":"","ast-banner-title-visibility":"","ast-main-header-display":"","ast-hfb-above-header-display":"","ast-hfb-below-header-display":"","ast-hfb-mobile-header-display":"","site-post-title":"disabled","ast-breadcrumbs-content":"","ast-featured-img":"disabled","footer-sml-layout":"","ast-disable-related-posts":"","theme-transparent-header-meta":"default","adv-header-id-meta":"","stick-header-meta":"","header-above-stick-meta":"","header-main-stick-meta":"","header-below-stick-meta":"","astra-migrate-meta-layouts":"default","ast-page-background-enabled":"default","ast-page-background-meta":{"desktop":{"background-color":"var(--ast-global-color-4)","background-image":"","background-repeat":"repeat","background-position":"center center","background-size":"auto","background-attachment":"scroll","background-type":"","background-media":"","overlay-type":"","overlay-color":"","overlay-opacity":"","overlay-gradient":""},"tablet":{"background-color":"","background-image":"","background-repeat":"repeat","background-position":"center center","background-size":"auto","background-attachment":"scroll","background-type":"","background-media":"","overlay-type":"","overlay-color":"","overlay-opacity":"","overlay-gradient":""},"mobile":{"background-color":"","background-image":"","background-repeat":"repeat","background-position":"center center","background-size":"auto","background-attachment":"scroll","background-type":"","background-media":"","overlay-type":"","overlay-color":"","overlay-opacity":"","overlay-gradient":""}},"ast-content-background-meta":{"desktop":{"background-color":"var(--ast-global-color-5)","background-image":"","background-repeat":"repeat","background-position":"center center","background-size":"auto","background-attachment":"scroll","background-type":"","background-media":"","overlay-type":"","overlay-color":"","overlay-opacity":"","overlay-gradient":""},"tablet":{"background-color":"var(--ast-global-color-5)","background-image":"","background-repeat":"repeat","background-position":"center center","background-size":"auto","background-attachment":"scroll","background-type":"","background-media":"","overlay-type":"","overlay-color":"","overlay-opacity":"","overlay-gradient":""},"mobile":{"background-color":"var(--ast-global-color-5)","background-image":"","background-repeat":"repeat","background-position":"center center","background-size":"auto","background-attachment":"scroll","background-type":"","background-media":"","overlay-type":"","overlay-color":"","overlay-opacity":"","overlay-gradient":""}},"footnotes":""},"page-categories":[],"class_list":["post-7890","page","type-page","status-publish","hentry"],"_links":{"self":[{"href":"https:\/\/kiosque.acadienouvelle.com\/philanthropie-2025\/wp-json\/wp\/v2\/pages\/7890","targetHints":{"allow":["GET"]}}],"collection":[{"href":"https:\/\/kiosque.acadienouvelle.com\/philanthropie-2025\/wp-json\/wp\/v2\/pages"}],"about":[{"href":"https:\/\/kiosque.acadienouvelle.com\/philanthropie-2025\/wp-json\/wp\/v2\/types\/page"}],"author":[{"embeddable":true,"href":"https:\/\/kiosque.acadienouvelle.com\/philanthropie-2025\/wp-json\/wp\/v2\/users\/1"}],"replies":[{"embeddable":true,"href":"https:\/\/kiosque.acadienouvelle.com\/philanthropie-2025\/wp-json\/wp\/v2\/comments?post=7890"}],"version-history":[{"count":13,"href":"https:\/\/kiosque.acadienouvelle.com\/philanthropie-2025\/wp-json\/wp\/v2\/pages\/7890\/revisions"}],"predecessor-version":[{"id":7973,"href":"https:\/\/kiosque.acadienouvelle.com\/philanthropie-2025\/wp-json\/wp\/v2\/pages\/7890\/revisions\/7973"}],"wp:attachment":[{"href":"https:\/\/kiosque.acadienouvelle.com\/philanthropie-2025\/wp-json\/wp\/v2\/media?parent=7890"}],"wp:term":[{"taxonomy":"page-categories","embeddable":true,"href":"https:\/\/kiosque.acadienouvelle.com\/philanthropie-2025\/wp-json\/wp\/v2\/page-categories?post=7890"}],"curies":[{"name":"wp","href":"https:\/\/api.w.org\/{rel}","templated":true}]}}