{"id":7912,"date":"2025-11-11T23:20:31","date_gmt":"2025-11-11T23:20:31","guid":{"rendered":"https:\/\/kiosque.acadienouvelle.com\/philanthropie-2025\/?page_id=7912"},"modified":"2025-11-12T18:53:28","modified_gmt":"2025-11-12T18:53:28","slug":"fondation-marichette","status":"publish","type":"page","link":"https:\/\/kiosque.acadienouvelle.com\/philanthropie-2025\/fondation-marichette\/","title":{"rendered":"La Fondation Marichette annonce ses boursi\u00e8res 2025-2026"},"content":{"rendered":"\t\t<div data-elementor-type=\"wp-page\" data-elementor-id=\"7912\" class=\"elementor elementor-7912\" data-elementor-post-type=\"page\">\n\t\t\t\t<link rel=\"stylesheet\" href=\"https:\/\/use.fontawesome.com\/releases\/v5.5.0\/css\/all.css\" integrity=\"sha384-B4dIYHKNBt8Bc12p+WXckhzcICo0wtJAoU8YZTY5qE0Id1GSseTk6S+L3BlXeVIU\" crossorigin=\"anonymous\">\r\n\t\t<section class=\"elementor-section elementor-top-section elementor-element elementor-element-50c1b6e elementor-section-height-min-height header_title banner_img elementor-section-boxed elementor-section-height-default elementor-section-items-middle\" data-id=\"50c1b6e\" data-element_type=\"section\" data-e-type=\"section\" data-settings=\"{&quot;background_background&quot;:&quot;classic&quot;}\">\n\t\t\t\t\t\t\t<div class=\"elementor-background-overlay\"><\/div>\n\t\t\t\t\t\t\t<div class=\"elementor-container elementor-column-gap-default\">\n\t\t\t\t\t<div class=\"elementor-column elementor-col-100 elementor-top-column elementor-element elementor-element-3a2d241\" data-id=\"3a2d241\" data-element_type=\"column\" data-e-type=\"column\">\n\t\t\t<div class=\"elementor-widget-wrap elementor-element-populated\">\n\t\t\t\t\t\t<div class=\"elementor-element elementor-element-9673cd2 elementor-widget elementor-widget-heading\" data-id=\"9673cd2\" data-element_type=\"widget\" data-e-type=\"widget\" data-widget_type=\"heading.default\">\n\t\t\t\t<div class=\"elementor-widget-container\">\n\t\t\t\t\t<h2 class=\"elementor-heading-title elementor-size-default\">La Fondation Marichette annonce ses boursi\u00e8res 2025-2026<\/h2>\t\t\t\t<\/div>\n\t\t\t\t<\/div>\n\t\t\t\t\t<\/div>\n\t\t<\/div>\n\t\t\t\t\t<\/div>\n\t\t<\/section>\n\t\t\t\t<section class=\"elementor-section elementor-top-section elementor-element elementor-element-d9a853a elementor-section-boxed elementor-section-height-default elementor-section-height-default\" data-id=\"d9a853a\" data-element_type=\"section\" data-e-type=\"section\">\n\t\t\t\t\t\t<div class=\"elementor-container elementor-column-gap-default\">\n\t\t\t\t\t<div class=\"elementor-column elementor-col-100 elementor-top-column elementor-element elementor-element-68d9c5a page_contain\" data-id=\"68d9c5a\" data-element_type=\"column\" data-e-type=\"column\" data-settings=\"{&quot;background_background&quot;:&quot;classic&quot;}\">\n\t\t\t<div class=\"elementor-widget-wrap elementor-element-populated\">\n\t\t\t\t\t\t<div class=\"elementor-element elementor-element-50f1f9b elementor-widget elementor-widget-image\" data-id=\"50f1f9b\" data-element_type=\"widget\" data-e-type=\"widget\" data-widget_type=\"image.default\">\n\t\t\t\t<div class=\"elementor-widget-container\">\n\t\t\t\t\t\t\t\t\t\t\t\t<figure class=\"wp-caption\">\n\t\t\t\t\t\t\t\t\t\t<img fetchpriority=\"high\" decoding=\"async\" width=\"485\" height=\"382\" src=\"https:\/\/kiosque.acadienouvelle.com\/philanthropie-2025\/wp-content\/uploads\/sites\/366\/2025\/11\/11_Nicole-Gionet.jpg\" class=\"attachment-full size-full wp-image-7730\" alt=\"\" srcset=\"https:\/\/kiosque.acadienouvelle.com\/philanthropie-2025\/wp-content\/uploads\/sites\/366\/2025\/11\/11_Nicole-Gionet.jpg 485w, https:\/\/kiosque.acadienouvelle.com\/philanthropie-2025\/wp-content\/uploads\/sites\/366\/2025\/11\/11_Nicole-Gionet-300x236.jpg 300w\" sizes=\"(max-width: 485px) 100vw, 485px\" \/>\t\t\t\t\t\t\t\t\t\t\t<figcaption class=\"widget-image-caption wp-caption-text\">Nicole Gionet, pr\u00e9sidente<\/figcaption>\n\t\t\t\t\t\t\t\t\t\t<\/figure>\n\t\t\t\t\t\t\t\t\t<\/div>\n\t\t\t\t<\/div>\n\t\t\t\t<div class=\"elementor-element elementor-element-d0a0a3b mobile_pera elementor-widget elementor-widget-text-editor\" data-id=\"d0a0a3b\" data-element_type=\"widget\" data-e-type=\"widget\" data-widget_type=\"text-editor.default\">\n\t\t\t\t<div class=\"elementor-widget-container\">\n\t\t\t\t\t\t\t\t\tAu mois de juin dernier, dans le cadre de son engagement continu envers l\u2019\u00e9ducation des femmes, la Fondation Marichette a fait des heureuses lorsqu\u2019elle a annonc\u00e9 les r\u00e9cipiendaires de 14 nouvelles bourses d\u2019\u00e9tudes et de six renouvellements pour l\u2019ann\u00e9e scolaire 2025-2026. Les bourses, d\u2019une valeur de 10 000 $ chacune, sont destin\u00e9es \u00e0 encourager et \u00e0 soutenir des femmes n\u00e9o-brunswickoises qui souhaitent poursuivre leur r\u00eave et se sortir de la pr\u00e9carit\u00e9 financi\u00e8re.\n\t\t\t\t\t\t\t\t<\/div>\n\t\t\t\t<\/div>\n\t\t\t\t<div class=\"elementor-element elementor-element-fe1eb8b elementor-widget elementor-widget-advertisement\" data-id=\"fe1eb8b\" data-element_type=\"widget\" data-e-type=\"widget\" data-widget_type=\"advertisement.default\">\n\t\t\t\t<div class=\"elementor-widget-container\">\n\t\t\t\t\t<div class=\"ads-align-center\"><div data-m32-ad data-options='{\"sizes\":\"[[300,250]]\",\"dfpId\":\"21658289790,27729547\",\"dfpAdUnitPath\":\"acadienouvelle\/cahiers_quarterpage_300x250\"}'><\/div><\/div>\t\t\t\t<\/div>\n\t\t\t\t<\/div>\n\t\t\t\t<div class=\"elementor-element elementor-element-928874e mobile_pera elementor-widget elementor-widget-text-editor\" data-id=\"928874e\" data-element_type=\"widget\" data-e-type=\"widget\" data-widget_type=\"text-editor.default\">\n\t\t\t\t<div class=\"elementor-widget-container\">\n\t\t\t\t\t\t\t\t\tComme en t\u00e9moigne une des boursi\u00e8res de cette ann\u00e9e : \u00ab Cette bourse repr\u00e9sente bien plus qu\u2019une aide financi\u00e8re : c\u2019est un symbole d\u2019espoir, et la preuve qu\u2019il n\u2019est jamais trop tard pour poursuivre ses \u00e9tudes et tracer un nouveau chemin. Elle me permet de continuer mes \u00e9tudes et de montrer \u00e0 mes enfants, par l\u2019exemple, que l\u2019\u00e9ducation est importante, que les efforts portent leurs fruits, et qu\u2019eux aussi peuvent r\u00eaver grand, peu importe d\u2019o\u00f9 ils viennent. \u00bb\n\t\t\t\t\t\t\t\t<\/div>\n\t\t\t\t<\/div>\n\t\t\t\t<div class=\"elementor-element elementor-element-7af920f mobile_pera elementor-widget elementor-widget-text-editor\" data-id=\"7af920f\" data-element_type=\"widget\" data-e-type=\"widget\" data-widget_type=\"text-editor.default\">\n\t\t\t\t<div class=\"elementor-widget-container\">\n\t\t\t\t\t\t\t\t\t\u00ab Ces bourses t\u00e9moignent de la volont\u00e9 fondamentale de la Fondation Marichette d\u2019investir dans l\u2019avenir en soutenant des femmes qui souhaitent faire des \u00e9tudes en fran\u00e7ais, a d\u00e9clar\u00e9 la pr\u00e9sidente, Nicole Gionet. En donnant ces fonds, la Fondation vise \u00e0 all\u00e9ger les pressions financi\u00e8res qui p\u00e8sent sur les \u00e9tudiantes et \u00e0 leur offrir les moyens n\u00e9cessaires pour se consacrer pleinement \u00e0 leurs \u00e9tudes et \u00e0 leurs ambitions. \u00bb Mme Gionet a tenu \u00e9galement \u00e0 remercier les b\u00e9n\u00e9voles qui ont consacr\u00e9 de nombreuses heures \u00e0 l\u2019\u00e9valuation des dossiers des boursi\u00e8res, sous l\u2019habile direction de Marjolaine Dionne Merlin.\n\t\t\t\t\t\t\t\t<\/div>\n\t\t\t\t<\/div>\n\t\t\t\t<div class=\"elementor-element elementor-element-0b6ad93 mobile_pera elementor-widget elementor-widget-text-editor\" data-id=\"0b6ad93\" data-element_type=\"widget\" data-e-type=\"widget\" data-widget_type=\"text-editor.default\">\n\t\t\t\t<div class=\"elementor-widget-container\">\n\t\t\t\t\t\t\t\t\t<p><b>Nos valeurs<\/b><\/p>\t\t\t\t\t\t\t\t<\/div>\n\t\t\t\t<\/div>\n\t\t\t\t<div class=\"elementor-element elementor-element-1e32920 mobile_pera elementor-widget elementor-widget-text-editor\" data-id=\"1e32920\" data-element_type=\"widget\" data-e-type=\"widget\" data-widget_type=\"text-editor.default\">\n\t\t\t\t<div class=\"elementor-widget-container\">\n\t\t\t\t\t\t\t\t\tNous croyons que le niveau d\u2019\u00e9ducation am\u00e9liore la qualit\u00e9 de vie des individus, car il devient de plus en plus difficile de trouver un emploi sans un minimum d\u2019\u00e9ducation. L\u2019alphab\u00e9tisation, la num\u00e9ratie, un m\u00e9tier, des \u00e9tudes postsecondaires sont aujourd\u2019hui des facteurs quasi \nessentiels pour se trouver un emploi suffisamment r\u00e9mun\u00e9rateur, pour mener une vie exempte de pauvret\u00e9 et \u00e9lever une famille. L\u2019\u00e9ducation \nest aussi un d\u00e9terminant important de la sant\u00e9.\n\t\t\t\t\t\t\t\t<\/div>\n\t\t\t\t<\/div>\n\t\t\t\t<div class=\"elementor-element elementor-element-48763b3 mobile_pera elementor-widget elementor-widget-text-editor\" data-id=\"48763b3\" data-element_type=\"widget\" data-e-type=\"widget\" data-widget_type=\"text-editor.default\">\n\t\t\t\t<div class=\"elementor-widget-container\">\n\t\t\t\t\t\t\t\t\t<p><i>Pour conna\u00eetre le nom des boursi\u00e8res 2025-2026 et pour en savoir davantage sur la Fondation, visitez le https:\/\/marichette.ca.<\/i><\/p>\t\t\t\t\t\t\t\t<\/div>\n\t\t\t\t<\/div>\n\t\t\t\t<div class=\"elementor-element elementor-element-9d18e15 elementor-widget elementor-widget-image\" data-id=\"9d18e15\" data-element_type=\"widget\" data-e-type=\"widget\" data-widget_type=\"image.default\">\n\t\t\t\t<div class=\"elementor-widget-container\">\n\t\t\t\t\t\t\t\t\t\t\t\t\t\t\t<img decoding=\"async\" src=\"https:\/\/kiosque.acadienouvelle.com\/philanthropie-2025\/wp-content\/uploads\/sites\/366\/elementor\/thumbs\/11_visuel-rekaxcranwp23kvydi8ck9zhwgk8z0oknoz6acshb4.jpg\" title=\"11_visuel\" alt=\"11_visuel\" loading=\"lazy\" \/>\t\t\t\t\t\t\t\t\t\t\t\t\t\t\t<\/div>\n\t\t\t\t<\/div>\n\t\t\t\t\t<\/div>\n\t\t<\/div>\n\t\t\t\t\t<\/div>\n\t\t<\/section>\n\t\t\t\t<\/div>\n\t\t","protected":false},"excerpt":{"rendered":"<p>La Fondation Marichette annonce ses boursi\u00e8res 2025-2026 Nicole Gionet, pr\u00e9sidente Au mois de juin dernier, dans le cadre de son engagement continu envers l\u2019\u00e9ducation des femmes, la Fondation Marichette a fait des heureuses lorsqu\u2019elle a annonc\u00e9 les r\u00e9cipiendaires de 14 nouvelles bourses d\u2019\u00e9tudes et de six renouvellements pour l\u2019ann\u00e9e scolaire 2025-2026. Les bourses, d\u2019une valeur [&hellip;]<\/p>\n","protected":false},"author":1,"featured_media":0,"parent":0,"menu_order":11,"comment_status":"closed","ping_status":"closed","template":"","meta":{"site-sidebar-layout":"no-sidebar","site-content-layout":"page-builder","ast-site-content-layout":"default","site-content-style":"default","site-sidebar-style":"default","ast-global-header-display":"","ast-banner-title-visibility":"","ast-main-header-display":"","ast-hfb-above-header-display":"","ast-hfb-below-header-display":"","ast-hfb-mobile-header-display":"","site-post-title":"disabled","ast-breadcrumbs-content":"","ast-featured-img":"disabled","footer-sml-layout":"","ast-disable-related-posts":"","theme-transparent-header-meta":"default","adv-header-id-meta":"","stick-header-meta":"","header-above-stick-meta":"","header-main-stick-meta":"","header-below-stick-meta":"","astra-migrate-meta-layouts":"default","ast-page-background-enabled":"default","ast-page-background-meta":{"desktop":{"background-color":"var(--ast-global-color-4)","background-image":"","background-repeat":"repeat","background-position":"center center","background-size":"auto","background-attachment":"scroll","background-type":"","background-media":"","overlay-type":"","overlay-color":"","overlay-opacity":"","overlay-gradient":""},"tablet":{"background-color":"","background-image":"","background-repeat":"repeat","background-position":"center center","background-size":"auto","background-attachment":"scroll","background-type":"","background-media":"","overlay-type":"","overlay-color":"","overlay-opacity":"","overlay-gradient":""},"mobile":{"background-color":"","background-image":"","background-repeat":"repeat","background-position":"center center","background-size":"auto","background-attachment":"scroll","background-type":"","background-media":"","overlay-type":"","overlay-color":"","overlay-opacity":"","overlay-gradient":""}},"ast-content-background-meta":{"desktop":{"background-color":"var(--ast-global-color-5)","background-image":"","background-repeat":"repeat","background-position":"center center","background-size":"auto","background-attachment":"scroll","background-type":"","background-media":"","overlay-type":"","overlay-color":"","overlay-opacity":"","overlay-gradient":""},"tablet":{"background-color":"var(--ast-global-color-5)","background-image":"","background-repeat":"repeat","background-position":"center center","background-size":"auto","background-attachment":"scroll","background-type":"","background-media":"","overlay-type":"","overlay-color":"","overlay-opacity":"","overlay-gradient":""},"mobile":{"background-color":"var(--ast-global-color-5)","background-image":"","background-repeat":"repeat","background-position":"center center","background-size":"auto","background-attachment":"scroll","background-type":"","background-media":"","overlay-type":"","overlay-color":"","overlay-opacity":"","overlay-gradient":""}},"footnotes":""},"page-categories":[],"class_list":["post-7912","page","type-page","status-publish","hentry"],"_links":{"self":[{"href":"https:\/\/kiosque.acadienouvelle.com\/philanthropie-2025\/wp-json\/wp\/v2\/pages\/7912","targetHints":{"allow":["GET"]}}],"collection":[{"href":"https:\/\/kiosque.acadienouvelle.com\/philanthropie-2025\/wp-json\/wp\/v2\/pages"}],"about":[{"href":"https:\/\/kiosque.acadienouvelle.com\/philanthropie-2025\/wp-json\/wp\/v2\/types\/page"}],"author":[{"embeddable":true,"href":"https:\/\/kiosque.acadienouvelle.com\/philanthropie-2025\/wp-json\/wp\/v2\/users\/1"}],"replies":[{"embeddable":true,"href":"https:\/\/kiosque.acadienouvelle.com\/philanthropie-2025\/wp-json\/wp\/v2\/comments?post=7912"}],"version-history":[{"count":10,"href":"https:\/\/kiosque.acadienouvelle.com\/philanthropie-2025\/wp-json\/wp\/v2\/pages\/7912\/revisions"}],"predecessor-version":[{"id":7955,"href":"https:\/\/kiosque.acadienouvelle.com\/philanthropie-2025\/wp-json\/wp\/v2\/pages\/7912\/revisions\/7955"}],"wp:attachment":[{"href":"https:\/\/kiosque.acadienouvelle.com\/philanthropie-2025\/wp-json\/wp\/v2\/media?parent=7912"}],"wp:term":[{"taxonomy":"page-categories","embeddable":true,"href":"https:\/\/kiosque.acadienouvelle.com\/philanthropie-2025\/wp-json\/wp\/v2\/page-categories?post=7912"}],"curies":[{"name":"wp","href":"https:\/\/api.w.org\/{rel}","templated":true}]}}