{"id":110,"date":"2021-09-17T08:44:07","date_gmt":"2021-09-17T08:44:07","guid":{"rendered":"https:\/\/kiosque.acadienouvelle.com\/acericulture\/?page_id=110"},"modified":"2026-04-06T20:06:15","modified_gmt":"2026-04-06T20:06:15","slug":"gabarit-landing-page","status":"publish","type":"page","link":"https:\/\/kiosque.acadienouvelle.com\/planification-urgences-desastres-2026\/gabarit-landing-page\/","title":{"rendered":"Attention au monoxyde de carbone\u2026 c\u2019est vraiment dangereux!"},"content":{"rendered":"\t\t<div data-elementor-type=\"wp-page\" data-elementor-id=\"110\" class=\"elementor elementor-110\" data-elementor-post-type=\"page\">\n\t\t\t\t\t\t<section class=\"elementor-section elementor-top-section elementor-element elementor-element-50c1b6e elementor-section-height-min-height header_title banner_img elementor-section-boxed elementor-section-height-default elementor-section-items-middle\" data-id=\"50c1b6e\" data-element_type=\"section\" data-e-type=\"section\" data-settings=\"{&quot;background_background&quot;:&quot;classic&quot;}\">\n\t\t\t\t\t\t\t<div class=\"elementor-background-overlay\"><\/div>\n\t\t\t\t\t\t\t<div class=\"elementor-container elementor-column-gap-default\">\n\t\t\t\t\t<div class=\"elementor-column elementor-col-100 elementor-top-column elementor-element elementor-element-3a2d241\" data-id=\"3a2d241\" data-element_type=\"column\" data-e-type=\"column\">\n\t\t\t<div class=\"elementor-widget-wrap elementor-element-populated\">\n\t\t\t\t\t\t<div class=\"elementor-element elementor-element-9673cd2 elementor-widget elementor-widget-heading\" data-id=\"9673cd2\" data-element_type=\"widget\" data-e-type=\"widget\" data-widget_type=\"heading.default\">\n\t\t\t\t<div class=\"elementor-widget-container\">\n\t\t\t\t\t<h2 class=\"elementor-heading-title elementor-size-default\">Attention au monoxyde de carbone\u2026 c\u2019est vraiment dangereux!<\/h2>\t\t\t\t<\/div>\n\t\t\t\t<\/div>\n\t\t\t\t\t<\/div>\n\t\t<\/div>\n\t\t\t\t\t<\/div>\n\t\t<\/section>\n\t\t\t\t<section class=\"elementor-section elementor-top-section elementor-element elementor-element-d9a853a elementor-section-boxed elementor-section-height-default elementor-section-height-default\" data-id=\"d9a853a\" data-element_type=\"section\" data-e-type=\"section\">\n\t\t\t\t\t\t<div class=\"elementor-container elementor-column-gap-default\">\n\t\t\t\t\t<div class=\"elementor-column elementor-col-100 elementor-top-column elementor-element elementor-element-68d9c5a page_contain\" data-id=\"68d9c5a\" data-element_type=\"column\" data-e-type=\"column\" data-settings=\"{&quot;background_background&quot;:&quot;classic&quot;}\">\n\t\t\t<div class=\"elementor-widget-wrap elementor-element-populated\">\n\t\t\t\t\t\t<div class=\"elementor-element elementor-element-50f1f9b elementor-widget elementor-widget-image\" data-id=\"50f1f9b\" data-element_type=\"widget\" data-e-type=\"widget\" data-widget_type=\"image.default\">\n\t\t\t\t<div class=\"elementor-widget-container\">\n\t\t\t\t\t\t\t\t\t\t\t\t<figure class=\"wp-caption\">\n\t\t\t\t\t\t\t\t\t\t<img fetchpriority=\"high\" decoding=\"async\" width=\"1366\" height=\"768\" src=\"https:\/\/kiosque.acadienouvelle.com\/planification-urgences-desastres-2026\/wp-content\/uploads\/sites\/392\/2026\/04\/6-attention_au_monoxyde_landing.jpg\" class=\"attachment-full size-full wp-image-7919\" alt=\"\" srcset=\"https:\/\/kiosque.acadienouvelle.com\/planification-urgences-desastres-2026\/wp-content\/uploads\/sites\/392\/2026\/04\/6-attention_au_monoxyde_landing.jpg 1366w, https:\/\/kiosque.acadienouvelle.com\/planification-urgences-desastres-2026\/wp-content\/uploads\/sites\/392\/2026\/04\/6-attention_au_monoxyde_landing-300x169.jpg 300w, https:\/\/kiosque.acadienouvelle.com\/planification-urgences-desastres-2026\/wp-content\/uploads\/sites\/392\/2026\/04\/6-attention_au_monoxyde_landing-1024x576.jpg 1024w, https:\/\/kiosque.acadienouvelle.com\/planification-urgences-desastres-2026\/wp-content\/uploads\/sites\/392\/2026\/04\/6-attention_au_monoxyde_landing-768x432.jpg 768w\" sizes=\"(max-width: 1366px) 100vw, 1366px\" \/>\t\t\t\t\t\t\t\t\t\t\t<figcaption class=\"widget-image-caption wp-caption-text\">D\u00e9tecteur de fum\u00e9e et de monoxyde de carbone<\/figcaption>\n\t\t\t\t\t\t\t\t\t\t<\/figure>\n\t\t\t\t\t\t\t\t\t<\/div>\n\t\t\t\t<\/div>\n\t\t<link rel=\"stylesheet\" href=\"https:\/\/use.fontawesome.com\/releases\/v5.5.0\/css\/all.css\" integrity=\"sha384-B4dIYHKNBt8Bc12p+WXckhzcICo0wtJAoU8YZTY5qE0Id1GSseTk6S+L3BlXeVIU\" crossorigin=\"anonymous\">\r\n\t\t<div class=\"elementor-element elementor-element-d0a0a3b mobile_pera elementor-widget elementor-widget-text-editor\" data-id=\"d0a0a3b\" data-element_type=\"widget\" data-e-type=\"widget\" data-widget_type=\"text-editor.default\">\n\t\t\t\t<div class=\"elementor-widget-container\">\n\t\t\t\t\t\t\t\t\t<p>Les r\u00e9sidents du Nouveau-Brunswick doivent \u00eatre bien inform\u00e9s des risques que repr\u00e9sente le monoxyde de carbone pour eux et leur famille. Des personnes sont d\u00e9c\u00e9d\u00e9es et d\u2019autres ont \u00e9t\u00e9 hospitalis\u00e9es au cours des derni\u00e8res ann\u00e9es en raison d\u2019une intoxication au monoxyde de carbone.<\/p>\t\t\t\t\t\t\t\t<\/div>\n\t\t\t\t<\/div>\n\t\t\t\t<div class=\"elementor-element elementor-element-880c03f elementor-widget elementor-widget-advertisement\" data-id=\"880c03f\" data-element_type=\"widget\" data-e-type=\"widget\" data-widget_type=\"advertisement.default\">\n\t\t\t\t<div class=\"elementor-widget-container\">\n\t\t\t\t\t<div class=\"ads-align-center\"><div data-m32-ad data-options='{\"sizes\":\"[[300,250]]\",\"dfpId\":\"21658289790,27729547\",\"dfpAdUnitPath\":\"acadienouvelle\/cahiers_quarterpage_300x250\"}'><\/div><\/div>\t\t\t\t<\/div>\n\t\t\t\t<\/div>\n\t\t\t\t<div class=\"elementor-element elementor-element-0ead22f mobile_pera elementor-widget elementor-widget-text-editor\" data-id=\"0ead22f\" data-element_type=\"widget\" data-e-type=\"widget\" data-widget_type=\"text-editor.default\">\n\t\t\t\t<div class=\"elementor-widget-container\">\n\t\t\t\t\t\t\t\t\t<p>Connaissez les faits. Prot\u00e9gez-vous contre les dangers associ\u00e9s au monoxyde de carbone.<\/p>\n<ul>\n<li><span style=\"font-style: inherit; font-weight: inherit;\">Le monoxyde de carbone <\/span><span style=\"font-style: inherit;\"><b>n\u2019a pas d\u2019odeur, de go\u00fbt et de couleur.<\/b><\/span><\/li>\n<li>Seul <b>un d\u00e9tecteur de monoxyde de carbone<\/b> correctement install\u00e9 dans votre maison vous indiquera s\u2019il y a pr\u00e9sence de monoxyde de carbone.<\/li>\n<li><b>Ne faites jamais fonctionner une g\u00e9n\u00e9ratrice<\/b> dans votre maison, votre garage, ou pr\u00e8s d\u2019une fen\u00eatre ou d\u2019une prise d\u2019air \u00e0 l\u2019ext\u00e9rieur de votre maison.<\/li>\n<li><b>N\u2019utilisez jamais de barbecue, de r\u00e9chaud de camping ou d\u2019appareil de chauffage au propane<\/b> \u00e0 l\u2019int\u00e9rieur de votre maison ou de votre garage.<\/li>\n<li><b>Il n\u2019existe aucun moyen s\u00fbr<\/b> de faire fonctionner une g\u00e9n\u00e9ratrice ou de cuisiner avec un r\u00e9chaud de camping dans votre maison ou votre garage.<\/li>\n<li>Une intoxication au monoxyde de carbone peut toujours se produire, et ce, <b>m\u00eame si vous avez ouvert une fen\u00eatre ou la porte du garage.<\/b><\/li>\n<li>Si vous ou un membre de votre famille croyez \u00eatre intoxiqu\u00e9s au monoxyde de carbone :<\/li>\n<\/ul>\n<p>&nbsp; &nbsp; &nbsp; &nbsp; &nbsp; &nbsp;&#8211; allez imm\u00e9diatement \u00e0 l\u2019ext\u00e9rieur.<br>&nbsp; &nbsp; &nbsp; &nbsp; &nbsp; &nbsp;&#8211; rendez-vous \u00e0 l\u2019h\u00f4pital le plus proche ou composez le 911.<\/p>\t\t\t\t\t\t\t\t<\/div>\n\t\t\t\t<\/div>\n\t\t\t\t<div class=\"elementor-element elementor-element-125cbcd mobile_pera elementor-widget elementor-widget-text-editor\" data-id=\"125cbcd\" data-element_type=\"widget\" data-e-type=\"widget\" data-widget_type=\"text-editor.default\">\n\t\t\t\t<div class=\"elementor-widget-container\">\n\t\t\t\t\t\t\t\t\t<p>Le monoxyde de carbone constitue particuli\u00e8rement une menace pour les personnes qui dorment. Elles pourraient mourir avant m\u00eame que quiconque r\u00e9alise qu\u2019il y a un probl\u00e8me. Dans les cas o\u00f9 cela n\u2019est pas mortel, l\u2019intoxication au monoxyde de carbone peut avoir de graves effets \u00e0 long terme sur la m\u00e9moire, les fonctions c\u00e9r\u00e9brales, le comportement et les capacit\u00e9s cognitives.<\/p>\t\t\t\t\t\t\t\t<\/div>\n\t\t\t\t<\/div>\n\t\t\t\t<div class=\"elementor-element elementor-element-686c15d mobile_pera elementor-widget elementor-widget-text-editor\" data-id=\"686c15d\" data-element_type=\"widget\" data-e-type=\"widget\" data-widget_type=\"text-editor.default\">\n\t\t\t\t<div class=\"elementor-widget-container\">\n\t\t\t\t\t\t\t\t\t<p>Une personne intoxiqu\u00e9e au monoxyde de carbone peut pr\u00e9senter diff\u00e9rents sympt\u00f4mes : maux de t\u00eate prolong\u00e9s, faiblesses, \u00e9tourdissements, naus\u00e9es ou vomissements, essoufflement, confusion, vision trouble et perte de conscience.<\/p>\t\t\t\t\t\t\t\t<\/div>\n\t\t\t\t<\/div>\n\t\t\t\t<div class=\"elementor-element elementor-element-0b6ad93 mobile_pera elementor-widget elementor-widget-text-editor\" data-id=\"0b6ad93\" data-element_type=\"widget\" data-e-type=\"widget\" data-widget_type=\"text-editor.default\">\n\t\t\t\t<div class=\"elementor-widget-container\">\n\t\t\t\t\t\t\t\t\t<p><b>INSTALLEZ UN D\u00c9TECTEUR DE MONOXYDE DE CARBONE D\u00c8S AUJOURD\u2019HUI!<\/b><\/p>\t\t\t\t\t\t\t\t<\/div>\n\t\t\t\t<\/div>\n\t\t\t\t<div class=\"elementor-element elementor-element-0ebab82 mobile_pera elementor-widget elementor-widget-text-editor\" data-id=\"0ebab82\" data-element_type=\"widget\" data-e-type=\"widget\" data-widget_type=\"text-editor.default\">\n\t\t\t\t<div class=\"elementor-widget-container\">\n\t\t\t\t\t\t\t\t\t<p><b>C\u2019EST LE MEILLEUR MOYEN D\u2019\u00caTRE BIEN PROT\u00c9G\u00c9.<\/b><\/p>\t\t\t\t\t\t\t\t<\/div>\n\t\t\t\t<\/div>\n\t\t\t\t<div class=\"elementor-element elementor-element-166374c mobile_pera elementor-widget elementor-widget-text-editor\" data-id=\"166374c\" data-element_type=\"widget\" data-e-type=\"widget\" data-widget_type=\"text-editor.default\">\n\t\t\t\t<div class=\"elementor-widget-container\">\n\t\t\t\t\t\t\t\t\t<h1>Comment r\u00e9agir pendant un orage intense!<b>&nbsp;<br><\/b><\/h1>\n<p>Ce qu\u2019il faut faire<\/p>\n<ul>\n<li>\u00c9vitez les terrains \u00e9lev\u00e9s et les espaces ouverts.<\/li>\n<li>Abritez-vous dans une maison, un grand b\u00e2timent ou un v\u00e9hicule. Fermez les portes et les fen\u00eatres.<\/li>\n<li>Si vous \u00eates \u00e0 v\u00e9lo, \u00e0 motocyclette ou sur un VTT, descendez. Les pneus en caoutchouc ne vous prot\u00e9geront pas.<\/li>\n<li>Si vous \u00eates dans une embarcation, dirigez-vous vers la rive. Si l\u2019orage \u00e9clate alors que vous \u00eates sur l\u2019eau, accroupissez-vous dans le fond de l\u2019embarcation.<\/li>\n<li>Si vous \u00eates dans un champ plat et \u00e0 d\u00e9couvert, penchez-vous vers l\u2019avant et placez vos mains sur vos genoux. Ayez un minimum de contact avec le sol.<\/li>\n<li>\u00c9vitez tout contact avec du m\u00e9tal. Tenez-vous \u00e0 au moins 30 m\u00e8tres des cl\u00f4tures en m\u00e9tal et retirez vos chaussures si elles ont des crampons en m\u00e9tal.<\/li>\n<li>Restez loin de l\u2019eau, y compris les lacs, les mares et les flaques d\u2019eau.<\/li>\n<li>Restez \u00e0 l\u2019abri jusqu\u2019\u00e0 ce que l\u2019orage soit pass\u00e9.<\/li>\n<\/ul>\t\t\t\t\t\t\t\t<\/div>\n\t\t\t\t<\/div>\n\t\t\t\t\t<\/div>\n\t\t<\/div>\n\t\t\t\t\t<\/div>\n\t\t<\/section>\n\t\t\t\t<\/div>\n\t\t","protected":false},"excerpt":{"rendered":"<p>Attention au monoxyde de carbone\u2026 c\u2019est vraiment dangereux! D\u00e9tecteur de fum\u00e9e et de monoxyde de carbone Les r\u00e9sidents du Nouveau-Brunswick doivent \u00eatre bien inform\u00e9s des risques que repr\u00e9sente le monoxyde de carbone pour eux et leur famille. Des personnes sont d\u00e9c\u00e9d\u00e9es et d\u2019autres ont \u00e9t\u00e9 hospitalis\u00e9es au cours des derni\u00e8res ann\u00e9es en raison d\u2019une intoxication [&hellip;]<\/p>\n","protected":false},"author":1,"featured_media":0,"parent":0,"menu_order":6,"comment_status":"closed","ping_status":"closed","template":"","meta":{"site-sidebar-layout":"no-sidebar","site-content-layout":"page-builder","ast-site-content-layout":"default","site-content-style":"default","site-sidebar-style":"default","ast-global-header-display":"","ast-banner-title-visibility":"","ast-main-header-display":"","ast-hfb-above-header-display":"","ast-hfb-below-header-display":"","ast-hfb-mobile-header-display":"","site-post-title":"disabled","ast-breadcrumbs-content":"","ast-featured-img":"disabled","footer-sml-layout":"","ast-disable-related-posts":"","theme-transparent-header-meta":"default","adv-header-id-meta":"","stick-header-meta":"","header-above-stick-meta":"","header-main-stick-meta":"","header-below-stick-meta":"","astra-migrate-meta-layouts":"default","ast-page-background-enabled":"default","ast-page-background-meta":{"desktop":{"background-color":"var(--ast-global-color-4)","background-image":"","background-repeat":"repeat","background-position":"center center","background-size":"auto","background-attachment":"scroll","background-type":"","background-media":"","overlay-type":"","overlay-color":"","overlay-opacity":"","overlay-gradient":""},"tablet":{"background-color":"","background-image":"","background-repeat":"repeat","background-position":"center center","background-size":"auto","background-attachment":"scroll","background-type":"","background-media":"","overlay-type":"","overlay-color":"","overlay-opacity":"","overlay-gradient":""},"mobile":{"background-color":"","background-image":"","background-repeat":"repeat","background-position":"center center","background-size":"auto","background-attachment":"scroll","background-type":"","background-media":"","overlay-type":"","overlay-color":"","overlay-opacity":"","overlay-gradient":""}},"ast-content-background-meta":{"desktop":{"background-color":"var(--ast-global-color-5)","background-image":"","background-repeat":"repeat","background-position":"center center","background-size":"auto","background-attachment":"scroll","background-type":"","background-media":"","overlay-type":"","overlay-color":"","overlay-opacity":"","overlay-gradient":""},"tablet":{"background-color":"var(--ast-global-color-5)","background-image":"","background-repeat":"repeat","background-position":"center center","background-size":"auto","background-attachment":"scroll","background-type":"","background-media":"","overlay-type":"","overlay-color":"","overlay-opacity":"","overlay-gradient":""},"mobile":{"background-color":"var(--ast-global-color-5)","background-image":"","background-repeat":"repeat","background-position":"center center","background-size":"auto","background-attachment":"scroll","background-type":"","background-media":"","overlay-type":"","overlay-color":"","overlay-opacity":"","overlay-gradient":""}},"footnotes":""},"page-categories":[],"class_list":["post-110","page","type-page","status-publish","hentry"],"_links":{"self":[{"href":"https:\/\/kiosque.acadienouvelle.com\/planification-urgences-desastres-2026\/wp-json\/wp\/v2\/pages\/110","targetHints":{"allow":["GET"]}}],"collection":[{"href":"https:\/\/kiosque.acadienouvelle.com\/planification-urgences-desastres-2026\/wp-json\/wp\/v2\/pages"}],"about":[{"href":"https:\/\/kiosque.acadienouvelle.com\/planification-urgences-desastres-2026\/wp-json\/wp\/v2\/types\/page"}],"author":[{"embeddable":true,"href":"https:\/\/kiosque.acadienouvelle.com\/planification-urgences-desastres-2026\/wp-json\/wp\/v2\/users\/1"}],"replies":[{"embeddable":true,"href":"https:\/\/kiosque.acadienouvelle.com\/planification-urgences-desastres-2026\/wp-json\/wp\/v2\/comments?post=110"}],"version-history":[{"count":395,"href":"https:\/\/kiosque.acadienouvelle.com\/planification-urgences-desastres-2026\/wp-json\/wp\/v2\/pages\/110\/revisions"}],"predecessor-version":[{"id":8015,"href":"https:\/\/kiosque.acadienouvelle.com\/planification-urgences-desastres-2026\/wp-json\/wp\/v2\/pages\/110\/revisions\/8015"}],"wp:attachment":[{"href":"https:\/\/kiosque.acadienouvelle.com\/planification-urgences-desastres-2026\/wp-json\/wp\/v2\/media?parent=110"}],"wp:term":[{"taxonomy":"page-categories","embeddable":true,"href":"https:\/\/kiosque.acadienouvelle.com\/planification-urgences-desastres-2026\/wp-json\/wp\/v2\/page-categories?post=110"}],"curies":[{"name":"wp","href":"https:\/\/api.w.org\/{rel}","templated":true}]}}