{"id":7798,"date":"2026-04-06T16:44:25","date_gmt":"2026-04-06T16:44:25","guid":{"rendered":"https:\/\/kiosque.acadienouvelle.com\/planification-urgences-desastres-2026\/lt-va-arriver-grands-pas-scurit-maximale-de-vos-enfants-en-matire-de-baignade\/"},"modified":"2026-04-07T12:36:56","modified_gmt":"2026-04-07T12:36:56","slug":"lt-va-arriver-grands-pas-scurit-maximale-de-vos-enfants-en-matire-de-baignade","status":"publish","type":"page","link":"https:\/\/kiosque.acadienouvelle.com\/planification-urgences-desastres-2026\/lt-va-arriver-grands-pas-scurit-maximale-de-vos-enfants-en-matire-de-baignade\/","title":{"rendered":"L\u2019\u00e9t\u00e9 va arriver \u00e0 grands pas &#8211; S\u00e9curit\u00e9 maximale de vos enfants en mati\u00e8re de baignade"},"content":{"rendered":"\t\t<div data-elementor-type=\"wp-page\" data-elementor-id=\"7798\" class=\"elementor elementor-7798\" data-elementor-post-type=\"page\">\n\t\t\t\t\t\t<section class=\"elementor-section elementor-top-section elementor-element elementor-element-50c1b6e elementor-section-height-min-height header_title banner_img elementor-section-boxed elementor-section-height-default elementor-section-items-middle\" data-id=\"50c1b6e\" data-element_type=\"section\" data-e-type=\"section\" data-settings=\"{&quot;background_background&quot;:&quot;classic&quot;}\">\n\t\t\t\t\t\t\t<div class=\"elementor-background-overlay\"><\/div>\n\t\t\t\t\t\t\t<div class=\"elementor-container elementor-column-gap-default\">\n\t\t\t\t\t<div class=\"elementor-column elementor-col-100 elementor-top-column elementor-element elementor-element-3a2d241\" data-id=\"3a2d241\" data-element_type=\"column\" data-e-type=\"column\">\n\t\t\t<div class=\"elementor-widget-wrap elementor-element-populated\">\n\t\t\t\t\t\t<div class=\"elementor-element elementor-element-9673cd2 elementor-widget elementor-widget-heading\" data-id=\"9673cd2\" data-element_type=\"widget\" data-e-type=\"widget\" data-widget_type=\"heading.default\">\n\t\t\t\t<div class=\"elementor-widget-container\">\n\t\t\t\t\t<h2 class=\"elementor-heading-title elementor-size-default\">L\u2019\u00e9t\u00e9 va arriver \u00e0 grands pas\n - S\u00e9curit\u00e9 maximale de vos enfants en \nmati\u00e8re de baignade<\/h2>\t\t\t\t<\/div>\n\t\t\t\t<\/div>\n\t\t\t\t\t<\/div>\n\t\t<\/div>\n\t\t\t\t\t<\/div>\n\t\t<\/section>\n\t\t\t\t<section class=\"elementor-section elementor-top-section elementor-element elementor-element-d9a853a elementor-section-boxed elementor-section-height-default elementor-section-height-default\" data-id=\"d9a853a\" data-element_type=\"section\" data-e-type=\"section\">\n\t\t\t\t\t\t<div class=\"elementor-container elementor-column-gap-default\">\n\t\t\t\t\t<div class=\"elementor-column elementor-col-100 elementor-top-column elementor-element elementor-element-68d9c5a page_contain\" data-id=\"68d9c5a\" data-element_type=\"column\" data-e-type=\"column\" data-settings=\"{&quot;background_background&quot;:&quot;classic&quot;}\">\n\t\t\t<div class=\"elementor-widget-wrap elementor-element-populated\">\n\t\t\t\t\t\t<div class=\"elementor-element elementor-element-50f1f9b elementor-widget elementor-widget-image\" data-id=\"50f1f9b\" data-element_type=\"widget\" data-e-type=\"widget\" data-widget_type=\"image.default\">\n\t\t\t\t<div class=\"elementor-widget-container\">\n\t\t\t\t\t\t\t\t\t\t\t\t<figure class=\"wp-caption\">\n\t\t\t\t\t\t\t\t\t\t<img fetchpriority=\"high\" decoding=\"async\" width=\"1366\" height=\"768\" src=\"https:\/\/kiosque.acadienouvelle.com\/planification-urgences-desastres-2026\/wp-content\/uploads\/sites\/392\/2026\/04\/2-lete_va_arriver_landing.jpg\" class=\"attachment-full size-full wp-image-7806\" alt=\"\" srcset=\"https:\/\/kiosque.acadienouvelle.com\/planification-urgences-desastres-2026\/wp-content\/uploads\/sites\/392\/2026\/04\/2-lete_va_arriver_landing.jpg 1366w, https:\/\/kiosque.acadienouvelle.com\/planification-urgences-desastres-2026\/wp-content\/uploads\/sites\/392\/2026\/04\/2-lete_va_arriver_landing-300x169.jpg 300w, https:\/\/kiosque.acadienouvelle.com\/planification-urgences-desastres-2026\/wp-content\/uploads\/sites\/392\/2026\/04\/2-lete_va_arriver_landing-1024x576.jpg 1024w, https:\/\/kiosque.acadienouvelle.com\/planification-urgences-desastres-2026\/wp-content\/uploads\/sites\/392\/2026\/04\/2-lete_va_arriver_landing-768x432.jpg 768w\" sizes=\"(max-width: 1366px) 100vw, 1366px\" \/>\t\t\t\t\t\t\t\t\t\t\t<figcaption class=\"widget-image-caption wp-caption-text\"><\/figcaption>\n\t\t\t\t\t\t\t\t\t\t<\/figure>\n\t\t\t\t\t\t\t\t\t<\/div>\n\t\t\t\t<\/div>\n\t\t<link rel=\"stylesheet\" href=\"https:\/\/use.fontawesome.com\/releases\/v5.5.0\/css\/all.css\" integrity=\"sha384-B4dIYHKNBt8Bc12p+WXckhzcICo0wtJAoU8YZTY5qE0Id1GSseTk6S+L3BlXeVIU\" crossorigin=\"anonymous\">\r\n\t\t<div class=\"elementor-element elementor-element-d0a0a3b mobile_pera elementor-widget elementor-widget-text-editor\" data-id=\"d0a0a3b\" data-element_type=\"widget\" data-e-type=\"widget\" data-widget_type=\"text-editor.default\">\n\t\t\t\t<div class=\"elementor-widget-container\">\n\t\t\t\t\t\t\t\t\t<p>Saviez-vous que la noyade est l\u2019une des principales causes de d\u00e9c\u00e8s chez les enfants de 1 \u00e0 4 ans? Surveillez attentivement les enfants, s\u00e9curisez l\u2019acc\u00e8s \u00e0 votre piscine et apprenez \u00e0 vos enfants les r\u00e8gles de s\u00e9curit\u00e9 nautique. Ces mesures aideront \u00e0 pr\u00e9venir les blessures graves et les d\u00e9c\u00e8s.<\/p>\t\t\t\t\t\t\t\t<\/div>\n\t\t\t\t<\/div>\n\t\t\t\t<div class=\"elementor-element elementor-element-32e4741 mobile_pera elementor-widget elementor-widget-text-editor\" data-id=\"32e4741\" data-element_type=\"widget\" data-e-type=\"widget\" data-widget_type=\"text-editor.default\">\n\t\t\t\t<div class=\"elementor-widget-container\">\n\t\t\t\t\t\t\t\t\t<p>Surveillez les jeunes enfants et les nageurs inexp\u00e9riment\u00e9s et veillez \u00e0 ce qu\u2019ils demeurent toujours suffisamment pr\u00e8s de vous pour que vous puissiez les secourir pendant qu\u2019ils sont dans l\u2019eau. Les surveiller permet de r\u00e9duire le risque d\u2019accidents graves.<\/p>\t\t\t\t\t\t\t\t<\/div>\n\t\t\t\t<\/div>\n\t\t\t\t<div class=\"elementor-element elementor-element-0b6ad93 mobile_pera elementor-widget elementor-widget-text-editor\" data-id=\"0b6ad93\" data-element_type=\"widget\" data-e-type=\"widget\" data-widget_type=\"text-editor.default\">\n\t\t\t\t<div class=\"elementor-widget-container\">\n\t\t\t\t\t\t\t\t\t<p><b>Voici quelques conseils<\/b><\/p>\t\t\t\t\t\t\t\t<\/div>\n\t\t\t\t<\/div>\n\t\t\t\t<div class=\"elementor-element elementor-element-74263c8 mobile_pera elementor-widget elementor-widget-text-editor\" data-id=\"74263c8\" data-element_type=\"widget\" data-e-type=\"widget\" data-widget_type=\"text-editor.default\">\n\t\t\t\t<div class=\"elementor-widget-container\">\n\t\t\t\t\t\t\t\t\t<ul><li>Aidez vos enfants \u00e0 apprendre les r\u00e8gles de s\u00e9curit\u00e9 nautique : en les inscrivant \u00e0 un programme de s\u00e9curit\u00e9 nautique et de natation. Inscrivez-vous \u00e0 un cours de secourisme pour apprendre les techniques de sauvetage de base.<\/li><li>Assurez-vous que les jeunes enfants et les nageurs inexp\u00e9riment\u00e9s portent toujours un gilet de sauvetage ou un dispositif de flottaison individuel approuv\u00e9 lorsqu\u2019ils jouent pr\u00e8s de l\u2019eau. Apprenez comment bien choisir le gilet de sauvetage ou le dispositif de flottaison individuel qui convient \u00e0 votre enfant.<\/li><li>Choisissez un endroit s\u00e9curitaire pour nager, comme une plage ou une piscine publique surveill\u00e9e. Avant d\u2019entrer dans l\u2019eau, v\u00e9rifiez si votre municipalit\u00e9 a \u00e9mis des avis relatifs \u00e0 la sant\u00e9 et \u00e0 la s\u00e9curit\u00e9, y compris des avertissements au sujet des niveaux de pollution de l\u2019eau ou d\u2019un fort courant.<\/li><\/ul>\t\t\t\t\t\t\t\t<\/div>\n\t\t\t\t<\/div>\n\t\t\t\t<div class=\"elementor-element elementor-element-dcdce16 mobile_pera elementor-widget elementor-widget-text-editor\" data-id=\"dcdce16\" data-element_type=\"widget\" data-e-type=\"widget\" data-widget_type=\"text-editor.default\">\n\t\t\t\t<div class=\"elementor-widget-container\">\n\t\t\t\t\t\t\t\t\t<p><b>Le saviez-vous\u2009?<\/b><\/p>\t\t\t\t\t\t\t\t<\/div>\n\t\t\t\t<\/div>\n\t\t\t\t<div class=\"elementor-element elementor-element-f1b6de7 mobile_pera elementor-widget elementor-widget-text-editor\" data-id=\"f1b6de7\" data-element_type=\"widget\" data-e-type=\"widget\" data-widget_type=\"text-editor.default\">\n\t\t\t\t<div class=\"elementor-widget-container\">\n\t\t\t\t\t\t\t\t\t<p>Les enfants peuvent se noyer rapidement et silencieusement, m\u00eame dans quelques centim\u00e8tres d\u2019eau. Verrouillez l\u2019acc\u00e8s \u00e0 tous les plans d\u2019eau (m\u00eame aux piscines portatives peu profondes) lorsqu\u2019aucun adulte n\u2019est pr\u00e9sent. Chaque ann\u00e9e, des enfants se noient dans des piscines r\u00e9sidentielles. Les enfants de 1 \u00e0 4 ans sont les plus \u00e0 risque.<\/p>\t\t\t\t\t\t\t\t<\/div>\n\t\t\t\t<\/div>\n\t\t\t\t<div class=\"elementor-element elementor-element-0b6954b mobile_pera elementor-widget elementor-widget-text-editor\" data-id=\"0b6954b\" data-element_type=\"widget\" data-e-type=\"widget\" data-widget_type=\"text-editor.default\">\n\t\t\t\t<div class=\"elementor-widget-container\">\n\t\t\t\t\t\t\t\t\t<p><b>Installez une cl\u00f4ture<\/b><\/p>\t\t\t\t\t\t\t\t<\/div>\n\t\t\t\t<\/div>\n\t\t\t\t<div class=\"elementor-element elementor-element-6905d35 mobile_pera elementor-widget elementor-widget-text-editor\" data-id=\"6905d35\" data-element_type=\"widget\" data-e-type=\"widget\" data-widget_type=\"text-editor.default\">\n\t\t\t\t<div class=\"elementor-widget-container\">\n\t\t\t\t\t\t\t\t\t<p>Bon nombre d\u2019enfants se noient dans des piscines r\u00e9sidentielles auxquelles l\u2019acc\u00e8s n\u2019est pas s\u00e9curis\u00e9. Installez une cl\u00f4ture autour de votre piscine pour aider \u00e0 pr\u00e9venir les noyades.<\/p><ul><li>Installez une cl\u00f4ture d\u2019une hauteur d\u2019au moins 1,2 m\u00e8tre autour de votre piscine.<\/li><li>Informez-vous des r\u00e8glements municipaux concernant l\u2019installation d\u2019une cl\u00f4ture autour de la piscine.<\/li><li>Installez une porte \u00e0 fermeture et \u00e0 verrouillage automatique. Le verrou doit \u00eatre hors de port\u00e9e des enfants, et la porte toujours verrouill\u00e9e.<\/li><\/ul>\t\t\t\t\t\t\t\t<\/div>\n\t\t\t\t<\/div>\n\t\t\t\t<div class=\"elementor-element elementor-element-525eed2 mobile_pera elementor-widget elementor-widget-text-editor\" data-id=\"525eed2\" data-element_type=\"widget\" data-e-type=\"widget\" data-widget_type=\"text-editor.default\">\n\t\t\t\t<div class=\"elementor-widget-container\">\n\t\t\t\t\t\t\t\t\t<p>Soyez pr\u00eat \u00e0 assurer la s\u00e9curit\u00e9 autour et dans la piscine et soyez pr\u00eat \u00e0 intervenir en cas d\u2019urgences.<\/p><ul><li>Gardez de l\u2019\u00e9quipement de sauvetage (comme une bou\u00e9e de sauvetage munie d\u2019une corde) et une trousse de premiers soins pr\u00e8s de la piscine.<br \/>Gardez les num\u00e9ros des services d\u2019urgence \u00e0 c\u00f4t\u00e9 du t\u00e9l\u00e9phone le plus pr\u00e8s de la piscine.<\/li><\/ul>\t\t\t\t\t\t\t\t<\/div>\n\t\t\t\t<\/div>\n\t\t\t\t<div class=\"elementor-element elementor-element-1a574b3 mobile_pera elementor-widget elementor-widget-text-editor\" data-id=\"1a574b3\" data-element_type=\"widget\" data-e-type=\"widget\" data-widget_type=\"text-editor.default\">\n\t\t\t\t<div class=\"elementor-widget-container\">\n\t\t\t\t\t\t\t\t\t<p><b>Rangez tout apr\u00e8s la baignade<\/b><\/p>\t\t\t\t\t\t\t\t<\/div>\n\t\t\t\t<\/div>\n\t\t\t\t<div class=\"elementor-element elementor-element-b89d859 mobile_pera elementor-widget elementor-widget-text-editor\" data-id=\"b89d859\" data-element_type=\"widget\" data-e-type=\"widget\" data-widget_type=\"text-editor.default\">\n\t\t\t\t<div class=\"elementor-widget-container\">\n\t\t\t\t\t\t\t\t\t<p>Apr\u00e8s vous \u00eatre baign\u00e9 dans la piscine, prenez le temps de tout ranger.<\/p><ul><li>Rangez les jouets lorsque la baignade est termin\u00e9e. Les enfants pourraient \u00eatre tent\u00e9s de r\u00e9cup\u00e9rer les jouets laiss\u00e9s dans ou pr\u00e8s de la piscine et se mettre en danger.<\/li><li>Recouvrez votre piscine d\u2019un rev\u00eatement de s\u00e9curit\u00e9 lorsque personne ne se baigne.<\/li><\/ul>\t\t\t\t\t\t\t\t<\/div>\n\t\t\t\t<\/div>\n\t\t\t\t\t<\/div>\n\t\t<\/div>\n\t\t\t\t\t<\/div>\n\t\t<\/section>\n\t\t\t\t<\/div>\n\t\t","protected":false},"excerpt":{"rendered":"<p>L\u2019\u00e9t\u00e9 va arriver \u00e0 grands pas &#8211; S\u00e9curit\u00e9 maximale de vos enfants en mati\u00e8re de baignade Saviez-vous que la noyade est l\u2019une des principales causes de d\u00e9c\u00e8s chez les enfants de 1 \u00e0 4 ans? Surveillez attentivement les enfants, s\u00e9curisez l\u2019acc\u00e8s \u00e0 votre piscine et apprenez \u00e0 vos enfants les r\u00e8gles de s\u00e9curit\u00e9 nautique. Ces [&hellip;]<\/p>\n","protected":false},"author":7,"featured_media":0,"parent":0,"menu_order":2,"comment_status":"closed","ping_status":"closed","template":"","meta":{"site-sidebar-layout":"no-sidebar","site-content-layout":"page-builder","ast-site-content-layout":"default","site-content-style":"default","site-sidebar-style":"default","ast-global-header-display":"","ast-banner-title-visibility":"","ast-main-header-display":"","ast-hfb-above-header-display":"","ast-hfb-below-header-display":"","ast-hfb-mobile-header-display":"","site-post-title":"disabled","ast-breadcrumbs-content":"","ast-featured-img":"disabled","footer-sml-layout":"","ast-disable-related-posts":"","theme-transparent-header-meta":"default","adv-header-id-meta":"","stick-header-meta":"","header-above-stick-meta":"","header-main-stick-meta":"","header-below-stick-meta":"","astra-migrate-meta-layouts":"default","ast-page-background-enabled":"default","ast-page-background-meta":{"desktop":{"background-color":"var(--ast-global-color-4)","background-image":"","background-repeat":"repeat","background-position":"center center","background-size":"auto","background-attachment":"scroll","background-type":"","background-media":"","overlay-type":"","overlay-color":"","overlay-opacity":"","overlay-gradient":""},"tablet":{"background-color":"","background-image":"","background-repeat":"repeat","background-position":"center center","background-size":"auto","background-attachment":"scroll","background-type":"","background-media":"","overlay-type":"","overlay-color":"","overlay-opacity":"","overlay-gradient":""},"mobile":{"background-color":"","background-image":"","background-repeat":"repeat","background-position":"center center","background-size":"auto","background-attachment":"scroll","background-type":"","background-media":"","overlay-type":"","overlay-color":"","overlay-opacity":"","overlay-gradient":""}},"ast-content-background-meta":{"desktop":{"background-color":"var(--ast-global-color-5)","background-image":"","background-repeat":"repeat","background-position":"center center","background-size":"auto","background-attachment":"scroll","background-type":"","background-media":"","overlay-type":"","overlay-color":"","overlay-opacity":"","overlay-gradient":""},"tablet":{"background-color":"var(--ast-global-color-5)","background-image":"","background-repeat":"repeat","background-position":"center center","background-size":"auto","background-attachment":"scroll","background-type":"","background-media":"","overlay-type":"","overlay-color":"","overlay-opacity":"","overlay-gradient":""},"mobile":{"background-color":"var(--ast-global-color-5)","background-image":"","background-repeat":"repeat","background-position":"center center","background-size":"auto","background-attachment":"scroll","background-type":"","background-media":"","overlay-type":"","overlay-color":"","overlay-opacity":"","overlay-gradient":""}},"footnotes":""},"page-categories":[],"class_list":["post-7798","page","type-page","status-publish","hentry"],"_links":{"self":[{"href":"https:\/\/kiosque.acadienouvelle.com\/planification-urgences-desastres-2026\/wp-json\/wp\/v2\/pages\/7798","targetHints":{"allow":["GET"]}}],"collection":[{"href":"https:\/\/kiosque.acadienouvelle.com\/planification-urgences-desastres-2026\/wp-json\/wp\/v2\/pages"}],"about":[{"href":"https:\/\/kiosque.acadienouvelle.com\/planification-urgences-desastres-2026\/wp-json\/wp\/v2\/types\/page"}],"author":[{"embeddable":true,"href":"https:\/\/kiosque.acadienouvelle.com\/planification-urgences-desastres-2026\/wp-json\/wp\/v2\/users\/7"}],"replies":[{"embeddable":true,"href":"https:\/\/kiosque.acadienouvelle.com\/planification-urgences-desastres-2026\/wp-json\/wp\/v2\/comments?post=7798"}],"version-history":[{"count":22,"href":"https:\/\/kiosque.acadienouvelle.com\/planification-urgences-desastres-2026\/wp-json\/wp\/v2\/pages\/7798\/revisions"}],"predecessor-version":[{"id":8018,"href":"https:\/\/kiosque.acadienouvelle.com\/planification-urgences-desastres-2026\/wp-json\/wp\/v2\/pages\/7798\/revisions\/8018"}],"wp:attachment":[{"href":"https:\/\/kiosque.acadienouvelle.com\/planification-urgences-desastres-2026\/wp-json\/wp\/v2\/media?parent=7798"}],"wp:term":[{"taxonomy":"page-categories","embeddable":true,"href":"https:\/\/kiosque.acadienouvelle.com\/planification-urgences-desastres-2026\/wp-json\/wp\/v2\/page-categories?post=7798"}],"curies":[{"name":"wp","href":"https:\/\/api.w.org\/{rel}","templated":true}]}}