{"id":7822,"date":"2026-04-06T17:00:02","date_gmt":"2026-04-06T17:00:02","guid":{"rendered":"https:\/\/kiosque.acadienouvelle.com\/planification-urgences-desastres-2026\/conduire-dans-le-brouillard\/"},"modified":"2026-04-06T17:28:41","modified_gmt":"2026-04-06T17:28:41","slug":"conduire-dans-le-brouillard","status":"publish","type":"page","link":"https:\/\/kiosque.acadienouvelle.com\/planification-urgences-desastres-2026\/conduire-dans-le-brouillard\/","title":{"rendered":"Conduire dans le brouillard"},"content":{"rendered":"\t\t<div data-elementor-type=\"wp-page\" data-elementor-id=\"7822\" class=\"elementor elementor-7822\" data-elementor-post-type=\"page\">\n\t\t\t\t\t\t<section class=\"elementor-section elementor-top-section elementor-element elementor-element-50c1b6e elementor-section-height-min-height header_title banner_img elementor-section-boxed elementor-section-height-default elementor-section-items-middle\" data-id=\"50c1b6e\" data-element_type=\"section\" data-e-type=\"section\" data-settings=\"{&quot;background_background&quot;:&quot;classic&quot;}\">\n\t\t\t\t\t\t\t<div class=\"elementor-background-overlay\"><\/div>\n\t\t\t\t\t\t\t<div class=\"elementor-container elementor-column-gap-default\">\n\t\t\t\t\t<div class=\"elementor-column elementor-col-100 elementor-top-column elementor-element elementor-element-3a2d241\" data-id=\"3a2d241\" data-element_type=\"column\" data-e-type=\"column\">\n\t\t\t<div class=\"elementor-widget-wrap elementor-element-populated\">\n\t\t\t\t\t\t<div class=\"elementor-element elementor-element-9673cd2 elementor-widget elementor-widget-heading\" data-id=\"9673cd2\" data-element_type=\"widget\" data-e-type=\"widget\" data-widget_type=\"heading.default\">\n\t\t\t\t<div class=\"elementor-widget-container\">\n\t\t\t\t\t<h2 class=\"elementor-heading-title elementor-size-default\">Conduire dans le brouillard<\/h2>\t\t\t\t<\/div>\n\t\t\t\t<\/div>\n\t\t\t\t\t<\/div>\n\t\t<\/div>\n\t\t\t\t\t<\/div>\n\t\t<\/section>\n\t\t\t\t<section class=\"elementor-section elementor-top-section elementor-element elementor-element-d9a853a elementor-section-boxed elementor-section-height-default elementor-section-height-default\" data-id=\"d9a853a\" data-element_type=\"section\" data-e-type=\"section\">\n\t\t\t\t\t\t<div class=\"elementor-container elementor-column-gap-default\">\n\t\t\t\t\t<div class=\"elementor-column elementor-col-100 elementor-top-column elementor-element elementor-element-68d9c5a page_contain\" data-id=\"68d9c5a\" data-element_type=\"column\" data-e-type=\"column\" data-settings=\"{&quot;background_background&quot;:&quot;classic&quot;}\">\n\t\t\t<div class=\"elementor-widget-wrap elementor-element-populated\">\n\t\t\t\t\t\t<div class=\"elementor-element elementor-element-50f1f9b elementor-widget elementor-widget-image\" data-id=\"50f1f9b\" data-element_type=\"widget\" data-e-type=\"widget\" data-widget_type=\"image.default\">\n\t\t\t\t<div class=\"elementor-widget-container\">\n\t\t\t\t\t\t\t\t\t\t\t\t<figure class=\"wp-caption\">\n\t\t\t\t\t\t\t\t\t\t<img fetchpriority=\"high\" decoding=\"async\" width=\"1366\" height=\"768\" src=\"https:\/\/kiosque.acadienouvelle.com\/planification-urgences-desastres-2026\/wp-content\/uploads\/sites\/392\/2026\/04\/3_conduire_dans_le_brouillard_landing.jpg\" class=\"attachment-full size-full wp-image-7827\" alt=\"\" srcset=\"https:\/\/kiosque.acadienouvelle.com\/planification-urgences-desastres-2026\/wp-content\/uploads\/sites\/392\/2026\/04\/3_conduire_dans_le_brouillard_landing.jpg 1366w, https:\/\/kiosque.acadienouvelle.com\/planification-urgences-desastres-2026\/wp-content\/uploads\/sites\/392\/2026\/04\/3_conduire_dans_le_brouillard_landing-300x169.jpg 300w, https:\/\/kiosque.acadienouvelle.com\/planification-urgences-desastres-2026\/wp-content\/uploads\/sites\/392\/2026\/04\/3_conduire_dans_le_brouillard_landing-1024x576.jpg 1024w, https:\/\/kiosque.acadienouvelle.com\/planification-urgences-desastres-2026\/wp-content\/uploads\/sites\/392\/2026\/04\/3_conduire_dans_le_brouillard_landing-768x432.jpg 768w\" sizes=\"(max-width: 1366px) 100vw, 1366px\" \/>\t\t\t\t\t\t\t\t\t\t\t<figcaption class=\"widget-image-caption wp-caption-text\"><\/figcaption>\n\t\t\t\t\t\t\t\t\t\t<\/figure>\n\t\t\t\t\t\t\t\t\t<\/div>\n\t\t\t\t<\/div>\n\t\t<link rel=\"stylesheet\" href=\"https:\/\/use.fontawesome.com\/releases\/v5.5.0\/css\/all.css\" integrity=\"sha384-B4dIYHKNBt8Bc12p+WXckhzcICo0wtJAoU8YZTY5qE0Id1GSseTk6S+L3BlXeVIU\" crossorigin=\"anonymous\">\r\n\t\t<div class=\"elementor-element elementor-element-d0a0a3b mobile_pera elementor-widget elementor-widget-text-editor\" data-id=\"d0a0a3b\" data-element_type=\"widget\" data-e-type=\"widget\" data-widget_type=\"text-editor.default\">\n\t\t\t\t<div class=\"elementor-widget-container\">\n\t\t\t\t\t\t\t\t\t<p>Le brouillard est un nuage de particules dans l\u2019air, g\u00e9n\u00e9ralement compos\u00e9 de gouttelettes d\u2019eau ou de cristaux de glace. Il peut \u00eatre difficile de voir \u00e0 travers. Le brouillard peut se former \u00e0 la fois dans les r\u00e9gions int\u00e9rieures et le long des c\u00f4tes. Il peut durer de quelques heures \u00e0 plusieurs jours.<\/p>\t\t\t\t\t\t\t\t<\/div>\n\t\t\t\t<\/div>\n\t\t\t\t<div class=\"elementor-element elementor-element-6be1b27 elementor-widget elementor-widget-advertisement\" data-id=\"6be1b27\" data-element_type=\"widget\" data-e-type=\"widget\" data-widget_type=\"advertisement.default\">\n\t\t\t\t<div class=\"elementor-widget-container\">\n\t\t\t\t\t<div class=\"ads-align-center\"><div data-m32-ad data-options='{\"sizes\":\"[[300,100]]\",\"dfpId\":\"21658289790,27729547\",\"dfpAdUnitPath\":\"acadienouvelle\/cahiers_onefifthpage_300x100\"}'><\/div><\/div>\t\t\t\t<\/div>\n\t\t\t\t<\/div>\n\t\t\t\t<div class=\"elementor-element elementor-element-0b6ad93 mobile_pera elementor-widget elementor-widget-text-editor\" data-id=\"0b6ad93\" data-element_type=\"widget\" data-e-type=\"widget\" data-widget_type=\"text-editor.default\">\n\t\t\t\t<div class=\"elementor-widget-container\">\n\t\t\t\t\t\t\t\t\t<p><b>Comment se pr\u00e9parer?<\/b><\/p>\t\t\t\t\t\t\t\t<\/div>\n\t\t\t\t<\/div>\n\t\t\t\t<div class=\"elementor-element elementor-element-7f7566c mobile_pera elementor-widget elementor-widget-text-editor\" data-id=\"7f7566c\" data-element_type=\"widget\" data-e-type=\"widget\" data-widget_type=\"text-editor.default\">\n\t\t\t\t<div class=\"elementor-widget-container\">\n\t\t\t\t\t\t\t\t\t<ul><li>Pr\u00e9parez une trousse d\u2019urgence pour votre v\u00e9hicule. Apprenez-en davantage sur les articles \u00e0 mettre dans votre trousse, y compris les \u00e9tapes rapides et faciles que vous pouvez suivre imm\u00e9diatement.<\/li><li>Connaissez la fa\u00e7on d\u2019allumer les phares et les feux arri\u00e8re de votre v\u00e9hicule pour voir et \u00eatre vu.<\/li><li>Connaissez la fa\u00e7on d\u2019allumer vos phares, surtout pendant les brouillards.<\/li><li>Votre v\u00e9hicule pourrait \u00eatre \u00e9quip\u00e9 de phares antibrouillard avant et arri\u00e8re.<\/li><\/ul>\t\t\t\t\t\t\t\t<\/div>\n\t\t\t\t<\/div>\n\t\t\t\t<div class=\"elementor-element elementor-element-b4af4a9 mobile_pera elementor-widget elementor-widget-text-editor\" data-id=\"b4af4a9\" data-element_type=\"widget\" data-e-type=\"widget\" data-widget_type=\"text-editor.default\">\n\t\t\t\t<div class=\"elementor-widget-container\">\n\t\t\t\t\t\t\t\t\t<p><b>\u00c7a peut assur\u00e9ment rendre la conduite plus dangereuse<\/b><\/p>\t\t\t\t\t\t\t\t<\/div>\n\t\t\t\t<\/div>\n\t\t\t\t<div class=\"elementor-element elementor-element-74263c8 mobile_pera elementor-widget elementor-widget-text-editor\" data-id=\"74263c8\" data-element_type=\"widget\" data-e-type=\"widget\" data-widget_type=\"text-editor.default\">\n\t\t\t\t<div class=\"elementor-widget-container\">\n\t\t\t\t\t\t\t\t\t<p>Le brouillard peut rendre la conduite plus dangereuse. Il peut \u00eatre difficile de voir les panneaux, les pi\u00e9tons, les animaux ou les objets sur la route. Il peut \u00e9galement \u00eatre difficile d\u2019\u00e9valuer les distances. La plupart des conducteurs peuvent s\u2019attendre \u00e0 rencontrer du brouillard au moins une fois par ann\u00e9e. Par temps froid, le brouillard givrant peut cr\u00e9er du verglas sur la route.<\/p>\n<ul>\n<li>Si possible, \u00e9vitez de voyager dans le brouillard.<\/li><li>Les conditions de brouillard peuvent survenir ou changer tr\u00e8s rapidement.<\/li><li>Si vous \u00eates pris \u00e0 conduire dans le brouillard, ralentissez et conduisez en fonction des conditions routi\u00e8res.<\/li><li>Allumez vos feux de d\u00e9tresse et cherchez un endroit s\u00e9curitaire pour vous arr\u00eater.<\/li><li>Assurez-vous d\u2019allumer vos phares et vos feux arri\u00e8re, mais n\u2019utilisez pas vos feux de route, car ils se refl\u00e8tent dans le brouillard, ce qui rend la visibilit\u00e9 plus difficile.<\/li><li>Allumez les phares antibrouillard si vous en avez.<\/li><li>Si le brouillard est trop dense pour continuer \u00e0 conduire, arr\u00eatez-vous dans un endroit s\u00e9curitaire.<\/li><li>Ne vous arr\u00eatez pas sur la route, car les autres v\u00e9hicules pourraient ne pas vous voir.<\/li>\n<\/ul>\t\t\t\t\t\t\t\t<\/div>\n\t\t\t\t<\/div>\n\t\t\t\t<div class=\"elementor-element elementor-element-166374c box_pera elementor-widget elementor-widget-text-editor\" data-id=\"166374c\" data-element_type=\"widget\" data-e-type=\"widget\" data-widget_type=\"text-editor.default\">\n\t\t\t\t<div class=\"elementor-widget-container\">\n\t\t\t\t\t\t\t\t\t<h1><strong>Organisation\u00a0<span style=\"font-style: inherit;\">des mesures d\u2019urgence du N.-B.<\/span><\/strong><\/h1><p><span style=\"font-style: inherit;\">\u00a0<\/span><\/p><h1><b style=\"font-style: inherit;\"> <img decoding=\"async\" class=\"aligncenter\" src=\"https:\/\/kiosque.acadienouvelle.com\/planification-urgences-desastres-2026\/wp-content\/uploads\/sites\/392\/2026\/04\/3-Logo_mesure_durgence_du_nb.png\" alt=\"\" width=\"485\" height=\"382\" \/><\/b><\/h1><p><span style=\"color: var( --e-global-color-text ); font-style: inherit; font-weight: inherit;\">\u00a0<\/span><\/p><p><b>Liens importants<\/b><\/p><p><b>\u00a0<\/b><\/p><p>\u00a0<\/p><ul><li>Surveillance des temp\u00eates par l\u2019OMUNB<\/li><li>Surveillance des cours d\u2019eau\u00a0<\/li><li>Environnement Canada \u2013 Avertissements m\u00e9t\u00e9orologiques<\/li><li>En alerte \u2013 syst\u00e8me d\u2019alerte publique<\/li><li>Centre des ouragans<\/li><li>72 heures \u2013 Votre famille est-elle pr\u00eate<\/li><li>Rapport sur les dommages \u2013 d\u00e9cembre 2023<\/li><li>Conditions routi\u00e8res<\/li><li>Guide de planification \u00e0 l\u2019intention des municipalit\u00e9s en cas de pand\u00e9mie d\u2019influenza<\/li><li>Indice des feux<\/li><li>Sant\u00e9 Canada<\/li><li>Loi sur les mesures d\u2019urgence<\/li><\/ul><p><span style=\"color: var( --e-global-color-text ); font-style: inherit; font-weight: inherit;\">\u00a0<\/span><\/p><p><span style=\"color: var( --e-global-color-text ); font-style: inherit;\"><b> Renseignements g\u00e9n\u00e9raux<br \/><br \/><\/b><\/span><\/p><p>\u00a0<\/p><p>(506) 453-2133<\/p><p>T\u00e9l\u00e9copieur : (506) 453-5513\u00a0<\/p><p>Courriel : emo@gnb.ca<\/p><p><span style=\"font-style: inherit; font-weight: inherit;\">https:\/\/www.gnb.ca\/omu<\/span><\/p>\t\t\t\t\t\t\t\t<\/div>\n\t\t\t\t<\/div>\n\t\t\t\t\t<\/div>\n\t\t<\/div>\n\t\t\t\t\t<\/div>\n\t\t<\/section>\n\t\t\t\t<\/div>\n\t\t","protected":false},"excerpt":{"rendered":"<p>Conduire dans le brouillard Le brouillard est un nuage de particules dans l\u2019air, g\u00e9n\u00e9ralement compos\u00e9 de gouttelettes d\u2019eau ou de cristaux de glace. Il peut \u00eatre difficile de voir \u00e0 travers. Le brouillard peut se former \u00e0 la fois dans les r\u00e9gions int\u00e9rieures et le long des c\u00f4tes. Il peut durer de quelques heures \u00e0 [&hellip;]<\/p>\n","protected":false},"author":7,"featured_media":0,"parent":0,"menu_order":3,"comment_status":"closed","ping_status":"closed","template":"","meta":{"site-sidebar-layout":"no-sidebar","site-content-layout":"page-builder","ast-site-content-layout":"default","site-content-style":"default","site-sidebar-style":"default","ast-global-header-display":"","ast-banner-title-visibility":"","ast-main-header-display":"","ast-hfb-above-header-display":"","ast-hfb-below-header-display":"","ast-hfb-mobile-header-display":"","site-post-title":"disabled","ast-breadcrumbs-content":"","ast-featured-img":"disabled","footer-sml-layout":"","ast-disable-related-posts":"","theme-transparent-header-meta":"default","adv-header-id-meta":"","stick-header-meta":"","header-above-stick-meta":"","header-main-stick-meta":"","header-below-stick-meta":"","astra-migrate-meta-layouts":"default","ast-page-background-enabled":"default","ast-page-background-meta":{"desktop":{"background-color":"var(--ast-global-color-4)","background-image":"","background-repeat":"repeat","background-position":"center center","background-size":"auto","background-attachment":"scroll","background-type":"","background-media":"","overlay-type":"","overlay-color":"","overlay-opacity":"","overlay-gradient":""},"tablet":{"background-color":"","background-image":"","background-repeat":"repeat","background-position":"center center","background-size":"auto","background-attachment":"scroll","background-type":"","background-media":"","overlay-type":"","overlay-color":"","overlay-opacity":"","overlay-gradient":""},"mobile":{"background-color":"","background-image":"","background-repeat":"repeat","background-position":"center center","background-size":"auto","background-attachment":"scroll","background-type":"","background-media":"","overlay-type":"","overlay-color":"","overlay-opacity":"","overlay-gradient":""}},"ast-content-background-meta":{"desktop":{"background-color":"var(--ast-global-color-5)","background-image":"","background-repeat":"repeat","background-position":"center center","background-size":"auto","background-attachment":"scroll","background-type":"","background-media":"","overlay-type":"","overlay-color":"","overlay-opacity":"","overlay-gradient":""},"tablet":{"background-color":"var(--ast-global-color-5)","background-image":"","background-repeat":"repeat","background-position":"center center","background-size":"auto","background-attachment":"scroll","background-type":"","background-media":"","overlay-type":"","overlay-color":"","overlay-opacity":"","overlay-gradient":""},"mobile":{"background-color":"var(--ast-global-color-5)","background-image":"","background-repeat":"repeat","background-position":"center center","background-size":"auto","background-attachment":"scroll","background-type":"","background-media":"","overlay-type":"","overlay-color":"","overlay-opacity":"","overlay-gradient":""}},"footnotes":""},"page-categories":[],"class_list":["post-7822","page","type-page","status-publish","hentry"],"_links":{"self":[{"href":"https:\/\/kiosque.acadienouvelle.com\/planification-urgences-desastres-2026\/wp-json\/wp\/v2\/pages\/7822","targetHints":{"allow":["GET"]}}],"collection":[{"href":"https:\/\/kiosque.acadienouvelle.com\/planification-urgences-desastres-2026\/wp-json\/wp\/v2\/pages"}],"about":[{"href":"https:\/\/kiosque.acadienouvelle.com\/planification-urgences-desastres-2026\/wp-json\/wp\/v2\/types\/page"}],"author":[{"embeddable":true,"href":"https:\/\/kiosque.acadienouvelle.com\/planification-urgences-desastres-2026\/wp-json\/wp\/v2\/users\/7"}],"replies":[{"embeddable":true,"href":"https:\/\/kiosque.acadienouvelle.com\/planification-urgences-desastres-2026\/wp-json\/wp\/v2\/comments?post=7822"}],"version-history":[{"count":31,"href":"https:\/\/kiosque.acadienouvelle.com\/planification-urgences-desastres-2026\/wp-json\/wp\/v2\/pages\/7822\/revisions"}],"predecessor-version":[{"id":7857,"href":"https:\/\/kiosque.acadienouvelle.com\/planification-urgences-desastres-2026\/wp-json\/wp\/v2\/pages\/7822\/revisions\/7857"}],"wp:attachment":[{"href":"https:\/\/kiosque.acadienouvelle.com\/planification-urgences-desastres-2026\/wp-json\/wp\/v2\/media?parent=7822"}],"wp:term":[{"taxonomy":"page-categories","embeddable":true,"href":"https:\/\/kiosque.acadienouvelle.com\/planification-urgences-desastres-2026\/wp-json\/wp\/v2\/page-categories?post=7822"}],"curies":[{"name":"wp","href":"https:\/\/api.w.org\/{rel}","templated":true}]}}