{"id":7861,"date":"2026-04-06T17:29:59","date_gmt":"2026-04-06T17:29:59","guid":{"rendered":"https:\/\/kiosque.acadienouvelle.com\/planification-urgences-desastres-2026\/se-perdre-dans-la-fort-surtout-ne-paniquez-pas\/"},"modified":"2026-04-07T12:40:50","modified_gmt":"2026-04-07T12:40:50","slug":"se-perdre-dans-la-fort-surtout-ne-paniquez-pas","status":"publish","type":"page","link":"https:\/\/kiosque.acadienouvelle.com\/planification-urgences-desastres-2026\/se-perdre-dans-la-fort-surtout-ne-paniquez-pas\/","title":{"rendered":"Se perdre dans la for\u00eat\u2026 surtout ne paniquez pas!"},"content":{"rendered":"\t\t<div data-elementor-type=\"wp-page\" data-elementor-id=\"7861\" class=\"elementor elementor-7861\" data-elementor-post-type=\"page\">\n\t\t\t\t\t\t<section class=\"elementor-section elementor-top-section elementor-element elementor-element-50c1b6e elementor-section-height-min-height header_title banner_img elementor-section-boxed elementor-section-height-default elementor-section-items-middle\" data-id=\"50c1b6e\" data-element_type=\"section\" data-e-type=\"section\" data-settings=\"{&quot;background_background&quot;:&quot;classic&quot;}\">\n\t\t\t\t\t\t\t<div class=\"elementor-background-overlay\"><\/div>\n\t\t\t\t\t\t\t<div class=\"elementor-container elementor-column-gap-default\">\n\t\t\t\t\t<div class=\"elementor-column elementor-col-100 elementor-top-column elementor-element elementor-element-3a2d241\" data-id=\"3a2d241\" data-element_type=\"column\" data-e-type=\"column\">\n\t\t\t<div class=\"elementor-widget-wrap elementor-element-populated\">\n\t\t\t\t\t\t<div class=\"elementor-element elementor-element-9673cd2 elementor-widget elementor-widget-heading\" data-id=\"9673cd2\" data-element_type=\"widget\" data-e-type=\"widget\" data-widget_type=\"heading.default\">\n\t\t\t\t<div class=\"elementor-widget-container\">\n\t\t\t\t\t<h2 class=\"elementor-heading-title elementor-size-default\">Se perdre dans la for\u00eat\u2026 surtout, ne paniquez pas!<\/h2>\t\t\t\t<\/div>\n\t\t\t\t<\/div>\n\t\t\t\t\t<\/div>\n\t\t<\/div>\n\t\t\t\t\t<\/div>\n\t\t<\/section>\n\t\t\t\t<section class=\"elementor-section elementor-top-section elementor-element elementor-element-d9a853a elementor-section-boxed elementor-section-height-default elementor-section-height-default\" data-id=\"d9a853a\" data-element_type=\"section\" data-e-type=\"section\">\n\t\t\t\t\t\t<div class=\"elementor-container elementor-column-gap-default\">\n\t\t\t\t\t<div class=\"elementor-column elementor-col-100 elementor-top-column elementor-element elementor-element-68d9c5a page_contain\" data-id=\"68d9c5a\" data-element_type=\"column\" data-e-type=\"column\" data-settings=\"{&quot;background_background&quot;:&quot;classic&quot;}\">\n\t\t\t<div class=\"elementor-widget-wrap elementor-element-populated\">\n\t\t\t\t\t\t<div class=\"elementor-element elementor-element-50f1f9b elementor-widget elementor-widget-image\" data-id=\"50f1f9b\" data-element_type=\"widget\" data-e-type=\"widget\" data-widget_type=\"image.default\">\n\t\t\t\t<div class=\"elementor-widget-container\">\n\t\t\t\t\t\t\t\t\t\t\t\t<figure class=\"wp-caption\">\n\t\t\t\t\t\t\t\t\t\t<img fetchpriority=\"high\" decoding=\"async\" width=\"1366\" height=\"768\" src=\"https:\/\/kiosque.acadienouvelle.com\/planification-urgences-desastres-2026\/wp-content\/uploads\/sites\/392\/2026\/04\/4-se_perdre_dans_la_foret_landing.jpg\" class=\"attachment-full size-full wp-image-7866\" alt=\"\" srcset=\"https:\/\/kiosque.acadienouvelle.com\/planification-urgences-desastres-2026\/wp-content\/uploads\/sites\/392\/2026\/04\/4-se_perdre_dans_la_foret_landing.jpg 1366w, https:\/\/kiosque.acadienouvelle.com\/planification-urgences-desastres-2026\/wp-content\/uploads\/sites\/392\/2026\/04\/4-se_perdre_dans_la_foret_landing-300x169.jpg 300w, https:\/\/kiosque.acadienouvelle.com\/planification-urgences-desastres-2026\/wp-content\/uploads\/sites\/392\/2026\/04\/4-se_perdre_dans_la_foret_landing-1024x576.jpg 1024w, https:\/\/kiosque.acadienouvelle.com\/planification-urgences-desastres-2026\/wp-content\/uploads\/sites\/392\/2026\/04\/4-se_perdre_dans_la_foret_landing-768x432.jpg 768w\" sizes=\"(max-width: 1366px) 100vw, 1366px\" \/>\t\t\t\t\t\t\t\t\t\t\t<figcaption class=\"widget-image-caption wp-caption-text\"><\/figcaption>\n\t\t\t\t\t\t\t\t\t\t<\/figure>\n\t\t\t\t\t\t\t\t\t<\/div>\n\t\t\t\t<\/div>\n\t\t<link rel=\"stylesheet\" href=\"https:\/\/use.fontawesome.com\/releases\/v5.5.0\/css\/all.css\" integrity=\"sha384-B4dIYHKNBt8Bc12p+WXckhzcICo0wtJAoU8YZTY5qE0Id1GSseTk6S+L3BlXeVIU\" crossorigin=\"anonymous\">\r\n\t\t<div class=\"elementor-element elementor-element-d0a0a3b mobile_pera elementor-widget elementor-widget-text-editor\" data-id=\"d0a0a3b\" data-element_type=\"widget\" data-e-type=\"widget\" data-widget_type=\"text-editor.default\">\n\t\t\t\t<div class=\"elementor-widget-container\">\n\t\t\t\t\t\t\t\t\t<p>Si vous r\u00e9alisez que vous \u00eates perdu en for\u00eat, la r\u00e8gle d\u2019or est de s\u2019arr\u00eater imm\u00e9diatement. Continuer \u00e0 marcher sans but aggrave souvent la situation en vous \u00e9loignant des zones de recherche et en \u00e9puisant vos ressources.<\/p>\t\t\t\t\t\t\t\t<\/div>\n\t\t\t\t<\/div>\n\t\t\t\t<div class=\"elementor-element elementor-element-74263c8 mobile_pera elementor-widget elementor-widget-text-editor\" data-id=\"74263c8\" data-element_type=\"widget\" data-e-type=\"widget\" data-widget_type=\"text-editor.default\">\n\t\t\t\t<div class=\"elementor-widget-container\">\n\t\t\t\t\t\t\t\t\t<ul>\n<li><b>S\u00e9curisez le t\u00e9l\u00e9phone :<\/b> Appelez le 112 ou le 911.<\/li>\n<li><b>Soyez visible :<\/b> Portez des v\u00eatements de couleur vive, agitez un v\u00eatement ou allumez un feu pour cr\u00e9er de la fum\u00e9e.<\/li>\n<\/ul>\t\t\t\t\t\t\t\t<\/div>\n\t\t\t\t<\/div>\n\t\t\t\t<div class=\"elementor-element elementor-element-781fa2a elementor-widget elementor-widget-advertisement\" data-id=\"781fa2a\" data-element_type=\"widget\" data-e-type=\"widget\" data-widget_type=\"advertisement.default\">\n\t\t\t\t<div class=\"elementor-widget-container\">\n\t\t\t\t\t<div class=\"ads-align-center\"><div data-m32-ad data-options='{\"sizes\":\"[[300,250]]\",\"dfpId\":\"21658289790,27729547\",\"dfpAdUnitPath\":\"acadienouvelle\/cahiers_quarterpage_300x250\"}'><\/div><\/div>\t\t\t\t<\/div>\n\t\t\t\t<\/div>\n\t\t\t\t<div class=\"elementor-element elementor-element-0b6ad93 mobile_pera elementor-widget elementor-widget-text-editor\" data-id=\"0b6ad93\" data-element_type=\"widget\" data-e-type=\"widget\" data-widget_type=\"text-editor.default\">\n\t\t\t\t<div class=\"elementor-widget-container\">\n\t\t\t\t\t\t\t\t\t<p><b>Survie de base :<\/b><\/p>\t\t\t\t\t\t\t\t<\/div>\n\t\t\t\t<\/div>\n\t\t\t\t<div class=\"elementor-element elementor-element-d2e6fbc mobile_pera elementor-widget elementor-widget-text-editor\" data-id=\"d2e6fbc\" data-element_type=\"widget\" data-e-type=\"widget\" data-widget_type=\"text-editor.default\">\n\t\t\t\t<div class=\"elementor-widget-container\">\n\t\t\t\t\t\t\t\t\t<ul><li><b>Abri :<\/b> Prot\u00e9gez-vous du froid et de l\u2019humidit\u00e9 avec des branches ou une b\u00e2che.<\/li><li><b>Eau :<\/b> \u00c9vitez l\u2019eau stagnante. Buvez seulement si vous \u00eates s\u00fbr de la source (rivi\u00e8re), apr\u00e8s l\u2019avoir filtr\u00e9e.<\/li><li><b>Orientation :<\/b> Si vous devez bouger, suivez une rivi\u00e8re vers l\u2019aval (vers le bas) pour trouver une habitation.<\/li><li><b>Marquez votre chemin :<\/b> Laissez des traces au sol ou sur les arbres pour aider les secours.<\/li><\/ul>\t\t\t\t\t\t\t\t<\/div>\n\t\t\t\t<\/div>\n\t\t\t\t<div class=\"elementor-element elementor-element-eca5c3a mobile_pera elementor-widget elementor-widget-text-editor\" data-id=\"eca5c3a\" data-element_type=\"widget\" data-e-type=\"widget\" data-widget_type=\"text-editor.default\">\n\t\t\t\t<div class=\"elementor-widget-container\">\n\t\t\t\t\t\t\t\t\t<p><i>Statistiquement, les personnes \u00e9gar\u00e9es sont retrouv\u00e9es rapidement, ne pas paniquer est le facteur cl\u00e9.<\/i><\/p>\t\t\t\t\t\t\t\t<\/div>\n\t\t\t\t<\/div>\n\t\t\t\t<div class=\"elementor-element elementor-element-b8d7bab mobile_pera elementor-widget elementor-widget-text-editor\" data-id=\"b8d7bab\" data-element_type=\"widget\" data-e-type=\"widget\" data-widget_type=\"text-editor.default\">\n\t\t\t\t<div class=\"elementor-widget-container\">\n\t\t\t\t\t\t\t\t\t<p><b>Reprenez votre souffle :\u00a0<\/b><b style=\"font-style: inherit;\">La panique m\u00e8ne \u00e0 des d\u00e9cisions dangereuses.<\/b><\/p>\t\t\t\t\t\t\t\t<\/div>\n\t\t\t\t<\/div>\n\t\t\t\t<div class=\"elementor-element elementor-element-863f160 mobile_pera elementor-widget elementor-widget-text-editor\" data-id=\"863f160\" data-element_type=\"widget\" data-e-type=\"widget\" data-widget_type=\"text-editor.default\">\n\t\t\t\t<div class=\"elementor-widget-container\">\n\t\t\t\t\t\t\t\t\t<ul><li><b>Faites l\u2019inventaire :<\/b> V\u00e9rifiez vos poches et votre sac (eau, nourriture, briquet, sifflet, t\u00e9l\u00e9phone, couverture de survie).<\/li><li><b>V\u00e9rifiez la technologie :<\/b> M\u00eame sans r\u00e9seau, un GPS peut parfois fonctionner. Si vous avez du r\u00e9seau, contactez les services d\u2019urgence.<\/li><li><b>Cherchez des rep\u00e8res :<\/b> Tentez de rep\u00e9rer un sommet, une ligne \u00e9lectrique ou un cours d\u2019eau.<\/li><\/ul>\t\t\t\t\t\t\t\t<\/div>\n\t\t\t\t<\/div>\n\t\t\t\t<div class=\"elementor-element elementor-element-91108f7 mobile_pera elementor-widget elementor-widget-text-editor\" data-id=\"91108f7\" data-element_type=\"widget\" data-e-type=\"widget\" data-widget_type=\"text-editor.default\">\n\t\t\t\t<div class=\"elementor-widget-container\">\n\t\t\t\t\t\t\t\t\t<p><b>Agir pour la nuit et les secours<\/b><\/p>\t\t\t\t\t\t\t\t<\/div>\n\t\t\t\t<\/div>\n\t\t\t\t<div class=\"elementor-element elementor-element-8bb07ad mobile_pera elementor-widget elementor-widget-text-editor\" data-id=\"8bb07ad\" data-element_type=\"widget\" data-e-type=\"widget\" data-widget_type=\"text-editor.default\">\n\t\t\t\t<div class=\"elementor-widget-container\">\n\t\t\t\t\t\t\t\t\t<ul><li><b>Restez visible :<\/b> D\u00e9placez-vous vers une zone d\u00e9gag\u00e9e (clairi\u00e8re) et cr\u00e9ez des signaux visuels (un grand \u00ab SOS \u00bb au sol avec des branches ou des pierres).<\/li><li><b>Pr\u00e9parez un abri :<\/b> Si la nuit approche, construisez un abri (tipi de branches, trou pr\u00e8s d\u2019un arbre) et isolez-vous bien du sol avec des feuilles s\u00e8ches.<\/li><li><b>Faites un feu :<\/b> Il sert \u00e0 vous r\u00e9chauffer, \u00e0 purifier l\u2019eau et \u00e0 signaler votre position gr\u00e2ce \u00e0 la fum\u00e9e.<\/li><li><b>Hydratation :<\/b> Cherchez une source d\u2019eau vive (ruisseau). \u00c9vitez de manger des plantes ou champignons inconnus.<\/li><\/ul>\t\t\t\t\t\t\t\t<\/div>\n\t\t\t\t<\/div>\n\t\t\t\t<div class=\"elementor-element elementor-element-166374c box_pera elementor-widget elementor-widget-text-editor\" data-id=\"166374c\" data-element_type=\"widget\" data-e-type=\"widget\" data-widget_type=\"text-editor.default\">\n\t\t\t\t<div class=\"elementor-widget-container\">\n\t\t\t\t\t\t\t\t\t<h1>Que faire si vous recevez un&nbsp;<span style=\"font-style: inherit;\">ordre d\u2019\u00e9vacuation\u2009?<\/span><b style=\"font-style: inherit;\">&nbsp;<\/b><\/h1>\n<p><\/p>\n<ul>\n<li>\u00c9teindre tous les appareils non n\u00e9cessaires tels que les climatiseurs et les spas.<\/li><li>D\u00e9brancher l\u2019\u00e9quipement et les appareils \u00e9lectrom\u00e9nagers sensibles tels que les t\u00e9l\u00e9viseurs et les ordinateurs.<\/li><li>Retirez les aliments du r\u00e9frig\u00e9rateur et laisser la porte ouverte avant d\u2019\u00e9vacuer, mais seulement s\u2019il y a assez de temps pour le faire.<\/li><li>\u00c9teindre toutes les lumi\u00e8res sauf une lumi\u00e8re ext\u00e9rieure, ce qui indiquera aux \u00e9quipes d\u2019\u00c9nergie NB qu\u2019il y a du courant \u00e0 la r\u00e9sidence.<\/li>\n<\/ul>\t\t\t\t\t\t\t\t<\/div>\n\t\t\t\t<\/div>\n\t\t\t\t\t<\/div>\n\t\t<\/div>\n\t\t\t\t\t<\/div>\n\t\t<\/section>\n\t\t\t\t<\/div>\n\t\t","protected":false},"excerpt":{"rendered":"<p>Se perdre dans la for\u00eat\u2026 surtout, ne paniquez pas! Si vous r\u00e9alisez que vous \u00eates perdu en for\u00eat, la r\u00e8gle d\u2019or est de s\u2019arr\u00eater imm\u00e9diatement. Continuer \u00e0 marcher sans but aggrave souvent la situation en vous \u00e9loignant des zones de recherche et en \u00e9puisant vos ressources. S\u00e9curisez le t\u00e9l\u00e9phone : Appelez le 112 ou le [&hellip;]<\/p>\n","protected":false},"author":7,"featured_media":0,"parent":0,"menu_order":4,"comment_status":"closed","ping_status":"closed","template":"","meta":{"site-sidebar-layout":"no-sidebar","site-content-layout":"page-builder","ast-site-content-layout":"default","site-content-style":"default","site-sidebar-style":"default","ast-global-header-display":"","ast-banner-title-visibility":"","ast-main-header-display":"","ast-hfb-above-header-display":"","ast-hfb-below-header-display":"","ast-hfb-mobile-header-display":"","site-post-title":"disabled","ast-breadcrumbs-content":"","ast-featured-img":"disabled","footer-sml-layout":"","ast-disable-related-posts":"","theme-transparent-header-meta":"default","adv-header-id-meta":"","stick-header-meta":"","header-above-stick-meta":"","header-main-stick-meta":"","header-below-stick-meta":"","astra-migrate-meta-layouts":"default","ast-page-background-enabled":"default","ast-page-background-meta":{"desktop":{"background-color":"var(--ast-global-color-4)","background-image":"","background-repeat":"repeat","background-position":"center center","background-size":"auto","background-attachment":"scroll","background-type":"","background-media":"","overlay-type":"","overlay-color":"","overlay-opacity":"","overlay-gradient":""},"tablet":{"background-color":"","background-image":"","background-repeat":"repeat","background-position":"center center","background-size":"auto","background-attachment":"scroll","background-type":"","background-media":"","overlay-type":"","overlay-color":"","overlay-opacity":"","overlay-gradient":""},"mobile":{"background-color":"","background-image":"","background-repeat":"repeat","background-position":"center center","background-size":"auto","background-attachment":"scroll","background-type":"","background-media":"","overlay-type":"","overlay-color":"","overlay-opacity":"","overlay-gradient":""}},"ast-content-background-meta":{"desktop":{"background-color":"var(--ast-global-color-5)","background-image":"","background-repeat":"repeat","background-position":"center center","background-size":"auto","background-attachment":"scroll","background-type":"","background-media":"","overlay-type":"","overlay-color":"","overlay-opacity":"","overlay-gradient":""},"tablet":{"background-color":"var(--ast-global-color-5)","background-image":"","background-repeat":"repeat","background-position":"center center","background-size":"auto","background-attachment":"scroll","background-type":"","background-media":"","overlay-type":"","overlay-color":"","overlay-opacity":"","overlay-gradient":""},"mobile":{"background-color":"var(--ast-global-color-5)","background-image":"","background-repeat":"repeat","background-position":"center center","background-size":"auto","background-attachment":"scroll","background-type":"","background-media":"","overlay-type":"","overlay-color":"","overlay-opacity":"","overlay-gradient":""}},"footnotes":""},"page-categories":[],"class_list":["post-7861","page","type-page","status-publish","hentry"],"_links":{"self":[{"href":"https:\/\/kiosque.acadienouvelle.com\/planification-urgences-desastres-2026\/wp-json\/wp\/v2\/pages\/7861","targetHints":{"allow":["GET"]}}],"collection":[{"href":"https:\/\/kiosque.acadienouvelle.com\/planification-urgences-desastres-2026\/wp-json\/wp\/v2\/pages"}],"about":[{"href":"https:\/\/kiosque.acadienouvelle.com\/planification-urgences-desastres-2026\/wp-json\/wp\/v2\/types\/page"}],"author":[{"embeddable":true,"href":"https:\/\/kiosque.acadienouvelle.com\/planification-urgences-desastres-2026\/wp-json\/wp\/v2\/users\/7"}],"replies":[{"embeddable":true,"href":"https:\/\/kiosque.acadienouvelle.com\/planification-urgences-desastres-2026\/wp-json\/wp\/v2\/comments?post=7861"}],"version-history":[{"count":22,"href":"https:\/\/kiosque.acadienouvelle.com\/planification-urgences-desastres-2026\/wp-json\/wp\/v2\/pages\/7861\/revisions"}],"predecessor-version":[{"id":8021,"href":"https:\/\/kiosque.acadienouvelle.com\/planification-urgences-desastres-2026\/wp-json\/wp\/v2\/pages\/7861\/revisions\/8021"}],"wp:attachment":[{"href":"https:\/\/kiosque.acadienouvelle.com\/planification-urgences-desastres-2026\/wp-json\/wp\/v2\/media?parent=7861"}],"wp:term":[{"taxonomy":"page-categories","embeddable":true,"href":"https:\/\/kiosque.acadienouvelle.com\/planification-urgences-desastres-2026\/wp-json\/wp\/v2\/page-categories?post=7861"}],"curies":[{"name":"wp","href":"https:\/\/api.w.org\/{rel}","templated":true}]}}