{"id":7935,"date":"2026-04-06T18:44:35","date_gmt":"2026-04-06T18:44:35","guid":{"rendered":"https:\/\/kiosque.acadienouvelle.com\/planification-urgences-desastres-2026\/six-faons-de-prvenir-les-incendies-la-maison\/"},"modified":"2026-04-07T12:43:38","modified_gmt":"2026-04-07T12:43:38","slug":"six-faons-de-prvenir-les-incendies-la-maison","status":"publish","type":"page","link":"https:\/\/kiosque.acadienouvelle.com\/planification-urgences-desastres-2026\/six-faons-de-prvenir-les-incendies-la-maison\/","title":{"rendered":"Six fa\u00e7ons de pr\u00e9venir les incendies \u00e0 la maison"},"content":{"rendered":"\t\t<div data-elementor-type=\"wp-page\" data-elementor-id=\"7935\" class=\"elementor elementor-7935\" data-elementor-post-type=\"page\">\n\t\t\t\t\t\t<section class=\"elementor-section elementor-top-section elementor-element elementor-element-50c1b6e elementor-section-height-min-height header_title banner_img elementor-section-boxed elementor-section-height-default elementor-section-items-middle\" data-id=\"50c1b6e\" data-element_type=\"section\" data-e-type=\"section\" data-settings=\"{&quot;background_background&quot;:&quot;classic&quot;}\">\n\t\t\t\t\t\t\t<div class=\"elementor-background-overlay\"><\/div>\n\t\t\t\t\t\t\t<div class=\"elementor-container elementor-column-gap-default\">\n\t\t\t\t\t<div class=\"elementor-column elementor-col-100 elementor-top-column elementor-element elementor-element-3a2d241\" data-id=\"3a2d241\" data-element_type=\"column\" data-e-type=\"column\">\n\t\t\t<div class=\"elementor-widget-wrap elementor-element-populated\">\n\t\t\t\t\t\t<div class=\"elementor-element elementor-element-9673cd2 elementor-widget elementor-widget-heading\" data-id=\"9673cd2\" data-element_type=\"widget\" data-e-type=\"widget\" data-widget_type=\"heading.default\">\n\t\t\t\t<div class=\"elementor-widget-container\">\n\t\t\t\t\t<h2 class=\"elementor-heading-title elementor-size-default\">Six fa\u00e7ons de pr\u00e9venir les incendies \u00e0 la maison<\/h2>\t\t\t\t<\/div>\n\t\t\t\t<\/div>\n\t\t\t\t\t<\/div>\n\t\t<\/div>\n\t\t\t\t\t<\/div>\n\t\t<\/section>\n\t\t\t\t<section class=\"elementor-section elementor-top-section elementor-element elementor-element-d9a853a elementor-section-boxed elementor-section-height-default elementor-section-height-default\" data-id=\"d9a853a\" data-element_type=\"section\" data-e-type=\"section\">\n\t\t\t\t\t\t<div class=\"elementor-container elementor-column-gap-default\">\n\t\t\t\t\t<div class=\"elementor-column elementor-col-100 elementor-top-column elementor-element elementor-element-68d9c5a page_contain\" data-id=\"68d9c5a\" data-element_type=\"column\" data-e-type=\"column\" data-settings=\"{&quot;background_background&quot;:&quot;classic&quot;}\">\n\t\t\t<div class=\"elementor-widget-wrap elementor-element-populated\">\n\t\t\t\t\t\t<div class=\"elementor-element elementor-element-50f1f9b elementor-widget elementor-widget-image\" data-id=\"50f1f9b\" data-element_type=\"widget\" data-e-type=\"widget\" data-widget_type=\"image.default\">\n\t\t\t\t<div class=\"elementor-widget-container\">\n\t\t\t\t\t\t\t\t\t\t\t\t<figure class=\"wp-caption\">\n\t\t\t\t\t\t\t\t\t\t<img fetchpriority=\"high\" decoding=\"async\" width=\"1366\" height=\"768\" src=\"https:\/\/kiosque.acadienouvelle.com\/planification-urgences-desastres-2026\/wp-content\/uploads\/sites\/392\/2026\/04\/7_Six_facons_de_prevenir_landing.jpg\" class=\"attachment-full size-full wp-image-7937\" alt=\"\" srcset=\"https:\/\/kiosque.acadienouvelle.com\/planification-urgences-desastres-2026\/wp-content\/uploads\/sites\/392\/2026\/04\/7_Six_facons_de_prevenir_landing.jpg 1366w, https:\/\/kiosque.acadienouvelle.com\/planification-urgences-desastres-2026\/wp-content\/uploads\/sites\/392\/2026\/04\/7_Six_facons_de_prevenir_landing-300x169.jpg 300w, https:\/\/kiosque.acadienouvelle.com\/planification-urgences-desastres-2026\/wp-content\/uploads\/sites\/392\/2026\/04\/7_Six_facons_de_prevenir_landing-1024x576.jpg 1024w, https:\/\/kiosque.acadienouvelle.com\/planification-urgences-desastres-2026\/wp-content\/uploads\/sites\/392\/2026\/04\/7_Six_facons_de_prevenir_landing-768x432.jpg 768w\" sizes=\"(max-width: 1366px) 100vw, 1366px\" \/>\t\t\t\t\t\t\t\t\t\t\t<figcaption class=\"widget-image-caption wp-caption-text\"><\/figcaption>\n\t\t\t\t\t\t\t\t\t\t<\/figure>\n\t\t\t\t\t\t\t\t\t<\/div>\n\t\t\t\t<\/div>\n\t\t<link rel=\"stylesheet\" href=\"https:\/\/use.fontawesome.com\/releases\/v5.5.0\/css\/all.css\" integrity=\"sha384-B4dIYHKNBt8Bc12p+WXckhzcICo0wtJAoU8YZTY5qE0Id1GSseTk6S+L3BlXeVIU\" crossorigin=\"anonymous\">\r\n\t\t<div class=\"elementor-element elementor-element-247cf56 elementor-widget elementor-widget-advertisement\" data-id=\"247cf56\" data-element_type=\"widget\" data-e-type=\"widget\" data-widget_type=\"advertisement.default\">\n\t\t\t\t<div class=\"elementor-widget-container\">\n\t\t\t\t\t<div class=\"ads-align-center\"><div data-m32-ad data-options='{\"sizes\":\"[[300,250]]\",\"dfpId\":\"21658289790,27729547\",\"dfpAdUnitPath\":\"acadienouvelle\/cahiers_quarterpage_300x250\"}'><\/div><\/div>\t\t\t\t<\/div>\n\t\t\t\t<\/div>\n\t\t\t\t<div class=\"elementor-element elementor-element-0b6ad93 mobile_pera elementor-widget elementor-widget-text-editor\" data-id=\"0b6ad93\" data-element_type=\"widget\" data-e-type=\"widget\" data-widget_type=\"text-editor.default\">\n\t\t\t\t<div class=\"elementor-widget-container\">\n\t\t\t\t\t\t\t\t\t<p><b>1. Faites preuve de vigilance dans la cuisine<\/b><\/p>\t\t\t\t\t\t\t\t<\/div>\n\t\t\t\t<\/div>\n\t\t\t\t<div class=\"elementor-element elementor-element-74263c8 mobile_pera elementor-widget elementor-widget-text-editor\" data-id=\"74263c8\" data-element_type=\"widget\" data-e-type=\"widget\" data-widget_type=\"text-editor.default\">\n\t\t\t\t<div class=\"elementor-widget-container\">\n\t\t\t\t\t\t\t\t\t<p>Plus d\u2019un incendie sur quatre d\u00e9bute dans la cuisine, ce qui en fait la pi\u00e8ce la plus \u00e0 risque. \u00c9loignez tous les objets inflammables comme les linges \u00e0 vaisselle, les mitaines \u00e0 four, les huiles de cuisson et les rouleaux de papier essuie-tout des sources de chaleur. Ne laissez jamais vos plats sans surveillance; fermez les ronds si vous devez quitter la cuisine.<\/p>\t\t\t\t\t\t\t\t<\/div>\n\t\t\t\t<\/div>\n\t\t\t\t<div class=\"elementor-element elementor-element-9a2b233 mobile_pera elementor-widget elementor-widget-text-editor\" data-id=\"9a2b233\" data-element_type=\"widget\" data-e-type=\"widget\" data-widget_type=\"text-editor.default\">\n\t\t\t\t<div class=\"elementor-widget-container\">\n\t\t\t\t\t\t\t\t\t<p><b>2. Nettoyez votre four et vos ronds en spirales<\/b><\/p>\t\t\t\t\t\t\t\t<\/div>\n\t\t\t\t<\/div>\n\t\t\t\t<div class=\"elementor-element elementor-element-aae4008 mobile_pera elementor-widget elementor-widget-text-editor\" data-id=\"aae4008\" data-element_type=\"widget\" data-e-type=\"widget\" data-widget_type=\"text-editor.default\">\n\t\t\t\t<div class=\"elementor-widget-container\">\n\t\t\t\t\t\t\t\t\t<p>Les recettes qui d\u00e9bordent et les d\u00e9bris d\u2019aliments s\u2019accumulent au fond du four et sous les ronds en spirales, o\u00f9 ils peuvent prendre feu. Nettoyez r\u00e9guli\u00e8rement votre four (s\u2019il est \u00e9quip\u00e9 de la fonction \u00ab autonettoyant \u00bb, utilisez-la) et installez des prot\u00e8ge-ronds de cuisini\u00e8re pour en faciliter l\u2019entretien.<\/p>\t\t\t\t\t\t\t\t<\/div>\n\t\t\t\t<\/div>\n\t\t\t\t<div class=\"elementor-element elementor-element-d740a7e mobile_pera elementor-widget elementor-widget-text-editor\" data-id=\"d740a7e\" data-element_type=\"widget\" data-e-type=\"widget\" data-widget_type=\"text-editor.default\">\n\t\t\t\t<div class=\"elementor-widget-container\">\n\t\t\t\t\t\t\t\t\t<p><b>3. Nettoyez le filtre de votre s\u00e9cheuse<\/b><\/p>\t\t\t\t\t\t\t\t<\/div>\n\t\t\t\t<\/div>\n\t\t\t\t<div class=\"elementor-element elementor-element-60d19e4 mobile_pera elementor-widget elementor-widget-text-editor\" data-id=\"60d19e4\" data-element_type=\"widget\" data-e-type=\"widget\" data-widget_type=\"text-editor.default\">\n\t\t\t\t<div class=\"elementor-widget-container\">\n\t\t\t\t\t\t\t\t\t<p>Le filtre \u00e0 charpie de votre s\u00e9cheuse emprisonne les\u00a0<span style=\"font-style: inherit; font-weight: inherit;\">\u00ab peluches \u00bb qui se d\u00e9tachent des v\u00eatements. Lorsque cette pi\u00e8ce est obstru\u00e9e, votre s\u00e9cheuse fonctionne avec moins d\u2019efficacit\u00e9 et l\u2019air circule moins bien. Si trop de peluches s\u2019accumulent, elles pourraient s\u2019infiltrer jusqu\u2019\u00e0 l\u2019\u00e9l\u00e9ment chauffant de l\u2019appareil et prendre feu. Soyez prudent et nettoyez ce filtre avant chaque utilisation.<\/span><\/p>\t\t\t\t\t\t\t\t<\/div>\n\t\t\t\t<\/div>\n\t\t\t\t<div class=\"elementor-element elementor-element-009df38 mobile_pera elementor-widget elementor-widget-text-editor\" data-id=\"009df38\" data-element_type=\"widget\" data-e-type=\"widget\" data-widget_type=\"text-editor.default\">\n\t\t\t\t<div class=\"elementor-widget-container\">\n\t\t\t\t\t\t\t\t\t<p><b>4. Installez suffisamment d\u2019avertisseurs de fum\u00e9e<\/b><\/p>\t\t\t\t\t\t\t\t<\/div>\n\t\t\t\t<\/div>\n\t\t\t\t<div class=\"elementor-element elementor-element-afb8780 mobile_pera elementor-widget elementor-widget-text-editor\" data-id=\"afb8780\" data-element_type=\"widget\" data-e-type=\"widget\" data-widget_type=\"text-editor.default\">\n\t\t\t\t<div class=\"elementor-widget-container\">\n\t\t\t\t\t\t\t\t\t<p>V\u00e9rifiez le bon fonctionnement de vos appareils chaque mois en appuyant sur le bouton jusqu\u2019\u00e0 entendre un \u00ab bip \u00bb. Remplacez les piles avec chaque changement d\u2019heure (au printemps et \u00e0 l\u2019automne) ou optez pour des mod\u00e8les avec piles au lithium, d\u2019une dur\u00e9e de 10 ans.<\/p>\t\t\t\t\t\t\t\t<\/div>\n\t\t\t\t<\/div>\n\t\t\t\t<div class=\"elementor-element elementor-element-85fb44c mobile_pera elementor-widget elementor-widget-text-editor\" data-id=\"85fb44c\" data-element_type=\"widget\" data-e-type=\"widget\" data-widget_type=\"text-editor.default\">\n\t\t\t\t<div class=\"elementor-widget-container\">\n\t\t\t\t\t\t\t\t\t<p><b>5. Ayez un extincteur portatif<\/b><\/p>\t\t\t\t\t\t\t\t<\/div>\n\t\t\t\t<\/div>\n\t\t\t\t<div class=\"elementor-element elementor-element-af151c4 mobile_pera elementor-widget elementor-widget-text-editor\" data-id=\"af151c4\" data-element_type=\"widget\" data-e-type=\"widget\" data-widget_type=\"text-editor.default\">\n\t\t\t\t<div class=\"elementor-widget-container\">\n\t\t\t\t\t\t\t\t\t<p>Un extincteur d\u2019incendie vous permet d\u2019\u00e9tendre un feu naissant, avant que celui-ci ne prenne de l\u2019ampleur. Optez pour un mod\u00e8le avec la mention \u00ab ABC \u00bb, dont la poudre peut servir \u00e0 \u00e9teindre des feux caus\u00e9s par des mati\u00e8res combustibles s\u00e8ches, des liquides inflammables et un appareil \u00e9lectrique sous tension. Installez l\u2019extincteur \u00e0 un endroit visible et accessible, pr\u00e8s d\u2019une sortie, hors de port\u00e9e des enfants.<\/p>\t\t\t\t\t\t\t\t<\/div>\n\t\t\t\t<\/div>\n\t\t\t\t<div class=\"elementor-element elementor-element-fd7cfe0 mobile_pera elementor-widget elementor-widget-text-editor\" data-id=\"fd7cfe0\" data-element_type=\"widget\" data-e-type=\"widget\" data-widget_type=\"text-editor.default\">\n\t\t\t\t<div class=\"elementor-widget-container\">\n\t\t\t\t\t\t\t\t\t<p><b>6. Si vous fumez, soyez prudent<\/b><\/p>\t\t\t\t\t\t\t\t<\/div>\n\t\t\t\t<\/div>\n\t\t\t\t<div class=\"elementor-element elementor-element-52e15ad mobile_pera elementor-widget elementor-widget-text-editor\" data-id=\"52e15ad\" data-element_type=\"widget\" data-e-type=\"widget\" data-widget_type=\"text-editor.default\">\n\t\t\t\t<div class=\"elementor-widget-container\">\n\t\t\t\t\t\t\t\t\t<p>R\u00e9duisez les risques en ne fumant jamais l\u00e0 o\u00f9 vous pourriez vous endormir et en rangeant vos articles hors de port\u00e9e des enfants. Assurez-vous de vider vos cendriers dans un contenant m\u00e9tallique jusqu\u2019\u00e0 ce que les cendres refroidissent, et non directement dans une poubelle. Ne jetez jamais vos m\u00e9gots dans un jardin, des platebandes, du paillis ou du terreau, qui peuvent devenir hautement inflammables par temps sec.<\/p>\t\t\t\t\t\t\t\t<\/div>\n\t\t\t\t<\/div>\n\t\t\t\t<div class=\"elementor-element elementor-element-7fe35b6 mobile_pera elementor-widget elementor-widget-text-editor\" data-id=\"7fe35b6\" data-element_type=\"widget\" data-e-type=\"widget\" data-widget_type=\"text-editor.default\">\n\t\t\t\t<div class=\"elementor-widget-container\">\n\t\t\t\t\t\t\t\t\t<p><img decoding=\"async\" class=\"size-full wp-image-7946 aligncenter\" src=\"https:\/\/kiosque.acadienouvelle.com\/planification-urgences-desastres-2026\/wp-content\/uploads\/sites\/392\/2026\/04\/7_Six_facons_de_prevenir_photo.jpg\" alt=\"\" width=\"1366\" height=\"768\" srcset=\"https:\/\/kiosque.acadienouvelle.com\/planification-urgences-desastres-2026\/wp-content\/uploads\/sites\/392\/2026\/04\/7_Six_facons_de_prevenir_photo.jpg 1366w, https:\/\/kiosque.acadienouvelle.com\/planification-urgences-desastres-2026\/wp-content\/uploads\/sites\/392\/2026\/04\/7_Six_facons_de_prevenir_photo-300x169.jpg 300w, https:\/\/kiosque.acadienouvelle.com\/planification-urgences-desastres-2026\/wp-content\/uploads\/sites\/392\/2026\/04\/7_Six_facons_de_prevenir_photo-1024x576.jpg 1024w, https:\/\/kiosque.acadienouvelle.com\/planification-urgences-desastres-2026\/wp-content\/uploads\/sites\/392\/2026\/04\/7_Six_facons_de_prevenir_photo-768x432.jpg 768w\" sizes=\"(max-width: 1366px) 100vw, 1366px\" \/><\/p>\t\t\t\t\t\t\t\t<\/div>\n\t\t\t\t<\/div>\n\t\t\t\t\t<\/div>\n\t\t<\/div>\n\t\t\t\t\t<\/div>\n\t\t<\/section>\n\t\t\t\t<\/div>\n\t\t","protected":false},"excerpt":{"rendered":"<p>Six fa\u00e7ons de pr\u00e9venir les incendies \u00e0 la maison 1. Faites preuve de vigilance dans la cuisine Plus d\u2019un incendie sur quatre d\u00e9bute dans la cuisine, ce qui en fait la pi\u00e8ce la plus \u00e0 risque. \u00c9loignez tous les objets inflammables comme les linges \u00e0 vaisselle, les mitaines \u00e0 four, les huiles de cuisson et [&hellip;]<\/p>\n","protected":false},"author":7,"featured_media":0,"parent":0,"menu_order":7,"comment_status":"closed","ping_status":"closed","template":"","meta":{"site-sidebar-layout":"no-sidebar","site-content-layout":"page-builder","ast-site-content-layout":"default","site-content-style":"default","site-sidebar-style":"default","ast-global-header-display":"","ast-banner-title-visibility":"","ast-main-header-display":"","ast-hfb-above-header-display":"","ast-hfb-below-header-display":"","ast-hfb-mobile-header-display":"","site-post-title":"disabled","ast-breadcrumbs-content":"","ast-featured-img":"disabled","footer-sml-layout":"","ast-disable-related-posts":"","theme-transparent-header-meta":"default","adv-header-id-meta":"","stick-header-meta":"","header-above-stick-meta":"","header-main-stick-meta":"","header-below-stick-meta":"","astra-migrate-meta-layouts":"default","ast-page-background-enabled":"default","ast-page-background-meta":{"desktop":{"background-color":"var(--ast-global-color-4)","background-image":"","background-repeat":"repeat","background-position":"center center","background-size":"auto","background-attachment":"scroll","background-type":"","background-media":"","overlay-type":"","overlay-color":"","overlay-opacity":"","overlay-gradient":""},"tablet":{"background-color":"","background-image":"","background-repeat":"repeat","background-position":"center center","background-size":"auto","background-attachment":"scroll","background-type":"","background-media":"","overlay-type":"","overlay-color":"","overlay-opacity":"","overlay-gradient":""},"mobile":{"background-color":"","background-image":"","background-repeat":"repeat","background-position":"center center","background-size":"auto","background-attachment":"scroll","background-type":"","background-media":"","overlay-type":"","overlay-color":"","overlay-opacity":"","overlay-gradient":""}},"ast-content-background-meta":{"desktop":{"background-color":"var(--ast-global-color-5)","background-image":"","background-repeat":"repeat","background-position":"center center","background-size":"auto","background-attachment":"scroll","background-type":"","background-media":"","overlay-type":"","overlay-color":"","overlay-opacity":"","overlay-gradient":""},"tablet":{"background-color":"var(--ast-global-color-5)","background-image":"","background-repeat":"repeat","background-position":"center center","background-size":"auto","background-attachment":"scroll","background-type":"","background-media":"","overlay-type":"","overlay-color":"","overlay-opacity":"","overlay-gradient":""},"mobile":{"background-color":"var(--ast-global-color-5)","background-image":"","background-repeat":"repeat","background-position":"center center","background-size":"auto","background-attachment":"scroll","background-type":"","background-media":"","overlay-type":"","overlay-color":"","overlay-opacity":"","overlay-gradient":""}},"footnotes":""},"page-categories":[],"class_list":["post-7935","page","type-page","status-publish","hentry"],"_links":{"self":[{"href":"https:\/\/kiosque.acadienouvelle.com\/planification-urgences-desastres-2026\/wp-json\/wp\/v2\/pages\/7935","targetHints":{"allow":["GET"]}}],"collection":[{"href":"https:\/\/kiosque.acadienouvelle.com\/planification-urgences-desastres-2026\/wp-json\/wp\/v2\/pages"}],"about":[{"href":"https:\/\/kiosque.acadienouvelle.com\/planification-urgences-desastres-2026\/wp-json\/wp\/v2\/types\/page"}],"author":[{"embeddable":true,"href":"https:\/\/kiosque.acadienouvelle.com\/planification-urgences-desastres-2026\/wp-json\/wp\/v2\/users\/7"}],"replies":[{"embeddable":true,"href":"https:\/\/kiosque.acadienouvelle.com\/planification-urgences-desastres-2026\/wp-json\/wp\/v2\/comments?post=7935"}],"version-history":[{"count":25,"href":"https:\/\/kiosque.acadienouvelle.com\/planification-urgences-desastres-2026\/wp-json\/wp\/v2\/pages\/7935\/revisions"}],"predecessor-version":[{"id":8024,"href":"https:\/\/kiosque.acadienouvelle.com\/planification-urgences-desastres-2026\/wp-json\/wp\/v2\/pages\/7935\/revisions\/8024"}],"wp:attachment":[{"href":"https:\/\/kiosque.acadienouvelle.com\/planification-urgences-desastres-2026\/wp-json\/wp\/v2\/media?parent=7935"}],"wp:term":[{"taxonomy":"page-categories","embeddable":true,"href":"https:\/\/kiosque.acadienouvelle.com\/planification-urgences-desastres-2026\/wp-json\/wp\/v2\/page-categories?post=7935"}],"curies":[{"name":"wp","href":"https:\/\/api.w.org\/{rel}","templated":true}]}}