{"id":7768,"date":"2026-03-24T18:51:13","date_gmt":"2026-03-24T18:51:13","guid":{"rendered":"https:\/\/kiosque.acadienouvelle.com\/recrutement-01-2026\/pourquoi-avez-vous-quitt-votre-dernier-emploi-voici-comment-rpondre-cette-question-dlicate\/"},"modified":"2026-03-24T19:02:57","modified_gmt":"2026-03-24T19:02:57","slug":"pourquoi-avez-vous-quitt-votre-dernier-emploi-voici-comment-rpondre-cette-question-dlicate","status":"publish","type":"page","link":"https:\/\/kiosque.acadienouvelle.com\/recrutement-01-2026\/pourquoi-avez-vous-quitt-votre-dernier-emploi-voici-comment-rpondre-cette-question-dlicate\/","title":{"rendered":"\u00ab Pourquoi avez-vous quitt\u00e9 votre dernier emploi? \u00bb &#8211; Voici comment r\u00e9pondre \u00e0 cette question d\u00e9licate\u2009!"},"content":{"rendered":"\t\t<div data-elementor-type=\"wp-page\" data-elementor-id=\"7768\" class=\"elementor elementor-7768\" data-elementor-post-type=\"page\">\n\t\t\t\t\t\t<section class=\"elementor-section elementor-top-section elementor-element elementor-element-50c1b6e elementor-section-height-min-height header_title banner_img elementor-section-boxed elementor-section-height-default elementor-section-items-middle\" data-id=\"50c1b6e\" data-element_type=\"section\" data-e-type=\"section\" data-settings=\"{&quot;background_background&quot;:&quot;classic&quot;}\">\n\t\t\t\t\t\t\t<div class=\"elementor-background-overlay\"><\/div>\n\t\t\t\t\t\t\t<div class=\"elementor-container elementor-column-gap-default\">\n\t\t\t\t\t<div class=\"elementor-column elementor-col-100 elementor-top-column elementor-element elementor-element-3a2d241\" data-id=\"3a2d241\" data-element_type=\"column\" data-e-type=\"column\">\n\t\t\t<div class=\"elementor-widget-wrap elementor-element-populated\">\n\t\t\t\t\t\t<div class=\"elementor-element elementor-element-9673cd2 elementor-widget elementor-widget-heading\" data-id=\"9673cd2\" data-element_type=\"widget\" data-e-type=\"widget\" data-widget_type=\"heading.default\">\n\t\t\t\t<div class=\"elementor-widget-container\">\n\t\t\t\t\t<h2 class=\"elementor-heading-title elementor-size-default\">\u00ab Pourquoi avez-vous quitt\u00e9 votre dernier emploi? \u00bb - Voici comment r\u00e9pondre \u00e0 cette question d\u00e9licate\u2009!<\/h2>\t\t\t\t<\/div>\n\t\t\t\t<\/div>\n\t\t\t\t\t<\/div>\n\t\t<\/div>\n\t\t\t\t\t<\/div>\n\t\t<\/section>\n\t\t\t\t<section class=\"elementor-section elementor-top-section elementor-element elementor-element-d9a853a elementor-section-boxed elementor-section-height-default elementor-section-height-default\" data-id=\"d9a853a\" data-element_type=\"section\" data-e-type=\"section\">\n\t\t\t\t\t\t<div class=\"elementor-container elementor-column-gap-default\">\n\t\t\t\t\t<div class=\"elementor-column elementor-col-100 elementor-top-column elementor-element elementor-element-68d9c5a page_contain\" data-id=\"68d9c5a\" data-element_type=\"column\" data-e-type=\"column\" data-settings=\"{&quot;background_background&quot;:&quot;classic&quot;}\">\n\t\t\t<div class=\"elementor-widget-wrap elementor-element-populated\">\n\t\t\t\t\t\t<div class=\"elementor-element elementor-element-50f1f9b elementor-widget elementor-widget-image\" data-id=\"50f1f9b\" data-element_type=\"widget\" data-e-type=\"widget\" data-widget_type=\"image.default\">\n\t\t\t\t<div class=\"elementor-widget-container\">\n\t\t\t\t\t\t\t\t\t\t\t\t<figure class=\"wp-caption\">\n\t\t\t\t\t\t\t\t\t\t<img fetchpriority=\"high\" decoding=\"async\" width=\"1366\" height=\"768\" src=\"https:\/\/kiosque.acadienouvelle.com\/recrutement-01-2026\/wp-content\/uploads\/sites\/389\/2026\/03\/1-employeur_landing.jpg\" class=\"attachment-full size-full wp-image-7773\" alt=\"\" srcset=\"https:\/\/kiosque.acadienouvelle.com\/recrutement-01-2026\/wp-content\/uploads\/sites\/389\/2026\/03\/1-employeur_landing.jpg 1366w, https:\/\/kiosque.acadienouvelle.com\/recrutement-01-2026\/wp-content\/uploads\/sites\/389\/2026\/03\/1-employeur_landing-300x169.jpg 300w, https:\/\/kiosque.acadienouvelle.com\/recrutement-01-2026\/wp-content\/uploads\/sites\/389\/2026\/03\/1-employeur_landing-1024x576.jpg 1024w, https:\/\/kiosque.acadienouvelle.com\/recrutement-01-2026\/wp-content\/uploads\/sites\/389\/2026\/03\/1-employeur_landing-768x432.jpg 768w\" sizes=\"(max-width: 1366px) 100vw, 1366px\" \/>\t\t\t\t\t\t\t\t\t\t\t<figcaption class=\"widget-image-caption wp-caption-text\"><\/figcaption>\n\t\t\t\t\t\t\t\t\t\t<\/figure>\n\t\t\t\t\t\t\t\t\t<\/div>\n\t\t\t\t<\/div>\n\t\t<link rel=\"stylesheet\" href=\"https:\/\/use.fontawesome.com\/releases\/v5.5.0\/css\/all.css\" integrity=\"sha384-B4dIYHKNBt8Bc12p+WXckhzcICo0wtJAoU8YZTY5qE0Id1GSseTk6S+L3BlXeVIU\" crossorigin=\"anonymous\">\r\n\t\t<div class=\"elementor-element elementor-element-d0a0a3b mobile_pera elementor-widget elementor-widget-text-editor\" data-id=\"d0a0a3b\" data-element_type=\"widget\" data-e-type=\"widget\" data-widget_type=\"text-editor.default\">\n\t\t\t\t<div class=\"elementor-widget-container\">\n\t\t\t\t\t\t\t\t\t<p>Vous \u00eates \u00e0 la recherche d\u2019un emploi \u00e0 la suite d\u2019une d\u00e9mission ou d\u2019une mise \u00e0 pied? Lorsque vous passerez des entrevues, on vous demandera fort probablement pourquoi vous avez quitt\u00e9 votre dernier emploi!<\/p>\t\t\t\t\t\t\t\t<\/div>\n\t\t\t\t<\/div>\n\t\t\t\t<div class=\"elementor-element elementor-element-74263c8 mobile_pera elementor-widget elementor-widget-text-editor\" data-id=\"74263c8\" data-element_type=\"widget\" data-e-type=\"widget\" data-widget_type=\"text-editor.default\">\n\t\t\t\t<div class=\"elementor-widget-container\">\n\t\t\t\t\t\t\t\t\t<p>Si vous avez d\u00e9missionn\u00e9, \u00e9vitez de vous lancer dans des explications d\u00e9taill\u00e9es et de d\u00e9nigrer votre ancien employeur. Expliquez que les t\u00e2ches ne correspondaient pas \u00e0 vos aspirations et que vous cherchez un emploi o\u00f9 vos comp\u00e9tences seront davantage mises \u00e0 profit, par exemple.<\/p>\t\t\t\t\t\t\t\t<\/div>\n\t\t\t\t<\/div>\n\t\t\t\t<div class=\"elementor-element elementor-element-e062e01 mobile_pera elementor-widget elementor-widget-text-editor\" data-id=\"e062e01\" data-element_type=\"widget\" data-e-type=\"widget\" data-widget_type=\"text-editor.default\">\n\t\t\t\t<div class=\"elementor-widget-container\">\n\t\t\t\t\t\t\t\t\t<p>Si l\u2019on vous avait plut\u00f4t montr\u00e9 la porte, encore une fois, ne jouez pas la victime et ne bl\u00e2mez pas votre ancien employeur. Faites preuve d\u2019honn\u00eatet\u00e9 sans tout d\u00e9voiler, et insistez sur votre d\u00e9sir de repartir \u00e0 neuf et de \u00ab donner votre 100 % \u00bb.<\/p>\t\t\t\t\t\t\t\t<\/div>\n\t\t\t\t<\/div>\n\t\t\t\t<div class=\"elementor-element elementor-element-9a89434 mobile_pera elementor-widget elementor-widget-text-editor\" data-id=\"9a89434\" data-element_type=\"widget\" data-e-type=\"widget\" data-widget_type=\"text-editor.default\">\n\t\t\t\t<div class=\"elementor-widget-container\">\n\t\t\t\t\t\t\t\t\t<p>En tout temps, \u00e9vitez de laisser les \u00e9motions vous envahir. R\u00e9pondez de fa\u00e7on concise, gardez le sourire et concentrez-vous sur le pr\u00e9sent plut\u00f4t que sur le pass\u00e9! <\/p>\t\t\t\t\t\t\t\t<\/div>\n\t\t\t\t<\/div>\n\t\t\t\t\t<\/div>\n\t\t<\/div>\n\t\t\t\t\t<\/div>\n\t\t<\/section>\n\t\t\t\t<\/div>\n\t\t","protected":false},"excerpt":{"rendered":"<p>\u00ab Pourquoi avez-vous quitt\u00e9 votre dernier emploi? \u00bb &#8211; Voici comment r\u00e9pondre \u00e0 cette question d\u00e9licate\u2009! Vous \u00eates \u00e0 la recherche d\u2019un emploi \u00e0 la suite d\u2019une d\u00e9mission ou d\u2019une mise \u00e0 pied? Lorsque vous passerez des entrevues, on vous demandera fort probablement pourquoi vous avez quitt\u00e9 votre dernier emploi! Si vous avez d\u00e9missionn\u00e9, \u00e9vitez [&hellip;]<\/p>\n","protected":false},"author":7,"featured_media":0,"parent":0,"menu_order":2,"comment_status":"closed","ping_status":"closed","template":"","meta":{"site-sidebar-layout":"no-sidebar","site-content-layout":"page-builder","ast-site-content-layout":"default","site-content-style":"default","site-sidebar-style":"default","ast-global-header-display":"","ast-banner-title-visibility":"","ast-main-header-display":"","ast-hfb-above-header-display":"","ast-hfb-below-header-display":"","ast-hfb-mobile-header-display":"","site-post-title":"disabled","ast-breadcrumbs-content":"","ast-featured-img":"disabled","footer-sml-layout":"","ast-disable-related-posts":"","theme-transparent-header-meta":"default","adv-header-id-meta":"","stick-header-meta":"","header-above-stick-meta":"","header-main-stick-meta":"","header-below-stick-meta":"","astra-migrate-meta-layouts":"default","ast-page-background-enabled":"default","ast-page-background-meta":{"desktop":{"background-color":"var(--ast-global-color-4)","background-image":"","background-repeat":"repeat","background-position":"center center","background-size":"auto","background-attachment":"scroll","background-type":"","background-media":"","overlay-type":"","overlay-color":"","overlay-opacity":"","overlay-gradient":""},"tablet":{"background-color":"","background-image":"","background-repeat":"repeat","background-position":"center center","background-size":"auto","background-attachment":"scroll","background-type":"","background-media":"","overlay-type":"","overlay-color":"","overlay-opacity":"","overlay-gradient":""},"mobile":{"background-color":"","background-image":"","background-repeat":"repeat","background-position":"center center","background-size":"auto","background-attachment":"scroll","background-type":"","background-media":"","overlay-type":"","overlay-color":"","overlay-opacity":"","overlay-gradient":""}},"ast-content-background-meta":{"desktop":{"background-color":"var(--ast-global-color-5)","background-image":"","background-repeat":"repeat","background-position":"center center","background-size":"auto","background-attachment":"scroll","background-type":"","background-media":"","overlay-type":"","overlay-color":"","overlay-opacity":"","overlay-gradient":""},"tablet":{"background-color":"var(--ast-global-color-5)","background-image":"","background-repeat":"repeat","background-position":"center center","background-size":"auto","background-attachment":"scroll","background-type":"","background-media":"","overlay-type":"","overlay-color":"","overlay-opacity":"","overlay-gradient":""},"mobile":{"background-color":"var(--ast-global-color-5)","background-image":"","background-repeat":"repeat","background-position":"center center","background-size":"auto","background-attachment":"scroll","background-type":"","background-media":"","overlay-type":"","overlay-color":"","overlay-opacity":"","overlay-gradient":""}},"footnotes":""},"page-categories":[],"class_list":["post-7768","page","type-page","status-publish","hentry"],"_links":{"self":[{"href":"https:\/\/kiosque.acadienouvelle.com\/recrutement-01-2026\/wp-json\/wp\/v2\/pages\/7768","targetHints":{"allow":["GET"]}}],"collection":[{"href":"https:\/\/kiosque.acadienouvelle.com\/recrutement-01-2026\/wp-json\/wp\/v2\/pages"}],"about":[{"href":"https:\/\/kiosque.acadienouvelle.com\/recrutement-01-2026\/wp-json\/wp\/v2\/types\/page"}],"author":[{"embeddable":true,"href":"https:\/\/kiosque.acadienouvelle.com\/recrutement-01-2026\/wp-json\/wp\/v2\/users\/7"}],"replies":[{"embeddable":true,"href":"https:\/\/kiosque.acadienouvelle.com\/recrutement-01-2026\/wp-json\/wp\/v2\/comments?post=7768"}],"version-history":[{"count":19,"href":"https:\/\/kiosque.acadienouvelle.com\/recrutement-01-2026\/wp-json\/wp\/v2\/pages\/7768\/revisions"}],"predecessor-version":[{"id":7788,"href":"https:\/\/kiosque.acadienouvelle.com\/recrutement-01-2026\/wp-json\/wp\/v2\/pages\/7768\/revisions\/7788"}],"wp:attachment":[{"href":"https:\/\/kiosque.acadienouvelle.com\/recrutement-01-2026\/wp-json\/wp\/v2\/media?parent=7768"}],"wp:term":[{"taxonomy":"page-categories","embeddable":true,"href":"https:\/\/kiosque.acadienouvelle.com\/recrutement-01-2026\/wp-json\/wp\/v2\/page-categories?post=7768"}],"curies":[{"name":"wp","href":"https:\/\/api.w.org\/{rel}","templated":true}]}}