{"id":7808,"date":"2026-03-24T19:01:47","date_gmt":"2026-03-24T19:01:47","guid":{"rendered":"https:\/\/kiosque.acadienouvelle.com\/recrutement-01-2026\/gabarit-landing-page-copy\/"},"modified":"2026-03-24T19:03:05","modified_gmt":"2026-03-24T19:03:05","slug":"mettre-ses-competences-informatiques-de-lavant-sur-un-cv-un-incontournable","status":"publish","type":"page","link":"https:\/\/kiosque.acadienouvelle.com\/recrutement-01-2026\/mettre-ses-competences-informatiques-de-lavant-sur-un-cv-un-incontournable\/","title":{"rendered":"Mettre ses comp\u00e9tences informatiques de l\u2019avant sur un CV : un incontournable!"},"content":{"rendered":"\t\t<div data-elementor-type=\"wp-page\" data-elementor-id=\"7808\" class=\"elementor elementor-7808\" data-elementor-post-type=\"page\">\n\t\t\t\t\t\t<section class=\"elementor-section elementor-top-section elementor-element elementor-element-50c1b6e elementor-section-height-min-height header_title banner_img elementor-section-boxed elementor-section-height-default elementor-section-items-middle\" data-id=\"50c1b6e\" data-element_type=\"section\" data-e-type=\"section\" data-settings=\"{&quot;background_background&quot;:&quot;classic&quot;}\">\n\t\t\t\t\t\t\t<div class=\"elementor-background-overlay\"><\/div>\n\t\t\t\t\t\t\t<div class=\"elementor-container elementor-column-gap-default\">\n\t\t\t\t\t<div class=\"elementor-column elementor-col-100 elementor-top-column elementor-element elementor-element-3a2d241\" data-id=\"3a2d241\" data-element_type=\"column\" data-e-type=\"column\">\n\t\t\t<div class=\"elementor-widget-wrap elementor-element-populated\">\n\t\t\t\t\t\t<div class=\"elementor-element elementor-element-9673cd2 elementor-widget elementor-widget-heading\" data-id=\"9673cd2\" data-element_type=\"widget\" data-e-type=\"widget\" data-widget_type=\"heading.default\">\n\t\t\t\t<div class=\"elementor-widget-container\">\n\t\t\t\t\t<h2 class=\"elementor-heading-title elementor-size-default\">Mettre ses comp\u00e9tences informatiques de l\u2019avant sur un CV : un incontournable!<\/h2>\t\t\t\t<\/div>\n\t\t\t\t<\/div>\n\t\t\t\t\t<\/div>\n\t\t<\/div>\n\t\t\t\t\t<\/div>\n\t\t<\/section>\n\t\t\t\t<section class=\"elementor-section elementor-top-section elementor-element elementor-element-d9a853a elementor-section-boxed elementor-section-height-default elementor-section-height-default\" data-id=\"d9a853a\" data-element_type=\"section\" data-e-type=\"section\">\n\t\t\t\t\t\t<div class=\"elementor-container elementor-column-gap-default\">\n\t\t\t\t\t<div class=\"elementor-column elementor-col-100 elementor-top-column elementor-element elementor-element-68d9c5a page_contain\" data-id=\"68d9c5a\" data-element_type=\"column\" data-e-type=\"column\" data-settings=\"{&quot;background_background&quot;:&quot;classic&quot;}\">\n\t\t\t<div class=\"elementor-widget-wrap elementor-element-populated\">\n\t\t\t\t\t\t<div class=\"elementor-element elementor-element-50f1f9b elementor-widget elementor-widget-image\" data-id=\"50f1f9b\" data-element_type=\"widget\" data-e-type=\"widget\" data-widget_type=\"image.default\">\n\t\t\t\t<div class=\"elementor-widget-container\">\n\t\t\t\t\t\t\t\t\t\t\t\t<figure class=\"wp-caption\">\n\t\t\t\t\t\t\t\t\t\t<img fetchpriority=\"high\" decoding=\"async\" width=\"1366\" height=\"768\" src=\"https:\/\/kiosque.acadienouvelle.com\/recrutement-01-2026\/wp-content\/uploads\/sites\/389\/2026\/03\/2-mettre_ses_competence_landing.jpg\" class=\"attachment-full size-full wp-image-7792\" alt=\"\" srcset=\"https:\/\/kiosque.acadienouvelle.com\/recrutement-01-2026\/wp-content\/uploads\/sites\/389\/2026\/03\/2-mettre_ses_competence_landing.jpg 1366w, https:\/\/kiosque.acadienouvelle.com\/recrutement-01-2026\/wp-content\/uploads\/sites\/389\/2026\/03\/2-mettre_ses_competence_landing-300x169.jpg 300w, https:\/\/kiosque.acadienouvelle.com\/recrutement-01-2026\/wp-content\/uploads\/sites\/389\/2026\/03\/2-mettre_ses_competence_landing-1024x576.jpg 1024w, https:\/\/kiosque.acadienouvelle.com\/recrutement-01-2026\/wp-content\/uploads\/sites\/389\/2026\/03\/2-mettre_ses_competence_landing-768x432.jpg 768w\" sizes=\"(max-width: 1366px) 100vw, 1366px\" \/>\t\t\t\t\t\t\t\t\t\t\t<figcaption class=\"widget-image-caption wp-caption-text\"><\/figcaption>\n\t\t\t\t\t\t\t\t\t\t<\/figure>\n\t\t\t\t\t\t\t\t\t<\/div>\n\t\t\t\t<\/div>\n\t\t<link rel=\"stylesheet\" href=\"https:\/\/use.fontawesome.com\/releases\/v5.5.0\/css\/all.css\" integrity=\"sha384-B4dIYHKNBt8Bc12p+WXckhzcICo0wtJAoU8YZTY5qE0Id1GSseTk6S+L3BlXeVIU\" crossorigin=\"anonymous\">\r\n\t\t<div class=\"elementor-element elementor-element-d0a0a3b mobile_pera elementor-widget elementor-widget-text-editor\" data-id=\"d0a0a3b\" data-element_type=\"widget\" data-e-type=\"widget\" data-widget_type=\"text-editor.default\">\n\t\t\t\t<div class=\"elementor-widget-container\">\n\t\t\t\t\t\t\t\t\t<p>En mati\u00e8re de r\u00e9daction de CV, plusieurs \u00e9coles de pens\u00e9e se contredisent : par exemple, faut-il, oui ou non, mettre une photo? S\u2019en tenir \u00e0 tout prix \u00e0 une seule page, ou aller jusqu\u2019\u00e0 deux si n\u00e9cessaire? Quoi qu\u2019il en soit, une majorit\u00e9 s\u2019entend pour dire que les comp\u00e9tences informatiques doivent y \u00eatre mises de l\u2019avant. Voici pourquoi!<\/p>\t\t\t\t\t\t\t\t<\/div>\n\t\t\t\t<\/div>\n\t\t\t\t<div class=\"elementor-element elementor-element-f69ce7a elementor-widget elementor-widget-advertisement\" data-id=\"f69ce7a\" data-element_type=\"widget\" data-e-type=\"widget\" data-widget_type=\"advertisement.default\">\n\t\t\t\t<div class=\"elementor-widget-container\">\n\t\t\t\t\t<div class=\"ads-align-center\"><div data-m32-ad data-options='{\"sizes\":\"[[300,250]]\",\"dfpId\":\"21658289790,27729547\",\"dfpAdUnitPath\":\"acadienouvelle\/cahiers_quarterpage_300x250\"}'><\/div><\/div>\t\t\t\t<\/div>\n\t\t\t\t<\/div>\n\t\t\t\t<div class=\"elementor-element elementor-element-0b6ad93 mobile_pera elementor-widget elementor-widget-text-editor\" data-id=\"0b6ad93\" data-element_type=\"widget\" data-e-type=\"widget\" data-widget_type=\"text-editor.default\">\n\t\t\t\t<div class=\"elementor-widget-container\">\n\t\t\t\t\t\t\t\t\t<p><b>Une r\u00e9alit\u00e9 commune<\/b><\/p>\t\t\t\t\t\t\t\t<\/div>\n\t\t\t\t<\/div>\n\t\t\t\t<div class=\"elementor-element elementor-element-74263c8 mobile_pera elementor-widget elementor-widget-text-editor\" data-id=\"74263c8\" data-element_type=\"widget\" data-e-type=\"widget\" data-widget_type=\"text-editor.default\">\n\t\t\t\t<div class=\"elementor-widget-container\">\n\t\t\t\t\t\t\t\t\t<p>De nos jours, une grande quantit\u00e9 d\u2019emplois n\u00e9cessitent la ma\u00eetrise d\u2019outils informatiques, et ce, peu importe le domaine. Les coordonnatrices, les serveurs, les traductrices, les agents de s\u00e9curit\u00e9\u2026 tous sont appel\u00e9s \u00e0 utiliser des logiciels de traitement de texte, de calcul, de prise de notes et plus encore. Si certains recruteurs d\u00e9taillent pr\u00e9cis\u00e9ment les comp\u00e9tences informatiques requises dans leur offre d\u2019emploi, d\u2019autres n\u2019en font pas forc\u00e9ment mention, puisque cette r\u00e9alit\u00e9 est intrins\u00e8que au secteur d\u2019activit\u00e9.<\/p>\t\t\t\t\t\t\t\t<\/div>\n\t\t\t\t<\/div>\n\t\t\t\t<div class=\"elementor-element elementor-element-158e2cb mobile_pera elementor-widget elementor-widget-text-editor\" data-id=\"158e2cb\" data-element_type=\"widget\" data-e-type=\"widget\" data-widget_type=\"text-editor.default\">\n\t\t\t\t<div class=\"elementor-widget-container\">\n\t\t\t\t\t\t\t\t\t<p><b>Un argument convaincant<\/b><\/p>\t\t\t\t\t\t\t\t<\/div>\n\t\t\t\t<\/div>\n\t\t\t\t<div class=\"elementor-element elementor-element-781e8c2 mobile_pera elementor-widget elementor-widget-text-editor\" data-id=\"781e8c2\" data-element_type=\"widget\" data-e-type=\"widget\" data-widget_type=\"text-editor.default\">\n\t\t\t\t<div class=\"elementor-widget-container\">\n\t\t\t\t\t\t\t\t\t<p>En mettant de l\u2019avant vos comp\u00e9tences informatiques, vous d\u00e9montrez que vous comprenez la r\u00e9alit\u00e9 de l\u2019emploi convoit\u00e9. Que vous ayez appris \u00e0 ma\u00eetriser la suite Office dans le cadre de vos \u00e9tudes ou \u00e0 utiliser le HTML de mani\u00e8re autodidacte, vous gagneriez \u00e0 l\u2019expliciter dans votre dossier de candidature. <\/p>\t\t\t\t\t\t\t\t<\/div>\n\t\t\t\t<\/div>\n\t\t\t\t<div class=\"elementor-element elementor-element-d2c23ea mobile_pera elementor-widget elementor-widget-text-editor\" data-id=\"d2c23ea\" data-element_type=\"widget\" data-e-type=\"widget\" data-widget_type=\"text-editor.default\">\n\t\t\t\t<div class=\"elementor-widget-container\">\n\t\t\t\t\t\t\t\t\t<p>Une bonne fa\u00e7on de le faire est d\u2019intituler une section du CV \u00ab Comp\u00e9tences informatiques \u00bb, puis d\u2019y d\u00e9tailler votre niveau de ma\u00eetrise pour chacune de vos aptitudes. \u00c0 titre d\u2019exemple, vous pourriez inscrire :<\/p>\t\t\t\t\t\t\t\t<\/div>\n\t\t\t\t<\/div>\n\t\t\t\t<div class=\"elementor-element elementor-element-30a2ade mobile_pera elementor-widget elementor-widget-text-editor\" data-id=\"30a2ade\" data-element_type=\"widget\" data-e-type=\"widget\" data-widget_type=\"text-editor.default\">\n\t\t\t\t<div class=\"elementor-widget-container\">\n\t\t\t\t\t\t\t\t\t<ul><li>Suite Office (expert)<\/li><li>Langage HTML (interm\u00e9diaire)<\/li><li>Google Ads (d\u00e9butant)<\/li><\/ul>\t\t\t\t\t\t\t\t<\/div>\n\t\t\t\t<\/div>\n\t\t\t\t<div class=\"elementor-element elementor-element-f9c4bd5 mobile_pera elementor-widget elementor-widget-text-editor\" data-id=\"f9c4bd5\" data-element_type=\"widget\" data-e-type=\"widget\" data-widget_type=\"text-editor.default\">\n\t\t\t\t<div class=\"elementor-widget-container\">\n\t\t\t\t\t\t\t\t\t<p>Avec ces comp\u00e9tences indiqu\u00e9es dans votre CV, vous augmentez vos chances de d\u00e9nicher un emploi qui vous convient r\u00e9ellement. Besoin d\u2019un coup de pouce pour r\u00e9diger vos documents? Faites appel \u00e0 un professionnel ou \u00e0 un centre d\u2019aide \u00e0 l\u2019emploi de votre r\u00e9gion!<\/p>\t\t\t\t\t\t\t\t<\/div>\n\t\t\t\t<\/div>\n\t\t\t\t\t<\/div>\n\t\t<\/div>\n\t\t\t\t\t<\/div>\n\t\t<\/section>\n\t\t\t\t<\/div>\n\t\t","protected":false},"excerpt":{"rendered":"<p>Mettre ses comp\u00e9tences informatiques de l\u2019avant sur un CV : un incontournable! En mati\u00e8re de r\u00e9daction de CV, plusieurs \u00e9coles de pens\u00e9e se contredisent : par exemple, faut-il, oui ou non, mettre une photo? S\u2019en tenir \u00e0 tout prix \u00e0 une seule page, ou aller jusqu\u2019\u00e0 deux si n\u00e9cessaire? Quoi qu\u2019il en soit, une majorit\u00e9 [&hellip;]<\/p>\n","protected":false},"author":7,"featured_media":0,"parent":0,"menu_order":3,"comment_status":"closed","ping_status":"closed","template":"","meta":{"site-sidebar-layout":"no-sidebar","site-content-layout":"page-builder","ast-site-content-layout":"default","site-content-style":"default","site-sidebar-style":"default","ast-global-header-display":"","ast-banner-title-visibility":"","ast-main-header-display":"","ast-hfb-above-header-display":"","ast-hfb-below-header-display":"","ast-hfb-mobile-header-display":"","site-post-title":"disabled","ast-breadcrumbs-content":"","ast-featured-img":"disabled","footer-sml-layout":"","ast-disable-related-posts":"","theme-transparent-header-meta":"default","adv-header-id-meta":"","stick-header-meta":"","header-above-stick-meta":"","header-main-stick-meta":"","header-below-stick-meta":"","astra-migrate-meta-layouts":"default","ast-page-background-enabled":"default","ast-page-background-meta":{"desktop":{"background-color":"var(--ast-global-color-4)","background-image":"","background-repeat":"repeat","background-position":"center center","background-size":"auto","background-attachment":"scroll","background-type":"","background-media":"","overlay-type":"","overlay-color":"","overlay-opacity":"","overlay-gradient":""},"tablet":{"background-color":"","background-image":"","background-repeat":"repeat","background-position":"center center","background-size":"auto","background-attachment":"scroll","background-type":"","background-media":"","overlay-type":"","overlay-color":"","overlay-opacity":"","overlay-gradient":""},"mobile":{"background-color":"","background-image":"","background-repeat":"repeat","background-position":"center center","background-size":"auto","background-attachment":"scroll","background-type":"","background-media":"","overlay-type":"","overlay-color":"","overlay-opacity":"","overlay-gradient":""}},"ast-content-background-meta":{"desktop":{"background-color":"var(--ast-global-color-5)","background-image":"","background-repeat":"repeat","background-position":"center center","background-size":"auto","background-attachment":"scroll","background-type":"","background-media":"","overlay-type":"","overlay-color":"","overlay-opacity":"","overlay-gradient":""},"tablet":{"background-color":"var(--ast-global-color-5)","background-image":"","background-repeat":"repeat","background-position":"center center","background-size":"auto","background-attachment":"scroll","background-type":"","background-media":"","overlay-type":"","overlay-color":"","overlay-opacity":"","overlay-gradient":""},"mobile":{"background-color":"var(--ast-global-color-5)","background-image":"","background-repeat":"repeat","background-position":"center center","background-size":"auto","background-attachment":"scroll","background-type":"","background-media":"","overlay-type":"","overlay-color":"","overlay-opacity":"","overlay-gradient":""}},"footnotes":""},"page-categories":[],"class_list":["post-7808","page","type-page","status-publish","hentry"],"_links":{"self":[{"href":"https:\/\/kiosque.acadienouvelle.com\/recrutement-01-2026\/wp-json\/wp\/v2\/pages\/7808","targetHints":{"allow":["GET"]}}],"collection":[{"href":"https:\/\/kiosque.acadienouvelle.com\/recrutement-01-2026\/wp-json\/wp\/v2\/pages"}],"about":[{"href":"https:\/\/kiosque.acadienouvelle.com\/recrutement-01-2026\/wp-json\/wp\/v2\/types\/page"}],"author":[{"embeddable":true,"href":"https:\/\/kiosque.acadienouvelle.com\/recrutement-01-2026\/wp-json\/wp\/v2\/users\/7"}],"replies":[{"embeddable":true,"href":"https:\/\/kiosque.acadienouvelle.com\/recrutement-01-2026\/wp-json\/wp\/v2\/comments?post=7808"}],"version-history":[{"count":1,"href":"https:\/\/kiosque.acadienouvelle.com\/recrutement-01-2026\/wp-json\/wp\/v2\/pages\/7808\/revisions"}],"predecessor-version":[{"id":7809,"href":"https:\/\/kiosque.acadienouvelle.com\/recrutement-01-2026\/wp-json\/wp\/v2\/pages\/7808\/revisions\/7809"}],"wp:attachment":[{"href":"https:\/\/kiosque.acadienouvelle.com\/recrutement-01-2026\/wp-json\/wp\/v2\/media?parent=7808"}],"wp:term":[{"taxonomy":"page-categories","embeddable":true,"href":"https:\/\/kiosque.acadienouvelle.com\/recrutement-01-2026\/wp-json\/wp\/v2\/page-categories?post=7808"}],"curies":[{"name":"wp","href":"https:\/\/api.w.org\/{rel}","templated":true}]}}